{"id":48687,"date":"2015-11-08T12:16:19","date_gmt":"2015-11-08T11:16:19","guid":{"rendered":"https:\/\/www.comprarmejor.es\/producto\/lot-3-booklets-in-first-edition\/"},"modified":"2019-09-11T15:57:53","modified_gmt":"2019-09-11T13:57:53","slug":"lot-3-booklets-in-first-edition","status":"publish","type":"product","link":"https:\/\/www.comprarmejor.es\/en\/product\/lot-3-booklets-in-first-edition\/","title":{"rendered":"Lot 3 booklets in first edition"},"content":{"rendered":"<p style=\"text-align:justify;\"><span id=\"result_box\" lang=\"en\" xml:lang=\"en\"><span title=\"Cuadros, telefon\u00eda, figuras decorativas, relojes para cocina y el hogar, de bolsillo y pulsera, golf, juegos de mesa, aire libre y jard\u00edn, etc...\"><span lang=\"en\" xml:lang=\"en\"><span title=\"Lote compuesto por 3 mini libros, en primera edici\u00f3n, editados en Buenos Aires (Argentina), encuadernados en r\u00fastica, tapas a todo color con solapas.\">Batch composed of 3 mini books, in first edition, edited in Buenos Aires (Argentina), bound in paperback, full color covers with flaps.<\/p>\n<p><\/span><span title=\"Desiderata, una visi\u00f3n.\"><strong>Desiderata, una vision<\/strong>. <\/span><span title=\"Primera edici\u00f3n, 2004. Obra de la colecci\u00f3n editorial &quot;Desarrollo interior&quot;.\">First edition, 2004. Work of the editorial collection &#8220;Desarrollo interior&#8221;. <\/span><span title=\"Compendio de citas y frases c\u00e9lebres, especiales para el desarrollo interior del ser humano.\">Compendium of quotes and famous phrases, special for the inner development of the human being. <\/span><span title=\"Formato 4,1 x 5,9 cm.\">Format 4.1 x 5.9 cm. <\/span><span title=\"152 p\u00e1ginas.\">152 pages. <\/span><span title=\"Textos legibles y en espa\u00f1ol.\">Legible texts and in Spanish.<\/p>\n<p><\/span><span title=\"Dichos Espirituales, por Kalil Gibran.\"><strong>Dichos Espirituales<\/strong>, by Kalil Gibran. <\/span><span title=\"Primera edici\u00f3n, 2004. Obra de la colecci\u00f3n editorial &quot;Desarollo interior&quot;.\">First edition, 2004. Work of the &#8220;Inner Development&#8221; editorial collection. <\/span><span title=\"Formato 4,2 x 5,7 cm.\">Format 4.2 x 5.7 cm. <\/span><span title=\"172 p\u00e1ginas.\">172 pages. <\/span><span title=\"Textos legibles y en espa\u00f1ol.\">Legible texts and in Spanish.<\/p>\n<p><\/span><span title=\"Mis adivinanzas, por Leila Tapias.\"><strong>Mis adivinanzas<\/strong>, by Leila Tapias. <\/span><span title=\"Primera edici\u00f3n, 2006. Obra de la colecci\u00f3n editorial &quot;Humor infantil&quot;.\">First edition, 2006. Work of the &#8220;Children&#8217;s Humor&#8221; editorial collection. <\/span><span title=\"Formato 4,1 x 5,8 cm.\">Format 4,1 x 5,8 cm. <\/span><span title=\"148 p\u00e1ginas.\">148 pages. <\/span><span title=\"Textos legibles y en espa\u00f1ol.\">Legible texts and in Spanish.<\/p>\n<p><\/span><span title=\"El precio indicado lo es por el lote en su conjunto y no es divisible.\">The indicated price is for the lot as a whole and is not divisible. <\/span><span title=\"Libritos en perfecto estado.\">Booklets in perfect condition.<\/span><\/span><\/p>\n<p><\/span><span title=\"Gastos de env\u00edo por cuenta del comprador, seg\u00fan pedido y destino.\">Shipping by the buyer, upon request and destination.\u00a0<\/span><span title=\"Cons\u00faltenos cualquier duda.\"><a class=\"btn btn-default\" href=\"http:\/\/comprarmejor.es\/en\/contact\">Ask us<\/a>\u00a0<span lang=\"en\" xml:lang=\"en\"><span title=\"Cons\u00faltenos sin compromiso (indicando la referencia del art\u00edculo) cualquier duda.\">without obligation (indicating the reference of the article) any doubt.<\/span><\/span><\/span><\/span><\/p>\n","protected":false},"excerpt":{"rendered":"<p style=\"text-align:justify;\"><span id=\"result_box\" lang=\"en\" xml:lang=\"en\"><span title=\"La eterna lucha deportiva plasmada en un bello juego de mesa.\"><span lang=\"en\" xml:lang=\"en\"><span title=\"Este maravilloso juego de ajedrez, inspirado en el c\u00f3dice medieval &quot;Libros del ajedrez, dados y tablas&quot; de 1283 de Alfonso X el Sabio, tiene un gran valor hist\u00f3rico y art\u00edstico.\"><span lang=\"en\" xml:lang=\"en\"><span title=\"Lote compuesto por 3 mini libros, en primera edici\u00f3n, editados en Buenos Aires (Argentina), encuadernados en r\u00fastica, tapas a todo color con solapas.\">Batch composed of 3 mini books, in first edition, edited in Buenos Aires (Argentina), bound in paperback, full color covers with flaps.<\/span><\/span><\/span><\/span><\/span><\/span><\/p>\n","protected":false},"featured_media":48685,"template":"","meta":[],"product_brand":[],"product_cat":[2188,2256,2242],"product_tag":[5157,5158],"class_list":{"0":"post-48687","1":"product","2":"type-product","3":"status-publish","4":"has-post-thumbnail","6":"product_cat-books","7":"product_cat-books-in-general","8":"product_cat-first-editions","9":"product_tag-mini-book-en","10":"product_tag-librito-en","11":"product_shipping_class-from-0-to-1-kg","12":"description-off","14":"first","15":"instock","16":"taxable","17":"shipping-taxable","18":"purchasable","19":"product-type-simple"},"yoast_head":"<!-- This site is optimized with the Yoast SEO plugin v27.3 - https:\/\/yoast.com\/product\/yoast-seo-wordpress\/ -->\n<title>Lot 3 booklets in first edition<\/title>\n<meta name=\"description\" content=\"Batch composed of 3 mini books, in first edition, edited in Buenos Aires (Argentina), bound in paperback, full color covers with flaps.\" \/>\n<meta name=\"robots\" content=\"index, follow, max-snippet:-1, max-image-preview:large, max-video-preview:-1\" \/>\n<link rel=\"canonical\" href=\"https:\/\/www.comprarmejor.es\/en\/product\/lot-3-booklets-in-first-edition\/\" \/>\n<meta property=\"og:locale\" content=\"en_US\" \/>\n<meta property=\"og:type\" content=\"article\" \/>\n<meta property=\"og:title\" content=\"Lot 3 booklets in first edition\" \/>\n<meta property=\"og:description\" content=\"Batch composed of 3 mini books, in first edition, edited in Buenos Aires (Argentina), bound in paperback, full color covers with flaps.\" \/>\n<meta property=\"og:url\" content=\"https:\/\/www.comprarmejor.es\/en\/product\/lot-3-booklets-in-first-edition\/\" \/>\n<meta property=\"og:site_name\" content=\"ComprarMejor\" \/>\n<meta property=\"article:modified_time\" content=\"2019-09-11T13:57:53+00:00\" \/>\n<meta property=\"og:image\" content=\"https:\/\/www.comprarmejor.es\/wp-content\/uploads\/2015\/11\/p_7_5_4_8_7548-Lote-3-libritos-en-primera-edicion.jpg\" \/>\n\t<meta property=\"og:image:width\" content=\"600\" \/>\n\t<meta property=\"og:image:height\" content=\"286\" \/>\n\t<meta property=\"og:image:type\" content=\"image\/jpeg\" \/>\n<meta name=\"twitter:card\" content=\"summary_large_image\" \/>\n<meta name=\"twitter:label1\" content=\"Est. reading time\" \/>\n\t<meta name=\"twitter:data1\" content=\"1 minute\" \/>\n<script type=\"application\/ld+json\" class=\"yoast-schema-graph\">{\"@context\":\"https:\\\/\\\/schema.org\",\"@graph\":[{\"@type\":\"WebPage\",\"@id\":\"https:\\\/\\\/www.comprarmejor.es\\\/en\\\/product\\\/lot-3-booklets-in-first-edition\\\/\",\"url\":\"https:\\\/\\\/www.comprarmejor.es\\\/en\\\/product\\\/lot-3-booklets-in-first-edition\\\/\",\"name\":\"Lot 3 booklets in first edition\",\"isPartOf\":{\"@id\":\"https:\\\/\\\/www.comprarmejor.es\\\/en\\\/#website\"},\"primaryImageOfPage\":{\"@id\":\"https:\\\/\\\/www.comprarmejor.es\\\/en\\\/product\\\/lot-3-booklets-in-first-edition\\\/#primaryimage\"},\"image\":{\"@id\":\"https:\\\/\\\/www.comprarmejor.es\\\/en\\\/product\\\/lot-3-booklets-in-first-edition\\\/#primaryimage\"},\"thumbnailUrl\":\"https:\\\/\\\/www.comprarmejor.es\\\/wp-content\\\/uploads\\\/2015\\\/11\\\/p_7_5_4_8_7548-Lote-3-libritos-en-primera-edicion.jpg\",\"datePublished\":\"2015-11-08T11:16:19+00:00\",\"dateModified\":\"2019-09-11T13:57:53+00:00\",\"description\":\"Batch composed of 3 mini books, in first edition, edited in Buenos Aires (Argentina), bound in paperback, full color covers with flaps.\",\"breadcrumb\":{\"@id\":\"https:\\\/\\\/www.comprarmejor.es\\\/en\\\/product\\\/lot-3-booklets-in-first-edition\\\/#breadcrumb\"},\"inLanguage\":\"en-US\",\"potentialAction\":[{\"@type\":\"ReadAction\",\"target\":[\"https:\\\/\\\/www.comprarmejor.es\\\/en\\\/product\\\/lot-3-booklets-in-first-edition\\\/\"]}]},{\"@type\":\"ImageObject\",\"inLanguage\":\"en-US\",\"@id\":\"https:\\\/\\\/www.comprarmejor.es\\\/en\\\/product\\\/lot-3-booklets-in-first-edition\\\/#primaryimage\",\"url\":\"https:\\\/\\\/www.comprarmejor.es\\\/wp-content\\\/uploads\\\/2015\\\/11\\\/p_7_5_4_8_7548-Lote-3-libritos-en-primera-edicion.jpg\",\"contentUrl\":\"https:\\\/\\\/www.comprarmejor.es\\\/wp-content\\\/uploads\\\/2015\\\/11\\\/p_7_5_4_8_7548-Lote-3-libritos-en-primera-edicion.jpg\",\"width\":600,\"height\":286},{\"@type\":\"BreadcrumbList\",\"@id\":\"https:\\\/\\\/www.comprarmejor.es\\\/en\\\/product\\\/lot-3-booklets-in-first-edition\\\/#breadcrumb\",\"itemListElement\":[{\"@type\":\"ListItem\",\"position\":1,\"name\":\"Portada\",\"item\":\"https:\\\/\\\/www.comprarmejor.es\\\/en\\\/\"},{\"@type\":\"ListItem\",\"position\":2,\"name\":\"Shop\",\"item\":\"https:\\\/\\\/www.comprarmejor.es\\\/en\\\/shop\\\/\"},{\"@type\":\"ListItem\",\"position\":3,\"name\":\"Lot 3 booklets in first edition\"}]},{\"@type\":\"WebSite\",\"@id\":\"https:\\\/\\\/www.comprarmejor.es\\\/en\\\/#website\",\"url\":\"https:\\\/\\\/www.comprarmejor.es\\\/en\\\/\",\"name\":\"ComprarMejor\",\"description\":\"ComprarMejor\",\"publisher\":{\"@id\":\"https:\\\/\\\/www.comprarmejor.es\\\/en\\\/#organization\"},\"potentialAction\":[{\"@type\":\"SearchAction\",\"target\":{\"@type\":\"EntryPoint\",\"urlTemplate\":\"https:\\\/\\\/www.comprarmejor.es\\\/en\\\/?s={search_term_string}\"},\"query-input\":{\"@type\":\"PropertyValueSpecification\",\"valueRequired\":true,\"valueName\":\"search_term_string\"}}],\"inLanguage\":\"en-US\"},{\"@type\":\"Organization\",\"@id\":\"https:\\\/\\\/www.comprarmejor.es\\\/en\\\/#organization\",\"name\":\"COMPRAR MEJOR\",\"url\":\"https:\\\/\\\/www.comprarmejor.es\\\/en\\\/\",\"logo\":{\"@type\":\"ImageObject\",\"inLanguage\":\"en-US\",\"@id\":\"https:\\\/\\\/www.comprarmejor.es\\\/en\\\/#\\\/schema\\\/logo\\\/image\\\/\",\"url\":\"https:\\\/\\\/www.comprarmejor.es\\\/wp-content\\\/uploads\\\/2025\\\/09\\\/comprarmejortrinidad.jpg\",\"contentUrl\":\"https:\\\/\\\/www.comprarmejor.es\\\/wp-content\\\/uploads\\\/2025\\\/09\\\/comprarmejortrinidad.jpg\",\"width\":1022,\"height\":1380,\"caption\":\"COMPRAR MEJOR\"},\"image\":{\"@id\":\"https:\\\/\\\/www.comprarmejor.es\\\/en\\\/#\\\/schema\\\/logo\\\/image\\\/\"},\"sameAs\":[\"https:\\\/\\\/www.instagram.com\\\/amigosdelcodice\"]}]}<\/script>\n<!-- \/ Yoast SEO plugin. -->","yoast_head_json":{"title":"Lot 3 booklets in first edition","description":"Batch composed of 3 mini books, in first edition, edited in Buenos Aires (Argentina), bound in paperback, full color covers with flaps.","robots":{"index":"index","follow":"follow","max-snippet":"max-snippet:-1","max-image-preview":"max-image-preview:large","max-video-preview":"max-video-preview:-1"},"canonical":"https:\/\/www.comprarmejor.es\/en\/product\/lot-3-booklets-in-first-edition\/","og_locale":"en_US","og_type":"article","og_title":"Lot 3 booklets in first edition","og_description":"Batch composed of 3 mini books, in first edition, edited in Buenos Aires (Argentina), bound in paperback, full color covers with flaps.","og_url":"https:\/\/www.comprarmejor.es\/en\/product\/lot-3-booklets-in-first-edition\/","og_site_name":"ComprarMejor","article_modified_time":"2019-09-11T13:57:53+00:00","og_image":[{"width":600,"height":286,"url":"https:\/\/www.comprarmejor.es\/wp-content\/uploads\/2015\/11\/p_7_5_4_8_7548-Lote-3-libritos-en-primera-edicion.jpg","type":"image\/jpeg"}],"twitter_card":"summary_large_image","twitter_misc":{"Est. reading time":"1 minute"},"schema":{"@context":"https:\/\/schema.org","@graph":[{"@type":"WebPage","@id":"https:\/\/www.comprarmejor.es\/en\/product\/lot-3-booklets-in-first-edition\/","url":"https:\/\/www.comprarmejor.es\/en\/product\/lot-3-booklets-in-first-edition\/","name":"Lot 3 booklets in first edition","isPartOf":{"@id":"https:\/\/www.comprarmejor.es\/en\/#website"},"primaryImageOfPage":{"@id":"https:\/\/www.comprarmejor.es\/en\/product\/lot-3-booklets-in-first-edition\/#primaryimage"},"image":{"@id":"https:\/\/www.comprarmejor.es\/en\/product\/lot-3-booklets-in-first-edition\/#primaryimage"},"thumbnailUrl":"https:\/\/www.comprarmejor.es\/wp-content\/uploads\/2015\/11\/p_7_5_4_8_7548-Lote-3-libritos-en-primera-edicion.jpg","datePublished":"2015-11-08T11:16:19+00:00","dateModified":"2019-09-11T13:57:53+00:00","description":"Batch composed of 3 mini books, in first edition, edited in Buenos Aires (Argentina), bound in paperback, full color covers with flaps.","breadcrumb":{"@id":"https:\/\/www.comprarmejor.es\/en\/product\/lot-3-booklets-in-first-edition\/#breadcrumb"},"inLanguage":"en-US","potentialAction":[{"@type":"ReadAction","target":["https:\/\/www.comprarmejor.es\/en\/product\/lot-3-booklets-in-first-edition\/"]}]},{"@type":"ImageObject","inLanguage":"en-US","@id":"https:\/\/www.comprarmejor.es\/en\/product\/lot-3-booklets-in-first-edition\/#primaryimage","url":"https:\/\/www.comprarmejor.es\/wp-content\/uploads\/2015\/11\/p_7_5_4_8_7548-Lote-3-libritos-en-primera-edicion.jpg","contentUrl":"https:\/\/www.comprarmejor.es\/wp-content\/uploads\/2015\/11\/p_7_5_4_8_7548-Lote-3-libritos-en-primera-edicion.jpg","width":600,"height":286},{"@type":"BreadcrumbList","@id":"https:\/\/www.comprarmejor.es\/en\/product\/lot-3-booklets-in-first-edition\/#breadcrumb","itemListElement":[{"@type":"ListItem","position":1,"name":"Portada","item":"https:\/\/www.comprarmejor.es\/en\/"},{"@type":"ListItem","position":2,"name":"Shop","item":"https:\/\/www.comprarmejor.es\/en\/shop\/"},{"@type":"ListItem","position":3,"name":"Lot 3 booklets in first edition"}]},{"@type":"WebSite","@id":"https:\/\/www.comprarmejor.es\/en\/#website","url":"https:\/\/www.comprarmejor.es\/en\/","name":"ComprarMejor","description":"ComprarMejor","publisher":{"@id":"https:\/\/www.comprarmejor.es\/en\/#organization"},"potentialAction":[{"@type":"SearchAction","target":{"@type":"EntryPoint","urlTemplate":"https:\/\/www.comprarmejor.es\/en\/?s={search_term_string}"},"query-input":{"@type":"PropertyValueSpecification","valueRequired":true,"valueName":"search_term_string"}}],"inLanguage":"en-US"},{"@type":"Organization","@id":"https:\/\/www.comprarmejor.es\/en\/#organization","name":"COMPRAR MEJOR","url":"https:\/\/www.comprarmejor.es\/en\/","logo":{"@type":"ImageObject","inLanguage":"en-US","@id":"https:\/\/www.comprarmejor.es\/en\/#\/schema\/logo\/image\/","url":"https:\/\/www.comprarmejor.es\/wp-content\/uploads\/2025\/09\/comprarmejortrinidad.jpg","contentUrl":"https:\/\/www.comprarmejor.es\/wp-content\/uploads\/2025\/09\/comprarmejortrinidad.jpg","width":1022,"height":1380,"caption":"COMPRAR MEJOR"},"image":{"@id":"https:\/\/www.comprarmejor.es\/en\/#\/schema\/logo\/image\/"},"sameAs":["https:\/\/www.instagram.com\/amigosdelcodice"]}]}},"_links":{"self":[{"href":"https:\/\/www.comprarmejor.es\/en\/wp-json\/wp\/v2\/product\/48687","targetHints":{"allow":["GET"]}}],"collection":[{"href":"https:\/\/www.comprarmejor.es\/en\/wp-json\/wp\/v2\/product"}],"about":[{"href":"https:\/\/www.comprarmejor.es\/en\/wp-json\/wp\/v2\/types\/product"}],"wp:featuredmedia":[{"embeddable":true,"href":"https:\/\/www.comprarmejor.es\/en\/wp-json\/wp\/v2\/media\/48685"}],"wp:attachment":[{"href":"https:\/\/www.comprarmejor.es\/en\/wp-json\/wp\/v2\/media?parent=48687"}],"wp:term":[{"taxonomy":"product_brand","embeddable":true,"href":"https:\/\/www.comprarmejor.es\/en\/wp-json\/wp\/v2\/product_brand?post=48687"},{"taxonomy":"product_cat","embeddable":true,"href":"https:\/\/www.comprarmejor.es\/en\/wp-json\/wp\/v2\/product_cat?post=48687"},{"taxonomy":"product_tag","embeddable":true,"href":"https:\/\/www.comprarmejor.es\/en\/wp-json\/wp\/v2\/product_tag?post=48687"}],"curies":[{"name":"wp","href":"https:\/\/api.w.org\/{rel}","templated":true}]}}