{"id":48703,"date":"2015-11-08T13:45:11","date_gmt":"2015-11-08T12:45:11","guid":{"rendered":"https:\/\/www.comprarmejor.es\/producto\/papyrus-bodmer-viii-epistles-of-st-peter-iii-and-iv-centuries\/"},"modified":"2026-05-03T11:38:37","modified_gmt":"2026-05-03T09:38:37","slug":"papyrus-bodmer-viii-epistles-of-st-peter-iii-and-iv-centuries","status":"publish","type":"product","link":"https:\/\/www.comprarmejor.es\/en\/product\/papyrus-bodmer-viii-epistles-of-st-peter-iii-and-iv-centuries\/","title":{"rendered":"Papyrus Bodmer VIII, Epistles of St. Peter, III and IV centuries"},"content":{"rendered":"<p><span class=\"HwtZe\" lang=\"en\"><span class=\"jCAhz ChMk0b\"><span class=\"ryNqvb\">ARTICLE FOR INFORMATIONAL PURPOSES ONLY<\/span><\/span><\/span><\/p>\n<p style=\"text-align: justify;\"><span id=\"result_box\" lang=\"en\" xml:lang=\"en\"><span title=\"Muchos de estos art\u00edculos s\u00f3lo se podr\u00e1n vender a mayores de edad y con la consideraci\u00f3n de art\u00edculos de ornato y de coleccionismo, seg\u00fan la legislaci\u00f3n vigente.\"><span lang=\"en\" xml:lang=\"en\"><strong><span title=\"Beati Petri Apostoli Epistulae.\">Beati Petri Apostoli Epistulae. <\/span><\/strong><span title=\"Ex Papyro Bodmeriana VIII.\"><strong>Ex Papyro Bodmeriana VIII<\/strong>. <\/span><span title=\"Traducci\u00f3n y transcripci\u00f3n.\">Translation and transcription.<\/span><\/span><\/span><\/span><\/p>\n<p style=\"text-align: justify;\"><span title=\"El original de cuya reproducci\u00f3n facs\u00edmil mostramos, se conserva en la Biblioteca Apost\u00f3lica Vaticana.\">The original show whose facsimile reproduction, is preserved in the Vatican Library. <\/span><span title=\"Dieciocho folios, que contienen las ep\u00edstolas de san Pedro, los cuales eran la parte final de un antiguo c\u00f3dice en papiro (signatura P72), bastante grueso, el cual, seg\u00fan la asumible hip\u00f3tesis de M. Testuz, contaba al menos con 180 p\u00e1ginas,\">Eighteen pages, containing the Epistles of St. Peter, which was the final part of an ancient papyrus codex (symbol P72), quite thick, which, according to reasonable hypothesis of M. Testuz, had at least 180 pages, <\/span><span title=\"conservadas en gran parte.\">largely preserved. <\/span><span title=\"En efecto, el c\u00f3dice conten\u00eda probablemente una amplia antolog\u00eda de textos que comprend\u00eda el ap\u00f3crifo Nacimiento de Mar\u00eda (CANT 50), la correspondencia ap\u00f3crifa entre san Pablo y los Corintios (CANT 211.IV), la IX Oda de Salom\u00f3n, la Ep\u00edstola de Judas\">Indeed, the codex probably contained a broad anthology of texts comprising the apocryphal Birth of Mary (CANT 50), the apocryphal correspondence between St. Paul and the Corinthians (CANT 211.IV), the Ninth Ode of Solomon, the Epistle of Jude <\/span><span title=\", la Homil\u00eda de Melit\u00f3n de Sardes sobre la Pascua (CPG 1092), un fragmento de un himno suyo (CPG 1093.17), la Apolog\u00eda de Filea (CPG 1672) y los Salmos 33 y 34, acabando con las Ep\u00edstolas de san Pedro.\">the Homily of Melito of Sardis about Easter (CPG 1092), a fragment of one of her hymns (CPG 1093.17), the Apology of Filea (CPG 1672) and Psalms 33 and 34, ending the Epistles of St. Peter. <\/span><span title=\"Estos textos, tal como los hemos relacionados, responder\u00edan a los actuales Papiros Bodmer V, X, XI, VII, XIII, XII, XX, IX, VIII.\">These texts, such as we have related, respond to current Papyrus Bodmer V, X, XI, VII, XIII, XII, XX, IX, VIII.<\/span><\/p>\n<p style=\"text-align: justify;\"><span title=\"El c\u00f3dice, de forma casi cuadrada, est\u00e1 bien conservado por lo general.\">The codex, almost square, is well preserved generally. <\/span><span title=\"En muchos casos, los m\u00e1rgenes de los folios parecen que est\u00e1n \u00edntegros, lo cual permite calcular las dimensiones originales del c\u00f3dice con bastante aproximaci\u00f3n en unos 16 x 14,5 cm.\">In many cases, the margins of the pages look like they are complete, which allows to calculate the original dimensions of the codex quite closely at about 16 x 14.5 cm. <\/span><span title=\"Fue escrito por varias manos, probablemente cuatro, que se cree se han ido sucediendo entre el inicio del siglo III y la primera mitad del IV despu\u00e9s de Cristo.\">It was written by several hands, probably four, believed to have been happening from the beginning of the third century and the first half of IV after Christ. <\/span><span title=\"La reuni\u00f3n de las varias partes que lo compon\u00edan se debe haber producido en el transcurso del siglo IV.\">The meeting of the various parts composing it must have occurred during the fourth century.<\/span><\/p>\n<p style=\"text-align: justify;\"><span title=\"La escritura del Papiro Bodmer VIII, es una may\u00fascula sustancialmente derecha, aunque con leves oscilaciones, caracterizada por un trazado m\u00e1s bien r\u00e1pido y sin contraste de gruesos y finos.\">Writing Bodmer VIII Papyrus, is a substantially right capital, although with slight oscillations, characterized by a rather fast track without contrast thick and thin. <\/span><span title=\"El m\u00f3dulo de la letra tiene tendencia al cuadrado, pero no es del todo uniforme.\">Letter module tends to square, but is not entirely uniform. <\/span><span title=\"Entre los elementos m\u00e1s reveladores de la existencia de una tendencia a la cursividad en esta escritura, se puede se\u00f1alar el trazo de ataque horizontal o curvil\u00edneo que con frecuencia liga una letra a la siguiente y particularmente la constante pseudo-ligadura horizontal que aparece en la parte\">Among the most revealing elements of the existence of a trend of cursive in this script, one can point the stroke horizontal attack or curvilinear often link a letter to the next and particularly the constant horizontal pseudo-ligating shown in Part <\/span><span title=\"baja de la beta may\u00fascula.\">low capital letter beta. <\/span><span title=\"Esta tipolog\u00eda de escritura, bien disciplinada para su uso librario y con frecuencia usada para la transcripci\u00f3n de textos cristianos, no est\u00e1 muy lejana de graf\u00edas usuales que podemos encontrar tambi\u00e9n en papiros documentales de la misma \u00e9poca, de uso, sobre todo, en la correspondencia\">This type of writing, well disciplined for librario use and often used for transcription of Christian texts, it is not far from unusual spellings that can also be found in documentary papyri from the same period of use, especially in correspondence <\/span><span title=\"privada.\">private.<\/span><\/p>\n<p style=\"text-align: justify;\"><span title=\"No se conoce el lugar exacto donde el manuscrito fue encontrado, pero todo apunta a que es de origen egipcio.\">the exact place where the manuscript was found, but it looks like it is of Egyptian origin is not known. <\/span><span title=\"Dadas las dimensiones reducidas del manuscrito y a estar formado por una antolog\u00eda de textos, se ha supuesto que, m\u00e1s que para la liturgia, fue pensado para uso privado.\">Given the small size of the manuscript and consist of an anthology of texts, it has been assumed that, rather than for the liturgy, was intended for private use.<\/span><\/p>\n<p style=\"text-align: justify;\"><span title=\"Los folios que constituyen el Papiro Bodmer VIII fueron donados al papa Pablo VI por el coleccionista suizo Mart\u00edn Bodmer en junio de 1969 y mantienen en la Biblioteca Apost\u00f3lica Vaticana la signatura original.\">The pages that make up the Papyrus Bodmer VIII was donated to Pope Paul VI by the Swiss collector Martin Bodmer in June 1969 and kept in the Vatican Library the original document. <\/span><span title=\"Actualmente se conservan desencuadernados, protegidos cada bifolio, como es costumbre, por unas l\u00e1minas protectoras transparentes, mientras que la encuadernaci\u00f3n con que ingres\u00f3 en la Biblioteca Vaticana ha sido incorporada al fondo Encuadernaciones.\">Currently unbound they preserved, protected each bifolio, as usual, by a transparent protective film, while the binder that entered the Vatican Library has been incorporated into the background Encuadernaciones.<\/span><\/p>\n<p style=\"text-align: justify;\"><span title=\"Esta espl\u00e9ndida edici\u00f3n facs\u00edmile se realiz\u00f3 por la Biblioteca Vaticana y en coedici\u00f3n con la editorial espa\u00f1ola Testimonio, para conmemorar el 25\u00ba aniversario del Pontificado de San Juan Pablo II.\">This splendid facsimile edition was made by the Vatican Library and published jointly with the Spanish publishing Testimony, to mark the 25th anniversary of the Pontificate of John Paul II.<\/span><\/p>\n<p style=\"text-align: justify;\"><span title=\"quien luego ser\u00eda nombrado Papa Benedicto XVI.\"><span class=\"VIiyi\" lang=\"en\"><span class=\"JLqJ4b\" data-language-for-alternatives=\"en\" data-language-to-translate-into=\"es\" data-phrase-index=\"0\" data-number-of-phrases=\"1\">The facsimile reproductions are presented in a 37.5 x 25.5 x 6 cm format box, lined with gold-stamped velvet and with two interior compartments, one upper one to contain the facsimiles with a transparent cover, 35.5 x 23.5 format cm, and a lower one that houses the study volume that has an introduction by then Cardinal Joseph Aloisius Ratzinger, who would later be named Pope Benedict XVI.<\/span><\/span><\/span><\/p>\n<p style=\"text-align: justify;\"><span title=\"Gastos de env\u00edo por cuenta del comprador, seg\u00fan pedido y destino.\"><span class=\"VIiyi\" lang=\"en\"><span class=\"JLqJ4b\" data-language-for-alternatives=\"en\" data-language-to-translate-into=\"es\" data-phrase-index=\"0\" data-number-of-phrases=\"1\">Retail Price: 886 \u20ac<\/span><\/span>. <\/span><span title=\"Cons\u00faltenos cualquier duda.\"><a class=\"btn btn-default\" href=\"https:\/\/www.comprarmejor.es\/en\/contact\/\">Ask us<\/a> <\/span><span class=\"VIiyi\" lang=\"en\"><span class=\"JLqJ4b\" data-language-for-alternatives=\"en\" data-language-to-translate-into=\"es\" data-phrase-index=\"0\" data-number-of-phrases=\"1\">without obligation (indicating the reference of the article) any questions.<\/span><\/span><\/p>\n","protected":false},"excerpt":{"rendered":"<p style=\"text-align: justify;\"><span id=\"result_box\" lang=\"en\" xml:lang=\"en\"><span title=\"Alicate multiusos de la marca Albainox, color coyote, con funda de nylon.\"><span lang=\"en\" xml:lang=\"en\"><span title=\"Beati Petri Apostoli Epistulae.\">Beati Petri Apostoli Epistulae. <\/span><span title=\"Ex Papyro Bodmeriana VIII.\">Ex Papyro Bodmeriana VIII. <\/span><span title=\"Traducci\u00f3n y transcripci\u00f3n.\">Translation and transcription.<\/span><\/span><\/span><\/span><\/p>\n","protected":false},"featured_media":71127,"template":"","meta":[],"product_brand":[],"product_cat":[2250],"product_tag":[5813,4394,3999],"class_list":{"0":"post-48703","1":"product","2":"type-product","3":"status-publish","4":"has-post-thumbnail","6":"product_cat-other-facsimiles","7":"product_tag-bav-en","8":"product_tag-bodmer-en","9":"product_tag-testimonio-en","10":"description-off","12":"first","13":"instock","14":"taxable","15":"shipping-taxable","16":"purchasable","17":"product-type-simple"},"yoast_head":"<!-- This site is optimized with the Yoast SEO plugin v27.3 - https:\/\/yoast.com\/product\/yoast-seo-wordpress\/ -->\n<title>Papyrus Bodmer VIII, Epistles of St. Peter, III and IV centuries<\/title>\n<meta name=\"description\" content=\"Beati Petri Apostoli Epistulae. Former Papyro Bodmeriana VIII. Original in the Vatican Apostolic Library. 18 folios with the epistles of St. P\" \/>\n<meta name=\"robots\" content=\"index, follow, max-snippet:-1, max-image-preview:large, max-video-preview:-1\" \/>\n<link rel=\"canonical\" href=\"https:\/\/www.comprarmejor.es\/en\/product\/papyrus-bodmer-viii-epistles-of-st-peter-iii-and-iv-centuries\/\" \/>\n<meta property=\"og:locale\" content=\"en_US\" \/>\n<meta property=\"og:type\" content=\"article\" \/>\n<meta property=\"og:title\" content=\"Papyrus Bodmer VIII, Epistles of St. Peter, III and IV centuries\" \/>\n<meta property=\"og:description\" content=\"Beati Petri Apostoli Epistulae. Former Papyro Bodmeriana VIII. Original in the Vatican Apostolic Library. 18 folios with the epistles of St. P\" \/>\n<meta property=\"og:url\" content=\"https:\/\/www.comprarmejor.es\/en\/product\/papyrus-bodmer-viii-epistles-of-st-peter-iii-and-iv-centuries\/\" \/>\n<meta property=\"og:site_name\" content=\"ComprarMejor\" \/>\n<meta property=\"article:modified_time\" content=\"2026-05-03T09:38:37+00:00\" \/>\n<meta property=\"og:image\" content=\"https:\/\/www.comprarmejor.es\/wp-content\/uploads\/2015\/11\/DSC02597.jpg\" \/>\n\t<meta property=\"og:image:width\" content=\"600\" \/>\n\t<meta property=\"og:image:height\" content=\"455\" \/>\n\t<meta property=\"og:image:type\" content=\"image\/jpeg\" \/>\n<meta name=\"twitter:card\" content=\"summary_large_image\" \/>\n<meta name=\"twitter:label1\" content=\"Est. reading time\" \/>\n\t<meta name=\"twitter:data1\" content=\"3 minutes\" \/>\n<script type=\"application\/ld+json\" class=\"yoast-schema-graph\">{\"@context\":\"https:\\\/\\\/schema.org\",\"@graph\":[{\"@type\":\"WebPage\",\"@id\":\"https:\\\/\\\/www.comprarmejor.es\\\/en\\\/product\\\/papyrus-bodmer-viii-epistles-of-st-peter-iii-and-iv-centuries\\\/\",\"url\":\"https:\\\/\\\/www.comprarmejor.es\\\/en\\\/product\\\/papyrus-bodmer-viii-epistles-of-st-peter-iii-and-iv-centuries\\\/\",\"name\":\"Papyrus Bodmer VIII, Epistles of St. Peter, III and IV centuries\",\"isPartOf\":{\"@id\":\"https:\\\/\\\/www.comprarmejor.es\\\/en\\\/#website\"},\"primaryImageOfPage\":{\"@id\":\"https:\\\/\\\/www.comprarmejor.es\\\/en\\\/product\\\/papyrus-bodmer-viii-epistles-of-st-peter-iii-and-iv-centuries\\\/#primaryimage\"},\"image\":{\"@id\":\"https:\\\/\\\/www.comprarmejor.es\\\/en\\\/product\\\/papyrus-bodmer-viii-epistles-of-st-peter-iii-and-iv-centuries\\\/#primaryimage\"},\"thumbnailUrl\":\"https:\\\/\\\/www.comprarmejor.es\\\/wp-content\\\/uploads\\\/2015\\\/11\\\/DSC02597.jpg\",\"datePublished\":\"2015-11-08T12:45:11+00:00\",\"dateModified\":\"2026-05-03T09:38:37+00:00\",\"description\":\"Beati Petri Apostoli Epistulae. Former Papyro Bodmeriana VIII. Original in the Vatican Apostolic Library. 18 folios with the epistles of St. P\",\"breadcrumb\":{\"@id\":\"https:\\\/\\\/www.comprarmejor.es\\\/en\\\/product\\\/papyrus-bodmer-viii-epistles-of-st-peter-iii-and-iv-centuries\\\/#breadcrumb\"},\"inLanguage\":\"en-US\",\"potentialAction\":[{\"@type\":\"ReadAction\",\"target\":[\"https:\\\/\\\/www.comprarmejor.es\\\/en\\\/product\\\/papyrus-bodmer-viii-epistles-of-st-peter-iii-and-iv-centuries\\\/\"]}]},{\"@type\":\"ImageObject\",\"inLanguage\":\"en-US\",\"@id\":\"https:\\\/\\\/www.comprarmejor.es\\\/en\\\/product\\\/papyrus-bodmer-viii-epistles-of-st-peter-iii-and-iv-centuries\\\/#primaryimage\",\"url\":\"https:\\\/\\\/www.comprarmejor.es\\\/wp-content\\\/uploads\\\/2015\\\/11\\\/DSC02597.jpg\",\"contentUrl\":\"https:\\\/\\\/www.comprarmejor.es\\\/wp-content\\\/uploads\\\/2015\\\/11\\\/DSC02597.jpg\",\"width\":600,\"height\":455},{\"@type\":\"BreadcrumbList\",\"@id\":\"https:\\\/\\\/www.comprarmejor.es\\\/en\\\/product\\\/papyrus-bodmer-viii-epistles-of-st-peter-iii-and-iv-centuries\\\/#breadcrumb\",\"itemListElement\":[{\"@type\":\"ListItem\",\"position\":1,\"name\":\"Portada\",\"item\":\"https:\\\/\\\/www.comprarmejor.es\\\/en\\\/\"},{\"@type\":\"ListItem\",\"position\":2,\"name\":\"Shop\",\"item\":\"https:\\\/\\\/www.comprarmejor.es\\\/en\\\/shop\\\/\"},{\"@type\":\"ListItem\",\"position\":3,\"name\":\"Papyrus Bodmer VIII, Epistles of St. Peter, III and IV centuries\"}]},{\"@type\":\"WebSite\",\"@id\":\"https:\\\/\\\/www.comprarmejor.es\\\/en\\\/#website\",\"url\":\"https:\\\/\\\/www.comprarmejor.es\\\/en\\\/\",\"name\":\"ComprarMejor\",\"description\":\"ComprarMejor\",\"publisher\":{\"@id\":\"https:\\\/\\\/www.comprarmejor.es\\\/en\\\/#organization\"},\"potentialAction\":[{\"@type\":\"SearchAction\",\"target\":{\"@type\":\"EntryPoint\",\"urlTemplate\":\"https:\\\/\\\/www.comprarmejor.es\\\/en\\\/?s={search_term_string}\"},\"query-input\":{\"@type\":\"PropertyValueSpecification\",\"valueRequired\":true,\"valueName\":\"search_term_string\"}}],\"inLanguage\":\"en-US\"},{\"@type\":\"Organization\",\"@id\":\"https:\\\/\\\/www.comprarmejor.es\\\/en\\\/#organization\",\"name\":\"COMPRAR MEJOR\",\"url\":\"https:\\\/\\\/www.comprarmejor.es\\\/en\\\/\",\"logo\":{\"@type\":\"ImageObject\",\"inLanguage\":\"en-US\",\"@id\":\"https:\\\/\\\/www.comprarmejor.es\\\/en\\\/#\\\/schema\\\/logo\\\/image\\\/\",\"url\":\"https:\\\/\\\/www.comprarmejor.es\\\/wp-content\\\/uploads\\\/2025\\\/09\\\/comprarmejortrinidad.jpg\",\"contentUrl\":\"https:\\\/\\\/www.comprarmejor.es\\\/wp-content\\\/uploads\\\/2025\\\/09\\\/comprarmejortrinidad.jpg\",\"width\":1022,\"height\":1380,\"caption\":\"COMPRAR MEJOR\"},\"image\":{\"@id\":\"https:\\\/\\\/www.comprarmejor.es\\\/en\\\/#\\\/schema\\\/logo\\\/image\\\/\"},\"sameAs\":[\"https:\\\/\\\/www.instagram.com\\\/amigosdelcodice\"]}]}<\/script>\n<!-- \/ Yoast SEO plugin. -->","yoast_head_json":{"title":"Papyrus Bodmer VIII, Epistles of St. Peter, III and IV centuries","description":"Beati Petri Apostoli Epistulae. Former Papyro Bodmeriana VIII. Original in the Vatican Apostolic Library. 18 folios with the epistles of St. P","robots":{"index":"index","follow":"follow","max-snippet":"max-snippet:-1","max-image-preview":"max-image-preview:large","max-video-preview":"max-video-preview:-1"},"canonical":"https:\/\/www.comprarmejor.es\/en\/product\/papyrus-bodmer-viii-epistles-of-st-peter-iii-and-iv-centuries\/","og_locale":"en_US","og_type":"article","og_title":"Papyrus Bodmer VIII, Epistles of St. Peter, III and IV centuries","og_description":"Beati Petri Apostoli Epistulae. Former Papyro Bodmeriana VIII. Original in the Vatican Apostolic Library. 18 folios with the epistles of St. P","og_url":"https:\/\/www.comprarmejor.es\/en\/product\/papyrus-bodmer-viii-epistles-of-st-peter-iii-and-iv-centuries\/","og_site_name":"ComprarMejor","article_modified_time":"2026-05-03T09:38:37+00:00","og_image":[{"width":600,"height":455,"url":"https:\/\/www.comprarmejor.es\/wp-content\/uploads\/2015\/11\/DSC02597.jpg","type":"image\/jpeg"}],"twitter_card":"summary_large_image","twitter_misc":{"Est. reading time":"3 minutes"},"schema":{"@context":"https:\/\/schema.org","@graph":[{"@type":"WebPage","@id":"https:\/\/www.comprarmejor.es\/en\/product\/papyrus-bodmer-viii-epistles-of-st-peter-iii-and-iv-centuries\/","url":"https:\/\/www.comprarmejor.es\/en\/product\/papyrus-bodmer-viii-epistles-of-st-peter-iii-and-iv-centuries\/","name":"Papyrus Bodmer VIII, Epistles of St. Peter, III and IV centuries","isPartOf":{"@id":"https:\/\/www.comprarmejor.es\/en\/#website"},"primaryImageOfPage":{"@id":"https:\/\/www.comprarmejor.es\/en\/product\/papyrus-bodmer-viii-epistles-of-st-peter-iii-and-iv-centuries\/#primaryimage"},"image":{"@id":"https:\/\/www.comprarmejor.es\/en\/product\/papyrus-bodmer-viii-epistles-of-st-peter-iii-and-iv-centuries\/#primaryimage"},"thumbnailUrl":"https:\/\/www.comprarmejor.es\/wp-content\/uploads\/2015\/11\/DSC02597.jpg","datePublished":"2015-11-08T12:45:11+00:00","dateModified":"2026-05-03T09:38:37+00:00","description":"Beati Petri Apostoli Epistulae. Former Papyro Bodmeriana VIII. Original in the Vatican Apostolic Library. 18 folios with the epistles of St. P","breadcrumb":{"@id":"https:\/\/www.comprarmejor.es\/en\/product\/papyrus-bodmer-viii-epistles-of-st-peter-iii-and-iv-centuries\/#breadcrumb"},"inLanguage":"en-US","potentialAction":[{"@type":"ReadAction","target":["https:\/\/www.comprarmejor.es\/en\/product\/papyrus-bodmer-viii-epistles-of-st-peter-iii-and-iv-centuries\/"]}]},{"@type":"ImageObject","inLanguage":"en-US","@id":"https:\/\/www.comprarmejor.es\/en\/product\/papyrus-bodmer-viii-epistles-of-st-peter-iii-and-iv-centuries\/#primaryimage","url":"https:\/\/www.comprarmejor.es\/wp-content\/uploads\/2015\/11\/DSC02597.jpg","contentUrl":"https:\/\/www.comprarmejor.es\/wp-content\/uploads\/2015\/11\/DSC02597.jpg","width":600,"height":455},{"@type":"BreadcrumbList","@id":"https:\/\/www.comprarmejor.es\/en\/product\/papyrus-bodmer-viii-epistles-of-st-peter-iii-and-iv-centuries\/#breadcrumb","itemListElement":[{"@type":"ListItem","position":1,"name":"Portada","item":"https:\/\/www.comprarmejor.es\/en\/"},{"@type":"ListItem","position":2,"name":"Shop","item":"https:\/\/www.comprarmejor.es\/en\/shop\/"},{"@type":"ListItem","position":3,"name":"Papyrus Bodmer VIII, Epistles of St. Peter, III and IV centuries"}]},{"@type":"WebSite","@id":"https:\/\/www.comprarmejor.es\/en\/#website","url":"https:\/\/www.comprarmejor.es\/en\/","name":"ComprarMejor","description":"ComprarMejor","publisher":{"@id":"https:\/\/www.comprarmejor.es\/en\/#organization"},"potentialAction":[{"@type":"SearchAction","target":{"@type":"EntryPoint","urlTemplate":"https:\/\/www.comprarmejor.es\/en\/?s={search_term_string}"},"query-input":{"@type":"PropertyValueSpecification","valueRequired":true,"valueName":"search_term_string"}}],"inLanguage":"en-US"},{"@type":"Organization","@id":"https:\/\/www.comprarmejor.es\/en\/#organization","name":"COMPRAR MEJOR","url":"https:\/\/www.comprarmejor.es\/en\/","logo":{"@type":"ImageObject","inLanguage":"en-US","@id":"https:\/\/www.comprarmejor.es\/en\/#\/schema\/logo\/image\/","url":"https:\/\/www.comprarmejor.es\/wp-content\/uploads\/2025\/09\/comprarmejortrinidad.jpg","contentUrl":"https:\/\/www.comprarmejor.es\/wp-content\/uploads\/2025\/09\/comprarmejortrinidad.jpg","width":1022,"height":1380,"caption":"COMPRAR MEJOR"},"image":{"@id":"https:\/\/www.comprarmejor.es\/en\/#\/schema\/logo\/image\/"},"sameAs":["https:\/\/www.instagram.com\/amigosdelcodice"]}]}},"_links":{"self":[{"href":"https:\/\/www.comprarmejor.es\/en\/wp-json\/wp\/v2\/product\/48703","targetHints":{"allow":["GET"]}}],"collection":[{"href":"https:\/\/www.comprarmejor.es\/en\/wp-json\/wp\/v2\/product"}],"about":[{"href":"https:\/\/www.comprarmejor.es\/en\/wp-json\/wp\/v2\/types\/product"}],"wp:featuredmedia":[{"embeddable":true,"href":"https:\/\/www.comprarmejor.es\/en\/wp-json\/wp\/v2\/media\/71127"}],"wp:attachment":[{"href":"https:\/\/www.comprarmejor.es\/en\/wp-json\/wp\/v2\/media?parent=48703"}],"wp:term":[{"taxonomy":"product_brand","embeddable":true,"href":"https:\/\/www.comprarmejor.es\/en\/wp-json\/wp\/v2\/product_brand?post=48703"},{"taxonomy":"product_cat","embeddable":true,"href":"https:\/\/www.comprarmejor.es\/en\/wp-json\/wp\/v2\/product_cat?post=48703"},{"taxonomy":"product_tag","embeddable":true,"href":"https:\/\/www.comprarmejor.es\/en\/wp-json\/wp\/v2\/product_tag?post=48703"}],"curies":[{"name":"wp","href":"https:\/\/api.w.org\/{rel}","templated":true}]}}