{"id":48723,"date":"2015-11-09T00:03:12","date_gmt":"2015-11-08T23:03:12","guid":{"rendered":"https:\/\/www.comprarmejor.es\/producto\/cantigas-de-santa-maria-of-alfonso-x-the-wise-florentine-codex-s-xiii\/"},"modified":"2024-04-15T11:04:58","modified_gmt":"2024-04-15T09:04:58","slug":"babylon-rome-and-pompeii-3-volumes-circle-of-friends-of-history-1974-1976","status":"publish","type":"product","link":"https:\/\/www.comprarmejor.es\/en\/product\/babylon-rome-and-pompeii-3-volumes-circle-of-friends-of-history-1974-1976\/","title":{"rendered":"Babylon, Rome and Pompeii. 3 volumes. Circle of Friends of History, 1974-1976"},"content":{"rendered":"<p style=\"text-align: justify;\">Babylon, Rome and Pompeii, 3 volumes of the collection \u201cWonders of the great Civilizations\u201d, which the Circle of Friends of History edited between 1974 and 1976.<\/p>\n<p style=\"text-align: justify;\">Common features:<br \/>\nHardcover binding, gilded leather spine and printed title with title, guide tape. Format 21.5 x 28.5 cm. 188 pages each volume with full color plates.<br \/>\nThe 3 volumes retain 2 small circular stamps from the previous owner.<br \/>\nAll in perfect condition.<\/p>\n<p style=\"text-align: justify;\">The Treasures of Babylon, by Guy Annequin. 1975. ISBN: 9788422505792<\/p>\n<p style=\"text-align: justify;\">Ancient Rome, by Raymonde de Gans. 1974. ISBN: 9788422503965<\/p>\n<p style=\"text-align: justify;\">The Tragedy of Pompeii, by Raymonde de Gans. 1976. ISBN: 9788422503958<\/p>\n<p style=\"text-align: justify;\">Shipping costs according to order and destination<span title=\"Gastos de env\u00edo por cuenta del comprador, seg\u00fan pedido y destino.\">. <\/span><span title=\"Cons\u00faltenos cualquier duda, as\u00ed como por cualquier otro facs\u00edmile que est\u00e9 buscando.\"><a class=\"btn btn-default\" href=\"https:\/\/www.comprarmejor.es\/en\/contact\">Ask us<\/a> <span class=\"HwtZe\" lang=\"en\"><span class=\"jCAhz ChMk0b\"><span class=\"ryNqvb\">any questions, indicating the article reference.<\/span><\/span><\/span><br \/>\n<\/span><\/p>\n","protected":false},"excerpt":{"rendered":"<p style=\"text-align: justify;\"><span id=\"result_box\" lang=\"en\" xml:lang=\"en\"><span class=\"HwtZe\" lang=\"en\"><span class=\"jCAhz ChMk0b\"><span class=\"ryNqvb\">Babylon, Rome and Pompeii, 3 volumes of the collection \u201cWonders of the great Civilizations\u201d, which the Circle of Friends of History edited between 1974 and 1976.<\/span><\/span><\/span><br \/>\n<\/span><\/p>\n","protected":false},"featured_media":94032,"template":"","meta":[],"product_brand":[],"product_cat":[2256],"product_tag":[4029,5120],"class_list":{"0":"post-48723","1":"product","2":"type-product","3":"status-publish","4":"has-post-thumbnail","6":"product_cat-books-in-general","7":"product_tag-amigos-en","8":"product_tag-history-en","9":"product_shipping_class-from-2-to-5-kg","10":"description-off","12":"first","13":"instock","14":"taxable","15":"shipping-taxable","16":"purchasable","17":"product-type-simple"},"yoast_head":"<!-- This site is optimized with the Yoast SEO plugin v27.3 - https:\/\/yoast.com\/product\/yoast-seo-wordpress\/ -->\n<title>Babylon, Rome and Pompeii. 3 volumes. Circle of Friends of Histor<\/title>\n<meta name=\"description\" content=\"Babylon, Rome and Pompeii, 3 volumes of the collection \u201cWonders of the great Civilizations\u201d, which the Circle of Friends of History edited between 1974\" \/>\n<meta name=\"robots\" content=\"index, follow, max-snippet:-1, max-image-preview:large, max-video-preview:-1\" \/>\n<link rel=\"canonical\" href=\"https:\/\/www.comprarmejor.es\/en\/product\/babylon-rome-and-pompeii-3-volumes-circle-of-friends-of-history-1974-1976\/\" \/>\n<meta property=\"og:locale\" content=\"en_US\" \/>\n<meta property=\"og:type\" content=\"article\" \/>\n<meta property=\"og:title\" content=\"Babylon, Rome and Pompeii. 3 volumes. Circle of Friends of Histor\" \/>\n<meta property=\"og:description\" content=\"Babylon, Rome and Pompeii, 3 volumes of the collection \u201cWonders of the great Civilizations\u201d, which the Circle of Friends of History edited between 1974\" \/>\n<meta property=\"og:url\" content=\"https:\/\/www.comprarmejor.es\/en\/product\/babylon-rome-and-pompeii-3-volumes-circle-of-friends-of-history-1974-1976\/\" \/>\n<meta property=\"og:site_name\" content=\"ComprarMejor\" \/>\n<meta property=\"article:modified_time\" content=\"2024-04-15T09:04:58+00:00\" \/>\n<meta property=\"og:image\" content=\"https:\/\/www.comprarmejor.es\/wp-content\/uploads\/2015\/11\/BRyP-1.jpg\" \/>\n\t<meta property=\"og:image:width\" content=\"753\" \/>\n\t<meta property=\"og:image:height\" content=\"330\" \/>\n\t<meta property=\"og:image:type\" content=\"image\/jpeg\" \/>\n<meta name=\"twitter:card\" content=\"summary_large_image\" \/>\n<meta name=\"twitter:label1\" content=\"Est. reading time\" \/>\n\t<meta name=\"twitter:data1\" content=\"1 minute\" \/>\n<script type=\"application\/ld+json\" class=\"yoast-schema-graph\">{\"@context\":\"https:\\\/\\\/schema.org\",\"@graph\":[{\"@type\":\"WebPage\",\"@id\":\"https:\\\/\\\/www.comprarmejor.es\\\/en\\\/product\\\/babylon-rome-and-pompeii-3-volumes-circle-of-friends-of-history-1974-1976\\\/\",\"url\":\"https:\\\/\\\/www.comprarmejor.es\\\/en\\\/product\\\/babylon-rome-and-pompeii-3-volumes-circle-of-friends-of-history-1974-1976\\\/\",\"name\":\"Babylon, Rome and Pompeii. 3 volumes. Circle of Friends of Histor\",\"isPartOf\":{\"@id\":\"https:\\\/\\\/www.comprarmejor.es\\\/en\\\/#website\"},\"primaryImageOfPage\":{\"@id\":\"https:\\\/\\\/www.comprarmejor.es\\\/en\\\/product\\\/babylon-rome-and-pompeii-3-volumes-circle-of-friends-of-history-1974-1976\\\/#primaryimage\"},\"image\":{\"@id\":\"https:\\\/\\\/www.comprarmejor.es\\\/en\\\/product\\\/babylon-rome-and-pompeii-3-volumes-circle-of-friends-of-history-1974-1976\\\/#primaryimage\"},\"thumbnailUrl\":\"https:\\\/\\\/www.comprarmejor.es\\\/wp-content\\\/uploads\\\/2015\\\/11\\\/BRyP-1.jpg\",\"datePublished\":\"2015-11-08T23:03:12+00:00\",\"dateModified\":\"2024-04-15T09:04:58+00:00\",\"description\":\"Babylon, Rome and Pompeii, 3 volumes of the collection \u201cWonders of the great Civilizations\u201d, which the Circle of Friends of History edited between 1974\",\"breadcrumb\":{\"@id\":\"https:\\\/\\\/www.comprarmejor.es\\\/en\\\/product\\\/babylon-rome-and-pompeii-3-volumes-circle-of-friends-of-history-1974-1976\\\/#breadcrumb\"},\"inLanguage\":\"en-US\",\"potentialAction\":[{\"@type\":\"ReadAction\",\"target\":[\"https:\\\/\\\/www.comprarmejor.es\\\/en\\\/product\\\/babylon-rome-and-pompeii-3-volumes-circle-of-friends-of-history-1974-1976\\\/\"]}]},{\"@type\":\"ImageObject\",\"inLanguage\":\"en-US\",\"@id\":\"https:\\\/\\\/www.comprarmejor.es\\\/en\\\/product\\\/babylon-rome-and-pompeii-3-volumes-circle-of-friends-of-history-1974-1976\\\/#primaryimage\",\"url\":\"https:\\\/\\\/www.comprarmejor.es\\\/wp-content\\\/uploads\\\/2015\\\/11\\\/BRyP-1.jpg\",\"contentUrl\":\"https:\\\/\\\/www.comprarmejor.es\\\/wp-content\\\/uploads\\\/2015\\\/11\\\/BRyP-1.jpg\",\"width\":753,\"height\":330},{\"@type\":\"BreadcrumbList\",\"@id\":\"https:\\\/\\\/www.comprarmejor.es\\\/en\\\/product\\\/babylon-rome-and-pompeii-3-volumes-circle-of-friends-of-history-1974-1976\\\/#breadcrumb\",\"itemListElement\":[{\"@type\":\"ListItem\",\"position\":1,\"name\":\"Portada\",\"item\":\"https:\\\/\\\/www.comprarmejor.es\\\/en\\\/\"},{\"@type\":\"ListItem\",\"position\":2,\"name\":\"Shop\",\"item\":\"https:\\\/\\\/www.comprarmejor.es\\\/en\\\/shop\\\/\"},{\"@type\":\"ListItem\",\"position\":3,\"name\":\"Babylon, Rome and Pompeii. 3 volumes. Circle of Friends of History, 1974-1976\"}]},{\"@type\":\"WebSite\",\"@id\":\"https:\\\/\\\/www.comprarmejor.es\\\/en\\\/#website\",\"url\":\"https:\\\/\\\/www.comprarmejor.es\\\/en\\\/\",\"name\":\"ComprarMejor\",\"description\":\"ComprarMejor\",\"publisher\":{\"@id\":\"https:\\\/\\\/www.comprarmejor.es\\\/en\\\/#organization\"},\"potentialAction\":[{\"@type\":\"SearchAction\",\"target\":{\"@type\":\"EntryPoint\",\"urlTemplate\":\"https:\\\/\\\/www.comprarmejor.es\\\/en\\\/?s={search_term_string}\"},\"query-input\":{\"@type\":\"PropertyValueSpecification\",\"valueRequired\":true,\"valueName\":\"search_term_string\"}}],\"inLanguage\":\"en-US\"},{\"@type\":\"Organization\",\"@id\":\"https:\\\/\\\/www.comprarmejor.es\\\/en\\\/#organization\",\"name\":\"COMPRAR MEJOR\",\"url\":\"https:\\\/\\\/www.comprarmejor.es\\\/en\\\/\",\"logo\":{\"@type\":\"ImageObject\",\"inLanguage\":\"en-US\",\"@id\":\"https:\\\/\\\/www.comprarmejor.es\\\/en\\\/#\\\/schema\\\/logo\\\/image\\\/\",\"url\":\"https:\\\/\\\/www.comprarmejor.es\\\/wp-content\\\/uploads\\\/2025\\\/09\\\/comprarmejortrinidad.jpg\",\"contentUrl\":\"https:\\\/\\\/www.comprarmejor.es\\\/wp-content\\\/uploads\\\/2025\\\/09\\\/comprarmejortrinidad.jpg\",\"width\":1022,\"height\":1380,\"caption\":\"COMPRAR MEJOR\"},\"image\":{\"@id\":\"https:\\\/\\\/www.comprarmejor.es\\\/en\\\/#\\\/schema\\\/logo\\\/image\\\/\"},\"sameAs\":[\"https:\\\/\\\/www.instagram.com\\\/amigosdelcodice\"]}]}<\/script>\n<!-- \/ Yoast SEO plugin. -->","yoast_head_json":{"title":"Babylon, Rome and Pompeii. 3 volumes. Circle of Friends of Histor","description":"Babylon, Rome and Pompeii, 3 volumes of the collection \u201cWonders of the great Civilizations\u201d, which the Circle of Friends of History edited between 1974","robots":{"index":"index","follow":"follow","max-snippet":"max-snippet:-1","max-image-preview":"max-image-preview:large","max-video-preview":"max-video-preview:-1"},"canonical":"https:\/\/www.comprarmejor.es\/en\/product\/babylon-rome-and-pompeii-3-volumes-circle-of-friends-of-history-1974-1976\/","og_locale":"en_US","og_type":"article","og_title":"Babylon, Rome and Pompeii. 3 volumes. Circle of Friends of Histor","og_description":"Babylon, Rome and Pompeii, 3 volumes of the collection \u201cWonders of the great Civilizations\u201d, which the Circle of Friends of History edited between 1974","og_url":"https:\/\/www.comprarmejor.es\/en\/product\/babylon-rome-and-pompeii-3-volumes-circle-of-friends-of-history-1974-1976\/","og_site_name":"ComprarMejor","article_modified_time":"2024-04-15T09:04:58+00:00","og_image":[{"width":753,"height":330,"url":"https:\/\/www.comprarmejor.es\/wp-content\/uploads\/2015\/11\/BRyP-1.jpg","type":"image\/jpeg"}],"twitter_card":"summary_large_image","twitter_misc":{"Est. reading time":"1 minute"},"schema":{"@context":"https:\/\/schema.org","@graph":[{"@type":"WebPage","@id":"https:\/\/www.comprarmejor.es\/en\/product\/babylon-rome-and-pompeii-3-volumes-circle-of-friends-of-history-1974-1976\/","url":"https:\/\/www.comprarmejor.es\/en\/product\/babylon-rome-and-pompeii-3-volumes-circle-of-friends-of-history-1974-1976\/","name":"Babylon, Rome and Pompeii. 3 volumes. Circle of Friends of Histor","isPartOf":{"@id":"https:\/\/www.comprarmejor.es\/en\/#website"},"primaryImageOfPage":{"@id":"https:\/\/www.comprarmejor.es\/en\/product\/babylon-rome-and-pompeii-3-volumes-circle-of-friends-of-history-1974-1976\/#primaryimage"},"image":{"@id":"https:\/\/www.comprarmejor.es\/en\/product\/babylon-rome-and-pompeii-3-volumes-circle-of-friends-of-history-1974-1976\/#primaryimage"},"thumbnailUrl":"https:\/\/www.comprarmejor.es\/wp-content\/uploads\/2015\/11\/BRyP-1.jpg","datePublished":"2015-11-08T23:03:12+00:00","dateModified":"2024-04-15T09:04:58+00:00","description":"Babylon, Rome and Pompeii, 3 volumes of the collection \u201cWonders of the great Civilizations\u201d, which the Circle of Friends of History edited between 1974","breadcrumb":{"@id":"https:\/\/www.comprarmejor.es\/en\/product\/babylon-rome-and-pompeii-3-volumes-circle-of-friends-of-history-1974-1976\/#breadcrumb"},"inLanguage":"en-US","potentialAction":[{"@type":"ReadAction","target":["https:\/\/www.comprarmejor.es\/en\/product\/babylon-rome-and-pompeii-3-volumes-circle-of-friends-of-history-1974-1976\/"]}]},{"@type":"ImageObject","inLanguage":"en-US","@id":"https:\/\/www.comprarmejor.es\/en\/product\/babylon-rome-and-pompeii-3-volumes-circle-of-friends-of-history-1974-1976\/#primaryimage","url":"https:\/\/www.comprarmejor.es\/wp-content\/uploads\/2015\/11\/BRyP-1.jpg","contentUrl":"https:\/\/www.comprarmejor.es\/wp-content\/uploads\/2015\/11\/BRyP-1.jpg","width":753,"height":330},{"@type":"BreadcrumbList","@id":"https:\/\/www.comprarmejor.es\/en\/product\/babylon-rome-and-pompeii-3-volumes-circle-of-friends-of-history-1974-1976\/#breadcrumb","itemListElement":[{"@type":"ListItem","position":1,"name":"Portada","item":"https:\/\/www.comprarmejor.es\/en\/"},{"@type":"ListItem","position":2,"name":"Shop","item":"https:\/\/www.comprarmejor.es\/en\/shop\/"},{"@type":"ListItem","position":3,"name":"Babylon, Rome and Pompeii. 3 volumes. Circle of Friends of History, 1974-1976"}]},{"@type":"WebSite","@id":"https:\/\/www.comprarmejor.es\/en\/#website","url":"https:\/\/www.comprarmejor.es\/en\/","name":"ComprarMejor","description":"ComprarMejor","publisher":{"@id":"https:\/\/www.comprarmejor.es\/en\/#organization"},"potentialAction":[{"@type":"SearchAction","target":{"@type":"EntryPoint","urlTemplate":"https:\/\/www.comprarmejor.es\/en\/?s={search_term_string}"},"query-input":{"@type":"PropertyValueSpecification","valueRequired":true,"valueName":"search_term_string"}}],"inLanguage":"en-US"},{"@type":"Organization","@id":"https:\/\/www.comprarmejor.es\/en\/#organization","name":"COMPRAR MEJOR","url":"https:\/\/www.comprarmejor.es\/en\/","logo":{"@type":"ImageObject","inLanguage":"en-US","@id":"https:\/\/www.comprarmejor.es\/en\/#\/schema\/logo\/image\/","url":"https:\/\/www.comprarmejor.es\/wp-content\/uploads\/2025\/09\/comprarmejortrinidad.jpg","contentUrl":"https:\/\/www.comprarmejor.es\/wp-content\/uploads\/2025\/09\/comprarmejortrinidad.jpg","width":1022,"height":1380,"caption":"COMPRAR MEJOR"},"image":{"@id":"https:\/\/www.comprarmejor.es\/en\/#\/schema\/logo\/image\/"},"sameAs":["https:\/\/www.instagram.com\/amigosdelcodice"]}]}},"_links":{"self":[{"href":"https:\/\/www.comprarmejor.es\/en\/wp-json\/wp\/v2\/product\/48723","targetHints":{"allow":["GET"]}}],"collection":[{"href":"https:\/\/www.comprarmejor.es\/en\/wp-json\/wp\/v2\/product"}],"about":[{"href":"https:\/\/www.comprarmejor.es\/en\/wp-json\/wp\/v2\/types\/product"}],"wp:featuredmedia":[{"embeddable":true,"href":"https:\/\/www.comprarmejor.es\/en\/wp-json\/wp\/v2\/media\/94032"}],"wp:attachment":[{"href":"https:\/\/www.comprarmejor.es\/en\/wp-json\/wp\/v2\/media?parent=48723"}],"wp:term":[{"taxonomy":"product_brand","embeddable":true,"href":"https:\/\/www.comprarmejor.es\/en\/wp-json\/wp\/v2\/product_brand?post=48723"},{"taxonomy":"product_cat","embeddable":true,"href":"https:\/\/www.comprarmejor.es\/en\/wp-json\/wp\/v2\/product_cat?post=48723"},{"taxonomy":"product_tag","embeddable":true,"href":"https:\/\/www.comprarmejor.es\/en\/wp-json\/wp\/v2\/product_tag?post=48723"}],"curies":[{"name":"wp","href":"https:\/\/api.w.org\/{rel}","templated":true}]}}