{"id":48777,"date":"2015-11-14T23:39:58","date_gmt":"2015-11-14T22:39:58","guid":{"rendered":"https:\/\/www.comprarmejor.es\/producto\/from-balneis-puteoli-c-1455-number-1\/"},"modified":"2023-11-18T13:36:47","modified_gmt":"2023-11-18T12:36:47","slug":"de-balneis-puteoli-c-1455-number-1-5","status":"publish","type":"product","link":"https:\/\/www.comprarmejor.es\/en\/product\/de-balneis-puteoli-c-1455-number-1-5\/","title":{"rendered":"De Balneis Puteoli, c. 1455 (Number 1) (5*)"},"content":{"rendered":"<p style=\"text-align: justify;\"><span id=\"result_box\" lang=\"en\" xml:lang=\"en\"><span title=\"Petrus de Ebolo.\">Petrus Ebolo. <\/span><span title=\"Nomina et Virtutes Balneorum Putheoli et Baiarum et Tabula Super Balneis Puteoli.\">Payroll et Virtutes Balneorum Putheoli et Baiarum et Tabula Super Balneis Puteoli. <\/span><span title=\"Ms. 860 de la Biblioteca Universitaria de Valencia.\">Ms. 860 of the University Library of Valencia. <\/span><span title=\"\u00a1Un 5 estrellas en toda gran Biblioteca para este ejemplar!\">A 5 star in every great library for this issue!<\/span><\/span><\/p>\n<p style=\"text-align: justify;\"><span title=\"En 1220 Pietro da Eboli escribi\u00f3 un poema en hex\u00e1metros sobre los beneficios m\u00e9dicos de las diferentes aguas termales a principio del siglo XIII.\">In 1220 Pietro da Eboli wrote a poem in hexameters on the medical benefits of the various hot springs in the early thirteenth century. <\/span><span title=\"El uso de los ba\u00f1os con fines terap\u00e9uticos se acab\u00f3 imponiendo entre los m\u00e9dicos m\u00e1s exigentes.\">The use of baths for therapeutic purposes is over imposing among discerning doctors. <\/span><span title=\"Por primera vez se introducen asimismo temas de medicina preventiva y al final, en orden alfab\u00e9tico, aparece un cuadro de enfermedades y ba\u00f1os correspondientes.\">For the first time issues of preventive medicine they were also introduced and finally, in alphabetical order, a dialog appears diseases and corresponding bathrooms. <\/span><span title=\"El poema, de gran \u00e9xito, fue traducido tanto al dialecto napolitano como al franc\u00e9s, y con esta edici\u00f3n se presenta ahora en espa\u00f1ol y en ingl\u00e9s.\">The poem, a great success, was translated both the Neapolitan dialect as the French, and this edition is now available in Spanish and English.<\/span><\/p>\n<p style=\"text-align: justify;\"><span title=\"El propietario m\u00e1s probable fue Alfonso de Arag\u00f3n, Duque de Calabria (1448-1495), luego Rey Alfonso II de N\u00e1poles, y legado a San Miguel de los Reyes (Valencia) por Fernando de Arag\u00f3n, Pr\u00edncipe de Taranto en el a\u00f1o 1550.\">The most likely owner was Alfonso of Aragon, Duke of Calabria (1448-1495), then King Alfonso II of Naples, and bequeathed to San Miguel de los Reyes (Valencia) by Fernando de Aragon, Prince of Taranto in 1550.<\/span><\/p>\n<p style=\"text-align: justify;\"><span title=\"Es uno de los m\u00e1s bellos manuscritos de la Biblioteca del Duque de Calabria.\">It is one of the most beautiful manuscripts in the Library of the Duke of Calabria.<\/span><\/p>\n<p style=\"text-align: justify;\"><span title=\"La encuadernaci\u00f3n del facs\u00edmile ha sido realizada en piel sobre tabla, estampada en seco y de curso, con soporte de lomo a\u00f1adido y montada de nuevo.\">The binding of the facsimile has been made in leather on wood, dry and stamped course, with added back support and reassembled. <\/span><span title=\"40 folios.\">40 pages. <\/span><span title=\"Primer volumen facs\u00edmile con las guardas de pergamino original, piel aut\u00e9ntica.\">First volume facsimile guards with original parchment, real leather. <\/span><span title=\"22,5 x 31,5 cm.\">22.5 x 31.5 cm. <\/span><span title=\"La edici\u00f3n se compuso \u00fanica y exclusivamente de 450 ejemplares, de los cuales el que aqu\u00ed se pone a la venta corresponde al m\u00e1s importante, en cuanto a la numerolog\u00eda y al coleccionismo se refiere: el n\u00famero 1, por lo que su valor es \u00fanico y\">The issue consisted exclusively of 450 copies, of which here is selling corresponds to the most important, in terms of numerology and collecting concerns: the <strong>number 1<\/strong>, so its value is unique and <\/span><span title=\"exclusivo.\">exclusive.<\/span><\/p>\n<p style=\"text-align: justify;\"><span title=\"Como es usual en este tipo de ediciones, al libro facs\u00edmile le acompa\u00f1a un libro estudio encuadernado en lomo piel, haciendo juego con el c\u00f3dice, y tela.\">As usual in this type of publication, the book accompanying facsimile study a book bound in leather back, matching the codex, and fabric. <\/span><span title=\"23 x 31,3 cm.\">23 x 31.3 cm. <\/span><span title=\"Realizado bajo la direcci\u00f3n de Luis Garcia Ballester, Catedr\u00e1tico de Historia de la Medicina de la Universidad de Cantabria.\">Under the direction of Luis Garcia Ballester, Professor of the History of Medicine at the University of Cantabria. <\/span><span title=\"Pr\u00f3logo por SAR Don Carlos de Borb\u00f3n, Infante de Espa\u00f1a y actual Duque de Calabria.\">Foreword by HRH Don Carlos de Borbon, Infante of Spain and current Duke of Calabria. <\/span><span title=\"Introducci\u00f3n, edici\u00f3n, notas y traducci\u00f3n espa\u00f1ola e inglesa.\">Introduction, editing and notes Spanish and English translation. <\/span><span title=\"Colaboran tambi\u00e9n: Jos\u00e9 Luis Gil Arista, Pamplona;\">Also collaborating: Jos\u00e9 Luis Gil Arista, Pamplona; <\/span><span title=\"Felipe Jerez Moliner, Universidad de Valencia;\">Felipe Jerez Moliner, University of Valencia; <\/span><span title=\"M\u00aa Jos\u00e9 L\u00f3pez Terrada, Universidad de Valencia;\">Maria Jose Lopez Terrada, University of Valencia; <\/span><span title=\"y Michael R. McVaugh, University of North Carolina at Chapel Hill.\">and Michael R. McVaugh, University of North Carolina at Chapel Hill.<\/span><\/p>\n<p style=\"text-align: justify;\"><span title=\"Todo ello se presenta en una bella, lujosa y noble caja estuche de madera con tapa de cristal biselado, 30 x 39 x 10 cm., 5,5 kgs., como corresponde a tan magna obra, y en cuyo interior se encuentran dos bandejas\">All this comes in a beautiful, luxurious and noble box wooden box with beveled glass top, 30 x 39 x 10 cm., 5.5 kgs., As befits such a great work, and within which there are two trays <\/span><span title=\"para alojar el volumen facs\u00edmile y el libro estudio.\">to accommodate the volume facsimile and study book.<\/span><\/p>\n<p style=\"text-align: justify;\"><span title=\"Al comprador de esta obra se le obsequiar\u00e1 adem\u00e1s con un ejemplar del n\u00famero 6 de la Revista Kylix de Literatura y Arte.\">The buyer of this work was also presented with a copy of Kylix number 6 Review of Literature and Art.<\/span><\/p>\n<p style=\"text-align: justify;\"><span title=\"Gastos de env\u00edo por cuenta del comprador, seg\u00fan pedido y destino.\"><span class=\"HwtZe\" lang=\"en\"><span class=\"jCAhz ChMk0b\"><span class=\"ryNqvb\">Free shipping for this item<\/span><\/span><\/span>. <\/span><span title=\"Cons\u00faltenos cualquier duda, as\u00ed como por cualquier otro facs\u00edmile que est\u00e9 buscando.\"><a class=\"btn btn-default\" href=\"https:\/\/www.comprarmejor.es\/en\/contact\">Ask us<\/a> <span class=\"HwtZe\" lang=\"en\"><span class=\"jCAhz ChMk0b\"><span class=\"ryNqvb\">any questions, indicating the article reference.<\/span><\/span><\/span><br \/>\n<\/span><\/p>\n","protected":false},"excerpt":{"rendered":"<p style=\"text-align: justify;\"><span id=\"result_box\" lang=\"en\" xml:lang=\"en\"><span title=\"\u00a1Un 5 estrellas en toda gran Biblioteca para este ejemplar!\"><span lang=\"en\" xml:lang=\"en\">Petrus of Ebolo. Nomina et Virtutes Balneorum Putheoli et Baiarum et Tabula Super Balneis Puteoli. Ms. 860 from the University Library of Valencia.<\/span><\/span><\/span><\/p>\n","protected":false},"featured_media":48767,"template":"","meta":[],"product_brand":[],"product_cat":[2238,2250,2200],"product_tag":[4065,4066,3985],"class_list":{"0":"post-48777","1":"product","2":"type-product","3":"status-publish","4":"has-post-thumbnail","6":"product_cat-exclusive-copies","7":"product_cat-other-facsimiles","8":"product_cat-spectacular-library","9":"product_tag-balneis-en","10":"product_tag-eboli-en","11":"product_tag-scriptorium-en","12":"description-off","14":"first","15":"instock","16":"sale","17":"taxable","18":"shipping-taxable","19":"purchasable","20":"product-type-simple"},"yoast_head":"<!-- This site is optimized with the Yoast SEO plugin v27.3 - https:\/\/yoast.com\/product\/yoast-seo-wordpress\/ -->\n<title>De Balneis Puteoli, c. 1455 (Number 1) (5*)<\/title>\n<meta name=\"description\" content=\"Petrus of Ebolus. Nomina et Virtutes Balneorum Putheoli et Baiarum et Tabula Super Balneis Puteoli. Ms. 860 from the University Library of Valencia.\" \/>\n<meta name=\"robots\" content=\"index, follow, max-snippet:-1, max-image-preview:large, max-video-preview:-1\" \/>\n<link rel=\"canonical\" href=\"https:\/\/www.comprarmejor.es\/en\/product\/de-balneis-puteoli-c-1455-number-1-5\/\" \/>\n<meta property=\"og:locale\" content=\"en_US\" \/>\n<meta property=\"og:type\" content=\"article\" \/>\n<meta property=\"og:title\" content=\"De Balneis Puteoli, c. 1455 (Number 1) (5*)\" \/>\n<meta property=\"og:description\" content=\"Petrus of Ebolus. Nomina et Virtutes Balneorum Putheoli et Baiarum et Tabula Super Balneis Puteoli. Ms. 860 from the University Library of Valencia.\" \/>\n<meta property=\"og:url\" content=\"https:\/\/www.comprarmejor.es\/en\/product\/de-balneis-puteoli-c-1455-number-1-5\/\" \/>\n<meta property=\"og:site_name\" content=\"ComprarMejor\" \/>\n<meta property=\"article:modified_time\" content=\"2023-11-18T12:36:47+00:00\" \/>\n<meta property=\"og:image\" content=\"https:\/\/www.comprarmejor.es\/wp-content\/uploads\/2015\/11\/p_1_1_8_4_1184-De-Balneis-Puteoli-c.-1455-No.-1.jpg\" \/>\n\t<meta property=\"og:image:width\" content=\"461\" \/>\n\t<meta property=\"og:image:height\" content=\"600\" \/>\n\t<meta property=\"og:image:type\" content=\"image\/jpeg\" \/>\n<meta name=\"twitter:card\" content=\"summary_large_image\" \/>\n<meta name=\"twitter:label1\" content=\"Est. reading time\" \/>\n\t<meta name=\"twitter:data1\" content=\"2 minutes\" \/>\n<script type=\"application\/ld+json\" class=\"yoast-schema-graph\">{\"@context\":\"https:\\\/\\\/schema.org\",\"@graph\":[{\"@type\":\"WebPage\",\"@id\":\"https:\\\/\\\/www.comprarmejor.es\\\/en\\\/product\\\/de-balneis-puteoli-c-1455-number-1-5\\\/\",\"url\":\"https:\\\/\\\/www.comprarmejor.es\\\/en\\\/product\\\/de-balneis-puteoli-c-1455-number-1-5\\\/\",\"name\":\"De Balneis Puteoli, c. 1455 (Number 1) (5*)\",\"isPartOf\":{\"@id\":\"https:\\\/\\\/www.comprarmejor.es\\\/en\\\/#website\"},\"primaryImageOfPage\":{\"@id\":\"https:\\\/\\\/www.comprarmejor.es\\\/en\\\/product\\\/de-balneis-puteoli-c-1455-number-1-5\\\/#primaryimage\"},\"image\":{\"@id\":\"https:\\\/\\\/www.comprarmejor.es\\\/en\\\/product\\\/de-balneis-puteoli-c-1455-number-1-5\\\/#primaryimage\"},\"thumbnailUrl\":\"https:\\\/\\\/www.comprarmejor.es\\\/wp-content\\\/uploads\\\/2015\\\/11\\\/p_1_1_8_4_1184-De-Balneis-Puteoli-c.-1455-No.-1.jpg\",\"datePublished\":\"2015-11-14T22:39:58+00:00\",\"dateModified\":\"2023-11-18T12:36:47+00:00\",\"description\":\"Petrus of Ebolus. Nomina et Virtutes Balneorum Putheoli et Baiarum et Tabula Super Balneis Puteoli. Ms. 860 from the University Library of Valencia.\",\"breadcrumb\":{\"@id\":\"https:\\\/\\\/www.comprarmejor.es\\\/en\\\/product\\\/de-balneis-puteoli-c-1455-number-1-5\\\/#breadcrumb\"},\"inLanguage\":\"en-US\",\"potentialAction\":[{\"@type\":\"ReadAction\",\"target\":[\"https:\\\/\\\/www.comprarmejor.es\\\/en\\\/product\\\/de-balneis-puteoli-c-1455-number-1-5\\\/\"]}]},{\"@type\":\"ImageObject\",\"inLanguage\":\"en-US\",\"@id\":\"https:\\\/\\\/www.comprarmejor.es\\\/en\\\/product\\\/de-balneis-puteoli-c-1455-number-1-5\\\/#primaryimage\",\"url\":\"https:\\\/\\\/www.comprarmejor.es\\\/wp-content\\\/uploads\\\/2015\\\/11\\\/p_1_1_8_4_1184-De-Balneis-Puteoli-c.-1455-No.-1.jpg\",\"contentUrl\":\"https:\\\/\\\/www.comprarmejor.es\\\/wp-content\\\/uploads\\\/2015\\\/11\\\/p_1_1_8_4_1184-De-Balneis-Puteoli-c.-1455-No.-1.jpg\",\"width\":461,\"height\":600},{\"@type\":\"BreadcrumbList\",\"@id\":\"https:\\\/\\\/www.comprarmejor.es\\\/en\\\/product\\\/de-balneis-puteoli-c-1455-number-1-5\\\/#breadcrumb\",\"itemListElement\":[{\"@type\":\"ListItem\",\"position\":1,\"name\":\"Portada\",\"item\":\"https:\\\/\\\/www.comprarmejor.es\\\/en\\\/\"},{\"@type\":\"ListItem\",\"position\":2,\"name\":\"Shop\",\"item\":\"https:\\\/\\\/www.comprarmejor.es\\\/en\\\/shop\\\/\"},{\"@type\":\"ListItem\",\"position\":3,\"name\":\"De Balneis Puteoli, c. 1455 (Number 1) (5*)\"}]},{\"@type\":\"WebSite\",\"@id\":\"https:\\\/\\\/www.comprarmejor.es\\\/en\\\/#website\",\"url\":\"https:\\\/\\\/www.comprarmejor.es\\\/en\\\/\",\"name\":\"ComprarMejor\",\"description\":\"ComprarMejor\",\"publisher\":{\"@id\":\"https:\\\/\\\/www.comprarmejor.es\\\/en\\\/#organization\"},\"potentialAction\":[{\"@type\":\"SearchAction\",\"target\":{\"@type\":\"EntryPoint\",\"urlTemplate\":\"https:\\\/\\\/www.comprarmejor.es\\\/en\\\/?s={search_term_string}\"},\"query-input\":{\"@type\":\"PropertyValueSpecification\",\"valueRequired\":true,\"valueName\":\"search_term_string\"}}],\"inLanguage\":\"en-US\"},{\"@type\":\"Organization\",\"@id\":\"https:\\\/\\\/www.comprarmejor.es\\\/en\\\/#organization\",\"name\":\"COMPRAR MEJOR\",\"url\":\"https:\\\/\\\/www.comprarmejor.es\\\/en\\\/\",\"logo\":{\"@type\":\"ImageObject\",\"inLanguage\":\"en-US\",\"@id\":\"https:\\\/\\\/www.comprarmejor.es\\\/en\\\/#\\\/schema\\\/logo\\\/image\\\/\",\"url\":\"https:\\\/\\\/www.comprarmejor.es\\\/wp-content\\\/uploads\\\/2025\\\/09\\\/comprarmejortrinidad.jpg\",\"contentUrl\":\"https:\\\/\\\/www.comprarmejor.es\\\/wp-content\\\/uploads\\\/2025\\\/09\\\/comprarmejortrinidad.jpg\",\"width\":1022,\"height\":1380,\"caption\":\"COMPRAR MEJOR\"},\"image\":{\"@id\":\"https:\\\/\\\/www.comprarmejor.es\\\/en\\\/#\\\/schema\\\/logo\\\/image\\\/\"},\"sameAs\":[\"https:\\\/\\\/www.instagram.com\\\/amigosdelcodice\"]}]}<\/script>\n<!-- \/ Yoast SEO plugin. -->","yoast_head_json":{"title":"De Balneis Puteoli, c. 1455 (Number 1) (5*)","description":"Petrus of Ebolus. Nomina et Virtutes Balneorum Putheoli et Baiarum et Tabula Super Balneis Puteoli. Ms. 860 from the University Library of Valencia.","robots":{"index":"index","follow":"follow","max-snippet":"max-snippet:-1","max-image-preview":"max-image-preview:large","max-video-preview":"max-video-preview:-1"},"canonical":"https:\/\/www.comprarmejor.es\/en\/product\/de-balneis-puteoli-c-1455-number-1-5\/","og_locale":"en_US","og_type":"article","og_title":"De Balneis Puteoli, c. 1455 (Number 1) (5*)","og_description":"Petrus of Ebolus. Nomina et Virtutes Balneorum Putheoli et Baiarum et Tabula Super Balneis Puteoli. Ms. 860 from the University Library of Valencia.","og_url":"https:\/\/www.comprarmejor.es\/en\/product\/de-balneis-puteoli-c-1455-number-1-5\/","og_site_name":"ComprarMejor","article_modified_time":"2023-11-18T12:36:47+00:00","og_image":[{"width":461,"height":600,"url":"https:\/\/www.comprarmejor.es\/wp-content\/uploads\/2015\/11\/p_1_1_8_4_1184-De-Balneis-Puteoli-c.-1455-No.-1.jpg","type":"image\/jpeg"}],"twitter_card":"summary_large_image","twitter_misc":{"Est. reading time":"2 minutes"},"schema":{"@context":"https:\/\/schema.org","@graph":[{"@type":"WebPage","@id":"https:\/\/www.comprarmejor.es\/en\/product\/de-balneis-puteoli-c-1455-number-1-5\/","url":"https:\/\/www.comprarmejor.es\/en\/product\/de-balneis-puteoli-c-1455-number-1-5\/","name":"De Balneis Puteoli, c. 1455 (Number 1) (5*)","isPartOf":{"@id":"https:\/\/www.comprarmejor.es\/en\/#website"},"primaryImageOfPage":{"@id":"https:\/\/www.comprarmejor.es\/en\/product\/de-balneis-puteoli-c-1455-number-1-5\/#primaryimage"},"image":{"@id":"https:\/\/www.comprarmejor.es\/en\/product\/de-balneis-puteoli-c-1455-number-1-5\/#primaryimage"},"thumbnailUrl":"https:\/\/www.comprarmejor.es\/wp-content\/uploads\/2015\/11\/p_1_1_8_4_1184-De-Balneis-Puteoli-c.-1455-No.-1.jpg","datePublished":"2015-11-14T22:39:58+00:00","dateModified":"2023-11-18T12:36:47+00:00","description":"Petrus of Ebolus. Nomina et Virtutes Balneorum Putheoli et Baiarum et Tabula Super Balneis Puteoli. Ms. 860 from the University Library of Valencia.","breadcrumb":{"@id":"https:\/\/www.comprarmejor.es\/en\/product\/de-balneis-puteoli-c-1455-number-1-5\/#breadcrumb"},"inLanguage":"en-US","potentialAction":[{"@type":"ReadAction","target":["https:\/\/www.comprarmejor.es\/en\/product\/de-balneis-puteoli-c-1455-number-1-5\/"]}]},{"@type":"ImageObject","inLanguage":"en-US","@id":"https:\/\/www.comprarmejor.es\/en\/product\/de-balneis-puteoli-c-1455-number-1-5\/#primaryimage","url":"https:\/\/www.comprarmejor.es\/wp-content\/uploads\/2015\/11\/p_1_1_8_4_1184-De-Balneis-Puteoli-c.-1455-No.-1.jpg","contentUrl":"https:\/\/www.comprarmejor.es\/wp-content\/uploads\/2015\/11\/p_1_1_8_4_1184-De-Balneis-Puteoli-c.-1455-No.-1.jpg","width":461,"height":600},{"@type":"BreadcrumbList","@id":"https:\/\/www.comprarmejor.es\/en\/product\/de-balneis-puteoli-c-1455-number-1-5\/#breadcrumb","itemListElement":[{"@type":"ListItem","position":1,"name":"Portada","item":"https:\/\/www.comprarmejor.es\/en\/"},{"@type":"ListItem","position":2,"name":"Shop","item":"https:\/\/www.comprarmejor.es\/en\/shop\/"},{"@type":"ListItem","position":3,"name":"De Balneis Puteoli, c. 1455 (Number 1) (5*)"}]},{"@type":"WebSite","@id":"https:\/\/www.comprarmejor.es\/en\/#website","url":"https:\/\/www.comprarmejor.es\/en\/","name":"ComprarMejor","description":"ComprarMejor","publisher":{"@id":"https:\/\/www.comprarmejor.es\/en\/#organization"},"potentialAction":[{"@type":"SearchAction","target":{"@type":"EntryPoint","urlTemplate":"https:\/\/www.comprarmejor.es\/en\/?s={search_term_string}"},"query-input":{"@type":"PropertyValueSpecification","valueRequired":true,"valueName":"search_term_string"}}],"inLanguage":"en-US"},{"@type":"Organization","@id":"https:\/\/www.comprarmejor.es\/en\/#organization","name":"COMPRAR MEJOR","url":"https:\/\/www.comprarmejor.es\/en\/","logo":{"@type":"ImageObject","inLanguage":"en-US","@id":"https:\/\/www.comprarmejor.es\/en\/#\/schema\/logo\/image\/","url":"https:\/\/www.comprarmejor.es\/wp-content\/uploads\/2025\/09\/comprarmejortrinidad.jpg","contentUrl":"https:\/\/www.comprarmejor.es\/wp-content\/uploads\/2025\/09\/comprarmejortrinidad.jpg","width":1022,"height":1380,"caption":"COMPRAR MEJOR"},"image":{"@id":"https:\/\/www.comprarmejor.es\/en\/#\/schema\/logo\/image\/"},"sameAs":["https:\/\/www.instagram.com\/amigosdelcodice"]}]}},"_links":{"self":[{"href":"https:\/\/www.comprarmejor.es\/en\/wp-json\/wp\/v2\/product\/48777","targetHints":{"allow":["GET"]}}],"collection":[{"href":"https:\/\/www.comprarmejor.es\/en\/wp-json\/wp\/v2\/product"}],"about":[{"href":"https:\/\/www.comprarmejor.es\/en\/wp-json\/wp\/v2\/types\/product"}],"wp:featuredmedia":[{"embeddable":true,"href":"https:\/\/www.comprarmejor.es\/en\/wp-json\/wp\/v2\/media\/48767"}],"wp:attachment":[{"href":"https:\/\/www.comprarmejor.es\/en\/wp-json\/wp\/v2\/media?parent=48777"}],"wp:term":[{"taxonomy":"product_brand","embeddable":true,"href":"https:\/\/www.comprarmejor.es\/en\/wp-json\/wp\/v2\/product_brand?post=48777"},{"taxonomy":"product_cat","embeddable":true,"href":"https:\/\/www.comprarmejor.es\/en\/wp-json\/wp\/v2\/product_cat?post=48777"},{"taxonomy":"product_tag","embeddable":true,"href":"https:\/\/www.comprarmejor.es\/en\/wp-json\/wp\/v2\/product_tag?post=48777"}],"curies":[{"name":"wp","href":"https:\/\/api.w.org\/{rel}","templated":true}]}}