{"id":48783,"date":"2015-11-15T00:03:10","date_gmt":"2015-11-14T23:03:10","guid":{"rendered":"https:\/\/www.comprarmejor.es\/producto\/book-of-hours-of-louis-of-orleans-year-1490\/"},"modified":"2025-08-06T10:47:20","modified_gmt":"2025-08-06T08:47:20","slug":"25-book-of-hours-of-louis-of-orleans-year-1490","status":"publish","type":"product","link":"https:\/\/www.comprarmejor.es\/en\/product\/25-book-of-hours-of-louis-of-orleans-year-1490\/","title":{"rendered":"Book of Hours of Louis of Orleans, year 1490"},"content":{"rendered":"<p style=\"text-align: justify;\">Facsimile edition by Moleiro publishing house, corresponding to the original held at the National Library of Russia, Saint Petersburg (signature: Lat. Q.v.I.126), and dated 1490 (15th century).<\/p>\n<p style=\"text-align: justify;\">The illumination of this small manuscript, the work of Jean Colombe and his workshop, is truly exceptional, both for its elaborate illustrative concept, rich and varied, something rarely found in books of hours, and for its sumptuous floral margins.<\/p>\n<p style=\"text-align: justify;\">Facsimile bound in maroon velvet (we are giving away a pair of white gloves to prevent the velvet from fading), 16.5 x 22.5 cm, gilt edges. 230 pages, 90 miniatures with rich marginal ornamentation.<br \/>\nPresented in a leather case with a ribbed and gilt spine, 19 x 25.5 x 4.5 cm.<\/p>\n<p style=\"text-align: justify;\">Limited edition of 987 numbered and notarized copies.<\/p>\n<p style=\"text-align: justify;\">Fully illustrated in color, this monographic study book by Ana Dom\u00ednguez Rodr\u00edguez (Complutense University of Madrid) and Carlos Miranda Garc\u00eda (PhD in History). Hardcover with illustrated dust jacket and ribbon insert, 25 x 33 cm. 320 pages with 289 illustrations. Bilingual texts in Spanish and English.<\/p>\n<p style=\"text-align: justify;\">Complete copy and in perfect condition.<\/p>\n<p style=\"text-align: justify;\"><span title=\"Gastos de env\u00edo por cuenta del comprador, seg\u00fan pedido y destino.\"><span class=\"HwtZe\" lang=\"en\"><span class=\"jCAhz ChMk0b\"><span class=\"ryNqvb\">Free shipping for this item<\/span><\/span><\/span>. <\/span><span title=\"Cons\u00faltenos cualquier duda, as\u00ed como por cualquier otro facs\u00edmile que est\u00e9 buscando.\"><a class=\"btn btn-default\" href=\"https:\/\/www.comprarmejor.es\/en\/contact\/\">Ask us<\/a> <span class=\"HwtZe\" lang=\"en\"><span class=\"jCAhz ChMk0b\"><span class=\"ryNqvb\">any questions, including the item reference.<\/span><\/span><\/span><br \/>\n<\/span><\/p>\n","protected":false},"excerpt":{"rendered":"<p style=\"text-align: justify;\"><span id=\"result_box\" lang=\"en\" xml:lang=\"en\"><span title=\"Edici\u00f3n facs\u00edmile de la editorial Moleiro correspondiente al original custodiado en la Biblioteca Nacional de Rusia, San Petersburgo (signatura: Lat. QvI126), y fechado en 1490 (siglo XV).\"><span lang=\"en\" xml:lang=\"en\">Facsimile edition of the Moleiro publishing house corresponding to the original one kept in the National Library of Russia, Saint Petersburg (symbol: Lat. Q.v.I.126), and dated in 1490 (fifteenth century).<\/span><\/span><\/span><\/p>\n","protected":false},"featured_media":62125,"template":"","meta":[],"product_brand":[],"product_cat":[2226],"product_tag":[3970,5122,4017,4892],"class_list":{"0":"post-48783","1":"product","2":"type-product","3":"status-publish","4":"has-post-thumbnail","6":"product_cat-books-of-hours","7":"product_tag-colombe-en","8":"product_tag-hours-en","9":"product_tag-moleiro-en","10":"product_tag-orleans-en","11":"description-off","13":"first","14":"instock","15":"sale","16":"taxable","17":"shipping-taxable","18":"purchasable","19":"product-type-simple"},"yoast_head":"<!-- This site is optimized with the Yoast SEO plugin v27.3 - https:\/\/yoast.com\/product\/yoast-seo-wordpress\/ -->\n<title>Book of Hours of Louis of Orleans, year 1490, facsimile<\/title>\n<meta name=\"description\" content=\"Facsimile edition of the original publisher Moleiro corresponding kept in the National Library of Russia, St. Petersburg, and dated 1490\" \/>\n<meta name=\"robots\" content=\"index, follow, max-snippet:-1, max-image-preview:large, max-video-preview:-1\" \/>\n<link rel=\"canonical\" href=\"https:\/\/www.comprarmejor.es\/en\/product\/25-book-of-hours-of-louis-of-orleans-year-1490\/\" \/>\n<meta property=\"og:locale\" content=\"en_US\" \/>\n<meta property=\"og:type\" content=\"article\" \/>\n<meta property=\"og:title\" content=\"Book of Hours of Louis of Orleans, year 1490, facsimile\" \/>\n<meta property=\"og:description\" content=\"Facsimile edition of the original publisher Moleiro corresponding kept in the National Library of Russia, St. Petersburg, and dated 1490\" \/>\n<meta property=\"og:url\" content=\"https:\/\/www.comprarmejor.es\/en\/product\/25-book-of-hours-of-louis-of-orleans-year-1490\/\" \/>\n<meta property=\"og:site_name\" content=\"ComprarMejor\" \/>\n<meta property=\"article:modified_time\" content=\"2025-08-06T08:47:20+00:00\" \/>\n<meta property=\"og:image\" content=\"https:\/\/www.comprarmejor.es\/wp-content\/uploads\/2015\/11\/LHFO-1.jpg\" \/>\n\t<meta property=\"og:image:width\" content=\"334\" \/>\n\t<meta property=\"og:image:height\" content=\"458\" \/>\n\t<meta property=\"og:image:type\" content=\"image\/jpeg\" \/>\n<meta name=\"twitter:card\" content=\"summary_large_image\" \/>\n<meta name=\"twitter:label1\" content=\"Est. reading time\" \/>\n\t<meta name=\"twitter:data1\" content=\"2 minutes\" \/>\n<script type=\"application\/ld+json\" class=\"yoast-schema-graph\">{\"@context\":\"https:\\\/\\\/schema.org\",\"@graph\":[{\"@type\":\"WebPage\",\"@id\":\"https:\\\/\\\/www.comprarmejor.es\\\/en\\\/product\\\/25-book-of-hours-of-louis-of-orleans-year-1490\\\/\",\"url\":\"https:\\\/\\\/www.comprarmejor.es\\\/en\\\/product\\\/25-book-of-hours-of-louis-of-orleans-year-1490\\\/\",\"name\":\"Book of Hours of Louis of Orleans, year 1490, facsimile\",\"isPartOf\":{\"@id\":\"https:\\\/\\\/www.comprarmejor.es\\\/en\\\/#website\"},\"primaryImageOfPage\":{\"@id\":\"https:\\\/\\\/www.comprarmejor.es\\\/en\\\/product\\\/25-book-of-hours-of-louis-of-orleans-year-1490\\\/#primaryimage\"},\"image\":{\"@id\":\"https:\\\/\\\/www.comprarmejor.es\\\/en\\\/product\\\/25-book-of-hours-of-louis-of-orleans-year-1490\\\/#primaryimage\"},\"thumbnailUrl\":\"https:\\\/\\\/www.comprarmejor.es\\\/wp-content\\\/uploads\\\/2015\\\/11\\\/LHFO-1.jpg\",\"datePublished\":\"2015-11-14T23:03:10+00:00\",\"dateModified\":\"2025-08-06T08:47:20+00:00\",\"description\":\"Facsimile edition of the original publisher Moleiro corresponding kept in the National Library of Russia, St. Petersburg, and dated 1490\",\"breadcrumb\":{\"@id\":\"https:\\\/\\\/www.comprarmejor.es\\\/en\\\/product\\\/25-book-of-hours-of-louis-of-orleans-year-1490\\\/#breadcrumb\"},\"inLanguage\":\"en-US\",\"potentialAction\":[{\"@type\":\"ReadAction\",\"target\":[\"https:\\\/\\\/www.comprarmejor.es\\\/en\\\/product\\\/25-book-of-hours-of-louis-of-orleans-year-1490\\\/\"]}]},{\"@type\":\"ImageObject\",\"inLanguage\":\"en-US\",\"@id\":\"https:\\\/\\\/www.comprarmejor.es\\\/en\\\/product\\\/25-book-of-hours-of-louis-of-orleans-year-1490\\\/#primaryimage\",\"url\":\"https:\\\/\\\/www.comprarmejor.es\\\/wp-content\\\/uploads\\\/2015\\\/11\\\/LHFO-1.jpg\",\"contentUrl\":\"https:\\\/\\\/www.comprarmejor.es\\\/wp-content\\\/uploads\\\/2015\\\/11\\\/LHFO-1.jpg\",\"width\":334,\"height\":458},{\"@type\":\"BreadcrumbList\",\"@id\":\"https:\\\/\\\/www.comprarmejor.es\\\/en\\\/product\\\/25-book-of-hours-of-louis-of-orleans-year-1490\\\/#breadcrumb\",\"itemListElement\":[{\"@type\":\"ListItem\",\"position\":1,\"name\":\"Portada\",\"item\":\"https:\\\/\\\/www.comprarmejor.es\\\/en\\\/\"},{\"@type\":\"ListItem\",\"position\":2,\"name\":\"Shop\",\"item\":\"https:\\\/\\\/www.comprarmejor.es\\\/en\\\/shop\\\/\"},{\"@type\":\"ListItem\",\"position\":3,\"name\":\"Book of Hours of Louis of Orleans, year 1490\"}]},{\"@type\":\"WebSite\",\"@id\":\"https:\\\/\\\/www.comprarmejor.es\\\/en\\\/#website\",\"url\":\"https:\\\/\\\/www.comprarmejor.es\\\/en\\\/\",\"name\":\"ComprarMejor\",\"description\":\"ComprarMejor\",\"publisher\":{\"@id\":\"https:\\\/\\\/www.comprarmejor.es\\\/en\\\/#organization\"},\"potentialAction\":[{\"@type\":\"SearchAction\",\"target\":{\"@type\":\"EntryPoint\",\"urlTemplate\":\"https:\\\/\\\/www.comprarmejor.es\\\/en\\\/?s={search_term_string}\"},\"query-input\":{\"@type\":\"PropertyValueSpecification\",\"valueRequired\":true,\"valueName\":\"search_term_string\"}}],\"inLanguage\":\"en-US\"},{\"@type\":\"Organization\",\"@id\":\"https:\\\/\\\/www.comprarmejor.es\\\/en\\\/#organization\",\"name\":\"COMPRAR MEJOR\",\"url\":\"https:\\\/\\\/www.comprarmejor.es\\\/en\\\/\",\"logo\":{\"@type\":\"ImageObject\",\"inLanguage\":\"en-US\",\"@id\":\"https:\\\/\\\/www.comprarmejor.es\\\/en\\\/#\\\/schema\\\/logo\\\/image\\\/\",\"url\":\"https:\\\/\\\/www.comprarmejor.es\\\/wp-content\\\/uploads\\\/2025\\\/09\\\/comprarmejortrinidad.jpg\",\"contentUrl\":\"https:\\\/\\\/www.comprarmejor.es\\\/wp-content\\\/uploads\\\/2025\\\/09\\\/comprarmejortrinidad.jpg\",\"width\":1022,\"height\":1380,\"caption\":\"COMPRAR MEJOR\"},\"image\":{\"@id\":\"https:\\\/\\\/www.comprarmejor.es\\\/en\\\/#\\\/schema\\\/logo\\\/image\\\/\"},\"sameAs\":[\"https:\\\/\\\/www.instagram.com\\\/amigosdelcodice\"]}]}<\/script>\n<!-- \/ Yoast SEO plugin. -->","yoast_head_json":{"title":"Book of Hours of Louis of Orleans, year 1490, facsimile","description":"Facsimile edition of the original publisher Moleiro corresponding kept in the National Library of Russia, St. Petersburg, and dated 1490","robots":{"index":"index","follow":"follow","max-snippet":"max-snippet:-1","max-image-preview":"max-image-preview:large","max-video-preview":"max-video-preview:-1"},"canonical":"https:\/\/www.comprarmejor.es\/en\/product\/25-book-of-hours-of-louis-of-orleans-year-1490\/","og_locale":"en_US","og_type":"article","og_title":"Book of Hours of Louis of Orleans, year 1490, facsimile","og_description":"Facsimile edition of the original publisher Moleiro corresponding kept in the National Library of Russia, St. Petersburg, and dated 1490","og_url":"https:\/\/www.comprarmejor.es\/en\/product\/25-book-of-hours-of-louis-of-orleans-year-1490\/","og_site_name":"ComprarMejor","article_modified_time":"2025-08-06T08:47:20+00:00","og_image":[{"width":334,"height":458,"url":"https:\/\/www.comprarmejor.es\/wp-content\/uploads\/2015\/11\/LHFO-1.jpg","type":"image\/jpeg"}],"twitter_card":"summary_large_image","twitter_misc":{"Est. reading time":"2 minutes"},"schema":{"@context":"https:\/\/schema.org","@graph":[{"@type":"WebPage","@id":"https:\/\/www.comprarmejor.es\/en\/product\/25-book-of-hours-of-louis-of-orleans-year-1490\/","url":"https:\/\/www.comprarmejor.es\/en\/product\/25-book-of-hours-of-louis-of-orleans-year-1490\/","name":"Book of Hours of Louis of Orleans, year 1490, facsimile","isPartOf":{"@id":"https:\/\/www.comprarmejor.es\/en\/#website"},"primaryImageOfPage":{"@id":"https:\/\/www.comprarmejor.es\/en\/product\/25-book-of-hours-of-louis-of-orleans-year-1490\/#primaryimage"},"image":{"@id":"https:\/\/www.comprarmejor.es\/en\/product\/25-book-of-hours-of-louis-of-orleans-year-1490\/#primaryimage"},"thumbnailUrl":"https:\/\/www.comprarmejor.es\/wp-content\/uploads\/2015\/11\/LHFO-1.jpg","datePublished":"2015-11-14T23:03:10+00:00","dateModified":"2025-08-06T08:47:20+00:00","description":"Facsimile edition of the original publisher Moleiro corresponding kept in the National Library of Russia, St. Petersburg, and dated 1490","breadcrumb":{"@id":"https:\/\/www.comprarmejor.es\/en\/product\/25-book-of-hours-of-louis-of-orleans-year-1490\/#breadcrumb"},"inLanguage":"en-US","potentialAction":[{"@type":"ReadAction","target":["https:\/\/www.comprarmejor.es\/en\/product\/25-book-of-hours-of-louis-of-orleans-year-1490\/"]}]},{"@type":"ImageObject","inLanguage":"en-US","@id":"https:\/\/www.comprarmejor.es\/en\/product\/25-book-of-hours-of-louis-of-orleans-year-1490\/#primaryimage","url":"https:\/\/www.comprarmejor.es\/wp-content\/uploads\/2015\/11\/LHFO-1.jpg","contentUrl":"https:\/\/www.comprarmejor.es\/wp-content\/uploads\/2015\/11\/LHFO-1.jpg","width":334,"height":458},{"@type":"BreadcrumbList","@id":"https:\/\/www.comprarmejor.es\/en\/product\/25-book-of-hours-of-louis-of-orleans-year-1490\/#breadcrumb","itemListElement":[{"@type":"ListItem","position":1,"name":"Portada","item":"https:\/\/www.comprarmejor.es\/en\/"},{"@type":"ListItem","position":2,"name":"Shop","item":"https:\/\/www.comprarmejor.es\/en\/shop\/"},{"@type":"ListItem","position":3,"name":"Book of Hours of Louis of Orleans, year 1490"}]},{"@type":"WebSite","@id":"https:\/\/www.comprarmejor.es\/en\/#website","url":"https:\/\/www.comprarmejor.es\/en\/","name":"ComprarMejor","description":"ComprarMejor","publisher":{"@id":"https:\/\/www.comprarmejor.es\/en\/#organization"},"potentialAction":[{"@type":"SearchAction","target":{"@type":"EntryPoint","urlTemplate":"https:\/\/www.comprarmejor.es\/en\/?s={search_term_string}"},"query-input":{"@type":"PropertyValueSpecification","valueRequired":true,"valueName":"search_term_string"}}],"inLanguage":"en-US"},{"@type":"Organization","@id":"https:\/\/www.comprarmejor.es\/en\/#organization","name":"COMPRAR MEJOR","url":"https:\/\/www.comprarmejor.es\/en\/","logo":{"@type":"ImageObject","inLanguage":"en-US","@id":"https:\/\/www.comprarmejor.es\/en\/#\/schema\/logo\/image\/","url":"https:\/\/www.comprarmejor.es\/wp-content\/uploads\/2025\/09\/comprarmejortrinidad.jpg","contentUrl":"https:\/\/www.comprarmejor.es\/wp-content\/uploads\/2025\/09\/comprarmejortrinidad.jpg","width":1022,"height":1380,"caption":"COMPRAR MEJOR"},"image":{"@id":"https:\/\/www.comprarmejor.es\/en\/#\/schema\/logo\/image\/"},"sameAs":["https:\/\/www.instagram.com\/amigosdelcodice"]}]}},"_links":{"self":[{"href":"https:\/\/www.comprarmejor.es\/en\/wp-json\/wp\/v2\/product\/48783","targetHints":{"allow":["GET"]}}],"collection":[{"href":"https:\/\/www.comprarmejor.es\/en\/wp-json\/wp\/v2\/product"}],"about":[{"href":"https:\/\/www.comprarmejor.es\/en\/wp-json\/wp\/v2\/types\/product"}],"wp:featuredmedia":[{"embeddable":true,"href":"https:\/\/www.comprarmejor.es\/en\/wp-json\/wp\/v2\/media\/62125"}],"wp:attachment":[{"href":"https:\/\/www.comprarmejor.es\/en\/wp-json\/wp\/v2\/media?parent=48783"}],"wp:term":[{"taxonomy":"product_brand","embeddable":true,"href":"https:\/\/www.comprarmejor.es\/en\/wp-json\/wp\/v2\/product_brand?post=48783"},{"taxonomy":"product_cat","embeddable":true,"href":"https:\/\/www.comprarmejor.es\/en\/wp-json\/wp\/v2\/product_cat?post=48783"},{"taxonomy":"product_tag","embeddable":true,"href":"https:\/\/www.comprarmejor.es\/en\/wp-json\/wp\/v2\/product_tag?post=48783"}],"curies":[{"name":"wp","href":"https:\/\/api.w.org\/{rel}","templated":true}]}}