{"id":48857,"date":"2015-11-17T17:12:33","date_gmt":"2015-11-17T16:12:33","guid":{"rendered":"https:\/\/www.comprarmejor.es\/producto\/book-of-hours-of-philip-ii-year-1568-escorial\/"},"modified":"2019-12-25T11:16:25","modified_gmt":"2019-12-25T10:16:25","slug":"book-of-hours-of-philip-ii-year-1568-escorial","status":"publish","type":"product","link":"https:\/\/www.comprarmejor.es\/en\/product\/book-of-hours-of-philip-ii-year-1568-escorial\/","title":{"rendered":"Book of Hours of Philip II, year 1568, Escorial"},"content":{"rendered":"<p style=\"text-align:justify;\"><span id=\"result_box\" lang=\"en\" xml:lang=\"en\"><span title=\"Liber Missarum et Officiorum, m\u00e1s conocido como Libro de Horas de Felipe II del Real Monasterio de El Escorial, est\u00e1 considerado por muchos estudiosos como el manuscrito m\u00e1s bello del mundo para el monarca m\u00e1s poderoso y como la obra m\u00e1s rica y caracter\u00edstica realizada en su escritorio\">Officiorum Missarum et Liber, better known as the Book of Hours of Philip II of Royal Monastery of El Escorial is considered by many scholars as the most beautiful manuscript of the world to the most powerful monarch and as the richest and feature work done on your desktop <\/span><span title=\", donde se conserva en su Biblioteca (ms. Vitrina 2).\">where it is stored in your Library (ms. Window 2).<\/p>\n<p><\/span><span title=\"Escritura: Lat\u00edn.\">Writing: Latin. <\/span><span title=\"Ilustraciones: 45 miniaturas iluminadas con oro.\">Illustrations: 45 miniatures illuminated with gold. <\/span><span title=\"Extensi\u00f3n: 320 p\u00e1ginas de pergamino.\">Length: 320 pages of parchment. <\/span><span title=\"Facs\u00edmile formato 23 x 31 cm.\">Facsimile format 23 x 31 cm. <\/span><span title=\"Encuadernado en piel sobre tabla en edici\u00f3n \u00fanica, limitada y numerada notarialmente.\">Leatherbound on single table, limited and numbered edition notary.<\/p>\n<p><\/span><span title=\"Siendo su manuscrito predilecto, acompa\u00f1\u00f3 al rey durante toda su vida, ante sus \u00e9xitos y fracasos.\">Being your favorite manuscript, he accompanied the king throughout his life, before his successes and failures. <\/span><span title=\"Fue escrito y miniado en el a\u00f1o 1568 por los frailes Andr\u00e9s de Le\u00f3n, Juli\u00e1n de la Fuente el Saz y Mart\u00edn de Palencia, que se inspiraron en el estilo del manierista Giulio Clovio.\">It was written and illustrated in 1568 by Andres de Leon, Julian friars of the Fuente el Saz and Martin de Palencia, who were inspired by the Mannerist style Giulio Clovio.<\/p>\n<p><\/span><span title=\"Giulio Clovio naci\u00f3 en Croacia y muri\u00f3 en Italia (1498-1578), fue considerado el m\u00e1s grande miniaturista de su tiempo.\">Giulio Clovio born in Croatia and died in Italy (1498-1578), he was considered the greatest miniaturist of his time. <\/span><span title=\"Se instal\u00f3 en Roma donde fue protector del joven Domenico Theotocopouli, el Greco.\">He settled in Rome where he was protector of the young Domenico Theotocopouli, El Greco. <\/span><span title=\"Al servicio de la familia veneciana de los Grimani, sus modelos de inspiraci\u00f3n fueron Miguel \u00c1ngel y Rafael, al que sigue en la paleta de colores.\">Serving the Venetian family Grimani, their models of inspiration were Michelangelo and Raphael, who follows in the palette. <\/span><span title=\"Entre sus obras destacan el Atlas de Carlos V, el Libro de Horas Farnesio y los Triunfos de Carlos V.\">His works include the Atlas of Carlos V, the Book of Hours Farnese and the Triumphs of Charles V.<\/p>\n<p><\/span><span title=\"En la realizaci\u00f3n del facs\u00edmile se han dibujado con oro, uno a uno, los tonos dorados, obteni\u00e9ndose una fiel reproducci\u00f3n del original.\">In carrying out the facsimile are drawn with gold, one by one, the golden tones, giving a faithful reproduction of the original. <\/span><span title=\"Obra editada en 1996.\">Work published in 1996.<\/p>\n<p><\/span><span title=\"Estudio hist\u00f3rico-art\u00edstico realizado por D. Francisco Gimeno Blay, catedr\u00e1tico de Ciencias y T\u00e9cnicas Historiogr\u00e1ficas, y D. Amadeo Serra Desfilis, profesor titular de Historia del Arte, ambos de la Universidad de Valencia.\">Historical and artistic study by D. Francisco Gimeno Blay, professor of Historiographic Sciences and Techniques, and Desfilis D. Amadeo Serra, Professor of Art History, both from the University of Valencia. <\/span><span title=\"Formato del libro estudio: 19 x 24,5 cm, 176 p\u00e1ginas.\">Study book format: 19 x 24.5 cm, 176 pages.<\/p>\n<p><\/span><span title=\"El facs\u00edmile se entrega con un estuche abierto de metacrilato para una mejor conservaci\u00f3n y exposici\u00f3n, formato 24 x 34 x 9 cm.\">The fax is delivered with an open methacrylate for better storage and display case, format 24 x 34 x 9 cm. <\/span><span title=\"Asimismo, incluye certificaci\u00f3n pericial de que su realizaci\u00f3n cumple con las normas de los facs\u00edmiles y la calidad de sus iluminaciones con respecto al c\u00f3dice original.\">It also includes expert certification that its performance meets the standards of the facsimiles and the quality of its illuminations from the original\u00a0<\/span><span title=\"Gastos de env\u00edo por cuenta del comprador, seg\u00fan pedido y destino.\"><span lang=\"en\" xml:lang=\"en\">codex.<\/p>\n<p>Shipping<\/span> by the buyer, upon request and destination.\u00a0<\/span><span title=\"Cons\u00faltenos cualquier duda, as\u00ed como por cualquier otro facs\u00edmile que est\u00e9 buscando.\"><a class=\"btn btn-default\" href=\"http:\/\/comprarmejor.es\/en\/contact\">Ask us<\/a> any questions and any other fax you are looking for.<\/span><\/span><\/p>\n","protected":false},"excerpt":{"rendered":"<p style=\"text-align:justify;\"><span id=\"result_box\" lang=\"en\" xml:lang=\"en\"><span title=\"Liber Missarum et Officiorum, m\u00e1s conocido como Libro de Horas de Felipe II del Real Monasterio de El Escorial, est\u00e1 considerado por muchos estudiosos como el manuscrito m\u00e1s bello del mundo para el monarca m\u00e1s poderoso y como la obra m\u00e1s rica y caracter\u00edstica realizada en su escritorio\">Officiorum Missarum et Liber, better known as the Book of Hours of Philip II of Royal Monastery of El Escorial is considered by many scholars as the most beautiful manuscript of the world to the most powerful monarch and as the richest and feature work done on your desktop <\/span><span title=\", donde se conserva en su Biblioteca (ms. Vitrina 2).\">where it is stored in your Library.<br \/><\/span><\/span><\/p>\n","protected":false},"featured_media":48841,"template":"","meta":[],"product_brand":[],"product_cat":[2226,2220],"product_tag":[3984,4013,5122,4196],"class_list":{"0":"post-48857","1":"product","2":"type-product","3":"status-publish","4":"has-post-thumbnail","6":"product_cat-books-of-hours","7":"product_cat-special-offers","8":"product_tag-escorial-en-2","9":"product_tag-felipe-en-2","10":"product_tag-hours-en","11":"product_tag-patrimonio-en","12":"product_shipping_class-from-2-to-5-kg","13":"description-off","15":"first","16":"instock","17":"sale","18":"taxable","19":"shipping-taxable","20":"purchasable","21":"product-type-simple"},"yoast_head":"<!-- This site is optimized with the Yoast SEO plugin v27.3 - https:\/\/yoast.com\/product\/yoast-seo-wordpress\/ -->\n<title>Book of Hours of Philip II, year 1568, Escorial<\/title>\n<meta name=\"description\" content=\"Considered by many scholars as the most beautiful manuscript of the world to the most powerful monarch and as the richest and feature work done on your desktop.\" \/>\n<meta name=\"robots\" content=\"index, follow, max-snippet:-1, max-image-preview:large, max-video-preview:-1\" \/>\n<link rel=\"canonical\" href=\"https:\/\/www.comprarmejor.es\/en\/product\/book-of-hours-of-philip-ii-year-1568-escorial\/\" \/>\n<meta property=\"og:locale\" content=\"en_US\" \/>\n<meta property=\"og:type\" content=\"article\" \/>\n<meta property=\"og:title\" content=\"Book of Hours of Philip II, year 1568, Escorial\" \/>\n<meta property=\"og:description\" content=\"Considered by many scholars as the most beautiful manuscript of the world to the most powerful monarch and as the richest and feature work done on your desktop.\" \/>\n<meta property=\"og:url\" content=\"https:\/\/www.comprarmejor.es\/en\/product\/book-of-hours-of-philip-ii-year-1568-escorial\/\" \/>\n<meta property=\"og:site_name\" content=\"ComprarMejor\" \/>\n<meta property=\"article:modified_time\" content=\"2019-12-25T10:16:25+00:00\" \/>\n<meta property=\"og:image\" content=\"https:\/\/www.comprarmejor.es\/wp-content\/uploads\/2015\/11\/p_1_2_2_4_1224-Libro-de-Horas-de-Felipe-II-ano-1568-Escorial.jpg\" \/>\n\t<meta property=\"og:image:width\" content=\"600\" \/>\n\t<meta property=\"og:image:height\" content=\"450\" \/>\n\t<meta property=\"og:image:type\" content=\"image\/jpeg\" \/>\n<meta name=\"twitter:card\" content=\"summary_large_image\" \/>\n<meta name=\"twitter:label1\" content=\"Est. reading time\" \/>\n\t<meta name=\"twitter:data1\" content=\"2 minutes\" \/>\n<script type=\"application\/ld+json\" class=\"yoast-schema-graph\">{\"@context\":\"https:\\\/\\\/schema.org\",\"@graph\":[{\"@type\":\"WebPage\",\"@id\":\"https:\\\/\\\/www.comprarmejor.es\\\/en\\\/product\\\/book-of-hours-of-philip-ii-year-1568-escorial\\\/\",\"url\":\"https:\\\/\\\/www.comprarmejor.es\\\/en\\\/product\\\/book-of-hours-of-philip-ii-year-1568-escorial\\\/\",\"name\":\"Book of Hours of Philip II, year 1568, Escorial\",\"isPartOf\":{\"@id\":\"https:\\\/\\\/www.comprarmejor.es\\\/en\\\/#website\"},\"primaryImageOfPage\":{\"@id\":\"https:\\\/\\\/www.comprarmejor.es\\\/en\\\/product\\\/book-of-hours-of-philip-ii-year-1568-escorial\\\/#primaryimage\"},\"image\":{\"@id\":\"https:\\\/\\\/www.comprarmejor.es\\\/en\\\/product\\\/book-of-hours-of-philip-ii-year-1568-escorial\\\/#primaryimage\"},\"thumbnailUrl\":\"https:\\\/\\\/www.comprarmejor.es\\\/wp-content\\\/uploads\\\/2015\\\/11\\\/p_1_2_2_4_1224-Libro-de-Horas-de-Felipe-II-ano-1568-Escorial.jpg\",\"datePublished\":\"2015-11-17T16:12:33+00:00\",\"dateModified\":\"2019-12-25T10:16:25+00:00\",\"description\":\"Considered by many scholars as the most beautiful manuscript of the world to the most powerful monarch and as the richest and feature work done on your desktop.\",\"breadcrumb\":{\"@id\":\"https:\\\/\\\/www.comprarmejor.es\\\/en\\\/product\\\/book-of-hours-of-philip-ii-year-1568-escorial\\\/#breadcrumb\"},\"inLanguage\":\"en-US\",\"potentialAction\":[{\"@type\":\"ReadAction\",\"target\":[\"https:\\\/\\\/www.comprarmejor.es\\\/en\\\/product\\\/book-of-hours-of-philip-ii-year-1568-escorial\\\/\"]}]},{\"@type\":\"ImageObject\",\"inLanguage\":\"en-US\",\"@id\":\"https:\\\/\\\/www.comprarmejor.es\\\/en\\\/product\\\/book-of-hours-of-philip-ii-year-1568-escorial\\\/#primaryimage\",\"url\":\"https:\\\/\\\/www.comprarmejor.es\\\/wp-content\\\/uploads\\\/2015\\\/11\\\/p_1_2_2_4_1224-Libro-de-Horas-de-Felipe-II-ano-1568-Escorial.jpg\",\"contentUrl\":\"https:\\\/\\\/www.comprarmejor.es\\\/wp-content\\\/uploads\\\/2015\\\/11\\\/p_1_2_2_4_1224-Libro-de-Horas-de-Felipe-II-ano-1568-Escorial.jpg\",\"width\":600,\"height\":450},{\"@type\":\"BreadcrumbList\",\"@id\":\"https:\\\/\\\/www.comprarmejor.es\\\/en\\\/product\\\/book-of-hours-of-philip-ii-year-1568-escorial\\\/#breadcrumb\",\"itemListElement\":[{\"@type\":\"ListItem\",\"position\":1,\"name\":\"Portada\",\"item\":\"https:\\\/\\\/www.comprarmejor.es\\\/en\\\/\"},{\"@type\":\"ListItem\",\"position\":2,\"name\":\"Shop\",\"item\":\"https:\\\/\\\/www.comprarmejor.es\\\/en\\\/shop\\\/\"},{\"@type\":\"ListItem\",\"position\":3,\"name\":\"Book of Hours of Philip II, year 1568, Escorial\"}]},{\"@type\":\"WebSite\",\"@id\":\"https:\\\/\\\/www.comprarmejor.es\\\/en\\\/#website\",\"url\":\"https:\\\/\\\/www.comprarmejor.es\\\/en\\\/\",\"name\":\"ComprarMejor\",\"description\":\"ComprarMejor\",\"publisher\":{\"@id\":\"https:\\\/\\\/www.comprarmejor.es\\\/en\\\/#organization\"},\"potentialAction\":[{\"@type\":\"SearchAction\",\"target\":{\"@type\":\"EntryPoint\",\"urlTemplate\":\"https:\\\/\\\/www.comprarmejor.es\\\/en\\\/?s={search_term_string}\"},\"query-input\":{\"@type\":\"PropertyValueSpecification\",\"valueRequired\":true,\"valueName\":\"search_term_string\"}}],\"inLanguage\":\"en-US\"},{\"@type\":\"Organization\",\"@id\":\"https:\\\/\\\/www.comprarmejor.es\\\/en\\\/#organization\",\"name\":\"COMPRAR MEJOR\",\"url\":\"https:\\\/\\\/www.comprarmejor.es\\\/en\\\/\",\"logo\":{\"@type\":\"ImageObject\",\"inLanguage\":\"en-US\",\"@id\":\"https:\\\/\\\/www.comprarmejor.es\\\/en\\\/#\\\/schema\\\/logo\\\/image\\\/\",\"url\":\"https:\\\/\\\/www.comprarmejor.es\\\/wp-content\\\/uploads\\\/2025\\\/09\\\/comprarmejortrinidad.jpg\",\"contentUrl\":\"https:\\\/\\\/www.comprarmejor.es\\\/wp-content\\\/uploads\\\/2025\\\/09\\\/comprarmejortrinidad.jpg\",\"width\":1022,\"height\":1380,\"caption\":\"COMPRAR MEJOR\"},\"image\":{\"@id\":\"https:\\\/\\\/www.comprarmejor.es\\\/en\\\/#\\\/schema\\\/logo\\\/image\\\/\"},\"sameAs\":[\"https:\\\/\\\/www.instagram.com\\\/amigosdelcodice\"]}]}<\/script>\n<!-- \/ Yoast SEO plugin. -->","yoast_head_json":{"title":"Book of Hours of Philip II, year 1568, Escorial","description":"Considered by many scholars as the most beautiful manuscript of the world to the most powerful monarch and as the richest and feature work done on your desktop.","robots":{"index":"index","follow":"follow","max-snippet":"max-snippet:-1","max-image-preview":"max-image-preview:large","max-video-preview":"max-video-preview:-1"},"canonical":"https:\/\/www.comprarmejor.es\/en\/product\/book-of-hours-of-philip-ii-year-1568-escorial\/","og_locale":"en_US","og_type":"article","og_title":"Book of Hours of Philip II, year 1568, Escorial","og_description":"Considered by many scholars as the most beautiful manuscript of the world to the most powerful monarch and as the richest and feature work done on your desktop.","og_url":"https:\/\/www.comprarmejor.es\/en\/product\/book-of-hours-of-philip-ii-year-1568-escorial\/","og_site_name":"ComprarMejor","article_modified_time":"2019-12-25T10:16:25+00:00","og_image":[{"width":600,"height":450,"url":"https:\/\/www.comprarmejor.es\/wp-content\/uploads\/2015\/11\/p_1_2_2_4_1224-Libro-de-Horas-de-Felipe-II-ano-1568-Escorial.jpg","type":"image\/jpeg"}],"twitter_card":"summary_large_image","twitter_misc":{"Est. reading time":"2 minutes"},"schema":{"@context":"https:\/\/schema.org","@graph":[{"@type":"WebPage","@id":"https:\/\/www.comprarmejor.es\/en\/product\/book-of-hours-of-philip-ii-year-1568-escorial\/","url":"https:\/\/www.comprarmejor.es\/en\/product\/book-of-hours-of-philip-ii-year-1568-escorial\/","name":"Book of Hours of Philip II, year 1568, Escorial","isPartOf":{"@id":"https:\/\/www.comprarmejor.es\/en\/#website"},"primaryImageOfPage":{"@id":"https:\/\/www.comprarmejor.es\/en\/product\/book-of-hours-of-philip-ii-year-1568-escorial\/#primaryimage"},"image":{"@id":"https:\/\/www.comprarmejor.es\/en\/product\/book-of-hours-of-philip-ii-year-1568-escorial\/#primaryimage"},"thumbnailUrl":"https:\/\/www.comprarmejor.es\/wp-content\/uploads\/2015\/11\/p_1_2_2_4_1224-Libro-de-Horas-de-Felipe-II-ano-1568-Escorial.jpg","datePublished":"2015-11-17T16:12:33+00:00","dateModified":"2019-12-25T10:16:25+00:00","description":"Considered by many scholars as the most beautiful manuscript of the world to the most powerful monarch and as the richest and feature work done on your desktop.","breadcrumb":{"@id":"https:\/\/www.comprarmejor.es\/en\/product\/book-of-hours-of-philip-ii-year-1568-escorial\/#breadcrumb"},"inLanguage":"en-US","potentialAction":[{"@type":"ReadAction","target":["https:\/\/www.comprarmejor.es\/en\/product\/book-of-hours-of-philip-ii-year-1568-escorial\/"]}]},{"@type":"ImageObject","inLanguage":"en-US","@id":"https:\/\/www.comprarmejor.es\/en\/product\/book-of-hours-of-philip-ii-year-1568-escorial\/#primaryimage","url":"https:\/\/www.comprarmejor.es\/wp-content\/uploads\/2015\/11\/p_1_2_2_4_1224-Libro-de-Horas-de-Felipe-II-ano-1568-Escorial.jpg","contentUrl":"https:\/\/www.comprarmejor.es\/wp-content\/uploads\/2015\/11\/p_1_2_2_4_1224-Libro-de-Horas-de-Felipe-II-ano-1568-Escorial.jpg","width":600,"height":450},{"@type":"BreadcrumbList","@id":"https:\/\/www.comprarmejor.es\/en\/product\/book-of-hours-of-philip-ii-year-1568-escorial\/#breadcrumb","itemListElement":[{"@type":"ListItem","position":1,"name":"Portada","item":"https:\/\/www.comprarmejor.es\/en\/"},{"@type":"ListItem","position":2,"name":"Shop","item":"https:\/\/www.comprarmejor.es\/en\/shop\/"},{"@type":"ListItem","position":3,"name":"Book of Hours of Philip II, year 1568, Escorial"}]},{"@type":"WebSite","@id":"https:\/\/www.comprarmejor.es\/en\/#website","url":"https:\/\/www.comprarmejor.es\/en\/","name":"ComprarMejor","description":"ComprarMejor","publisher":{"@id":"https:\/\/www.comprarmejor.es\/en\/#organization"},"potentialAction":[{"@type":"SearchAction","target":{"@type":"EntryPoint","urlTemplate":"https:\/\/www.comprarmejor.es\/en\/?s={search_term_string}"},"query-input":{"@type":"PropertyValueSpecification","valueRequired":true,"valueName":"search_term_string"}}],"inLanguage":"en-US"},{"@type":"Organization","@id":"https:\/\/www.comprarmejor.es\/en\/#organization","name":"COMPRAR MEJOR","url":"https:\/\/www.comprarmejor.es\/en\/","logo":{"@type":"ImageObject","inLanguage":"en-US","@id":"https:\/\/www.comprarmejor.es\/en\/#\/schema\/logo\/image\/","url":"https:\/\/www.comprarmejor.es\/wp-content\/uploads\/2025\/09\/comprarmejortrinidad.jpg","contentUrl":"https:\/\/www.comprarmejor.es\/wp-content\/uploads\/2025\/09\/comprarmejortrinidad.jpg","width":1022,"height":1380,"caption":"COMPRAR MEJOR"},"image":{"@id":"https:\/\/www.comprarmejor.es\/en\/#\/schema\/logo\/image\/"},"sameAs":["https:\/\/www.instagram.com\/amigosdelcodice"]}]}},"_links":{"self":[{"href":"https:\/\/www.comprarmejor.es\/en\/wp-json\/wp\/v2\/product\/48857","targetHints":{"allow":["GET"]}}],"collection":[{"href":"https:\/\/www.comprarmejor.es\/en\/wp-json\/wp\/v2\/product"}],"about":[{"href":"https:\/\/www.comprarmejor.es\/en\/wp-json\/wp\/v2\/types\/product"}],"wp:featuredmedia":[{"embeddable":true,"href":"https:\/\/www.comprarmejor.es\/en\/wp-json\/wp\/v2\/media\/48841"}],"wp:attachment":[{"href":"https:\/\/www.comprarmejor.es\/en\/wp-json\/wp\/v2\/media?parent=48857"}],"wp:term":[{"taxonomy":"product_brand","embeddable":true,"href":"https:\/\/www.comprarmejor.es\/en\/wp-json\/wp\/v2\/product_brand?post=48857"},{"taxonomy":"product_cat","embeddable":true,"href":"https:\/\/www.comprarmejor.es\/en\/wp-json\/wp\/v2\/product_cat?post=48857"},{"taxonomy":"product_tag","embeddable":true,"href":"https:\/\/www.comprarmejor.es\/en\/wp-json\/wp\/v2\/product_tag?post=48857"}],"curies":[{"name":"wp","href":"https:\/\/api.w.org\/{rel}","templated":true}]}}