{"id":48891,"date":"2015-11-18T11:12:04","date_gmt":"2015-11-18T10:12:04","guid":{"rendered":"https:\/\/www.comprarmejor.es\/producto\/the-chronicles-of-abbreviated-crusades-1455-ee\/"},"modified":"2025-02-10T11:43:01","modified_gmt":"2025-02-10T10:43:01","slug":"ciencia-heroyca-leyes-heraldicas-del-blason-circulo-del-bibliofilo-1979","status":"publish","type":"product","link":"https:\/\/www.comprarmejor.es\/en\/product\/ciencia-heroyca-leyes-heraldicas-del-blason-circulo-del-bibliofilo-1979\/","title":{"rendered":"Ciencia Heroyca, Leyes her\u00e1ldicas del Blas\u00f3n. C\u00edrculo del Bibli\u00f3filo, 1979"},"content":{"rendered":"<p style=\"text-align: justify;\">Spanish facsimile edition of \u201cCiencia Heroica reduced to the heraldic laws of the Blas\u00f3n\u201d, by the Marquis of Avil\u00e9s (Jos\u00e9 de Avil\u00e9s, 1683-1767), according to the Madrid edition of the year 1780, by the C\u00edrculo del Bibli\u00f3filo, 1979. Illustrated with copies of all the pieces, figures and ornaments that can be used to compose a Coat of Arms, both internally and externally.<\/p>\n<p style=\"text-align: justify;\">Essential work for the study and creation of Heraldry. 2 volumes that complement a great study on this noble science.<\/p>\n<p style=\"text-align: justify;\">Common features:<br \/>\nBinding in embossed leather and decorated with dry heraldic shields on the pages and gilded on the spines. Guide tape. Top edge gilded. Format 14.5 x 20.5 cm. Laid paper with the Circle watermark, bordered in colour.<br \/>\nLimited edition of 1,499 copies, numbered and certified.<br \/>\nBoth volumes are in very good condition, although they have slight restored pecking marks on the tips and edges of the spines, of no great importance. Interiors in perfect condition.<\/p>\n<p style=\"text-align: justify;\">Volume I: 492 pages plus 36 pages outside the pagination with heraldic illustrations.<br \/>\nThis volume retains 2 ex libris stamps from the previous owner.<br \/>\nOur quality control has detected that in this volume there is an error in the original binding, since it repeats the 16-page booklet from pages 177 to 192, inserting one of them in the place where the booklet from 117 to 132 should be, with this one missing. That is, pages 117 to 132 are not there. However, since the facsimile edition has been made from the original kept in the National Library of Spain, the entire book or just those pages can be downloaded from the Hispanic Digital Library. Therefore, to make things easier for the buyer, we will send the missing 16 pages separately, printed on laid paper and in the same format as the original booklet.<\/p>\n<p style=\"text-align: justify;\">Volume II: 420 pages plus 20 pages outside the pagination with heraldic illustrations.<br \/>\nThis volume retains 3 ex libris stamps from the previous owner.<\/p>\n<p style=\"text-align: justify;\">Shipping costs according to order and destination.<span title=\"Cons\u00faltenos cualquier duda, as\u00ed como por cualquier otro facs\u00edmile o art\u00edculo que est\u00e9 buscando.\"><span lang=\"en\" xml:lang=\"en\"> <span class=\"hps\"><a class=\"btn btn-default\" href=\"https:\/\/www.comprarmejor.es\/en\/contact\">Ask us<\/a><\/span>\u00a0any questions, indicating the item reference.<\/span><\/span><\/p>\n","protected":false},"excerpt":{"rendered":"<p style=\"text-align: justify;\"><span id=\"result_box\" lang=\"en\" xml:lang=\"en\"><span title=\"encuadernaci\u00f3n en piel de cabra en negro labrada en seco con clavos dorados.\"><span lang=\"en\" xml:lang=\"en\"><span title=\"Les Chroniques de Jherusalem Abr\u00e9g\u00e9es (Las Cr\u00f3nicas de las Cruzadas Abreviadas, o resumidas) relatan, a modo de sinopsis, los hechos de los &quot;cruzados&quot; y la fundaci\u00f3n y saga del Reino latino de Jerusal\u00e9n.\">Spanish facsimile edition of \u201cCiencia Heroyca reduced to the heraldic laws of the Blas\u00f3n\u201d, by the Marquis of Avil\u00e9s (Jos\u00e9 de Avil\u00e9s, 1683-1767), according to the Madrid edition of the year 1780, by the C\u00edrculo del Bibli\u00f3filo, 1979<\/span><\/span><\/span><\/span><\/p>\n","protected":false},"featured_media":100702,"template":"","meta":[],"product_brand":[],"product_cat":[2210],"product_tag":[5120],"class_list":{"0":"post-48891","1":"product","2":"type-product","3":"status-publish","4":"has-post-thumbnail","6":"product_cat-bibliophilia","7":"product_tag-history-en","8":"product_shipping_class-from-2-to-5-kg","9":"description-off","11":"first","12":"instock","13":"taxable","14":"shipping-taxable","15":"purchasable","16":"product-type-simple"},"yoast_head":"<!-- This site is optimized with the Yoast SEO plugin v27.3 - https:\/\/yoast.com\/product\/yoast-seo-wordpress\/ -->\n<title>Ciencia Heroyca, Leyes her\u00e1ldicas del Blas\u00f3n. C\u00edrculo del Bibli\u00f3filo<\/title>\n<meta name=\"description\" content=\"Edition of \u201cCiencia Heroyca reduced to the heraldic laws of the Blas\u00f3n\u201d, by the Marquis of Avil\u00e9s, to the edition of the 1780, C\u00edrculo del Bibli\u00f3filo\" \/>\n<meta name=\"robots\" content=\"index, follow, max-snippet:-1, max-image-preview:large, max-video-preview:-1\" \/>\n<link rel=\"canonical\" href=\"https:\/\/www.comprarmejor.es\/en\/product\/ciencia-heroyca-leyes-heraldicas-del-blason-circulo-del-bibliofilo-1979\/\" \/>\n<meta property=\"og:locale\" content=\"en_US\" \/>\n<meta property=\"og:type\" content=\"article\" \/>\n<meta property=\"og:title\" content=\"Ciencia Heroyca, Leyes her\u00e1ldicas del Blas\u00f3n. C\u00edrculo del Bibli\u00f3filo\" \/>\n<meta property=\"og:description\" content=\"Edition of \u201cCiencia Heroyca reduced to the heraldic laws of the Blas\u00f3n\u201d, by the Marquis of Avil\u00e9s, to the edition of the 1780, C\u00edrculo del Bibli\u00f3filo\" \/>\n<meta property=\"og:url\" content=\"https:\/\/www.comprarmejor.es\/en\/product\/ciencia-heroyca-leyes-heraldicas-del-blason-circulo-del-bibliofilo-1979\/\" \/>\n<meta property=\"og:site_name\" content=\"ComprarMejor\" \/>\n<meta property=\"article:modified_time\" content=\"2025-02-10T10:43:01+00:00\" \/>\n<meta property=\"og:image\" content=\"https:\/\/www.comprarmejor.es\/wp-content\/uploads\/2015\/11\/CHLH-1.jpg\" \/>\n\t<meta property=\"og:image:width\" content=\"758\" \/>\n\t<meta property=\"og:image:height\" content=\"511\" \/>\n\t<meta property=\"og:image:type\" content=\"image\/jpeg\" \/>\n<meta name=\"twitter:card\" content=\"summary_large_image\" \/>\n<meta name=\"twitter:label1\" content=\"Est. reading time\" \/>\n\t<meta name=\"twitter:data1\" content=\"2 minutes\" \/>\n<script type=\"application\/ld+json\" class=\"yoast-schema-graph\">{\"@context\":\"https:\\\/\\\/schema.org\",\"@graph\":[{\"@type\":\"WebPage\",\"@id\":\"https:\\\/\\\/www.comprarmejor.es\\\/en\\\/product\\\/ciencia-heroyca-leyes-heraldicas-del-blason-circulo-del-bibliofilo-1979\\\/\",\"url\":\"https:\\\/\\\/www.comprarmejor.es\\\/en\\\/product\\\/ciencia-heroyca-leyes-heraldicas-del-blason-circulo-del-bibliofilo-1979\\\/\",\"name\":\"Ciencia Heroyca, Leyes her\u00e1ldicas del Blas\u00f3n. C\u00edrculo del Bibli\u00f3filo\",\"isPartOf\":{\"@id\":\"https:\\\/\\\/www.comprarmejor.es\\\/en\\\/#website\"},\"primaryImageOfPage\":{\"@id\":\"https:\\\/\\\/www.comprarmejor.es\\\/en\\\/product\\\/ciencia-heroyca-leyes-heraldicas-del-blason-circulo-del-bibliofilo-1979\\\/#primaryimage\"},\"image\":{\"@id\":\"https:\\\/\\\/www.comprarmejor.es\\\/en\\\/product\\\/ciencia-heroyca-leyes-heraldicas-del-blason-circulo-del-bibliofilo-1979\\\/#primaryimage\"},\"thumbnailUrl\":\"https:\\\/\\\/www.comprarmejor.es\\\/wp-content\\\/uploads\\\/2015\\\/11\\\/CHLH-1.jpg\",\"datePublished\":\"2015-11-18T10:12:04+00:00\",\"dateModified\":\"2025-02-10T10:43:01+00:00\",\"description\":\"Edition of \u201cCiencia Heroyca reduced to the heraldic laws of the Blas\u00f3n\u201d, by the Marquis of Avil\u00e9s, to the edition of the 1780, C\u00edrculo del Bibli\u00f3filo\",\"breadcrumb\":{\"@id\":\"https:\\\/\\\/www.comprarmejor.es\\\/en\\\/product\\\/ciencia-heroyca-leyes-heraldicas-del-blason-circulo-del-bibliofilo-1979\\\/#breadcrumb\"},\"inLanguage\":\"en-US\",\"potentialAction\":[{\"@type\":\"ReadAction\",\"target\":[\"https:\\\/\\\/www.comprarmejor.es\\\/en\\\/product\\\/ciencia-heroyca-leyes-heraldicas-del-blason-circulo-del-bibliofilo-1979\\\/\"]}]},{\"@type\":\"ImageObject\",\"inLanguage\":\"en-US\",\"@id\":\"https:\\\/\\\/www.comprarmejor.es\\\/en\\\/product\\\/ciencia-heroyca-leyes-heraldicas-del-blason-circulo-del-bibliofilo-1979\\\/#primaryimage\",\"url\":\"https:\\\/\\\/www.comprarmejor.es\\\/wp-content\\\/uploads\\\/2015\\\/11\\\/CHLH-1.jpg\",\"contentUrl\":\"https:\\\/\\\/www.comprarmejor.es\\\/wp-content\\\/uploads\\\/2015\\\/11\\\/CHLH-1.jpg\",\"width\":758,\"height\":511},{\"@type\":\"BreadcrumbList\",\"@id\":\"https:\\\/\\\/www.comprarmejor.es\\\/en\\\/product\\\/ciencia-heroyca-leyes-heraldicas-del-blason-circulo-del-bibliofilo-1979\\\/#breadcrumb\",\"itemListElement\":[{\"@type\":\"ListItem\",\"position\":1,\"name\":\"Portada\",\"item\":\"https:\\\/\\\/www.comprarmejor.es\\\/en\\\/\"},{\"@type\":\"ListItem\",\"position\":2,\"name\":\"Shop\",\"item\":\"https:\\\/\\\/www.comprarmejor.es\\\/en\\\/shop\\\/\"},{\"@type\":\"ListItem\",\"position\":3,\"name\":\"Ciencia Heroyca, Leyes her\u00e1ldicas del Blas\u00f3n. C\u00edrculo del Bibli\u00f3filo, 1979\"}]},{\"@type\":\"WebSite\",\"@id\":\"https:\\\/\\\/www.comprarmejor.es\\\/en\\\/#website\",\"url\":\"https:\\\/\\\/www.comprarmejor.es\\\/en\\\/\",\"name\":\"ComprarMejor\",\"description\":\"ComprarMejor\",\"publisher\":{\"@id\":\"https:\\\/\\\/www.comprarmejor.es\\\/en\\\/#organization\"},\"potentialAction\":[{\"@type\":\"SearchAction\",\"target\":{\"@type\":\"EntryPoint\",\"urlTemplate\":\"https:\\\/\\\/www.comprarmejor.es\\\/en\\\/?s={search_term_string}\"},\"query-input\":{\"@type\":\"PropertyValueSpecification\",\"valueRequired\":true,\"valueName\":\"search_term_string\"}}],\"inLanguage\":\"en-US\"},{\"@type\":\"Organization\",\"@id\":\"https:\\\/\\\/www.comprarmejor.es\\\/en\\\/#organization\",\"name\":\"COMPRAR MEJOR\",\"url\":\"https:\\\/\\\/www.comprarmejor.es\\\/en\\\/\",\"logo\":{\"@type\":\"ImageObject\",\"inLanguage\":\"en-US\",\"@id\":\"https:\\\/\\\/www.comprarmejor.es\\\/en\\\/#\\\/schema\\\/logo\\\/image\\\/\",\"url\":\"https:\\\/\\\/www.comprarmejor.es\\\/wp-content\\\/uploads\\\/2025\\\/09\\\/comprarmejortrinidad.jpg\",\"contentUrl\":\"https:\\\/\\\/www.comprarmejor.es\\\/wp-content\\\/uploads\\\/2025\\\/09\\\/comprarmejortrinidad.jpg\",\"width\":1022,\"height\":1380,\"caption\":\"COMPRAR MEJOR\"},\"image\":{\"@id\":\"https:\\\/\\\/www.comprarmejor.es\\\/en\\\/#\\\/schema\\\/logo\\\/image\\\/\"},\"sameAs\":[\"https:\\\/\\\/www.instagram.com\\\/amigosdelcodice\"]}]}<\/script>\n<!-- \/ Yoast SEO plugin. -->","yoast_head_json":{"title":"Ciencia Heroyca, Leyes her\u00e1ldicas del Blas\u00f3n. C\u00edrculo del Bibli\u00f3filo","description":"Edition of \u201cCiencia Heroyca reduced to the heraldic laws of the Blas\u00f3n\u201d, by the Marquis of Avil\u00e9s, to the edition of the 1780, C\u00edrculo del Bibli\u00f3filo","robots":{"index":"index","follow":"follow","max-snippet":"max-snippet:-1","max-image-preview":"max-image-preview:large","max-video-preview":"max-video-preview:-1"},"canonical":"https:\/\/www.comprarmejor.es\/en\/product\/ciencia-heroyca-leyes-heraldicas-del-blason-circulo-del-bibliofilo-1979\/","og_locale":"en_US","og_type":"article","og_title":"Ciencia Heroyca, Leyes her\u00e1ldicas del Blas\u00f3n. C\u00edrculo del Bibli\u00f3filo","og_description":"Edition of \u201cCiencia Heroyca reduced to the heraldic laws of the Blas\u00f3n\u201d, by the Marquis of Avil\u00e9s, to the edition of the 1780, C\u00edrculo del Bibli\u00f3filo","og_url":"https:\/\/www.comprarmejor.es\/en\/product\/ciencia-heroyca-leyes-heraldicas-del-blason-circulo-del-bibliofilo-1979\/","og_site_name":"ComprarMejor","article_modified_time":"2025-02-10T10:43:01+00:00","og_image":[{"width":758,"height":511,"url":"https:\/\/www.comprarmejor.es\/wp-content\/uploads\/2015\/11\/CHLH-1.jpg","type":"image\/jpeg"}],"twitter_card":"summary_large_image","twitter_misc":{"Est. reading time":"2 minutes"},"schema":{"@context":"https:\/\/schema.org","@graph":[{"@type":"WebPage","@id":"https:\/\/www.comprarmejor.es\/en\/product\/ciencia-heroyca-leyes-heraldicas-del-blason-circulo-del-bibliofilo-1979\/","url":"https:\/\/www.comprarmejor.es\/en\/product\/ciencia-heroyca-leyes-heraldicas-del-blason-circulo-del-bibliofilo-1979\/","name":"Ciencia Heroyca, Leyes her\u00e1ldicas del Blas\u00f3n. C\u00edrculo del Bibli\u00f3filo","isPartOf":{"@id":"https:\/\/www.comprarmejor.es\/en\/#website"},"primaryImageOfPage":{"@id":"https:\/\/www.comprarmejor.es\/en\/product\/ciencia-heroyca-leyes-heraldicas-del-blason-circulo-del-bibliofilo-1979\/#primaryimage"},"image":{"@id":"https:\/\/www.comprarmejor.es\/en\/product\/ciencia-heroyca-leyes-heraldicas-del-blason-circulo-del-bibliofilo-1979\/#primaryimage"},"thumbnailUrl":"https:\/\/www.comprarmejor.es\/wp-content\/uploads\/2015\/11\/CHLH-1.jpg","datePublished":"2015-11-18T10:12:04+00:00","dateModified":"2025-02-10T10:43:01+00:00","description":"Edition of \u201cCiencia Heroyca reduced to the heraldic laws of the Blas\u00f3n\u201d, by the Marquis of Avil\u00e9s, to the edition of the 1780, C\u00edrculo del Bibli\u00f3filo","breadcrumb":{"@id":"https:\/\/www.comprarmejor.es\/en\/product\/ciencia-heroyca-leyes-heraldicas-del-blason-circulo-del-bibliofilo-1979\/#breadcrumb"},"inLanguage":"en-US","potentialAction":[{"@type":"ReadAction","target":["https:\/\/www.comprarmejor.es\/en\/product\/ciencia-heroyca-leyes-heraldicas-del-blason-circulo-del-bibliofilo-1979\/"]}]},{"@type":"ImageObject","inLanguage":"en-US","@id":"https:\/\/www.comprarmejor.es\/en\/product\/ciencia-heroyca-leyes-heraldicas-del-blason-circulo-del-bibliofilo-1979\/#primaryimage","url":"https:\/\/www.comprarmejor.es\/wp-content\/uploads\/2015\/11\/CHLH-1.jpg","contentUrl":"https:\/\/www.comprarmejor.es\/wp-content\/uploads\/2015\/11\/CHLH-1.jpg","width":758,"height":511},{"@type":"BreadcrumbList","@id":"https:\/\/www.comprarmejor.es\/en\/product\/ciencia-heroyca-leyes-heraldicas-del-blason-circulo-del-bibliofilo-1979\/#breadcrumb","itemListElement":[{"@type":"ListItem","position":1,"name":"Portada","item":"https:\/\/www.comprarmejor.es\/en\/"},{"@type":"ListItem","position":2,"name":"Shop","item":"https:\/\/www.comprarmejor.es\/en\/shop\/"},{"@type":"ListItem","position":3,"name":"Ciencia Heroyca, Leyes her\u00e1ldicas del Blas\u00f3n. C\u00edrculo del Bibli\u00f3filo, 1979"}]},{"@type":"WebSite","@id":"https:\/\/www.comprarmejor.es\/en\/#website","url":"https:\/\/www.comprarmejor.es\/en\/","name":"ComprarMejor","description":"ComprarMejor","publisher":{"@id":"https:\/\/www.comprarmejor.es\/en\/#organization"},"potentialAction":[{"@type":"SearchAction","target":{"@type":"EntryPoint","urlTemplate":"https:\/\/www.comprarmejor.es\/en\/?s={search_term_string}"},"query-input":{"@type":"PropertyValueSpecification","valueRequired":true,"valueName":"search_term_string"}}],"inLanguage":"en-US"},{"@type":"Organization","@id":"https:\/\/www.comprarmejor.es\/en\/#organization","name":"COMPRAR MEJOR","url":"https:\/\/www.comprarmejor.es\/en\/","logo":{"@type":"ImageObject","inLanguage":"en-US","@id":"https:\/\/www.comprarmejor.es\/en\/#\/schema\/logo\/image\/","url":"https:\/\/www.comprarmejor.es\/wp-content\/uploads\/2025\/09\/comprarmejortrinidad.jpg","contentUrl":"https:\/\/www.comprarmejor.es\/wp-content\/uploads\/2025\/09\/comprarmejortrinidad.jpg","width":1022,"height":1380,"caption":"COMPRAR MEJOR"},"image":{"@id":"https:\/\/www.comprarmejor.es\/en\/#\/schema\/logo\/image\/"},"sameAs":["https:\/\/www.instagram.com\/amigosdelcodice"]}]}},"_links":{"self":[{"href":"https:\/\/www.comprarmejor.es\/en\/wp-json\/wp\/v2\/product\/48891","targetHints":{"allow":["GET"]}}],"collection":[{"href":"https:\/\/www.comprarmejor.es\/en\/wp-json\/wp\/v2\/product"}],"about":[{"href":"https:\/\/www.comprarmejor.es\/en\/wp-json\/wp\/v2\/types\/product"}],"wp:featuredmedia":[{"embeddable":true,"href":"https:\/\/www.comprarmejor.es\/en\/wp-json\/wp\/v2\/media\/100702"}],"wp:attachment":[{"href":"https:\/\/www.comprarmejor.es\/en\/wp-json\/wp\/v2\/media?parent=48891"}],"wp:term":[{"taxonomy":"product_brand","embeddable":true,"href":"https:\/\/www.comprarmejor.es\/en\/wp-json\/wp\/v2\/product_brand?post=48891"},{"taxonomy":"product_cat","embeddable":true,"href":"https:\/\/www.comprarmejor.es\/en\/wp-json\/wp\/v2\/product_cat?post=48891"},{"taxonomy":"product_tag","embeddable":true,"href":"https:\/\/www.comprarmejor.es\/en\/wp-json\/wp\/v2\/product_tag?post=48891"}],"curies":[{"name":"wp","href":"https:\/\/api.w.org\/{rel}","templated":true}]}}