{"id":48901,"date":"2015-11-18T11:55:17","date_gmt":"2015-11-18T10:55:17","guid":{"rendered":"https:\/\/www.comprarmejor.es\/producto\/book-of-hours-of-isabel-the-catholic-xv-century-mudejar-binding\/"},"modified":"2026-05-03T10:55:44","modified_gmt":"2026-05-03T08:55:44","slug":"book-of-hours-of-isabel-the-catholic-xv-century-mudejar-binding","status":"publish","type":"product","link":"https:\/\/www.comprarmejor.es\/en\/product\/book-of-hours-of-isabel-the-catholic-xv-century-mudejar-binding\/","title":{"rendered":"Book of Hours of Isabel the Catholic, XV century (Mudejar binding)"},"content":{"rendered":"<p><span class=\"HwtZe\" lang=\"en\"><span class=\"jCAhz ChMk0b\"><span class=\"ryNqvb\">ARTICLE FOR INFORMATIONAL PURPOSES ONLY<\/span><\/span><\/span><\/p>\n<p style=\"text-align: justify;\"><span id=\"result_box\" lang=\"en\" xml:lang=\"en\"><span title=\"Original conservado en la Biblioteca del Palacio Real de Madrid.\">Original preserved in the Library of the Royal Palace of Madrid. <\/span><span title=\"Este manuscrito, joya de la Real Biblioteca de Palacio, fue el regalo de bodas de la ciudad de Zaragoza a la Reina Isabel la Cat\u00f3lica (1469).\">This manuscript, jewel of the Royal Palace Library, was the wedding gift from Zaragoza to Queen Isabel the Catholic (1469). <\/span><span title=\"Consta de 730 p\u00e1ginas y de 3.487 miniaturas (72 de ellas a p\u00e1gina completa).\">It consists of 730 pages and 3,487 miniatures (72 of them full-page). <\/span><span title=\"Formato 15,5 x 21,3 cm.\">15.5 x 21.3 cm format.<\/span><\/span><\/p>\n<p style=\"text-align: justify;\"><span title=\"El interior de todas ellas es exactamente el mismo.\"><span lang=\"en\" xml:lang=\"en\">Currently the publisher who has made this extraordinary facsimile presents it in two different bindings: one, in mud\u00e9jar binding in blue goat skin, stamped in gold and without fittings, replica of the binding that currently has the codex in the Royal Palace which corresponds to this article); and another, more exclusive and also more expensive, in binding in blue goat skin with gold-plated hardware, brooch and gold cuts, replica of the original binding of the fifteenth century that was discarded by the Queen for &#8220;luxurious&#8221; (also available between our articles). The inside of both is exactly the same, only differ in binding.<\/span><\/span><\/p>\n<p style=\"text-align: justify;\"><span title=\"El Libro de Horas, definido como \u201cBreviario de los Laicos\u201d, tiene su origen en Par\u00eds en el siglo XIV y se difunde ampliamente por toda Europa de la mano de los reyes, la nobleza y la burgues\u00eda enriquecida, que lo utilizan como s\u00edmbolo de\">The Book of Hours, defined as &#8220;Breviary of the Laity&#8221; has its origin in Paris in the fourteenth century and widely spread throughout Europe at the hands of the kings, the nobility and the rich bourgeoisie, who use it as symbol <\/span><span title=\"su posici\u00f3n social.\">their social position. <\/span><span title=\"Este c\u00f3dice destaca por la belleza de su iconograf\u00eda, que lo sit\u00faa entre los m\u00e1s apreciados de la llamada escuela flamenca.\">This codex known for the beauty of its iconography, which places it among the most appreciated of the call Flemish school. <\/span><span title=\"Sus casi 3.500 miniaturas son una clara muestra del lujo y prestigio que alcanzaron estos manuscritos miniados.\">Its nearly 3,500 miniatures are a clear sign of luxury and prestige that reached these illuminated manuscripts.<\/span><\/p>\n<p style=\"text-align: justify;\"><span title=\"Esta reproducci\u00f3n facs\u00edmile es de una fidelidad absoluta al original, no s\u00f3lo en la iconograf\u00eda de brillantes tonalidades, sino en la perfecta imitaci\u00f3n de la vitela, utilizada como soporte en el original.\">This facsimile reproduction is of absolute fidelity to the original, not only in the iconography of bright hues, but in perfect imitation vellum, used as a support in the original. <\/span><span title=\"Fue premio al Libro Mejor Editado en la modalidad de Facs\u00edmiles y Bibliofilia, otorgado por el Ministerio de Cultura.\">It was award for best book in the form of faxes and Bibliofilia, awarded by the Ministry of Culture. <\/span><span title=\"Edici\u00f3n limitada y numerada notarialmente, ya agotada en su venta nacional en ambos tipos de encuadernaciones.\">Limited and numbered notary barred in its domestic sales in both types of bindings edition.<\/span><\/p>\n<p style=\"text-align: justify;\"><span title=\"Todo ello en perfecto estado.\"><span lang=\"en\" xml:lang=\"en\">A complementary volume is included separately with a study by Ana Dom\u00ednguez Rodr\u00edguez, from the Complutense University of Madrid, format 17 x 23.5 cm in paperback with dust jacket. All in perfect condition.<\/span><\/span><\/p>\n<p style=\"text-align: justify;\"><span title=\"Gastos de env\u00edo por cuenta del comprador, seg\u00fan pedido y destino.\">Retail Price: 6.006 \u20ac. <\/span><span title=\"Cons\u00faltenos cualquier duda, as\u00ed como por cualquier otro facs\u00edmile que est\u00e9 buscando.\"><a class=\"btn btn-default\" href=\"https:\/\/www.comprarmejor.es\/en\/contact\/\">Ask us<\/a> <span lang=\"en\" xml:lang=\"en\">without obligation (indicating the reference of the article) any doubt.<\/span><br \/>\n<\/span><\/p>\n","protected":false},"excerpt":{"rendered":"<p style=\"text-align: justify;\"><span id=\"result_box\" lang=\"en\" xml:lang=\"en\"><span title=\"encuadernaci\u00f3n en piel de cabra en negro labrada en seco con clavos dorados.\"><span lang=\"en\" xml:lang=\"en\"><span title=\"Este art\u00edculo corresponde a la\">This item is the <\/span><span title=\"encuadernaci\u00f3n mud\u00e9jar en piel de cabra en azul, estampada en oro.\">Mudejar binding in blue goatskin, stamped in gold.<\/span><\/span><\/span><\/span><\/p>\n","protected":false},"featured_media":48893,"template":"","meta":[],"product_brand":[],"product_cat":[2226],"product_tag":[5122,3999],"class_list":{"0":"post-48901","1":"product","2":"type-product","3":"status-publish","4":"has-post-thumbnail","6":"product_cat-books-of-hours","7":"product_tag-hours-en","8":"product_tag-testimonio-en","9":"description-off","11":"first","12":"instock","13":"taxable","14":"shipping-taxable","15":"purchasable","16":"product-type-simple"},"yoast_head":"<!-- This site is optimized with the Yoast SEO plugin v27.3 - https:\/\/yoast.com\/product\/yoast-seo-wordpress\/ -->\n<title>Book of Hours of Isabel the Catholic, XV century, mudejar binding<\/title>\n<meta name=\"description\" content=\"Original preserved in the Library of the Royal Palace of Madrid. This manuscript was the wedding gift from Zaragoza to Queen Isabel I\" \/>\n<meta name=\"robots\" content=\"index, follow, max-snippet:-1, max-image-preview:large, max-video-preview:-1\" \/>\n<link rel=\"canonical\" href=\"https:\/\/www.comprarmejor.es\/en\/product\/book-of-hours-of-isabel-the-catholic-xv-century-mudejar-binding\/\" \/>\n<meta property=\"og:locale\" content=\"en_US\" \/>\n<meta property=\"og:type\" content=\"article\" \/>\n<meta property=\"og:title\" content=\"Book of Hours of Isabel the Catholic, XV century, mudejar binding\" \/>\n<meta property=\"og:description\" content=\"Original preserved in the Library of the Royal Palace of Madrid. This manuscript was the wedding gift from Zaragoza to Queen Isabel I\" \/>\n<meta property=\"og:url\" content=\"https:\/\/www.comprarmejor.es\/en\/product\/book-of-hours-of-isabel-the-catholic-xv-century-mudejar-binding\/\" \/>\n<meta property=\"og:site_name\" content=\"ComprarMejor\" \/>\n<meta property=\"article:modified_time\" content=\"2026-05-03T08:55:44+00:00\" \/>\n<meta property=\"og:image\" content=\"https:\/\/www.comprarmejor.es\/wp-content\/uploads\/2015\/11\/p_6_4_0_1_6401-Libro-de-Horas-de-Isabel-la-Catolica-siglo-XV-encuadernacion-mudejar.jpg\" \/>\n\t<meta property=\"og:image:width\" content=\"599\" \/>\n\t<meta property=\"og:image:height\" content=\"449\" \/>\n\t<meta property=\"og:image:type\" content=\"image\/jpeg\" \/>\n<meta name=\"twitter:card\" content=\"summary_large_image\" \/>\n<meta name=\"twitter:label1\" content=\"Est. reading time\" \/>\n\t<meta name=\"twitter:data1\" content=\"2 minutes\" \/>\n<script type=\"application\/ld+json\" class=\"yoast-schema-graph\">{\"@context\":\"https:\\\/\\\/schema.org\",\"@graph\":[{\"@type\":\"WebPage\",\"@id\":\"https:\\\/\\\/www.comprarmejor.es\\\/en\\\/product\\\/book-of-hours-of-isabel-the-catholic-xv-century-mudejar-binding\\\/\",\"url\":\"https:\\\/\\\/www.comprarmejor.es\\\/en\\\/product\\\/book-of-hours-of-isabel-the-catholic-xv-century-mudejar-binding\\\/\",\"name\":\"Book of Hours of Isabel the Catholic, XV century, mudejar binding\",\"isPartOf\":{\"@id\":\"https:\\\/\\\/www.comprarmejor.es\\\/en\\\/#website\"},\"primaryImageOfPage\":{\"@id\":\"https:\\\/\\\/www.comprarmejor.es\\\/en\\\/product\\\/book-of-hours-of-isabel-the-catholic-xv-century-mudejar-binding\\\/#primaryimage\"},\"image\":{\"@id\":\"https:\\\/\\\/www.comprarmejor.es\\\/en\\\/product\\\/book-of-hours-of-isabel-the-catholic-xv-century-mudejar-binding\\\/#primaryimage\"},\"thumbnailUrl\":\"https:\\\/\\\/www.comprarmejor.es\\\/wp-content\\\/uploads\\\/2015\\\/11\\\/p_6_4_0_1_6401-Libro-de-Horas-de-Isabel-la-Catolica-siglo-XV-encuadernacion-mudejar.jpg\",\"datePublished\":\"2015-11-18T10:55:17+00:00\",\"dateModified\":\"2026-05-03T08:55:44+00:00\",\"description\":\"Original preserved in the Library of the Royal Palace of Madrid. This manuscript was the wedding gift from Zaragoza to Queen Isabel I\",\"breadcrumb\":{\"@id\":\"https:\\\/\\\/www.comprarmejor.es\\\/en\\\/product\\\/book-of-hours-of-isabel-the-catholic-xv-century-mudejar-binding\\\/#breadcrumb\"},\"inLanguage\":\"en-US\",\"potentialAction\":[{\"@type\":\"ReadAction\",\"target\":[\"https:\\\/\\\/www.comprarmejor.es\\\/en\\\/product\\\/book-of-hours-of-isabel-the-catholic-xv-century-mudejar-binding\\\/\"]}]},{\"@type\":\"ImageObject\",\"inLanguage\":\"en-US\",\"@id\":\"https:\\\/\\\/www.comprarmejor.es\\\/en\\\/product\\\/book-of-hours-of-isabel-the-catholic-xv-century-mudejar-binding\\\/#primaryimage\",\"url\":\"https:\\\/\\\/www.comprarmejor.es\\\/wp-content\\\/uploads\\\/2015\\\/11\\\/p_6_4_0_1_6401-Libro-de-Horas-de-Isabel-la-Catolica-siglo-XV-encuadernacion-mudejar.jpg\",\"contentUrl\":\"https:\\\/\\\/www.comprarmejor.es\\\/wp-content\\\/uploads\\\/2015\\\/11\\\/p_6_4_0_1_6401-Libro-de-Horas-de-Isabel-la-Catolica-siglo-XV-encuadernacion-mudejar.jpg\",\"width\":599,\"height\":449},{\"@type\":\"BreadcrumbList\",\"@id\":\"https:\\\/\\\/www.comprarmejor.es\\\/en\\\/product\\\/book-of-hours-of-isabel-the-catholic-xv-century-mudejar-binding\\\/#breadcrumb\",\"itemListElement\":[{\"@type\":\"ListItem\",\"position\":1,\"name\":\"Portada\",\"item\":\"https:\\\/\\\/www.comprarmejor.es\\\/en\\\/\"},{\"@type\":\"ListItem\",\"position\":2,\"name\":\"Shop\",\"item\":\"https:\\\/\\\/www.comprarmejor.es\\\/en\\\/shop\\\/\"},{\"@type\":\"ListItem\",\"position\":3,\"name\":\"Book of Hours of Isabel the Catholic, XV century (Mudejar binding)\"}]},{\"@type\":\"WebSite\",\"@id\":\"https:\\\/\\\/www.comprarmejor.es\\\/en\\\/#website\",\"url\":\"https:\\\/\\\/www.comprarmejor.es\\\/en\\\/\",\"name\":\"ComprarMejor\",\"description\":\"ComprarMejor\",\"publisher\":{\"@id\":\"https:\\\/\\\/www.comprarmejor.es\\\/en\\\/#organization\"},\"potentialAction\":[{\"@type\":\"SearchAction\",\"target\":{\"@type\":\"EntryPoint\",\"urlTemplate\":\"https:\\\/\\\/www.comprarmejor.es\\\/en\\\/?s={search_term_string}\"},\"query-input\":{\"@type\":\"PropertyValueSpecification\",\"valueRequired\":true,\"valueName\":\"search_term_string\"}}],\"inLanguage\":\"en-US\"},{\"@type\":\"Organization\",\"@id\":\"https:\\\/\\\/www.comprarmejor.es\\\/en\\\/#organization\",\"name\":\"COMPRAR MEJOR\",\"url\":\"https:\\\/\\\/www.comprarmejor.es\\\/en\\\/\",\"logo\":{\"@type\":\"ImageObject\",\"inLanguage\":\"en-US\",\"@id\":\"https:\\\/\\\/www.comprarmejor.es\\\/en\\\/#\\\/schema\\\/logo\\\/image\\\/\",\"url\":\"https:\\\/\\\/www.comprarmejor.es\\\/wp-content\\\/uploads\\\/2025\\\/09\\\/comprarmejortrinidad.jpg\",\"contentUrl\":\"https:\\\/\\\/www.comprarmejor.es\\\/wp-content\\\/uploads\\\/2025\\\/09\\\/comprarmejortrinidad.jpg\",\"width\":1022,\"height\":1380,\"caption\":\"COMPRAR MEJOR\"},\"image\":{\"@id\":\"https:\\\/\\\/www.comprarmejor.es\\\/en\\\/#\\\/schema\\\/logo\\\/image\\\/\"},\"sameAs\":[\"https:\\\/\\\/www.instagram.com\\\/amigosdelcodice\"]}]}<\/script>\n<!-- \/ Yoast SEO plugin. -->","yoast_head_json":{"title":"Book of Hours of Isabel the Catholic, XV century, mudejar binding","description":"Original preserved in the Library of the Royal Palace of Madrid. This manuscript was the wedding gift from Zaragoza to Queen Isabel I","robots":{"index":"index","follow":"follow","max-snippet":"max-snippet:-1","max-image-preview":"max-image-preview:large","max-video-preview":"max-video-preview:-1"},"canonical":"https:\/\/www.comprarmejor.es\/en\/product\/book-of-hours-of-isabel-the-catholic-xv-century-mudejar-binding\/","og_locale":"en_US","og_type":"article","og_title":"Book of Hours of Isabel the Catholic, XV century, mudejar binding","og_description":"Original preserved in the Library of the Royal Palace of Madrid. This manuscript was the wedding gift from Zaragoza to Queen Isabel I","og_url":"https:\/\/www.comprarmejor.es\/en\/product\/book-of-hours-of-isabel-the-catholic-xv-century-mudejar-binding\/","og_site_name":"ComprarMejor","article_modified_time":"2026-05-03T08:55:44+00:00","og_image":[{"width":599,"height":449,"url":"https:\/\/www.comprarmejor.es\/wp-content\/uploads\/2015\/11\/p_6_4_0_1_6401-Libro-de-Horas-de-Isabel-la-Catolica-siglo-XV-encuadernacion-mudejar.jpg","type":"image\/jpeg"}],"twitter_card":"summary_large_image","twitter_misc":{"Est. reading time":"2 minutes"},"schema":{"@context":"https:\/\/schema.org","@graph":[{"@type":"WebPage","@id":"https:\/\/www.comprarmejor.es\/en\/product\/book-of-hours-of-isabel-the-catholic-xv-century-mudejar-binding\/","url":"https:\/\/www.comprarmejor.es\/en\/product\/book-of-hours-of-isabel-the-catholic-xv-century-mudejar-binding\/","name":"Book of Hours of Isabel the Catholic, XV century, mudejar binding","isPartOf":{"@id":"https:\/\/www.comprarmejor.es\/en\/#website"},"primaryImageOfPage":{"@id":"https:\/\/www.comprarmejor.es\/en\/product\/book-of-hours-of-isabel-the-catholic-xv-century-mudejar-binding\/#primaryimage"},"image":{"@id":"https:\/\/www.comprarmejor.es\/en\/product\/book-of-hours-of-isabel-the-catholic-xv-century-mudejar-binding\/#primaryimage"},"thumbnailUrl":"https:\/\/www.comprarmejor.es\/wp-content\/uploads\/2015\/11\/p_6_4_0_1_6401-Libro-de-Horas-de-Isabel-la-Catolica-siglo-XV-encuadernacion-mudejar.jpg","datePublished":"2015-11-18T10:55:17+00:00","dateModified":"2026-05-03T08:55:44+00:00","description":"Original preserved in the Library of the Royal Palace of Madrid. This manuscript was the wedding gift from Zaragoza to Queen Isabel I","breadcrumb":{"@id":"https:\/\/www.comprarmejor.es\/en\/product\/book-of-hours-of-isabel-the-catholic-xv-century-mudejar-binding\/#breadcrumb"},"inLanguage":"en-US","potentialAction":[{"@type":"ReadAction","target":["https:\/\/www.comprarmejor.es\/en\/product\/book-of-hours-of-isabel-the-catholic-xv-century-mudejar-binding\/"]}]},{"@type":"ImageObject","inLanguage":"en-US","@id":"https:\/\/www.comprarmejor.es\/en\/product\/book-of-hours-of-isabel-the-catholic-xv-century-mudejar-binding\/#primaryimage","url":"https:\/\/www.comprarmejor.es\/wp-content\/uploads\/2015\/11\/p_6_4_0_1_6401-Libro-de-Horas-de-Isabel-la-Catolica-siglo-XV-encuadernacion-mudejar.jpg","contentUrl":"https:\/\/www.comprarmejor.es\/wp-content\/uploads\/2015\/11\/p_6_4_0_1_6401-Libro-de-Horas-de-Isabel-la-Catolica-siglo-XV-encuadernacion-mudejar.jpg","width":599,"height":449},{"@type":"BreadcrumbList","@id":"https:\/\/www.comprarmejor.es\/en\/product\/book-of-hours-of-isabel-the-catholic-xv-century-mudejar-binding\/#breadcrumb","itemListElement":[{"@type":"ListItem","position":1,"name":"Portada","item":"https:\/\/www.comprarmejor.es\/en\/"},{"@type":"ListItem","position":2,"name":"Shop","item":"https:\/\/www.comprarmejor.es\/en\/shop\/"},{"@type":"ListItem","position":3,"name":"Book of Hours of Isabel the Catholic, XV century (Mudejar binding)"}]},{"@type":"WebSite","@id":"https:\/\/www.comprarmejor.es\/en\/#website","url":"https:\/\/www.comprarmejor.es\/en\/","name":"ComprarMejor","description":"ComprarMejor","publisher":{"@id":"https:\/\/www.comprarmejor.es\/en\/#organization"},"potentialAction":[{"@type":"SearchAction","target":{"@type":"EntryPoint","urlTemplate":"https:\/\/www.comprarmejor.es\/en\/?s={search_term_string}"},"query-input":{"@type":"PropertyValueSpecification","valueRequired":true,"valueName":"search_term_string"}}],"inLanguage":"en-US"},{"@type":"Organization","@id":"https:\/\/www.comprarmejor.es\/en\/#organization","name":"COMPRAR MEJOR","url":"https:\/\/www.comprarmejor.es\/en\/","logo":{"@type":"ImageObject","inLanguage":"en-US","@id":"https:\/\/www.comprarmejor.es\/en\/#\/schema\/logo\/image\/","url":"https:\/\/www.comprarmejor.es\/wp-content\/uploads\/2025\/09\/comprarmejortrinidad.jpg","contentUrl":"https:\/\/www.comprarmejor.es\/wp-content\/uploads\/2025\/09\/comprarmejortrinidad.jpg","width":1022,"height":1380,"caption":"COMPRAR MEJOR"},"image":{"@id":"https:\/\/www.comprarmejor.es\/en\/#\/schema\/logo\/image\/"},"sameAs":["https:\/\/www.instagram.com\/amigosdelcodice"]}]}},"_links":{"self":[{"href":"https:\/\/www.comprarmejor.es\/en\/wp-json\/wp\/v2\/product\/48901","targetHints":{"allow":["GET"]}}],"collection":[{"href":"https:\/\/www.comprarmejor.es\/en\/wp-json\/wp\/v2\/product"}],"about":[{"href":"https:\/\/www.comprarmejor.es\/en\/wp-json\/wp\/v2\/types\/product"}],"wp:featuredmedia":[{"embeddable":true,"href":"https:\/\/www.comprarmejor.es\/en\/wp-json\/wp\/v2\/media\/48893"}],"wp:attachment":[{"href":"https:\/\/www.comprarmejor.es\/en\/wp-json\/wp\/v2\/media?parent=48901"}],"wp:term":[{"taxonomy":"product_brand","embeddable":true,"href":"https:\/\/www.comprarmejor.es\/en\/wp-json\/wp\/v2\/product_brand?post=48901"},{"taxonomy":"product_cat","embeddable":true,"href":"https:\/\/www.comprarmejor.es\/en\/wp-json\/wp\/v2\/product_cat?post=48901"},{"taxonomy":"product_tag","embeddable":true,"href":"https:\/\/www.comprarmejor.es\/en\/wp-json\/wp\/v2\/product_tag?post=48901"}],"curies":[{"name":"wp","href":"https:\/\/api.w.org\/{rel}","templated":true}]}}