{"id":48949,"date":"2015-11-19T12:51:05","date_gmt":"2015-11-19T11:51:05","guid":{"rendered":"https:\/\/www.comprarmejor.es\/producto\/1593-atlas-luis-lazarus\/"},"modified":"2025-02-04T16:52:13","modified_gmt":"2025-02-04T15:52:13","slug":"the-aeneid-virgil-circulo-del-bibliofilo-1979","status":"publish","type":"product","link":"https:\/\/www.comprarmejor.es\/en\/product\/the-aeneid-virgil-circulo-del-bibliofilo-1979\/","title":{"rendered":"The Aeneid. Virgil. C\u00edrculo del Bibli\u00f3filo, 1979"},"content":{"rendered":"<p style=\"text-align: justify;\">Facsimile edition of The Aeneid, by Publio Virgilio Mar\u00f3n, by the C\u00edrculo del Bibli\u00f3filo in 1979. The journey of Aeneas from Troy to Italy, the origin of the mythical birth of the Roman Empire.<\/p>\n<p style=\"text-align: justify;\">Facsimile edition of the twelve books of \u201cThe Aeneid\u201d by Virgil. Toledo edition from the year 1555, first edition in Spanish of the translation of \u201cThe Aeneid\u201d by Dr. Gregorio Hern\u00e1ndez de Velasco. Original kept in the National Library of Spain.<\/p>\n<p style=\"text-align: justify;\">This edition was enriched with a frontispiece by Virgil, twelve illustrations from the period and with the facsimile edition of \u201cThe thirteenth book of the Aeneid\u201d by Mapheo Veggio (1407-1458), the \u201cLetter of Pythagoras moralized by Virgil\u201d, and the table of proper names of characters and toponyms that appear in the thirteen facsimile books, belonging to the Zaragoza edition of the year 1585. It also contains an extensive preliminary study by \u00c1ngeles Cardona.<\/p>\n<p style=\"text-align: justify;\">Beautifully bound book in embossed and profusely gilded leather, guide tape, gilded top edge. Format 21 x 27.5 cm. 416 pages on excellent laid paper with the watermark of the C\u00edrculo del Bibli\u00f3filo.<\/p>\n<p style=\"text-align: justify;\">Limited edition of 1,499 copies, numbered and certified.<\/p>\n<p style=\"text-align: justify;\">Copy in perfect condition.<\/p>\n<p style=\"text-align: justify;\">Shipping costs according to order and destination<span title=\"Gastos de env\u00edo por cuenta del comprador, seg\u00fan pedido y destino.\">.\u00a0<\/span><span title=\"Cons\u00faltenos cualquier duda, as\u00ed como por cualquier otro facs\u00edmile que est\u00e9 buscando.\"><a class=\"btn btn-default\" href=\"https:\/\/www.comprarmejor.es\/en\/contact\">Ask us<\/a> <span class=\"HwtZe\" lang=\"en\"><span class=\"jCAhz ChMk0b\"><span class=\"ryNqvb\">any questions, indicating the item reference.<\/span><\/span><\/span><br \/>\n<\/span><\/p>\n","protected":false},"excerpt":{"rendered":"<p style=\"text-align: justify;\"><span id=\"result_box\" lang=\"en\" xml:lang=\"en\"><span class=\"HwtZe\" lang=\"en\"><span class=\"jCAhz ChMk0b\"><span class=\"ryNqvb\">Facsimile edition of The Aeneid, by Publio Virgilio Mar\u00f3n, by the C\u00edrculo del Bibli\u00f3filo in 1979. The journey of Aeneas from Troy to Italy, the origin of the mythical birth of the Roman Empire.<\/span><\/span><\/span><br \/>\n<\/span><\/p>\n","protected":false},"featured_media":100487,"template":"","meta":[],"product_brand":[],"product_cat":[2210,2250],"product_tag":[5822],"class_list":{"0":"post-48949","1":"product","2":"type-product","3":"status-publish","4":"has-post-thumbnail","6":"product_cat-bibliophilia","7":"product_cat-other-facsimiles","8":"product_tag-bibliofilia-en","9":"product_shipping_class-from-2-to-5-kg","10":"description-off","12":"first","13":"instock","14":"taxable","15":"shipping-taxable","16":"purchasable","17":"product-type-simple"},"yoast_head":"<!-- This site is optimized with the Yoast SEO plugin v27.3 - https:\/\/yoast.com\/product\/yoast-seo-wordpress\/ -->\n<title>The Aeneid. Virgil. C\u00edrculo del Bibli\u00f3filo, 1979<\/title>\n<meta name=\"description\" content=\"The Aeneid, by Virgilio, the C\u00edrculo del Bibli\u00f3filo in 1979. The journey of Aeneas from Troy to Italy, the origin of the mythical birth of the Roman Empire\" \/>\n<meta name=\"robots\" content=\"index, follow, max-snippet:-1, max-image-preview:large, max-video-preview:-1\" \/>\n<link rel=\"canonical\" href=\"https:\/\/www.comprarmejor.es\/en\/product\/the-aeneid-virgil-circulo-del-bibliofilo-1979\/\" \/>\n<meta property=\"og:locale\" content=\"en_US\" \/>\n<meta property=\"og:type\" content=\"article\" \/>\n<meta property=\"og:title\" content=\"The Aeneid. Virgil. C\u00edrculo del Bibli\u00f3filo, 1979\" \/>\n<meta property=\"og:description\" content=\"The Aeneid, by Virgilio, the C\u00edrculo del Bibli\u00f3filo in 1979. The journey of Aeneas from Troy to Italy, the origin of the mythical birth of the Roman Empire\" \/>\n<meta property=\"og:url\" content=\"https:\/\/www.comprarmejor.es\/en\/product\/the-aeneid-virgil-circulo-del-bibliofilo-1979\/\" \/>\n<meta property=\"og:site_name\" content=\"ComprarMejor\" \/>\n<meta property=\"article:modified_time\" content=\"2025-02-04T15:52:13+00:00\" \/>\n<meta property=\"og:image\" content=\"https:\/\/www.comprarmejor.es\/wp-content\/uploads\/2015\/11\/LEdV-1.jpg\" \/>\n\t<meta property=\"og:image:width\" content=\"758\" \/>\n\t<meta property=\"og:image:height\" content=\"529\" \/>\n\t<meta property=\"og:image:type\" content=\"image\/jpeg\" \/>\n<meta name=\"twitter:card\" content=\"summary_large_image\" \/>\n<meta name=\"twitter:label1\" content=\"Est. reading time\" \/>\n\t<meta name=\"twitter:data1\" content=\"2 minutes\" \/>\n<script type=\"application\/ld+json\" class=\"yoast-schema-graph\">{\"@context\":\"https:\\\/\\\/schema.org\",\"@graph\":[{\"@type\":\"WebPage\",\"@id\":\"https:\\\/\\\/www.comprarmejor.es\\\/en\\\/product\\\/the-aeneid-virgil-circulo-del-bibliofilo-1979\\\/\",\"url\":\"https:\\\/\\\/www.comprarmejor.es\\\/en\\\/product\\\/the-aeneid-virgil-circulo-del-bibliofilo-1979\\\/\",\"name\":\"The Aeneid. Virgil. C\u00edrculo del Bibli\u00f3filo, 1979\",\"isPartOf\":{\"@id\":\"https:\\\/\\\/www.comprarmejor.es\\\/en\\\/#website\"},\"primaryImageOfPage\":{\"@id\":\"https:\\\/\\\/www.comprarmejor.es\\\/en\\\/product\\\/the-aeneid-virgil-circulo-del-bibliofilo-1979\\\/#primaryimage\"},\"image\":{\"@id\":\"https:\\\/\\\/www.comprarmejor.es\\\/en\\\/product\\\/the-aeneid-virgil-circulo-del-bibliofilo-1979\\\/#primaryimage\"},\"thumbnailUrl\":\"https:\\\/\\\/www.comprarmejor.es\\\/wp-content\\\/uploads\\\/2015\\\/11\\\/LEdV-1.jpg\",\"datePublished\":\"2015-11-19T11:51:05+00:00\",\"dateModified\":\"2025-02-04T15:52:13+00:00\",\"description\":\"The Aeneid, by Virgilio, the C\u00edrculo del Bibli\u00f3filo in 1979. The journey of Aeneas from Troy to Italy, the origin of the mythical birth of the Roman Empire\",\"breadcrumb\":{\"@id\":\"https:\\\/\\\/www.comprarmejor.es\\\/en\\\/product\\\/the-aeneid-virgil-circulo-del-bibliofilo-1979\\\/#breadcrumb\"},\"inLanguage\":\"en-US\",\"potentialAction\":[{\"@type\":\"ReadAction\",\"target\":[\"https:\\\/\\\/www.comprarmejor.es\\\/en\\\/product\\\/the-aeneid-virgil-circulo-del-bibliofilo-1979\\\/\"]}]},{\"@type\":\"ImageObject\",\"inLanguage\":\"en-US\",\"@id\":\"https:\\\/\\\/www.comprarmejor.es\\\/en\\\/product\\\/the-aeneid-virgil-circulo-del-bibliofilo-1979\\\/#primaryimage\",\"url\":\"https:\\\/\\\/www.comprarmejor.es\\\/wp-content\\\/uploads\\\/2015\\\/11\\\/LEdV-1.jpg\",\"contentUrl\":\"https:\\\/\\\/www.comprarmejor.es\\\/wp-content\\\/uploads\\\/2015\\\/11\\\/LEdV-1.jpg\",\"width\":758,\"height\":529},{\"@type\":\"BreadcrumbList\",\"@id\":\"https:\\\/\\\/www.comprarmejor.es\\\/en\\\/product\\\/the-aeneid-virgil-circulo-del-bibliofilo-1979\\\/#breadcrumb\",\"itemListElement\":[{\"@type\":\"ListItem\",\"position\":1,\"name\":\"Portada\",\"item\":\"https:\\\/\\\/www.comprarmejor.es\\\/en\\\/\"},{\"@type\":\"ListItem\",\"position\":2,\"name\":\"Shop\",\"item\":\"https:\\\/\\\/www.comprarmejor.es\\\/en\\\/shop\\\/\"},{\"@type\":\"ListItem\",\"position\":3,\"name\":\"The Aeneid. Virgil. C\u00edrculo del Bibli\u00f3filo, 1979\"}]},{\"@type\":\"WebSite\",\"@id\":\"https:\\\/\\\/www.comprarmejor.es\\\/en\\\/#website\",\"url\":\"https:\\\/\\\/www.comprarmejor.es\\\/en\\\/\",\"name\":\"ComprarMejor\",\"description\":\"ComprarMejor\",\"publisher\":{\"@id\":\"https:\\\/\\\/www.comprarmejor.es\\\/en\\\/#organization\"},\"potentialAction\":[{\"@type\":\"SearchAction\",\"target\":{\"@type\":\"EntryPoint\",\"urlTemplate\":\"https:\\\/\\\/www.comprarmejor.es\\\/en\\\/?s={search_term_string}\"},\"query-input\":{\"@type\":\"PropertyValueSpecification\",\"valueRequired\":true,\"valueName\":\"search_term_string\"}}],\"inLanguage\":\"en-US\"},{\"@type\":\"Organization\",\"@id\":\"https:\\\/\\\/www.comprarmejor.es\\\/en\\\/#organization\",\"name\":\"COMPRAR MEJOR\",\"url\":\"https:\\\/\\\/www.comprarmejor.es\\\/en\\\/\",\"logo\":{\"@type\":\"ImageObject\",\"inLanguage\":\"en-US\",\"@id\":\"https:\\\/\\\/www.comprarmejor.es\\\/en\\\/#\\\/schema\\\/logo\\\/image\\\/\",\"url\":\"https:\\\/\\\/www.comprarmejor.es\\\/wp-content\\\/uploads\\\/2025\\\/09\\\/comprarmejortrinidad.jpg\",\"contentUrl\":\"https:\\\/\\\/www.comprarmejor.es\\\/wp-content\\\/uploads\\\/2025\\\/09\\\/comprarmejortrinidad.jpg\",\"width\":1022,\"height\":1380,\"caption\":\"COMPRAR MEJOR\"},\"image\":{\"@id\":\"https:\\\/\\\/www.comprarmejor.es\\\/en\\\/#\\\/schema\\\/logo\\\/image\\\/\"},\"sameAs\":[\"https:\\\/\\\/www.instagram.com\\\/amigosdelcodice\"]}]}<\/script>\n<!-- \/ Yoast SEO plugin. -->","yoast_head_json":{"title":"The Aeneid. Virgil. C\u00edrculo del Bibli\u00f3filo, 1979","description":"The Aeneid, by Virgilio, the C\u00edrculo del Bibli\u00f3filo in 1979. The journey of Aeneas from Troy to Italy, the origin of the mythical birth of the Roman Empire","robots":{"index":"index","follow":"follow","max-snippet":"max-snippet:-1","max-image-preview":"max-image-preview:large","max-video-preview":"max-video-preview:-1"},"canonical":"https:\/\/www.comprarmejor.es\/en\/product\/the-aeneid-virgil-circulo-del-bibliofilo-1979\/","og_locale":"en_US","og_type":"article","og_title":"The Aeneid. Virgil. C\u00edrculo del Bibli\u00f3filo, 1979","og_description":"The Aeneid, by Virgilio, the C\u00edrculo del Bibli\u00f3filo in 1979. The journey of Aeneas from Troy to Italy, the origin of the mythical birth of the Roman Empire","og_url":"https:\/\/www.comprarmejor.es\/en\/product\/the-aeneid-virgil-circulo-del-bibliofilo-1979\/","og_site_name":"ComprarMejor","article_modified_time":"2025-02-04T15:52:13+00:00","og_image":[{"width":758,"height":529,"url":"https:\/\/www.comprarmejor.es\/wp-content\/uploads\/2015\/11\/LEdV-1.jpg","type":"image\/jpeg"}],"twitter_card":"summary_large_image","twitter_misc":{"Est. reading time":"2 minutes"},"schema":{"@context":"https:\/\/schema.org","@graph":[{"@type":"WebPage","@id":"https:\/\/www.comprarmejor.es\/en\/product\/the-aeneid-virgil-circulo-del-bibliofilo-1979\/","url":"https:\/\/www.comprarmejor.es\/en\/product\/the-aeneid-virgil-circulo-del-bibliofilo-1979\/","name":"The Aeneid. Virgil. C\u00edrculo del Bibli\u00f3filo, 1979","isPartOf":{"@id":"https:\/\/www.comprarmejor.es\/en\/#website"},"primaryImageOfPage":{"@id":"https:\/\/www.comprarmejor.es\/en\/product\/the-aeneid-virgil-circulo-del-bibliofilo-1979\/#primaryimage"},"image":{"@id":"https:\/\/www.comprarmejor.es\/en\/product\/the-aeneid-virgil-circulo-del-bibliofilo-1979\/#primaryimage"},"thumbnailUrl":"https:\/\/www.comprarmejor.es\/wp-content\/uploads\/2015\/11\/LEdV-1.jpg","datePublished":"2015-11-19T11:51:05+00:00","dateModified":"2025-02-04T15:52:13+00:00","description":"The Aeneid, by Virgilio, the C\u00edrculo del Bibli\u00f3filo in 1979. The journey of Aeneas from Troy to Italy, the origin of the mythical birth of the Roman Empire","breadcrumb":{"@id":"https:\/\/www.comprarmejor.es\/en\/product\/the-aeneid-virgil-circulo-del-bibliofilo-1979\/#breadcrumb"},"inLanguage":"en-US","potentialAction":[{"@type":"ReadAction","target":["https:\/\/www.comprarmejor.es\/en\/product\/the-aeneid-virgil-circulo-del-bibliofilo-1979\/"]}]},{"@type":"ImageObject","inLanguage":"en-US","@id":"https:\/\/www.comprarmejor.es\/en\/product\/the-aeneid-virgil-circulo-del-bibliofilo-1979\/#primaryimage","url":"https:\/\/www.comprarmejor.es\/wp-content\/uploads\/2015\/11\/LEdV-1.jpg","contentUrl":"https:\/\/www.comprarmejor.es\/wp-content\/uploads\/2015\/11\/LEdV-1.jpg","width":758,"height":529},{"@type":"BreadcrumbList","@id":"https:\/\/www.comprarmejor.es\/en\/product\/the-aeneid-virgil-circulo-del-bibliofilo-1979\/#breadcrumb","itemListElement":[{"@type":"ListItem","position":1,"name":"Portada","item":"https:\/\/www.comprarmejor.es\/en\/"},{"@type":"ListItem","position":2,"name":"Shop","item":"https:\/\/www.comprarmejor.es\/en\/shop\/"},{"@type":"ListItem","position":3,"name":"The Aeneid. Virgil. C\u00edrculo del Bibli\u00f3filo, 1979"}]},{"@type":"WebSite","@id":"https:\/\/www.comprarmejor.es\/en\/#website","url":"https:\/\/www.comprarmejor.es\/en\/","name":"ComprarMejor","description":"ComprarMejor","publisher":{"@id":"https:\/\/www.comprarmejor.es\/en\/#organization"},"potentialAction":[{"@type":"SearchAction","target":{"@type":"EntryPoint","urlTemplate":"https:\/\/www.comprarmejor.es\/en\/?s={search_term_string}"},"query-input":{"@type":"PropertyValueSpecification","valueRequired":true,"valueName":"search_term_string"}}],"inLanguage":"en-US"},{"@type":"Organization","@id":"https:\/\/www.comprarmejor.es\/en\/#organization","name":"COMPRAR MEJOR","url":"https:\/\/www.comprarmejor.es\/en\/","logo":{"@type":"ImageObject","inLanguage":"en-US","@id":"https:\/\/www.comprarmejor.es\/en\/#\/schema\/logo\/image\/","url":"https:\/\/www.comprarmejor.es\/wp-content\/uploads\/2025\/09\/comprarmejortrinidad.jpg","contentUrl":"https:\/\/www.comprarmejor.es\/wp-content\/uploads\/2025\/09\/comprarmejortrinidad.jpg","width":1022,"height":1380,"caption":"COMPRAR MEJOR"},"image":{"@id":"https:\/\/www.comprarmejor.es\/en\/#\/schema\/logo\/image\/"},"sameAs":["https:\/\/www.instagram.com\/amigosdelcodice"]}]}},"_links":{"self":[{"href":"https:\/\/www.comprarmejor.es\/en\/wp-json\/wp\/v2\/product\/48949","targetHints":{"allow":["GET"]}}],"collection":[{"href":"https:\/\/www.comprarmejor.es\/en\/wp-json\/wp\/v2\/product"}],"about":[{"href":"https:\/\/www.comprarmejor.es\/en\/wp-json\/wp\/v2\/types\/product"}],"wp:featuredmedia":[{"embeddable":true,"href":"https:\/\/www.comprarmejor.es\/en\/wp-json\/wp\/v2\/media\/100487"}],"wp:attachment":[{"href":"https:\/\/www.comprarmejor.es\/en\/wp-json\/wp\/v2\/media?parent=48949"}],"wp:term":[{"taxonomy":"product_brand","embeddable":true,"href":"https:\/\/www.comprarmejor.es\/en\/wp-json\/wp\/v2\/product_brand?post=48949"},{"taxonomy":"product_cat","embeddable":true,"href":"https:\/\/www.comprarmejor.es\/en\/wp-json\/wp\/v2\/product_cat?post=48949"},{"taxonomy":"product_tag","embeddable":true,"href":"https:\/\/www.comprarmejor.es\/en\/wp-json\/wp\/v2\/product_tag?post=48949"}],"curies":[{"name":"wp","href":"https:\/\/api.w.org\/{rel}","templated":true}]}}