{"id":48991,"date":"2015-11-19T17:48:45","date_gmt":"2015-11-19T16:48:45","guid":{"rendered":"https:\/\/www.comprarmejor.es\/producto\/beatus-of-liebana-codex-emilianense-or-beatus-first-s-x\/"},"modified":"2023-05-04T10:19:58","modified_gmt":"2023-05-04T08:19:58","slug":"beatus-of-liebana-codex-emilianense-or-beatus-first-s-x","status":"publish","type":"product","link":"https:\/\/www.comprarmejor.es\/en\/product\/beatus-of-liebana-codex-emilianense-or-beatus-first-s-x\/","title":{"rendered":"Beatus of Liebana codex Emilianense, or Beatus First, s. X"},"content":{"rendered":"<p style=\"text-align: justify;\"><span id=\"result_box\" lang=\"en\" xml:lang=\"en\"><span title=\"Beato Emilianense, manuscrito tambi\u00e9n conocido como Beato Primero, por tratarse del Beato de Li\u00e9bana m\u00e1s antiguo de cuantos se conservan.\">Beatus Emilian manuscript also known as Beato First, because it is the Beatus oldest of those preserved.<\/span><\/span><\/p>\n<p style=\"text-align: justify;\"><span title=\"Original custodiado en la Biblioteca Nacional de Espa\u00f1a, Vit.\">Original kept in the National Library of Spain, Vit. <\/span><span title=\"14-1.\">14-1. <\/span><span title=\"Datado a principios del siglo X.\">Dated to the early tenth century<\/span><\/p>\n<p style=\"text-align: justify;\"><span title=\"Facs\u00edmile 300 p\u00e1ginas de 28 x 38 cm.\">Fax 300 pages of 28 x 38 cm. <\/span><span title=\"Encuadernaci\u00f3n artesanal en pergamino envejecido y herrajes de bronce.\">Bookbinding craft aged parchment and brass hardware. <\/span><span title=\"Acompa\u00f1ado de libro de estudios y caja de conservaci\u00f3n.\">Accompanied by book case studies and conservation. <\/span><span title=\"Tirada limitada de 898 ejemplares y numerada con acta notarial.\">Limited edition of 898 numbered copies and deed. <\/span><span title=\"Edici\u00f3n de 2007.\">2007 edition.<\/span><\/p>\n<p style=\"text-align: justify;\"><span title=\"Libro estudio formato 25 x 31 cm, tapa dura con sobrecubierta a todo color.\">Book study format 25 x 31 cm, hardcover with dust jacket full color.<\/span><\/p>\n<p style=\"text-align: justify;\"><span title=\"Caja estuche formato 31 x 41,5 x 9,5 cm para conservar y trasladar s\u00f3lo el facs\u00edmile.\">Safety kit format 31 x 41.5 x 9.5 cm to retain and transfer only the facsimile.<\/span><\/p>\n<p style=\"text-align: justify;\"><span title=\"Permaneci\u00f3 en el Monasterio de San Mill\u00e1n de la Cogolla entre los siglos XII y XIX, de ah\u00ed su adscripci\u00f3n a este Monasterio y su nombre.\">He remained in the Monasterio de San Millan between the twelfth and nineteenth centuries, hence its attachment to this monastery and its name.<\/span><\/p>\n<p style=\"text-align: justify;\"><span title=\"Estamos ante uno de los Beatos m\u00e1s le\u00eddos y utilizados, como lo atestigua su delicado estado de conservaci\u00f3n.\">This is one of the most read and used Blessed, as witness his delicate condition. <\/span><span title=\"De las m\u00e1s de 60 miniaturas originales, actualmente el c\u00f3dice original s\u00f3lo conserva 29.\">Of the 60 original miniatures, now only it retains the original codex 29.<\/span><\/p>\n<p style=\"text-align: justify;\"><span title=\"La edici\u00f3n facs\u00edmile obtuvo en 2007 el Premio Nacional al mejor libro editado en el a\u00f1o 2006 en la modalidad de Libros Facs\u00edmiles.\">The facsimile edition in 2007 won the National Award for the best book published in 2006 in the form of Facsimile Books.<\/span><\/p>\n<p style=\"text-align: justify;\"><span title=\"El atril de las fotograf\u00edas no est\u00e1 incluido en el precio, siendo \u00fanicamente un instrumento decorativo para realizar las fotograf\u00edas.\">The stand of the photographs are not included in the price, with only a decorative tool to take pictures.<\/span><\/p>\n<p style=\"text-align: justify;\"><span title=\"S\u00f3lo tenemos un ejemplar disponible a este precio.\"><span class=\"HwtZe\" lang=\"en\"><span class=\"jCAhz ChMk0b\"><span class=\"ryNqvb\">NOTE: There is a study book for this edition in Spanish, English and German.<\/span><\/span> <span class=\"jCAhz ChMk0b\"><span class=\"ryNqvb\">If you do not tell us otherwise, we will deliver it in Spanish<\/span><\/span><\/span>.<\/span><\/p>\n<p style=\"text-align: justify;\"><span title=\"Gastos de env\u00edo por cuenta del comprador, seg\u00fan pedido y destino.\"><span class=\"HwtZe\" lang=\"en\"><span class=\"jCAhz ChMk0b C1N51c\"><span class=\"ryNqvb\">Free shipping for this item<\/span><\/span><\/span>. <\/span><span title=\"Cons\u00faltenos cualquier duda, as\u00ed como por cualquier otro Beato o facs\u00edmile que est\u00e9 buscando.\"><a class=\"btn btn-default\" href=\"https:\/\/www.comprarmejor.es\/en\/contact\">Ask us<\/a> <span class=\"HwtZe\" lang=\"en\"><span class=\"jCAhz ChMk0b\"><span class=\"ryNqvb\">any questions, indicating the article reference.<\/span><\/span><\/span><br \/>\n<\/span><\/p>\n","protected":false},"excerpt":{"rendered":"<p style=\"text-align: justify;\"><span id=\"result_box\" lang=\"en\" xml:lang=\"en\"><span title=\"Beato Emilianense, manuscrito tambi\u00e9n conocido como Beato Primero, por tratarse del Beato de Li\u00e9bana m\u00e1s antiguo de cuantos se conservan.\">Blessed Emilian manuscript also known as Beato First, because it is the Beatus oldest of those preserved.<\/span><\/span><\/p>\n","protected":false},"featured_media":48965,"template":"","meta":[],"product_brand":[],"product_cat":[2204],"product_tag":[5135,4104,4888,5136,5119],"class_list":{"0":"post-48991","1":"product","2":"type-product","3":"status-publish","4":"has-post-thumbnail","6":"product_cat-beatus-of-liebana","7":"product_tag-beato-en","8":"product_tag-bne-en","9":"product_tag-emilianense-en-2","10":"product_tag-liebana-en","11":"product_tag-siloe-en","12":"description-off","14":"first","15":"instock","16":"sale","17":"taxable","18":"shipping-taxable","19":"purchasable","20":"product-type-simple"},"yoast_head":"<!-- This site is optimized with the Yoast SEO plugin v27.3 - https:\/\/yoast.com\/product\/yoast-seo-wordpress\/ -->\n<title>Beatus of Liebana codex Emilianense, or Beatus First, s. X<\/title>\n<meta name=\"description\" content=\"Beatus Emilian manuscript also known as Beato First, because it is the Beatus oldest of those preserved. Original kept in the National Library of Spain\" \/>\n<meta name=\"robots\" content=\"index, follow, max-snippet:-1, max-image-preview:large, max-video-preview:-1\" \/>\n<link rel=\"canonical\" href=\"https:\/\/www.comprarmejor.es\/en\/product\/beatus-of-liebana-codex-emilianense-or-beatus-first-s-x\/\" \/>\n<meta property=\"og:locale\" content=\"en_US\" \/>\n<meta property=\"og:type\" content=\"article\" \/>\n<meta property=\"og:title\" content=\"Beatus of Liebana codex Emilianense, or Beatus First, s. X\" \/>\n<meta property=\"og:description\" content=\"Beatus Emilian manuscript also known as Beato First, because it is the Beatus oldest of those preserved. Original kept in the National Library of Spain\" \/>\n<meta property=\"og:url\" content=\"https:\/\/www.comprarmejor.es\/en\/product\/beatus-of-liebana-codex-emilianense-or-beatus-first-s-x\/\" \/>\n<meta property=\"og:site_name\" content=\"ComprarMejor\" \/>\n<meta property=\"article:modified_time\" content=\"2023-05-04T08:19:58+00:00\" \/>\n<meta property=\"og:image\" content=\"https:\/\/www.comprarmejor.es\/wp-content\/uploads\/2015\/11\/p_1_2_9_5_1295-Beato-de-Liebana-codice-Emilianense-o-Beato-Primero-s.-X.jpg\" \/>\n\t<meta property=\"og:image:width\" content=\"600\" \/>\n\t<meta property=\"og:image:height\" content=\"371\" \/>\n\t<meta property=\"og:image:type\" content=\"image\/jpeg\" \/>\n<meta name=\"twitter:card\" content=\"summary_large_image\" \/>\n<meta name=\"twitter:label1\" content=\"Est. reading time\" \/>\n\t<meta name=\"twitter:data1\" content=\"2 minutes\" \/>\n<script type=\"application\/ld+json\" class=\"yoast-schema-graph\">{\"@context\":\"https:\\\/\\\/schema.org\",\"@graph\":[{\"@type\":\"WebPage\",\"@id\":\"https:\\\/\\\/www.comprarmejor.es\\\/en\\\/product\\\/beatus-of-liebana-codex-emilianense-or-beatus-first-s-x\\\/\",\"url\":\"https:\\\/\\\/www.comprarmejor.es\\\/en\\\/product\\\/beatus-of-liebana-codex-emilianense-or-beatus-first-s-x\\\/\",\"name\":\"Beatus of Liebana codex Emilianense, or Beatus First, s. X\",\"isPartOf\":{\"@id\":\"https:\\\/\\\/www.comprarmejor.es\\\/en\\\/#website\"},\"primaryImageOfPage\":{\"@id\":\"https:\\\/\\\/www.comprarmejor.es\\\/en\\\/product\\\/beatus-of-liebana-codex-emilianense-or-beatus-first-s-x\\\/#primaryimage\"},\"image\":{\"@id\":\"https:\\\/\\\/www.comprarmejor.es\\\/en\\\/product\\\/beatus-of-liebana-codex-emilianense-or-beatus-first-s-x\\\/#primaryimage\"},\"thumbnailUrl\":\"https:\\\/\\\/www.comprarmejor.es\\\/wp-content\\\/uploads\\\/2015\\\/11\\\/p_1_2_9_5_1295-Beato-de-Liebana-codice-Emilianense-o-Beato-Primero-s.-X.jpg\",\"datePublished\":\"2015-11-19T16:48:45+00:00\",\"dateModified\":\"2023-05-04T08:19:58+00:00\",\"description\":\"Beatus Emilian manuscript also known as Beato First, because it is the Beatus oldest of those preserved. Original kept in the National Library of Spain\",\"breadcrumb\":{\"@id\":\"https:\\\/\\\/www.comprarmejor.es\\\/en\\\/product\\\/beatus-of-liebana-codex-emilianense-or-beatus-first-s-x\\\/#breadcrumb\"},\"inLanguage\":\"en-US\",\"potentialAction\":[{\"@type\":\"ReadAction\",\"target\":[\"https:\\\/\\\/www.comprarmejor.es\\\/en\\\/product\\\/beatus-of-liebana-codex-emilianense-or-beatus-first-s-x\\\/\"]}]},{\"@type\":\"ImageObject\",\"inLanguage\":\"en-US\",\"@id\":\"https:\\\/\\\/www.comprarmejor.es\\\/en\\\/product\\\/beatus-of-liebana-codex-emilianense-or-beatus-first-s-x\\\/#primaryimage\",\"url\":\"https:\\\/\\\/www.comprarmejor.es\\\/wp-content\\\/uploads\\\/2015\\\/11\\\/p_1_2_9_5_1295-Beato-de-Liebana-codice-Emilianense-o-Beato-Primero-s.-X.jpg\",\"contentUrl\":\"https:\\\/\\\/www.comprarmejor.es\\\/wp-content\\\/uploads\\\/2015\\\/11\\\/p_1_2_9_5_1295-Beato-de-Liebana-codice-Emilianense-o-Beato-Primero-s.-X.jpg\",\"width\":600,\"height\":371},{\"@type\":\"BreadcrumbList\",\"@id\":\"https:\\\/\\\/www.comprarmejor.es\\\/en\\\/product\\\/beatus-of-liebana-codex-emilianense-or-beatus-first-s-x\\\/#breadcrumb\",\"itemListElement\":[{\"@type\":\"ListItem\",\"position\":1,\"name\":\"Portada\",\"item\":\"https:\\\/\\\/www.comprarmejor.es\\\/en\\\/\"},{\"@type\":\"ListItem\",\"position\":2,\"name\":\"Shop\",\"item\":\"https:\\\/\\\/www.comprarmejor.es\\\/en\\\/shop\\\/\"},{\"@type\":\"ListItem\",\"position\":3,\"name\":\"Beatus of Liebana codex Emilianense, or Beatus First, s. X\"}]},{\"@type\":\"WebSite\",\"@id\":\"https:\\\/\\\/www.comprarmejor.es\\\/en\\\/#website\",\"url\":\"https:\\\/\\\/www.comprarmejor.es\\\/en\\\/\",\"name\":\"ComprarMejor\",\"description\":\"ComprarMejor\",\"publisher\":{\"@id\":\"https:\\\/\\\/www.comprarmejor.es\\\/en\\\/#organization\"},\"potentialAction\":[{\"@type\":\"SearchAction\",\"target\":{\"@type\":\"EntryPoint\",\"urlTemplate\":\"https:\\\/\\\/www.comprarmejor.es\\\/en\\\/?s={search_term_string}\"},\"query-input\":{\"@type\":\"PropertyValueSpecification\",\"valueRequired\":true,\"valueName\":\"search_term_string\"}}],\"inLanguage\":\"en-US\"},{\"@type\":\"Organization\",\"@id\":\"https:\\\/\\\/www.comprarmejor.es\\\/en\\\/#organization\",\"name\":\"COMPRAR MEJOR\",\"url\":\"https:\\\/\\\/www.comprarmejor.es\\\/en\\\/\",\"logo\":{\"@type\":\"ImageObject\",\"inLanguage\":\"en-US\",\"@id\":\"https:\\\/\\\/www.comprarmejor.es\\\/en\\\/#\\\/schema\\\/logo\\\/image\\\/\",\"url\":\"https:\\\/\\\/www.comprarmejor.es\\\/wp-content\\\/uploads\\\/2025\\\/09\\\/comprarmejortrinidad.jpg\",\"contentUrl\":\"https:\\\/\\\/www.comprarmejor.es\\\/wp-content\\\/uploads\\\/2025\\\/09\\\/comprarmejortrinidad.jpg\",\"width\":1022,\"height\":1380,\"caption\":\"COMPRAR MEJOR\"},\"image\":{\"@id\":\"https:\\\/\\\/www.comprarmejor.es\\\/en\\\/#\\\/schema\\\/logo\\\/image\\\/\"},\"sameAs\":[\"https:\\\/\\\/www.instagram.com\\\/amigosdelcodice\"]}]}<\/script>\n<!-- \/ Yoast SEO plugin. -->","yoast_head_json":{"title":"Beatus of Liebana codex Emilianense, or Beatus First, s. X","description":"Beatus Emilian manuscript also known as Beato First, because it is the Beatus oldest of those preserved. Original kept in the National Library of Spain","robots":{"index":"index","follow":"follow","max-snippet":"max-snippet:-1","max-image-preview":"max-image-preview:large","max-video-preview":"max-video-preview:-1"},"canonical":"https:\/\/www.comprarmejor.es\/en\/product\/beatus-of-liebana-codex-emilianense-or-beatus-first-s-x\/","og_locale":"en_US","og_type":"article","og_title":"Beatus of Liebana codex Emilianense, or Beatus First, s. X","og_description":"Beatus Emilian manuscript also known as Beato First, because it is the Beatus oldest of those preserved. Original kept in the National Library of Spain","og_url":"https:\/\/www.comprarmejor.es\/en\/product\/beatus-of-liebana-codex-emilianense-or-beatus-first-s-x\/","og_site_name":"ComprarMejor","article_modified_time":"2023-05-04T08:19:58+00:00","og_image":[{"width":600,"height":371,"url":"https:\/\/www.comprarmejor.es\/wp-content\/uploads\/2015\/11\/p_1_2_9_5_1295-Beato-de-Liebana-codice-Emilianense-o-Beato-Primero-s.-X.jpg","type":"image\/jpeg"}],"twitter_card":"summary_large_image","twitter_misc":{"Est. reading time":"2 minutes"},"schema":{"@context":"https:\/\/schema.org","@graph":[{"@type":"WebPage","@id":"https:\/\/www.comprarmejor.es\/en\/product\/beatus-of-liebana-codex-emilianense-or-beatus-first-s-x\/","url":"https:\/\/www.comprarmejor.es\/en\/product\/beatus-of-liebana-codex-emilianense-or-beatus-first-s-x\/","name":"Beatus of Liebana codex Emilianense, or Beatus First, s. X","isPartOf":{"@id":"https:\/\/www.comprarmejor.es\/en\/#website"},"primaryImageOfPage":{"@id":"https:\/\/www.comprarmejor.es\/en\/product\/beatus-of-liebana-codex-emilianense-or-beatus-first-s-x\/#primaryimage"},"image":{"@id":"https:\/\/www.comprarmejor.es\/en\/product\/beatus-of-liebana-codex-emilianense-or-beatus-first-s-x\/#primaryimage"},"thumbnailUrl":"https:\/\/www.comprarmejor.es\/wp-content\/uploads\/2015\/11\/p_1_2_9_5_1295-Beato-de-Liebana-codice-Emilianense-o-Beato-Primero-s.-X.jpg","datePublished":"2015-11-19T16:48:45+00:00","dateModified":"2023-05-04T08:19:58+00:00","description":"Beatus Emilian manuscript also known as Beato First, because it is the Beatus oldest of those preserved. Original kept in the National Library of Spain","breadcrumb":{"@id":"https:\/\/www.comprarmejor.es\/en\/product\/beatus-of-liebana-codex-emilianense-or-beatus-first-s-x\/#breadcrumb"},"inLanguage":"en-US","potentialAction":[{"@type":"ReadAction","target":["https:\/\/www.comprarmejor.es\/en\/product\/beatus-of-liebana-codex-emilianense-or-beatus-first-s-x\/"]}]},{"@type":"ImageObject","inLanguage":"en-US","@id":"https:\/\/www.comprarmejor.es\/en\/product\/beatus-of-liebana-codex-emilianense-or-beatus-first-s-x\/#primaryimage","url":"https:\/\/www.comprarmejor.es\/wp-content\/uploads\/2015\/11\/p_1_2_9_5_1295-Beato-de-Liebana-codice-Emilianense-o-Beato-Primero-s.-X.jpg","contentUrl":"https:\/\/www.comprarmejor.es\/wp-content\/uploads\/2015\/11\/p_1_2_9_5_1295-Beato-de-Liebana-codice-Emilianense-o-Beato-Primero-s.-X.jpg","width":600,"height":371},{"@type":"BreadcrumbList","@id":"https:\/\/www.comprarmejor.es\/en\/product\/beatus-of-liebana-codex-emilianense-or-beatus-first-s-x\/#breadcrumb","itemListElement":[{"@type":"ListItem","position":1,"name":"Portada","item":"https:\/\/www.comprarmejor.es\/en\/"},{"@type":"ListItem","position":2,"name":"Shop","item":"https:\/\/www.comprarmejor.es\/en\/shop\/"},{"@type":"ListItem","position":3,"name":"Beatus of Liebana codex Emilianense, or Beatus First, s. X"}]},{"@type":"WebSite","@id":"https:\/\/www.comprarmejor.es\/en\/#website","url":"https:\/\/www.comprarmejor.es\/en\/","name":"ComprarMejor","description":"ComprarMejor","publisher":{"@id":"https:\/\/www.comprarmejor.es\/en\/#organization"},"potentialAction":[{"@type":"SearchAction","target":{"@type":"EntryPoint","urlTemplate":"https:\/\/www.comprarmejor.es\/en\/?s={search_term_string}"},"query-input":{"@type":"PropertyValueSpecification","valueRequired":true,"valueName":"search_term_string"}}],"inLanguage":"en-US"},{"@type":"Organization","@id":"https:\/\/www.comprarmejor.es\/en\/#organization","name":"COMPRAR MEJOR","url":"https:\/\/www.comprarmejor.es\/en\/","logo":{"@type":"ImageObject","inLanguage":"en-US","@id":"https:\/\/www.comprarmejor.es\/en\/#\/schema\/logo\/image\/","url":"https:\/\/www.comprarmejor.es\/wp-content\/uploads\/2025\/09\/comprarmejortrinidad.jpg","contentUrl":"https:\/\/www.comprarmejor.es\/wp-content\/uploads\/2025\/09\/comprarmejortrinidad.jpg","width":1022,"height":1380,"caption":"COMPRAR MEJOR"},"image":{"@id":"https:\/\/www.comprarmejor.es\/en\/#\/schema\/logo\/image\/"},"sameAs":["https:\/\/www.instagram.com\/amigosdelcodice"]}]}},"_links":{"self":[{"href":"https:\/\/www.comprarmejor.es\/en\/wp-json\/wp\/v2\/product\/48991","targetHints":{"allow":["GET"]}}],"collection":[{"href":"https:\/\/www.comprarmejor.es\/en\/wp-json\/wp\/v2\/product"}],"about":[{"href":"https:\/\/www.comprarmejor.es\/en\/wp-json\/wp\/v2\/types\/product"}],"wp:featuredmedia":[{"embeddable":true,"href":"https:\/\/www.comprarmejor.es\/en\/wp-json\/wp\/v2\/media\/48965"}],"wp:attachment":[{"href":"https:\/\/www.comprarmejor.es\/en\/wp-json\/wp\/v2\/media?parent=48991"}],"wp:term":[{"taxonomy":"product_brand","embeddable":true,"href":"https:\/\/www.comprarmejor.es\/en\/wp-json\/wp\/v2\/product_brand?post=48991"},{"taxonomy":"product_cat","embeddable":true,"href":"https:\/\/www.comprarmejor.es\/en\/wp-json\/wp\/v2\/product_cat?post=48991"},{"taxonomy":"product_tag","embeddable":true,"href":"https:\/\/www.comprarmejor.es\/en\/wp-json\/wp\/v2\/product_tag?post=48991"}],"curies":[{"name":"wp","href":"https:\/\/api.w.org\/{rel}","templated":true}]}}