{"id":49007,"date":"2015-11-20T11:12:16","date_gmt":"2015-11-20T10:12:16","guid":{"rendered":"https:\/\/www.comprarmejor.es\/producto\/beatus-of-liebana-codex-of-san-pedro-de-cardena-c-1180\/"},"modified":"2025-06-28T11:54:29","modified_gmt":"2025-06-28T09:54:29","slug":"14-beatus-of-liebana-codex-of-san-pedro-de-cardena","status":"publish","type":"product","link":"https:\/\/www.comprarmejor.es\/en\/product\/14-beatus-of-liebana-codex-of-san-pedro-de-cardena\/","title":{"rendered":"Beatus of Liebana codex of San Pedro de Cardena, c. 1180"},"content":{"rendered":"<p style=\"text-align: justify;\">Facsimile of the original codex, 33 x 47.5 cm. 290 pages, 51 gold-enriched miniatures. Produced between 1175 and 1185 in the important scriptorium of the Monastery of San Pedro de Carde\u00f1a. Its folios are distributed between the National Archaeological Museum, Madrid (127 ff.), the Francisco de Zab\u00e1lburu y Basabe Library, Madrid (2 ff.), the Diocesan Museum of Girona (1 f.), and the Metropolitan Museum of Art, New York (15 ff.). Bound in suede with fittings on both sides, presented in a large leather-bound case, 38 x 52.5 x 12 cm. Accompanied by a bilingual Spanish-English study book, hardback with an illustrated dust jacket, 25.5 x 34 cm. 368 pages with full-color illustrations.<\/p>\n<p style=\"text-align: justify;\">First and only facsimile edition containing all the scattered fragments of this manuscript, limited and notarized.<\/p>\n<p style=\"text-align: justify;\">Blessed of Liebana of San Pedro de Carde\u00f1a is one of the most sumptuous, most artistically elaborated and of the highest quality of those of his series (Family II, branch B).<\/p>\n<p style=\"text-align: justify;\">Full copy and in perfect condition.<\/p>\n<p style=\"text-align: justify;\"><span title=\"Gastos de env\u00edo por cuenta del comprador, seg\u00fan pedido y destino.\"><span class=\"HwtZe\" lang=\"en\"><span class=\"jCAhz ChMk0b\"><span class=\"ryNqvb\">Free shipping for this item<\/span><\/span><\/span>. <\/span><span title=\"Cons\u00faltenos cualquier duda, as\u00ed como por cualquier otro Beato o facs\u00edmile que est\u00e9 buscando.\"><a class=\"btn btn-default\" href=\"https:\/\/www.comprarmejor.es\/en\/contact\/\">Ask us<\/a> <span class=\"HwtZe\" lang=\"en\"><span class=\"jCAhz ChMk0b\"><span class=\"ryNqvb\">any questions, providing the item reference.<\/span><\/span><\/span><br \/>\n<\/span><\/p>\n","protected":false},"excerpt":{"rendered":"<p style=\"text-align: justify;\"><span id=\"result_box\" lang=\"en\" xml:lang=\"en\"><span title=\"Facs\u00edmile del c\u00f3dice original formato: 30 x 44,5 cm.\">Facsimile of the original manuscript format: 30 x 44.5 cm. <\/span><span title=\"290 p\u00e1ginas, 51 miniaturas enriquecidas con oro.\">290 pages, 51 thumbnails enriched gold. <\/span><span title=\"Realizado entre 1175 y 1185, en el importante scriptorium del Monasterio de San Pedro de Carde\u00f1a.\">Made between 1175 and 1185, in the important scriptorium of the Monastery of San Pedro de Cardena.<\/span><\/span><\/p>\n","protected":false},"featured_media":48993,"template":"","meta":[],"product_brand":[],"product_cat":[2204,2220],"product_tag":[5135,5136,4017],"class_list":{"0":"post-49007","1":"product","2":"type-product","3":"status-publish","4":"has-post-thumbnail","6":"product_cat-beatus-of-liebana","7":"product_cat-special-offers","8":"product_tag-beato-en","9":"product_tag-liebana-en","10":"product_tag-moleiro-en","11":"description-off","13":"first","14":"instock","15":"sale","16":"taxable","17":"shipping-taxable","18":"purchasable","19":"product-type-simple"},"yoast_head":"<!-- This site is optimized with the Yoast SEO plugin v27.3 - https:\/\/yoast.com\/product\/yoast-seo-wordpress\/ -->\n<title>Beatus of Liebana codex of San Pedro de Cardena, c. 1180<\/title>\n<meta name=\"description\" content=\"Facsimile of the original manuscript. Made between 1175 and 1185, in the important scriptorium of the Monastery of San Pedro de Cardena.\" \/>\n<meta name=\"robots\" content=\"index, follow, max-snippet:-1, max-image-preview:large, max-video-preview:-1\" \/>\n<link rel=\"canonical\" href=\"https:\/\/www.comprarmejor.es\/en\/product\/14-beatus-of-liebana-codex-of-san-pedro-de-cardena\/\" \/>\n<meta property=\"og:locale\" content=\"en_US\" \/>\n<meta property=\"og:type\" content=\"article\" \/>\n<meta property=\"og:title\" content=\"Beatus of Liebana codex of San Pedro de Cardena, c. 1180\" \/>\n<meta property=\"og:description\" content=\"Facsimile of the original manuscript. Made between 1175 and 1185, in the important scriptorium of the Monastery of San Pedro de Cardena.\" \/>\n<meta property=\"og:url\" content=\"https:\/\/www.comprarmejor.es\/en\/product\/14-beatus-of-liebana-codex-of-san-pedro-de-cardena\/\" \/>\n<meta property=\"og:site_name\" content=\"ComprarMejor\" \/>\n<meta property=\"article:modified_time\" content=\"2025-06-28T09:54:29+00:00\" \/>\n<meta property=\"og:image\" content=\"https:\/\/www.comprarmejor.es\/wp-content\/uploads\/2015\/11\/p_1_3_0_8_1308-Beato-de-Liebana-codice-de-Cardena-c.-1180.jpg\" \/>\n\t<meta property=\"og:image:width\" content=\"600\" \/>\n\t<meta property=\"og:image:height\" content=\"402\" \/>\n\t<meta property=\"og:image:type\" content=\"image\/jpeg\" \/>\n<meta name=\"twitter:card\" content=\"summary_large_image\" \/>\n<meta name=\"twitter:label1\" content=\"Est. reading time\" \/>\n\t<meta name=\"twitter:data1\" content=\"2 minutes\" \/>\n<script type=\"application\/ld+json\" class=\"yoast-schema-graph\">{\"@context\":\"https:\\\/\\\/schema.org\",\"@graph\":[{\"@type\":\"WebPage\",\"@id\":\"https:\\\/\\\/www.comprarmejor.es\\\/en\\\/product\\\/14-beatus-of-liebana-codex-of-san-pedro-de-cardena\\\/\",\"url\":\"https:\\\/\\\/www.comprarmejor.es\\\/en\\\/product\\\/14-beatus-of-liebana-codex-of-san-pedro-de-cardena\\\/\",\"name\":\"Beatus of Liebana codex of San Pedro de Cardena, c. 1180\",\"isPartOf\":{\"@id\":\"https:\\\/\\\/www.comprarmejor.es\\\/en\\\/#website\"},\"primaryImageOfPage\":{\"@id\":\"https:\\\/\\\/www.comprarmejor.es\\\/en\\\/product\\\/14-beatus-of-liebana-codex-of-san-pedro-de-cardena\\\/#primaryimage\"},\"image\":{\"@id\":\"https:\\\/\\\/www.comprarmejor.es\\\/en\\\/product\\\/14-beatus-of-liebana-codex-of-san-pedro-de-cardena\\\/#primaryimage\"},\"thumbnailUrl\":\"https:\\\/\\\/www.comprarmejor.es\\\/wp-content\\\/uploads\\\/2015\\\/11\\\/p_1_3_0_8_1308-Beato-de-Liebana-codice-de-Cardena-c.-1180.jpg\",\"datePublished\":\"2015-11-20T10:12:16+00:00\",\"dateModified\":\"2025-06-28T09:54:29+00:00\",\"description\":\"Facsimile of the original manuscript. Made between 1175 and 1185, in the important scriptorium of the Monastery of San Pedro de Cardena.\",\"breadcrumb\":{\"@id\":\"https:\\\/\\\/www.comprarmejor.es\\\/en\\\/product\\\/14-beatus-of-liebana-codex-of-san-pedro-de-cardena\\\/#breadcrumb\"},\"inLanguage\":\"en-US\",\"potentialAction\":[{\"@type\":\"ReadAction\",\"target\":[\"https:\\\/\\\/www.comprarmejor.es\\\/en\\\/product\\\/14-beatus-of-liebana-codex-of-san-pedro-de-cardena\\\/\"]}]},{\"@type\":\"ImageObject\",\"inLanguage\":\"en-US\",\"@id\":\"https:\\\/\\\/www.comprarmejor.es\\\/en\\\/product\\\/14-beatus-of-liebana-codex-of-san-pedro-de-cardena\\\/#primaryimage\",\"url\":\"https:\\\/\\\/www.comprarmejor.es\\\/wp-content\\\/uploads\\\/2015\\\/11\\\/p_1_3_0_8_1308-Beato-de-Liebana-codice-de-Cardena-c.-1180.jpg\",\"contentUrl\":\"https:\\\/\\\/www.comprarmejor.es\\\/wp-content\\\/uploads\\\/2015\\\/11\\\/p_1_3_0_8_1308-Beato-de-Liebana-codice-de-Cardena-c.-1180.jpg\",\"width\":600,\"height\":402},{\"@type\":\"BreadcrumbList\",\"@id\":\"https:\\\/\\\/www.comprarmejor.es\\\/en\\\/product\\\/14-beatus-of-liebana-codex-of-san-pedro-de-cardena\\\/#breadcrumb\",\"itemListElement\":[{\"@type\":\"ListItem\",\"position\":1,\"name\":\"Portada\",\"item\":\"https:\\\/\\\/www.comprarmejor.es\\\/en\\\/\"},{\"@type\":\"ListItem\",\"position\":2,\"name\":\"Shop\",\"item\":\"https:\\\/\\\/www.comprarmejor.es\\\/en\\\/shop\\\/\"},{\"@type\":\"ListItem\",\"position\":3,\"name\":\"Beatus of Liebana codex of San Pedro de Cardena, c. 1180\"}]},{\"@type\":\"WebSite\",\"@id\":\"https:\\\/\\\/www.comprarmejor.es\\\/en\\\/#website\",\"url\":\"https:\\\/\\\/www.comprarmejor.es\\\/en\\\/\",\"name\":\"ComprarMejor\",\"description\":\"ComprarMejor\",\"publisher\":{\"@id\":\"https:\\\/\\\/www.comprarmejor.es\\\/en\\\/#organization\"},\"potentialAction\":[{\"@type\":\"SearchAction\",\"target\":{\"@type\":\"EntryPoint\",\"urlTemplate\":\"https:\\\/\\\/www.comprarmejor.es\\\/en\\\/?s={search_term_string}\"},\"query-input\":{\"@type\":\"PropertyValueSpecification\",\"valueRequired\":true,\"valueName\":\"search_term_string\"}}],\"inLanguage\":\"en-US\"},{\"@type\":\"Organization\",\"@id\":\"https:\\\/\\\/www.comprarmejor.es\\\/en\\\/#organization\",\"name\":\"COMPRAR MEJOR\",\"url\":\"https:\\\/\\\/www.comprarmejor.es\\\/en\\\/\",\"logo\":{\"@type\":\"ImageObject\",\"inLanguage\":\"en-US\",\"@id\":\"https:\\\/\\\/www.comprarmejor.es\\\/en\\\/#\\\/schema\\\/logo\\\/image\\\/\",\"url\":\"https:\\\/\\\/www.comprarmejor.es\\\/wp-content\\\/uploads\\\/2025\\\/09\\\/comprarmejortrinidad.jpg\",\"contentUrl\":\"https:\\\/\\\/www.comprarmejor.es\\\/wp-content\\\/uploads\\\/2025\\\/09\\\/comprarmejortrinidad.jpg\",\"width\":1022,\"height\":1380,\"caption\":\"COMPRAR MEJOR\"},\"image\":{\"@id\":\"https:\\\/\\\/www.comprarmejor.es\\\/en\\\/#\\\/schema\\\/logo\\\/image\\\/\"},\"sameAs\":[\"https:\\\/\\\/www.instagram.com\\\/amigosdelcodice\"]}]}<\/script>\n<!-- \/ Yoast SEO plugin. -->","yoast_head_json":{"title":"Beatus of Liebana codex of San Pedro de Cardena, c. 1180","description":"Facsimile of the original manuscript. Made between 1175 and 1185, in the important scriptorium of the Monastery of San Pedro de Cardena.","robots":{"index":"index","follow":"follow","max-snippet":"max-snippet:-1","max-image-preview":"max-image-preview:large","max-video-preview":"max-video-preview:-1"},"canonical":"https:\/\/www.comprarmejor.es\/en\/product\/14-beatus-of-liebana-codex-of-san-pedro-de-cardena\/","og_locale":"en_US","og_type":"article","og_title":"Beatus of Liebana codex of San Pedro de Cardena, c. 1180","og_description":"Facsimile of the original manuscript. Made between 1175 and 1185, in the important scriptorium of the Monastery of San Pedro de Cardena.","og_url":"https:\/\/www.comprarmejor.es\/en\/product\/14-beatus-of-liebana-codex-of-san-pedro-de-cardena\/","og_site_name":"ComprarMejor","article_modified_time":"2025-06-28T09:54:29+00:00","og_image":[{"width":600,"height":402,"url":"https:\/\/www.comprarmejor.es\/wp-content\/uploads\/2015\/11\/p_1_3_0_8_1308-Beato-de-Liebana-codice-de-Cardena-c.-1180.jpg","type":"image\/jpeg"}],"twitter_card":"summary_large_image","twitter_misc":{"Est. reading time":"2 minutes"},"schema":{"@context":"https:\/\/schema.org","@graph":[{"@type":"WebPage","@id":"https:\/\/www.comprarmejor.es\/en\/product\/14-beatus-of-liebana-codex-of-san-pedro-de-cardena\/","url":"https:\/\/www.comprarmejor.es\/en\/product\/14-beatus-of-liebana-codex-of-san-pedro-de-cardena\/","name":"Beatus of Liebana codex of San Pedro de Cardena, c. 1180","isPartOf":{"@id":"https:\/\/www.comprarmejor.es\/en\/#website"},"primaryImageOfPage":{"@id":"https:\/\/www.comprarmejor.es\/en\/product\/14-beatus-of-liebana-codex-of-san-pedro-de-cardena\/#primaryimage"},"image":{"@id":"https:\/\/www.comprarmejor.es\/en\/product\/14-beatus-of-liebana-codex-of-san-pedro-de-cardena\/#primaryimage"},"thumbnailUrl":"https:\/\/www.comprarmejor.es\/wp-content\/uploads\/2015\/11\/p_1_3_0_8_1308-Beato-de-Liebana-codice-de-Cardena-c.-1180.jpg","datePublished":"2015-11-20T10:12:16+00:00","dateModified":"2025-06-28T09:54:29+00:00","description":"Facsimile of the original manuscript. Made between 1175 and 1185, in the important scriptorium of the Monastery of San Pedro de Cardena.","breadcrumb":{"@id":"https:\/\/www.comprarmejor.es\/en\/product\/14-beatus-of-liebana-codex-of-san-pedro-de-cardena\/#breadcrumb"},"inLanguage":"en-US","potentialAction":[{"@type":"ReadAction","target":["https:\/\/www.comprarmejor.es\/en\/product\/14-beatus-of-liebana-codex-of-san-pedro-de-cardena\/"]}]},{"@type":"ImageObject","inLanguage":"en-US","@id":"https:\/\/www.comprarmejor.es\/en\/product\/14-beatus-of-liebana-codex-of-san-pedro-de-cardena\/#primaryimage","url":"https:\/\/www.comprarmejor.es\/wp-content\/uploads\/2015\/11\/p_1_3_0_8_1308-Beato-de-Liebana-codice-de-Cardena-c.-1180.jpg","contentUrl":"https:\/\/www.comprarmejor.es\/wp-content\/uploads\/2015\/11\/p_1_3_0_8_1308-Beato-de-Liebana-codice-de-Cardena-c.-1180.jpg","width":600,"height":402},{"@type":"BreadcrumbList","@id":"https:\/\/www.comprarmejor.es\/en\/product\/14-beatus-of-liebana-codex-of-san-pedro-de-cardena\/#breadcrumb","itemListElement":[{"@type":"ListItem","position":1,"name":"Portada","item":"https:\/\/www.comprarmejor.es\/en\/"},{"@type":"ListItem","position":2,"name":"Shop","item":"https:\/\/www.comprarmejor.es\/en\/shop\/"},{"@type":"ListItem","position":3,"name":"Beatus of Liebana codex of San Pedro de Cardena, c. 1180"}]},{"@type":"WebSite","@id":"https:\/\/www.comprarmejor.es\/en\/#website","url":"https:\/\/www.comprarmejor.es\/en\/","name":"ComprarMejor","description":"ComprarMejor","publisher":{"@id":"https:\/\/www.comprarmejor.es\/en\/#organization"},"potentialAction":[{"@type":"SearchAction","target":{"@type":"EntryPoint","urlTemplate":"https:\/\/www.comprarmejor.es\/en\/?s={search_term_string}"},"query-input":{"@type":"PropertyValueSpecification","valueRequired":true,"valueName":"search_term_string"}}],"inLanguage":"en-US"},{"@type":"Organization","@id":"https:\/\/www.comprarmejor.es\/en\/#organization","name":"COMPRAR MEJOR","url":"https:\/\/www.comprarmejor.es\/en\/","logo":{"@type":"ImageObject","inLanguage":"en-US","@id":"https:\/\/www.comprarmejor.es\/en\/#\/schema\/logo\/image\/","url":"https:\/\/www.comprarmejor.es\/wp-content\/uploads\/2025\/09\/comprarmejortrinidad.jpg","contentUrl":"https:\/\/www.comprarmejor.es\/wp-content\/uploads\/2025\/09\/comprarmejortrinidad.jpg","width":1022,"height":1380,"caption":"COMPRAR MEJOR"},"image":{"@id":"https:\/\/www.comprarmejor.es\/en\/#\/schema\/logo\/image\/"},"sameAs":["https:\/\/www.instagram.com\/amigosdelcodice"]}]}},"_links":{"self":[{"href":"https:\/\/www.comprarmejor.es\/en\/wp-json\/wp\/v2\/product\/49007","targetHints":{"allow":["GET"]}}],"collection":[{"href":"https:\/\/www.comprarmejor.es\/en\/wp-json\/wp\/v2\/product"}],"about":[{"href":"https:\/\/www.comprarmejor.es\/en\/wp-json\/wp\/v2\/types\/product"}],"wp:featuredmedia":[{"embeddable":true,"href":"https:\/\/www.comprarmejor.es\/en\/wp-json\/wp\/v2\/media\/48993"}],"wp:attachment":[{"href":"https:\/\/www.comprarmejor.es\/en\/wp-json\/wp\/v2\/media?parent=49007"}],"wp:term":[{"taxonomy":"product_brand","embeddable":true,"href":"https:\/\/www.comprarmejor.es\/en\/wp-json\/wp\/v2\/product_brand?post=49007"},{"taxonomy":"product_cat","embeddable":true,"href":"https:\/\/www.comprarmejor.es\/en\/wp-json\/wp\/v2\/product_cat?post=49007"},{"taxonomy":"product_tag","embeddable":true,"href":"https:\/\/www.comprarmejor.es\/en\/wp-json\/wp\/v2\/product_tag?post=49007"}],"curies":[{"name":"wp","href":"https:\/\/api.w.org\/{rel}","templated":true}]}}