{"id":49041,"date":"2015-11-20T12:01:31","date_gmt":"2015-11-20T11:01:31","guid":{"rendered":"https:\/\/www.comprarmejor.es\/producto\/beatus-of-liebana-codex-of-gerona-year-975-moleiro\/"},"modified":"2025-07-29T12:48:46","modified_gmt":"2025-07-29T10:48:46","slug":"the-sparrow-with-14-etchings-by-mariano-villegas-1992","status":"publish","type":"product","link":"https:\/\/www.comprarmejor.es\/en\/product\/the-sparrow-with-14-etchings-by-mariano-villegas-1992\/","title":{"rendered":"The Sparrow. With 14 etchings by Mariano Villegas. 1992"},"content":{"rendered":"<p style=\"text-align: justify;\">Beautiful reissue of the work &#8220;Domestic Enemy: The Sparrow. Persecuted by Two Patriots,&#8221; preserving the spelling of the original from 1802, by an unknown author. Printed in Madrid in 1992 and accompanied by 14 beautiful original etchings by Mariano Villegas.<\/p>\n<p style=\"text-align: justify;\">Bound in red leather with gilt ironwork, spine ribs, tinted top edge, 16 x 21.5 cm. 214 pages plus the extra-large etchings, protected with fine paper.<\/p>\n<p style=\"text-align: justify;\">Numbered edition limited to 230 copies. Original etchings and burin engravings by the artist Mariano Villegas and signed in pencil.<\/p>\n<p style=\"text-align: justify;\">This is a curious work that was first published in 1802 in Madrid. Its full introduction reads: &#8220;Domestic enemy: The Sparrow, pursued by two patriots. Dialogues demonstrating the extremely serious damage and harm caused by sparrows due to their multitude and voracity. Their nature, properties, and method of extinction are also discussed. By a zealous person for the public good and the State.&#8221; The author of the text, therefore, remained anonymous.<\/p>\n<p style=\"text-align: justify;\">Shipping costs according to order and destination<span title=\"Gastos de env\u00edo por cuenta del comprador, seg\u00fan pedido y destino.\">.\u00a0<\/span><span title=\"Cons\u00faltenos cualquier duda, as\u00ed como por cualquier otro Beato o facs\u00edmile que est\u00e9 buscando.\"><a class=\"btn btn-default\" href=\"https:\/\/www.comprarmejor.es\/en\/contact\/\">Ask us<\/a> <span class=\"HwtZe\" lang=\"en\"><span class=\"jCAhz ChMk0b\"><span class=\"ryNqvb\">any questions, indicating the article reference.<\/span><\/span><\/span><br \/>\n<\/span><\/p>\n","protected":false},"excerpt":{"rendered":"<p style=\"text-align: justify;\"><span id=\"result_box\" lang=\"en\" xml:lang=\"en\"><span title=\"El Beato de Li\u00e9bana, c\u00f3dice del Monasterio de San Salvador de T\u00e1bara, Zamora (Espa\u00f1a), es mundialmente conocido como Beato de Gerona por estar custodiado en la Catedra de Gerona.\"><span class=\"HwtZe\" lang=\"en\"><span class=\"jCAhz ChMk0b\"><span class=\"ryNqvb\">Beautiful reissue of the work &#8220;Domestic Enemy: The Sparrow. Persecuted by Two Patriots,&#8221; preserving the spelling of the original from 1802<\/span><\/span><br \/>\n<\/span><\/span><\/span><\/p>\n","protected":false},"featured_media":103539,"template":"","meta":[],"product_brand":[],"product_cat":[2210,2266],"product_tag":[5791,5822,5130],"class_list":{"0":"post-49041","1":"product","2":"type-product","3":"status-publish","4":"has-post-thumbnail","6":"product_cat-bibliophilia","7":"product_cat-engravings","8":"product_tag-arte-en","9":"product_tag-bibliofilia-en","10":"product_tag-engravings-en","11":"product_shipping_class-from-2-to-5-kg","12":"description-off","14":"first","15":"instock","16":"taxable","17":"shipping-taxable","18":"purchasable","19":"product-type-simple"},"yoast_head":"<!-- This site is optimized with the Yoast SEO plugin v27.3 - https:\/\/yoast.com\/product\/yoast-seo-wordpress\/ -->\n<title>The Sparrow. With 14 etchings by Mariano Villegas. 1992<\/title>\n<meta name=\"description\" content=\"Beautiful reissue of the work &quot;Domestic Enemy: The Sparrow. Persecuted by Two Patriots,&quot; preserving the spelling of the original from 1802\" \/>\n<meta name=\"robots\" content=\"index, follow, max-snippet:-1, max-image-preview:large, max-video-preview:-1\" \/>\n<link rel=\"canonical\" href=\"https:\/\/www.comprarmejor.es\/en\/product\/the-sparrow-with-14-etchings-by-mariano-villegas-1992\/\" \/>\n<meta property=\"og:locale\" content=\"en_US\" \/>\n<meta property=\"og:type\" content=\"article\" \/>\n<meta property=\"og:title\" content=\"The Sparrow. With 14 etchings by Mariano Villegas. 1992\" \/>\n<meta property=\"og:description\" content=\"Beautiful reissue of the work &quot;Domestic Enemy: The Sparrow. Persecuted by Two Patriots,&quot; preserving the spelling of the original from 1802\" \/>\n<meta property=\"og:url\" content=\"https:\/\/www.comprarmejor.es\/en\/product\/the-sparrow-with-14-etchings-by-mariano-villegas-1992\/\" \/>\n<meta property=\"og:site_name\" content=\"ComprarMejor\" \/>\n<meta property=\"article:modified_time\" content=\"2025-07-29T10:48:46+00:00\" \/>\n<meta property=\"og:image\" content=\"https:\/\/www.comprarmejor.es\/wp-content\/uploads\/2015\/11\/Gorrion01.jpg\" \/>\n\t<meta property=\"og:image:width\" content=\"757\" \/>\n\t<meta property=\"og:image:height\" content=\"747\" \/>\n\t<meta property=\"og:image:type\" content=\"image\/jpeg\" \/>\n<meta name=\"twitter:card\" content=\"summary_large_image\" \/>\n<meta name=\"twitter:label1\" content=\"Est. reading time\" \/>\n\t<meta name=\"twitter:data1\" content=\"1 minute\" \/>\n<script type=\"application\/ld+json\" class=\"yoast-schema-graph\">{\"@context\":\"https:\\\/\\\/schema.org\",\"@graph\":[{\"@type\":\"WebPage\",\"@id\":\"https:\\\/\\\/www.comprarmejor.es\\\/en\\\/product\\\/the-sparrow-with-14-etchings-by-mariano-villegas-1992\\\/\",\"url\":\"https:\\\/\\\/www.comprarmejor.es\\\/en\\\/product\\\/the-sparrow-with-14-etchings-by-mariano-villegas-1992\\\/\",\"name\":\"The Sparrow. With 14 etchings by Mariano Villegas. 1992\",\"isPartOf\":{\"@id\":\"https:\\\/\\\/www.comprarmejor.es\\\/en\\\/#website\"},\"primaryImageOfPage\":{\"@id\":\"https:\\\/\\\/www.comprarmejor.es\\\/en\\\/product\\\/the-sparrow-with-14-etchings-by-mariano-villegas-1992\\\/#primaryimage\"},\"image\":{\"@id\":\"https:\\\/\\\/www.comprarmejor.es\\\/en\\\/product\\\/the-sparrow-with-14-etchings-by-mariano-villegas-1992\\\/#primaryimage\"},\"thumbnailUrl\":\"https:\\\/\\\/www.comprarmejor.es\\\/wp-content\\\/uploads\\\/2015\\\/11\\\/Gorrion01.jpg\",\"datePublished\":\"2015-11-20T11:01:31+00:00\",\"dateModified\":\"2025-07-29T10:48:46+00:00\",\"description\":\"Beautiful reissue of the work \\\"Domestic Enemy: The Sparrow. Persecuted by Two Patriots,\\\" preserving the spelling of the original from 1802\",\"breadcrumb\":{\"@id\":\"https:\\\/\\\/www.comprarmejor.es\\\/en\\\/product\\\/the-sparrow-with-14-etchings-by-mariano-villegas-1992\\\/#breadcrumb\"},\"inLanguage\":\"en-US\",\"potentialAction\":[{\"@type\":\"ReadAction\",\"target\":[\"https:\\\/\\\/www.comprarmejor.es\\\/en\\\/product\\\/the-sparrow-with-14-etchings-by-mariano-villegas-1992\\\/\"]}]},{\"@type\":\"ImageObject\",\"inLanguage\":\"en-US\",\"@id\":\"https:\\\/\\\/www.comprarmejor.es\\\/en\\\/product\\\/the-sparrow-with-14-etchings-by-mariano-villegas-1992\\\/#primaryimage\",\"url\":\"https:\\\/\\\/www.comprarmejor.es\\\/wp-content\\\/uploads\\\/2015\\\/11\\\/Gorrion01.jpg\",\"contentUrl\":\"https:\\\/\\\/www.comprarmejor.es\\\/wp-content\\\/uploads\\\/2015\\\/11\\\/Gorrion01.jpg\",\"width\":757,\"height\":747},{\"@type\":\"BreadcrumbList\",\"@id\":\"https:\\\/\\\/www.comprarmejor.es\\\/en\\\/product\\\/the-sparrow-with-14-etchings-by-mariano-villegas-1992\\\/#breadcrumb\",\"itemListElement\":[{\"@type\":\"ListItem\",\"position\":1,\"name\":\"Portada\",\"item\":\"https:\\\/\\\/www.comprarmejor.es\\\/en\\\/\"},{\"@type\":\"ListItem\",\"position\":2,\"name\":\"Shop\",\"item\":\"https:\\\/\\\/www.comprarmejor.es\\\/en\\\/shop\\\/\"},{\"@type\":\"ListItem\",\"position\":3,\"name\":\"The Sparrow. With 14 etchings by Mariano Villegas. 1992\"}]},{\"@type\":\"WebSite\",\"@id\":\"https:\\\/\\\/www.comprarmejor.es\\\/en\\\/#website\",\"url\":\"https:\\\/\\\/www.comprarmejor.es\\\/en\\\/\",\"name\":\"ComprarMejor\",\"description\":\"ComprarMejor\",\"publisher\":{\"@id\":\"https:\\\/\\\/www.comprarmejor.es\\\/en\\\/#organization\"},\"potentialAction\":[{\"@type\":\"SearchAction\",\"target\":{\"@type\":\"EntryPoint\",\"urlTemplate\":\"https:\\\/\\\/www.comprarmejor.es\\\/en\\\/?s={search_term_string}\"},\"query-input\":{\"@type\":\"PropertyValueSpecification\",\"valueRequired\":true,\"valueName\":\"search_term_string\"}}],\"inLanguage\":\"en-US\"},{\"@type\":\"Organization\",\"@id\":\"https:\\\/\\\/www.comprarmejor.es\\\/en\\\/#organization\",\"name\":\"COMPRAR MEJOR\",\"url\":\"https:\\\/\\\/www.comprarmejor.es\\\/en\\\/\",\"logo\":{\"@type\":\"ImageObject\",\"inLanguage\":\"en-US\",\"@id\":\"https:\\\/\\\/www.comprarmejor.es\\\/en\\\/#\\\/schema\\\/logo\\\/image\\\/\",\"url\":\"https:\\\/\\\/www.comprarmejor.es\\\/wp-content\\\/uploads\\\/2025\\\/09\\\/comprarmejortrinidad.jpg\",\"contentUrl\":\"https:\\\/\\\/www.comprarmejor.es\\\/wp-content\\\/uploads\\\/2025\\\/09\\\/comprarmejortrinidad.jpg\",\"width\":1022,\"height\":1380,\"caption\":\"COMPRAR MEJOR\"},\"image\":{\"@id\":\"https:\\\/\\\/www.comprarmejor.es\\\/en\\\/#\\\/schema\\\/logo\\\/image\\\/\"},\"sameAs\":[\"https:\\\/\\\/www.instagram.com\\\/amigosdelcodice\"]}]}<\/script>\n<!-- \/ Yoast SEO plugin. -->","yoast_head_json":{"title":"The Sparrow. With 14 etchings by Mariano Villegas. 1992","description":"Beautiful reissue of the work \"Domestic Enemy: The Sparrow. Persecuted by Two Patriots,\" preserving the spelling of the original from 1802","robots":{"index":"index","follow":"follow","max-snippet":"max-snippet:-1","max-image-preview":"max-image-preview:large","max-video-preview":"max-video-preview:-1"},"canonical":"https:\/\/www.comprarmejor.es\/en\/product\/the-sparrow-with-14-etchings-by-mariano-villegas-1992\/","og_locale":"en_US","og_type":"article","og_title":"The Sparrow. With 14 etchings by Mariano Villegas. 1992","og_description":"Beautiful reissue of the work \"Domestic Enemy: The Sparrow. Persecuted by Two Patriots,\" preserving the spelling of the original from 1802","og_url":"https:\/\/www.comprarmejor.es\/en\/product\/the-sparrow-with-14-etchings-by-mariano-villegas-1992\/","og_site_name":"ComprarMejor","article_modified_time":"2025-07-29T10:48:46+00:00","og_image":[{"width":757,"height":747,"url":"https:\/\/www.comprarmejor.es\/wp-content\/uploads\/2015\/11\/Gorrion01.jpg","type":"image\/jpeg"}],"twitter_card":"summary_large_image","twitter_misc":{"Est. reading time":"1 minute"},"schema":{"@context":"https:\/\/schema.org","@graph":[{"@type":"WebPage","@id":"https:\/\/www.comprarmejor.es\/en\/product\/the-sparrow-with-14-etchings-by-mariano-villegas-1992\/","url":"https:\/\/www.comprarmejor.es\/en\/product\/the-sparrow-with-14-etchings-by-mariano-villegas-1992\/","name":"The Sparrow. With 14 etchings by Mariano Villegas. 1992","isPartOf":{"@id":"https:\/\/www.comprarmejor.es\/en\/#website"},"primaryImageOfPage":{"@id":"https:\/\/www.comprarmejor.es\/en\/product\/the-sparrow-with-14-etchings-by-mariano-villegas-1992\/#primaryimage"},"image":{"@id":"https:\/\/www.comprarmejor.es\/en\/product\/the-sparrow-with-14-etchings-by-mariano-villegas-1992\/#primaryimage"},"thumbnailUrl":"https:\/\/www.comprarmejor.es\/wp-content\/uploads\/2015\/11\/Gorrion01.jpg","datePublished":"2015-11-20T11:01:31+00:00","dateModified":"2025-07-29T10:48:46+00:00","description":"Beautiful reissue of the work \"Domestic Enemy: The Sparrow. Persecuted by Two Patriots,\" preserving the spelling of the original from 1802","breadcrumb":{"@id":"https:\/\/www.comprarmejor.es\/en\/product\/the-sparrow-with-14-etchings-by-mariano-villegas-1992\/#breadcrumb"},"inLanguage":"en-US","potentialAction":[{"@type":"ReadAction","target":["https:\/\/www.comprarmejor.es\/en\/product\/the-sparrow-with-14-etchings-by-mariano-villegas-1992\/"]}]},{"@type":"ImageObject","inLanguage":"en-US","@id":"https:\/\/www.comprarmejor.es\/en\/product\/the-sparrow-with-14-etchings-by-mariano-villegas-1992\/#primaryimage","url":"https:\/\/www.comprarmejor.es\/wp-content\/uploads\/2015\/11\/Gorrion01.jpg","contentUrl":"https:\/\/www.comprarmejor.es\/wp-content\/uploads\/2015\/11\/Gorrion01.jpg","width":757,"height":747},{"@type":"BreadcrumbList","@id":"https:\/\/www.comprarmejor.es\/en\/product\/the-sparrow-with-14-etchings-by-mariano-villegas-1992\/#breadcrumb","itemListElement":[{"@type":"ListItem","position":1,"name":"Portada","item":"https:\/\/www.comprarmejor.es\/en\/"},{"@type":"ListItem","position":2,"name":"Shop","item":"https:\/\/www.comprarmejor.es\/en\/shop\/"},{"@type":"ListItem","position":3,"name":"The Sparrow. With 14 etchings by Mariano Villegas. 1992"}]},{"@type":"WebSite","@id":"https:\/\/www.comprarmejor.es\/en\/#website","url":"https:\/\/www.comprarmejor.es\/en\/","name":"ComprarMejor","description":"ComprarMejor","publisher":{"@id":"https:\/\/www.comprarmejor.es\/en\/#organization"},"potentialAction":[{"@type":"SearchAction","target":{"@type":"EntryPoint","urlTemplate":"https:\/\/www.comprarmejor.es\/en\/?s={search_term_string}"},"query-input":{"@type":"PropertyValueSpecification","valueRequired":true,"valueName":"search_term_string"}}],"inLanguage":"en-US"},{"@type":"Organization","@id":"https:\/\/www.comprarmejor.es\/en\/#organization","name":"COMPRAR MEJOR","url":"https:\/\/www.comprarmejor.es\/en\/","logo":{"@type":"ImageObject","inLanguage":"en-US","@id":"https:\/\/www.comprarmejor.es\/en\/#\/schema\/logo\/image\/","url":"https:\/\/www.comprarmejor.es\/wp-content\/uploads\/2025\/09\/comprarmejortrinidad.jpg","contentUrl":"https:\/\/www.comprarmejor.es\/wp-content\/uploads\/2025\/09\/comprarmejortrinidad.jpg","width":1022,"height":1380,"caption":"COMPRAR MEJOR"},"image":{"@id":"https:\/\/www.comprarmejor.es\/en\/#\/schema\/logo\/image\/"},"sameAs":["https:\/\/www.instagram.com\/amigosdelcodice"]}]}},"_links":{"self":[{"href":"https:\/\/www.comprarmejor.es\/en\/wp-json\/wp\/v2\/product\/49041","targetHints":{"allow":["GET"]}}],"collection":[{"href":"https:\/\/www.comprarmejor.es\/en\/wp-json\/wp\/v2\/product"}],"about":[{"href":"https:\/\/www.comprarmejor.es\/en\/wp-json\/wp\/v2\/types\/product"}],"wp:featuredmedia":[{"embeddable":true,"href":"https:\/\/www.comprarmejor.es\/en\/wp-json\/wp\/v2\/media\/103539"}],"wp:attachment":[{"href":"https:\/\/www.comprarmejor.es\/en\/wp-json\/wp\/v2\/media?parent=49041"}],"wp:term":[{"taxonomy":"product_brand","embeddable":true,"href":"https:\/\/www.comprarmejor.es\/en\/wp-json\/wp\/v2\/product_brand?post=49041"},{"taxonomy":"product_cat","embeddable":true,"href":"https:\/\/www.comprarmejor.es\/en\/wp-json\/wp\/v2\/product_cat?post=49041"},{"taxonomy":"product_tag","embeddable":true,"href":"https:\/\/www.comprarmejor.es\/en\/wp-json\/wp\/v2\/product_tag?post=49041"}],"curies":[{"name":"wp","href":"https:\/\/api.w.org\/{rel}","templated":true}]}}