{"id":49089,"date":"2015-11-20T13:34:06","date_gmt":"2015-11-20T12:34:06","guid":{"rendered":"https:\/\/www.comprarmejor.es\/producto\/beatus-of-liebana-codex-of-san-andres-de-arroyo-c-1220\/"},"modified":"2020-09-12T10:28:12","modified_gmt":"2020-09-12T08:28:12","slug":"13-beatus-of-liebana-codex-of-san-andres-de-arroyo-c-1220","status":"publish","type":"product","link":"https:\/\/www.comprarmejor.es\/en\/product\/13-beatus-of-liebana-codex-of-san-andres-de-arroyo-c-1220\/","title":{"rendered":"Beatus of Liebana Codex of San Andres de Arroyo, c. 1220"},"content":{"rendered":"<p style=\"text-align: justify;\"><span class=\"tlid-translation translation\" lang=\"en\"><strong>Beatus of Liebana, codex of the Monastery of San Andr\u00e9s de Arroyo<\/strong>, Palencia (Spain). Unique and unrepeatable edition, limited to 987 numbered copies and authenticated with a notarized deed. Original in the National Library of France. 1999 edition, already sold out.<\/span><\/p>\n<p style=\"text-align: justify;\">Signature: Nouv. acq. The t. 2290. Date: c. 1220.<\/p>\n<p style=\"text-align: justify;\">Facsimile size: 33 x 46 cm. 334 pages, 69 miniatures illuminated with gold and silver. Beige leather binding on wood.<\/p>\n<p style=\"text-align: justify;\">Decorated leather case, closed box book type, format 38 x 51.3 x 7 cm.<\/p>\n<p style=\"text-align: justify;\">Study book format: 29.5 x 38 cm. 390 pages and 169 illustrations.<\/p>\n<p style=\"text-align: justify;\">Contents of the study book: From the publisher to the reader. The Blessed of San Andr\u00e9s de Arroyo, by Miguel C. Vivancos (O.S.B.). Stylistic approach, by Dulce Oc\u00f3n (University of the Basque Country). Archaeological study of the miniatures, by Carmen Bernis (Higher Council for Scientific Research). Iconographic study, by Carlos Miranda (Doctor in History).<\/p>\n<p style=\"text-align: justify;\">Complete and in perfect condition, the only one available at the indicated price.<\/p>\n<p style=\"text-align: justify;\"><span title=\"Consulte por otros Beatos.\">See other Blessed. <\/span><span title=\"Solicite la relaci\u00f3n completa de todos los Beatos editados y sus caracter\u00edsticas.\">Request a complete list of all edited Blessed and features.<\/span><\/p>\n<p style=\"text-align: justify;\"><span title=\"Gastos de env\u00edo por cuenta del comprador, seg\u00fan pedido y destino.\">Shipping by the buyer, upon request and destination. <\/span><span title=\"Cons\u00faltenos cualquier duda, as\u00ed como por cualquier otro Beato o facs\u00edmile que est\u00e9 buscando.\"><a class=\"btn btn-default\" href=\"https:\/\/www.comprarmejor.es\/en\/contact\">Ask us<\/a> any questions and any other Beato or fax you are looking for.<\/span><\/p>\n","protected":false},"excerpt":{"rendered":"<p style=\"text-align: justify;\"><span id=\"result_box\" lang=\"en\" xml:lang=\"en\"><span title=\"Beato de Li\u00e9bana c\u00f3dice del Monasterio de San Andr\u00e9s de Arroyo, Palencia (Espa\u00f1a).\">Beatus Codex of the Monastery of San Andr\u00e9s de Arroyo, Palencia (Spain). <\/span><span title=\"Edici\u00f3n limitada a 987 ejemplares numerados y autentificados con un acta notarial.\">Limited to 987 numbered and authenticated copies with an affidavit edition. <\/span><span title=\"Original en la Biblioteca Nacional de Francia.\">Original in the National Library of France.<\/span><span title=\"Edici\u00f3n de 1999, ya agotada, de la editorial Moleiro.\"><br \/>\n<\/span><\/span><\/p>\n","protected":false},"featured_media":49065,"template":"","meta":[],"product_brand":[],"product_cat":[2204],"product_tag":[4886,5135,3975,5136,4017],"class_list":{"0":"post-49089","1":"product","2":"type-product","3":"status-publish","4":"has-post-thumbnail","6":"product_cat-beatus-of-liebana","7":"product_tag-arroyo-en","8":"product_tag-beato-en","9":"product_tag-bnf-en","10":"product_tag-liebana-en","11":"product_tag-moleiro-en","12":"product_shipping_class-from-6-to-10-kg","13":"description-off","15":"first","16":"instock","17":"sale","18":"taxable","19":"shipping-taxable","20":"purchasable","21":"product-type-simple"},"yoast_head":"<!-- This site is optimized with the Yoast SEO plugin v27.3 - https:\/\/yoast.com\/product\/yoast-seo-wordpress\/ -->\n<title>Beatus of Liebana Codex of San Andres de Arroyo, c. 1220<\/title>\n<meta name=\"description\" content=\"Beatus of Liebana Codex of the Monastery of San Andr\u00e9s de Arroyo, Palencia (Spain). Original in the National Library of France.\" \/>\n<meta name=\"robots\" content=\"index, follow, max-snippet:-1, max-image-preview:large, max-video-preview:-1\" \/>\n<link rel=\"canonical\" href=\"https:\/\/www.comprarmejor.es\/en\/product\/13-beatus-of-liebana-codex-of-san-andres-de-arroyo-c-1220\/\" \/>\n<meta property=\"og:locale\" content=\"en_US\" \/>\n<meta property=\"og:type\" content=\"article\" \/>\n<meta property=\"og:title\" content=\"Beatus of Liebana Codex of San Andres de Arroyo, c. 1220\" \/>\n<meta property=\"og:description\" content=\"Beatus of Liebana Codex of the Monastery of San Andr\u00e9s de Arroyo, Palencia (Spain). Original in the National Library of France.\" \/>\n<meta property=\"og:url\" content=\"https:\/\/www.comprarmejor.es\/en\/product\/13-beatus-of-liebana-codex-of-san-andres-de-arroyo-c-1220\/\" \/>\n<meta property=\"og:site_name\" content=\"ComprarMejor\" \/>\n<meta property=\"article:modified_time\" content=\"2020-09-12T08:28:12+00:00\" \/>\n<meta property=\"og:image\" content=\"https:\/\/www.comprarmejor.es\/wp-content\/uploads\/2015\/11\/p_1_3_4_2_1342-Beato-de-Liebana-codice-de-San-Andres-de-Arroyo-c.-1220.jpg\" \/>\n\t<meta property=\"og:image:width\" content=\"600\" \/>\n\t<meta property=\"og:image:height\" content=\"192\" \/>\n\t<meta property=\"og:image:type\" content=\"image\/jpeg\" \/>\n<meta name=\"twitter:card\" content=\"summary_large_image\" \/>\n<meta name=\"twitter:label1\" content=\"Est. reading time\" \/>\n\t<meta name=\"twitter:data1\" content=\"1 minute\" \/>\n<script type=\"application\/ld+json\" class=\"yoast-schema-graph\">{\"@context\":\"https:\\\/\\\/schema.org\",\"@graph\":[{\"@type\":\"WebPage\",\"@id\":\"https:\\\/\\\/www.comprarmejor.es\\\/en\\\/product\\\/13-beatus-of-liebana-codex-of-san-andres-de-arroyo-c-1220\\\/\",\"url\":\"https:\\\/\\\/www.comprarmejor.es\\\/en\\\/product\\\/13-beatus-of-liebana-codex-of-san-andres-de-arroyo-c-1220\\\/\",\"name\":\"Beatus of Liebana Codex of San Andres de Arroyo, c. 1220\",\"isPartOf\":{\"@id\":\"https:\\\/\\\/www.comprarmejor.es\\\/en\\\/#website\"},\"primaryImageOfPage\":{\"@id\":\"https:\\\/\\\/www.comprarmejor.es\\\/en\\\/product\\\/13-beatus-of-liebana-codex-of-san-andres-de-arroyo-c-1220\\\/#primaryimage\"},\"image\":{\"@id\":\"https:\\\/\\\/www.comprarmejor.es\\\/en\\\/product\\\/13-beatus-of-liebana-codex-of-san-andres-de-arroyo-c-1220\\\/#primaryimage\"},\"thumbnailUrl\":\"https:\\\/\\\/www.comprarmejor.es\\\/wp-content\\\/uploads\\\/2015\\\/11\\\/p_1_3_4_2_1342-Beato-de-Liebana-codice-de-San-Andres-de-Arroyo-c.-1220.jpg\",\"datePublished\":\"2015-11-20T12:34:06+00:00\",\"dateModified\":\"2020-09-12T08:28:12+00:00\",\"description\":\"Beatus of Liebana Codex of the Monastery of San Andr\u00e9s de Arroyo, Palencia (Spain). Original in the National Library of France.\",\"breadcrumb\":{\"@id\":\"https:\\\/\\\/www.comprarmejor.es\\\/en\\\/product\\\/13-beatus-of-liebana-codex-of-san-andres-de-arroyo-c-1220\\\/#breadcrumb\"},\"inLanguage\":\"en-US\",\"potentialAction\":[{\"@type\":\"ReadAction\",\"target\":[\"https:\\\/\\\/www.comprarmejor.es\\\/en\\\/product\\\/13-beatus-of-liebana-codex-of-san-andres-de-arroyo-c-1220\\\/\"]}]},{\"@type\":\"ImageObject\",\"inLanguage\":\"en-US\",\"@id\":\"https:\\\/\\\/www.comprarmejor.es\\\/en\\\/product\\\/13-beatus-of-liebana-codex-of-san-andres-de-arroyo-c-1220\\\/#primaryimage\",\"url\":\"https:\\\/\\\/www.comprarmejor.es\\\/wp-content\\\/uploads\\\/2015\\\/11\\\/p_1_3_4_2_1342-Beato-de-Liebana-codice-de-San-Andres-de-Arroyo-c.-1220.jpg\",\"contentUrl\":\"https:\\\/\\\/www.comprarmejor.es\\\/wp-content\\\/uploads\\\/2015\\\/11\\\/p_1_3_4_2_1342-Beato-de-Liebana-codice-de-San-Andres-de-Arroyo-c.-1220.jpg\",\"width\":600,\"height\":192},{\"@type\":\"BreadcrumbList\",\"@id\":\"https:\\\/\\\/www.comprarmejor.es\\\/en\\\/product\\\/13-beatus-of-liebana-codex-of-san-andres-de-arroyo-c-1220\\\/#breadcrumb\",\"itemListElement\":[{\"@type\":\"ListItem\",\"position\":1,\"name\":\"Portada\",\"item\":\"https:\\\/\\\/www.comprarmejor.es\\\/en\\\/\"},{\"@type\":\"ListItem\",\"position\":2,\"name\":\"Shop\",\"item\":\"https:\\\/\\\/www.comprarmejor.es\\\/en\\\/shop\\\/\"},{\"@type\":\"ListItem\",\"position\":3,\"name\":\"Beatus of Liebana Codex of San Andres de Arroyo, c. 1220\"}]},{\"@type\":\"WebSite\",\"@id\":\"https:\\\/\\\/www.comprarmejor.es\\\/en\\\/#website\",\"url\":\"https:\\\/\\\/www.comprarmejor.es\\\/en\\\/\",\"name\":\"ComprarMejor\",\"description\":\"ComprarMejor\",\"publisher\":{\"@id\":\"https:\\\/\\\/www.comprarmejor.es\\\/en\\\/#organization\"},\"potentialAction\":[{\"@type\":\"SearchAction\",\"target\":{\"@type\":\"EntryPoint\",\"urlTemplate\":\"https:\\\/\\\/www.comprarmejor.es\\\/en\\\/?s={search_term_string}\"},\"query-input\":{\"@type\":\"PropertyValueSpecification\",\"valueRequired\":true,\"valueName\":\"search_term_string\"}}],\"inLanguage\":\"en-US\"},{\"@type\":\"Organization\",\"@id\":\"https:\\\/\\\/www.comprarmejor.es\\\/en\\\/#organization\",\"name\":\"COMPRAR MEJOR\",\"url\":\"https:\\\/\\\/www.comprarmejor.es\\\/en\\\/\",\"logo\":{\"@type\":\"ImageObject\",\"inLanguage\":\"en-US\",\"@id\":\"https:\\\/\\\/www.comprarmejor.es\\\/en\\\/#\\\/schema\\\/logo\\\/image\\\/\",\"url\":\"https:\\\/\\\/www.comprarmejor.es\\\/wp-content\\\/uploads\\\/2025\\\/09\\\/comprarmejortrinidad.jpg\",\"contentUrl\":\"https:\\\/\\\/www.comprarmejor.es\\\/wp-content\\\/uploads\\\/2025\\\/09\\\/comprarmejortrinidad.jpg\",\"width\":1022,\"height\":1380,\"caption\":\"COMPRAR MEJOR\"},\"image\":{\"@id\":\"https:\\\/\\\/www.comprarmejor.es\\\/en\\\/#\\\/schema\\\/logo\\\/image\\\/\"},\"sameAs\":[\"https:\\\/\\\/www.instagram.com\\\/amigosdelcodice\"]}]}<\/script>\n<!-- \/ Yoast SEO plugin. -->","yoast_head_json":{"title":"Beatus of Liebana Codex of San Andres de Arroyo, c. 1220","description":"Beatus of Liebana Codex of the Monastery of San Andr\u00e9s de Arroyo, Palencia (Spain). Original in the National Library of France.","robots":{"index":"index","follow":"follow","max-snippet":"max-snippet:-1","max-image-preview":"max-image-preview:large","max-video-preview":"max-video-preview:-1"},"canonical":"https:\/\/www.comprarmejor.es\/en\/product\/13-beatus-of-liebana-codex-of-san-andres-de-arroyo-c-1220\/","og_locale":"en_US","og_type":"article","og_title":"Beatus of Liebana Codex of San Andres de Arroyo, c. 1220","og_description":"Beatus of Liebana Codex of the Monastery of San Andr\u00e9s de Arroyo, Palencia (Spain). Original in the National Library of France.","og_url":"https:\/\/www.comprarmejor.es\/en\/product\/13-beatus-of-liebana-codex-of-san-andres-de-arroyo-c-1220\/","og_site_name":"ComprarMejor","article_modified_time":"2020-09-12T08:28:12+00:00","og_image":[{"width":600,"height":192,"url":"https:\/\/www.comprarmejor.es\/wp-content\/uploads\/2015\/11\/p_1_3_4_2_1342-Beato-de-Liebana-codice-de-San-Andres-de-Arroyo-c.-1220.jpg","type":"image\/jpeg"}],"twitter_card":"summary_large_image","twitter_misc":{"Est. reading time":"1 minute"},"schema":{"@context":"https:\/\/schema.org","@graph":[{"@type":"WebPage","@id":"https:\/\/www.comprarmejor.es\/en\/product\/13-beatus-of-liebana-codex-of-san-andres-de-arroyo-c-1220\/","url":"https:\/\/www.comprarmejor.es\/en\/product\/13-beatus-of-liebana-codex-of-san-andres-de-arroyo-c-1220\/","name":"Beatus of Liebana Codex of San Andres de Arroyo, c. 1220","isPartOf":{"@id":"https:\/\/www.comprarmejor.es\/en\/#website"},"primaryImageOfPage":{"@id":"https:\/\/www.comprarmejor.es\/en\/product\/13-beatus-of-liebana-codex-of-san-andres-de-arroyo-c-1220\/#primaryimage"},"image":{"@id":"https:\/\/www.comprarmejor.es\/en\/product\/13-beatus-of-liebana-codex-of-san-andres-de-arroyo-c-1220\/#primaryimage"},"thumbnailUrl":"https:\/\/www.comprarmejor.es\/wp-content\/uploads\/2015\/11\/p_1_3_4_2_1342-Beato-de-Liebana-codice-de-San-Andres-de-Arroyo-c.-1220.jpg","datePublished":"2015-11-20T12:34:06+00:00","dateModified":"2020-09-12T08:28:12+00:00","description":"Beatus of Liebana Codex of the Monastery of San Andr\u00e9s de Arroyo, Palencia (Spain). Original in the National Library of France.","breadcrumb":{"@id":"https:\/\/www.comprarmejor.es\/en\/product\/13-beatus-of-liebana-codex-of-san-andres-de-arroyo-c-1220\/#breadcrumb"},"inLanguage":"en-US","potentialAction":[{"@type":"ReadAction","target":["https:\/\/www.comprarmejor.es\/en\/product\/13-beatus-of-liebana-codex-of-san-andres-de-arroyo-c-1220\/"]}]},{"@type":"ImageObject","inLanguage":"en-US","@id":"https:\/\/www.comprarmejor.es\/en\/product\/13-beatus-of-liebana-codex-of-san-andres-de-arroyo-c-1220\/#primaryimage","url":"https:\/\/www.comprarmejor.es\/wp-content\/uploads\/2015\/11\/p_1_3_4_2_1342-Beato-de-Liebana-codice-de-San-Andres-de-Arroyo-c.-1220.jpg","contentUrl":"https:\/\/www.comprarmejor.es\/wp-content\/uploads\/2015\/11\/p_1_3_4_2_1342-Beato-de-Liebana-codice-de-San-Andres-de-Arroyo-c.-1220.jpg","width":600,"height":192},{"@type":"BreadcrumbList","@id":"https:\/\/www.comprarmejor.es\/en\/product\/13-beatus-of-liebana-codex-of-san-andres-de-arroyo-c-1220\/#breadcrumb","itemListElement":[{"@type":"ListItem","position":1,"name":"Portada","item":"https:\/\/www.comprarmejor.es\/en\/"},{"@type":"ListItem","position":2,"name":"Shop","item":"https:\/\/www.comprarmejor.es\/en\/shop\/"},{"@type":"ListItem","position":3,"name":"Beatus of Liebana Codex of San Andres de Arroyo, c. 1220"}]},{"@type":"WebSite","@id":"https:\/\/www.comprarmejor.es\/en\/#website","url":"https:\/\/www.comprarmejor.es\/en\/","name":"ComprarMejor","description":"ComprarMejor","publisher":{"@id":"https:\/\/www.comprarmejor.es\/en\/#organization"},"potentialAction":[{"@type":"SearchAction","target":{"@type":"EntryPoint","urlTemplate":"https:\/\/www.comprarmejor.es\/en\/?s={search_term_string}"},"query-input":{"@type":"PropertyValueSpecification","valueRequired":true,"valueName":"search_term_string"}}],"inLanguage":"en-US"},{"@type":"Organization","@id":"https:\/\/www.comprarmejor.es\/en\/#organization","name":"COMPRAR MEJOR","url":"https:\/\/www.comprarmejor.es\/en\/","logo":{"@type":"ImageObject","inLanguage":"en-US","@id":"https:\/\/www.comprarmejor.es\/en\/#\/schema\/logo\/image\/","url":"https:\/\/www.comprarmejor.es\/wp-content\/uploads\/2025\/09\/comprarmejortrinidad.jpg","contentUrl":"https:\/\/www.comprarmejor.es\/wp-content\/uploads\/2025\/09\/comprarmejortrinidad.jpg","width":1022,"height":1380,"caption":"COMPRAR MEJOR"},"image":{"@id":"https:\/\/www.comprarmejor.es\/en\/#\/schema\/logo\/image\/"},"sameAs":["https:\/\/www.instagram.com\/amigosdelcodice"]}]}},"_links":{"self":[{"href":"https:\/\/www.comprarmejor.es\/en\/wp-json\/wp\/v2\/product\/49089","targetHints":{"allow":["GET"]}}],"collection":[{"href":"https:\/\/www.comprarmejor.es\/en\/wp-json\/wp\/v2\/product"}],"about":[{"href":"https:\/\/www.comprarmejor.es\/en\/wp-json\/wp\/v2\/types\/product"}],"wp:featuredmedia":[{"embeddable":true,"href":"https:\/\/www.comprarmejor.es\/en\/wp-json\/wp\/v2\/media\/49065"}],"wp:attachment":[{"href":"https:\/\/www.comprarmejor.es\/en\/wp-json\/wp\/v2\/media?parent=49089"}],"wp:term":[{"taxonomy":"product_brand","embeddable":true,"href":"https:\/\/www.comprarmejor.es\/en\/wp-json\/wp\/v2\/product_brand?post=49089"},{"taxonomy":"product_cat","embeddable":true,"href":"https:\/\/www.comprarmejor.es\/en\/wp-json\/wp\/v2\/product_cat?post=49089"},{"taxonomy":"product_tag","embeddable":true,"href":"https:\/\/www.comprarmejor.es\/en\/wp-json\/wp\/v2\/product_tag?post=49089"}],"curies":[{"name":"wp","href":"https:\/\/api.w.org\/{rel}","templated":true}]}}