{"id":49109,"date":"2015-11-20T17:27:03","date_gmt":"2015-11-20T16:27:03","guid":{"rendered":"https:\/\/www.comprarmejor.es\/producto\/craft-corner-table-ancient-egypt\/"},"modified":"2019-08-30T16:21:00","modified_gmt":"2019-08-30T14:21:00","slug":"craft-corner-table-ancient-egypt","status":"publish","type":"product","link":"https:\/\/www.comprarmejor.es\/en\/product\/craft-corner-table-ancient-egypt\/","title":{"rendered":"Craft corner table Ancient Egypt"},"content":{"rendered":"<p style=\"text-align:justify;\"><span id=\"result_box\" lang=\"en\" xml:lang=\"en\"><span title=\"Impresionante mesa egipcia elaborada artesanalmente, ideal como rinconera, como mesita de l\u00e1mpara, como mesa para jugar al ajedrez, para poner alg\u00fan bello objeto decorativo, o simplemente para dejarla tal cual, ya que ella, por s\u00ed sola, es un elemento decorativo de gran\">Egyptian impressive handcrafted table, ideal as a corner, as a table lamp as a table to play chess, to put some beautiful decorative object, or simply to leave it unchanged, since she, alone, is a decorative element <\/span><span title=\"presencia para su oficina o sal\u00f3n en su hogar.\">presence for your office or living at home.<\/p>\n<p><\/span><span title=\"El pie de la mesa representa a dos faraones egipcios que soportan la base del tablero, en forma de caja, con inscripciones jerogl\u00edficas.\">The foot of the table represents two Egyptian pharaohs supporting base board, box-shaped, with hieroglyphic inscriptions.<\/p>\n<p><\/span><span title=\"Medidas 44,50 x 44,50 cm.\">Measures 44.50 x 44.50 cm. <\/span><span title=\"Altura 48,50 cm (por favor, lea detenidamente las medidas).\">Height 48,50 cm (please read carefully measures). <\/span><span title=\"Peso 12,20 kg.\">Weight 12.20 kg. <\/span><span title=\"En la parte superior puede colocarse un cristal protector para salvalguardar el tablero de la mesa.\">At the top you can put a protective glass salvalguardar the tabletop. <\/span><span title=\"El cristal se entrega conjuntamente con la mesa.\">The glass is delivered together with the table.<\/p>\n<p><\/span><span title=\"Toda la pieza ha sido policromada a mano.\">The entire piece was painted by hand.<\/p>\n<p><\/span><span title=\"Por sus especiales caracter\u00edsticas, este art\u00edculo s\u00f3lo est\u00e1 disponible para su retirada en M\u00e1laga (Espa\u00f1a).\">Due to its special characteristics, this article is only available for withdrawal in Malaga (Spain).\u00a0<\/span><span title=\"Cons\u00faltenos cualquier duda.\"><a class=\"btn btn-default\" href=\"http:\/\/comprarmejor.es\/en\/contact\">Ask us<\/a> any questions.<\/span><\/span><\/p>\n","protected":false},"excerpt":{"rendered":"<p style=\"text-align:justify;\"><span id=\"result_box\" lang=\"en\" xml:lang=\"en\"><span title=\"Impresionante mesa egipcia elaborada artesanalmente, ideal como rinconera, como mesita de l\u00e1mpara, como mesa para jugar al ajedrez, para poner alg\u00fan bello objeto decorativo, o simplemente para dejarla tal cual, ya que ella, por s\u00ed sola, es un elemento decorativo de gran\">Egyptian impressive handcrafted table, ideal as a corner, as a table lamp as a table to play chess, to put some beautiful decorative object&#8230; <\/span><\/span><\/p>\n","protected":false},"featured_media":49099,"template":"","meta":[],"product_brand":[],"product_cat":[2230,5386],"product_tag":[],"class_list":{"0":"post-49109","1":"product","2":"type-product","3":"status-publish","4":"has-post-thumbnail","6":"product_cat-egyptomania","7":"product_cat-home-decoration","8":"product_shipping_class-more-than-25-kg","9":"description-off","11":"first","12":"instock","13":"taxable","14":"shipping-taxable","15":"purchasable","16":"product-type-simple"},"yoast_head":"<!-- This site is optimized with the Yoast SEO plugin v27.3 - https:\/\/yoast.com\/product\/yoast-seo-wordpress\/ -->\n<title>Craft corner table Ancient Egypt<\/title>\n<meta name=\"description\" content=\"Egyptian impressive handcrafted table, ideal as a corner, as a table lamp as a table to play chess, to put some beautiful decorative object...\" \/>\n<meta name=\"robots\" content=\"index, follow, max-snippet:-1, max-image-preview:large, max-video-preview:-1\" \/>\n<link rel=\"canonical\" href=\"https:\/\/www.comprarmejor.es\/en\/product\/craft-corner-table-ancient-egypt\/\" \/>\n<meta property=\"og:locale\" content=\"en_US\" \/>\n<meta property=\"og:type\" content=\"article\" \/>\n<meta property=\"og:title\" content=\"Craft corner table Ancient Egypt\" \/>\n<meta property=\"og:description\" content=\"Egyptian impressive handcrafted table, ideal as a corner, as a table lamp as a table to play chess, to put some beautiful decorative object...\" \/>\n<meta property=\"og:url\" content=\"https:\/\/www.comprarmejor.es\/en\/product\/craft-corner-table-ancient-egypt\/\" \/>\n<meta property=\"og:site_name\" content=\"ComprarMejor\" \/>\n<meta property=\"article:modified_time\" content=\"2019-08-30T14:21:00+00:00\" \/>\n<meta property=\"og:image\" content=\"https:\/\/www.comprarmejor.es\/wp-content\/uploads\/2015\/11\/p_1_3_5_7_1357-Mesa-rinconera-artesanal-Antiguo-Egipto.jpg\" \/>\n\t<meta property=\"og:image:width\" content=\"600\" \/>\n\t<meta property=\"og:image:height\" content=\"600\" \/>\n\t<meta property=\"og:image:type\" content=\"image\/jpeg\" \/>\n<meta name=\"twitter:card\" content=\"summary_large_image\" \/>\n<meta name=\"twitter:label1\" content=\"Est. reading time\" \/>\n\t<meta name=\"twitter:data1\" content=\"1 minute\" \/>\n<script type=\"application\/ld+json\" class=\"yoast-schema-graph\">{\"@context\":\"https:\\\/\\\/schema.org\",\"@graph\":[{\"@type\":\"WebPage\",\"@id\":\"https:\\\/\\\/www.comprarmejor.es\\\/en\\\/product\\\/craft-corner-table-ancient-egypt\\\/\",\"url\":\"https:\\\/\\\/www.comprarmejor.es\\\/en\\\/product\\\/craft-corner-table-ancient-egypt\\\/\",\"name\":\"Craft corner table Ancient Egypt\",\"isPartOf\":{\"@id\":\"https:\\\/\\\/www.comprarmejor.es\\\/en\\\/#website\"},\"primaryImageOfPage\":{\"@id\":\"https:\\\/\\\/www.comprarmejor.es\\\/en\\\/product\\\/craft-corner-table-ancient-egypt\\\/#primaryimage\"},\"image\":{\"@id\":\"https:\\\/\\\/www.comprarmejor.es\\\/en\\\/product\\\/craft-corner-table-ancient-egypt\\\/#primaryimage\"},\"thumbnailUrl\":\"https:\\\/\\\/www.comprarmejor.es\\\/wp-content\\\/uploads\\\/2015\\\/11\\\/p_1_3_5_7_1357-Mesa-rinconera-artesanal-Antiguo-Egipto.jpg\",\"datePublished\":\"2015-11-20T16:27:03+00:00\",\"dateModified\":\"2019-08-30T14:21:00+00:00\",\"description\":\"Egyptian impressive handcrafted table, ideal as a corner, as a table lamp as a table to play chess, to put some beautiful decorative object...\",\"breadcrumb\":{\"@id\":\"https:\\\/\\\/www.comprarmejor.es\\\/en\\\/product\\\/craft-corner-table-ancient-egypt\\\/#breadcrumb\"},\"inLanguage\":\"en-US\",\"potentialAction\":[{\"@type\":\"ReadAction\",\"target\":[\"https:\\\/\\\/www.comprarmejor.es\\\/en\\\/product\\\/craft-corner-table-ancient-egypt\\\/\"]}]},{\"@type\":\"ImageObject\",\"inLanguage\":\"en-US\",\"@id\":\"https:\\\/\\\/www.comprarmejor.es\\\/en\\\/product\\\/craft-corner-table-ancient-egypt\\\/#primaryimage\",\"url\":\"https:\\\/\\\/www.comprarmejor.es\\\/wp-content\\\/uploads\\\/2015\\\/11\\\/p_1_3_5_7_1357-Mesa-rinconera-artesanal-Antiguo-Egipto.jpg\",\"contentUrl\":\"https:\\\/\\\/www.comprarmejor.es\\\/wp-content\\\/uploads\\\/2015\\\/11\\\/p_1_3_5_7_1357-Mesa-rinconera-artesanal-Antiguo-Egipto.jpg\",\"width\":600,\"height\":600},{\"@type\":\"BreadcrumbList\",\"@id\":\"https:\\\/\\\/www.comprarmejor.es\\\/en\\\/product\\\/craft-corner-table-ancient-egypt\\\/#breadcrumb\",\"itemListElement\":[{\"@type\":\"ListItem\",\"position\":1,\"name\":\"Portada\",\"item\":\"https:\\\/\\\/www.comprarmejor.es\\\/en\\\/\"},{\"@type\":\"ListItem\",\"position\":2,\"name\":\"Shop\",\"item\":\"https:\\\/\\\/www.comprarmejor.es\\\/en\\\/shop\\\/\"},{\"@type\":\"ListItem\",\"position\":3,\"name\":\"Craft corner table Ancient Egypt\"}]},{\"@type\":\"WebSite\",\"@id\":\"https:\\\/\\\/www.comprarmejor.es\\\/en\\\/#website\",\"url\":\"https:\\\/\\\/www.comprarmejor.es\\\/en\\\/\",\"name\":\"ComprarMejor\",\"description\":\"ComprarMejor\",\"publisher\":{\"@id\":\"https:\\\/\\\/www.comprarmejor.es\\\/en\\\/#organization\"},\"potentialAction\":[{\"@type\":\"SearchAction\",\"target\":{\"@type\":\"EntryPoint\",\"urlTemplate\":\"https:\\\/\\\/www.comprarmejor.es\\\/en\\\/?s={search_term_string}\"},\"query-input\":{\"@type\":\"PropertyValueSpecification\",\"valueRequired\":true,\"valueName\":\"search_term_string\"}}],\"inLanguage\":\"en-US\"},{\"@type\":\"Organization\",\"@id\":\"https:\\\/\\\/www.comprarmejor.es\\\/en\\\/#organization\",\"name\":\"COMPRAR MEJOR\",\"url\":\"https:\\\/\\\/www.comprarmejor.es\\\/en\\\/\",\"logo\":{\"@type\":\"ImageObject\",\"inLanguage\":\"en-US\",\"@id\":\"https:\\\/\\\/www.comprarmejor.es\\\/en\\\/#\\\/schema\\\/logo\\\/image\\\/\",\"url\":\"https:\\\/\\\/www.comprarmejor.es\\\/wp-content\\\/uploads\\\/2025\\\/09\\\/comprarmejortrinidad.jpg\",\"contentUrl\":\"https:\\\/\\\/www.comprarmejor.es\\\/wp-content\\\/uploads\\\/2025\\\/09\\\/comprarmejortrinidad.jpg\",\"width\":1022,\"height\":1380,\"caption\":\"COMPRAR MEJOR\"},\"image\":{\"@id\":\"https:\\\/\\\/www.comprarmejor.es\\\/en\\\/#\\\/schema\\\/logo\\\/image\\\/\"},\"sameAs\":[\"https:\\\/\\\/www.instagram.com\\\/amigosdelcodice\"]}]}<\/script>\n<!-- \/ Yoast SEO plugin. -->","yoast_head_json":{"title":"Craft corner table Ancient Egypt","description":"Egyptian impressive handcrafted table, ideal as a corner, as a table lamp as a table to play chess, to put some beautiful decorative object...","robots":{"index":"index","follow":"follow","max-snippet":"max-snippet:-1","max-image-preview":"max-image-preview:large","max-video-preview":"max-video-preview:-1"},"canonical":"https:\/\/www.comprarmejor.es\/en\/product\/craft-corner-table-ancient-egypt\/","og_locale":"en_US","og_type":"article","og_title":"Craft corner table Ancient Egypt","og_description":"Egyptian impressive handcrafted table, ideal as a corner, as a table lamp as a table to play chess, to put some beautiful decorative object...","og_url":"https:\/\/www.comprarmejor.es\/en\/product\/craft-corner-table-ancient-egypt\/","og_site_name":"ComprarMejor","article_modified_time":"2019-08-30T14:21:00+00:00","og_image":[{"width":600,"height":600,"url":"https:\/\/www.comprarmejor.es\/wp-content\/uploads\/2015\/11\/p_1_3_5_7_1357-Mesa-rinconera-artesanal-Antiguo-Egipto.jpg","type":"image\/jpeg"}],"twitter_card":"summary_large_image","twitter_misc":{"Est. reading time":"1 minute"},"schema":{"@context":"https:\/\/schema.org","@graph":[{"@type":"WebPage","@id":"https:\/\/www.comprarmejor.es\/en\/product\/craft-corner-table-ancient-egypt\/","url":"https:\/\/www.comprarmejor.es\/en\/product\/craft-corner-table-ancient-egypt\/","name":"Craft corner table Ancient Egypt","isPartOf":{"@id":"https:\/\/www.comprarmejor.es\/en\/#website"},"primaryImageOfPage":{"@id":"https:\/\/www.comprarmejor.es\/en\/product\/craft-corner-table-ancient-egypt\/#primaryimage"},"image":{"@id":"https:\/\/www.comprarmejor.es\/en\/product\/craft-corner-table-ancient-egypt\/#primaryimage"},"thumbnailUrl":"https:\/\/www.comprarmejor.es\/wp-content\/uploads\/2015\/11\/p_1_3_5_7_1357-Mesa-rinconera-artesanal-Antiguo-Egipto.jpg","datePublished":"2015-11-20T16:27:03+00:00","dateModified":"2019-08-30T14:21:00+00:00","description":"Egyptian impressive handcrafted table, ideal as a corner, as a table lamp as a table to play chess, to put some beautiful decorative object...","breadcrumb":{"@id":"https:\/\/www.comprarmejor.es\/en\/product\/craft-corner-table-ancient-egypt\/#breadcrumb"},"inLanguage":"en-US","potentialAction":[{"@type":"ReadAction","target":["https:\/\/www.comprarmejor.es\/en\/product\/craft-corner-table-ancient-egypt\/"]}]},{"@type":"ImageObject","inLanguage":"en-US","@id":"https:\/\/www.comprarmejor.es\/en\/product\/craft-corner-table-ancient-egypt\/#primaryimage","url":"https:\/\/www.comprarmejor.es\/wp-content\/uploads\/2015\/11\/p_1_3_5_7_1357-Mesa-rinconera-artesanal-Antiguo-Egipto.jpg","contentUrl":"https:\/\/www.comprarmejor.es\/wp-content\/uploads\/2015\/11\/p_1_3_5_7_1357-Mesa-rinconera-artesanal-Antiguo-Egipto.jpg","width":600,"height":600},{"@type":"BreadcrumbList","@id":"https:\/\/www.comprarmejor.es\/en\/product\/craft-corner-table-ancient-egypt\/#breadcrumb","itemListElement":[{"@type":"ListItem","position":1,"name":"Portada","item":"https:\/\/www.comprarmejor.es\/en\/"},{"@type":"ListItem","position":2,"name":"Shop","item":"https:\/\/www.comprarmejor.es\/en\/shop\/"},{"@type":"ListItem","position":3,"name":"Craft corner table Ancient Egypt"}]},{"@type":"WebSite","@id":"https:\/\/www.comprarmejor.es\/en\/#website","url":"https:\/\/www.comprarmejor.es\/en\/","name":"ComprarMejor","description":"ComprarMejor","publisher":{"@id":"https:\/\/www.comprarmejor.es\/en\/#organization"},"potentialAction":[{"@type":"SearchAction","target":{"@type":"EntryPoint","urlTemplate":"https:\/\/www.comprarmejor.es\/en\/?s={search_term_string}"},"query-input":{"@type":"PropertyValueSpecification","valueRequired":true,"valueName":"search_term_string"}}],"inLanguage":"en-US"},{"@type":"Organization","@id":"https:\/\/www.comprarmejor.es\/en\/#organization","name":"COMPRAR MEJOR","url":"https:\/\/www.comprarmejor.es\/en\/","logo":{"@type":"ImageObject","inLanguage":"en-US","@id":"https:\/\/www.comprarmejor.es\/en\/#\/schema\/logo\/image\/","url":"https:\/\/www.comprarmejor.es\/wp-content\/uploads\/2025\/09\/comprarmejortrinidad.jpg","contentUrl":"https:\/\/www.comprarmejor.es\/wp-content\/uploads\/2025\/09\/comprarmejortrinidad.jpg","width":1022,"height":1380,"caption":"COMPRAR MEJOR"},"image":{"@id":"https:\/\/www.comprarmejor.es\/en\/#\/schema\/logo\/image\/"},"sameAs":["https:\/\/www.instagram.com\/amigosdelcodice"]}]}},"_links":{"self":[{"href":"https:\/\/www.comprarmejor.es\/en\/wp-json\/wp\/v2\/product\/49109","targetHints":{"allow":["GET"]}}],"collection":[{"href":"https:\/\/www.comprarmejor.es\/en\/wp-json\/wp\/v2\/product"}],"about":[{"href":"https:\/\/www.comprarmejor.es\/en\/wp-json\/wp\/v2\/types\/product"}],"wp:featuredmedia":[{"embeddable":true,"href":"https:\/\/www.comprarmejor.es\/en\/wp-json\/wp\/v2\/media\/49099"}],"wp:attachment":[{"href":"https:\/\/www.comprarmejor.es\/en\/wp-json\/wp\/v2\/media?parent=49109"}],"wp:term":[{"taxonomy":"product_brand","embeddable":true,"href":"https:\/\/www.comprarmejor.es\/en\/wp-json\/wp\/v2\/product_brand?post=49109"},{"taxonomy":"product_cat","embeddable":true,"href":"https:\/\/www.comprarmejor.es\/en\/wp-json\/wp\/v2\/product_cat?post=49109"},{"taxonomy":"product_tag","embeddable":true,"href":"https:\/\/www.comprarmejor.es\/en\/wp-json\/wp\/v2\/product_tag?post=49109"}],"curies":[{"name":"wp","href":"https:\/\/api.w.org\/{rel}","templated":true}]}}