{"id":49143,"date":"2015-11-23T11:10:25","date_gmt":"2015-11-23T10:10:25","guid":{"rendered":"https:\/\/www.comprarmejor.es\/producto\/great-hours-of-rohan-xv-century\/"},"modified":"2026-05-04T10:55:00","modified_gmt":"2026-05-04T08:55:00","slug":"great-hours-of-rohan-xv-century","status":"publish","type":"product","link":"https:\/\/www.comprarmejor.es\/en\/product\/great-hours-of-rohan-xv-century\/","title":{"rendered":"Great Hours of Rohan, XV century (5*)"},"content":{"rendered":"<p><span class=\"HwtZe\" lang=\"en\"><span class=\"jCAhz ChMk0b\"><span class=\"ryNqvb\">ARTICLE FOR INFORMATIONAL PURPOSES ONLY<\/span><\/span><\/span><\/p>\n<p style=\"text-align: justify;\"><span id=\"result_box\" lang=\"en\" xml:lang=\"en\"><span title=\"\u00a1Un 5 estrellas en toda gran Biblioteca!\"><span lang=\"en\" xml:lang=\"en\"><span title=\"Espectacular c\u00f3dice considerado como la m\u00e1xima expresi\u00f3n del misticismo medieval.\">Spectacular codex considered as the ultimate expression of medieval mysticism. <\/span><span title=\"La majestuosidad de sus miniaturas lo coloca en el lugar m\u00e1s destacado del arte de la primera mitad del siglo XV.\">The majesty of its miniatures places it in the most outstanding place of the art of the first half of the 15th century. <\/span><span title=\"\u00a1Un 5 estrellas en toda gran Biblioteca!\"><strong>A 5 stars in every great Library!<\/strong><\/span><\/span><\/span><\/span><\/p>\n<p style=\"text-align: justify;\"><span title=\"Las miniaturas, con sus intensos colores, transmiten sentimientos y reflejan temperamentos casi m\u00edsticos: \u201c\u2026 el genio del Maestro Rohan alcanza su punto \u00e1lgido en la tr\u00e1gica expresi\u00f3n del dolor y la muerte\u2026\u201d\">The miniatures, with their intense colors, transmit feelings and reflect almost mystical temperaments: &#8220;&#8230; the genius of Master Rohan reaches its peak in the tragic expression of pain and death &#8230;&#8221;<\/span><\/p>\n<p style=\"text-align: justify;\"><span title=\"Original custodiado en la Biblioteca Nacional de Francia, signatura Lat.\">Original guarded in the National Library of France, signature Lat. <\/span><span title=\"9471.\">9471.<\/span><\/p>\n<p style=\"text-align: justify;\"><span title=\"Extraordinaria edici\u00f3n facs\u00edmile del a\u00f1o 2005, en edici\u00f3n limitada a 995 ejemplares, numerada y autentificada notarialmente.\">Extraordinary facsimile edition of the year 2005, in a limited edition of 995 copies, numbered and authenticated by notary.<\/span><\/p>\n<p style=\"text-align: justify;\"><span title=\"C\u00f3dice encuadernado en piel sobre madera, lomo profusamente dorado, nervios, tejuelos, formato 21 x 29 cm.\">Codex bound in leather on wood, loin profusely gilded, nerves, tejuelos, format 21 x 29 cm. <\/span><span title=\"478 p\u00e1ginas, decoradas y con oros, que contienen 293 bell\u00edsimas miniaturas, muchas de ellas a p\u00e1gina completa.\">478 pages, decorated with gold, containing 293 beautiful miniatures, many of them in full page. <\/span><span title=\"Presentado en una hermosa caja-estuche formato libro, imitando la lomera del manuscrito.\">Presented in a beautiful box-case book format, imitating the lomera of the manuscript.<\/span><\/p>\n<p style=\"text-align: justify;\"><span title=\"Acompa\u00f1ado de libro estudio complementario, encuadernado en tapa dura con sobrecubierta, cinta gu\u00eda, formato 25,5 x 36 cm.\">Accompanied by complementary study book, bound in hard cover with dust jacket, guide tape, format 25.5 x 36 cm. <\/span><span title=\"380 p\u00e1ginas muy ilustradas, textos en espa\u00f1ol.\">380 pages very illustrated, texts in Spanish.<\/span><\/p>\n<p style=\"text-align: justify;\"><span title=\"Conjunto en perfectas condiciones.\">Set in perfect condition. <\/span><span title=\"Uno de los Libros de Horas m\u00e1s espectaculares, bellos y grandiosos por sus iluminaciones, oros, plata e intensos colores.\">One of the most spectacular Books of Hours, beautiful and great for its illuminations, gold, silver and intense colors.<\/span><\/p>\n<p style=\"text-align: justify;\"><span title=\"Gastos de env\u00edo por cuenta del comprador, seg\u00fan pedido y destino.\">Retail Price: 4.900 \u20ac. <\/span><span title=\"Cons\u00faltenos cualquier duda, as\u00ed como por cualquier otro Libro de Horas o facs\u00edmile que est\u00e9 buscando.\"><a class=\"btn btn-default\" href=\"https:\/\/www.comprarmejor.es\/en\/contact\/\">Ask us<\/a> <span lang=\"en\" xml:lang=\"en\"><span title=\"Cons\u00faltenos sin compromiso (indicando la referencia del art\u00edculo) cualquier duda.\">without obligation (indicating the reference of the article) any doubt.<\/span><\/span><br \/>\n<\/span><\/p>\n","protected":false},"excerpt":{"rendered":"<p style=\"text-align: justify;\"><span id=\"result_box\" lang=\"en\" xml:lang=\"en\"><span title=\"La majestuosidad de sus miniaturas lo coloca en el lugar m\u00e1s destacado del arte de la primera mitad del siglo XV.\"><span lang=\"en\" xml:lang=\"en\">This facsimile is part of the <strong>Spectacular Library<\/strong>.<br \/>\nExtraordinary codex considered as the ultimate expression of medieval mysticism. The majesty of its miniatures places it in the most outstanding place of the art of the first half of the XV century.<\/span><\/span><\/span><\/p>\n","protected":false},"featured_media":49129,"template":"","meta":[],"product_brand":[],"product_cat":[2226],"product_tag":[3979,3975,5122,4058],"class_list":{"0":"post-49143","1":"product","2":"type-product","3":"status-publish","4":"has-post-thumbnail","6":"product_cat-books-of-hours","7":"product_tag-ayn-en","8":"product_tag-bnf-en","9":"product_tag-hours-en","10":"product_tag-rohan-en","11":"description-off","13":"first","14":"instock","15":"taxable","16":"shipping-taxable","17":"purchasable","18":"product-type-simple"},"yoast_head":"<!-- This site is optimized with the Yoast SEO plugin v27.3 - https:\/\/yoast.com\/product\/yoast-seo-wordpress\/ -->\n<title>Great Hours of Rohan, XV century (5*) Facsimile AyN<\/title>\n<meta name=\"description\" content=\"Spectacular codex regarded as the epitome of medieval mysticism. The majesty of his miniatures places in the highlight of the art of the\" \/>\n<meta name=\"robots\" content=\"index, follow, max-snippet:-1, max-image-preview:large, max-video-preview:-1\" \/>\n<link rel=\"canonical\" href=\"https:\/\/www.comprarmejor.es\/en\/product\/great-hours-of-rohan-xv-century\/\" \/>\n<meta property=\"og:locale\" content=\"en_US\" \/>\n<meta property=\"og:type\" content=\"article\" \/>\n<meta property=\"og:title\" content=\"Great Hours of Rohan, XV century (5*) Facsimile AyN\" \/>\n<meta property=\"og:description\" content=\"Spectacular codex regarded as the epitome of medieval mysticism. The majesty of his miniatures places in the highlight of the art of the\" \/>\n<meta property=\"og:url\" content=\"https:\/\/www.comprarmejor.es\/en\/product\/great-hours-of-rohan-xv-century\/\" \/>\n<meta property=\"og:site_name\" content=\"ComprarMejor\" \/>\n<meta property=\"article:modified_time\" content=\"2026-05-04T08:55:00+00:00\" \/>\n<meta property=\"og:image\" content=\"https:\/\/www.comprarmejor.es\/wp-content\/uploads\/2015\/11\/p_1_3_6_8_1368-Grandes-Horas-de-Rohan-siglo-XV.jpg\" \/>\n\t<meta property=\"og:image:width\" content=\"463\" \/>\n\t<meta property=\"og:image:height\" content=\"600\" \/>\n\t<meta property=\"og:image:type\" content=\"image\/jpeg\" \/>\n<meta name=\"twitter:card\" content=\"summary_large_image\" \/>\n<meta name=\"twitter:label1\" content=\"Est. reading time\" \/>\n\t<meta name=\"twitter:data1\" content=\"2 minutes\" \/>\n<script type=\"application\/ld+json\" class=\"yoast-schema-graph\">{\"@context\":\"https:\\\/\\\/schema.org\",\"@graph\":[{\"@type\":\"WebPage\",\"@id\":\"https:\\\/\\\/www.comprarmejor.es\\\/en\\\/product\\\/great-hours-of-rohan-xv-century\\\/\",\"url\":\"https:\\\/\\\/www.comprarmejor.es\\\/en\\\/product\\\/great-hours-of-rohan-xv-century\\\/\",\"name\":\"Great Hours of Rohan, XV century (5*) Facsimile AyN\",\"isPartOf\":{\"@id\":\"https:\\\/\\\/www.comprarmejor.es\\\/en\\\/#website\"},\"primaryImageOfPage\":{\"@id\":\"https:\\\/\\\/www.comprarmejor.es\\\/en\\\/product\\\/great-hours-of-rohan-xv-century\\\/#primaryimage\"},\"image\":{\"@id\":\"https:\\\/\\\/www.comprarmejor.es\\\/en\\\/product\\\/great-hours-of-rohan-xv-century\\\/#primaryimage\"},\"thumbnailUrl\":\"https:\\\/\\\/www.comprarmejor.es\\\/wp-content\\\/uploads\\\/2015\\\/11\\\/p_1_3_6_8_1368-Grandes-Horas-de-Rohan-siglo-XV.jpg\",\"datePublished\":\"2015-11-23T10:10:25+00:00\",\"dateModified\":\"2026-05-04T08:55:00+00:00\",\"description\":\"Spectacular codex regarded as the epitome of medieval mysticism. The majesty of his miniatures places in the highlight of the art of the\",\"breadcrumb\":{\"@id\":\"https:\\\/\\\/www.comprarmejor.es\\\/en\\\/product\\\/great-hours-of-rohan-xv-century\\\/#breadcrumb\"},\"inLanguage\":\"en-US\",\"potentialAction\":[{\"@type\":\"ReadAction\",\"target\":[\"https:\\\/\\\/www.comprarmejor.es\\\/en\\\/product\\\/great-hours-of-rohan-xv-century\\\/\"]}]},{\"@type\":\"ImageObject\",\"inLanguage\":\"en-US\",\"@id\":\"https:\\\/\\\/www.comprarmejor.es\\\/en\\\/product\\\/great-hours-of-rohan-xv-century\\\/#primaryimage\",\"url\":\"https:\\\/\\\/www.comprarmejor.es\\\/wp-content\\\/uploads\\\/2015\\\/11\\\/p_1_3_6_8_1368-Grandes-Horas-de-Rohan-siglo-XV.jpg\",\"contentUrl\":\"https:\\\/\\\/www.comprarmejor.es\\\/wp-content\\\/uploads\\\/2015\\\/11\\\/p_1_3_6_8_1368-Grandes-Horas-de-Rohan-siglo-XV.jpg\",\"width\":463,\"height\":600},{\"@type\":\"BreadcrumbList\",\"@id\":\"https:\\\/\\\/www.comprarmejor.es\\\/en\\\/product\\\/great-hours-of-rohan-xv-century\\\/#breadcrumb\",\"itemListElement\":[{\"@type\":\"ListItem\",\"position\":1,\"name\":\"Portada\",\"item\":\"https:\\\/\\\/www.comprarmejor.es\\\/en\\\/\"},{\"@type\":\"ListItem\",\"position\":2,\"name\":\"Shop\",\"item\":\"https:\\\/\\\/www.comprarmejor.es\\\/en\\\/shop\\\/\"},{\"@type\":\"ListItem\",\"position\":3,\"name\":\"Great Hours of Rohan, XV century (5*)\"}]},{\"@type\":\"WebSite\",\"@id\":\"https:\\\/\\\/www.comprarmejor.es\\\/en\\\/#website\",\"url\":\"https:\\\/\\\/www.comprarmejor.es\\\/en\\\/\",\"name\":\"ComprarMejor\",\"description\":\"ComprarMejor\",\"publisher\":{\"@id\":\"https:\\\/\\\/www.comprarmejor.es\\\/en\\\/#organization\"},\"potentialAction\":[{\"@type\":\"SearchAction\",\"target\":{\"@type\":\"EntryPoint\",\"urlTemplate\":\"https:\\\/\\\/www.comprarmejor.es\\\/en\\\/?s={search_term_string}\"},\"query-input\":{\"@type\":\"PropertyValueSpecification\",\"valueRequired\":true,\"valueName\":\"search_term_string\"}}],\"inLanguage\":\"en-US\"},{\"@type\":\"Organization\",\"@id\":\"https:\\\/\\\/www.comprarmejor.es\\\/en\\\/#organization\",\"name\":\"COMPRAR MEJOR\",\"url\":\"https:\\\/\\\/www.comprarmejor.es\\\/en\\\/\",\"logo\":{\"@type\":\"ImageObject\",\"inLanguage\":\"en-US\",\"@id\":\"https:\\\/\\\/www.comprarmejor.es\\\/en\\\/#\\\/schema\\\/logo\\\/image\\\/\",\"url\":\"https:\\\/\\\/www.comprarmejor.es\\\/wp-content\\\/uploads\\\/2025\\\/09\\\/comprarmejortrinidad.jpg\",\"contentUrl\":\"https:\\\/\\\/www.comprarmejor.es\\\/wp-content\\\/uploads\\\/2025\\\/09\\\/comprarmejortrinidad.jpg\",\"width\":1022,\"height\":1380,\"caption\":\"COMPRAR MEJOR\"},\"image\":{\"@id\":\"https:\\\/\\\/www.comprarmejor.es\\\/en\\\/#\\\/schema\\\/logo\\\/image\\\/\"},\"sameAs\":[\"https:\\\/\\\/www.instagram.com\\\/amigosdelcodice\"]}]}<\/script>\n<!-- \/ Yoast SEO plugin. -->","yoast_head_json":{"title":"Great Hours of Rohan, XV century (5*) Facsimile AyN","description":"Spectacular codex regarded as the epitome of medieval mysticism. The majesty of his miniatures places in the highlight of the art of the","robots":{"index":"index","follow":"follow","max-snippet":"max-snippet:-1","max-image-preview":"max-image-preview:large","max-video-preview":"max-video-preview:-1"},"canonical":"https:\/\/www.comprarmejor.es\/en\/product\/great-hours-of-rohan-xv-century\/","og_locale":"en_US","og_type":"article","og_title":"Great Hours of Rohan, XV century (5*) Facsimile AyN","og_description":"Spectacular codex regarded as the epitome of medieval mysticism. The majesty of his miniatures places in the highlight of the art of the","og_url":"https:\/\/www.comprarmejor.es\/en\/product\/great-hours-of-rohan-xv-century\/","og_site_name":"ComprarMejor","article_modified_time":"2026-05-04T08:55:00+00:00","og_image":[{"width":463,"height":600,"url":"https:\/\/www.comprarmejor.es\/wp-content\/uploads\/2015\/11\/p_1_3_6_8_1368-Grandes-Horas-de-Rohan-siglo-XV.jpg","type":"image\/jpeg"}],"twitter_card":"summary_large_image","twitter_misc":{"Est. reading time":"2 minutes"},"schema":{"@context":"https:\/\/schema.org","@graph":[{"@type":"WebPage","@id":"https:\/\/www.comprarmejor.es\/en\/product\/great-hours-of-rohan-xv-century\/","url":"https:\/\/www.comprarmejor.es\/en\/product\/great-hours-of-rohan-xv-century\/","name":"Great Hours of Rohan, XV century (5*) Facsimile AyN","isPartOf":{"@id":"https:\/\/www.comprarmejor.es\/en\/#website"},"primaryImageOfPage":{"@id":"https:\/\/www.comprarmejor.es\/en\/product\/great-hours-of-rohan-xv-century\/#primaryimage"},"image":{"@id":"https:\/\/www.comprarmejor.es\/en\/product\/great-hours-of-rohan-xv-century\/#primaryimage"},"thumbnailUrl":"https:\/\/www.comprarmejor.es\/wp-content\/uploads\/2015\/11\/p_1_3_6_8_1368-Grandes-Horas-de-Rohan-siglo-XV.jpg","datePublished":"2015-11-23T10:10:25+00:00","dateModified":"2026-05-04T08:55:00+00:00","description":"Spectacular codex regarded as the epitome of medieval mysticism. The majesty of his miniatures places in the highlight of the art of the","breadcrumb":{"@id":"https:\/\/www.comprarmejor.es\/en\/product\/great-hours-of-rohan-xv-century\/#breadcrumb"},"inLanguage":"en-US","potentialAction":[{"@type":"ReadAction","target":["https:\/\/www.comprarmejor.es\/en\/product\/great-hours-of-rohan-xv-century\/"]}]},{"@type":"ImageObject","inLanguage":"en-US","@id":"https:\/\/www.comprarmejor.es\/en\/product\/great-hours-of-rohan-xv-century\/#primaryimage","url":"https:\/\/www.comprarmejor.es\/wp-content\/uploads\/2015\/11\/p_1_3_6_8_1368-Grandes-Horas-de-Rohan-siglo-XV.jpg","contentUrl":"https:\/\/www.comprarmejor.es\/wp-content\/uploads\/2015\/11\/p_1_3_6_8_1368-Grandes-Horas-de-Rohan-siglo-XV.jpg","width":463,"height":600},{"@type":"BreadcrumbList","@id":"https:\/\/www.comprarmejor.es\/en\/product\/great-hours-of-rohan-xv-century\/#breadcrumb","itemListElement":[{"@type":"ListItem","position":1,"name":"Portada","item":"https:\/\/www.comprarmejor.es\/en\/"},{"@type":"ListItem","position":2,"name":"Shop","item":"https:\/\/www.comprarmejor.es\/en\/shop\/"},{"@type":"ListItem","position":3,"name":"Great Hours of Rohan, XV century (5*)"}]},{"@type":"WebSite","@id":"https:\/\/www.comprarmejor.es\/en\/#website","url":"https:\/\/www.comprarmejor.es\/en\/","name":"ComprarMejor","description":"ComprarMejor","publisher":{"@id":"https:\/\/www.comprarmejor.es\/en\/#organization"},"potentialAction":[{"@type":"SearchAction","target":{"@type":"EntryPoint","urlTemplate":"https:\/\/www.comprarmejor.es\/en\/?s={search_term_string}"},"query-input":{"@type":"PropertyValueSpecification","valueRequired":true,"valueName":"search_term_string"}}],"inLanguage":"en-US"},{"@type":"Organization","@id":"https:\/\/www.comprarmejor.es\/en\/#organization","name":"COMPRAR MEJOR","url":"https:\/\/www.comprarmejor.es\/en\/","logo":{"@type":"ImageObject","inLanguage":"en-US","@id":"https:\/\/www.comprarmejor.es\/en\/#\/schema\/logo\/image\/","url":"https:\/\/www.comprarmejor.es\/wp-content\/uploads\/2025\/09\/comprarmejortrinidad.jpg","contentUrl":"https:\/\/www.comprarmejor.es\/wp-content\/uploads\/2025\/09\/comprarmejortrinidad.jpg","width":1022,"height":1380,"caption":"COMPRAR MEJOR"},"image":{"@id":"https:\/\/www.comprarmejor.es\/en\/#\/schema\/logo\/image\/"},"sameAs":["https:\/\/www.instagram.com\/amigosdelcodice"]}]}},"_links":{"self":[{"href":"https:\/\/www.comprarmejor.es\/en\/wp-json\/wp\/v2\/product\/49143","targetHints":{"allow":["GET"]}}],"collection":[{"href":"https:\/\/www.comprarmejor.es\/en\/wp-json\/wp\/v2\/product"}],"about":[{"href":"https:\/\/www.comprarmejor.es\/en\/wp-json\/wp\/v2\/types\/product"}],"wp:featuredmedia":[{"embeddable":true,"href":"https:\/\/www.comprarmejor.es\/en\/wp-json\/wp\/v2\/media\/49129"}],"wp:attachment":[{"href":"https:\/\/www.comprarmejor.es\/en\/wp-json\/wp\/v2\/media?parent=49143"}],"wp:term":[{"taxonomy":"product_brand","embeddable":true,"href":"https:\/\/www.comprarmejor.es\/en\/wp-json\/wp\/v2\/product_brand?post=49143"},{"taxonomy":"product_cat","embeddable":true,"href":"https:\/\/www.comprarmejor.es\/en\/wp-json\/wp\/v2\/product_cat?post=49143"},{"taxonomy":"product_tag","embeddable":true,"href":"https:\/\/www.comprarmejor.es\/en\/wp-json\/wp\/v2\/product_tag?post=49143"}],"curies":[{"name":"wp","href":"https:\/\/api.w.org\/{rel}","templated":true}]}}