{"id":49201,"date":"2015-11-25T00:27:32","date_gmt":"2015-11-24T23:27:32","guid":{"rendered":"https:\/\/www.comprarmejor.es\/producto\/1992-spain-postage-stamps-miniature-sheet-national-heritage-codices\/"},"modified":"2019-08-29T15:29:01","modified_gmt":"2019-08-29T13:29:01","slug":"1992-spain-postage-stamps-miniature-sheet-national-heritage-codices","status":"publish","type":"product","link":"https:\/\/www.comprarmejor.es\/en\/product\/1992-spain-postage-stamps-miniature-sheet-national-heritage-codices\/","title":{"rendered":"1992 Spain Postage stamps Miniature Sheet National Heritage: Codices"},"content":{"rendered":"<p style=\"text-align:justify;\"><span id=\"result_box\" lang=\"en\" xml:lang=\"en\"><span title=\"Bella l\u00e1mina (hoja bloque) con 4 sellos de Correos de Espa\u00f1a de 1992, Serie &quot;Patrimonio Nacional - C\u00f3dices&quot;.\">Bella sheet (souvenir sheet) with 4 postage stamps of Spain 1992 Series &#8220;National Heritage &#8211; codices&#8221;. <\/span><span title=\"Valor facial de cada uno de ellos: 27 pesetas.\">Face value of each: 27 pesetas.<\/p>\n<p><\/span><span title=\"L\u00e1mina completamente nueva, sin usar.\">Completely new sheet, unused. <\/span><span title=\"Se acompa\u00f1a de una hoja de coleccionista filat\u00e9lico para su mejor conservaci\u00f3n.\">It is accompanied by a sheet of philatelic collector for better conservation. <\/span><span title=\"El n\u00famero de serie indicado en las fotograf\u00edas puede cambiar con respecto al que reciba, ya que cada hoja bloque tiene su propio n\u00famero de serie individual.\">The serial number indicated in the pictures may change with respect to receiving, as each leaf block has its own individual serial number.<\/p>\n<p><\/span><span title=\"Fecha de emisi\u00f3n: 10-12-1992\">Issue date: 12\/10\/1992<br \/><\/span><span title=\"Papel: estucado, engomado, mate, fosforescente.\">Paper: coated, gummed, matt, phosphorescent.<br \/><\/span><span title=\"Estampaci\u00f3n: calcograf\u00eda y offset.\">Printing: intaglio and offset.<br \/><\/span><span title=\"Tama\u00f1o de cada sello: 28,8 x 49,8 mm.\">Each seal size: 28.8 x 49.8 mm. <\/span><span title=\"(vertical)\">(vertical)<br \/><\/span><span title=\"Tama\u00f1o de la hoja bloque: 105 x 150 mm.\">Size of the souvenir sheet: 105 x 150 mm. <\/span><span title=\"(vertical)\">(vertical)<br \/><\/span><span title=\"Dentado: 13 3\/4\">Teeth: 13 3\/4<\/p>\n<p><\/span><span title=\"Motivos de los sellos:\">Subjects of the stamps:<br \/><\/span><span title=\"C\u00f3dice Veitia, siglo XVIII\">Codex Veitia, XVIII century<br \/><\/span><span title=\"C\u00f3dice Trujillo del Per\u00fa, siglo XVIII\">Codex Trujillo of Peru, XVIII century<br \/><\/span><span title=\"C\u00f3dice Libro del Ajedrez, siglo XIII\">Codex Book of Chess, XIII century<br \/><\/span><span title=\"C\u00f3dice Sahag\u00fan, siglo XVI\">Sahagun manuscript, sixteenth century<\/p>\n<p><\/span><span title=\"(Facs\u00edmiles de los originales de estos c\u00f3dices a la venta aqu\u00ed mismo).\">(Facsimiles of the originals of these codices for sale right here).<\/p>\n<p><\/span><span title=\"Varios ejemplares disponibles.\">Several copies available. <\/span><span title=\"Consulte precios por n\u00famero de ejemplares.\">See prices per number of copies.<\/p>\n<p><\/span><span title=\"Gastos de env\u00edo por cuenta del comprador, seg\u00fan pedido y destino.\">Shipping by the buyer, upon request and destination. <\/span><span title=\"Cons\u00faltenos cualquier duda.\"><a class=\"btn btn-default\" href=\"http:\/\/comprarmejor.es\/en\/contact\">Ask us<\/a> any questions.<\/span><\/span><\/p>\n","protected":false},"excerpt":{"rendered":"<p style=\"text-align:justify;\"><span id=\"result_box\" lang=\"en\" xml:lang=\"en\"><span title=\"Bella l\u00e1mina (hoja bloque) con 4 sellos de Correos de Espa\u00f1a de 1992, Serie &quot;Patrimonio Nacional - C\u00f3dices&quot;.\">Bella sheet (souvenir sheet) with 4 postage stamps of Spain 1992 Series &#8220;National Heritage &#8211; codices&#8221;. <\/span><span title=\"Valor facial de cada uno de ellos: 27 pesetas.\">Face value of each: 27 pesetas.<\/span><\/span><\/p>\n","protected":false},"featured_media":49195,"template":"","meta":[],"product_brand":[],"product_cat":[2192,2236],"product_tag":[],"class_list":{"0":"post-49201","1":"product","2":"type-product","3":"status-publish","4":"has-post-thumbnail","6":"product_cat-collecting","7":"product_cat-philately","8":"product_shipping_class-from-0-to-1-kg","9":"description-off","11":"first","12":"instock","13":"taxable","14":"shipping-taxable","15":"purchasable","16":"product-type-simple"},"yoast_head":"<!-- This site is optimized with the Yoast SEO plugin v27.3 - https:\/\/yoast.com\/product\/yoast-seo-wordpress\/ -->\n<title>1992 Spain Postage stamps Miniature Sheet National Heritage: Codices<\/title>\n<meta name=\"description\" content=\"Bella sheet (souvenir sheet) with 4 postage stamps of Spain 1992 Series &quot;National Heritage - codices&quot;. Face value of each: 27 pesetas.\" \/>\n<meta name=\"robots\" content=\"index, follow, max-snippet:-1, max-image-preview:large, max-video-preview:-1\" \/>\n<link rel=\"canonical\" href=\"https:\/\/www.comprarmejor.es\/en\/product\/1992-spain-postage-stamps-miniature-sheet-national-heritage-codices\/\" \/>\n<meta property=\"og:locale\" content=\"en_US\" \/>\n<meta property=\"og:type\" content=\"article\" \/>\n<meta property=\"og:title\" content=\"1992 Spain Postage stamps Miniature Sheet National Heritage: Codices\" \/>\n<meta property=\"og:description\" content=\"Bella sheet (souvenir sheet) with 4 postage stamps of Spain 1992 Series &quot;National Heritage - codices&quot;. Face value of each: 27 pesetas.\" \/>\n<meta property=\"og:url\" content=\"https:\/\/www.comprarmejor.es\/en\/product\/1992-spain-postage-stamps-miniature-sheet-national-heritage-codices\/\" \/>\n<meta property=\"og:site_name\" content=\"ComprarMejor\" \/>\n<meta property=\"article:modified_time\" content=\"2019-08-29T13:29:01+00:00\" \/>\n<meta property=\"og:image\" content=\"https:\/\/www.comprarmejor.es\/wp-content\/uploads\/2015\/11\/p_1_3_9_5_1395-1992-Sellos-de-Correos-Espana-Hoja-bloque-Patrimonio-Nacional-Codices.jpg\" \/>\n\t<meta property=\"og:image:width\" content=\"435\" \/>\n\t<meta property=\"og:image:height\" content=\"600\" \/>\n\t<meta property=\"og:image:type\" content=\"image\/jpeg\" \/>\n<meta name=\"twitter:card\" content=\"summary_large_image\" \/>\n<meta name=\"twitter:label1\" content=\"Est. reading time\" \/>\n\t<meta name=\"twitter:data1\" content=\"1 minute\" \/>\n<script type=\"application\/ld+json\" class=\"yoast-schema-graph\">{\"@context\":\"https:\\\/\\\/schema.org\",\"@graph\":[{\"@type\":\"WebPage\",\"@id\":\"https:\\\/\\\/www.comprarmejor.es\\\/en\\\/product\\\/1992-spain-postage-stamps-miniature-sheet-national-heritage-codices\\\/\",\"url\":\"https:\\\/\\\/www.comprarmejor.es\\\/en\\\/product\\\/1992-spain-postage-stamps-miniature-sheet-national-heritage-codices\\\/\",\"name\":\"1992 Spain Postage stamps Miniature Sheet National Heritage: Codices\",\"isPartOf\":{\"@id\":\"https:\\\/\\\/www.comprarmejor.es\\\/en\\\/#website\"},\"primaryImageOfPage\":{\"@id\":\"https:\\\/\\\/www.comprarmejor.es\\\/en\\\/product\\\/1992-spain-postage-stamps-miniature-sheet-national-heritage-codices\\\/#primaryimage\"},\"image\":{\"@id\":\"https:\\\/\\\/www.comprarmejor.es\\\/en\\\/product\\\/1992-spain-postage-stamps-miniature-sheet-national-heritage-codices\\\/#primaryimage\"},\"thumbnailUrl\":\"https:\\\/\\\/www.comprarmejor.es\\\/wp-content\\\/uploads\\\/2015\\\/11\\\/p_1_3_9_5_1395-1992-Sellos-de-Correos-Espana-Hoja-bloque-Patrimonio-Nacional-Codices.jpg\",\"datePublished\":\"2015-11-24T23:27:32+00:00\",\"dateModified\":\"2019-08-29T13:29:01+00:00\",\"description\":\"Bella sheet (souvenir sheet) with 4 postage stamps of Spain 1992 Series \\\"National Heritage - codices\\\". Face value of each: 27 pesetas.\",\"breadcrumb\":{\"@id\":\"https:\\\/\\\/www.comprarmejor.es\\\/en\\\/product\\\/1992-spain-postage-stamps-miniature-sheet-national-heritage-codices\\\/#breadcrumb\"},\"inLanguage\":\"en-US\",\"potentialAction\":[{\"@type\":\"ReadAction\",\"target\":[\"https:\\\/\\\/www.comprarmejor.es\\\/en\\\/product\\\/1992-spain-postage-stamps-miniature-sheet-national-heritage-codices\\\/\"]}]},{\"@type\":\"ImageObject\",\"inLanguage\":\"en-US\",\"@id\":\"https:\\\/\\\/www.comprarmejor.es\\\/en\\\/product\\\/1992-spain-postage-stamps-miniature-sheet-national-heritage-codices\\\/#primaryimage\",\"url\":\"https:\\\/\\\/www.comprarmejor.es\\\/wp-content\\\/uploads\\\/2015\\\/11\\\/p_1_3_9_5_1395-1992-Sellos-de-Correos-Espana-Hoja-bloque-Patrimonio-Nacional-Codices.jpg\",\"contentUrl\":\"https:\\\/\\\/www.comprarmejor.es\\\/wp-content\\\/uploads\\\/2015\\\/11\\\/p_1_3_9_5_1395-1992-Sellos-de-Correos-Espana-Hoja-bloque-Patrimonio-Nacional-Codices.jpg\",\"width\":435,\"height\":600},{\"@type\":\"BreadcrumbList\",\"@id\":\"https:\\\/\\\/www.comprarmejor.es\\\/en\\\/product\\\/1992-spain-postage-stamps-miniature-sheet-national-heritage-codices\\\/#breadcrumb\",\"itemListElement\":[{\"@type\":\"ListItem\",\"position\":1,\"name\":\"Portada\",\"item\":\"https:\\\/\\\/www.comprarmejor.es\\\/en\\\/\"},{\"@type\":\"ListItem\",\"position\":2,\"name\":\"Shop\",\"item\":\"https:\\\/\\\/www.comprarmejor.es\\\/en\\\/shop\\\/\"},{\"@type\":\"ListItem\",\"position\":3,\"name\":\"1992 Spain Postage stamps Miniature Sheet National Heritage: Codices\"}]},{\"@type\":\"WebSite\",\"@id\":\"https:\\\/\\\/www.comprarmejor.es\\\/en\\\/#website\",\"url\":\"https:\\\/\\\/www.comprarmejor.es\\\/en\\\/\",\"name\":\"ComprarMejor\",\"description\":\"ComprarMejor\",\"publisher\":{\"@id\":\"https:\\\/\\\/www.comprarmejor.es\\\/en\\\/#organization\"},\"potentialAction\":[{\"@type\":\"SearchAction\",\"target\":{\"@type\":\"EntryPoint\",\"urlTemplate\":\"https:\\\/\\\/www.comprarmejor.es\\\/en\\\/?s={search_term_string}\"},\"query-input\":{\"@type\":\"PropertyValueSpecification\",\"valueRequired\":true,\"valueName\":\"search_term_string\"}}],\"inLanguage\":\"en-US\"},{\"@type\":\"Organization\",\"@id\":\"https:\\\/\\\/www.comprarmejor.es\\\/en\\\/#organization\",\"name\":\"COMPRAR MEJOR\",\"url\":\"https:\\\/\\\/www.comprarmejor.es\\\/en\\\/\",\"logo\":{\"@type\":\"ImageObject\",\"inLanguage\":\"en-US\",\"@id\":\"https:\\\/\\\/www.comprarmejor.es\\\/en\\\/#\\\/schema\\\/logo\\\/image\\\/\",\"url\":\"https:\\\/\\\/www.comprarmejor.es\\\/wp-content\\\/uploads\\\/2025\\\/09\\\/comprarmejortrinidad.jpg\",\"contentUrl\":\"https:\\\/\\\/www.comprarmejor.es\\\/wp-content\\\/uploads\\\/2025\\\/09\\\/comprarmejortrinidad.jpg\",\"width\":1022,\"height\":1380,\"caption\":\"COMPRAR MEJOR\"},\"image\":{\"@id\":\"https:\\\/\\\/www.comprarmejor.es\\\/en\\\/#\\\/schema\\\/logo\\\/image\\\/\"},\"sameAs\":[\"https:\\\/\\\/www.instagram.com\\\/amigosdelcodice\"]}]}<\/script>\n<!-- \/ Yoast SEO plugin. -->","yoast_head_json":{"title":"1992 Spain Postage stamps Miniature Sheet National Heritage: Codices","description":"Bella sheet (souvenir sheet) with 4 postage stamps of Spain 1992 Series \"National Heritage - codices\". Face value of each: 27 pesetas.","robots":{"index":"index","follow":"follow","max-snippet":"max-snippet:-1","max-image-preview":"max-image-preview:large","max-video-preview":"max-video-preview:-1"},"canonical":"https:\/\/www.comprarmejor.es\/en\/product\/1992-spain-postage-stamps-miniature-sheet-national-heritage-codices\/","og_locale":"en_US","og_type":"article","og_title":"1992 Spain Postage stamps Miniature Sheet National Heritage: Codices","og_description":"Bella sheet (souvenir sheet) with 4 postage stamps of Spain 1992 Series \"National Heritage - codices\". Face value of each: 27 pesetas.","og_url":"https:\/\/www.comprarmejor.es\/en\/product\/1992-spain-postage-stamps-miniature-sheet-national-heritage-codices\/","og_site_name":"ComprarMejor","article_modified_time":"2019-08-29T13:29:01+00:00","og_image":[{"width":435,"height":600,"url":"https:\/\/www.comprarmejor.es\/wp-content\/uploads\/2015\/11\/p_1_3_9_5_1395-1992-Sellos-de-Correos-Espana-Hoja-bloque-Patrimonio-Nacional-Codices.jpg","type":"image\/jpeg"}],"twitter_card":"summary_large_image","twitter_misc":{"Est. reading time":"1 minute"},"schema":{"@context":"https:\/\/schema.org","@graph":[{"@type":"WebPage","@id":"https:\/\/www.comprarmejor.es\/en\/product\/1992-spain-postage-stamps-miniature-sheet-national-heritage-codices\/","url":"https:\/\/www.comprarmejor.es\/en\/product\/1992-spain-postage-stamps-miniature-sheet-national-heritage-codices\/","name":"1992 Spain Postage stamps Miniature Sheet National Heritage: Codices","isPartOf":{"@id":"https:\/\/www.comprarmejor.es\/en\/#website"},"primaryImageOfPage":{"@id":"https:\/\/www.comprarmejor.es\/en\/product\/1992-spain-postage-stamps-miniature-sheet-national-heritage-codices\/#primaryimage"},"image":{"@id":"https:\/\/www.comprarmejor.es\/en\/product\/1992-spain-postage-stamps-miniature-sheet-national-heritage-codices\/#primaryimage"},"thumbnailUrl":"https:\/\/www.comprarmejor.es\/wp-content\/uploads\/2015\/11\/p_1_3_9_5_1395-1992-Sellos-de-Correos-Espana-Hoja-bloque-Patrimonio-Nacional-Codices.jpg","datePublished":"2015-11-24T23:27:32+00:00","dateModified":"2019-08-29T13:29:01+00:00","description":"Bella sheet (souvenir sheet) with 4 postage stamps of Spain 1992 Series \"National Heritage - codices\". Face value of each: 27 pesetas.","breadcrumb":{"@id":"https:\/\/www.comprarmejor.es\/en\/product\/1992-spain-postage-stamps-miniature-sheet-national-heritage-codices\/#breadcrumb"},"inLanguage":"en-US","potentialAction":[{"@type":"ReadAction","target":["https:\/\/www.comprarmejor.es\/en\/product\/1992-spain-postage-stamps-miniature-sheet-national-heritage-codices\/"]}]},{"@type":"ImageObject","inLanguage":"en-US","@id":"https:\/\/www.comprarmejor.es\/en\/product\/1992-spain-postage-stamps-miniature-sheet-national-heritage-codices\/#primaryimage","url":"https:\/\/www.comprarmejor.es\/wp-content\/uploads\/2015\/11\/p_1_3_9_5_1395-1992-Sellos-de-Correos-Espana-Hoja-bloque-Patrimonio-Nacional-Codices.jpg","contentUrl":"https:\/\/www.comprarmejor.es\/wp-content\/uploads\/2015\/11\/p_1_3_9_5_1395-1992-Sellos-de-Correos-Espana-Hoja-bloque-Patrimonio-Nacional-Codices.jpg","width":435,"height":600},{"@type":"BreadcrumbList","@id":"https:\/\/www.comprarmejor.es\/en\/product\/1992-spain-postage-stamps-miniature-sheet-national-heritage-codices\/#breadcrumb","itemListElement":[{"@type":"ListItem","position":1,"name":"Portada","item":"https:\/\/www.comprarmejor.es\/en\/"},{"@type":"ListItem","position":2,"name":"Shop","item":"https:\/\/www.comprarmejor.es\/en\/shop\/"},{"@type":"ListItem","position":3,"name":"1992 Spain Postage stamps Miniature Sheet National Heritage: Codices"}]},{"@type":"WebSite","@id":"https:\/\/www.comprarmejor.es\/en\/#website","url":"https:\/\/www.comprarmejor.es\/en\/","name":"ComprarMejor","description":"ComprarMejor","publisher":{"@id":"https:\/\/www.comprarmejor.es\/en\/#organization"},"potentialAction":[{"@type":"SearchAction","target":{"@type":"EntryPoint","urlTemplate":"https:\/\/www.comprarmejor.es\/en\/?s={search_term_string}"},"query-input":{"@type":"PropertyValueSpecification","valueRequired":true,"valueName":"search_term_string"}}],"inLanguage":"en-US"},{"@type":"Organization","@id":"https:\/\/www.comprarmejor.es\/en\/#organization","name":"COMPRAR MEJOR","url":"https:\/\/www.comprarmejor.es\/en\/","logo":{"@type":"ImageObject","inLanguage":"en-US","@id":"https:\/\/www.comprarmejor.es\/en\/#\/schema\/logo\/image\/","url":"https:\/\/www.comprarmejor.es\/wp-content\/uploads\/2025\/09\/comprarmejortrinidad.jpg","contentUrl":"https:\/\/www.comprarmejor.es\/wp-content\/uploads\/2025\/09\/comprarmejortrinidad.jpg","width":1022,"height":1380,"caption":"COMPRAR MEJOR"},"image":{"@id":"https:\/\/www.comprarmejor.es\/en\/#\/schema\/logo\/image\/"},"sameAs":["https:\/\/www.instagram.com\/amigosdelcodice"]}]}},"_links":{"self":[{"href":"https:\/\/www.comprarmejor.es\/en\/wp-json\/wp\/v2\/product\/49201","targetHints":{"allow":["GET"]}}],"collection":[{"href":"https:\/\/www.comprarmejor.es\/en\/wp-json\/wp\/v2\/product"}],"about":[{"href":"https:\/\/www.comprarmejor.es\/en\/wp-json\/wp\/v2\/types\/product"}],"wp:featuredmedia":[{"embeddable":true,"href":"https:\/\/www.comprarmejor.es\/en\/wp-json\/wp\/v2\/media\/49195"}],"wp:attachment":[{"href":"https:\/\/www.comprarmejor.es\/en\/wp-json\/wp\/v2\/media?parent=49201"}],"wp:term":[{"taxonomy":"product_brand","embeddable":true,"href":"https:\/\/www.comprarmejor.es\/en\/wp-json\/wp\/v2\/product_brand?post=49201"},{"taxonomy":"product_cat","embeddable":true,"href":"https:\/\/www.comprarmejor.es\/en\/wp-json\/wp\/v2\/product_cat?post=49201"},{"taxonomy":"product_tag","embeddable":true,"href":"https:\/\/www.comprarmejor.es\/en\/wp-json\/wp\/v2\/product_tag?post=49201"}],"curies":[{"name":"wp","href":"https:\/\/api.w.org\/{rel}","templated":true}]}}