{"id":49227,"date":"2015-11-25T18:29:50","date_gmt":"2015-11-25T17:29:50","guid":{"rendered":"https:\/\/www.comprarmejor.es\/producto\/calixtinus-codex-codex-salamanca-c-1325\/"},"modified":"2024-11-05T16:39:43","modified_gmt":"2024-11-05T15:39:43","slug":"calixtinus-codex-codex-salamanca-c-1325","status":"publish","type":"product","link":"https:\/\/www.comprarmejor.es\/en\/product\/calixtinus-codex-codex-salamanca-c-1325\/","title":{"rendered":"Calixtinus Codex, Codex Salamanca, c. 1325"},"content":{"rendered":"<p style=\"text-align: justify;\"><span id=\"result_box\" lang=\"en\" xml:lang=\"en\"><span title=\"Liber Sancti Jacobi, manuscrito iluminado del siglo XIV (circa 1325), escrito en lat\u00edn.\"><span lang=\"en\" xml:lang=\"en\">The original manuscript preserved in the University of Salamanca, Ms. 2631, Liber Sancti Iacobi, or also better known as Codex Calixtino, illuminated manuscript of the 14th century (circa 1325), written in Latin, is part of the &#8220;Memory of the World Register&#8221; from Unesco since 2017.<\/span><\/span><\/span><\/p>\n<p style=\"text-align: justify;\"><span title=\"El Libro del Camino de Santiago (Codex Calixtinus).\">The Book of the Way of Santiago (Codex Calixtinus). <\/span><span title=\"La primera y m\u00e1s c\u00e9lebre gu\u00eda de los peregrinos.\">The first and most famous guide pilgrims. <\/span><span title=\"De incomparable valor para la comprensi\u00f3n del espectacular auge de la peregrinaci\u00f3n a Santiago, que con los siglos no ha hecho sino crecer.\">Incomparable value for understanding the dramatic rise of the pilgrimage to Santiago, which through the centuries has only grown.<\/span><\/p>\n<p style=\"text-align: justify;\"><span title=\"En su totalidad, el c\u00f3dice es una compilaci\u00f3n variopinta de textos de copistas y poetas, m\u00fasicos, cuentistas y fabuladores, incluso de te\u00f3logos, redactados en la primera mitad del siglo XII, que viene precedida de una carta del Papa Calixto II, seguida de cinco\">As a whole, the codex is a motley collection of texts scribes and poets, musicians and storytellers Storytellers, including theologians, drafted in the first half of the twelfth century, which is preceded by a letter from Pope Calixto II, followed by five <\/span><span title=\"libros.\">books.<\/span><\/p>\n<p style=\"text-align: justify;\"><span title=\"Probablemente copiado en Espa\u00f1a, en Santiago de Compostela, el tradicionalmente conocido como Calixtinus de Salamanca es uno de los rar\u00edsimos ejemplares completos del Liber Sancti Jacobi, fuente de primer orden para un mejor conocimiento de los diversos caminos de peregrinaci\u00f3n, tanto espa\u00f1oles como franceses, que\">Probably copied in Spain, in Santiago de Compostela, the traditionally known as Calixtinus of Salamanca is one of the very rare complete copies of the Liber Sancti Jacobi, source of first order for a better understanding of the various pilgrimage routes, both Spanish and French, who <\/span><span title=\"va m\u00e1s all\u00e1 y compendia tradiciones e impulsa la devoci\u00f3n del Ap\u00f3stol Santiago.\">it goes beyond traditions and summarizes and promotes the devotion of St. James.<\/span><\/p>\n<p style=\"text-align: justify;\"><span title=\"El salmantino es un c\u00f3dice de gran riqueza como lo prueban no s\u00f3lo sus sugerentes im\u00e1genes, sino tambi\u00e9n las m\u00faltiples iniciales y capitales que presentan rasgueos y dibujos interiores de gran belleza.\">The Salamanca is a codex of wealth as evidenced not only its suggestive images, but also the multiple initial capital and have strums and interior drawings of great beauty. <\/span><span title=\"Esta preciosa recopilaci\u00f3n, cargada de enigmas y misterios, es una obra realmente singular que nos desvela gran n\u00famero de claves de la historia medieval.\">This beautiful collection, full of riddles and mysteries, is a truly unique work that reveals many keys to medieval history.<\/span><\/p>\n<p style=\"text-align: justify;\"><span title=\"Facs\u00edmile edici\u00f3n de gran lujo de 2011, limitada, numerada y autentificada notarialmente.\">Luxury facsimile edition 2011, limited, numbered and authenticated by a notary. <\/span><span title=\"246 p\u00e1ginas de 24,5 x 33,1 cm, en letra g\u00f3tica libraria.\">246 pages 24.5 x 33.1 cm, in libraria Gothic script. <\/span><span title=\"Encuadernaci\u00f3n artesanal en piel.\">Handcrafted leather <span class=\"HwtZe\" lang=\"en\"><span class=\"jCAhz ChMk0b\"><span class=\"ryNqvb\">binding.<\/span><\/span> <span class=\"jCAhz ChMk0b\"><span class=\"ryNqvb\">Accompanied by the corresponding study book<\/span><\/span><\/span>.<\/span><\/p>\n<p style=\"text-align: justify;\"><span title=\"Gastos de env\u00edo por cuenta del comprador, seg\u00fan pedido y destino.\"><span class=\"HwtZe\" lang=\"en\"><span class=\"jCAhz ChMk0b\"><span class=\"ryNqvb\">Free shipping costs for this item<\/span><\/span><\/span>. <\/span><span title=\"Cons\u00faltenos cualquier duda, as\u00ed como por cualquier otro facs\u00edmile que est\u00e9 buscando.\"><a class=\"btn btn-default\" href=\"https:\/\/www.comprarmejor.es\/en\/contact\">Ask us<\/a> <span class=\"HwtZe\" lang=\"en\"><span class=\"jCAhz ChMk0b\"><span class=\"ryNqvb\">any questions, indicating the item reference.<\/span><\/span><\/span><br \/>\n<\/span><\/p>\n","protected":false},"excerpt":{"rendered":"<p style=\"text-align: justify;\"><span id=\"result_box\" lang=\"en\" xml:lang=\"en\"><span title=\"Liber Sancti Jacobi, manuscrito iluminado del siglo XIV (circa 1325), escrito en lat\u00edn.\"><span lang=\"en\" xml:lang=\"en\">The original manuscript preserved in the University of Salamanca, Ms. 2631, Liber Sancti Iacobi, or also better known as Codex Calixtino, illuminated manuscript of the 14th century (circa 1325), is part of the &#8220;Memory of the World Register&#8221; from Unesco since 2017.<\/span><\/span><\/span><\/p>\n","protected":false},"featured_media":49213,"template":"","meta":[],"product_brand":[],"product_cat":[2250],"product_tag":[4205,4370,5119],"class_list":{"0":"post-49227","1":"product","2":"type-product","3":"status-publish","4":"has-post-thumbnail","6":"product_cat-other-facsimiles","7":"product_tag-calixtinus-en","8":"product_tag-salamanca-en","9":"product_tag-siloe-en","10":"description-off","12":"first","13":"instock","14":"sale","15":"taxable","16":"shipping-taxable","17":"purchasable","18":"product-type-simple"},"yoast_head":"<!-- This site is optimized with the Yoast SEO plugin v27.3 - https:\/\/yoast.com\/product\/yoast-seo-wordpress\/ -->\n<title>Calixtinus Codex, Codex Salamanca, c. 1325<\/title>\n<meta name=\"description\" content=\"The manuscript of the University of Salamanca, Ms. 2631, Liber Sancti Iacobi, or Codex Calixtino, is part of the &quot;Register of the Memory of\" \/>\n<meta name=\"robots\" content=\"index, follow, max-snippet:-1, max-image-preview:large, max-video-preview:-1\" \/>\n<link rel=\"canonical\" href=\"https:\/\/www.comprarmejor.es\/en\/product\/calixtinus-codex-codex-salamanca-c-1325\/\" \/>\n<meta property=\"og:locale\" content=\"en_US\" \/>\n<meta property=\"og:type\" content=\"article\" \/>\n<meta property=\"og:title\" content=\"Calixtinus Codex, Codex Salamanca, c. 1325\" \/>\n<meta property=\"og:description\" content=\"The manuscript of the University of Salamanca, Ms. 2631, Liber Sancti Iacobi, or Codex Calixtino, is part of the &quot;Register of the Memory of\" \/>\n<meta property=\"og:url\" content=\"https:\/\/www.comprarmejor.es\/en\/product\/calixtinus-codex-codex-salamanca-c-1325\/\" \/>\n<meta property=\"og:site_name\" content=\"ComprarMejor\" \/>\n<meta property=\"article:modified_time\" content=\"2024-11-05T15:39:43+00:00\" \/>\n<meta property=\"og:image\" content=\"https:\/\/www.comprarmejor.es\/wp-content\/uploads\/2015\/11\/p_1_4_0_2_1402-Codex-Calixtinus-codice-de-Salamanca-c.-1325.jpg\" \/>\n\t<meta property=\"og:image:width\" content=\"600\" \/>\n\t<meta property=\"og:image:height\" content=\"600\" \/>\n\t<meta property=\"og:image:type\" content=\"image\/jpeg\" \/>\n<meta name=\"twitter:card\" content=\"summary_large_image\" \/>\n<meta name=\"twitter:label1\" content=\"Est. reading time\" \/>\n\t<meta name=\"twitter:data1\" content=\"2 minutes\" \/>\n<script type=\"application\/ld+json\" class=\"yoast-schema-graph\">{\"@context\":\"https:\\\/\\\/schema.org\",\"@graph\":[{\"@type\":\"WebPage\",\"@id\":\"https:\\\/\\\/www.comprarmejor.es\\\/en\\\/product\\\/calixtinus-codex-codex-salamanca-c-1325\\\/\",\"url\":\"https:\\\/\\\/www.comprarmejor.es\\\/en\\\/product\\\/calixtinus-codex-codex-salamanca-c-1325\\\/\",\"name\":\"Calixtinus Codex, Codex Salamanca, c. 1325\",\"isPartOf\":{\"@id\":\"https:\\\/\\\/www.comprarmejor.es\\\/en\\\/#website\"},\"primaryImageOfPage\":{\"@id\":\"https:\\\/\\\/www.comprarmejor.es\\\/en\\\/product\\\/calixtinus-codex-codex-salamanca-c-1325\\\/#primaryimage\"},\"image\":{\"@id\":\"https:\\\/\\\/www.comprarmejor.es\\\/en\\\/product\\\/calixtinus-codex-codex-salamanca-c-1325\\\/#primaryimage\"},\"thumbnailUrl\":\"https:\\\/\\\/www.comprarmejor.es\\\/wp-content\\\/uploads\\\/2015\\\/11\\\/p_1_4_0_2_1402-Codex-Calixtinus-codice-de-Salamanca-c.-1325.jpg\",\"datePublished\":\"2015-11-25T17:29:50+00:00\",\"dateModified\":\"2024-11-05T15:39:43+00:00\",\"description\":\"The manuscript of the University of Salamanca, Ms. 2631, Liber Sancti Iacobi, or Codex Calixtino, is part of the \\\"Register of the Memory of\",\"breadcrumb\":{\"@id\":\"https:\\\/\\\/www.comprarmejor.es\\\/en\\\/product\\\/calixtinus-codex-codex-salamanca-c-1325\\\/#breadcrumb\"},\"inLanguage\":\"en-US\",\"potentialAction\":[{\"@type\":\"ReadAction\",\"target\":[\"https:\\\/\\\/www.comprarmejor.es\\\/en\\\/product\\\/calixtinus-codex-codex-salamanca-c-1325\\\/\"]}]},{\"@type\":\"ImageObject\",\"inLanguage\":\"en-US\",\"@id\":\"https:\\\/\\\/www.comprarmejor.es\\\/en\\\/product\\\/calixtinus-codex-codex-salamanca-c-1325\\\/#primaryimage\",\"url\":\"https:\\\/\\\/www.comprarmejor.es\\\/wp-content\\\/uploads\\\/2015\\\/11\\\/p_1_4_0_2_1402-Codex-Calixtinus-codice-de-Salamanca-c.-1325.jpg\",\"contentUrl\":\"https:\\\/\\\/www.comprarmejor.es\\\/wp-content\\\/uploads\\\/2015\\\/11\\\/p_1_4_0_2_1402-Codex-Calixtinus-codice-de-Salamanca-c.-1325.jpg\",\"width\":600,\"height\":600},{\"@type\":\"BreadcrumbList\",\"@id\":\"https:\\\/\\\/www.comprarmejor.es\\\/en\\\/product\\\/calixtinus-codex-codex-salamanca-c-1325\\\/#breadcrumb\",\"itemListElement\":[{\"@type\":\"ListItem\",\"position\":1,\"name\":\"Portada\",\"item\":\"https:\\\/\\\/www.comprarmejor.es\\\/en\\\/\"},{\"@type\":\"ListItem\",\"position\":2,\"name\":\"Shop\",\"item\":\"https:\\\/\\\/www.comprarmejor.es\\\/en\\\/shop\\\/\"},{\"@type\":\"ListItem\",\"position\":3,\"name\":\"Calixtinus Codex, Codex Salamanca, c. 1325\"}]},{\"@type\":\"WebSite\",\"@id\":\"https:\\\/\\\/www.comprarmejor.es\\\/en\\\/#website\",\"url\":\"https:\\\/\\\/www.comprarmejor.es\\\/en\\\/\",\"name\":\"ComprarMejor\",\"description\":\"ComprarMejor\",\"publisher\":{\"@id\":\"https:\\\/\\\/www.comprarmejor.es\\\/en\\\/#organization\"},\"potentialAction\":[{\"@type\":\"SearchAction\",\"target\":{\"@type\":\"EntryPoint\",\"urlTemplate\":\"https:\\\/\\\/www.comprarmejor.es\\\/en\\\/?s={search_term_string}\"},\"query-input\":{\"@type\":\"PropertyValueSpecification\",\"valueRequired\":true,\"valueName\":\"search_term_string\"}}],\"inLanguage\":\"en-US\"},{\"@type\":\"Organization\",\"@id\":\"https:\\\/\\\/www.comprarmejor.es\\\/en\\\/#organization\",\"name\":\"COMPRAR MEJOR\",\"url\":\"https:\\\/\\\/www.comprarmejor.es\\\/en\\\/\",\"logo\":{\"@type\":\"ImageObject\",\"inLanguage\":\"en-US\",\"@id\":\"https:\\\/\\\/www.comprarmejor.es\\\/en\\\/#\\\/schema\\\/logo\\\/image\\\/\",\"url\":\"https:\\\/\\\/www.comprarmejor.es\\\/wp-content\\\/uploads\\\/2025\\\/09\\\/comprarmejortrinidad.jpg\",\"contentUrl\":\"https:\\\/\\\/www.comprarmejor.es\\\/wp-content\\\/uploads\\\/2025\\\/09\\\/comprarmejortrinidad.jpg\",\"width\":1022,\"height\":1380,\"caption\":\"COMPRAR MEJOR\"},\"image\":{\"@id\":\"https:\\\/\\\/www.comprarmejor.es\\\/en\\\/#\\\/schema\\\/logo\\\/image\\\/\"},\"sameAs\":[\"https:\\\/\\\/www.instagram.com\\\/amigosdelcodice\"]}]}<\/script>\n<!-- \/ Yoast SEO plugin. -->","yoast_head_json":{"title":"Calixtinus Codex, Codex Salamanca, c. 1325","description":"The manuscript of the University of Salamanca, Ms. 2631, Liber Sancti Iacobi, or Codex Calixtino, is part of the \"Register of the Memory of","robots":{"index":"index","follow":"follow","max-snippet":"max-snippet:-1","max-image-preview":"max-image-preview:large","max-video-preview":"max-video-preview:-1"},"canonical":"https:\/\/www.comprarmejor.es\/en\/product\/calixtinus-codex-codex-salamanca-c-1325\/","og_locale":"en_US","og_type":"article","og_title":"Calixtinus Codex, Codex Salamanca, c. 1325","og_description":"The manuscript of the University of Salamanca, Ms. 2631, Liber Sancti Iacobi, or Codex Calixtino, is part of the \"Register of the Memory of","og_url":"https:\/\/www.comprarmejor.es\/en\/product\/calixtinus-codex-codex-salamanca-c-1325\/","og_site_name":"ComprarMejor","article_modified_time":"2024-11-05T15:39:43+00:00","og_image":[{"width":600,"height":600,"url":"https:\/\/www.comprarmejor.es\/wp-content\/uploads\/2015\/11\/p_1_4_0_2_1402-Codex-Calixtinus-codice-de-Salamanca-c.-1325.jpg","type":"image\/jpeg"}],"twitter_card":"summary_large_image","twitter_misc":{"Est. reading time":"2 minutes"},"schema":{"@context":"https:\/\/schema.org","@graph":[{"@type":"WebPage","@id":"https:\/\/www.comprarmejor.es\/en\/product\/calixtinus-codex-codex-salamanca-c-1325\/","url":"https:\/\/www.comprarmejor.es\/en\/product\/calixtinus-codex-codex-salamanca-c-1325\/","name":"Calixtinus Codex, Codex Salamanca, c. 1325","isPartOf":{"@id":"https:\/\/www.comprarmejor.es\/en\/#website"},"primaryImageOfPage":{"@id":"https:\/\/www.comprarmejor.es\/en\/product\/calixtinus-codex-codex-salamanca-c-1325\/#primaryimage"},"image":{"@id":"https:\/\/www.comprarmejor.es\/en\/product\/calixtinus-codex-codex-salamanca-c-1325\/#primaryimage"},"thumbnailUrl":"https:\/\/www.comprarmejor.es\/wp-content\/uploads\/2015\/11\/p_1_4_0_2_1402-Codex-Calixtinus-codice-de-Salamanca-c.-1325.jpg","datePublished":"2015-11-25T17:29:50+00:00","dateModified":"2024-11-05T15:39:43+00:00","description":"The manuscript of the University of Salamanca, Ms. 2631, Liber Sancti Iacobi, or Codex Calixtino, is part of the \"Register of the Memory of","breadcrumb":{"@id":"https:\/\/www.comprarmejor.es\/en\/product\/calixtinus-codex-codex-salamanca-c-1325\/#breadcrumb"},"inLanguage":"en-US","potentialAction":[{"@type":"ReadAction","target":["https:\/\/www.comprarmejor.es\/en\/product\/calixtinus-codex-codex-salamanca-c-1325\/"]}]},{"@type":"ImageObject","inLanguage":"en-US","@id":"https:\/\/www.comprarmejor.es\/en\/product\/calixtinus-codex-codex-salamanca-c-1325\/#primaryimage","url":"https:\/\/www.comprarmejor.es\/wp-content\/uploads\/2015\/11\/p_1_4_0_2_1402-Codex-Calixtinus-codice-de-Salamanca-c.-1325.jpg","contentUrl":"https:\/\/www.comprarmejor.es\/wp-content\/uploads\/2015\/11\/p_1_4_0_2_1402-Codex-Calixtinus-codice-de-Salamanca-c.-1325.jpg","width":600,"height":600},{"@type":"BreadcrumbList","@id":"https:\/\/www.comprarmejor.es\/en\/product\/calixtinus-codex-codex-salamanca-c-1325\/#breadcrumb","itemListElement":[{"@type":"ListItem","position":1,"name":"Portada","item":"https:\/\/www.comprarmejor.es\/en\/"},{"@type":"ListItem","position":2,"name":"Shop","item":"https:\/\/www.comprarmejor.es\/en\/shop\/"},{"@type":"ListItem","position":3,"name":"Calixtinus Codex, Codex Salamanca, c. 1325"}]},{"@type":"WebSite","@id":"https:\/\/www.comprarmejor.es\/en\/#website","url":"https:\/\/www.comprarmejor.es\/en\/","name":"ComprarMejor","description":"ComprarMejor","publisher":{"@id":"https:\/\/www.comprarmejor.es\/en\/#organization"},"potentialAction":[{"@type":"SearchAction","target":{"@type":"EntryPoint","urlTemplate":"https:\/\/www.comprarmejor.es\/en\/?s={search_term_string}"},"query-input":{"@type":"PropertyValueSpecification","valueRequired":true,"valueName":"search_term_string"}}],"inLanguage":"en-US"},{"@type":"Organization","@id":"https:\/\/www.comprarmejor.es\/en\/#organization","name":"COMPRAR MEJOR","url":"https:\/\/www.comprarmejor.es\/en\/","logo":{"@type":"ImageObject","inLanguage":"en-US","@id":"https:\/\/www.comprarmejor.es\/en\/#\/schema\/logo\/image\/","url":"https:\/\/www.comprarmejor.es\/wp-content\/uploads\/2025\/09\/comprarmejortrinidad.jpg","contentUrl":"https:\/\/www.comprarmejor.es\/wp-content\/uploads\/2025\/09\/comprarmejortrinidad.jpg","width":1022,"height":1380,"caption":"COMPRAR MEJOR"},"image":{"@id":"https:\/\/www.comprarmejor.es\/en\/#\/schema\/logo\/image\/"},"sameAs":["https:\/\/www.instagram.com\/amigosdelcodice"]}]}},"_links":{"self":[{"href":"https:\/\/www.comprarmejor.es\/en\/wp-json\/wp\/v2\/product\/49227","targetHints":{"allow":["GET"]}}],"collection":[{"href":"https:\/\/www.comprarmejor.es\/en\/wp-json\/wp\/v2\/product"}],"about":[{"href":"https:\/\/www.comprarmejor.es\/en\/wp-json\/wp\/v2\/types\/product"}],"wp:featuredmedia":[{"embeddable":true,"href":"https:\/\/www.comprarmejor.es\/en\/wp-json\/wp\/v2\/media\/49213"}],"wp:attachment":[{"href":"https:\/\/www.comprarmejor.es\/en\/wp-json\/wp\/v2\/media?parent=49227"}],"wp:term":[{"taxonomy":"product_brand","embeddable":true,"href":"https:\/\/www.comprarmejor.es\/en\/wp-json\/wp\/v2\/product_brand?post=49227"},{"taxonomy":"product_cat","embeddable":true,"href":"https:\/\/www.comprarmejor.es\/en\/wp-json\/wp\/v2\/product_cat?post=49227"},{"taxonomy":"product_tag","embeddable":true,"href":"https:\/\/www.comprarmejor.es\/en\/wp-json\/wp\/v2\/product_tag?post=49227"}],"curies":[{"name":"wp","href":"https:\/\/api.w.org\/{rel}","templated":true}]}}