{"id":49251,"date":"2015-11-25T18:54:20","date_gmt":"2015-11-25T17:54:20","guid":{"rendered":"https:\/\/www.comprarmejor.es\/producto\/boccaccio-s-decameron-c-1445-french\/"},"modified":"2019-08-27T17:19:11","modified_gmt":"2019-08-27T15:19:11","slug":"boccaccio-s-decameron-c-1445-french","status":"publish","type":"product","link":"https:\/\/www.comprarmejor.es\/en\/product\/boccaccio-s-decameron-c-1445-french\/","title":{"rendered":"Boccaccio&#8217;s Decameron, c. 1445, French (5*)"},"content":{"rendered":"<p style=\"text-align: justify;\"><span id=\"result_box\" lang=\"en\" xml:lang=\"en\"><span title=\"Primera edici\u00f3n mundial del Decamer\u00f3n en facs\u00edmile en coedici\u00f3n con la Biblioteca Nacional de Francia.\">World Decameron facsimile edition published jointly with the National Library of France. <\/span><span title=\"Edici\u00f3n facs\u00edmile limitada \u00fanicamente a 390 unidades con certificado notarial.\">Limited to only 390 units with notarial certificate facsimile edition. <\/span><span title=\"Una maravillosa obra que no debe faltar en toda Biblioteca.\">A wonderful work that should be present in any library. <\/span><span title=\"\u00a1Un 5 estrellas en toda gran Biblioteca!\">A 5 star in every great library!<\/span><\/span><\/p>\n<p style=\"text-align: justify;\"><span title=\"El manuscrito parisino del Decamer\u00f3n de Boccaccio logr\u00f3 superar hasta tal punto el g\u00e9nero de las &quot;colecciones de cuentos&quot; que le hab\u00edan precedido, tanto en Europa como en la tradici\u00f3n oriental, que por muchos modelos que comparemos nada explica suficientemente la impresionante modernidad y frescura que\">The Paris manuscript of Boccaccio&#8217;s Decameron overcame so much the genre of &#8220;collections of stories&#8221; that had preceded it both in Europe and in the Eastern tradition, which for many models that compare anything sufficiently explains the impressive modernity and freshness <\/span><span title=\"el manuscrito aporta y el enorme placer que produce contemplar sus extraordinarias miniaturas.\">It brings the manuscript and the great pleasure produced by contemplating its extraordinary miniatures. <\/span><span title=\"Sin lugar a dudas se trata de un aut\u00e9ntico tesoro renacentista.\">Undoubtedly this is a true Renaissance treasure.<\/span><\/p>\n<p style=\"text-align: justify;\"><span title=\"En el siglo XVII perteneci\u00f3 a la biblioteca del Marqu\u00e9s de Paulmy, fundador de la biblioteca del Arsenal de Par\u00eds, donde actualmente se conserva.\">In the seventeenth century it belonged to the library of Marquis de Paulmy, founder of the library of the Arsenal in Paris, where he currently remains. <\/span><span title=\"El Marqu\u00e9s de Paulmy lo recibi\u00f3 en forma de legado de su t\u00edo, el conde de Argenson.\">The Marquis de Paulmy received as a legacy of his uncle, Count of Argenson. <\/span><span title=\"\u00c9ste, que fue Ministro de la Guerra de Louis XV y bibli\u00f3filo apasionado, en 1748, durante la guerra de sucesi\u00f3n de Austria, visit\u00f3 la Biblioteca de Bourgogne en Bruselas, y se trajo a Par\u00eds un determinado n\u00famero de prestigiosos manuscritos, entre ellos este extraordinario\">He, who he was Minister of War of Louis XV and passionate bibliophile, in 1748, during the war of succession of Austria, visited the Bourgogne Library in Brussels and brought to Paris a number of prestigious manuscripts, including this extraordinary <\/span><span title=\"Decamer\u00f3n, que mand\u00f3 encuadernar en tafilete de color aceituna y escudo de armas, encuadernaci\u00f3n que se conserva en la actualidad.\">Decameron, who commanded bound in morocco olive color and coat of arms, binding that remains today.<\/span><\/p>\n<p style=\"text-align: justify;\"><span title=\"El Ms. 5070 de la Biblioteca del Arsenal de Par\u00eds es, sin duda, el manuscrito m\u00e1s importante del Decamer\u00f3n de Boccaccio de cuantos se conservan.\">Ms. 5070 The Arsenal Library in Paris is undoubtedly the most important of the Decameron of Boccaccio few preserved manuscript. <\/span><span title=\"No contiene la versi\u00f3n italiana del texto pero s\u00ed su primera traducci\u00f3n al franc\u00e9s, realizada en torno a 1414 por el gran humanista franc\u00e9s Laurent de Premierfait.\">It contains the Italian version of the text but its first French translation, made around 1414 by the great French humanist Laurent de Premierfait. <\/span><span title=\"El manuscrito est\u00e1 perfectamente documentado.\">The manuscript is well documented. <\/span><span title=\"Fue copiado hacia 1445-1450 por el copista Guillebert de Mets, en Gramont, Flandes Oriental para el Duque de Borgo\u00f1a Philippe le Bon, gran coleccionista y bibli\u00f3filo.\">It was copied around 1445-1450 by the copyist Guillebert Mets, in Gramont, East Flanders for the Duke of Burgundy Philippe le Bon, a great collector and bibliophile. <\/span><span title=\"De los dos artistas que ilustraron el manuscrito, sabemos que el primero era de origen flamenco, que ejerc\u00eda en Tourani y en Lille durante la d\u00e9cada 1430 a 1440, especializado en libros de horas.\">Of the two artists who illustrated the manuscript, we know that the first was of Flemish origin, who exercised in Tourani and Lille during the decade 1430-1440, specializing in books of hours. <\/span><span title=\"Su fino estilo est\u00e1 marcado de italianismo.\">Its fine Italianate style is marked. <\/span><span title=\"El segundo de los artistas, llamado Jean Mansel, destacable por la delicadeza de sus colores, al parecer, podr\u00eda haber trabajado en Amiens.\">The second of the artists named Jean Mansel, remarkable for the delicacy of its colors, it seems, he might have worked in Amiens.<\/span><\/p>\n<p style=\"text-align: justify;\"><span title=\"La peste negra, el cisma de Occidente, las rivalidades entre se\u00f1ores feudales, las cruzadas, la naciente burgues\u00eda urbana, constituyen un exuberante tapiz donde se entretejen sermones moralistas y costumbres desenfadadas... En este contexto aparece, seg\u00fan Vittorre Branca, la obra m\u00e1s\">The black plague, the Great Schism, the rivalries between feudal lords, the crusades, the rising urban bourgeoisie, constitute a lush tapestry where moralistic sermons and carefree customs are interwoven &#8230; In this context appears as Vittorre Branca, work more <\/span><span title=\"importante de la literatura universal y que m\u00e1s ha influido hasta nuestros d\u00edas: El Decamer\u00f3n de Boccacio.\">important in world literature and that more has influenced to this day: The Decameron of Boccaccio.<\/span><\/p>\n<p style=\"text-align: justify;\"><span title=\"Informaci\u00f3n t\u00e9cnica: La edici\u00f3n se compone de un bell\u00edsimo y monumental volumen reproducci\u00f3n en facs\u00edmile del manuscrito original con textos en franc\u00e9s antiguo, cuyo original se conserva en la Biblioteca del Arsenal de Par\u00eds.\">Technical information: The edition consists of a beautiful and monumental volume facsimile reproduction of the original manuscript with texts in Old French, original of which is preserved in the Library of the Arsenal in Paris. <\/span><span title=\"Medidas 31 x 42,5 x 13 cm y 402 folios, con m\u00e1s de 100 extraordinarias miniaturas;\">Measures 31 x 42.5 x 13 cm and 402 pages, with over 100 extraordinary miniatures; <\/span><span title=\"m\u00e1s un volumen de estudio biling\u00fce espa\u00f1ol-ingl\u00e9s conteniendo: la historia del manuscrito, estudio codicol\u00f3gico, estudio de la miniatura, introducci\u00f3n en el texto y traducci\u00f3n.\">plus one volume of Spanish-English bilingual study containing: the history of the manuscript, codicological study, study of the miniature, introduction to the text and translation. <\/span><span title=\"Autores: Danielle Muzerelle, conservadora del manuscrito;\">Authors: Danielle Muzerelle, curator of the manuscript; <\/span><span title=\"y Marie-H\u00e9l\u00e8ne Tesni\u00e9re, especialista en la miniatura del Decamer\u00f3n, habiendo realizado innumerables trabajos sobre el manuscrito.\">and Marie-H\u00e9l\u00e8ne Tesniere, specialist in the Decameron miniature, having made countless work on the manuscript. <\/span><span title=\"Formato del libro estudio 24,5 x 33 cm, 328 p\u00e1ginas.\">Study book format 24.5 x 33 cm, 328 pages.<\/span><\/p>\n<p style=\"text-align: justify;\"><span title=\"El facs\u00edmile se encuaderna en piel sobre tabla, color casta\u00f1o envejecido, ofreciendo la sensaci\u00f3n poco frecuente de poseer el c\u00f3dice antiguo, ya que no se ofrece una piel como nueva sino como vieja.\">The facsimile is bound in leather on wood, brown aged, offering the rare feeling of owning the ancient codex, because skin like new but as old is offered. <\/span><span title=\"El facs\u00edmile se presenta en una caja-estuche de terciopelo fino rojo de delicado trato, ya que el editor no se esforz\u00f3 mucho en ella.\">The facsimile is presented in a box-case fine red velvet delicate treatment as the publisher worked hard on it.<\/span><\/p>\n<p style=\"text-align: justify;\"><span title=\"Para los bibli\u00f3filos que han podido disfrutar de esta gran edici\u00f3n facsimilar, es una soberbia y espectacular obra de m\u00e1s de 10 kg que no puede faltar en ninguna biblioteca o coleccionista.\">For bibliophiles who have been enjoying this great facsimile edition, it is a superb and spectacular work of more than 10 kg who can not be missing in any library or collector.<\/span><\/p>\n<p style=\"text-align: justify;\"><span title=\"Gastos de env\u00edo por cuenta del comprador, seg\u00fan pedido y destino.\">Shipping by the buyer, upon request and destination.\u00a0<\/span><span title=\"Cons\u00faltenos cualquier duda, as\u00ed como por cualquier otro facs\u00edmile que est\u00e9 buscando.\"><a class=\"btn btn-default\" href=\"http:\/\/comprarmejor.es\/en\/contact\">Ask us<\/a> any questions and any other fax you are looking for.<\/span><\/p>\n","protected":false},"excerpt":{"rendered":"<p style=\"text-align: justify;\"><span id=\"result_box\" lang=\"en\" xml:lang=\"en\"><span title=\"\u00a1Un 5 estrellas en toda gran Biblioteca!\"><span lang=\"en\" xml:lang=\"en\">This facsimile is part of the <strong>Spectacular Library<\/strong>.<br \/>\nFirst world edition of the Decameron in facsimile in co-edition with the National Library of France. Facsimile edition limited to only 390 units with notarial certificate. A wonderful work that should not be missing in the entire Library.<\/span><\/span><\/span><\/p>\n","protected":false},"featured_media":49229,"template":"","meta":[],"product_brand":[],"product_cat":[2250,2200],"product_tag":[3975,4247,3985],"class_list":{"0":"post-49251","1":"product","2":"type-product","3":"status-publish","4":"has-post-thumbnail","6":"product_cat-other-facsimiles","7":"product_cat-spectacular-library","8":"product_tag-bnf-en","9":"product_tag-boccaccio-en","10":"product_tag-scriptorium-en","11":"product_shipping_class-from-6-to-10-kg","12":"description-off","14":"first","15":"instock","16":"sale","17":"featured","18":"taxable","19":"shipping-taxable","20":"purchasable","21":"product-type-simple"},"yoast_head":"<!-- This site is optimized with the Yoast SEO plugin v27.3 - https:\/\/yoast.com\/product\/yoast-seo-wordpress\/ -->\n<title>The Decameron of Boccaccio, c. 1445, French, original in NLF (5 *)<\/title>\n<meta name=\"description\" content=\"Ms. 5070 The Arsenal Library in Paris is undoubtedly the most important of the Decameron of Boccaccio few preserved manuscript.\" \/>\n<meta name=\"robots\" content=\"index, follow, max-snippet:-1, max-image-preview:large, max-video-preview:-1\" \/>\n<link rel=\"canonical\" href=\"https:\/\/www.comprarmejor.es\/en\/product\/boccaccio-s-decameron-c-1445-french\/\" \/>\n<meta property=\"og:locale\" content=\"en_US\" \/>\n<meta property=\"og:type\" content=\"article\" \/>\n<meta property=\"og:title\" content=\"The Decameron of Boccaccio, c. 1445, French, original in NLF (5 *)\" \/>\n<meta property=\"og:description\" content=\"Ms. 5070 The Arsenal Library in Paris is undoubtedly the most important of the Decameron of Boccaccio few preserved manuscript.\" \/>\n<meta property=\"og:url\" content=\"https:\/\/www.comprarmejor.es\/en\/product\/boccaccio-s-decameron-c-1445-french\/\" \/>\n<meta property=\"og:site_name\" content=\"ComprarMejor\" \/>\n<meta property=\"article:modified_time\" content=\"2019-08-27T15:19:11+00:00\" \/>\n<meta property=\"og:image\" content=\"https:\/\/www.comprarmejor.es\/wp-content\/uploads\/2015\/11\/p_1_4_0_9_1409-El-Decameron-de-Boccaccio-c.-1445-frances.jpg\" \/>\n\t<meta property=\"og:image:width\" content=\"600\" \/>\n\t<meta property=\"og:image:height\" content=\"600\" \/>\n\t<meta property=\"og:image:type\" content=\"image\/jpeg\" \/>\n<meta name=\"twitter:card\" content=\"summary_large_image\" \/>\n<meta name=\"twitter:label1\" content=\"Est. reading time\" \/>\n\t<meta name=\"twitter:data1\" content=\"3 minutes\" \/>\n<script type=\"application\/ld+json\" class=\"yoast-schema-graph\">{\"@context\":\"https:\\\/\\\/schema.org\",\"@graph\":[{\"@type\":\"WebPage\",\"@id\":\"https:\\\/\\\/www.comprarmejor.es\\\/en\\\/product\\\/boccaccio-s-decameron-c-1445-french\\\/\",\"url\":\"https:\\\/\\\/www.comprarmejor.es\\\/en\\\/product\\\/boccaccio-s-decameron-c-1445-french\\\/\",\"name\":\"The Decameron of Boccaccio, c. 1445, French, original in NLF (5 *)\",\"isPartOf\":{\"@id\":\"https:\\\/\\\/www.comprarmejor.es\\\/en\\\/#website\"},\"primaryImageOfPage\":{\"@id\":\"https:\\\/\\\/www.comprarmejor.es\\\/en\\\/product\\\/boccaccio-s-decameron-c-1445-french\\\/#primaryimage\"},\"image\":{\"@id\":\"https:\\\/\\\/www.comprarmejor.es\\\/en\\\/product\\\/boccaccio-s-decameron-c-1445-french\\\/#primaryimage\"},\"thumbnailUrl\":\"https:\\\/\\\/www.comprarmejor.es\\\/wp-content\\\/uploads\\\/2015\\\/11\\\/p_1_4_0_9_1409-El-Decameron-de-Boccaccio-c.-1445-frances.jpg\",\"datePublished\":\"2015-11-25T17:54:20+00:00\",\"dateModified\":\"2019-08-27T15:19:11+00:00\",\"description\":\"Ms. 5070 The Arsenal Library in Paris is undoubtedly the most important of the Decameron of Boccaccio few preserved manuscript.\",\"breadcrumb\":{\"@id\":\"https:\\\/\\\/www.comprarmejor.es\\\/en\\\/product\\\/boccaccio-s-decameron-c-1445-french\\\/#breadcrumb\"},\"inLanguage\":\"en-US\",\"potentialAction\":[{\"@type\":\"ReadAction\",\"target\":[\"https:\\\/\\\/www.comprarmejor.es\\\/en\\\/product\\\/boccaccio-s-decameron-c-1445-french\\\/\"]}]},{\"@type\":\"ImageObject\",\"inLanguage\":\"en-US\",\"@id\":\"https:\\\/\\\/www.comprarmejor.es\\\/en\\\/product\\\/boccaccio-s-decameron-c-1445-french\\\/#primaryimage\",\"url\":\"https:\\\/\\\/www.comprarmejor.es\\\/wp-content\\\/uploads\\\/2015\\\/11\\\/p_1_4_0_9_1409-El-Decameron-de-Boccaccio-c.-1445-frances.jpg\",\"contentUrl\":\"https:\\\/\\\/www.comprarmejor.es\\\/wp-content\\\/uploads\\\/2015\\\/11\\\/p_1_4_0_9_1409-El-Decameron-de-Boccaccio-c.-1445-frances.jpg\",\"width\":600,\"height\":600},{\"@type\":\"BreadcrumbList\",\"@id\":\"https:\\\/\\\/www.comprarmejor.es\\\/en\\\/product\\\/boccaccio-s-decameron-c-1445-french\\\/#breadcrumb\",\"itemListElement\":[{\"@type\":\"ListItem\",\"position\":1,\"name\":\"Portada\",\"item\":\"https:\\\/\\\/www.comprarmejor.es\\\/en\\\/\"},{\"@type\":\"ListItem\",\"position\":2,\"name\":\"Shop\",\"item\":\"https:\\\/\\\/www.comprarmejor.es\\\/en\\\/shop\\\/\"},{\"@type\":\"ListItem\",\"position\":3,\"name\":\"Boccaccio&#8217;s Decameron, c. 1445, French (5*)\"}]},{\"@type\":\"WebSite\",\"@id\":\"https:\\\/\\\/www.comprarmejor.es\\\/en\\\/#website\",\"url\":\"https:\\\/\\\/www.comprarmejor.es\\\/en\\\/\",\"name\":\"ComprarMejor\",\"description\":\"ComprarMejor\",\"publisher\":{\"@id\":\"https:\\\/\\\/www.comprarmejor.es\\\/en\\\/#organization\"},\"potentialAction\":[{\"@type\":\"SearchAction\",\"target\":{\"@type\":\"EntryPoint\",\"urlTemplate\":\"https:\\\/\\\/www.comprarmejor.es\\\/en\\\/?s={search_term_string}\"},\"query-input\":{\"@type\":\"PropertyValueSpecification\",\"valueRequired\":true,\"valueName\":\"search_term_string\"}}],\"inLanguage\":\"en-US\"},{\"@type\":\"Organization\",\"@id\":\"https:\\\/\\\/www.comprarmejor.es\\\/en\\\/#organization\",\"name\":\"COMPRAR MEJOR\",\"url\":\"https:\\\/\\\/www.comprarmejor.es\\\/en\\\/\",\"logo\":{\"@type\":\"ImageObject\",\"inLanguage\":\"en-US\",\"@id\":\"https:\\\/\\\/www.comprarmejor.es\\\/en\\\/#\\\/schema\\\/logo\\\/image\\\/\",\"url\":\"https:\\\/\\\/www.comprarmejor.es\\\/wp-content\\\/uploads\\\/2025\\\/09\\\/comprarmejortrinidad.jpg\",\"contentUrl\":\"https:\\\/\\\/www.comprarmejor.es\\\/wp-content\\\/uploads\\\/2025\\\/09\\\/comprarmejortrinidad.jpg\",\"width\":1022,\"height\":1380,\"caption\":\"COMPRAR MEJOR\"},\"image\":{\"@id\":\"https:\\\/\\\/www.comprarmejor.es\\\/en\\\/#\\\/schema\\\/logo\\\/image\\\/\"},\"sameAs\":[\"https:\\\/\\\/www.instagram.com\\\/amigosdelcodice\"]}]}<\/script>\n<!-- \/ Yoast SEO plugin. -->","yoast_head_json":{"title":"The Decameron of Boccaccio, c. 1445, French, original in NLF (5 *)","description":"Ms. 5070 The Arsenal Library in Paris is undoubtedly the most important of the Decameron of Boccaccio few preserved manuscript.","robots":{"index":"index","follow":"follow","max-snippet":"max-snippet:-1","max-image-preview":"max-image-preview:large","max-video-preview":"max-video-preview:-1"},"canonical":"https:\/\/www.comprarmejor.es\/en\/product\/boccaccio-s-decameron-c-1445-french\/","og_locale":"en_US","og_type":"article","og_title":"The Decameron of Boccaccio, c. 1445, French, original in NLF (5 *)","og_description":"Ms. 5070 The Arsenal Library in Paris is undoubtedly the most important of the Decameron of Boccaccio few preserved manuscript.","og_url":"https:\/\/www.comprarmejor.es\/en\/product\/boccaccio-s-decameron-c-1445-french\/","og_site_name":"ComprarMejor","article_modified_time":"2019-08-27T15:19:11+00:00","og_image":[{"width":600,"height":600,"url":"https:\/\/www.comprarmejor.es\/wp-content\/uploads\/2015\/11\/p_1_4_0_9_1409-El-Decameron-de-Boccaccio-c.-1445-frances.jpg","type":"image\/jpeg"}],"twitter_card":"summary_large_image","twitter_misc":{"Est. reading time":"3 minutes"},"schema":{"@context":"https:\/\/schema.org","@graph":[{"@type":"WebPage","@id":"https:\/\/www.comprarmejor.es\/en\/product\/boccaccio-s-decameron-c-1445-french\/","url":"https:\/\/www.comprarmejor.es\/en\/product\/boccaccio-s-decameron-c-1445-french\/","name":"The Decameron of Boccaccio, c. 1445, French, original in NLF (5 *)","isPartOf":{"@id":"https:\/\/www.comprarmejor.es\/en\/#website"},"primaryImageOfPage":{"@id":"https:\/\/www.comprarmejor.es\/en\/product\/boccaccio-s-decameron-c-1445-french\/#primaryimage"},"image":{"@id":"https:\/\/www.comprarmejor.es\/en\/product\/boccaccio-s-decameron-c-1445-french\/#primaryimage"},"thumbnailUrl":"https:\/\/www.comprarmejor.es\/wp-content\/uploads\/2015\/11\/p_1_4_0_9_1409-El-Decameron-de-Boccaccio-c.-1445-frances.jpg","datePublished":"2015-11-25T17:54:20+00:00","dateModified":"2019-08-27T15:19:11+00:00","description":"Ms. 5070 The Arsenal Library in Paris is undoubtedly the most important of the Decameron of Boccaccio few preserved manuscript.","breadcrumb":{"@id":"https:\/\/www.comprarmejor.es\/en\/product\/boccaccio-s-decameron-c-1445-french\/#breadcrumb"},"inLanguage":"en-US","potentialAction":[{"@type":"ReadAction","target":["https:\/\/www.comprarmejor.es\/en\/product\/boccaccio-s-decameron-c-1445-french\/"]}]},{"@type":"ImageObject","inLanguage":"en-US","@id":"https:\/\/www.comprarmejor.es\/en\/product\/boccaccio-s-decameron-c-1445-french\/#primaryimage","url":"https:\/\/www.comprarmejor.es\/wp-content\/uploads\/2015\/11\/p_1_4_0_9_1409-El-Decameron-de-Boccaccio-c.-1445-frances.jpg","contentUrl":"https:\/\/www.comprarmejor.es\/wp-content\/uploads\/2015\/11\/p_1_4_0_9_1409-El-Decameron-de-Boccaccio-c.-1445-frances.jpg","width":600,"height":600},{"@type":"BreadcrumbList","@id":"https:\/\/www.comprarmejor.es\/en\/product\/boccaccio-s-decameron-c-1445-french\/#breadcrumb","itemListElement":[{"@type":"ListItem","position":1,"name":"Portada","item":"https:\/\/www.comprarmejor.es\/en\/"},{"@type":"ListItem","position":2,"name":"Shop","item":"https:\/\/www.comprarmejor.es\/en\/shop\/"},{"@type":"ListItem","position":3,"name":"Boccaccio&#8217;s Decameron, c. 1445, French (5*)"}]},{"@type":"WebSite","@id":"https:\/\/www.comprarmejor.es\/en\/#website","url":"https:\/\/www.comprarmejor.es\/en\/","name":"ComprarMejor","description":"ComprarMejor","publisher":{"@id":"https:\/\/www.comprarmejor.es\/en\/#organization"},"potentialAction":[{"@type":"SearchAction","target":{"@type":"EntryPoint","urlTemplate":"https:\/\/www.comprarmejor.es\/en\/?s={search_term_string}"},"query-input":{"@type":"PropertyValueSpecification","valueRequired":true,"valueName":"search_term_string"}}],"inLanguage":"en-US"},{"@type":"Organization","@id":"https:\/\/www.comprarmejor.es\/en\/#organization","name":"COMPRAR MEJOR","url":"https:\/\/www.comprarmejor.es\/en\/","logo":{"@type":"ImageObject","inLanguage":"en-US","@id":"https:\/\/www.comprarmejor.es\/en\/#\/schema\/logo\/image\/","url":"https:\/\/www.comprarmejor.es\/wp-content\/uploads\/2025\/09\/comprarmejortrinidad.jpg","contentUrl":"https:\/\/www.comprarmejor.es\/wp-content\/uploads\/2025\/09\/comprarmejortrinidad.jpg","width":1022,"height":1380,"caption":"COMPRAR MEJOR"},"image":{"@id":"https:\/\/www.comprarmejor.es\/en\/#\/schema\/logo\/image\/"},"sameAs":["https:\/\/www.instagram.com\/amigosdelcodice"]}]}},"_links":{"self":[{"href":"https:\/\/www.comprarmejor.es\/en\/wp-json\/wp\/v2\/product\/49251","targetHints":{"allow":["GET"]}}],"collection":[{"href":"https:\/\/www.comprarmejor.es\/en\/wp-json\/wp\/v2\/product"}],"about":[{"href":"https:\/\/www.comprarmejor.es\/en\/wp-json\/wp\/v2\/types\/product"}],"wp:featuredmedia":[{"embeddable":true,"href":"https:\/\/www.comprarmejor.es\/en\/wp-json\/wp\/v2\/media\/49229"}],"wp:attachment":[{"href":"https:\/\/www.comprarmejor.es\/en\/wp-json\/wp\/v2\/media?parent=49251"}],"wp:term":[{"taxonomy":"product_brand","embeddable":true,"href":"https:\/\/www.comprarmejor.es\/en\/wp-json\/wp\/v2\/product_brand?post=49251"},{"taxonomy":"product_cat","embeddable":true,"href":"https:\/\/www.comprarmejor.es\/en\/wp-json\/wp\/v2\/product_cat?post=49251"},{"taxonomy":"product_tag","embeddable":true,"href":"https:\/\/www.comprarmejor.es\/en\/wp-json\/wp\/v2\/product_tag?post=49251"}],"curies":[{"name":"wp","href":"https:\/\/api.w.org\/{rel}","templated":true}]}}