{"id":49319,"date":"2015-11-28T00:01:40","date_gmt":"2015-11-27T23:01:40","guid":{"rendered":"https:\/\/www.comprarmejor.es\/producto\/albainox-legion-penknife-fos-system-3d-printing\/"},"modified":"2020-05-07T17:20:20","modified_gmt":"2020-05-07T15:20:20","slug":"albainox-legion-penknife-fos-system-3d-printing","status":"publish","type":"product","link":"https:\/\/www.comprarmejor.es\/en\/product\/albainox-legion-penknife-fos-system-3d-printing\/","title":{"rendered":"Albainox Legion penknife, FOS system, 3D printing"},"content":{"rendered":"<p style=\"text-align: justify;\"><span id=\"result_box\" lang=\"en\" xml:lang=\"en\"><span lang=\"en\" xml:lang=\"en\"><span title=\"Magn\u00edfica navaja t\u00e1ctica de la marca Albainox, dise\u00f1ada en Espa\u00f1a, homenaje a la Legi\u00f3n.\">Magnificent tactical knife Albainox brand, designed in Spain, tribute to the Legion.<\/span><\/span><\/span><\/p>\n<p style=\"text-align: justify;\"><span title=\"Sistema de apertura FOS, mango en aluminio, hoja en acero inoxidable, impresi\u00f3n fotogr\u00e1fica 3D, punta rompe vidrio, c\u00fater cintur\u00f3n de seguridad, clip de enganche, caja de presentaci\u00f3n en color.\">FOS opening system, aluminum handle, stainless steel blade, 3D photo printing, glass break point, safety belt cutter, hook clip, color presentation box. <\/span><span title=\"Hoja de 8,2 cm y tama\u00f1o total (abierta) de 19,5 cm.\">8.2 cm sheet and total size (open) of 19.5 cm.<\/span><\/p>\n<p style=\"text-align: justify;\"><span title=\"Art\u00edculo nuevo, a estrenar, en su embalaje original.\">New item, brand new, in its original packaging.<\/span><\/p>\n<p style=\"text-align: justify;\"><span title=\"Art\u00edculo s\u00f3lo para venta a personas mayores de edad.\">Article only for sale to people of legal age.<\/span><\/p>\n<p style=\"text-align: justify;\"><span title=\"\u201cEste arma blanca est\u00e1 incluida en la 5\u00aa categor\u00eda, seg\u00fan lo dispuesto en el art\u00edculo 3 del R. D. 137\/1993.\">&#8220;This white weapon is included in the 5th category, according to the provisions of article 3 of R. D. 137\/1993. <\/span><span title=\"Seg\u00fan el art.\">According to art. <\/span><span title=\"106 est\u00e1 prohibida su tenencia y\/o exhibici\u00f3n en lugares p\u00fablicos.\">106 its possession and \/ or exhibition in public places is prohibited. <\/span><span title=\"Este producto est\u00e1 fabricado con aceros y materias primas de calidad, pueden resultar herramientas muy peligrosas si no son usadas correctamente;\">This product is made with quality steels and raw materials, can be very dangerous tools if they are not used correctly; <\/span><span title=\"por tanto, deben ser utilizados con cuidado para prevenir da\u00f1os y posibles accidentes.\u201d\">therefore, they must be used with care to prevent damage and possible accidents. &#8221;<br \/>\n<\/span><br \/>\n<span class=\"hps\">Shipping<\/span> <span class=\"hps\">by the buyer<\/span>, <span class=\"hps\">upon request<\/span> <span class=\"hps\">and destination.<\/span>\u00a0<a class=\"btn btn-default\" href=\"https:\/\/comprarmejor.es\/en\/contact\">Ask us<\/a>\u00a0<span lang=\"en\" xml:lang=\"en\"><span title=\"Cons\u00faltenos sin compromiso (indicando la referencia del art\u00edculo) cualquier duda.\">without obligation (indicating the reference of the article) any doubt.<\/span><\/span><\/p>\n","protected":false},"excerpt":{"rendered":"<p><span id=\"result_box\" lang=\"en\" xml:lang=\"en\"><span lang=\"en\" xml:lang=\"en\"><span title=\"Magn\u00edfica navaja t\u00e1ctica de la marca Albainox, dise\u00f1ada en Espa\u00f1a, homenaje a la Legi\u00f3n.\">Magnificent tactical knife Albainox brand, designed in Spain, tribute to the Legion.<\/span><\/span><br \/>\n<\/span><\/p>\n","protected":false},"featured_media":49311,"template":"","meta":[],"product_brand":[],"product_cat":[2194,2258],"product_tag":[],"class_list":{"0":"post-49319","1":"product","2":"type-product","3":"status-publish","4":"has-post-thumbnail","6":"product_cat-miscellany","7":"product_cat-various","8":"product_shipping_class-from-0-to-1-kg","9":"description-off","11":"first","12":"instock","13":"taxable","14":"shipping-taxable","15":"purchasable","16":"product-type-simple"},"yoast_head":"<!-- This site is optimized with the Yoast SEO plugin v27.3 - https:\/\/yoast.com\/product\/yoast-seo-wordpress\/ -->\n<title>Albainox Legion penknife, FOS system, 3D printing<\/title>\n<meta name=\"description\" content=\"Magnificent tactical knife Albainox brand, designed in Spain, tribute to the Legion.\" \/>\n<meta name=\"robots\" content=\"index, follow, max-snippet:-1, max-image-preview:large, max-video-preview:-1\" \/>\n<link rel=\"canonical\" href=\"https:\/\/www.comprarmejor.es\/en\/product\/albainox-legion-penknife-fos-system-3d-printing\/\" \/>\n<meta property=\"og:locale\" content=\"en_US\" \/>\n<meta property=\"og:type\" content=\"article\" \/>\n<meta property=\"og:title\" content=\"Albainox Legion penknife, FOS system, 3D printing\" \/>\n<meta property=\"og:description\" content=\"Magnificent tactical knife Albainox brand, designed in Spain, tribute to the Legion.\" \/>\n<meta property=\"og:url\" content=\"https:\/\/www.comprarmejor.es\/en\/product\/albainox-legion-penknife-fos-system-3d-printing\/\" \/>\n<meta property=\"og:site_name\" content=\"ComprarMejor\" \/>\n<meta property=\"article:modified_time\" content=\"2020-05-07T15:20:20+00:00\" \/>\n<meta property=\"og:image\" content=\"https:\/\/www.comprarmejor.es\/wp-content\/uploads\/2015\/11\/p_7_4_4_9_7449-Navaja-Albainox-Legion-sistema-FOS-impresion-3D.jpg\" \/>\n\t<meta property=\"og:image:width\" content=\"596\" \/>\n\t<meta property=\"og:image:height\" content=\"170\" \/>\n\t<meta property=\"og:image:type\" content=\"image\/jpeg\" \/>\n<meta name=\"twitter:card\" content=\"summary_large_image\" \/>\n<meta name=\"twitter:label1\" content=\"Est. reading time\" \/>\n\t<meta name=\"twitter:data1\" content=\"1 minute\" \/>\n<script type=\"application\/ld+json\" class=\"yoast-schema-graph\">{\"@context\":\"https:\\\/\\\/schema.org\",\"@graph\":[{\"@type\":\"WebPage\",\"@id\":\"https:\\\/\\\/www.comprarmejor.es\\\/en\\\/product\\\/albainox-legion-penknife-fos-system-3d-printing\\\/\",\"url\":\"https:\\\/\\\/www.comprarmejor.es\\\/en\\\/product\\\/albainox-legion-penknife-fos-system-3d-printing\\\/\",\"name\":\"Albainox Legion penknife, FOS system, 3D printing\",\"isPartOf\":{\"@id\":\"https:\\\/\\\/www.comprarmejor.es\\\/en\\\/#website\"},\"primaryImageOfPage\":{\"@id\":\"https:\\\/\\\/www.comprarmejor.es\\\/en\\\/product\\\/albainox-legion-penknife-fos-system-3d-printing\\\/#primaryimage\"},\"image\":{\"@id\":\"https:\\\/\\\/www.comprarmejor.es\\\/en\\\/product\\\/albainox-legion-penknife-fos-system-3d-printing\\\/#primaryimage\"},\"thumbnailUrl\":\"https:\\\/\\\/www.comprarmejor.es\\\/wp-content\\\/uploads\\\/2015\\\/11\\\/p_7_4_4_9_7449-Navaja-Albainox-Legion-sistema-FOS-impresion-3D.jpg\",\"datePublished\":\"2015-11-27T23:01:40+00:00\",\"dateModified\":\"2020-05-07T15:20:20+00:00\",\"description\":\"Magnificent tactical knife Albainox brand, designed in Spain, tribute to the Legion.\",\"breadcrumb\":{\"@id\":\"https:\\\/\\\/www.comprarmejor.es\\\/en\\\/product\\\/albainox-legion-penknife-fos-system-3d-printing\\\/#breadcrumb\"},\"inLanguage\":\"en-US\",\"potentialAction\":[{\"@type\":\"ReadAction\",\"target\":[\"https:\\\/\\\/www.comprarmejor.es\\\/en\\\/product\\\/albainox-legion-penknife-fos-system-3d-printing\\\/\"]}]},{\"@type\":\"ImageObject\",\"inLanguage\":\"en-US\",\"@id\":\"https:\\\/\\\/www.comprarmejor.es\\\/en\\\/product\\\/albainox-legion-penknife-fos-system-3d-printing\\\/#primaryimage\",\"url\":\"https:\\\/\\\/www.comprarmejor.es\\\/wp-content\\\/uploads\\\/2015\\\/11\\\/p_7_4_4_9_7449-Navaja-Albainox-Legion-sistema-FOS-impresion-3D.jpg\",\"contentUrl\":\"https:\\\/\\\/www.comprarmejor.es\\\/wp-content\\\/uploads\\\/2015\\\/11\\\/p_7_4_4_9_7449-Navaja-Albainox-Legion-sistema-FOS-impresion-3D.jpg\",\"width\":596,\"height\":170},{\"@type\":\"BreadcrumbList\",\"@id\":\"https:\\\/\\\/www.comprarmejor.es\\\/en\\\/product\\\/albainox-legion-penknife-fos-system-3d-printing\\\/#breadcrumb\",\"itemListElement\":[{\"@type\":\"ListItem\",\"position\":1,\"name\":\"Portada\",\"item\":\"https:\\\/\\\/www.comprarmejor.es\\\/en\\\/\"},{\"@type\":\"ListItem\",\"position\":2,\"name\":\"Shop\",\"item\":\"https:\\\/\\\/www.comprarmejor.es\\\/en\\\/shop\\\/\"},{\"@type\":\"ListItem\",\"position\":3,\"name\":\"Albainox Legion penknife, FOS system, 3D printing\"}]},{\"@type\":\"WebSite\",\"@id\":\"https:\\\/\\\/www.comprarmejor.es\\\/en\\\/#website\",\"url\":\"https:\\\/\\\/www.comprarmejor.es\\\/en\\\/\",\"name\":\"ComprarMejor\",\"description\":\"ComprarMejor\",\"publisher\":{\"@id\":\"https:\\\/\\\/www.comprarmejor.es\\\/en\\\/#organization\"},\"potentialAction\":[{\"@type\":\"SearchAction\",\"target\":{\"@type\":\"EntryPoint\",\"urlTemplate\":\"https:\\\/\\\/www.comprarmejor.es\\\/en\\\/?s={search_term_string}\"},\"query-input\":{\"@type\":\"PropertyValueSpecification\",\"valueRequired\":true,\"valueName\":\"search_term_string\"}}],\"inLanguage\":\"en-US\"},{\"@type\":\"Organization\",\"@id\":\"https:\\\/\\\/www.comprarmejor.es\\\/en\\\/#organization\",\"name\":\"COMPRAR MEJOR\",\"url\":\"https:\\\/\\\/www.comprarmejor.es\\\/en\\\/\",\"logo\":{\"@type\":\"ImageObject\",\"inLanguage\":\"en-US\",\"@id\":\"https:\\\/\\\/www.comprarmejor.es\\\/en\\\/#\\\/schema\\\/logo\\\/image\\\/\",\"url\":\"https:\\\/\\\/www.comprarmejor.es\\\/wp-content\\\/uploads\\\/2025\\\/09\\\/comprarmejortrinidad.jpg\",\"contentUrl\":\"https:\\\/\\\/www.comprarmejor.es\\\/wp-content\\\/uploads\\\/2025\\\/09\\\/comprarmejortrinidad.jpg\",\"width\":1022,\"height\":1380,\"caption\":\"COMPRAR MEJOR\"},\"image\":{\"@id\":\"https:\\\/\\\/www.comprarmejor.es\\\/en\\\/#\\\/schema\\\/logo\\\/image\\\/\"},\"sameAs\":[\"https:\\\/\\\/www.instagram.com\\\/amigosdelcodice\"]}]}<\/script>\n<!-- \/ Yoast SEO plugin. -->","yoast_head_json":{"title":"Albainox Legion penknife, FOS system, 3D printing","description":"Magnificent tactical knife Albainox brand, designed in Spain, tribute to the Legion.","robots":{"index":"index","follow":"follow","max-snippet":"max-snippet:-1","max-image-preview":"max-image-preview:large","max-video-preview":"max-video-preview:-1"},"canonical":"https:\/\/www.comprarmejor.es\/en\/product\/albainox-legion-penknife-fos-system-3d-printing\/","og_locale":"en_US","og_type":"article","og_title":"Albainox Legion penknife, FOS system, 3D printing","og_description":"Magnificent tactical knife Albainox brand, designed in Spain, tribute to the Legion.","og_url":"https:\/\/www.comprarmejor.es\/en\/product\/albainox-legion-penknife-fos-system-3d-printing\/","og_site_name":"ComprarMejor","article_modified_time":"2020-05-07T15:20:20+00:00","og_image":[{"width":596,"height":170,"url":"https:\/\/www.comprarmejor.es\/wp-content\/uploads\/2015\/11\/p_7_4_4_9_7449-Navaja-Albainox-Legion-sistema-FOS-impresion-3D.jpg","type":"image\/jpeg"}],"twitter_card":"summary_large_image","twitter_misc":{"Est. reading time":"1 minute"},"schema":{"@context":"https:\/\/schema.org","@graph":[{"@type":"WebPage","@id":"https:\/\/www.comprarmejor.es\/en\/product\/albainox-legion-penknife-fos-system-3d-printing\/","url":"https:\/\/www.comprarmejor.es\/en\/product\/albainox-legion-penknife-fos-system-3d-printing\/","name":"Albainox Legion penknife, FOS system, 3D printing","isPartOf":{"@id":"https:\/\/www.comprarmejor.es\/en\/#website"},"primaryImageOfPage":{"@id":"https:\/\/www.comprarmejor.es\/en\/product\/albainox-legion-penknife-fos-system-3d-printing\/#primaryimage"},"image":{"@id":"https:\/\/www.comprarmejor.es\/en\/product\/albainox-legion-penknife-fos-system-3d-printing\/#primaryimage"},"thumbnailUrl":"https:\/\/www.comprarmejor.es\/wp-content\/uploads\/2015\/11\/p_7_4_4_9_7449-Navaja-Albainox-Legion-sistema-FOS-impresion-3D.jpg","datePublished":"2015-11-27T23:01:40+00:00","dateModified":"2020-05-07T15:20:20+00:00","description":"Magnificent tactical knife Albainox brand, designed in Spain, tribute to the Legion.","breadcrumb":{"@id":"https:\/\/www.comprarmejor.es\/en\/product\/albainox-legion-penknife-fos-system-3d-printing\/#breadcrumb"},"inLanguage":"en-US","potentialAction":[{"@type":"ReadAction","target":["https:\/\/www.comprarmejor.es\/en\/product\/albainox-legion-penknife-fos-system-3d-printing\/"]}]},{"@type":"ImageObject","inLanguage":"en-US","@id":"https:\/\/www.comprarmejor.es\/en\/product\/albainox-legion-penknife-fos-system-3d-printing\/#primaryimage","url":"https:\/\/www.comprarmejor.es\/wp-content\/uploads\/2015\/11\/p_7_4_4_9_7449-Navaja-Albainox-Legion-sistema-FOS-impresion-3D.jpg","contentUrl":"https:\/\/www.comprarmejor.es\/wp-content\/uploads\/2015\/11\/p_7_4_4_9_7449-Navaja-Albainox-Legion-sistema-FOS-impresion-3D.jpg","width":596,"height":170},{"@type":"BreadcrumbList","@id":"https:\/\/www.comprarmejor.es\/en\/product\/albainox-legion-penknife-fos-system-3d-printing\/#breadcrumb","itemListElement":[{"@type":"ListItem","position":1,"name":"Portada","item":"https:\/\/www.comprarmejor.es\/en\/"},{"@type":"ListItem","position":2,"name":"Shop","item":"https:\/\/www.comprarmejor.es\/en\/shop\/"},{"@type":"ListItem","position":3,"name":"Albainox Legion penknife, FOS system, 3D printing"}]},{"@type":"WebSite","@id":"https:\/\/www.comprarmejor.es\/en\/#website","url":"https:\/\/www.comprarmejor.es\/en\/","name":"ComprarMejor","description":"ComprarMejor","publisher":{"@id":"https:\/\/www.comprarmejor.es\/en\/#organization"},"potentialAction":[{"@type":"SearchAction","target":{"@type":"EntryPoint","urlTemplate":"https:\/\/www.comprarmejor.es\/en\/?s={search_term_string}"},"query-input":{"@type":"PropertyValueSpecification","valueRequired":true,"valueName":"search_term_string"}}],"inLanguage":"en-US"},{"@type":"Organization","@id":"https:\/\/www.comprarmejor.es\/en\/#organization","name":"COMPRAR MEJOR","url":"https:\/\/www.comprarmejor.es\/en\/","logo":{"@type":"ImageObject","inLanguage":"en-US","@id":"https:\/\/www.comprarmejor.es\/en\/#\/schema\/logo\/image\/","url":"https:\/\/www.comprarmejor.es\/wp-content\/uploads\/2025\/09\/comprarmejortrinidad.jpg","contentUrl":"https:\/\/www.comprarmejor.es\/wp-content\/uploads\/2025\/09\/comprarmejortrinidad.jpg","width":1022,"height":1380,"caption":"COMPRAR MEJOR"},"image":{"@id":"https:\/\/www.comprarmejor.es\/en\/#\/schema\/logo\/image\/"},"sameAs":["https:\/\/www.instagram.com\/amigosdelcodice"]}]}},"_links":{"self":[{"href":"https:\/\/www.comprarmejor.es\/en\/wp-json\/wp\/v2\/product\/49319","targetHints":{"allow":["GET"]}}],"collection":[{"href":"https:\/\/www.comprarmejor.es\/en\/wp-json\/wp\/v2\/product"}],"about":[{"href":"https:\/\/www.comprarmejor.es\/en\/wp-json\/wp\/v2\/types\/product"}],"wp:featuredmedia":[{"embeddable":true,"href":"https:\/\/www.comprarmejor.es\/en\/wp-json\/wp\/v2\/media\/49311"}],"wp:attachment":[{"href":"https:\/\/www.comprarmejor.es\/en\/wp-json\/wp\/v2\/media?parent=49319"}],"wp:term":[{"taxonomy":"product_brand","embeddable":true,"href":"https:\/\/www.comprarmejor.es\/en\/wp-json\/wp\/v2\/product_brand?post=49319"},{"taxonomy":"product_cat","embeddable":true,"href":"https:\/\/www.comprarmejor.es\/en\/wp-json\/wp\/v2\/product_cat?post=49319"},{"taxonomy":"product_tag","embeddable":true,"href":"https:\/\/www.comprarmejor.es\/en\/wp-json\/wp\/v2\/product_tag?post=49319"}],"curies":[{"name":"wp","href":"https:\/\/api.w.org\/{rel}","templated":true}]}}