{"id":49333,"date":"2015-11-29T12:22:23","date_gmt":"2015-11-29T11:22:23","guid":{"rendered":"https:\/\/www.comprarmejor.es\/producto\/rule-of-the-brotherhood-of-gamonal-and-book-of-the-knights-cofrades-s-xiv-xvii\/"},"modified":"2020-05-03T18:16:45","modified_gmt":"2020-05-03T16:16:45","slug":"rule-of-the-brotherhood-of-gamonal-and-book-of-the-knights-cofrades-s-xiv-xvii","status":"publish","type":"product","link":"https:\/\/www.comprarmejor.es\/en\/product\/rule-of-the-brotherhood-of-gamonal-and-book-of-the-knights-cofrades-s-xiv-xvii\/","title":{"rendered":"Rule of the Brotherhood of Gamonal and Book of the Knights Cofrades, s. XIV-XVII"},"content":{"rendered":"<p style=\"text-align: justify;\"><span id=\"result_box\" lang=\"en\" xml:lang=\"en\"><span title=\"Edici\u00f3n limitada, numerada y certificada.\"><span lang=\"en\" xml:lang=\"en\"><span title=\"Se incluyen los fasc\u00edculos que entregaba Planeta DeAgostini.\"><span lang=\"en\" xml:lang=\"en\"><span title=\"Regla de la Cofrad\u00eda de Nuestra Se\u00f1ora de Gamonal y Libro en que se pintan los Caballeros Cofrades, cuyos originales se conservan en la Biblioteca Nacional de Espa\u00f1a, signaturas Ms 22.258 (Regla, a\u00f1os 1305-1605) y Ms 22.257 (Armorial ecuestre, s.\">Rule of the Confraternity of Our Lady of Gamonal and Book in which the Cofrades Knights are painted, whose originals are conserved in the National Library of Spain, signatures Ms 22.258 (Rule, years 1305-1605) and Ms 22.257 (Armorial ecuestre, s. <\/span><span title=\"XVI).\">XVI).<\/span><\/span><\/span><\/span><\/span><\/span><\/p>\n<p style=\"text-align: justify;\"><span title=\"Edici\u00f3n facsimilar anast\u00e1tica de los dos manuscritos en un solo volumen en piel m\u00e1s libro de estudios, realizada en Burgos en 1995. Edici\u00f3n conmemorativa promovida por la Instituci\u00f3n Fern\u00e1n Gonz\u00e1lez.\">Facsimile anasthetic edition of the two manuscripts in a single volume in leather plus study book, made in Burgos in 1995. Commemorative edition promoted by the Fern\u00e1n Gonz\u00e1lez Institution.<\/span><\/p>\n<p style=\"text-align: justify;\"><span title=\"Edici\u00f3n numerada y limitada a 1.200 ejemplares, de los cuales los primeros 600 est\u00e1n encuadernados en piel.\">Edition numbered and limited to 1,200 copies, of which the first 600 are bound in leather.<\/span><\/p>\n<p style=\"text-align: justify;\"><span title=\"Facs\u00edmile encuadernado en piel vuelta decorada en seco, formato 25 x 31,5 cm.\">Facsimile bound in turn decorated skin in dry, format 25 x 31.5 cm. <\/span><span title=\"112 p\u00e1ginas, que contienen 46 retratos ecuestres de cofrades.\">112 pages, containing 46 equestrian portraits of brothers.<\/span><\/p>\n<p style=\"text-align: justify;\"><span title=\"Al facs\u00edmile se le acompa\u00f1a de volumen de estudios con descripci\u00f3n, transcripci\u00f3n, estudio de la cofrad\u00eda y estudio sobre el armorial.\">The facsimile is accompanied by volume of studies with description, transcription, study of the brotherhood and study on the armorial. <\/span><span title=\"Encuadernado en holandesa piel y tela, con escudo dorado.\">Bound in Dutch leather and cloth, with golden shield. <\/span><span title=\"Formato 25 x 31,5 cm.\">Format 25 x 31.5 cm. <\/span><span title=\"88 p\u00e1ginas.\">88 pages<\/span><\/p>\n<p style=\"text-align: justify;\"><span title=\"Ambos libros, facs\u00edmile y libro estudio, se presentan en estuche guardalibro.\">Both books, facsimile and study book, are presented in a guardalibro case.<\/span><\/p>\n<p style=\"text-align: justify;\"><span title=\"El ejemplar que ofrecemos se corresponde con la edici\u00f3n en encuadernaci\u00f3n de lujo en piel.\">The copy that we offer corresponds to the edition in luxury leather binding. <\/span><span title=\"Si lo desea, le podemos facilitar un ejemplar m\u00e1s econ\u00f3mico con encuadernaci\u00f3n m\u00e1s barata (el contenido es el mismo en ambos tipos).\">If you wish, we can provide you with a cheaper copy with cheaper binding (the content is the same in both types). <\/span><span title=\"Cons\u00faltenos.\">Ask us<\/span><\/p>\n<p style=\"text-align: justify;\"><span title=\"Ejemplar en perfecto estado, sin uso.\">Exemplary in perfect condition, without use<\/span>.<\/p>\n<p style=\"text-align: justify;\"><span title=\"Gastos de env\u00edo por cuenta del comprador, seg\u00fan pedido y destino.\">Shipping by the buyer, upon request and destination.\u00a0<\/span><span title=\"Cons\u00faltenos cualquier duda, as\u00ed como por cualquier otro facs\u00edmile que est\u00e9 buscando.\"><a class=\"btn btn-default\" href=\"https:\/\/comprarmejor.es\/en\/contact\">Ask us<\/a>\u00a0<span lang=\"en\" xml:lang=\"en\"><span title=\"Cons\u00faltenos sin compromiso (indicando la referencia del art\u00edculo) cualquier duda.\">without obligation (indicating the reference of the article) any doubt.<\/span><\/span><\/span><\/p>\n","protected":false},"excerpt":{"rendered":"<p style=\"text-align: justify;\"><span id=\"result_box\" lang=\"en\" xml:lang=\"en\"><span title=\"Este precioso c\u00f3dice es un bello ejemplo tard\u00edo en el siglo XVI de lo que fueron los c\u00f3dices b\u00edblicos espa\u00f1oles.\"><span lang=\"en\" xml:lang=\"en\"><span title=\"Extraordinario juego de Ajedrez basado en los famosos personajes del Universo Star Wars, editado por Planeta DeAgostini en 2010. Edici\u00f3n Especial Coleccionista.\"><span lang=\"en\" xml:lang=\"en\"><span title=\"Regla de la Cofrad\u00eda de Nuestra Se\u00f1ora de Gamonal y Libro en que se pintan los Caballeros Cofrades, cuyos originales se conservan en la Biblioteca Nacional de Espa\u00f1a, signaturas Ms 22.258 (Regla, a\u00f1os 1305-1605) y Ms 22.257 (Armorial ecuestre, s.\">Rule of the Confraternity of Our Lady of Gamonal and Book in which the Cofrades Knights are painted, whose originals are conserved in the National Library of Spain, signatures Ms 22.258 (Rule, years 1305-1605) and Ms 22.257 (Armorial ecuestre, s. <\/span><span title=\"XVI).\">XVI).<\/span><\/span><\/span><\/span><\/span><\/span><\/p>\n","protected":false},"featured_media":49321,"template":"","meta":[],"product_brand":[],"product_cat":[2250],"product_tag":[4368,4870,5119],"class_list":{"0":"post-49333","1":"product","2":"type-product","3":"status-publish","4":"has-post-thumbnail","6":"product_cat-other-facsimiles","7":"product_tag-armorial-en","8":"product_tag-gamonal-en-2","9":"product_tag-siloe-en","10":"product_shipping_class-from-2-to-5-kg","11":"description-off","13":"first","14":"instock","15":"sale","16":"taxable","17":"shipping-taxable","18":"purchasable","19":"product-type-simple"},"yoast_head":"<!-- This site is optimized with the Yoast SEO plugin v27.3 - https:\/\/yoast.com\/product\/yoast-seo-wordpress\/ -->\n<title>Rule of the Brotherhood of Gamonal and Book of the Knights Cofrades<\/title>\n<meta name=\"description\" content=\"Rule of the Confraternity of Our Lady of Gamonal and Book in which the Cofrades Knights are painted, whose originals are conserved in the National Library\" \/>\n<meta name=\"robots\" content=\"index, follow, max-snippet:-1, max-image-preview:large, max-video-preview:-1\" \/>\n<link rel=\"canonical\" href=\"https:\/\/www.comprarmejor.es\/en\/product\/rule-of-the-brotherhood-of-gamonal-and-book-of-the-knights-cofrades-s-xiv-xvii\/\" \/>\n<meta property=\"og:locale\" content=\"en_US\" \/>\n<meta property=\"og:type\" content=\"article\" \/>\n<meta property=\"og:title\" content=\"Rule of the Brotherhood of Gamonal and Book of the Knights Cofrades\" \/>\n<meta property=\"og:description\" content=\"Rule of the Confraternity of Our Lady of Gamonal and Book in which the Cofrades Knights are painted, whose originals are conserved in the National Library\" \/>\n<meta property=\"og:url\" content=\"https:\/\/www.comprarmejor.es\/en\/product\/rule-of-the-brotherhood-of-gamonal-and-book-of-the-knights-cofrades-s-xiv-xvii\/\" \/>\n<meta property=\"og:site_name\" content=\"ComprarMejor\" \/>\n<meta property=\"article:modified_time\" content=\"2020-05-03T16:16:45+00:00\" \/>\n<meta property=\"og:image\" content=\"https:\/\/www.comprarmejor.es\/wp-content\/uploads\/2015\/11\/p_6_5_4_2_6542-Regla-de-la-Cofradia-de-Gamonal-y-Libro-de-los-Caballeros-Cofrades-s.-XIV-XVII.jpg\" \/>\n\t<meta property=\"og:image:width\" content=\"599\" \/>\n\t<meta property=\"og:image:height\" content=\"396\" \/>\n\t<meta property=\"og:image:type\" content=\"image\/jpeg\" \/>\n<meta name=\"twitter:card\" content=\"summary_large_image\" \/>\n<meta name=\"twitter:label1\" content=\"Est. reading time\" \/>\n\t<meta name=\"twitter:data1\" content=\"1 minute\" \/>\n<script type=\"application\/ld+json\" class=\"yoast-schema-graph\">{\"@context\":\"https:\\\/\\\/schema.org\",\"@graph\":[{\"@type\":\"WebPage\",\"@id\":\"https:\\\/\\\/www.comprarmejor.es\\\/en\\\/product\\\/rule-of-the-brotherhood-of-gamonal-and-book-of-the-knights-cofrades-s-xiv-xvii\\\/\",\"url\":\"https:\\\/\\\/www.comprarmejor.es\\\/en\\\/product\\\/rule-of-the-brotherhood-of-gamonal-and-book-of-the-knights-cofrades-s-xiv-xvii\\\/\",\"name\":\"Rule of the Brotherhood of Gamonal and Book of the Knights Cofrades\",\"isPartOf\":{\"@id\":\"https:\\\/\\\/www.comprarmejor.es\\\/en\\\/#website\"},\"primaryImageOfPage\":{\"@id\":\"https:\\\/\\\/www.comprarmejor.es\\\/en\\\/product\\\/rule-of-the-brotherhood-of-gamonal-and-book-of-the-knights-cofrades-s-xiv-xvii\\\/#primaryimage\"},\"image\":{\"@id\":\"https:\\\/\\\/www.comprarmejor.es\\\/en\\\/product\\\/rule-of-the-brotherhood-of-gamonal-and-book-of-the-knights-cofrades-s-xiv-xvii\\\/#primaryimage\"},\"thumbnailUrl\":\"https:\\\/\\\/www.comprarmejor.es\\\/wp-content\\\/uploads\\\/2015\\\/11\\\/p_6_5_4_2_6542-Regla-de-la-Cofradia-de-Gamonal-y-Libro-de-los-Caballeros-Cofrades-s.-XIV-XVII.jpg\",\"datePublished\":\"2015-11-29T11:22:23+00:00\",\"dateModified\":\"2020-05-03T16:16:45+00:00\",\"description\":\"Rule of the Confraternity of Our Lady of Gamonal and Book in which the Cofrades Knights are painted, whose originals are conserved in the National Library\",\"breadcrumb\":{\"@id\":\"https:\\\/\\\/www.comprarmejor.es\\\/en\\\/product\\\/rule-of-the-brotherhood-of-gamonal-and-book-of-the-knights-cofrades-s-xiv-xvii\\\/#breadcrumb\"},\"inLanguage\":\"en-US\",\"potentialAction\":[{\"@type\":\"ReadAction\",\"target\":[\"https:\\\/\\\/www.comprarmejor.es\\\/en\\\/product\\\/rule-of-the-brotherhood-of-gamonal-and-book-of-the-knights-cofrades-s-xiv-xvii\\\/\"]}]},{\"@type\":\"ImageObject\",\"inLanguage\":\"en-US\",\"@id\":\"https:\\\/\\\/www.comprarmejor.es\\\/en\\\/product\\\/rule-of-the-brotherhood-of-gamonal-and-book-of-the-knights-cofrades-s-xiv-xvii\\\/#primaryimage\",\"url\":\"https:\\\/\\\/www.comprarmejor.es\\\/wp-content\\\/uploads\\\/2015\\\/11\\\/p_6_5_4_2_6542-Regla-de-la-Cofradia-de-Gamonal-y-Libro-de-los-Caballeros-Cofrades-s.-XIV-XVII.jpg\",\"contentUrl\":\"https:\\\/\\\/www.comprarmejor.es\\\/wp-content\\\/uploads\\\/2015\\\/11\\\/p_6_5_4_2_6542-Regla-de-la-Cofradia-de-Gamonal-y-Libro-de-los-Caballeros-Cofrades-s.-XIV-XVII.jpg\",\"width\":599,\"height\":396},{\"@type\":\"BreadcrumbList\",\"@id\":\"https:\\\/\\\/www.comprarmejor.es\\\/en\\\/product\\\/rule-of-the-brotherhood-of-gamonal-and-book-of-the-knights-cofrades-s-xiv-xvii\\\/#breadcrumb\",\"itemListElement\":[{\"@type\":\"ListItem\",\"position\":1,\"name\":\"Portada\",\"item\":\"https:\\\/\\\/www.comprarmejor.es\\\/en\\\/\"},{\"@type\":\"ListItem\",\"position\":2,\"name\":\"Shop\",\"item\":\"https:\\\/\\\/www.comprarmejor.es\\\/en\\\/shop\\\/\"},{\"@type\":\"ListItem\",\"position\":3,\"name\":\"Rule of the Brotherhood of Gamonal and Book of the Knights Cofrades, s. XIV-XVII\"}]},{\"@type\":\"WebSite\",\"@id\":\"https:\\\/\\\/www.comprarmejor.es\\\/en\\\/#website\",\"url\":\"https:\\\/\\\/www.comprarmejor.es\\\/en\\\/\",\"name\":\"ComprarMejor\",\"description\":\"ComprarMejor\",\"publisher\":{\"@id\":\"https:\\\/\\\/www.comprarmejor.es\\\/en\\\/#organization\"},\"potentialAction\":[{\"@type\":\"SearchAction\",\"target\":{\"@type\":\"EntryPoint\",\"urlTemplate\":\"https:\\\/\\\/www.comprarmejor.es\\\/en\\\/?s={search_term_string}\"},\"query-input\":{\"@type\":\"PropertyValueSpecification\",\"valueRequired\":true,\"valueName\":\"search_term_string\"}}],\"inLanguage\":\"en-US\"},{\"@type\":\"Organization\",\"@id\":\"https:\\\/\\\/www.comprarmejor.es\\\/en\\\/#organization\",\"name\":\"COMPRAR MEJOR\",\"url\":\"https:\\\/\\\/www.comprarmejor.es\\\/en\\\/\",\"logo\":{\"@type\":\"ImageObject\",\"inLanguage\":\"en-US\",\"@id\":\"https:\\\/\\\/www.comprarmejor.es\\\/en\\\/#\\\/schema\\\/logo\\\/image\\\/\",\"url\":\"https:\\\/\\\/www.comprarmejor.es\\\/wp-content\\\/uploads\\\/2025\\\/09\\\/comprarmejortrinidad.jpg\",\"contentUrl\":\"https:\\\/\\\/www.comprarmejor.es\\\/wp-content\\\/uploads\\\/2025\\\/09\\\/comprarmejortrinidad.jpg\",\"width\":1022,\"height\":1380,\"caption\":\"COMPRAR MEJOR\"},\"image\":{\"@id\":\"https:\\\/\\\/www.comprarmejor.es\\\/en\\\/#\\\/schema\\\/logo\\\/image\\\/\"},\"sameAs\":[\"https:\\\/\\\/www.instagram.com\\\/amigosdelcodice\"]}]}<\/script>\n<!-- \/ Yoast SEO plugin. -->","yoast_head_json":{"title":"Rule of the Brotherhood of Gamonal and Book of the Knights Cofrades","description":"Rule of the Confraternity of Our Lady of Gamonal and Book in which the Cofrades Knights are painted, whose originals are conserved in the National Library","robots":{"index":"index","follow":"follow","max-snippet":"max-snippet:-1","max-image-preview":"max-image-preview:large","max-video-preview":"max-video-preview:-1"},"canonical":"https:\/\/www.comprarmejor.es\/en\/product\/rule-of-the-brotherhood-of-gamonal-and-book-of-the-knights-cofrades-s-xiv-xvii\/","og_locale":"en_US","og_type":"article","og_title":"Rule of the Brotherhood of Gamonal and Book of the Knights Cofrades","og_description":"Rule of the Confraternity of Our Lady of Gamonal and Book in which the Cofrades Knights are painted, whose originals are conserved in the National Library","og_url":"https:\/\/www.comprarmejor.es\/en\/product\/rule-of-the-brotherhood-of-gamonal-and-book-of-the-knights-cofrades-s-xiv-xvii\/","og_site_name":"ComprarMejor","article_modified_time":"2020-05-03T16:16:45+00:00","og_image":[{"width":599,"height":396,"url":"https:\/\/www.comprarmejor.es\/wp-content\/uploads\/2015\/11\/p_6_5_4_2_6542-Regla-de-la-Cofradia-de-Gamonal-y-Libro-de-los-Caballeros-Cofrades-s.-XIV-XVII.jpg","type":"image\/jpeg"}],"twitter_card":"summary_large_image","twitter_misc":{"Est. reading time":"1 minute"},"schema":{"@context":"https:\/\/schema.org","@graph":[{"@type":"WebPage","@id":"https:\/\/www.comprarmejor.es\/en\/product\/rule-of-the-brotherhood-of-gamonal-and-book-of-the-knights-cofrades-s-xiv-xvii\/","url":"https:\/\/www.comprarmejor.es\/en\/product\/rule-of-the-brotherhood-of-gamonal-and-book-of-the-knights-cofrades-s-xiv-xvii\/","name":"Rule of the Brotherhood of Gamonal and Book of the Knights Cofrades","isPartOf":{"@id":"https:\/\/www.comprarmejor.es\/en\/#website"},"primaryImageOfPage":{"@id":"https:\/\/www.comprarmejor.es\/en\/product\/rule-of-the-brotherhood-of-gamonal-and-book-of-the-knights-cofrades-s-xiv-xvii\/#primaryimage"},"image":{"@id":"https:\/\/www.comprarmejor.es\/en\/product\/rule-of-the-brotherhood-of-gamonal-and-book-of-the-knights-cofrades-s-xiv-xvii\/#primaryimage"},"thumbnailUrl":"https:\/\/www.comprarmejor.es\/wp-content\/uploads\/2015\/11\/p_6_5_4_2_6542-Regla-de-la-Cofradia-de-Gamonal-y-Libro-de-los-Caballeros-Cofrades-s.-XIV-XVII.jpg","datePublished":"2015-11-29T11:22:23+00:00","dateModified":"2020-05-03T16:16:45+00:00","description":"Rule of the Confraternity of Our Lady of Gamonal and Book in which the Cofrades Knights are painted, whose originals are conserved in the National Library","breadcrumb":{"@id":"https:\/\/www.comprarmejor.es\/en\/product\/rule-of-the-brotherhood-of-gamonal-and-book-of-the-knights-cofrades-s-xiv-xvii\/#breadcrumb"},"inLanguage":"en-US","potentialAction":[{"@type":"ReadAction","target":["https:\/\/www.comprarmejor.es\/en\/product\/rule-of-the-brotherhood-of-gamonal-and-book-of-the-knights-cofrades-s-xiv-xvii\/"]}]},{"@type":"ImageObject","inLanguage":"en-US","@id":"https:\/\/www.comprarmejor.es\/en\/product\/rule-of-the-brotherhood-of-gamonal-and-book-of-the-knights-cofrades-s-xiv-xvii\/#primaryimage","url":"https:\/\/www.comprarmejor.es\/wp-content\/uploads\/2015\/11\/p_6_5_4_2_6542-Regla-de-la-Cofradia-de-Gamonal-y-Libro-de-los-Caballeros-Cofrades-s.-XIV-XVII.jpg","contentUrl":"https:\/\/www.comprarmejor.es\/wp-content\/uploads\/2015\/11\/p_6_5_4_2_6542-Regla-de-la-Cofradia-de-Gamonal-y-Libro-de-los-Caballeros-Cofrades-s.-XIV-XVII.jpg","width":599,"height":396},{"@type":"BreadcrumbList","@id":"https:\/\/www.comprarmejor.es\/en\/product\/rule-of-the-brotherhood-of-gamonal-and-book-of-the-knights-cofrades-s-xiv-xvii\/#breadcrumb","itemListElement":[{"@type":"ListItem","position":1,"name":"Portada","item":"https:\/\/www.comprarmejor.es\/en\/"},{"@type":"ListItem","position":2,"name":"Shop","item":"https:\/\/www.comprarmejor.es\/en\/shop\/"},{"@type":"ListItem","position":3,"name":"Rule of the Brotherhood of Gamonal and Book of the Knights Cofrades, s. XIV-XVII"}]},{"@type":"WebSite","@id":"https:\/\/www.comprarmejor.es\/en\/#website","url":"https:\/\/www.comprarmejor.es\/en\/","name":"ComprarMejor","description":"ComprarMejor","publisher":{"@id":"https:\/\/www.comprarmejor.es\/en\/#organization"},"potentialAction":[{"@type":"SearchAction","target":{"@type":"EntryPoint","urlTemplate":"https:\/\/www.comprarmejor.es\/en\/?s={search_term_string}"},"query-input":{"@type":"PropertyValueSpecification","valueRequired":true,"valueName":"search_term_string"}}],"inLanguage":"en-US"},{"@type":"Organization","@id":"https:\/\/www.comprarmejor.es\/en\/#organization","name":"COMPRAR MEJOR","url":"https:\/\/www.comprarmejor.es\/en\/","logo":{"@type":"ImageObject","inLanguage":"en-US","@id":"https:\/\/www.comprarmejor.es\/en\/#\/schema\/logo\/image\/","url":"https:\/\/www.comprarmejor.es\/wp-content\/uploads\/2025\/09\/comprarmejortrinidad.jpg","contentUrl":"https:\/\/www.comprarmejor.es\/wp-content\/uploads\/2025\/09\/comprarmejortrinidad.jpg","width":1022,"height":1380,"caption":"COMPRAR MEJOR"},"image":{"@id":"https:\/\/www.comprarmejor.es\/en\/#\/schema\/logo\/image\/"},"sameAs":["https:\/\/www.instagram.com\/amigosdelcodice"]}]}},"_links":{"self":[{"href":"https:\/\/www.comprarmejor.es\/en\/wp-json\/wp\/v2\/product\/49333","targetHints":{"allow":["GET"]}}],"collection":[{"href":"https:\/\/www.comprarmejor.es\/en\/wp-json\/wp\/v2\/product"}],"about":[{"href":"https:\/\/www.comprarmejor.es\/en\/wp-json\/wp\/v2\/types\/product"}],"wp:featuredmedia":[{"embeddable":true,"href":"https:\/\/www.comprarmejor.es\/en\/wp-json\/wp\/v2\/media\/49321"}],"wp:attachment":[{"href":"https:\/\/www.comprarmejor.es\/en\/wp-json\/wp\/v2\/media?parent=49333"}],"wp:term":[{"taxonomy":"product_brand","embeddable":true,"href":"https:\/\/www.comprarmejor.es\/en\/wp-json\/wp\/v2\/product_brand?post=49333"},{"taxonomy":"product_cat","embeddable":true,"href":"https:\/\/www.comprarmejor.es\/en\/wp-json\/wp\/v2\/product_cat?post=49333"},{"taxonomy":"product_tag","embeddable":true,"href":"https:\/\/www.comprarmejor.es\/en\/wp-json\/wp\/v2\/product_tag?post=49333"}],"curies":[{"name":"wp","href":"https:\/\/api.w.org\/{rel}","templated":true}]}}