{"id":49479,"date":"2015-12-03T10:47:08","date_gmt":"2015-12-03T09:47:08","guid":{"rendered":"https:\/\/www.comprarmejor.es\/producto\/1904-wellingtons-operations-in-the-peninsula-1808-1814-by-captain-lewis-butler\/"},"modified":"2019-09-08T22:57:37","modified_gmt":"2019-09-08T20:57:37","slug":"1904-wellingtons-operations-in-the-peninsula-1808-1814-by-captain-lewis-butler","status":"publish","type":"product","link":"https:\/\/www.comprarmejor.es\/en\/product\/1904-wellingtons-operations-in-the-peninsula-1808-1814-by-captain-lewis-butler\/","title":{"rendered":"1904 Wellington\u2019s operations in the Peninsula (1808-1814), by Captain Lewis Butler"},"content":{"rendered":"<p style=\"text-align:justify;\"><span id=\"result_box\" lang=\"en\" xml:lang=\"en\"><span title=\"Primera edici\u00f3n de la obra \u201cWellington's operations in the Peninsula (1808-1814)\u201d, por el Capit\u00e1n Lewis Butler.\">First edition of the book &#8220;Wellington&#8217;s operations in the Peninsula (1808-1814)&#8221; by Captain Lewis Butler. <\/span><span title=\"Publicada en 2 tomos en Londres, en 1904. Trata de aspectos hist\u00f3ricos de la Guerra de la Independencia Espa\u00f1ola.\">Published in 2 volumes in London in 1904. Try to historical aspects of the Spanish War of Independence. <\/span><span title=\"Textos en ingl\u00e9s.\">English texts.<\/p>\n<p><\/span><span title=\"Partes de la obra intonso, sin leer.\">Parts of the uncut work, unread. <\/span><span title=\"2 vol\u00famenes en 4\u00ba, formato 15,5 x 23 cm.\">2 volumes in 4th, format 15.5 x 23 cm. <\/span><span title=\"Tomo I 430 p\u00e1ginas, Tomo II 442 p\u00e1ginas.\">430 pages Volume I, Volume II 442 pages. <\/span><span title=\"Mapas plegados.\">Folded maps. <\/span><span title=\"Encuadernados en tapa dura tela editorial impresa.\">Bound in hardcover publisher printed fabric. <\/span><span title=\"Con se\u00f1ales de uso exterior, en general buen estado.\">With signs for outdoor use, in general good condition.<\/p>\n<p><\/span><span title=\"Ejemplar muy raro en comercio.\">The sample is very rare in trade. <\/span><span title=\"En el CCPB (Cat\u00e1logo Colectivo del Patrimonio Bibliogr\u00e1fico Espa\u00f1ol) s\u00f3lo existe 1 ejemplar (CCPB001065460-7), en el Centro Cultural de los Ej\u00e9rcitos de Madrid.\">In the CCPB (Collective Catalogue of Spanish Bibliographic Heritage) there is only 1 copy (CCPB001065460-7), at the Cultural Center of the Armies of Madrid.<\/p>\n<p><\/span><span title=\"Libros originales de 1904, en ingl\u00e9s.\">1904 original books in English. <\/span><span title=\"Primera edici\u00f3n.\">First edition.<\/p>\n<p><\/span><span title=\"Gastos de env\u00edo por cuenta del comprador, seg\u00fan pedido y destino.\">Shipping by the buyer, upon request and destination.\u00a0<\/span><span title=\"Cons\u00faltenos cualquier duda.\"><a class=\"btn btn-default\" href=\"http:\/\/comprarmejor.es\/en\/contact\">Ask us<\/a> any questions.<\/span><\/span><\/p>\n","protected":false},"excerpt":{"rendered":"<p style=\"text-align:justify;\"><span id=\"result_box\" lang=\"en\" xml:lang=\"en\"><span title=\"Primera edici\u00f3n de la obra \u201cWellington's operations in the Peninsula (1808-1814)\u201d, por el Capit\u00e1n Lewis Butler.\">First edition of the book &#8220;Wellington&#8217;s operations in the Peninsula (1808-1814)&#8221; by Captain Lewis Butler. <\/span><span title=\"Publicada en 2 tomos en Londres, en 1904. Trata de aspectos hist\u00f3ricos de la Guerra de la Independencia Espa\u00f1ola.\">Published in 2 volumes in London in 1904. Try to historical aspects of the Spanish War of Independence. <\/span><span title=\"Textos en ingl\u00e9s.\">English texts.<\/span><\/span><\/p>\n","protected":false},"featured_media":49463,"template":"","meta":[],"product_brand":[],"product_cat":[2188,2242,2202],"product_tag":[4855,4856],"class_list":{"0":"post-49479","1":"product","2":"type-product","3":"status-publish","4":"has-post-thumbnail","6":"product_cat-books","7":"product_cat-first-editions","8":"product_cat-old-books","9":"product_tag-butler-en","10":"product_tag-wellington-en","11":"product_shipping_class-from-0-to-1-kg","12":"description-off","14":"first","15":"instock","16":"taxable","17":"shipping-taxable","18":"purchasable","19":"product-type-simple"},"yoast_head":"<!-- This site is optimized with the Yoast SEO plugin v27.3 - https:\/\/yoast.com\/product\/yoast-seo-wordpress\/ -->\n<title>Wellington&#039;s operations in the Peninsula (1808-1814), by Lewis Butler<\/title>\n<meta name=\"description\" content=\"First edition of the book &quot;Wellington&#039;s operations in the Peninsula (1808-1814)&quot; by Captain Lewis Butler. English texts.\" \/>\n<meta name=\"robots\" content=\"index, follow, max-snippet:-1, max-image-preview:large, max-video-preview:-1\" \/>\n<link rel=\"canonical\" href=\"https:\/\/www.comprarmejor.es\/en\/product\/1904-wellingtons-operations-in-the-peninsula-1808-1814-by-captain-lewis-butler\/\" \/>\n<meta property=\"og:locale\" content=\"en_US\" \/>\n<meta property=\"og:type\" content=\"article\" \/>\n<meta property=\"og:title\" content=\"Wellington&#039;s operations in the Peninsula (1808-1814), by Lewis Butler\" \/>\n<meta property=\"og:description\" content=\"First edition of the book &quot;Wellington&#039;s operations in the Peninsula (1808-1814)&quot; by Captain Lewis Butler. English texts.\" \/>\n<meta property=\"og:url\" content=\"https:\/\/www.comprarmejor.es\/en\/product\/1904-wellingtons-operations-in-the-peninsula-1808-1814-by-captain-lewis-butler\/\" \/>\n<meta property=\"og:site_name\" content=\"ComprarMejor\" \/>\n<meta property=\"article:modified_time\" content=\"2019-09-08T20:57:37+00:00\" \/>\n<meta property=\"og:image\" content=\"https:\/\/www.comprarmejor.es\/wp-content\/uploads\/2015\/12\/p_1_5_1_6_1516-Wellington\u2019s-operations-in-the-Peninsula-1808-1814-by-Captain-Lewis-Butler-1904.jpg\" \/>\n\t<meta property=\"og:image:width\" content=\"600\" \/>\n\t<meta property=\"og:image:height\" content=\"436\" \/>\n\t<meta property=\"og:image:type\" content=\"image\/jpeg\" \/>\n<meta name=\"twitter:card\" content=\"summary_large_image\" \/>\n<meta name=\"twitter:label1\" content=\"Est. reading time\" \/>\n\t<meta name=\"twitter:data1\" content=\"1 minute\" \/>\n<script type=\"application\/ld+json\" class=\"yoast-schema-graph\">{\"@context\":\"https:\\\/\\\/schema.org\",\"@graph\":[{\"@type\":\"WebPage\",\"@id\":\"https:\\\/\\\/www.comprarmejor.es\\\/en\\\/product\\\/1904-wellingtons-operations-in-the-peninsula-1808-1814-by-captain-lewis-butler\\\/\",\"url\":\"https:\\\/\\\/www.comprarmejor.es\\\/en\\\/product\\\/1904-wellingtons-operations-in-the-peninsula-1808-1814-by-captain-lewis-butler\\\/\",\"name\":\"Wellington's operations in the Peninsula (1808-1814), by Lewis Butler\",\"isPartOf\":{\"@id\":\"https:\\\/\\\/www.comprarmejor.es\\\/en\\\/#website\"},\"primaryImageOfPage\":{\"@id\":\"https:\\\/\\\/www.comprarmejor.es\\\/en\\\/product\\\/1904-wellingtons-operations-in-the-peninsula-1808-1814-by-captain-lewis-butler\\\/#primaryimage\"},\"image\":{\"@id\":\"https:\\\/\\\/www.comprarmejor.es\\\/en\\\/product\\\/1904-wellingtons-operations-in-the-peninsula-1808-1814-by-captain-lewis-butler\\\/#primaryimage\"},\"thumbnailUrl\":\"https:\\\/\\\/www.comprarmejor.es\\\/wp-content\\\/uploads\\\/2015\\\/12\\\/p_1_5_1_6_1516-Wellington\u2019s-operations-in-the-Peninsula-1808-1814-by-Captain-Lewis-Butler-1904.jpg\",\"datePublished\":\"2015-12-03T09:47:08+00:00\",\"dateModified\":\"2019-09-08T20:57:37+00:00\",\"description\":\"First edition of the book \\\"Wellington's operations in the Peninsula (1808-1814)\\\" by Captain Lewis Butler. English texts.\",\"breadcrumb\":{\"@id\":\"https:\\\/\\\/www.comprarmejor.es\\\/en\\\/product\\\/1904-wellingtons-operations-in-the-peninsula-1808-1814-by-captain-lewis-butler\\\/#breadcrumb\"},\"inLanguage\":\"en-US\",\"potentialAction\":[{\"@type\":\"ReadAction\",\"target\":[\"https:\\\/\\\/www.comprarmejor.es\\\/en\\\/product\\\/1904-wellingtons-operations-in-the-peninsula-1808-1814-by-captain-lewis-butler\\\/\"]}]},{\"@type\":\"ImageObject\",\"inLanguage\":\"en-US\",\"@id\":\"https:\\\/\\\/www.comprarmejor.es\\\/en\\\/product\\\/1904-wellingtons-operations-in-the-peninsula-1808-1814-by-captain-lewis-butler\\\/#primaryimage\",\"url\":\"https:\\\/\\\/www.comprarmejor.es\\\/wp-content\\\/uploads\\\/2015\\\/12\\\/p_1_5_1_6_1516-Wellington\u2019s-operations-in-the-Peninsula-1808-1814-by-Captain-Lewis-Butler-1904.jpg\",\"contentUrl\":\"https:\\\/\\\/www.comprarmejor.es\\\/wp-content\\\/uploads\\\/2015\\\/12\\\/p_1_5_1_6_1516-Wellington\u2019s-operations-in-the-Peninsula-1808-1814-by-Captain-Lewis-Butler-1904.jpg\",\"width\":600,\"height\":436},{\"@type\":\"BreadcrumbList\",\"@id\":\"https:\\\/\\\/www.comprarmejor.es\\\/en\\\/product\\\/1904-wellingtons-operations-in-the-peninsula-1808-1814-by-captain-lewis-butler\\\/#breadcrumb\",\"itemListElement\":[{\"@type\":\"ListItem\",\"position\":1,\"name\":\"Portada\",\"item\":\"https:\\\/\\\/www.comprarmejor.es\\\/en\\\/\"},{\"@type\":\"ListItem\",\"position\":2,\"name\":\"Shop\",\"item\":\"https:\\\/\\\/www.comprarmejor.es\\\/en\\\/shop\\\/\"},{\"@type\":\"ListItem\",\"position\":3,\"name\":\"1904 Wellington\u2019s operations in the Peninsula (1808-1814), by Captain Lewis Butler\"}]},{\"@type\":\"WebSite\",\"@id\":\"https:\\\/\\\/www.comprarmejor.es\\\/en\\\/#website\",\"url\":\"https:\\\/\\\/www.comprarmejor.es\\\/en\\\/\",\"name\":\"ComprarMejor\",\"description\":\"ComprarMejor\",\"publisher\":{\"@id\":\"https:\\\/\\\/www.comprarmejor.es\\\/en\\\/#organization\"},\"potentialAction\":[{\"@type\":\"SearchAction\",\"target\":{\"@type\":\"EntryPoint\",\"urlTemplate\":\"https:\\\/\\\/www.comprarmejor.es\\\/en\\\/?s={search_term_string}\"},\"query-input\":{\"@type\":\"PropertyValueSpecification\",\"valueRequired\":true,\"valueName\":\"search_term_string\"}}],\"inLanguage\":\"en-US\"},{\"@type\":\"Organization\",\"@id\":\"https:\\\/\\\/www.comprarmejor.es\\\/en\\\/#organization\",\"name\":\"COMPRAR MEJOR\",\"url\":\"https:\\\/\\\/www.comprarmejor.es\\\/en\\\/\",\"logo\":{\"@type\":\"ImageObject\",\"inLanguage\":\"en-US\",\"@id\":\"https:\\\/\\\/www.comprarmejor.es\\\/en\\\/#\\\/schema\\\/logo\\\/image\\\/\",\"url\":\"https:\\\/\\\/www.comprarmejor.es\\\/wp-content\\\/uploads\\\/2025\\\/09\\\/comprarmejortrinidad.jpg\",\"contentUrl\":\"https:\\\/\\\/www.comprarmejor.es\\\/wp-content\\\/uploads\\\/2025\\\/09\\\/comprarmejortrinidad.jpg\",\"width\":1022,\"height\":1380,\"caption\":\"COMPRAR MEJOR\"},\"image\":{\"@id\":\"https:\\\/\\\/www.comprarmejor.es\\\/en\\\/#\\\/schema\\\/logo\\\/image\\\/\"},\"sameAs\":[\"https:\\\/\\\/www.instagram.com\\\/amigosdelcodice\"]}]}<\/script>\n<!-- \/ Yoast SEO plugin. -->","yoast_head_json":{"title":"Wellington's operations in the Peninsula (1808-1814), by Lewis Butler","description":"First edition of the book \"Wellington's operations in the Peninsula (1808-1814)\" by Captain Lewis Butler. English texts.","robots":{"index":"index","follow":"follow","max-snippet":"max-snippet:-1","max-image-preview":"max-image-preview:large","max-video-preview":"max-video-preview:-1"},"canonical":"https:\/\/www.comprarmejor.es\/en\/product\/1904-wellingtons-operations-in-the-peninsula-1808-1814-by-captain-lewis-butler\/","og_locale":"en_US","og_type":"article","og_title":"Wellington's operations in the Peninsula (1808-1814), by Lewis Butler","og_description":"First edition of the book \"Wellington's operations in the Peninsula (1808-1814)\" by Captain Lewis Butler. English texts.","og_url":"https:\/\/www.comprarmejor.es\/en\/product\/1904-wellingtons-operations-in-the-peninsula-1808-1814-by-captain-lewis-butler\/","og_site_name":"ComprarMejor","article_modified_time":"2019-09-08T20:57:37+00:00","og_image":[{"width":600,"height":436,"url":"https:\/\/www.comprarmejor.es\/wp-content\/uploads\/2015\/12\/p_1_5_1_6_1516-Wellington\u2019s-operations-in-the-Peninsula-1808-1814-by-Captain-Lewis-Butler-1904.jpg","type":"image\/jpeg"}],"twitter_card":"summary_large_image","twitter_misc":{"Est. reading time":"1 minute"},"schema":{"@context":"https:\/\/schema.org","@graph":[{"@type":"WebPage","@id":"https:\/\/www.comprarmejor.es\/en\/product\/1904-wellingtons-operations-in-the-peninsula-1808-1814-by-captain-lewis-butler\/","url":"https:\/\/www.comprarmejor.es\/en\/product\/1904-wellingtons-operations-in-the-peninsula-1808-1814-by-captain-lewis-butler\/","name":"Wellington's operations in the Peninsula (1808-1814), by Lewis Butler","isPartOf":{"@id":"https:\/\/www.comprarmejor.es\/en\/#website"},"primaryImageOfPage":{"@id":"https:\/\/www.comprarmejor.es\/en\/product\/1904-wellingtons-operations-in-the-peninsula-1808-1814-by-captain-lewis-butler\/#primaryimage"},"image":{"@id":"https:\/\/www.comprarmejor.es\/en\/product\/1904-wellingtons-operations-in-the-peninsula-1808-1814-by-captain-lewis-butler\/#primaryimage"},"thumbnailUrl":"https:\/\/www.comprarmejor.es\/wp-content\/uploads\/2015\/12\/p_1_5_1_6_1516-Wellington\u2019s-operations-in-the-Peninsula-1808-1814-by-Captain-Lewis-Butler-1904.jpg","datePublished":"2015-12-03T09:47:08+00:00","dateModified":"2019-09-08T20:57:37+00:00","description":"First edition of the book \"Wellington's operations in the Peninsula (1808-1814)\" by Captain Lewis Butler. English texts.","breadcrumb":{"@id":"https:\/\/www.comprarmejor.es\/en\/product\/1904-wellingtons-operations-in-the-peninsula-1808-1814-by-captain-lewis-butler\/#breadcrumb"},"inLanguage":"en-US","potentialAction":[{"@type":"ReadAction","target":["https:\/\/www.comprarmejor.es\/en\/product\/1904-wellingtons-operations-in-the-peninsula-1808-1814-by-captain-lewis-butler\/"]}]},{"@type":"ImageObject","inLanguage":"en-US","@id":"https:\/\/www.comprarmejor.es\/en\/product\/1904-wellingtons-operations-in-the-peninsula-1808-1814-by-captain-lewis-butler\/#primaryimage","url":"https:\/\/www.comprarmejor.es\/wp-content\/uploads\/2015\/12\/p_1_5_1_6_1516-Wellington\u2019s-operations-in-the-Peninsula-1808-1814-by-Captain-Lewis-Butler-1904.jpg","contentUrl":"https:\/\/www.comprarmejor.es\/wp-content\/uploads\/2015\/12\/p_1_5_1_6_1516-Wellington\u2019s-operations-in-the-Peninsula-1808-1814-by-Captain-Lewis-Butler-1904.jpg","width":600,"height":436},{"@type":"BreadcrumbList","@id":"https:\/\/www.comprarmejor.es\/en\/product\/1904-wellingtons-operations-in-the-peninsula-1808-1814-by-captain-lewis-butler\/#breadcrumb","itemListElement":[{"@type":"ListItem","position":1,"name":"Portada","item":"https:\/\/www.comprarmejor.es\/en\/"},{"@type":"ListItem","position":2,"name":"Shop","item":"https:\/\/www.comprarmejor.es\/en\/shop\/"},{"@type":"ListItem","position":3,"name":"1904 Wellington\u2019s operations in the Peninsula (1808-1814), by Captain Lewis Butler"}]},{"@type":"WebSite","@id":"https:\/\/www.comprarmejor.es\/en\/#website","url":"https:\/\/www.comprarmejor.es\/en\/","name":"ComprarMejor","description":"ComprarMejor","publisher":{"@id":"https:\/\/www.comprarmejor.es\/en\/#organization"},"potentialAction":[{"@type":"SearchAction","target":{"@type":"EntryPoint","urlTemplate":"https:\/\/www.comprarmejor.es\/en\/?s={search_term_string}"},"query-input":{"@type":"PropertyValueSpecification","valueRequired":true,"valueName":"search_term_string"}}],"inLanguage":"en-US"},{"@type":"Organization","@id":"https:\/\/www.comprarmejor.es\/en\/#organization","name":"COMPRAR MEJOR","url":"https:\/\/www.comprarmejor.es\/en\/","logo":{"@type":"ImageObject","inLanguage":"en-US","@id":"https:\/\/www.comprarmejor.es\/en\/#\/schema\/logo\/image\/","url":"https:\/\/www.comprarmejor.es\/wp-content\/uploads\/2025\/09\/comprarmejortrinidad.jpg","contentUrl":"https:\/\/www.comprarmejor.es\/wp-content\/uploads\/2025\/09\/comprarmejortrinidad.jpg","width":1022,"height":1380,"caption":"COMPRAR MEJOR"},"image":{"@id":"https:\/\/www.comprarmejor.es\/en\/#\/schema\/logo\/image\/"},"sameAs":["https:\/\/www.instagram.com\/amigosdelcodice"]}]}},"_links":{"self":[{"href":"https:\/\/www.comprarmejor.es\/en\/wp-json\/wp\/v2\/product\/49479","targetHints":{"allow":["GET"]}}],"collection":[{"href":"https:\/\/www.comprarmejor.es\/en\/wp-json\/wp\/v2\/product"}],"about":[{"href":"https:\/\/www.comprarmejor.es\/en\/wp-json\/wp\/v2\/types\/product"}],"wp:featuredmedia":[{"embeddable":true,"href":"https:\/\/www.comprarmejor.es\/en\/wp-json\/wp\/v2\/media\/49463"}],"wp:attachment":[{"href":"https:\/\/www.comprarmejor.es\/en\/wp-json\/wp\/v2\/media?parent=49479"}],"wp:term":[{"taxonomy":"product_brand","embeddable":true,"href":"https:\/\/www.comprarmejor.es\/en\/wp-json\/wp\/v2\/product_brand?post=49479"},{"taxonomy":"product_cat","embeddable":true,"href":"https:\/\/www.comprarmejor.es\/en\/wp-json\/wp\/v2\/product_cat?post=49479"},{"taxonomy":"product_tag","embeddable":true,"href":"https:\/\/www.comprarmejor.es\/en\/wp-json\/wp\/v2\/product_tag?post=49479"}],"curies":[{"name":"wp","href":"https:\/\/api.w.org\/{rel}","templated":true}]}}