{"id":49495,"date":"2015-12-03T11:17:32","date_gmt":"2015-12-03T10:17:32","guid":{"rendered":"https:\/\/www.comprarmejor.es\/producto\/poema-de-mio-cid-per-abbat-manuscript-1207-g\/"},"modified":"2025-02-08T12:56:57","modified_gmt":"2025-02-08T11:56:57","slug":"getting-to-know-malaga-2-volumes-francisco-lancha-sur-ca-1994","status":"publish","type":"product","link":"https:\/\/www.comprarmejor.es\/en\/product\/getting-to-know-malaga-2-volumes-francisco-lancha-sur-ca-1994\/","title":{"rendered":"Getting to know M\u00e1laga. 2 volumes. Francisco Lancha. SUR, ca. 1994"},"content":{"rendered":"<p style=\"text-align: justify;\">Getting to know M\u00e1laga, cultural and tourist guide to the capital and its towns. Edited by Francisco Lancha. Collectible in 84 issues of the Diario SUR about the year 1994 (not stated) and bound in 2 volumes with texts in Spanish:<\/p>\n<p style=\"text-align: justify;\">Volume I: the Plain (Antequera and its area of \u200b\u200binfluence), the Axarqu\u00eda (V\u00e9lez-M\u00e1laga and its region), the Serran\u00eda (Ronda and the surrounding towns).<br \/>\nVolume II: the Serran\u00eda (2nd part), White villages (Costa del Sol and nearby towns), M\u00e1laga and its surroundings (the capital and its area of \u200b\u200binfluence).<\/p>\n<p style=\"text-align: justify;\">Books bound in illustrated hardcover cardboard, format 22 x 29 cm. 672 pages profusely illustrated in full color.<\/p>\n<p style=\"text-align: justify;\">Copy in perfect condition, new, unused. Essential work to discover Malaga and its province.<\/p>\n<p style=\"text-align: justify;\">Shipping costs according to order and destination. <span title=\"Cons\u00faltenos cualquier duda, as\u00ed como por cualquier otro facs\u00edmile que est\u00e9 buscando.\"><a class=\"btn btn-default\" href=\"https:\/\/www.comprarmejor.es\/en\/contact\">Ask us<\/a> <span class=\"HwtZe\" lang=\"en\"><span class=\"jCAhz ChMk0b\"><span class=\"ryNqvb\">any questions, indicating the item reference.<\/span><\/span><\/span><br \/>\n<\/span><\/p>\n","protected":false},"excerpt":{"rendered":"<p style=\"text-align: justify;\"><span id=\"result_box\" lang=\"en\" xml:lang=\"en\"><span title=\"Extraordinaria edici\u00f3n facs\u00edmile del manuscrito de Per Abbat, 1207. Edici\u00f3n conmemorativa VIII Centenario.\"><span lang=\"en\" xml:lang=\"en\"><span class=\"VIiyi\" lang=\"en\"><span class=\"JLqJ4b\" data-language-for-alternatives=\"en\" data-language-to-translate-into=\"es\" data-phrase-index=\"0\" data-number-of-phrases=\"1\"><span class=\"HwtZe\" lang=\"en\"><span class=\"jCAhz ChMk0b\"><span class=\"ryNqvb\">Getting to know M\u00e1laga, cultural and tourist guide to the capital and its towns.<\/span><\/span> <span class=\"jCAhz\"><span class=\"ryNqvb\">Edited by Francisco Lancha.<\/span><\/span> <span class=\"jCAhz ChMk0b\"><span class=\"ryNqvb\">Collectible in 84 issues of the Diario SUR<\/span><\/span><\/span><\/span><\/span><\/span><\/span><\/span><\/p>\n","protected":false},"featured_media":100629,"template":"","meta":[],"product_brand":[],"product_cat":[2256],"product_tag":[5120,4704],"class_list":{"0":"post-49495","1":"product","2":"type-product","3":"status-publish","4":"has-post-thumbnail","6":"product_cat-books-in-general","7":"product_tag-history-en","8":"product_tag-ronda-en","9":"product_shipping_class-from-2-to-5-kg","10":"description-off","12":"first","13":"instock","14":"taxable","15":"shipping-taxable","16":"purchasable","17":"product-type-simple"},"yoast_head":"<!-- This site is optimized with the Yoast SEO plugin v27.3 - https:\/\/yoast.com\/product\/yoast-seo-wordpress\/ -->\n<title>Getting to know M\u00e1laga. 2 volumes. Francisco Lancha. SUR,<\/title>\n<meta name=\"description\" content=\"Getting to know M\u00e1laga, cultural and tourist guide to the capital and its towns. Edited by Francisco Lancha. Collectible in 84 issues of the Diario SUR\" \/>\n<meta name=\"robots\" content=\"index, follow, max-snippet:-1, max-image-preview:large, max-video-preview:-1\" \/>\n<link rel=\"canonical\" href=\"https:\/\/www.comprarmejor.es\/en\/product\/getting-to-know-malaga-2-volumes-francisco-lancha-sur-ca-1994\/\" \/>\n<meta property=\"og:locale\" content=\"en_US\" \/>\n<meta property=\"og:type\" content=\"article\" \/>\n<meta property=\"og:title\" content=\"Getting to know M\u00e1laga. 2 volumes. Francisco Lancha. SUR,\" \/>\n<meta property=\"og:description\" content=\"Getting to know M\u00e1laga, cultural and tourist guide to the capital and its towns. Edited by Francisco Lancha. Collectible in 84 issues of the Diario SUR\" \/>\n<meta property=\"og:url\" content=\"https:\/\/www.comprarmejor.es\/en\/product\/getting-to-know-malaga-2-volumes-francisco-lancha-sur-ca-1994\/\" \/>\n<meta property=\"og:site_name\" content=\"ComprarMejor\" \/>\n<meta property=\"article:modified_time\" content=\"2025-02-08T11:56:57+00:00\" \/>\n<meta property=\"og:image\" content=\"https:\/\/www.comprarmejor.es\/wp-content\/uploads\/2015\/12\/CM2t-1.jpg\" \/>\n\t<meta property=\"og:image:width\" content=\"758\" \/>\n\t<meta property=\"og:image:height\" content=\"424\" \/>\n\t<meta property=\"og:image:type\" content=\"image\/jpeg\" \/>\n<meta name=\"twitter:card\" content=\"summary_large_image\" \/>\n<meta name=\"twitter:label1\" content=\"Est. reading time\" \/>\n\t<meta name=\"twitter:data1\" content=\"1 minute\" \/>\n<script type=\"application\/ld+json\" class=\"yoast-schema-graph\">{\"@context\":\"https:\\\/\\\/schema.org\",\"@graph\":[{\"@type\":\"WebPage\",\"@id\":\"https:\\\/\\\/www.comprarmejor.es\\\/en\\\/product\\\/getting-to-know-malaga-2-volumes-francisco-lancha-sur-ca-1994\\\/\",\"url\":\"https:\\\/\\\/www.comprarmejor.es\\\/en\\\/product\\\/getting-to-know-malaga-2-volumes-francisco-lancha-sur-ca-1994\\\/\",\"name\":\"Getting to know M\u00e1laga. 2 volumes. Francisco Lancha. SUR,\",\"isPartOf\":{\"@id\":\"https:\\\/\\\/www.comprarmejor.es\\\/en\\\/#website\"},\"primaryImageOfPage\":{\"@id\":\"https:\\\/\\\/www.comprarmejor.es\\\/en\\\/product\\\/getting-to-know-malaga-2-volumes-francisco-lancha-sur-ca-1994\\\/#primaryimage\"},\"image\":{\"@id\":\"https:\\\/\\\/www.comprarmejor.es\\\/en\\\/product\\\/getting-to-know-malaga-2-volumes-francisco-lancha-sur-ca-1994\\\/#primaryimage\"},\"thumbnailUrl\":\"https:\\\/\\\/www.comprarmejor.es\\\/wp-content\\\/uploads\\\/2015\\\/12\\\/CM2t-1.jpg\",\"datePublished\":\"2015-12-03T10:17:32+00:00\",\"dateModified\":\"2025-02-08T11:56:57+00:00\",\"description\":\"Getting to know M\u00e1laga, cultural and tourist guide to the capital and its towns. Edited by Francisco Lancha. Collectible in 84 issues of the Diario SUR\",\"breadcrumb\":{\"@id\":\"https:\\\/\\\/www.comprarmejor.es\\\/en\\\/product\\\/getting-to-know-malaga-2-volumes-francisco-lancha-sur-ca-1994\\\/#breadcrumb\"},\"inLanguage\":\"en-US\",\"potentialAction\":[{\"@type\":\"ReadAction\",\"target\":[\"https:\\\/\\\/www.comprarmejor.es\\\/en\\\/product\\\/getting-to-know-malaga-2-volumes-francisco-lancha-sur-ca-1994\\\/\"]}]},{\"@type\":\"ImageObject\",\"inLanguage\":\"en-US\",\"@id\":\"https:\\\/\\\/www.comprarmejor.es\\\/en\\\/product\\\/getting-to-know-malaga-2-volumes-francisco-lancha-sur-ca-1994\\\/#primaryimage\",\"url\":\"https:\\\/\\\/www.comprarmejor.es\\\/wp-content\\\/uploads\\\/2015\\\/12\\\/CM2t-1.jpg\",\"contentUrl\":\"https:\\\/\\\/www.comprarmejor.es\\\/wp-content\\\/uploads\\\/2015\\\/12\\\/CM2t-1.jpg\",\"width\":758,\"height\":424},{\"@type\":\"BreadcrumbList\",\"@id\":\"https:\\\/\\\/www.comprarmejor.es\\\/en\\\/product\\\/getting-to-know-malaga-2-volumes-francisco-lancha-sur-ca-1994\\\/#breadcrumb\",\"itemListElement\":[{\"@type\":\"ListItem\",\"position\":1,\"name\":\"Portada\",\"item\":\"https:\\\/\\\/www.comprarmejor.es\\\/en\\\/\"},{\"@type\":\"ListItem\",\"position\":2,\"name\":\"Shop\",\"item\":\"https:\\\/\\\/www.comprarmejor.es\\\/en\\\/shop\\\/\"},{\"@type\":\"ListItem\",\"position\":3,\"name\":\"Getting to know M\u00e1laga. 2 volumes. Francisco Lancha. SUR, ca. 1994\"}]},{\"@type\":\"WebSite\",\"@id\":\"https:\\\/\\\/www.comprarmejor.es\\\/en\\\/#website\",\"url\":\"https:\\\/\\\/www.comprarmejor.es\\\/en\\\/\",\"name\":\"ComprarMejor\",\"description\":\"ComprarMejor\",\"publisher\":{\"@id\":\"https:\\\/\\\/www.comprarmejor.es\\\/en\\\/#organization\"},\"potentialAction\":[{\"@type\":\"SearchAction\",\"target\":{\"@type\":\"EntryPoint\",\"urlTemplate\":\"https:\\\/\\\/www.comprarmejor.es\\\/en\\\/?s={search_term_string}\"},\"query-input\":{\"@type\":\"PropertyValueSpecification\",\"valueRequired\":true,\"valueName\":\"search_term_string\"}}],\"inLanguage\":\"en-US\"},{\"@type\":\"Organization\",\"@id\":\"https:\\\/\\\/www.comprarmejor.es\\\/en\\\/#organization\",\"name\":\"COMPRAR MEJOR\",\"url\":\"https:\\\/\\\/www.comprarmejor.es\\\/en\\\/\",\"logo\":{\"@type\":\"ImageObject\",\"inLanguage\":\"en-US\",\"@id\":\"https:\\\/\\\/www.comprarmejor.es\\\/en\\\/#\\\/schema\\\/logo\\\/image\\\/\",\"url\":\"https:\\\/\\\/www.comprarmejor.es\\\/wp-content\\\/uploads\\\/2025\\\/09\\\/comprarmejortrinidad.jpg\",\"contentUrl\":\"https:\\\/\\\/www.comprarmejor.es\\\/wp-content\\\/uploads\\\/2025\\\/09\\\/comprarmejortrinidad.jpg\",\"width\":1022,\"height\":1380,\"caption\":\"COMPRAR MEJOR\"},\"image\":{\"@id\":\"https:\\\/\\\/www.comprarmejor.es\\\/en\\\/#\\\/schema\\\/logo\\\/image\\\/\"},\"sameAs\":[\"https:\\\/\\\/www.instagram.com\\\/amigosdelcodice\"]}]}<\/script>\n<!-- \/ Yoast SEO plugin. -->","yoast_head_json":{"title":"Getting to know M\u00e1laga. 2 volumes. Francisco Lancha. SUR,","description":"Getting to know M\u00e1laga, cultural and tourist guide to the capital and its towns. Edited by Francisco Lancha. Collectible in 84 issues of the Diario SUR","robots":{"index":"index","follow":"follow","max-snippet":"max-snippet:-1","max-image-preview":"max-image-preview:large","max-video-preview":"max-video-preview:-1"},"canonical":"https:\/\/www.comprarmejor.es\/en\/product\/getting-to-know-malaga-2-volumes-francisco-lancha-sur-ca-1994\/","og_locale":"en_US","og_type":"article","og_title":"Getting to know M\u00e1laga. 2 volumes. Francisco Lancha. SUR,","og_description":"Getting to know M\u00e1laga, cultural and tourist guide to the capital and its towns. Edited by Francisco Lancha. Collectible in 84 issues of the Diario SUR","og_url":"https:\/\/www.comprarmejor.es\/en\/product\/getting-to-know-malaga-2-volumes-francisco-lancha-sur-ca-1994\/","og_site_name":"ComprarMejor","article_modified_time":"2025-02-08T11:56:57+00:00","og_image":[{"width":758,"height":424,"url":"https:\/\/www.comprarmejor.es\/wp-content\/uploads\/2015\/12\/CM2t-1.jpg","type":"image\/jpeg"}],"twitter_card":"summary_large_image","twitter_misc":{"Est. reading time":"1 minute"},"schema":{"@context":"https:\/\/schema.org","@graph":[{"@type":"WebPage","@id":"https:\/\/www.comprarmejor.es\/en\/product\/getting-to-know-malaga-2-volumes-francisco-lancha-sur-ca-1994\/","url":"https:\/\/www.comprarmejor.es\/en\/product\/getting-to-know-malaga-2-volumes-francisco-lancha-sur-ca-1994\/","name":"Getting to know M\u00e1laga. 2 volumes. Francisco Lancha. SUR,","isPartOf":{"@id":"https:\/\/www.comprarmejor.es\/en\/#website"},"primaryImageOfPage":{"@id":"https:\/\/www.comprarmejor.es\/en\/product\/getting-to-know-malaga-2-volumes-francisco-lancha-sur-ca-1994\/#primaryimage"},"image":{"@id":"https:\/\/www.comprarmejor.es\/en\/product\/getting-to-know-malaga-2-volumes-francisco-lancha-sur-ca-1994\/#primaryimage"},"thumbnailUrl":"https:\/\/www.comprarmejor.es\/wp-content\/uploads\/2015\/12\/CM2t-1.jpg","datePublished":"2015-12-03T10:17:32+00:00","dateModified":"2025-02-08T11:56:57+00:00","description":"Getting to know M\u00e1laga, cultural and tourist guide to the capital and its towns. Edited by Francisco Lancha. Collectible in 84 issues of the Diario SUR","breadcrumb":{"@id":"https:\/\/www.comprarmejor.es\/en\/product\/getting-to-know-malaga-2-volumes-francisco-lancha-sur-ca-1994\/#breadcrumb"},"inLanguage":"en-US","potentialAction":[{"@type":"ReadAction","target":["https:\/\/www.comprarmejor.es\/en\/product\/getting-to-know-malaga-2-volumes-francisco-lancha-sur-ca-1994\/"]}]},{"@type":"ImageObject","inLanguage":"en-US","@id":"https:\/\/www.comprarmejor.es\/en\/product\/getting-to-know-malaga-2-volumes-francisco-lancha-sur-ca-1994\/#primaryimage","url":"https:\/\/www.comprarmejor.es\/wp-content\/uploads\/2015\/12\/CM2t-1.jpg","contentUrl":"https:\/\/www.comprarmejor.es\/wp-content\/uploads\/2015\/12\/CM2t-1.jpg","width":758,"height":424},{"@type":"BreadcrumbList","@id":"https:\/\/www.comprarmejor.es\/en\/product\/getting-to-know-malaga-2-volumes-francisco-lancha-sur-ca-1994\/#breadcrumb","itemListElement":[{"@type":"ListItem","position":1,"name":"Portada","item":"https:\/\/www.comprarmejor.es\/en\/"},{"@type":"ListItem","position":2,"name":"Shop","item":"https:\/\/www.comprarmejor.es\/en\/shop\/"},{"@type":"ListItem","position":3,"name":"Getting to know M\u00e1laga. 2 volumes. Francisco Lancha. SUR, ca. 1994"}]},{"@type":"WebSite","@id":"https:\/\/www.comprarmejor.es\/en\/#website","url":"https:\/\/www.comprarmejor.es\/en\/","name":"ComprarMejor","description":"ComprarMejor","publisher":{"@id":"https:\/\/www.comprarmejor.es\/en\/#organization"},"potentialAction":[{"@type":"SearchAction","target":{"@type":"EntryPoint","urlTemplate":"https:\/\/www.comprarmejor.es\/en\/?s={search_term_string}"},"query-input":{"@type":"PropertyValueSpecification","valueRequired":true,"valueName":"search_term_string"}}],"inLanguage":"en-US"},{"@type":"Organization","@id":"https:\/\/www.comprarmejor.es\/en\/#organization","name":"COMPRAR MEJOR","url":"https:\/\/www.comprarmejor.es\/en\/","logo":{"@type":"ImageObject","inLanguage":"en-US","@id":"https:\/\/www.comprarmejor.es\/en\/#\/schema\/logo\/image\/","url":"https:\/\/www.comprarmejor.es\/wp-content\/uploads\/2025\/09\/comprarmejortrinidad.jpg","contentUrl":"https:\/\/www.comprarmejor.es\/wp-content\/uploads\/2025\/09\/comprarmejortrinidad.jpg","width":1022,"height":1380,"caption":"COMPRAR MEJOR"},"image":{"@id":"https:\/\/www.comprarmejor.es\/en\/#\/schema\/logo\/image\/"},"sameAs":["https:\/\/www.instagram.com\/amigosdelcodice"]}]}},"_links":{"self":[{"href":"https:\/\/www.comprarmejor.es\/en\/wp-json\/wp\/v2\/product\/49495","targetHints":{"allow":["GET"]}}],"collection":[{"href":"https:\/\/www.comprarmejor.es\/en\/wp-json\/wp\/v2\/product"}],"about":[{"href":"https:\/\/www.comprarmejor.es\/en\/wp-json\/wp\/v2\/types\/product"}],"wp:featuredmedia":[{"embeddable":true,"href":"https:\/\/www.comprarmejor.es\/en\/wp-json\/wp\/v2\/media\/100629"}],"wp:attachment":[{"href":"https:\/\/www.comprarmejor.es\/en\/wp-json\/wp\/v2\/media?parent=49495"}],"wp:term":[{"taxonomy":"product_brand","embeddable":true,"href":"https:\/\/www.comprarmejor.es\/en\/wp-json\/wp\/v2\/product_brand?post=49495"},{"taxonomy":"product_cat","embeddable":true,"href":"https:\/\/www.comprarmejor.es\/en\/wp-json\/wp\/v2\/product_cat?post=49495"},{"taxonomy":"product_tag","embeddable":true,"href":"https:\/\/www.comprarmejor.es\/en\/wp-json\/wp\/v2\/product_tag?post=49495"}],"curies":[{"name":"wp","href":"https:\/\/api.w.org\/{rel}","templated":true}]}}