{"id":49545,"date":"2015-12-04T18:21:06","date_gmt":"2015-12-04T17:21:06","guid":{"rendered":"https:\/\/www.comprarmejor.es\/producto\/1493-liber-chronicarum\/"},"modified":"2024-08-29T16:44:39","modified_gmt":"2024-08-29T14:44:39","slug":"1493-liber-chronicarum","status":"publish","type":"product","link":"https:\/\/www.comprarmejor.es\/en\/product\/1493-liber-chronicarum\/","title":{"rendered":"Liber Chronicarum, the most illustrated incunabula, 1493 (in color) (5*+)"},"content":{"rendered":"<p style=\"text-align: justify;\"><span id=\"result_box\" lang=\"en\" xml:lang=\"en\"><span title=\"Precio excepcional para un \u00fanico ejemplar.\"><span lang=\"en\" xml:lang=\"en\"><span title=\"Liber Chronicarum, Historia del mundo desde la Creaci\u00f3n hasta 1492. Impreso en Nuremberg en 1493 por Antonius Koberger, &quot;el pr\u00edncipe de los libreros&quot;.\">Liber Chronicarum, World History from Creation to 1492. Printed in Nuremberg in 1493 by Antonius Koberger, &#8220;the prince of booksellers&#8221;. <\/span><span title=\"El incunable m\u00e1s ilustrado del mundo, el incunable de los incunables.\">The most enlightened in the world incunabula, the incunabula of incunabula. <\/span><span title=\"\u00a1Un 5 estrellas plus en toda gran Biblioteca!\">A five star plus in every great library!<\/span><\/span><\/span><\/span><\/p>\n<p style=\"text-align: justify;\"><span title=\"Facs\u00edmile del original conservado en el Monasterio de Santa Mar\u00eda de la Vid (Burgos).\">Facsimile of the original preserved in the Monastery of Santa Maria de la Vid (Burgos).<\/span><\/p>\n<p style=\"text-align: justify;\"><span title=\"Impresionante facs\u00edmile gran formato 34 x 47 x 10 cm.\">Facsimile impressive large format 34 x 47 x 10 cm. <\/span><span title=\"658 p\u00e1ginas.\">658 pages. <\/span><span title=\"Encuadernado en piel gofrada, con 2 cierres.\">Bound in embossed leather with 2 locks. <\/span><span title=\"M\u00e1s de 1.800 xilograf\u00edas dibujadas por el maestro de Durero, Michael Wolgemuth.\">More than 1,800 woodcuts drawn by master D\u00fcrer, Michael Wolgemuth. <\/span><span title=\"Son grabados coloreados a mano diestramente por un artista an\u00f3nimo y que conservan todo su esplendor.\">They are artfully hand-colored engravings by an anonymous artist and retain all its glory. <\/span><span title=\"Temas b\u00edblicos y profanos, \u00e1rboles geneal\u00f3gicos, mapas, vistas de ciudades, retratos e im\u00e1genes... \u00a1un aut\u00e9ntico e impresionante despliegue de formas y colores!\">Biblical themes and profan<span id=\"result_box\" lang=\"en\" xml:lang=\"en\"><span title=\"Precio excepcional para un \u00fanico ejemplar.\"><span lang=\"en\" xml:lang=\"en\"><span title=\"Liber Chronicarum, Historia del mundo desde la Creaci\u00f3n hasta 1492. Impreso en Nuremberg en 1493 por Antonius Koberger, &quot;el pr\u00edncipe de los libreros&quot;.\">Liber Chronicarum, World History from Creation to 1492. Printed in Nuremberg in 1493 by Antonius Koberger, &#8220;the prince of booksellers&#8221;. <\/span><span title=\"El incunable m\u00e1s ilustrado del mundo, el incunable de los incunables.\">The most enlightened in the world incunabula, the incunabula of incunabula<\/span><\/span><\/span><\/span>e, family trees, maps, cityscapes, portraits and images &#8230; a genuine and impressive array of shapes and colors!<\/span><\/p>\n<p style=\"text-align: justify;\"><span title=\"El facs\u00edmile se presenta en una elegante caja-estuche formato 37 x 50,5 x 12 cm, forrada en tela con tejuelos en piel gofrada.\">The facsimile is presented in an elegant box-case format 37 x 50.5 x 12 cm, cloth lined with tejuelos in embossed leather.<\/span><\/p>\n<p style=\"text-align: justify;\"><span title=\"Premio Nacional 2003. Libros Mejor Editados en el a\u00f1o 2002. Ministerio de Cultura.\">National Prize 2003. Best books published in 2002. Ministry of Culture. <\/span><span title=\"Modalidad: Libros Facs\u00edmiles.\">Type: Books Facsimiles.<\/span><\/p>\n<p style=\"text-align: justify;\"><span title=\"Acompa\u00f1ado de libro de estudios formato 27,5 x 37,5 cm.\">Accompanied book studies 27.5 x 37.5 cm format. <\/span><span title=\"622 p\u00e1ginas.\">622 pages. <\/span><span title=\"Encuadernado en tapa dura con sobrecubierta a todo color y presentado en estuche abierto tipo guardapolvo formato 27 x 38 x 5,5 cm.\">Bound in hardcover with jacket full color and presented in open type case 27 x 38 format smock x 5.5 cm. <\/span><span title=\"Este extraordinario volumen de estudios incluye la primera traducci\u00f3n \u00edntegra de esta obra al espa\u00f1ol.\">This extraordinary volume of studies includes the first complete translation of this work into Spanish.<\/span><\/p>\n<p style=\"text-align: justify;\"><span title=\"Edici\u00f3n limitada a 898 ejemplares numerados con acta notarial.\">Limited edition of 898 numbered copies with notarial deed.<\/span><\/p>\n<p style=\"text-align: justify;\"><span title=\"Espectacular ejemplar en perfecto estado, nuevo.\">Spectacular copy in perfect condition, new. <\/span><span title=\"El mejor de los Liber Chronicarum realizados hasta el momento;\">Liber best Chronicarum made so far; <\/span><span title=\"ninguno se hab\u00eda realizado con esta fidelidad al original y con la enorme calidad y cuidado que la editorial Silo\u00e9 ha puesto en todo el proceso de su elaboraci\u00f3n.\">none had done with this fidelity to the original and with great quality and care that the publisher has Siloam throughout the drafting process. <\/span><span title=\"Una calidad que ha merecido nuestra mayor calificaci\u00f3n a un facs\u00edmile: 5 estrellas plus.\">A quality that has earned our highest rating to a fax 5 stars plus.<\/span><\/p>\n<p style=\"text-align: justify;\"><span title=\"Gastos de env\u00edo por cuenta del comprador, seg\u00fan pedido y destino.\"><span class=\"HwtZe\" lang=\"en\"><span class=\"jCAhz ChMk0b\"><span class=\"ryNqvb\">Free shipping for this item<\/span><\/span><\/span>. <\/span><span title=\"Cons\u00faltenos cualquier duda, as\u00ed como por cualquier otro facs\u00edmile que est\u00e9 buscando.\"><a class=\"btn btn-default\" href=\"https:\/\/www.comprarmejor.es\/en\/contact\">Ask us<\/a> <span class=\"HwtZe\" lang=\"en\"><span class=\"jCAhz ChMk0b\"><span class=\"ryNqvb\">with any questions, indicating the item reference.<\/span><\/span><\/span><br \/>\n<\/span><\/p>\n","protected":false},"excerpt":{"rendered":"<p style=\"text-align: justify;\"><span id=\"result_box\" lang=\"en\" xml:lang=\"en\"><span title=\"Precio excepcional para un \u00fanico ejemplar.\"><span lang=\"en\" xml:lang=\"en\"><span title=\"Liber Chronicarum, Historia del mundo desde la Creaci\u00f3n hasta 1492. Impreso en Nuremberg en 1493 por Antonius Koberger, &quot;el pr\u00edncipe de los libreros&quot;.\">Liber Chronicarum, World History from Creation to 1492. Printed in Nuremberg in 1493 by Antonius Koberger, &#8220;the prince of booksellers&#8221;. <\/span><span title=\"El incunable m\u00e1s ilustrado del mundo, el incunable de los incunables.\">The most enlightened in the world incunabula, the incunabula of incunabula<\/span><\/span><\/span><\/span><\/p>\n","protected":false},"featured_media":49535,"template":"","meta":[],"product_brand":[],"product_cat":[2242,2208,2244],"product_tag":[4840,4286,5119],"class_list":{"0":"post-49545","1":"product","2":"type-product","3":"status-publish","4":"has-post-thumbnail","6":"product_cat-first-editions","7":"product_cat-grand-luxury-library","8":"product_cat-incunables-en","9":"product_tag-chronicarum-en","10":"product_tag-incunable-en-2","11":"product_tag-siloe-en","12":"description-off","14":"first","15":"instock","16":"sale","17":"featured","18":"taxable","19":"shipping-taxable","20":"purchasable","21":"product-type-simple"},"yoast_head":"<!-- This site is optimized with the Yoast SEO plugin v27.3 - https:\/\/yoast.com\/product\/yoast-seo-wordpress\/ -->\n<title>Liber Chronicarum, the most illustrated incunabula, 1493 (in color)<\/title>\n<meta name=\"description\" content=\"Liber Chronicarum, World History from Creation to 1492. Printed in Nuremberg in 1493. The incunabula of incunabula. A 5 star in every great\" \/>\n<meta name=\"robots\" content=\"index, follow, max-snippet:-1, max-image-preview:large, max-video-preview:-1\" \/>\n<link rel=\"canonical\" href=\"https:\/\/www.comprarmejor.es\/en\/product\/1493-liber-chronicarum\/\" \/>\n<meta property=\"og:locale\" content=\"en_US\" \/>\n<meta property=\"og:type\" content=\"article\" \/>\n<meta property=\"og:title\" content=\"Liber Chronicarum, the most illustrated incunabula, 1493 (in color)\" \/>\n<meta property=\"og:description\" content=\"Liber Chronicarum, World History from Creation to 1492. Printed in Nuremberg in 1493. The incunabula of incunabula. A 5 star in every great\" \/>\n<meta property=\"og:url\" content=\"https:\/\/www.comprarmejor.es\/en\/product\/1493-liber-chronicarum\/\" \/>\n<meta property=\"og:site_name\" content=\"ComprarMejor\" \/>\n<meta property=\"article:modified_time\" content=\"2024-08-29T14:44:39+00:00\" \/>\n<meta property=\"og:image\" content=\"https:\/\/www.comprarmejor.es\/wp-content\/uploads\/2015\/12\/p_6_0_1_3_6013-1493-Liber-Chronicarum.jpg\" \/>\n\t<meta property=\"og:image:width\" content=\"599\" \/>\n\t<meta property=\"og:image:height\" content=\"449\" \/>\n\t<meta property=\"og:image:type\" content=\"image\/jpeg\" \/>\n<meta name=\"twitter:card\" content=\"summary_large_image\" \/>\n<meta name=\"twitter:label1\" content=\"Est. reading time\" \/>\n\t<meta name=\"twitter:data1\" content=\"2 minutes\" \/>\n<script type=\"application\/ld+json\" class=\"yoast-schema-graph\">{\"@context\":\"https:\\\/\\\/schema.org\",\"@graph\":[{\"@type\":\"WebPage\",\"@id\":\"https:\\\/\\\/www.comprarmejor.es\\\/en\\\/product\\\/1493-liber-chronicarum\\\/\",\"url\":\"https:\\\/\\\/www.comprarmejor.es\\\/en\\\/product\\\/1493-liber-chronicarum\\\/\",\"name\":\"Liber Chronicarum, the most illustrated incunabula, 1493 (in color)\",\"isPartOf\":{\"@id\":\"https:\\\/\\\/www.comprarmejor.es\\\/en\\\/#website\"},\"primaryImageOfPage\":{\"@id\":\"https:\\\/\\\/www.comprarmejor.es\\\/en\\\/product\\\/1493-liber-chronicarum\\\/#primaryimage\"},\"image\":{\"@id\":\"https:\\\/\\\/www.comprarmejor.es\\\/en\\\/product\\\/1493-liber-chronicarum\\\/#primaryimage\"},\"thumbnailUrl\":\"https:\\\/\\\/www.comprarmejor.es\\\/wp-content\\\/uploads\\\/2015\\\/12\\\/p_6_0_1_3_6013-1493-Liber-Chronicarum.jpg\",\"datePublished\":\"2015-12-04T17:21:06+00:00\",\"dateModified\":\"2024-08-29T14:44:39+00:00\",\"description\":\"Liber Chronicarum, World History from Creation to 1492. Printed in Nuremberg in 1493. The incunabula of incunabula. A 5 star in every great\",\"breadcrumb\":{\"@id\":\"https:\\\/\\\/www.comprarmejor.es\\\/en\\\/product\\\/1493-liber-chronicarum\\\/#breadcrumb\"},\"inLanguage\":\"en-US\",\"potentialAction\":[{\"@type\":\"ReadAction\",\"target\":[\"https:\\\/\\\/www.comprarmejor.es\\\/en\\\/product\\\/1493-liber-chronicarum\\\/\"]}]},{\"@type\":\"ImageObject\",\"inLanguage\":\"en-US\",\"@id\":\"https:\\\/\\\/www.comprarmejor.es\\\/en\\\/product\\\/1493-liber-chronicarum\\\/#primaryimage\",\"url\":\"https:\\\/\\\/www.comprarmejor.es\\\/wp-content\\\/uploads\\\/2015\\\/12\\\/p_6_0_1_3_6013-1493-Liber-Chronicarum.jpg\",\"contentUrl\":\"https:\\\/\\\/www.comprarmejor.es\\\/wp-content\\\/uploads\\\/2015\\\/12\\\/p_6_0_1_3_6013-1493-Liber-Chronicarum.jpg\",\"width\":599,\"height\":449},{\"@type\":\"BreadcrumbList\",\"@id\":\"https:\\\/\\\/www.comprarmejor.es\\\/en\\\/product\\\/1493-liber-chronicarum\\\/#breadcrumb\",\"itemListElement\":[{\"@type\":\"ListItem\",\"position\":1,\"name\":\"Portada\",\"item\":\"https:\\\/\\\/www.comprarmejor.es\\\/en\\\/\"},{\"@type\":\"ListItem\",\"position\":2,\"name\":\"Shop\",\"item\":\"https:\\\/\\\/www.comprarmejor.es\\\/en\\\/shop\\\/\"},{\"@type\":\"ListItem\",\"position\":3,\"name\":\"Liber Chronicarum, the most illustrated incunabula, 1493 (in color) (5*+)\"}]},{\"@type\":\"WebSite\",\"@id\":\"https:\\\/\\\/www.comprarmejor.es\\\/en\\\/#website\",\"url\":\"https:\\\/\\\/www.comprarmejor.es\\\/en\\\/\",\"name\":\"ComprarMejor\",\"description\":\"ComprarMejor\",\"publisher\":{\"@id\":\"https:\\\/\\\/www.comprarmejor.es\\\/en\\\/#organization\"},\"potentialAction\":[{\"@type\":\"SearchAction\",\"target\":{\"@type\":\"EntryPoint\",\"urlTemplate\":\"https:\\\/\\\/www.comprarmejor.es\\\/en\\\/?s={search_term_string}\"},\"query-input\":{\"@type\":\"PropertyValueSpecification\",\"valueRequired\":true,\"valueName\":\"search_term_string\"}}],\"inLanguage\":\"en-US\"},{\"@type\":\"Organization\",\"@id\":\"https:\\\/\\\/www.comprarmejor.es\\\/en\\\/#organization\",\"name\":\"COMPRAR MEJOR\",\"url\":\"https:\\\/\\\/www.comprarmejor.es\\\/en\\\/\",\"logo\":{\"@type\":\"ImageObject\",\"inLanguage\":\"en-US\",\"@id\":\"https:\\\/\\\/www.comprarmejor.es\\\/en\\\/#\\\/schema\\\/logo\\\/image\\\/\",\"url\":\"https:\\\/\\\/www.comprarmejor.es\\\/wp-content\\\/uploads\\\/2025\\\/09\\\/comprarmejortrinidad.jpg\",\"contentUrl\":\"https:\\\/\\\/www.comprarmejor.es\\\/wp-content\\\/uploads\\\/2025\\\/09\\\/comprarmejortrinidad.jpg\",\"width\":1022,\"height\":1380,\"caption\":\"COMPRAR MEJOR\"},\"image\":{\"@id\":\"https:\\\/\\\/www.comprarmejor.es\\\/en\\\/#\\\/schema\\\/logo\\\/image\\\/\"},\"sameAs\":[\"https:\\\/\\\/www.instagram.com\\\/amigosdelcodice\"]}]}<\/script>\n<!-- \/ Yoast SEO plugin. -->","yoast_head_json":{"title":"Liber Chronicarum, the most illustrated incunabula, 1493 (in color)","description":"Liber Chronicarum, World History from Creation to 1492. Printed in Nuremberg in 1493. The incunabula of incunabula. A 5 star in every great","robots":{"index":"index","follow":"follow","max-snippet":"max-snippet:-1","max-image-preview":"max-image-preview:large","max-video-preview":"max-video-preview:-1"},"canonical":"https:\/\/www.comprarmejor.es\/en\/product\/1493-liber-chronicarum\/","og_locale":"en_US","og_type":"article","og_title":"Liber Chronicarum, the most illustrated incunabula, 1493 (in color)","og_description":"Liber Chronicarum, World History from Creation to 1492. Printed in Nuremberg in 1493. The incunabula of incunabula. A 5 star in every great","og_url":"https:\/\/www.comprarmejor.es\/en\/product\/1493-liber-chronicarum\/","og_site_name":"ComprarMejor","article_modified_time":"2024-08-29T14:44:39+00:00","og_image":[{"width":599,"height":449,"url":"https:\/\/www.comprarmejor.es\/wp-content\/uploads\/2015\/12\/p_6_0_1_3_6013-1493-Liber-Chronicarum.jpg","type":"image\/jpeg"}],"twitter_card":"summary_large_image","twitter_misc":{"Est. reading time":"2 minutes"},"schema":{"@context":"https:\/\/schema.org","@graph":[{"@type":"WebPage","@id":"https:\/\/www.comprarmejor.es\/en\/product\/1493-liber-chronicarum\/","url":"https:\/\/www.comprarmejor.es\/en\/product\/1493-liber-chronicarum\/","name":"Liber Chronicarum, the most illustrated incunabula, 1493 (in color)","isPartOf":{"@id":"https:\/\/www.comprarmejor.es\/en\/#website"},"primaryImageOfPage":{"@id":"https:\/\/www.comprarmejor.es\/en\/product\/1493-liber-chronicarum\/#primaryimage"},"image":{"@id":"https:\/\/www.comprarmejor.es\/en\/product\/1493-liber-chronicarum\/#primaryimage"},"thumbnailUrl":"https:\/\/www.comprarmejor.es\/wp-content\/uploads\/2015\/12\/p_6_0_1_3_6013-1493-Liber-Chronicarum.jpg","datePublished":"2015-12-04T17:21:06+00:00","dateModified":"2024-08-29T14:44:39+00:00","description":"Liber Chronicarum, World History from Creation to 1492. Printed in Nuremberg in 1493. The incunabula of incunabula. A 5 star in every great","breadcrumb":{"@id":"https:\/\/www.comprarmejor.es\/en\/product\/1493-liber-chronicarum\/#breadcrumb"},"inLanguage":"en-US","potentialAction":[{"@type":"ReadAction","target":["https:\/\/www.comprarmejor.es\/en\/product\/1493-liber-chronicarum\/"]}]},{"@type":"ImageObject","inLanguage":"en-US","@id":"https:\/\/www.comprarmejor.es\/en\/product\/1493-liber-chronicarum\/#primaryimage","url":"https:\/\/www.comprarmejor.es\/wp-content\/uploads\/2015\/12\/p_6_0_1_3_6013-1493-Liber-Chronicarum.jpg","contentUrl":"https:\/\/www.comprarmejor.es\/wp-content\/uploads\/2015\/12\/p_6_0_1_3_6013-1493-Liber-Chronicarum.jpg","width":599,"height":449},{"@type":"BreadcrumbList","@id":"https:\/\/www.comprarmejor.es\/en\/product\/1493-liber-chronicarum\/#breadcrumb","itemListElement":[{"@type":"ListItem","position":1,"name":"Portada","item":"https:\/\/www.comprarmejor.es\/en\/"},{"@type":"ListItem","position":2,"name":"Shop","item":"https:\/\/www.comprarmejor.es\/en\/shop\/"},{"@type":"ListItem","position":3,"name":"Liber Chronicarum, the most illustrated incunabula, 1493 (in color) (5*+)"}]},{"@type":"WebSite","@id":"https:\/\/www.comprarmejor.es\/en\/#website","url":"https:\/\/www.comprarmejor.es\/en\/","name":"ComprarMejor","description":"ComprarMejor","publisher":{"@id":"https:\/\/www.comprarmejor.es\/en\/#organization"},"potentialAction":[{"@type":"SearchAction","target":{"@type":"EntryPoint","urlTemplate":"https:\/\/www.comprarmejor.es\/en\/?s={search_term_string}"},"query-input":{"@type":"PropertyValueSpecification","valueRequired":true,"valueName":"search_term_string"}}],"inLanguage":"en-US"},{"@type":"Organization","@id":"https:\/\/www.comprarmejor.es\/en\/#organization","name":"COMPRAR MEJOR","url":"https:\/\/www.comprarmejor.es\/en\/","logo":{"@type":"ImageObject","inLanguage":"en-US","@id":"https:\/\/www.comprarmejor.es\/en\/#\/schema\/logo\/image\/","url":"https:\/\/www.comprarmejor.es\/wp-content\/uploads\/2025\/09\/comprarmejortrinidad.jpg","contentUrl":"https:\/\/www.comprarmejor.es\/wp-content\/uploads\/2025\/09\/comprarmejortrinidad.jpg","width":1022,"height":1380,"caption":"COMPRAR MEJOR"},"image":{"@id":"https:\/\/www.comprarmejor.es\/en\/#\/schema\/logo\/image\/"},"sameAs":["https:\/\/www.instagram.com\/amigosdelcodice"]}]}},"_links":{"self":[{"href":"https:\/\/www.comprarmejor.es\/en\/wp-json\/wp\/v2\/product\/49545","targetHints":{"allow":["GET"]}}],"collection":[{"href":"https:\/\/www.comprarmejor.es\/en\/wp-json\/wp\/v2\/product"}],"about":[{"href":"https:\/\/www.comprarmejor.es\/en\/wp-json\/wp\/v2\/types\/product"}],"wp:featuredmedia":[{"embeddable":true,"href":"https:\/\/www.comprarmejor.es\/en\/wp-json\/wp\/v2\/media\/49535"}],"wp:attachment":[{"href":"https:\/\/www.comprarmejor.es\/en\/wp-json\/wp\/v2\/media?parent=49545"}],"wp:term":[{"taxonomy":"product_brand","embeddable":true,"href":"https:\/\/www.comprarmejor.es\/en\/wp-json\/wp\/v2\/product_brand?post=49545"},{"taxonomy":"product_cat","embeddable":true,"href":"https:\/\/www.comprarmejor.es\/en\/wp-json\/wp\/v2\/product_cat?post=49545"},{"taxonomy":"product_tag","embeddable":true,"href":"https:\/\/www.comprarmejor.es\/en\/wp-json\/wp\/v2\/product_tag?post=49545"}],"curies":[{"name":"wp","href":"https:\/\/api.w.org\/{rel}","templated":true}]}}