{"id":49581,"date":"2015-12-05T10:20:03","date_gmt":"2015-12-05T09:20:03","guid":{"rendered":"https:\/\/www.comprarmejor.es\/producto\/gargantua-and-pantagruel-rabelais-ny-1936-english\/"},"modified":"2019-09-17T17:35:06","modified_gmt":"2019-09-17T15:35:06","slug":"gargantua-and-pantagruel-rabelais-ny-1936-english","status":"publish","type":"product","link":"https:\/\/www.comprarmejor.es\/en\/product\/gargantua-and-pantagruel-rabelais-ny-1936-english\/","title":{"rendered":"Gargantua and Pantagruel, Rabelais, NY 1936 (English)"},"content":{"rendered":"<p style=\"text-align:justify;\"><span id=\"result_box\" lang=\"en\" xml:lang=\"en\"><span title=\"Edici\u00f3n de The Limited Editions Club, Nueva York, original de 1936, de la obra de Fran\u00e7ois Rabelais: Gargantua and Pantagruel, the five books, newly translated into english by Jacques LeClerq with decorations by WA Dwiggins.\">Editing The Limited Editions Club, New York, original, 1936, the work of Fran\u00e7ois Rabelais: Gargantua and Pantagruel, the five books, newly translated into english by Jacques Leclercq with decorations by WA Dwiggins.<\/p>\n<p><\/span><span title=\"Textos en ingl\u00e9s.\">English texts. <\/span><span title=\"5 vol\u00famenes en 8\u00ba, formato 14,8 x 20,7 cm.\">5 volumes at 8, 14.8 x 20.7 cm format. <\/span><span title=\"M\u00e1s de 1.300 p\u00e1ginas en total.\">More than 1,300 pages in total. <\/span><span title=\"Presentados los 5 libros en una caja-estuche editorial abierta.\">Presentation of 5 books in an open box-case publisher. <\/span><span title=\"Todos ellos muy ilustrados.\">All very enlightened. <\/span><span title=\"Encuadernaci\u00f3n tela editorial con tejuelos ilustrados.\">Binding cloth publishing illustrated ingots.<\/p>\n<p><\/span><span title=\"Bell\u00edsima edici\u00f3n ilustrada de la celeb\u00e9rrima obra de Rabelais, limitada y numerada a mano, publicada para los miembros del prestigioso The Limited Editions Club, impresa sobre papel verjurado y firmada por WA Dwiggins.\">Beautiful illustrated edition of the famous work of Rabelais, limited and hand-numbered, issued to members of the prestigious The Limited Editions Club, printed on laid paper and signed by WA Dwiggins.<\/p>\n<p><\/span><span title=\"Exterior con muestras del paso del tiempo y leves se\u00f1ales de humedad pero, en general, en buen estado y libros muy limpios por dentro.\">Outside signs of aging and slight signs of moisture but generally in good condition and very clean inside books.<\/p>\n<p><\/span><span title=\"Gastos de env\u00edo por cuenta del comprador, seg\u00fan pedido y destino.\">Shipping by the buyer, upon request and destination.\u00a0<\/span><span title=\"Cons\u00faltenos cualquier duda, as\u00ed como por aquello que est\u00e9 buscando.\"><a class=\"btn btn-default\" href=\"http:\/\/comprarmejor.es\/en\/contact\">Ask us<\/a> any questions and for what you are looking for.<\/span><\/span><\/p>\n","protected":false},"excerpt":{"rendered":"<p style=\"text-align:justify;\"><span id=\"result_box\" lang=\"en\" xml:lang=\"en\"><span title=\"Edici\u00f3n de The Limited Editions Club, Nueva York, original de 1936, de la obra de Fran\u00e7ois Rabelais: Gargantua and Pantagruel, the five books, newly translated into english by Jacques LeClerq with decorations by WA Dwiggins.\">Editing The Limited Editions Club, New York, original, 1936, the work of Fran\u00e7ois Rabelais: Gargantua and Pantagruel, the five books, newly translated into Ingl\u00e9s by Jacques Leclercq with decorations by WA Dwiggins.<\/span><\/span><\/p>\n","protected":false},"featured_media":49559,"template":"","meta":[],"product_brand":[],"product_cat":[2210,2188],"product_tag":[4835,4836,4834],"class_list":{"0":"post-49581","1":"product","2":"type-product","3":"status-publish","4":"has-post-thumbnail","6":"product_cat-bibliophilia","7":"product_cat-books","8":"product_tag-dwiggins-en","9":"product_tag-gargantua-en-2","10":"product_tag-rabelais-en","11":"product_shipping_class-from-2-to-5-kg","12":"description-off","14":"first","15":"instock","16":"sale","17":"taxable","18":"shipping-taxable","19":"purchasable","20":"product-type-simple"},"yoast_head":"<!-- This site is optimized with the Yoast SEO plugin v27.3 - https:\/\/yoast.com\/product\/yoast-seo-wordpress\/ -->\n<title>Gargantua and Pantagruel, Rabelais, NY 1936 (English)<\/title>\n<meta name=\"description\" content=\"Editing The Limited Editions Club, NY, 1936, the work of Rabelais: Gargantua and Pantagruel, with decorations by WA Dwiggins.\" \/>\n<meta name=\"robots\" content=\"index, follow, max-snippet:-1, max-image-preview:large, max-video-preview:-1\" \/>\n<link rel=\"canonical\" href=\"https:\/\/www.comprarmejor.es\/en\/product\/gargantua-and-pantagruel-rabelais-ny-1936-english\/\" \/>\n<meta property=\"og:locale\" content=\"en_US\" \/>\n<meta property=\"og:type\" content=\"article\" \/>\n<meta property=\"og:title\" content=\"Gargantua and Pantagruel, Rabelais, NY 1936 (English)\" \/>\n<meta property=\"og:description\" content=\"Editing The Limited Editions Club, NY, 1936, the work of Rabelais: Gargantua and Pantagruel, with decorations by WA Dwiggins.\" \/>\n<meta property=\"og:url\" content=\"https:\/\/www.comprarmejor.es\/en\/product\/gargantua-and-pantagruel-rabelais-ny-1936-english\/\" \/>\n<meta property=\"og:site_name\" content=\"ComprarMejor\" \/>\n<meta property=\"article:modified_time\" content=\"2019-09-17T15:35:06+00:00\" \/>\n<meta property=\"og:image\" content=\"https:\/\/www.comprarmejor.es\/wp-content\/uploads\/2015\/12\/p_1_5_6_5_1565-Gargantua-and-Pantagruel-Rabelais-NY-1936-en-ingles.jpg\" \/>\n\t<meta property=\"og:image:width\" content=\"599\" \/>\n\t<meta property=\"og:image:height\" content=\"449\" \/>\n\t<meta property=\"og:image:type\" content=\"image\/jpeg\" \/>\n<meta name=\"twitter:card\" content=\"summary_large_image\" \/>\n<meta name=\"twitter:label1\" content=\"Est. reading time\" \/>\n\t<meta name=\"twitter:data1\" content=\"1 minute\" \/>\n<script type=\"application\/ld+json\" class=\"yoast-schema-graph\">{\"@context\":\"https:\\\/\\\/schema.org\",\"@graph\":[{\"@type\":\"WebPage\",\"@id\":\"https:\\\/\\\/www.comprarmejor.es\\\/en\\\/product\\\/gargantua-and-pantagruel-rabelais-ny-1936-english\\\/\",\"url\":\"https:\\\/\\\/www.comprarmejor.es\\\/en\\\/product\\\/gargantua-and-pantagruel-rabelais-ny-1936-english\\\/\",\"name\":\"Gargantua and Pantagruel, Rabelais, NY 1936 (English)\",\"isPartOf\":{\"@id\":\"https:\\\/\\\/www.comprarmejor.es\\\/en\\\/#website\"},\"primaryImageOfPage\":{\"@id\":\"https:\\\/\\\/www.comprarmejor.es\\\/en\\\/product\\\/gargantua-and-pantagruel-rabelais-ny-1936-english\\\/#primaryimage\"},\"image\":{\"@id\":\"https:\\\/\\\/www.comprarmejor.es\\\/en\\\/product\\\/gargantua-and-pantagruel-rabelais-ny-1936-english\\\/#primaryimage\"},\"thumbnailUrl\":\"https:\\\/\\\/www.comprarmejor.es\\\/wp-content\\\/uploads\\\/2015\\\/12\\\/p_1_5_6_5_1565-Gargantua-and-Pantagruel-Rabelais-NY-1936-en-ingles.jpg\",\"datePublished\":\"2015-12-05T09:20:03+00:00\",\"dateModified\":\"2019-09-17T15:35:06+00:00\",\"description\":\"Editing The Limited Editions Club, NY, 1936, the work of Rabelais: Gargantua and Pantagruel, with decorations by WA Dwiggins.\",\"breadcrumb\":{\"@id\":\"https:\\\/\\\/www.comprarmejor.es\\\/en\\\/product\\\/gargantua-and-pantagruel-rabelais-ny-1936-english\\\/#breadcrumb\"},\"inLanguage\":\"en-US\",\"potentialAction\":[{\"@type\":\"ReadAction\",\"target\":[\"https:\\\/\\\/www.comprarmejor.es\\\/en\\\/product\\\/gargantua-and-pantagruel-rabelais-ny-1936-english\\\/\"]}]},{\"@type\":\"ImageObject\",\"inLanguage\":\"en-US\",\"@id\":\"https:\\\/\\\/www.comprarmejor.es\\\/en\\\/product\\\/gargantua-and-pantagruel-rabelais-ny-1936-english\\\/#primaryimage\",\"url\":\"https:\\\/\\\/www.comprarmejor.es\\\/wp-content\\\/uploads\\\/2015\\\/12\\\/p_1_5_6_5_1565-Gargantua-and-Pantagruel-Rabelais-NY-1936-en-ingles.jpg\",\"contentUrl\":\"https:\\\/\\\/www.comprarmejor.es\\\/wp-content\\\/uploads\\\/2015\\\/12\\\/p_1_5_6_5_1565-Gargantua-and-Pantagruel-Rabelais-NY-1936-en-ingles.jpg\",\"width\":599,\"height\":449},{\"@type\":\"BreadcrumbList\",\"@id\":\"https:\\\/\\\/www.comprarmejor.es\\\/en\\\/product\\\/gargantua-and-pantagruel-rabelais-ny-1936-english\\\/#breadcrumb\",\"itemListElement\":[{\"@type\":\"ListItem\",\"position\":1,\"name\":\"Portada\",\"item\":\"https:\\\/\\\/www.comprarmejor.es\\\/en\\\/\"},{\"@type\":\"ListItem\",\"position\":2,\"name\":\"Shop\",\"item\":\"https:\\\/\\\/www.comprarmejor.es\\\/en\\\/shop\\\/\"},{\"@type\":\"ListItem\",\"position\":3,\"name\":\"Gargantua and Pantagruel, Rabelais, NY 1936 (English)\"}]},{\"@type\":\"WebSite\",\"@id\":\"https:\\\/\\\/www.comprarmejor.es\\\/en\\\/#website\",\"url\":\"https:\\\/\\\/www.comprarmejor.es\\\/en\\\/\",\"name\":\"ComprarMejor\",\"description\":\"ComprarMejor\",\"publisher\":{\"@id\":\"https:\\\/\\\/www.comprarmejor.es\\\/en\\\/#organization\"},\"potentialAction\":[{\"@type\":\"SearchAction\",\"target\":{\"@type\":\"EntryPoint\",\"urlTemplate\":\"https:\\\/\\\/www.comprarmejor.es\\\/en\\\/?s={search_term_string}\"},\"query-input\":{\"@type\":\"PropertyValueSpecification\",\"valueRequired\":true,\"valueName\":\"search_term_string\"}}],\"inLanguage\":\"en-US\"},{\"@type\":\"Organization\",\"@id\":\"https:\\\/\\\/www.comprarmejor.es\\\/en\\\/#organization\",\"name\":\"COMPRAR MEJOR\",\"url\":\"https:\\\/\\\/www.comprarmejor.es\\\/en\\\/\",\"logo\":{\"@type\":\"ImageObject\",\"inLanguage\":\"en-US\",\"@id\":\"https:\\\/\\\/www.comprarmejor.es\\\/en\\\/#\\\/schema\\\/logo\\\/image\\\/\",\"url\":\"https:\\\/\\\/www.comprarmejor.es\\\/wp-content\\\/uploads\\\/2025\\\/09\\\/comprarmejortrinidad.jpg\",\"contentUrl\":\"https:\\\/\\\/www.comprarmejor.es\\\/wp-content\\\/uploads\\\/2025\\\/09\\\/comprarmejortrinidad.jpg\",\"width\":1022,\"height\":1380,\"caption\":\"COMPRAR MEJOR\"},\"image\":{\"@id\":\"https:\\\/\\\/www.comprarmejor.es\\\/en\\\/#\\\/schema\\\/logo\\\/image\\\/\"},\"sameAs\":[\"https:\\\/\\\/www.instagram.com\\\/amigosdelcodice\"]}]}<\/script>\n<!-- \/ Yoast SEO plugin. -->","yoast_head_json":{"title":"Gargantua and Pantagruel, Rabelais, NY 1936 (English)","description":"Editing The Limited Editions Club, NY, 1936, the work of Rabelais: Gargantua and Pantagruel, with decorations by WA Dwiggins.","robots":{"index":"index","follow":"follow","max-snippet":"max-snippet:-1","max-image-preview":"max-image-preview:large","max-video-preview":"max-video-preview:-1"},"canonical":"https:\/\/www.comprarmejor.es\/en\/product\/gargantua-and-pantagruel-rabelais-ny-1936-english\/","og_locale":"en_US","og_type":"article","og_title":"Gargantua and Pantagruel, Rabelais, NY 1936 (English)","og_description":"Editing The Limited Editions Club, NY, 1936, the work of Rabelais: Gargantua and Pantagruel, with decorations by WA Dwiggins.","og_url":"https:\/\/www.comprarmejor.es\/en\/product\/gargantua-and-pantagruel-rabelais-ny-1936-english\/","og_site_name":"ComprarMejor","article_modified_time":"2019-09-17T15:35:06+00:00","og_image":[{"width":599,"height":449,"url":"https:\/\/www.comprarmejor.es\/wp-content\/uploads\/2015\/12\/p_1_5_6_5_1565-Gargantua-and-Pantagruel-Rabelais-NY-1936-en-ingles.jpg","type":"image\/jpeg"}],"twitter_card":"summary_large_image","twitter_misc":{"Est. reading time":"1 minute"},"schema":{"@context":"https:\/\/schema.org","@graph":[{"@type":"WebPage","@id":"https:\/\/www.comprarmejor.es\/en\/product\/gargantua-and-pantagruel-rabelais-ny-1936-english\/","url":"https:\/\/www.comprarmejor.es\/en\/product\/gargantua-and-pantagruel-rabelais-ny-1936-english\/","name":"Gargantua and Pantagruel, Rabelais, NY 1936 (English)","isPartOf":{"@id":"https:\/\/www.comprarmejor.es\/en\/#website"},"primaryImageOfPage":{"@id":"https:\/\/www.comprarmejor.es\/en\/product\/gargantua-and-pantagruel-rabelais-ny-1936-english\/#primaryimage"},"image":{"@id":"https:\/\/www.comprarmejor.es\/en\/product\/gargantua-and-pantagruel-rabelais-ny-1936-english\/#primaryimage"},"thumbnailUrl":"https:\/\/www.comprarmejor.es\/wp-content\/uploads\/2015\/12\/p_1_5_6_5_1565-Gargantua-and-Pantagruel-Rabelais-NY-1936-en-ingles.jpg","datePublished":"2015-12-05T09:20:03+00:00","dateModified":"2019-09-17T15:35:06+00:00","description":"Editing The Limited Editions Club, NY, 1936, the work of Rabelais: Gargantua and Pantagruel, with decorations by WA Dwiggins.","breadcrumb":{"@id":"https:\/\/www.comprarmejor.es\/en\/product\/gargantua-and-pantagruel-rabelais-ny-1936-english\/#breadcrumb"},"inLanguage":"en-US","potentialAction":[{"@type":"ReadAction","target":["https:\/\/www.comprarmejor.es\/en\/product\/gargantua-and-pantagruel-rabelais-ny-1936-english\/"]}]},{"@type":"ImageObject","inLanguage":"en-US","@id":"https:\/\/www.comprarmejor.es\/en\/product\/gargantua-and-pantagruel-rabelais-ny-1936-english\/#primaryimage","url":"https:\/\/www.comprarmejor.es\/wp-content\/uploads\/2015\/12\/p_1_5_6_5_1565-Gargantua-and-Pantagruel-Rabelais-NY-1936-en-ingles.jpg","contentUrl":"https:\/\/www.comprarmejor.es\/wp-content\/uploads\/2015\/12\/p_1_5_6_5_1565-Gargantua-and-Pantagruel-Rabelais-NY-1936-en-ingles.jpg","width":599,"height":449},{"@type":"BreadcrumbList","@id":"https:\/\/www.comprarmejor.es\/en\/product\/gargantua-and-pantagruel-rabelais-ny-1936-english\/#breadcrumb","itemListElement":[{"@type":"ListItem","position":1,"name":"Portada","item":"https:\/\/www.comprarmejor.es\/en\/"},{"@type":"ListItem","position":2,"name":"Shop","item":"https:\/\/www.comprarmejor.es\/en\/shop\/"},{"@type":"ListItem","position":3,"name":"Gargantua and Pantagruel, Rabelais, NY 1936 (English)"}]},{"@type":"WebSite","@id":"https:\/\/www.comprarmejor.es\/en\/#website","url":"https:\/\/www.comprarmejor.es\/en\/","name":"ComprarMejor","description":"ComprarMejor","publisher":{"@id":"https:\/\/www.comprarmejor.es\/en\/#organization"},"potentialAction":[{"@type":"SearchAction","target":{"@type":"EntryPoint","urlTemplate":"https:\/\/www.comprarmejor.es\/en\/?s={search_term_string}"},"query-input":{"@type":"PropertyValueSpecification","valueRequired":true,"valueName":"search_term_string"}}],"inLanguage":"en-US"},{"@type":"Organization","@id":"https:\/\/www.comprarmejor.es\/en\/#organization","name":"COMPRAR MEJOR","url":"https:\/\/www.comprarmejor.es\/en\/","logo":{"@type":"ImageObject","inLanguage":"en-US","@id":"https:\/\/www.comprarmejor.es\/en\/#\/schema\/logo\/image\/","url":"https:\/\/www.comprarmejor.es\/wp-content\/uploads\/2025\/09\/comprarmejortrinidad.jpg","contentUrl":"https:\/\/www.comprarmejor.es\/wp-content\/uploads\/2025\/09\/comprarmejortrinidad.jpg","width":1022,"height":1380,"caption":"COMPRAR MEJOR"},"image":{"@id":"https:\/\/www.comprarmejor.es\/en\/#\/schema\/logo\/image\/"},"sameAs":["https:\/\/www.instagram.com\/amigosdelcodice"]}]}},"_links":{"self":[{"href":"https:\/\/www.comprarmejor.es\/en\/wp-json\/wp\/v2\/product\/49581","targetHints":{"allow":["GET"]}}],"collection":[{"href":"https:\/\/www.comprarmejor.es\/en\/wp-json\/wp\/v2\/product"}],"about":[{"href":"https:\/\/www.comprarmejor.es\/en\/wp-json\/wp\/v2\/types\/product"}],"wp:featuredmedia":[{"embeddable":true,"href":"https:\/\/www.comprarmejor.es\/en\/wp-json\/wp\/v2\/media\/49559"}],"wp:attachment":[{"href":"https:\/\/www.comprarmejor.es\/en\/wp-json\/wp\/v2\/media?parent=49581"}],"wp:term":[{"taxonomy":"product_brand","embeddable":true,"href":"https:\/\/www.comprarmejor.es\/en\/wp-json\/wp\/v2\/product_brand?post=49581"},{"taxonomy":"product_cat","embeddable":true,"href":"https:\/\/www.comprarmejor.es\/en\/wp-json\/wp\/v2\/product_cat?post=49581"},{"taxonomy":"product_tag","embeddable":true,"href":"https:\/\/www.comprarmejor.es\/en\/wp-json\/wp\/v2\/product_tag?post=49581"}],"curies":[{"name":"wp","href":"https:\/\/api.w.org\/{rel}","templated":true}]}}