{"id":49615,"date":"2015-12-05T12:04:40","date_gmt":"2015-12-05T11:04:40","guid":{"rendered":"https:\/\/www.comprarmejor.es\/producto\/1858-map-of-polynesia-by-hermann-berghaus\/"},"modified":"2019-09-08T13:46:37","modified_gmt":"2019-09-08T11:46:37","slug":"1858-map-of-polynesia-by-hermann-berghaus","status":"publish","type":"product","link":"https:\/\/www.comprarmejor.es\/en\/product\/1858-map-of-polynesia-by-hermann-berghaus\/","title":{"rendered":"1858 Map of Polynesia, by Hermann Berghaus"},"content":{"rendered":"<p style=\"text-align:justify;\"><span id=\"result_box\" lang=\"en\" xml:lang=\"en\"><span title=\"West-Polynesien.\">West-Polynesien. <\/span><span title=\"1848. Stieler's Hand-Atlas 51. Grabado coloreado a mano realizado en Gotha (Alemania) por Justus Perthes.\">1848. Stieler&#8217;s Hand-Atlas 51. Hand-colored engraving made in Gotha (Germany) by Justus Perthes. <\/span><span title=\"Idioma alem\u00e1n.\">German language. <\/span><span title=\"Original de 1858 sobre la obra de 1848.\">1858 Original on the work of 1848.<\/p>\n<p><\/span><span title=\"Medidas del papel, formato grande: 45,5 x 37 cm.\">Measures of paper, large format: 45.5 x 37 cm. <\/span><span title=\"Plancha: 41 x 34 cm.\">Iron: 41 x 34 cm. <\/span><span title=\"Zonas costeras coloreadas.\">Colored coastal areas. <\/span><span title=\"Papel sin arrugas y sin dobleces, con huellas del paso del tiempo, suciedad y manchas de uso, sobre todo en los bordes.\">Unlined paper without bending, with signs of aging, dirt and stains use, especially at the edges. <\/span><span title=\"A pesar de todo presenta buena planta y lectura de todos sus detalles cartogr\u00e1ficos.\">Yet plant has good reading and all its cartographic details.<\/p>\n<p><\/span><span title=\"Hermann Berghaus (1828-1890) fue un cart\u00f3grafo alem\u00e1n de gran renombre en su \u00e9poca y asociado a la obra cartogr\u00e1fica del Stieler's Hand-Atlas, el atlas mundial alem\u00e1n l\u00edder hasta mediados del siglo XX.\">Hermann Berghaus (1828-1890) was a German cartographer renowned in his time and associated with the cartographic work of Stieler&#8217;s Hand-Atlas, the leading German global atlas until mid-twentieth century. <\/span><span title=\"Durante la mayor parte de su vida fue cart\u00f3grafo del Instituto Geogr\u00e1fico de Justus Perthes en Gotha.\">For most of his life he was cartographer of the Geographical Institute of Justus Perthes in Gotha. <\/span><span title=\"Codirigi\u00f3 las ediciones sexta, s\u00e9ptima y octava del Stieler's Hand-Atlas (Atlas de Stieler).\">He co-directed the sixth, seventh and eighth editions of Stieler&#8217;s Hand-Atlas (Atlas of Stieler).<\/p>\n<p><\/span><span title=\"Este mapa corresponde al n\u00famero 51 del Stieler's Hand-Atlas de la cuarta edici\u00f3n (1862-64) de 84 mapas.\">This map corresponds to the number 51 of Stieler&#8217;s Hand-Atlas of the fourth edition (1862-1864) of 84 maps. <\/span><span title=\"Despu\u00e9s de la muerte de Adolf Stieler, la obra fue conocida con el nombre de &quot;Hand-Atlas \u00fcber alle Theile der Erde und \u00fcber das Weltgeb\u00e4ude&quot; (Atlas pr\u00e1ctico de todas las partes del mundo y del universo), y fue el Atlas l\u00edder en\">After the death of Adolf Stieler, the work was known as the &#8220;Hand-Atlas uber alle Theile der Erde und uber das Weltgeb\u00e4ude&#8221; (Practical Atlas of all parts of the world and the universe), and was the leader Atlas <\/span><span title=\"el mundo alem\u00e1n de las tres \u00faltimas d\u00e9cadas del siglo XIX y la primera mitad del XX.\">German world in the last three decades of the nineteenth century and early twentieth. <\/span><span title=\"Publicado por el taller de Justus Perthes de Gotha (establecido desde 1785) pas\u00f3 por diez ediciones desde 1816 hasta 1944. Actualmente se conservan las 432 planchas de cobre originales.\">Published by the workshop Justus Perthes of Gotha (established since 1785) went through ten editions from 1816 to 1944. 432 original copper plates are conserved.<\/p>\n<p><\/span><span title=\"Gastos de env\u00edo por cuenta del comprador, seg\u00fan pedido y destino.\">Shipping by the buyer, upon request and destination. <\/span><span title=\"Cons\u00faltenos cualquier duda, as\u00ed como por aquello que est\u00e9 buscando.\"><a class=\"btn btn-default\" href=\"http:\/\/comprarmejor.es\/en\/contact\">Ask us<\/a> any questions and for what you are looking for.<\/span><\/span><\/p>\n","protected":false},"excerpt":{"rendered":"<p style=\"text-align:justify;\"><span id=\"result_box\" lang=\"en\" xml:lang=\"en\"><span title=\"West-Polynesien.\">West-Polynesien. <\/span><span title=\"1848. Stieler's Hand-Atlas 51. Grabado coloreado a mano realizado en Gotha (Alemania) por Justus Perthes.\">1848. Stieler&#8217;s Hand-Atlas 51. Hand-colored engraving made in Gotha (Germany) by Justus Perthes. <\/span><span title=\"Idioma alem\u00e1n.\">German language. <\/span><span title=\"Original de 1858 sobre la obra de 1848.\">1858 Original on the work of 1848.<\/span><\/span><\/p>\n","protected":false},"featured_media":49605,"template":"","meta":[],"product_brand":[],"product_cat":[2216],"product_tag":[3976,4828],"class_list":{"0":"post-49615","1":"product","2":"type-product","3":"status-publish","4":"has-post-thumbnail","6":"product_cat-old-maps","7":"product_tag-atlas-en","8":"product_tag-berghaus-en","9":"product_shipping_class-from-0-to-1-kg","10":"description-off","12":"first","13":"instock","14":"sale","15":"taxable","16":"shipping-taxable","17":"purchasable","18":"product-type-simple"},"yoast_head":"<!-- This site is optimized with the Yoast SEO plugin v27.3 - https:\/\/yoast.com\/product\/yoast-seo-wordpress\/ -->\n<title>1858 Map of Polynesia, by Hermann Berghaus<\/title>\n<meta name=\"description\" content=\"West-Polynesien. 1848. Stieler&#039;s Hand-Atlas 51. Hand-colored engraving made in Gotha (Germany) by Justus Perthes. German language. 1858 Original.\" \/>\n<meta name=\"robots\" content=\"index, follow, max-snippet:-1, max-image-preview:large, max-video-preview:-1\" \/>\n<link rel=\"canonical\" href=\"https:\/\/www.comprarmejor.es\/en\/product\/1858-map-of-polynesia-by-hermann-berghaus\/\" \/>\n<meta property=\"og:locale\" content=\"en_US\" \/>\n<meta property=\"og:type\" content=\"article\" \/>\n<meta property=\"og:title\" content=\"1858 Map of Polynesia, by Hermann Berghaus\" \/>\n<meta property=\"og:description\" content=\"West-Polynesien. 1848. Stieler&#039;s Hand-Atlas 51. Hand-colored engraving made in Gotha (Germany) by Justus Perthes. German language. 1858 Original.\" \/>\n<meta property=\"og:url\" content=\"https:\/\/www.comprarmejor.es\/en\/product\/1858-map-of-polynesia-by-hermann-berghaus\/\" \/>\n<meta property=\"og:site_name\" content=\"ComprarMejor\" \/>\n<meta property=\"article:modified_time\" content=\"2019-09-08T11:46:37+00:00\" \/>\n<meta property=\"og:image\" content=\"https:\/\/www.comprarmejor.es\/wp-content\/uploads\/2015\/12\/p_1_5_8_5_1585-1858-Mapa-de-la-Polinesia-por-Hermann-Berghaus.jpg\" \/>\n\t<meta property=\"og:image:width\" content=\"600\" \/>\n\t<meta property=\"og:image:height\" content=\"490\" \/>\n\t<meta property=\"og:image:type\" content=\"image\/jpeg\" \/>\n<meta name=\"twitter:card\" content=\"summary_large_image\" \/>\n<meta name=\"twitter:label1\" content=\"Est. reading time\" \/>\n\t<meta name=\"twitter:data1\" content=\"1 minute\" \/>\n<script type=\"application\/ld+json\" class=\"yoast-schema-graph\">{\"@context\":\"https:\\\/\\\/schema.org\",\"@graph\":[{\"@type\":\"WebPage\",\"@id\":\"https:\\\/\\\/www.comprarmejor.es\\\/en\\\/product\\\/1858-map-of-polynesia-by-hermann-berghaus\\\/\",\"url\":\"https:\\\/\\\/www.comprarmejor.es\\\/en\\\/product\\\/1858-map-of-polynesia-by-hermann-berghaus\\\/\",\"name\":\"1858 Map of Polynesia, by Hermann Berghaus\",\"isPartOf\":{\"@id\":\"https:\\\/\\\/www.comprarmejor.es\\\/en\\\/#website\"},\"primaryImageOfPage\":{\"@id\":\"https:\\\/\\\/www.comprarmejor.es\\\/en\\\/product\\\/1858-map-of-polynesia-by-hermann-berghaus\\\/#primaryimage\"},\"image\":{\"@id\":\"https:\\\/\\\/www.comprarmejor.es\\\/en\\\/product\\\/1858-map-of-polynesia-by-hermann-berghaus\\\/#primaryimage\"},\"thumbnailUrl\":\"https:\\\/\\\/www.comprarmejor.es\\\/wp-content\\\/uploads\\\/2015\\\/12\\\/p_1_5_8_5_1585-1858-Mapa-de-la-Polinesia-por-Hermann-Berghaus.jpg\",\"datePublished\":\"2015-12-05T11:04:40+00:00\",\"dateModified\":\"2019-09-08T11:46:37+00:00\",\"description\":\"West-Polynesien. 1848. Stieler's Hand-Atlas 51. Hand-colored engraving made in Gotha (Germany) by Justus Perthes. German language. 1858 Original.\",\"breadcrumb\":{\"@id\":\"https:\\\/\\\/www.comprarmejor.es\\\/en\\\/product\\\/1858-map-of-polynesia-by-hermann-berghaus\\\/#breadcrumb\"},\"inLanguage\":\"en-US\",\"potentialAction\":[{\"@type\":\"ReadAction\",\"target\":[\"https:\\\/\\\/www.comprarmejor.es\\\/en\\\/product\\\/1858-map-of-polynesia-by-hermann-berghaus\\\/\"]}]},{\"@type\":\"ImageObject\",\"inLanguage\":\"en-US\",\"@id\":\"https:\\\/\\\/www.comprarmejor.es\\\/en\\\/product\\\/1858-map-of-polynesia-by-hermann-berghaus\\\/#primaryimage\",\"url\":\"https:\\\/\\\/www.comprarmejor.es\\\/wp-content\\\/uploads\\\/2015\\\/12\\\/p_1_5_8_5_1585-1858-Mapa-de-la-Polinesia-por-Hermann-Berghaus.jpg\",\"contentUrl\":\"https:\\\/\\\/www.comprarmejor.es\\\/wp-content\\\/uploads\\\/2015\\\/12\\\/p_1_5_8_5_1585-1858-Mapa-de-la-Polinesia-por-Hermann-Berghaus.jpg\",\"width\":600,\"height\":490},{\"@type\":\"BreadcrumbList\",\"@id\":\"https:\\\/\\\/www.comprarmejor.es\\\/en\\\/product\\\/1858-map-of-polynesia-by-hermann-berghaus\\\/#breadcrumb\",\"itemListElement\":[{\"@type\":\"ListItem\",\"position\":1,\"name\":\"Portada\",\"item\":\"https:\\\/\\\/www.comprarmejor.es\\\/en\\\/\"},{\"@type\":\"ListItem\",\"position\":2,\"name\":\"Shop\",\"item\":\"https:\\\/\\\/www.comprarmejor.es\\\/en\\\/shop\\\/\"},{\"@type\":\"ListItem\",\"position\":3,\"name\":\"1858 Map of Polynesia, by Hermann Berghaus\"}]},{\"@type\":\"WebSite\",\"@id\":\"https:\\\/\\\/www.comprarmejor.es\\\/en\\\/#website\",\"url\":\"https:\\\/\\\/www.comprarmejor.es\\\/en\\\/\",\"name\":\"ComprarMejor\",\"description\":\"ComprarMejor\",\"publisher\":{\"@id\":\"https:\\\/\\\/www.comprarmejor.es\\\/en\\\/#organization\"},\"potentialAction\":[{\"@type\":\"SearchAction\",\"target\":{\"@type\":\"EntryPoint\",\"urlTemplate\":\"https:\\\/\\\/www.comprarmejor.es\\\/en\\\/?s={search_term_string}\"},\"query-input\":{\"@type\":\"PropertyValueSpecification\",\"valueRequired\":true,\"valueName\":\"search_term_string\"}}],\"inLanguage\":\"en-US\"},{\"@type\":\"Organization\",\"@id\":\"https:\\\/\\\/www.comprarmejor.es\\\/en\\\/#organization\",\"name\":\"COMPRAR MEJOR\",\"url\":\"https:\\\/\\\/www.comprarmejor.es\\\/en\\\/\",\"logo\":{\"@type\":\"ImageObject\",\"inLanguage\":\"en-US\",\"@id\":\"https:\\\/\\\/www.comprarmejor.es\\\/en\\\/#\\\/schema\\\/logo\\\/image\\\/\",\"url\":\"https:\\\/\\\/www.comprarmejor.es\\\/wp-content\\\/uploads\\\/2025\\\/09\\\/comprarmejortrinidad.jpg\",\"contentUrl\":\"https:\\\/\\\/www.comprarmejor.es\\\/wp-content\\\/uploads\\\/2025\\\/09\\\/comprarmejortrinidad.jpg\",\"width\":1022,\"height\":1380,\"caption\":\"COMPRAR MEJOR\"},\"image\":{\"@id\":\"https:\\\/\\\/www.comprarmejor.es\\\/en\\\/#\\\/schema\\\/logo\\\/image\\\/\"},\"sameAs\":[\"https:\\\/\\\/www.instagram.com\\\/amigosdelcodice\"]}]}<\/script>\n<!-- \/ Yoast SEO plugin. -->","yoast_head_json":{"title":"1858 Map of Polynesia, by Hermann Berghaus","description":"West-Polynesien. 1848. Stieler's Hand-Atlas 51. Hand-colored engraving made in Gotha (Germany) by Justus Perthes. German language. 1858 Original.","robots":{"index":"index","follow":"follow","max-snippet":"max-snippet:-1","max-image-preview":"max-image-preview:large","max-video-preview":"max-video-preview:-1"},"canonical":"https:\/\/www.comprarmejor.es\/en\/product\/1858-map-of-polynesia-by-hermann-berghaus\/","og_locale":"en_US","og_type":"article","og_title":"1858 Map of Polynesia, by Hermann Berghaus","og_description":"West-Polynesien. 1848. Stieler's Hand-Atlas 51. Hand-colored engraving made in Gotha (Germany) by Justus Perthes. German language. 1858 Original.","og_url":"https:\/\/www.comprarmejor.es\/en\/product\/1858-map-of-polynesia-by-hermann-berghaus\/","og_site_name":"ComprarMejor","article_modified_time":"2019-09-08T11:46:37+00:00","og_image":[{"width":600,"height":490,"url":"https:\/\/www.comprarmejor.es\/wp-content\/uploads\/2015\/12\/p_1_5_8_5_1585-1858-Mapa-de-la-Polinesia-por-Hermann-Berghaus.jpg","type":"image\/jpeg"}],"twitter_card":"summary_large_image","twitter_misc":{"Est. reading time":"1 minute"},"schema":{"@context":"https:\/\/schema.org","@graph":[{"@type":"WebPage","@id":"https:\/\/www.comprarmejor.es\/en\/product\/1858-map-of-polynesia-by-hermann-berghaus\/","url":"https:\/\/www.comprarmejor.es\/en\/product\/1858-map-of-polynesia-by-hermann-berghaus\/","name":"1858 Map of Polynesia, by Hermann Berghaus","isPartOf":{"@id":"https:\/\/www.comprarmejor.es\/en\/#website"},"primaryImageOfPage":{"@id":"https:\/\/www.comprarmejor.es\/en\/product\/1858-map-of-polynesia-by-hermann-berghaus\/#primaryimage"},"image":{"@id":"https:\/\/www.comprarmejor.es\/en\/product\/1858-map-of-polynesia-by-hermann-berghaus\/#primaryimage"},"thumbnailUrl":"https:\/\/www.comprarmejor.es\/wp-content\/uploads\/2015\/12\/p_1_5_8_5_1585-1858-Mapa-de-la-Polinesia-por-Hermann-Berghaus.jpg","datePublished":"2015-12-05T11:04:40+00:00","dateModified":"2019-09-08T11:46:37+00:00","description":"West-Polynesien. 1848. Stieler's Hand-Atlas 51. Hand-colored engraving made in Gotha (Germany) by Justus Perthes. German language. 1858 Original.","breadcrumb":{"@id":"https:\/\/www.comprarmejor.es\/en\/product\/1858-map-of-polynesia-by-hermann-berghaus\/#breadcrumb"},"inLanguage":"en-US","potentialAction":[{"@type":"ReadAction","target":["https:\/\/www.comprarmejor.es\/en\/product\/1858-map-of-polynesia-by-hermann-berghaus\/"]}]},{"@type":"ImageObject","inLanguage":"en-US","@id":"https:\/\/www.comprarmejor.es\/en\/product\/1858-map-of-polynesia-by-hermann-berghaus\/#primaryimage","url":"https:\/\/www.comprarmejor.es\/wp-content\/uploads\/2015\/12\/p_1_5_8_5_1585-1858-Mapa-de-la-Polinesia-por-Hermann-Berghaus.jpg","contentUrl":"https:\/\/www.comprarmejor.es\/wp-content\/uploads\/2015\/12\/p_1_5_8_5_1585-1858-Mapa-de-la-Polinesia-por-Hermann-Berghaus.jpg","width":600,"height":490},{"@type":"BreadcrumbList","@id":"https:\/\/www.comprarmejor.es\/en\/product\/1858-map-of-polynesia-by-hermann-berghaus\/#breadcrumb","itemListElement":[{"@type":"ListItem","position":1,"name":"Portada","item":"https:\/\/www.comprarmejor.es\/en\/"},{"@type":"ListItem","position":2,"name":"Shop","item":"https:\/\/www.comprarmejor.es\/en\/shop\/"},{"@type":"ListItem","position":3,"name":"1858 Map of Polynesia, by Hermann Berghaus"}]},{"@type":"WebSite","@id":"https:\/\/www.comprarmejor.es\/en\/#website","url":"https:\/\/www.comprarmejor.es\/en\/","name":"ComprarMejor","description":"ComprarMejor","publisher":{"@id":"https:\/\/www.comprarmejor.es\/en\/#organization"},"potentialAction":[{"@type":"SearchAction","target":{"@type":"EntryPoint","urlTemplate":"https:\/\/www.comprarmejor.es\/en\/?s={search_term_string}"},"query-input":{"@type":"PropertyValueSpecification","valueRequired":true,"valueName":"search_term_string"}}],"inLanguage":"en-US"},{"@type":"Organization","@id":"https:\/\/www.comprarmejor.es\/en\/#organization","name":"COMPRAR MEJOR","url":"https:\/\/www.comprarmejor.es\/en\/","logo":{"@type":"ImageObject","inLanguage":"en-US","@id":"https:\/\/www.comprarmejor.es\/en\/#\/schema\/logo\/image\/","url":"https:\/\/www.comprarmejor.es\/wp-content\/uploads\/2025\/09\/comprarmejortrinidad.jpg","contentUrl":"https:\/\/www.comprarmejor.es\/wp-content\/uploads\/2025\/09\/comprarmejortrinidad.jpg","width":1022,"height":1380,"caption":"COMPRAR MEJOR"},"image":{"@id":"https:\/\/www.comprarmejor.es\/en\/#\/schema\/logo\/image\/"},"sameAs":["https:\/\/www.instagram.com\/amigosdelcodice"]}]}},"_links":{"self":[{"href":"https:\/\/www.comprarmejor.es\/en\/wp-json\/wp\/v2\/product\/49615","targetHints":{"allow":["GET"]}}],"collection":[{"href":"https:\/\/www.comprarmejor.es\/en\/wp-json\/wp\/v2\/product"}],"about":[{"href":"https:\/\/www.comprarmejor.es\/en\/wp-json\/wp\/v2\/types\/product"}],"wp:featuredmedia":[{"embeddable":true,"href":"https:\/\/www.comprarmejor.es\/en\/wp-json\/wp\/v2\/media\/49605"}],"wp:attachment":[{"href":"https:\/\/www.comprarmejor.es\/en\/wp-json\/wp\/v2\/media?parent=49615"}],"wp:term":[{"taxonomy":"product_brand","embeddable":true,"href":"https:\/\/www.comprarmejor.es\/en\/wp-json\/wp\/v2\/product_brand?post=49615"},{"taxonomy":"product_cat","embeddable":true,"href":"https:\/\/www.comprarmejor.es\/en\/wp-json\/wp\/v2\/product_cat?post=49615"},{"taxonomy":"product_tag","embeddable":true,"href":"https:\/\/www.comprarmejor.es\/en\/wp-json\/wp\/v2\/product_tag?post=49615"}],"curies":[{"name":"wp","href":"https:\/\/api.w.org\/{rel}","templated":true}]}}