{"id":49755,"date":"2015-12-07T11:22:43","date_gmt":"2015-12-07T10:22:43","guid":{"rendered":"https:\/\/www.comprarmejor.es\/producto\/beatus-of-liebana-codex-of-corsini-s-xii\/"},"modified":"2026-04-30T12:46:56","modified_gmt":"2026-04-30T10:46:56","slug":"beatus-of-liebana-codex-of-corsini-s-xii","status":"publish","type":"product","link":"https:\/\/www.comprarmejor.es\/en\/product\/beatus-of-liebana-codex-of-corsini-s-xii\/","title":{"rendered":"Beatus of Liebana codex of Corsini, s. XII"},"content":{"rendered":"<p><span class=\"HwtZe\" lang=\"en\"><span class=\"jCAhz ChMk0b\"><span class=\"ryNqvb\">ARTICLE FOR INFORMATIONAL PURPOSES ONLY<\/span><\/span><\/span><\/p>\n<p style=\"text-align: justify;\"><span id=\"result_box\" lang=\"en\" xml:lang=\"en\"><span title=\"El Beato de Li\u00e9bana c\u00f3dice de Corsini, es el m\u00e1s peque\u00f1o de todos los beatos.\">The Beatus codex Corsini, is the smallest of all the blessed. <\/span><span title=\"Su pertenencia a la celeb\u00e9rrima serie de los Beatos de Li\u00e9bana y su peculiar formato hacen de \u00e9l las delicias de todo buen coleccionista.\">Your membership in the celebrated series of the Blessed of Li\u00e9bana and its unique format makes him great delight any collector.<\/span><\/span><\/p>\n<p style=\"text-align: justify;\"><span title=\"Original conservado en Roma, en la Biblioteca dell' Accademia Nazionale dei Lincei e Corsiniana.\">Original preserved in Rome at the Biblioteca dell &#8216;Accademia Nazionale dei Lincei and Corsiniana. <\/span><span title=\"Sign.\">Sign. <\/span><span title=\"Cors.\">Cors. <\/span><span title=\"369 (40 E. 6).\">369 (40 E. 6).<\/span><\/p>\n<p style=\"text-align: justify;\"><span title=\"342 p\u00e1ginas en pergamino de 9,7 x 16,7 cm.\">342 parchment pages of 9.7 x 16.7 cm. <\/span><span title=\"Escritura carolina con alg\u00fan elemento g\u00f3tico e indudables reminiscencias visig\u00f3ticas.\">Carolina writing with some gothic and indubitable element visig\u00f3ticas reminiscences. <\/span><span title=\"Conserva diez miniaturas de inusitada belleza.\">Retains ten models of unusual beauty.<\/span><\/p>\n<p style=\"text-align: justify;\"><span title=\"C\u00f3dice de excepcional rareza y tama\u00f1o procedente del monasterio de Sahag\u00fan, en Le\u00f3n.\">Codex of exceptional rarity and size from the monastery of Sahag\u00fan, Le\u00f3n. <\/span><span title=\"En 1723 pas\u00f3 a manos del cardenal Corsini.\">In 1723 it passed to Cardinal Corsini.<\/span><\/p>\n<p style=\"text-align: justify;\"><span title=\"Su inusual y peque\u00f1o formato encierra con m\u00e1s gracia, si cabe, todo el embrujo de los beatos.\">Its unusual and small format contains more gracefully, if possible, all the charm of the blessed. <\/span><span title=\"Es un ejemplar de caracter\u00edsticas muy peculiares que le diferencian radicalmente de todos los dem\u00e1s beatos que hoy d\u00eda se conservan.\">It is a copy of peculiar characteristics that differ radically from all other blessed that day are preserved today. <\/span><span title=\"Para empezar, tiene un tama\u00f1o mucho m\u00e1s reducido que el resto, pr\u00e1cticamente comparable al de un Libro de Horas.\">For starters, it has a much smaller size than the rest, almost comparable to a Book of Hours. <\/span><span title=\"Y, curiosamente, este inusual formato va a imprimir ese car\u00e1cter realmente especial a su escritura y miniaturas.\">And, interestingly, this unusual format that really are printing special character to his writing and miniatures. <\/span><span title=\"Su texto recoger\u00e1 plenamente ese n\u00facleo de todos los beatos que son los comentarios del monje de Li\u00e9bana al Apocalipsis de San Juan.\">Your text fully collect the core of all the comments that are blessed monk of Liebana on the Apocalypse of St. John. <\/span><span title=\"Lo hace adem\u00e1s con una letra en parte visig\u00f3tica, en parte carolina, con elementos g\u00f3ticos, pero muy cuidada, de gran esmero y belleza que le permite, a pesar de lo reducido del tama\u00f1o, recrear todo el contenido.\">The letter also makes a Visigoth part in partly carolina, with Gothic elements, but very neat, great care and beauty that allows, despite the small size, recreate the content. <\/span><span title=\"Las im\u00e1genes no abundan, pues a lo largo de la Historia sufri\u00f3 varias mutilaciones que le despojaron de gran parte de ellas, pero las ocho que actualmente conserva son suficientes para hacer de \u00e9l una pieza esencial para rastrear mejor y conocer la difusi\u00f3n y evoluci\u00f3n art\u00edstica de\">The images are rare, because throughout history it underwent several mutilations stripped him of much of it, but the eight that currently preserves are enough to make it an essential piece to better track and understand the dissemination and artistic development <\/span><span title=\"tan importante serie de c\u00f3dices.\">important series of codices.<\/span><\/p>\n<p style=\"text-align: justify;\"><span title=\"Edici\u00f3n facsimilar del c\u00f3dice m\u00e1s singular de la c\u00e9lebre serie de los Beatos de Li\u00e9bana.\">Facsimile edition of the most unique manuscript of the famous series of the Blessed of Li\u00e9bana. <\/span><span title=\"Tiene el tama\u00f1o m\u00e1s reducido de todos (11,5 x 18 cm), el cual conforma un car\u00e1cter realmente especial a su escritura y miniaturas.\">It is the smallest of all (11.5 x 18 cm), which forms a really special to her writing and character size thumbnails.<\/span><\/p>\n<p style=\"text-align: justify;\"><span title=\"Tirada \u00fanica, limitada y numerada de 898 ejemplares, con acta notarial.\">Unique, limited, numbered run of 898 copies, with affidavit. <\/span><span title=\"Atractivo facs\u00edmile encuadernado artesanalmente en piel y entregado dentro de un estuche-caja de conservaci\u00f3n en piel y lino (20 x 27 cm).\">Fax attractive handmade leather bound and delivered in a case-conservation box leather and linen (20 x 27 cm).<\/span><\/p>\n<p style=\"text-align: justify;\"><span title=\"En cuanto est\u00e9 disponible se le enviar\u00e1 sin ning\u00fan tipo de cargo adicional.\"><span lang=\"en\" xml:lang=\"en\">To this beautiful and curious Beatus accompanies, as is customary in every great facsimile, a supplementary study book. In perfect state.<\/span><\/span><\/p>\n<p style=\"text-align: justify;\"><span title=\"\u00a1Si posee el Beato de Las Huelgas (el m\u00e1s grande de todos los beatos en cuanto al tama\u00f1o) no puede dejar pasar este ejemplar, el m\u00e1s coqueto y peque\u00f1o (en cuanto a su tama\u00f1o) de todos los beatos!\">If you have the Beato de Las Huelgas (the largest of all the blessed in size) can not pass up this issue, the most charming and small (in terms of size) of all blessed! <\/span><span title=\"C\u00f3dice ineludible para cualquier coleccionista de esta serie de manuscritos medievales.\">Codex must for any collector of this series of medieval manuscripts.<\/span><\/p>\n<p style=\"text-align: justify;\"><span title=\"Gastos de env\u00edo por cuenta del comprador seg\u00fan pedido y destino.\"><span class=\"VIiyi\" lang=\"en\"><span class=\"JLqJ4b ChMk0b C1N51c\" data-language-for-alternatives=\"en\" data-language-to-translate-into=\"es\" data-phrase-index=\"2\" data-number-of-phrases=\"4\">Retail Price: 3.220 \u20ac<\/span><\/span>. <\/span><span title=\"Cons\u00faltenos cualquier duda, as\u00ed como por cualquier otro Beato o facs\u00edmile que est\u00e9 buscando.\"><a class=\"btn btn-default\" href=\"https:\/\/www.comprarmejor.es\/en\/contact\/\">Ask us<\/a> <span class=\"VIiyi\" lang=\"en\"><span class=\"JLqJ4b ChMk0b\" data-language-for-alternatives=\"en\" data-language-to-translate-into=\"es\" data-phrase-index=\"3\" data-number-of-phrases=\"4\">without obligation (indicating the reference of the article) any questions.<\/span><\/span><br \/>\n<\/span><\/p>\n","protected":false},"excerpt":{"rendered":"<p style=\"text-align: justify;\"><span id=\"result_box\" lang=\"en\" xml:lang=\"en\"><span title=\"El Beato de Li\u00e9bana c\u00f3dice de Corsini, es el m\u00e1s peque\u00f1o de todos los beatos.\">The Beatus codex Corsini, is the smallest of all the blessed. <\/span><span title=\"Su pertenencia a la celeb\u00e9rrima serie de los Beatos de Li\u00e9bana y su peculiar formato hacen de \u00e9l las delicias de todo buen coleccionista.\">Your membership in the celebrated series of the Blessed of Li\u00e9bana and its unique format makes him great delight any collector.<\/span><\/span><\/p>\n","protected":false},"featured_media":49739,"template":"","meta":[],"product_brand":[],"product_cat":[2204],"product_tag":[5135,4410,5136,5119],"class_list":{"0":"post-49755","1":"product","2":"type-product","3":"status-publish","4":"has-post-thumbnail","6":"product_cat-beatus-of-liebana","7":"product_tag-beato-en","8":"product_tag-corsini-en","9":"product_tag-liebana-en","10":"product_tag-siloe-en","11":"description-off","13":"first","14":"instock","15":"taxable","16":"shipping-taxable","17":"purchasable","18":"product-type-simple"},"yoast_head":"<!-- This site is optimized with the Yoast SEO plugin v27.3 - https:\/\/yoast.com\/product\/yoast-seo-wordpress\/ -->\n<title>Beatus of Liebana codex of Corsini, s. XII (The smallest of all)<\/title>\n<meta name=\"description\" content=\"The Beatus codex Corsini, is the smallest of all the blessed. Your membership in the series of the Blessed of Li\u00e9bana and its unique format...\" \/>\n<meta name=\"robots\" content=\"index, follow, max-snippet:-1, max-image-preview:large, max-video-preview:-1\" \/>\n<link rel=\"canonical\" href=\"https:\/\/www.comprarmejor.es\/en\/product\/beatus-of-liebana-codex-of-corsini-s-xii\/\" \/>\n<meta property=\"og:locale\" content=\"en_US\" \/>\n<meta property=\"og:type\" content=\"article\" \/>\n<meta property=\"og:title\" content=\"Beatus of Liebana codex of Corsini, s. XII (The smallest of all)\" \/>\n<meta property=\"og:description\" content=\"The Beatus codex Corsini, is the smallest of all the blessed. Your membership in the series of the Blessed of Li\u00e9bana and its unique format...\" \/>\n<meta property=\"og:url\" content=\"https:\/\/www.comprarmejor.es\/en\/product\/beatus-of-liebana-codex-of-corsini-s-xii\/\" \/>\n<meta property=\"og:site_name\" content=\"ComprarMejor\" \/>\n<meta property=\"article:modified_time\" content=\"2026-04-30T10:46:56+00:00\" \/>\n<meta property=\"og:image\" content=\"https:\/\/www.comprarmejor.es\/wp-content\/uploads\/2015\/12\/p_1_6_4_6_1646-Beato-de-Liebana-codice-de-Corsini-s.-XII.jpg\" \/>\n\t<meta property=\"og:image:width\" content=\"600\" \/>\n\t<meta property=\"og:image:height\" content=\"458\" \/>\n\t<meta property=\"og:image:type\" content=\"image\/jpeg\" \/>\n<meta name=\"twitter:card\" content=\"summary_large_image\" \/>\n<meta name=\"twitter:label1\" content=\"Est. reading time\" \/>\n\t<meta name=\"twitter:data1\" content=\"3 minutes\" \/>\n<script type=\"application\/ld+json\" class=\"yoast-schema-graph\">{\"@context\":\"https:\\\/\\\/schema.org\",\"@graph\":[{\"@type\":\"WebPage\",\"@id\":\"https:\\\/\\\/www.comprarmejor.es\\\/en\\\/product\\\/beatus-of-liebana-codex-of-corsini-s-xii\\\/\",\"url\":\"https:\\\/\\\/www.comprarmejor.es\\\/en\\\/product\\\/beatus-of-liebana-codex-of-corsini-s-xii\\\/\",\"name\":\"Beatus of Liebana codex of Corsini, s. XII (The smallest of all)\",\"isPartOf\":{\"@id\":\"https:\\\/\\\/www.comprarmejor.es\\\/en\\\/#website\"},\"primaryImageOfPage\":{\"@id\":\"https:\\\/\\\/www.comprarmejor.es\\\/en\\\/product\\\/beatus-of-liebana-codex-of-corsini-s-xii\\\/#primaryimage\"},\"image\":{\"@id\":\"https:\\\/\\\/www.comprarmejor.es\\\/en\\\/product\\\/beatus-of-liebana-codex-of-corsini-s-xii\\\/#primaryimage\"},\"thumbnailUrl\":\"https:\\\/\\\/www.comprarmejor.es\\\/wp-content\\\/uploads\\\/2015\\\/12\\\/p_1_6_4_6_1646-Beato-de-Liebana-codice-de-Corsini-s.-XII.jpg\",\"datePublished\":\"2015-12-07T10:22:43+00:00\",\"dateModified\":\"2026-04-30T10:46:56+00:00\",\"description\":\"The Beatus codex Corsini, is the smallest of all the blessed. Your membership in the series of the Blessed of Li\u00e9bana and its unique format...\",\"breadcrumb\":{\"@id\":\"https:\\\/\\\/www.comprarmejor.es\\\/en\\\/product\\\/beatus-of-liebana-codex-of-corsini-s-xii\\\/#breadcrumb\"},\"inLanguage\":\"en-US\",\"potentialAction\":[{\"@type\":\"ReadAction\",\"target\":[\"https:\\\/\\\/www.comprarmejor.es\\\/en\\\/product\\\/beatus-of-liebana-codex-of-corsini-s-xii\\\/\"]}]},{\"@type\":\"ImageObject\",\"inLanguage\":\"en-US\",\"@id\":\"https:\\\/\\\/www.comprarmejor.es\\\/en\\\/product\\\/beatus-of-liebana-codex-of-corsini-s-xii\\\/#primaryimage\",\"url\":\"https:\\\/\\\/www.comprarmejor.es\\\/wp-content\\\/uploads\\\/2015\\\/12\\\/p_1_6_4_6_1646-Beato-de-Liebana-codice-de-Corsini-s.-XII.jpg\",\"contentUrl\":\"https:\\\/\\\/www.comprarmejor.es\\\/wp-content\\\/uploads\\\/2015\\\/12\\\/p_1_6_4_6_1646-Beato-de-Liebana-codice-de-Corsini-s.-XII.jpg\",\"width\":600,\"height\":458},{\"@type\":\"BreadcrumbList\",\"@id\":\"https:\\\/\\\/www.comprarmejor.es\\\/en\\\/product\\\/beatus-of-liebana-codex-of-corsini-s-xii\\\/#breadcrumb\",\"itemListElement\":[{\"@type\":\"ListItem\",\"position\":1,\"name\":\"Portada\",\"item\":\"https:\\\/\\\/www.comprarmejor.es\\\/en\\\/\"},{\"@type\":\"ListItem\",\"position\":2,\"name\":\"Shop\",\"item\":\"https:\\\/\\\/www.comprarmejor.es\\\/en\\\/shop\\\/\"},{\"@type\":\"ListItem\",\"position\":3,\"name\":\"Beatus of Liebana codex of Corsini, s. XII\"}]},{\"@type\":\"WebSite\",\"@id\":\"https:\\\/\\\/www.comprarmejor.es\\\/en\\\/#website\",\"url\":\"https:\\\/\\\/www.comprarmejor.es\\\/en\\\/\",\"name\":\"ComprarMejor\",\"description\":\"ComprarMejor\",\"publisher\":{\"@id\":\"https:\\\/\\\/www.comprarmejor.es\\\/en\\\/#organization\"},\"potentialAction\":[{\"@type\":\"SearchAction\",\"target\":{\"@type\":\"EntryPoint\",\"urlTemplate\":\"https:\\\/\\\/www.comprarmejor.es\\\/en\\\/?s={search_term_string}\"},\"query-input\":{\"@type\":\"PropertyValueSpecification\",\"valueRequired\":true,\"valueName\":\"search_term_string\"}}],\"inLanguage\":\"en-US\"},{\"@type\":\"Organization\",\"@id\":\"https:\\\/\\\/www.comprarmejor.es\\\/en\\\/#organization\",\"name\":\"COMPRAR MEJOR\",\"url\":\"https:\\\/\\\/www.comprarmejor.es\\\/en\\\/\",\"logo\":{\"@type\":\"ImageObject\",\"inLanguage\":\"en-US\",\"@id\":\"https:\\\/\\\/www.comprarmejor.es\\\/en\\\/#\\\/schema\\\/logo\\\/image\\\/\",\"url\":\"https:\\\/\\\/www.comprarmejor.es\\\/wp-content\\\/uploads\\\/2025\\\/09\\\/comprarmejortrinidad.jpg\",\"contentUrl\":\"https:\\\/\\\/www.comprarmejor.es\\\/wp-content\\\/uploads\\\/2025\\\/09\\\/comprarmejortrinidad.jpg\",\"width\":1022,\"height\":1380,\"caption\":\"COMPRAR MEJOR\"},\"image\":{\"@id\":\"https:\\\/\\\/www.comprarmejor.es\\\/en\\\/#\\\/schema\\\/logo\\\/image\\\/\"},\"sameAs\":[\"https:\\\/\\\/www.instagram.com\\\/amigosdelcodice\"]}]}<\/script>\n<!-- \/ Yoast SEO plugin. -->","yoast_head_json":{"title":"Beatus of Liebana codex of Corsini, s. XII (The smallest of all)","description":"The Beatus codex Corsini, is the smallest of all the blessed. Your membership in the series of the Blessed of Li\u00e9bana and its unique format...","robots":{"index":"index","follow":"follow","max-snippet":"max-snippet:-1","max-image-preview":"max-image-preview:large","max-video-preview":"max-video-preview:-1"},"canonical":"https:\/\/www.comprarmejor.es\/en\/product\/beatus-of-liebana-codex-of-corsini-s-xii\/","og_locale":"en_US","og_type":"article","og_title":"Beatus of Liebana codex of Corsini, s. XII (The smallest of all)","og_description":"The Beatus codex Corsini, is the smallest of all the blessed. Your membership in the series of the Blessed of Li\u00e9bana and its unique format...","og_url":"https:\/\/www.comprarmejor.es\/en\/product\/beatus-of-liebana-codex-of-corsini-s-xii\/","og_site_name":"ComprarMejor","article_modified_time":"2026-04-30T10:46:56+00:00","og_image":[{"width":600,"height":458,"url":"https:\/\/www.comprarmejor.es\/wp-content\/uploads\/2015\/12\/p_1_6_4_6_1646-Beato-de-Liebana-codice-de-Corsini-s.-XII.jpg","type":"image\/jpeg"}],"twitter_card":"summary_large_image","twitter_misc":{"Est. reading time":"3 minutes"},"schema":{"@context":"https:\/\/schema.org","@graph":[{"@type":"WebPage","@id":"https:\/\/www.comprarmejor.es\/en\/product\/beatus-of-liebana-codex-of-corsini-s-xii\/","url":"https:\/\/www.comprarmejor.es\/en\/product\/beatus-of-liebana-codex-of-corsini-s-xii\/","name":"Beatus of Liebana codex of Corsini, s. XII (The smallest of all)","isPartOf":{"@id":"https:\/\/www.comprarmejor.es\/en\/#website"},"primaryImageOfPage":{"@id":"https:\/\/www.comprarmejor.es\/en\/product\/beatus-of-liebana-codex-of-corsini-s-xii\/#primaryimage"},"image":{"@id":"https:\/\/www.comprarmejor.es\/en\/product\/beatus-of-liebana-codex-of-corsini-s-xii\/#primaryimage"},"thumbnailUrl":"https:\/\/www.comprarmejor.es\/wp-content\/uploads\/2015\/12\/p_1_6_4_6_1646-Beato-de-Liebana-codice-de-Corsini-s.-XII.jpg","datePublished":"2015-12-07T10:22:43+00:00","dateModified":"2026-04-30T10:46:56+00:00","description":"The Beatus codex Corsini, is the smallest of all the blessed. Your membership in the series of the Blessed of Li\u00e9bana and its unique format...","breadcrumb":{"@id":"https:\/\/www.comprarmejor.es\/en\/product\/beatus-of-liebana-codex-of-corsini-s-xii\/#breadcrumb"},"inLanguage":"en-US","potentialAction":[{"@type":"ReadAction","target":["https:\/\/www.comprarmejor.es\/en\/product\/beatus-of-liebana-codex-of-corsini-s-xii\/"]}]},{"@type":"ImageObject","inLanguage":"en-US","@id":"https:\/\/www.comprarmejor.es\/en\/product\/beatus-of-liebana-codex-of-corsini-s-xii\/#primaryimage","url":"https:\/\/www.comprarmejor.es\/wp-content\/uploads\/2015\/12\/p_1_6_4_6_1646-Beato-de-Liebana-codice-de-Corsini-s.-XII.jpg","contentUrl":"https:\/\/www.comprarmejor.es\/wp-content\/uploads\/2015\/12\/p_1_6_4_6_1646-Beato-de-Liebana-codice-de-Corsini-s.-XII.jpg","width":600,"height":458},{"@type":"BreadcrumbList","@id":"https:\/\/www.comprarmejor.es\/en\/product\/beatus-of-liebana-codex-of-corsini-s-xii\/#breadcrumb","itemListElement":[{"@type":"ListItem","position":1,"name":"Portada","item":"https:\/\/www.comprarmejor.es\/en\/"},{"@type":"ListItem","position":2,"name":"Shop","item":"https:\/\/www.comprarmejor.es\/en\/shop\/"},{"@type":"ListItem","position":3,"name":"Beatus of Liebana codex of Corsini, s. XII"}]},{"@type":"WebSite","@id":"https:\/\/www.comprarmejor.es\/en\/#website","url":"https:\/\/www.comprarmejor.es\/en\/","name":"ComprarMejor","description":"ComprarMejor","publisher":{"@id":"https:\/\/www.comprarmejor.es\/en\/#organization"},"potentialAction":[{"@type":"SearchAction","target":{"@type":"EntryPoint","urlTemplate":"https:\/\/www.comprarmejor.es\/en\/?s={search_term_string}"},"query-input":{"@type":"PropertyValueSpecification","valueRequired":true,"valueName":"search_term_string"}}],"inLanguage":"en-US"},{"@type":"Organization","@id":"https:\/\/www.comprarmejor.es\/en\/#organization","name":"COMPRAR MEJOR","url":"https:\/\/www.comprarmejor.es\/en\/","logo":{"@type":"ImageObject","inLanguage":"en-US","@id":"https:\/\/www.comprarmejor.es\/en\/#\/schema\/logo\/image\/","url":"https:\/\/www.comprarmejor.es\/wp-content\/uploads\/2025\/09\/comprarmejortrinidad.jpg","contentUrl":"https:\/\/www.comprarmejor.es\/wp-content\/uploads\/2025\/09\/comprarmejortrinidad.jpg","width":1022,"height":1380,"caption":"COMPRAR MEJOR"},"image":{"@id":"https:\/\/www.comprarmejor.es\/en\/#\/schema\/logo\/image\/"},"sameAs":["https:\/\/www.instagram.com\/amigosdelcodice"]}]}},"_links":{"self":[{"href":"https:\/\/www.comprarmejor.es\/en\/wp-json\/wp\/v2\/product\/49755","targetHints":{"allow":["GET"]}}],"collection":[{"href":"https:\/\/www.comprarmejor.es\/en\/wp-json\/wp\/v2\/product"}],"about":[{"href":"https:\/\/www.comprarmejor.es\/en\/wp-json\/wp\/v2\/types\/product"}],"wp:featuredmedia":[{"embeddable":true,"href":"https:\/\/www.comprarmejor.es\/en\/wp-json\/wp\/v2\/media\/49739"}],"wp:attachment":[{"href":"https:\/\/www.comprarmejor.es\/en\/wp-json\/wp\/v2\/media?parent=49755"}],"wp:term":[{"taxonomy":"product_brand","embeddable":true,"href":"https:\/\/www.comprarmejor.es\/en\/wp-json\/wp\/v2\/product_brand?post=49755"},{"taxonomy":"product_cat","embeddable":true,"href":"https:\/\/www.comprarmejor.es\/en\/wp-json\/wp\/v2\/product_cat?post=49755"},{"taxonomy":"product_tag","embeddable":true,"href":"https:\/\/www.comprarmejor.es\/en\/wp-json\/wp\/v2\/product_tag?post=49755"}],"curies":[{"name":"wp","href":"https:\/\/api.w.org\/{rel}","templated":true}]}}