{"id":49771,"date":"2015-12-07T12:32:22","date_gmt":"2015-12-07T11:32:22","guid":{"rendered":"https:\/\/www.comprarmejor.es\/producto\/beatus-of-liebana-codex-of-el-burgo-de-osma-1086\/"},"modified":"2026-01-31T12:15:56","modified_gmt":"2026-01-31T11:15:56","slug":"statutes-of-the-order-of-the-holy-spirit-14th-century-on-natural-parchment-5","status":"publish","type":"product","link":"https:\/\/www.comprarmejor.es\/en\/product\/statutes-of-the-order-of-the-holy-spirit-14th-century-on-natural-parchment-5\/","title":{"rendered":"Statutes of the Order of the Holy Spirit, 14th Century (on natural parchment) (5*+)"},"content":{"rendered":"<p style=\"text-align: justify;\">Extraordinary and superb facsimile edition on natural parchment from the year 2025 of manuscript Fr. 4274 from the Biblioth\u00e8que Nationale de France, containing the Statutes of the Order of the Holy Spirit with the Just Desire or of the Knot, instituted in Naples in 1352 by Louis I of Anjou, King of Jerusalem, Naples, and Sicily, and renewed in 1579 by Henry III, King of France, under the title of the Order of the Holy Spirit. Manuscript beautifully illuminated by Crist\u00f3foro Orimina.<\/p>\n<p style=\"text-align: justify;\">The edition on natural parchment (not parchment paper or pergamenata paper, but 100% natural lamb parchment, produced in the traditional manner, without chemical treatments) is extremely complex and unique, making each copy an original copy of the 14th-century manuscript. This is especially true given that the copies in this edition have undergone an accelerated aging process of approximately 100 years, a laborious and artisanal process, resulting in a spectacular work reminiscent of a medieval manuscript. The use of parchment, a natural organic element, as well as manual processes on each copy, including flat and embossed gold foil, based on the illuminations and as found in the original codex, make each copy unique. Exclusive original copies handcrafted on natural parchment, recovering the beauty and authenticity of ancient illuminated manuscripts. An excellence for the finest libraries, collectors, and bibliophiles, a delight for the senses that will endure for centuries.<\/p>\n<p style=\"text-align: justify;\">A masterfully handcrafted copy bound in aged leather over boards with double binding, featuring raised bands in the medieval style, reproducing its current state. Dimensions: 28 x 38 cm. 36 pages on genuine natural lambskin vellum, 18 of which are spectacularly illuminated and treated with embossed gold.<br \/>\nPresented in a closed leather slipcase with gilt titles on the spine, dimensions: 30.5 x 40 x 7 cm.<br \/>\nAccompanied by the corresponding illustrated hardcover study book, dimensions: 25 x 33 cm. 88 pages with full-color illustrations. Texts in Spanish. A unique edition on natural parchment, numbered by notarization and limited to only 75 original copies.<\/p>\n<p style=\"text-align: justify;\">This completely new and innovative copy is the ninth work on natural parchment from Scriptorium Publishing.<\/p>\n<p style=\"text-align: justify;\">NOTE: Due to its limited print run and the few copies available, these EXCLUSIVE copies are for VIP customers who are already VIP customers of our parchment works. If not, it is essential that the order include another work on parchment. This is a special edition, and ONLY 75 individuals or institutions will be able to obtain an original, non-retail copy of this beautiful manuscript.<\/p>\n<p style=\"text-align: justify;\">Free shipping for this item<span title=\"Gastos de env\u00edo por cuenta del comprador seg\u00fan pedido y destino.\">.\u00a0<\/span><span title=\"Cons\u00faltenos cualquier duda, as\u00ed como por cualquier otro Beato o facs\u00edmile que est\u00e9 buscando.\"><a class=\"btn btn-default\" href=\"https:\/\/www.comprarmejor.es\/en\/contact\/\">Ask us<\/a> <span class=\"HwtZe\" lang=\"en\"><span class=\"jCAhz ChMk0b\"><span class=\"ryNqvb\">any questions, indicating the article reference.<\/span><\/span><\/span><br \/>\n<\/span><\/p>\n","protected":false},"excerpt":{"rendered":"<p style=\"text-align: justify;\"><span id=\"result_box\" lang=\"en\" xml:lang=\"en\"><span class=\"HwtZe\" lang=\"en\"><span class=\"jCAhz ChMk0b\"><span class=\"ryNqvb\">Extraordinary and superb natural parchment edition of manuscript Fr. 4274 from the Biblioth\u00e8que Nationale de France, containing the Statutes of the Order of the Holy Spirit.<\/span><\/span><\/span><\/span><\/p>\n","protected":false},"featured_media":105768,"template":"","meta":[],"product_brand":[],"product_cat":[5118,2208,2212],"product_tag":[3975,5263,3985],"class_list":{"0":"post-49771","1":"product","2":"type-product","3":"status-publish","4":"has-post-thumbnail","6":"product_cat-bindings","7":"product_cat-grand-luxury-library","8":"product_cat-parchment","9":"product_tag-bnf-en","10":"product_tag-france-en","11":"product_tag-scriptorium-en","12":"description-off","14":"first","15":"instock","16":"featured","17":"taxable","18":"shipping-taxable","19":"purchasable","20":"product-type-simple"},"yoast_head":"<!-- This site is optimized with the Yoast SEO plugin v27.3 - https:\/\/yoast.com\/product\/yoast-seo-wordpress\/ -->\n<title>Statutes of the Order of the Holy Spirit, 14th Century (on natural<\/title>\n<meta name=\"description\" content=\"Extraordinary and superb natural parchment edition of manuscript Fr. 4274 from the BNF, containing the Statutes of the Order of the Holy Spirit.\" \/>\n<meta name=\"robots\" content=\"index, follow, max-snippet:-1, max-image-preview:large, max-video-preview:-1\" \/>\n<link rel=\"canonical\" href=\"https:\/\/www.comprarmejor.es\/en\/product\/statutes-of-the-order-of-the-holy-spirit-14th-century-on-natural-parchment-5\/\" \/>\n<meta property=\"og:locale\" content=\"en_US\" \/>\n<meta property=\"og:type\" content=\"article\" \/>\n<meta property=\"og:title\" content=\"Statutes of the Order of the Holy Spirit, 14th Century (on natural\" \/>\n<meta property=\"og:description\" content=\"Extraordinary and superb natural parchment edition of manuscript Fr. 4274 from the BNF, containing the Statutes of the Order of the Holy Spirit.\" \/>\n<meta property=\"og:url\" content=\"https:\/\/www.comprarmejor.es\/en\/product\/statutes-of-the-order-of-the-holy-spirit-14th-century-on-natural-parchment-5\/\" \/>\n<meta property=\"og:site_name\" content=\"ComprarMejor\" \/>\n<meta property=\"article:modified_time\" content=\"2026-01-31T11:15:56+00:00\" \/>\n<meta property=\"og:image\" content=\"https:\/\/www.comprarmejor.es\/wp-content\/uploads\/2015\/12\/OdES-1.jpg\" \/>\n\t<meta property=\"og:image:width\" content=\"563\" \/>\n\t<meta property=\"og:image:height\" content=\"750\" \/>\n\t<meta property=\"og:image:type\" content=\"image\/jpeg\" \/>\n<meta name=\"twitter:card\" content=\"summary_large_image\" \/>\n<meta name=\"twitter:label1\" content=\"Est. reading time\" \/>\n\t<meta name=\"twitter:data1\" content=\"3 minutes\" \/>\n<script type=\"application\/ld+json\" class=\"yoast-schema-graph\">{\"@context\":\"https:\\\/\\\/schema.org\",\"@graph\":[{\"@type\":\"WebPage\",\"@id\":\"https:\\\/\\\/www.comprarmejor.es\\\/en\\\/product\\\/statutes-of-the-order-of-the-holy-spirit-14th-century-on-natural-parchment-5\\\/\",\"url\":\"https:\\\/\\\/www.comprarmejor.es\\\/en\\\/product\\\/statutes-of-the-order-of-the-holy-spirit-14th-century-on-natural-parchment-5\\\/\",\"name\":\"Statutes of the Order of the Holy Spirit, 14th Century (on natural\",\"isPartOf\":{\"@id\":\"https:\\\/\\\/www.comprarmejor.es\\\/en\\\/#website\"},\"primaryImageOfPage\":{\"@id\":\"https:\\\/\\\/www.comprarmejor.es\\\/en\\\/product\\\/statutes-of-the-order-of-the-holy-spirit-14th-century-on-natural-parchment-5\\\/#primaryimage\"},\"image\":{\"@id\":\"https:\\\/\\\/www.comprarmejor.es\\\/en\\\/product\\\/statutes-of-the-order-of-the-holy-spirit-14th-century-on-natural-parchment-5\\\/#primaryimage\"},\"thumbnailUrl\":\"https:\\\/\\\/www.comprarmejor.es\\\/wp-content\\\/uploads\\\/2015\\\/12\\\/OdES-1.jpg\",\"datePublished\":\"2015-12-07T11:32:22+00:00\",\"dateModified\":\"2026-01-31T11:15:56+00:00\",\"description\":\"Extraordinary and superb natural parchment edition of manuscript Fr. 4274 from the BNF, containing the Statutes of the Order of the Holy Spirit.\",\"breadcrumb\":{\"@id\":\"https:\\\/\\\/www.comprarmejor.es\\\/en\\\/product\\\/statutes-of-the-order-of-the-holy-spirit-14th-century-on-natural-parchment-5\\\/#breadcrumb\"},\"inLanguage\":\"en-US\",\"potentialAction\":[{\"@type\":\"ReadAction\",\"target\":[\"https:\\\/\\\/www.comprarmejor.es\\\/en\\\/product\\\/statutes-of-the-order-of-the-holy-spirit-14th-century-on-natural-parchment-5\\\/\"]}]},{\"@type\":\"ImageObject\",\"inLanguage\":\"en-US\",\"@id\":\"https:\\\/\\\/www.comprarmejor.es\\\/en\\\/product\\\/statutes-of-the-order-of-the-holy-spirit-14th-century-on-natural-parchment-5\\\/#primaryimage\",\"url\":\"https:\\\/\\\/www.comprarmejor.es\\\/wp-content\\\/uploads\\\/2015\\\/12\\\/OdES-1.jpg\",\"contentUrl\":\"https:\\\/\\\/www.comprarmejor.es\\\/wp-content\\\/uploads\\\/2015\\\/12\\\/OdES-1.jpg\",\"width\":563,\"height\":750},{\"@type\":\"BreadcrumbList\",\"@id\":\"https:\\\/\\\/www.comprarmejor.es\\\/en\\\/product\\\/statutes-of-the-order-of-the-holy-spirit-14th-century-on-natural-parchment-5\\\/#breadcrumb\",\"itemListElement\":[{\"@type\":\"ListItem\",\"position\":1,\"name\":\"Portada\",\"item\":\"https:\\\/\\\/www.comprarmejor.es\\\/en\\\/\"},{\"@type\":\"ListItem\",\"position\":2,\"name\":\"Shop\",\"item\":\"https:\\\/\\\/www.comprarmejor.es\\\/en\\\/shop\\\/\"},{\"@type\":\"ListItem\",\"position\":3,\"name\":\"Statutes of the Order of the Holy Spirit, 14th Century (on natural parchment) (5*+)\"}]},{\"@type\":\"WebSite\",\"@id\":\"https:\\\/\\\/www.comprarmejor.es\\\/en\\\/#website\",\"url\":\"https:\\\/\\\/www.comprarmejor.es\\\/en\\\/\",\"name\":\"ComprarMejor\",\"description\":\"ComprarMejor\",\"publisher\":{\"@id\":\"https:\\\/\\\/www.comprarmejor.es\\\/en\\\/#organization\"},\"potentialAction\":[{\"@type\":\"SearchAction\",\"target\":{\"@type\":\"EntryPoint\",\"urlTemplate\":\"https:\\\/\\\/www.comprarmejor.es\\\/en\\\/?s={search_term_string}\"},\"query-input\":{\"@type\":\"PropertyValueSpecification\",\"valueRequired\":true,\"valueName\":\"search_term_string\"}}],\"inLanguage\":\"en-US\"},{\"@type\":\"Organization\",\"@id\":\"https:\\\/\\\/www.comprarmejor.es\\\/en\\\/#organization\",\"name\":\"COMPRAR MEJOR\",\"url\":\"https:\\\/\\\/www.comprarmejor.es\\\/en\\\/\",\"logo\":{\"@type\":\"ImageObject\",\"inLanguage\":\"en-US\",\"@id\":\"https:\\\/\\\/www.comprarmejor.es\\\/en\\\/#\\\/schema\\\/logo\\\/image\\\/\",\"url\":\"https:\\\/\\\/www.comprarmejor.es\\\/wp-content\\\/uploads\\\/2025\\\/09\\\/comprarmejortrinidad.jpg\",\"contentUrl\":\"https:\\\/\\\/www.comprarmejor.es\\\/wp-content\\\/uploads\\\/2025\\\/09\\\/comprarmejortrinidad.jpg\",\"width\":1022,\"height\":1380,\"caption\":\"COMPRAR MEJOR\"},\"image\":{\"@id\":\"https:\\\/\\\/www.comprarmejor.es\\\/en\\\/#\\\/schema\\\/logo\\\/image\\\/\"},\"sameAs\":[\"https:\\\/\\\/www.instagram.com\\\/amigosdelcodice\"]}]}<\/script>\n<!-- \/ Yoast SEO plugin. -->","yoast_head_json":{"title":"Statutes of the Order of the Holy Spirit, 14th Century (on natural","description":"Extraordinary and superb natural parchment edition of manuscript Fr. 4274 from the BNF, containing the Statutes of the Order of the Holy Spirit.","robots":{"index":"index","follow":"follow","max-snippet":"max-snippet:-1","max-image-preview":"max-image-preview:large","max-video-preview":"max-video-preview:-1"},"canonical":"https:\/\/www.comprarmejor.es\/en\/product\/statutes-of-the-order-of-the-holy-spirit-14th-century-on-natural-parchment-5\/","og_locale":"en_US","og_type":"article","og_title":"Statutes of the Order of the Holy Spirit, 14th Century (on natural","og_description":"Extraordinary and superb natural parchment edition of manuscript Fr. 4274 from the BNF, containing the Statutes of the Order of the Holy Spirit.","og_url":"https:\/\/www.comprarmejor.es\/en\/product\/statutes-of-the-order-of-the-holy-spirit-14th-century-on-natural-parchment-5\/","og_site_name":"ComprarMejor","article_modified_time":"2026-01-31T11:15:56+00:00","og_image":[{"width":563,"height":750,"url":"https:\/\/www.comprarmejor.es\/wp-content\/uploads\/2015\/12\/OdES-1.jpg","type":"image\/jpeg"}],"twitter_card":"summary_large_image","twitter_misc":{"Est. reading time":"3 minutes"},"schema":{"@context":"https:\/\/schema.org","@graph":[{"@type":"WebPage","@id":"https:\/\/www.comprarmejor.es\/en\/product\/statutes-of-the-order-of-the-holy-spirit-14th-century-on-natural-parchment-5\/","url":"https:\/\/www.comprarmejor.es\/en\/product\/statutes-of-the-order-of-the-holy-spirit-14th-century-on-natural-parchment-5\/","name":"Statutes of the Order of the Holy Spirit, 14th Century (on natural","isPartOf":{"@id":"https:\/\/www.comprarmejor.es\/en\/#website"},"primaryImageOfPage":{"@id":"https:\/\/www.comprarmejor.es\/en\/product\/statutes-of-the-order-of-the-holy-spirit-14th-century-on-natural-parchment-5\/#primaryimage"},"image":{"@id":"https:\/\/www.comprarmejor.es\/en\/product\/statutes-of-the-order-of-the-holy-spirit-14th-century-on-natural-parchment-5\/#primaryimage"},"thumbnailUrl":"https:\/\/www.comprarmejor.es\/wp-content\/uploads\/2015\/12\/OdES-1.jpg","datePublished":"2015-12-07T11:32:22+00:00","dateModified":"2026-01-31T11:15:56+00:00","description":"Extraordinary and superb natural parchment edition of manuscript Fr. 4274 from the BNF, containing the Statutes of the Order of the Holy Spirit.","breadcrumb":{"@id":"https:\/\/www.comprarmejor.es\/en\/product\/statutes-of-the-order-of-the-holy-spirit-14th-century-on-natural-parchment-5\/#breadcrumb"},"inLanguage":"en-US","potentialAction":[{"@type":"ReadAction","target":["https:\/\/www.comprarmejor.es\/en\/product\/statutes-of-the-order-of-the-holy-spirit-14th-century-on-natural-parchment-5\/"]}]},{"@type":"ImageObject","inLanguage":"en-US","@id":"https:\/\/www.comprarmejor.es\/en\/product\/statutes-of-the-order-of-the-holy-spirit-14th-century-on-natural-parchment-5\/#primaryimage","url":"https:\/\/www.comprarmejor.es\/wp-content\/uploads\/2015\/12\/OdES-1.jpg","contentUrl":"https:\/\/www.comprarmejor.es\/wp-content\/uploads\/2015\/12\/OdES-1.jpg","width":563,"height":750},{"@type":"BreadcrumbList","@id":"https:\/\/www.comprarmejor.es\/en\/product\/statutes-of-the-order-of-the-holy-spirit-14th-century-on-natural-parchment-5\/#breadcrumb","itemListElement":[{"@type":"ListItem","position":1,"name":"Portada","item":"https:\/\/www.comprarmejor.es\/en\/"},{"@type":"ListItem","position":2,"name":"Shop","item":"https:\/\/www.comprarmejor.es\/en\/shop\/"},{"@type":"ListItem","position":3,"name":"Statutes of the Order of the Holy Spirit, 14th Century (on natural parchment) (5*+)"}]},{"@type":"WebSite","@id":"https:\/\/www.comprarmejor.es\/en\/#website","url":"https:\/\/www.comprarmejor.es\/en\/","name":"ComprarMejor","description":"ComprarMejor","publisher":{"@id":"https:\/\/www.comprarmejor.es\/en\/#organization"},"potentialAction":[{"@type":"SearchAction","target":{"@type":"EntryPoint","urlTemplate":"https:\/\/www.comprarmejor.es\/en\/?s={search_term_string}"},"query-input":{"@type":"PropertyValueSpecification","valueRequired":true,"valueName":"search_term_string"}}],"inLanguage":"en-US"},{"@type":"Organization","@id":"https:\/\/www.comprarmejor.es\/en\/#organization","name":"COMPRAR MEJOR","url":"https:\/\/www.comprarmejor.es\/en\/","logo":{"@type":"ImageObject","inLanguage":"en-US","@id":"https:\/\/www.comprarmejor.es\/en\/#\/schema\/logo\/image\/","url":"https:\/\/www.comprarmejor.es\/wp-content\/uploads\/2025\/09\/comprarmejortrinidad.jpg","contentUrl":"https:\/\/www.comprarmejor.es\/wp-content\/uploads\/2025\/09\/comprarmejortrinidad.jpg","width":1022,"height":1380,"caption":"COMPRAR MEJOR"},"image":{"@id":"https:\/\/www.comprarmejor.es\/en\/#\/schema\/logo\/image\/"},"sameAs":["https:\/\/www.instagram.com\/amigosdelcodice"]}]}},"_links":{"self":[{"href":"https:\/\/www.comprarmejor.es\/en\/wp-json\/wp\/v2\/product\/49771","targetHints":{"allow":["GET"]}}],"collection":[{"href":"https:\/\/www.comprarmejor.es\/en\/wp-json\/wp\/v2\/product"}],"about":[{"href":"https:\/\/www.comprarmejor.es\/en\/wp-json\/wp\/v2\/types\/product"}],"wp:featuredmedia":[{"embeddable":true,"href":"https:\/\/www.comprarmejor.es\/en\/wp-json\/wp\/v2\/media\/105768"}],"wp:attachment":[{"href":"https:\/\/www.comprarmejor.es\/en\/wp-json\/wp\/v2\/media?parent=49771"}],"wp:term":[{"taxonomy":"product_brand","embeddable":true,"href":"https:\/\/www.comprarmejor.es\/en\/wp-json\/wp\/v2\/product_brand?post=49771"},{"taxonomy":"product_cat","embeddable":true,"href":"https:\/\/www.comprarmejor.es\/en\/wp-json\/wp\/v2\/product_cat?post=49771"},{"taxonomy":"product_tag","embeddable":true,"href":"https:\/\/www.comprarmejor.es\/en\/wp-json\/wp\/v2\/product_tag?post=49771"}],"curies":[{"name":"wp","href":"https:\/\/api.w.org\/{rel}","templated":true}]}}