{"id":49787,"date":"2015-12-07T13:12:08","date_gmt":"2015-12-07T12:12:08","guid":{"rendered":"https:\/\/www.comprarmejor.es\/producto\/beatus-of-liebana-codex-of-gerona-975-edilan\/"},"modified":"2025-01-21T17:05:09","modified_gmt":"2025-01-21T16:05:09","slug":"case-box-case-of-the-facsimile-codex-of-the-trojan-war","status":"publish","type":"product","link":"https:\/\/www.comprarmejor.es\/en\/product\/case-box-case-of-the-facsimile-codex-of-the-trojan-war\/","title":{"rendered":"Case-Box-Case of the facsimile \u201cCodex of the Trojan War\u201d"},"content":{"rendered":"<p style=\"text-align: justify;\">Case-Box-Case of the facsimile \u201cCodex of the Trojan War\u201d by AyN publishing house published in 2003.<\/p>\n<p style=\"text-align: justify;\">Format 31.5 x 45 x 6.7 cm. In very good condition, almost perfect.<\/p>\n<p style=\"text-align: justify;\">This article does not contain anything else, neither a study book nor a facsimile, it is only the case that the facsimile comes with when it is purchased (and that you can also find on this same site).<\/p>\n<p style=\"text-align: justify;\">Shipping costs according to order and destination<span title=\"Gastos de env\u00edo por cuenta del comprador seg\u00fan pedido y destino.\">.\u00a0<\/span><span title=\"Cons\u00faltenos cualquier duda, as\u00ed como por cualquier otro Beato o facs\u00edmile que est\u00e9 buscando.\"><a class=\"btn btn-default\" href=\"https:\/\/www.comprarmejor.es\/en\/contact\">Ask us<\/a> <span class=\"HwtZe\" lang=\"en\"><span class=\"jCAhz ChMk0b\"><span class=\"ryNqvb\">any questions indicating the reference number.<\/span><\/span><\/span><\/span><\/p>\n","protected":false},"excerpt":{"rendered":"<p style=\"text-align: justify;\"><span id=\"result_box\" lang=\"en\" xml:lang=\"en\"><span class=\"HwtZe\" lang=\"en\"><span class=\"jCAhz ChMk0b\"><span class=\"ryNqvb\">Case-Box-Case of the facsimile \u201cCodex of the Trojan War\u201d by AyN, published in 2003. <\/span><\/span><span class=\"jCAhz ChMk0b\"><span class=\"ryNqvb\">In very good condition, almost perfect.<\/span><\/span><\/span><\/span><\/p>\n","protected":false},"featured_media":100152,"template":"","meta":[],"product_brand":[],"product_cat":[2258],"product_tag":[3979],"class_list":{"0":"post-49787","1":"product","2":"type-product","3":"status-publish","4":"has-post-thumbnail","6":"product_cat-various","7":"product_tag-ayn-en","8":"product_shipping_class-from-2-to-5-kg","9":"description-off","11":"first","12":"instock","13":"taxable","14":"shipping-taxable","15":"purchasable","16":"product-type-simple"},"yoast_head":"<!-- This site is optimized with the Yoast SEO plugin v27.3 - https:\/\/yoast.com\/product\/yoast-seo-wordpress\/ -->\n<title>Case-Box-Case of the facsimile \u201cCodex of the Trojan War\u201d<\/title>\n<meta name=\"description\" content=\"Case-Box-Case of the facsimile \u201cCodex of the Trojan War\u201d by AyN, published in 2003. Format 31.5 x 45 x 6.7 cm. In very good condition, almost perfect.\" \/>\n<meta name=\"robots\" content=\"index, follow, max-snippet:-1, max-image-preview:large, max-video-preview:-1\" \/>\n<link rel=\"canonical\" href=\"https:\/\/www.comprarmejor.es\/en\/product\/case-box-case-of-the-facsimile-codex-of-the-trojan-war\/\" \/>\n<meta property=\"og:locale\" content=\"en_US\" \/>\n<meta property=\"og:type\" content=\"article\" \/>\n<meta property=\"og:title\" content=\"Case-Box-Case of the facsimile \u201cCodex of the Trojan War\u201d\" \/>\n<meta property=\"og:description\" content=\"Case-Box-Case of the facsimile \u201cCodex of the Trojan War\u201d by AyN, published in 2003. Format 31.5 x 45 x 6.7 cm. In very good condition, almost perfect.\" \/>\n<meta property=\"og:url\" content=\"https:\/\/www.comprarmejor.es\/en\/product\/case-box-case-of-the-facsimile-codex-of-the-trojan-war\/\" \/>\n<meta property=\"og:site_name\" content=\"ComprarMejor\" \/>\n<meta property=\"article:modified_time\" content=\"2025-01-21T16:05:09+00:00\" \/>\n<meta property=\"og:image\" content=\"https:\/\/www.comprarmejor.es\/wp-content\/uploads\/2015\/12\/DSC06775.jpg\" \/>\n\t<meta property=\"og:image:width\" content=\"662\" \/>\n\t<meta property=\"og:image:height\" content=\"752\" \/>\n\t<meta property=\"og:image:type\" content=\"image\/jpeg\" \/>\n<meta name=\"twitter:card\" content=\"summary_large_image\" \/>\n<meta name=\"twitter:label1\" content=\"Est. reading time\" \/>\n\t<meta name=\"twitter:data1\" content=\"1 minute\" \/>\n<script type=\"application\/ld+json\" class=\"yoast-schema-graph\">{\"@context\":\"https:\\\/\\\/schema.org\",\"@graph\":[{\"@type\":\"WebPage\",\"@id\":\"https:\\\/\\\/www.comprarmejor.es\\\/en\\\/product\\\/case-box-case-of-the-facsimile-codex-of-the-trojan-war\\\/\",\"url\":\"https:\\\/\\\/www.comprarmejor.es\\\/en\\\/product\\\/case-box-case-of-the-facsimile-codex-of-the-trojan-war\\\/\",\"name\":\"Case-Box-Case of the facsimile \u201cCodex of the Trojan War\u201d\",\"isPartOf\":{\"@id\":\"https:\\\/\\\/www.comprarmejor.es\\\/en\\\/#website\"},\"primaryImageOfPage\":{\"@id\":\"https:\\\/\\\/www.comprarmejor.es\\\/en\\\/product\\\/case-box-case-of-the-facsimile-codex-of-the-trojan-war\\\/#primaryimage\"},\"image\":{\"@id\":\"https:\\\/\\\/www.comprarmejor.es\\\/en\\\/product\\\/case-box-case-of-the-facsimile-codex-of-the-trojan-war\\\/#primaryimage\"},\"thumbnailUrl\":\"https:\\\/\\\/www.comprarmejor.es\\\/wp-content\\\/uploads\\\/2015\\\/12\\\/DSC06775.jpg\",\"datePublished\":\"2015-12-07T12:12:08+00:00\",\"dateModified\":\"2025-01-21T16:05:09+00:00\",\"description\":\"Case-Box-Case of the facsimile \u201cCodex of the Trojan War\u201d by AyN, published in 2003. Format 31.5 x 45 x 6.7 cm. In very good condition, almost perfect.\",\"breadcrumb\":{\"@id\":\"https:\\\/\\\/www.comprarmejor.es\\\/en\\\/product\\\/case-box-case-of-the-facsimile-codex-of-the-trojan-war\\\/#breadcrumb\"},\"inLanguage\":\"en-US\",\"potentialAction\":[{\"@type\":\"ReadAction\",\"target\":[\"https:\\\/\\\/www.comprarmejor.es\\\/en\\\/product\\\/case-box-case-of-the-facsimile-codex-of-the-trojan-war\\\/\"]}]},{\"@type\":\"ImageObject\",\"inLanguage\":\"en-US\",\"@id\":\"https:\\\/\\\/www.comprarmejor.es\\\/en\\\/product\\\/case-box-case-of-the-facsimile-codex-of-the-trojan-war\\\/#primaryimage\",\"url\":\"https:\\\/\\\/www.comprarmejor.es\\\/wp-content\\\/uploads\\\/2015\\\/12\\\/DSC06775.jpg\",\"contentUrl\":\"https:\\\/\\\/www.comprarmejor.es\\\/wp-content\\\/uploads\\\/2015\\\/12\\\/DSC06775.jpg\",\"width\":662,\"height\":752},{\"@type\":\"BreadcrumbList\",\"@id\":\"https:\\\/\\\/www.comprarmejor.es\\\/en\\\/product\\\/case-box-case-of-the-facsimile-codex-of-the-trojan-war\\\/#breadcrumb\",\"itemListElement\":[{\"@type\":\"ListItem\",\"position\":1,\"name\":\"Portada\",\"item\":\"https:\\\/\\\/www.comprarmejor.es\\\/en\\\/\"},{\"@type\":\"ListItem\",\"position\":2,\"name\":\"Shop\",\"item\":\"https:\\\/\\\/www.comprarmejor.es\\\/en\\\/shop\\\/\"},{\"@type\":\"ListItem\",\"position\":3,\"name\":\"Case-Box-Case of the facsimile \u201cCodex of the Trojan War\u201d\"}]},{\"@type\":\"WebSite\",\"@id\":\"https:\\\/\\\/www.comprarmejor.es\\\/en\\\/#website\",\"url\":\"https:\\\/\\\/www.comprarmejor.es\\\/en\\\/\",\"name\":\"ComprarMejor\",\"description\":\"ComprarMejor\",\"publisher\":{\"@id\":\"https:\\\/\\\/www.comprarmejor.es\\\/en\\\/#organization\"},\"potentialAction\":[{\"@type\":\"SearchAction\",\"target\":{\"@type\":\"EntryPoint\",\"urlTemplate\":\"https:\\\/\\\/www.comprarmejor.es\\\/en\\\/?s={search_term_string}\"},\"query-input\":{\"@type\":\"PropertyValueSpecification\",\"valueRequired\":true,\"valueName\":\"search_term_string\"}}],\"inLanguage\":\"en-US\"},{\"@type\":\"Organization\",\"@id\":\"https:\\\/\\\/www.comprarmejor.es\\\/en\\\/#organization\",\"name\":\"COMPRAR MEJOR\",\"url\":\"https:\\\/\\\/www.comprarmejor.es\\\/en\\\/\",\"logo\":{\"@type\":\"ImageObject\",\"inLanguage\":\"en-US\",\"@id\":\"https:\\\/\\\/www.comprarmejor.es\\\/en\\\/#\\\/schema\\\/logo\\\/image\\\/\",\"url\":\"https:\\\/\\\/www.comprarmejor.es\\\/wp-content\\\/uploads\\\/2025\\\/09\\\/comprarmejortrinidad.jpg\",\"contentUrl\":\"https:\\\/\\\/www.comprarmejor.es\\\/wp-content\\\/uploads\\\/2025\\\/09\\\/comprarmejortrinidad.jpg\",\"width\":1022,\"height\":1380,\"caption\":\"COMPRAR MEJOR\"},\"image\":{\"@id\":\"https:\\\/\\\/www.comprarmejor.es\\\/en\\\/#\\\/schema\\\/logo\\\/image\\\/\"},\"sameAs\":[\"https:\\\/\\\/www.instagram.com\\\/amigosdelcodice\"]}]}<\/script>\n<!-- \/ Yoast SEO plugin. -->","yoast_head_json":{"title":"Case-Box-Case of the facsimile \u201cCodex of the Trojan War\u201d","description":"Case-Box-Case of the facsimile \u201cCodex of the Trojan War\u201d by AyN, published in 2003. Format 31.5 x 45 x 6.7 cm. In very good condition, almost perfect.","robots":{"index":"index","follow":"follow","max-snippet":"max-snippet:-1","max-image-preview":"max-image-preview:large","max-video-preview":"max-video-preview:-1"},"canonical":"https:\/\/www.comprarmejor.es\/en\/product\/case-box-case-of-the-facsimile-codex-of-the-trojan-war\/","og_locale":"en_US","og_type":"article","og_title":"Case-Box-Case of the facsimile \u201cCodex of the Trojan War\u201d","og_description":"Case-Box-Case of the facsimile \u201cCodex of the Trojan War\u201d by AyN, published in 2003. Format 31.5 x 45 x 6.7 cm. In very good condition, almost perfect.","og_url":"https:\/\/www.comprarmejor.es\/en\/product\/case-box-case-of-the-facsimile-codex-of-the-trojan-war\/","og_site_name":"ComprarMejor","article_modified_time":"2025-01-21T16:05:09+00:00","og_image":[{"width":662,"height":752,"url":"https:\/\/www.comprarmejor.es\/wp-content\/uploads\/2015\/12\/DSC06775.jpg","type":"image\/jpeg"}],"twitter_card":"summary_large_image","twitter_misc":{"Est. reading time":"1 minute"},"schema":{"@context":"https:\/\/schema.org","@graph":[{"@type":"WebPage","@id":"https:\/\/www.comprarmejor.es\/en\/product\/case-box-case-of-the-facsimile-codex-of-the-trojan-war\/","url":"https:\/\/www.comprarmejor.es\/en\/product\/case-box-case-of-the-facsimile-codex-of-the-trojan-war\/","name":"Case-Box-Case of the facsimile \u201cCodex of the Trojan War\u201d","isPartOf":{"@id":"https:\/\/www.comprarmejor.es\/en\/#website"},"primaryImageOfPage":{"@id":"https:\/\/www.comprarmejor.es\/en\/product\/case-box-case-of-the-facsimile-codex-of-the-trojan-war\/#primaryimage"},"image":{"@id":"https:\/\/www.comprarmejor.es\/en\/product\/case-box-case-of-the-facsimile-codex-of-the-trojan-war\/#primaryimage"},"thumbnailUrl":"https:\/\/www.comprarmejor.es\/wp-content\/uploads\/2015\/12\/DSC06775.jpg","datePublished":"2015-12-07T12:12:08+00:00","dateModified":"2025-01-21T16:05:09+00:00","description":"Case-Box-Case of the facsimile \u201cCodex of the Trojan War\u201d by AyN, published in 2003. Format 31.5 x 45 x 6.7 cm. In very good condition, almost perfect.","breadcrumb":{"@id":"https:\/\/www.comprarmejor.es\/en\/product\/case-box-case-of-the-facsimile-codex-of-the-trojan-war\/#breadcrumb"},"inLanguage":"en-US","potentialAction":[{"@type":"ReadAction","target":["https:\/\/www.comprarmejor.es\/en\/product\/case-box-case-of-the-facsimile-codex-of-the-trojan-war\/"]}]},{"@type":"ImageObject","inLanguage":"en-US","@id":"https:\/\/www.comprarmejor.es\/en\/product\/case-box-case-of-the-facsimile-codex-of-the-trojan-war\/#primaryimage","url":"https:\/\/www.comprarmejor.es\/wp-content\/uploads\/2015\/12\/DSC06775.jpg","contentUrl":"https:\/\/www.comprarmejor.es\/wp-content\/uploads\/2015\/12\/DSC06775.jpg","width":662,"height":752},{"@type":"BreadcrumbList","@id":"https:\/\/www.comprarmejor.es\/en\/product\/case-box-case-of-the-facsimile-codex-of-the-trojan-war\/#breadcrumb","itemListElement":[{"@type":"ListItem","position":1,"name":"Portada","item":"https:\/\/www.comprarmejor.es\/en\/"},{"@type":"ListItem","position":2,"name":"Shop","item":"https:\/\/www.comprarmejor.es\/en\/shop\/"},{"@type":"ListItem","position":3,"name":"Case-Box-Case of the facsimile \u201cCodex of the Trojan War\u201d"}]},{"@type":"WebSite","@id":"https:\/\/www.comprarmejor.es\/en\/#website","url":"https:\/\/www.comprarmejor.es\/en\/","name":"ComprarMejor","description":"ComprarMejor","publisher":{"@id":"https:\/\/www.comprarmejor.es\/en\/#organization"},"potentialAction":[{"@type":"SearchAction","target":{"@type":"EntryPoint","urlTemplate":"https:\/\/www.comprarmejor.es\/en\/?s={search_term_string}"},"query-input":{"@type":"PropertyValueSpecification","valueRequired":true,"valueName":"search_term_string"}}],"inLanguage":"en-US"},{"@type":"Organization","@id":"https:\/\/www.comprarmejor.es\/en\/#organization","name":"COMPRAR MEJOR","url":"https:\/\/www.comprarmejor.es\/en\/","logo":{"@type":"ImageObject","inLanguage":"en-US","@id":"https:\/\/www.comprarmejor.es\/en\/#\/schema\/logo\/image\/","url":"https:\/\/www.comprarmejor.es\/wp-content\/uploads\/2025\/09\/comprarmejortrinidad.jpg","contentUrl":"https:\/\/www.comprarmejor.es\/wp-content\/uploads\/2025\/09\/comprarmejortrinidad.jpg","width":1022,"height":1380,"caption":"COMPRAR MEJOR"},"image":{"@id":"https:\/\/www.comprarmejor.es\/en\/#\/schema\/logo\/image\/"},"sameAs":["https:\/\/www.instagram.com\/amigosdelcodice"]}]}},"_links":{"self":[{"href":"https:\/\/www.comprarmejor.es\/en\/wp-json\/wp\/v2\/product\/49787","targetHints":{"allow":["GET"]}}],"collection":[{"href":"https:\/\/www.comprarmejor.es\/en\/wp-json\/wp\/v2\/product"}],"about":[{"href":"https:\/\/www.comprarmejor.es\/en\/wp-json\/wp\/v2\/types\/product"}],"wp:featuredmedia":[{"embeddable":true,"href":"https:\/\/www.comprarmejor.es\/en\/wp-json\/wp\/v2\/media\/100152"}],"wp:attachment":[{"href":"https:\/\/www.comprarmejor.es\/en\/wp-json\/wp\/v2\/media?parent=49787"}],"wp:term":[{"taxonomy":"product_brand","embeddable":true,"href":"https:\/\/www.comprarmejor.es\/en\/wp-json\/wp\/v2\/product_brand?post=49787"},{"taxonomy":"product_cat","embeddable":true,"href":"https:\/\/www.comprarmejor.es\/en\/wp-json\/wp\/v2\/product_cat?post=49787"},{"taxonomy":"product_tag","embeddable":true,"href":"https:\/\/www.comprarmejor.es\/en\/wp-json\/wp\/v2\/product_tag?post=49787"}],"curies":[{"name":"wp","href":"https:\/\/api.w.org\/{rel}","templated":true}]}}