{"id":49801,"date":"2015-12-07T17:25:31","date_gmt":"2015-12-07T16:25:31","guid":{"rendered":"https:\/\/www.comprarmejor.es\/producto\/beatus-of-liebana-codex-of-ferdinand-i-and-sancha-1047-moleiro\/"},"modified":"2026-04-30T12:52:25","modified_gmt":"2026-04-30T10:52:25","slug":"11-beatus-of-liebana-codex-of-ferdinand-and-sancha-1047-moleiro","status":"publish","type":"product","link":"https:\/\/www.comprarmejor.es\/en\/product\/11-beatus-of-liebana-codex-of-ferdinand-and-sancha-1047-moleiro\/","title":{"rendered":"Beatus of Liebana codex of Ferdinand I and Sancha, 1047 (Moleiro)"},"content":{"rendered":"<p><span class=\"HwtZe\" lang=\"en\"><span class=\"jCAhz ChMk0b\"><span class=\"ryNqvb\">ARTICLE FOR INFORMATIONAL PURPOSES ONLY<\/span><\/span><\/span><\/p>\n<p style=\"text-align: justify;\"><span title=\"Gastos de env\u00edo por cuenta del comprador, seg\u00fan pedido y destino.\">Beatus of Ferdinand I and Do\u00f1a Sancha, also called Beatus of Facundo (Facundus scripsit) by the name of its author, is conserved in the BNE with the signature Beato de Li\u00e9bana, In Apocalipsin, Codex of Fernando I and Do\u00f1a Sancha, Ms. Vitr. 14-2. This manuscript was written in the middle of the eleventh century, according to the text of folio 316: It was bis quadragies et V post millesima; that is, in 1047. The artist was careful to number the notebooks in the turns of the last folio. Thus, we see the number I in Roman in folios 25v, the II in 33v, and so correlatively, since the notebooks are perfectly regular with 4 diptychs or eight leaves. This means that two ternions (12 folios) containing the Preliminaries were added in front, at another time and by another hand, although very close in time.<\/span><\/p>\n<p style=\"text-align: justify;\">The colophon (f. 316) contains the name of the copyist: Facundus scripsit, who would also be the painter. No name of abbot or monastery appears, although the work could be done in a highly specialized scriptorium; possibly Sahagun. The coincidence of the name of the copyist (formerly Arab) and that of this monastery (Santos Facundo and Primitivo), gives rise to debate. The authors who maintain that the codex was composed in San Isidoro de Le\u00f3n, may have taken into account that the Basilica was inaugurated in 1063, after being built in the place of the Church of San Juan and San Pelayo; therefore, the dating written by the author would be questioned. However, the Labyrinth (f. 7r) dedicated to Fernando and Sancha, whose names appear in all directions in the 840 square that form it, contains a frame with six portraits, which has led certain authors to affirm that this manuscript takes Central European artistic trends, especially from Reicheneau. Others, however, place it within the group of Magic, which is clearly influenced, and the Mozarabic Bible of Leon (Williams). In our opinion, Blessed Fernando I and Do\u00f1a Sancha is the last of the Visigothic Mozarabic Blessed regardless of the first notebook.<\/p>\n<p style=\"text-align: justify;\">The Facundo Codex contains at the beginning two Genealogical Tables. The first (f. 1r-5v) do not correspond. They were bound in the last restoration, so they were numbered as their own; but supposedly they belong to Blessed Valcavado, which he lacks. Both codices were together in the Basilica of San Isidoro when they were discovered in 1572 by Ambrose of Morales, chronicler of Philip II. The images above represent the letter Alpha, which only contains four Romanesque Blessed, but no Visigothic; except that of Fernando I. The second of the Seven Churches, on the other hand, is only missing in four of the 21 Blessed Miniatures.<\/p>\n<p style=\"text-align: justify;\">This Blessed National Library stands out for its color that is not seen in any other, and for the perfection of the compositions that, according to Williams, make it &#8220;the most elegant of the Blessed.&#8221;<\/p>\n<p style=\"text-align: justify;\">The Beast, which is the dragon and the devil, is one of the main pictorial elements of the Blessed. The Woman on the Beast (usually represented twice) and the Adoration of the Beast, are the most attractive illustrations for the altomedieval monks, judging by the number of times they are represented; either for the spiritual, sinful or eschatological meaning. Twelve are the Blessed that contain this miniature, and there are also twelve that contain Daniel&#8217;s cycle, although only half is complete. Blessed of Facundo has 9 miniatures of the twelve possible; but not because he lost them, but because the artist did not compose them. In the miniature on the right, again and for the last time the Beast is represented in different historical ages: Chaldeans, Medes, Persians and Macedonians.<\/p>\n<p style=\"text-align: justify;\">Facsimile format: 27 x 36 cm. 624 pages, 114 thumbnails. Binding in steely skin. Edition numbered and limited to 777 notarized copies. It is delivered in a wooden case lined with steely leather, similar to the codex.<\/p>\n<p style=\"text-align: justify;\">Study book format: 28 x 38 cm. Pages: 312. Illustrations: 138. Content: From editor to reader. Foreword by John Williams. Blessed of Liebana and his world, by Joaqu\u00edn Gonz\u00e1lez Echegaray (Director of the Prehistoric Research Institute). The tradition of the Blessed and the Blessed of Fernando I and Sancha, by Manuel S\u00e1nchez Mariana (Director of the Historical Library, Universidad Complutense de Madrid). The illustration of Blessed Fernando I and Sancha and Las miniatures, by Joaqu\u00edn Yarza Luaces (Autonomous University of Barcelona). Thumbnail Index <span class=\"tlid-translation translation\" lang=\"en\">Index.<\/span><\/p>\n<p style=\"text-align: justify;\">Retail Price: 12.000 \u20ac. <span title=\"Cons\u00faltenos cualquier duda, as\u00ed como por cualquier otro Beato o facs\u00edmile que est\u00e9 buscando.\"><a class=\"btn btn-default\" href=\"https:\/\/www.comprarmejor.es\/en\/contact\/\">Ask us<\/a> any questions and any other Beato or fax you are looking for.<\/span><\/p>\n<p style=\"text-align: justify;\"><span lang=\"en\" xml:lang=\"en\"><span title=\"Cons\u00faltenos cualquier duda, as\u00ed como por cualquier otro Beato o facs\u00edmile que est\u00e9 buscando.\"><span lang=\"en\" xml:lang=\"en\"><span class=\"hps\"><span class=\"tlid-translation translation\" lang=\"en\">There is another cheaper facsimile edition of this Blessed by the Versol publishing house, and considered by many to be the best of the two, also available on this website.<\/span><\/span><\/span><\/span><\/span><\/p>\n","protected":false},"excerpt":{"rendered":"<p style=\"text-align: justify;\"><span id=\"result_box\" lang=\"en\" xml:lang=\"en\"><span title=\"Beato de Li\u00e9bana c\u00f3dice de Fernando I y Do\u00f1a Sancha en la edici\u00f3n facs\u00edmile de 1994 de la editorial Moleiro.\">Beatus codex of Ferdinand I and Do\u00f1a Sancha in 1994 facsimile edition of the Moleiro publisher. <\/span><span title=\"Es tambi\u00e9n conocido como Beato Facundo, por el autor de su elaboraci\u00f3n.\">It is also known as Beato Facundo, by the author of its development. <\/span><span title=\"Original conservado en la Biblioteca Nacional de Espa\u00f1a, signatura: Ms. Vit.\">Original preserved in the National Library of Spain, signature: Ms. Vit. <\/span><span title=\"14-2, datado en el a\u00f1o 1047.\">14-2 dated in the year 1047.<\/span><\/span><\/p>\n","protected":false},"featured_media":58729,"template":"","meta":[],"product_brand":[],"product_cat":[2204],"product_tag":[5135,4104,4800,5136,4017,4799],"class_list":{"0":"post-49801","1":"product","2":"type-product","3":"status-publish","4":"has-post-thumbnail","6":"product_cat-beatus-of-liebana","7":"product_tag-beato-en","8":"product_tag-bne-en","9":"product_tag-facundo-en-2","10":"product_tag-liebana-en","11":"product_tag-moleiro-en","12":"product_tag-sancha-en","13":"description-off","15":"first","16":"instock","17":"taxable","18":"shipping-taxable","19":"purchasable","20":"product-type-simple"},"yoast_head":"<!-- This site is optimized with the Yoast SEO plugin v27.3 - https:\/\/yoast.com\/product\/yoast-seo-wordpress\/ -->\n<title>Beatus of Liebana codex of Ferdinand I and Sancha, 1047 (Moleiro<\/title>\n<meta name=\"description\" content=\"Beatus of Liebana codex of Ferdinand I and Sancha in 1994 facsimile edition of the Moleiro publisher. It is also known as Beato Facundo.\" \/>\n<meta name=\"robots\" content=\"index, follow, max-snippet:-1, max-image-preview:large, max-video-preview:-1\" \/>\n<link rel=\"canonical\" href=\"https:\/\/www.comprarmejor.es\/en\/product\/11-beatus-of-liebana-codex-of-ferdinand-and-sancha-1047-moleiro\/\" \/>\n<meta property=\"og:locale\" content=\"en_US\" \/>\n<meta property=\"og:type\" content=\"article\" \/>\n<meta property=\"og:title\" content=\"Beatus of Liebana codex of Ferdinand I and Sancha, 1047 (Moleiro\" \/>\n<meta property=\"og:description\" content=\"Beatus of Liebana codex of Ferdinand I and Sancha in 1994 facsimile edition of the Moleiro publisher. It is also known as Beato Facundo.\" \/>\n<meta property=\"og:url\" content=\"https:\/\/www.comprarmejor.es\/en\/product\/11-beatus-of-liebana-codex-of-ferdinand-and-sancha-1047-moleiro\/\" \/>\n<meta property=\"og:site_name\" content=\"ComprarMejor\" \/>\n<meta property=\"article:modified_time\" content=\"2026-04-30T10:52:25+00:00\" \/>\n<meta property=\"og:image\" content=\"https:\/\/www.comprarmejor.es\/wp-content\/uploads\/2015\/12\/BFSM-3.jpg\" \/>\n\t<meta property=\"og:image:width\" content=\"600\" \/>\n\t<meta property=\"og:image:height\" content=\"436\" \/>\n\t<meta property=\"og:image:type\" content=\"image\/jpeg\" \/>\n<meta name=\"twitter:card\" content=\"summary_large_image\" \/>\n<meta name=\"twitter:label1\" content=\"Est. reading time\" \/>\n\t<meta name=\"twitter:data1\" content=\"4 minutes\" \/>\n<script type=\"application\/ld+json\" class=\"yoast-schema-graph\">{\"@context\":\"https:\\\/\\\/schema.org\",\"@graph\":[{\"@type\":\"WebPage\",\"@id\":\"https:\\\/\\\/www.comprarmejor.es\\\/en\\\/product\\\/11-beatus-of-liebana-codex-of-ferdinand-and-sancha-1047-moleiro\\\/\",\"url\":\"https:\\\/\\\/www.comprarmejor.es\\\/en\\\/product\\\/11-beatus-of-liebana-codex-of-ferdinand-and-sancha-1047-moleiro\\\/\",\"name\":\"Beatus of Liebana codex of Ferdinand I and Sancha, 1047 (Moleiro\",\"isPartOf\":{\"@id\":\"https:\\\/\\\/www.comprarmejor.es\\\/en\\\/#website\"},\"primaryImageOfPage\":{\"@id\":\"https:\\\/\\\/www.comprarmejor.es\\\/en\\\/product\\\/11-beatus-of-liebana-codex-of-ferdinand-and-sancha-1047-moleiro\\\/#primaryimage\"},\"image\":{\"@id\":\"https:\\\/\\\/www.comprarmejor.es\\\/en\\\/product\\\/11-beatus-of-liebana-codex-of-ferdinand-and-sancha-1047-moleiro\\\/#primaryimage\"},\"thumbnailUrl\":\"https:\\\/\\\/www.comprarmejor.es\\\/wp-content\\\/uploads\\\/2015\\\/12\\\/BFSM-3.jpg\",\"datePublished\":\"2015-12-07T16:25:31+00:00\",\"dateModified\":\"2026-04-30T10:52:25+00:00\",\"description\":\"Beatus of Liebana codex of Ferdinand I and Sancha in 1994 facsimile edition of the Moleiro publisher. It is also known as Beato Facundo.\",\"breadcrumb\":{\"@id\":\"https:\\\/\\\/www.comprarmejor.es\\\/en\\\/product\\\/11-beatus-of-liebana-codex-of-ferdinand-and-sancha-1047-moleiro\\\/#breadcrumb\"},\"inLanguage\":\"en-US\",\"potentialAction\":[{\"@type\":\"ReadAction\",\"target\":[\"https:\\\/\\\/www.comprarmejor.es\\\/en\\\/product\\\/11-beatus-of-liebana-codex-of-ferdinand-and-sancha-1047-moleiro\\\/\"]}]},{\"@type\":\"ImageObject\",\"inLanguage\":\"en-US\",\"@id\":\"https:\\\/\\\/www.comprarmejor.es\\\/en\\\/product\\\/11-beatus-of-liebana-codex-of-ferdinand-and-sancha-1047-moleiro\\\/#primaryimage\",\"url\":\"https:\\\/\\\/www.comprarmejor.es\\\/wp-content\\\/uploads\\\/2015\\\/12\\\/BFSM-3.jpg\",\"contentUrl\":\"https:\\\/\\\/www.comprarmejor.es\\\/wp-content\\\/uploads\\\/2015\\\/12\\\/BFSM-3.jpg\",\"width\":600,\"height\":436},{\"@type\":\"BreadcrumbList\",\"@id\":\"https:\\\/\\\/www.comprarmejor.es\\\/en\\\/product\\\/11-beatus-of-liebana-codex-of-ferdinand-and-sancha-1047-moleiro\\\/#breadcrumb\",\"itemListElement\":[{\"@type\":\"ListItem\",\"position\":1,\"name\":\"Portada\",\"item\":\"https:\\\/\\\/www.comprarmejor.es\\\/en\\\/\"},{\"@type\":\"ListItem\",\"position\":2,\"name\":\"Shop\",\"item\":\"https:\\\/\\\/www.comprarmejor.es\\\/en\\\/shop\\\/\"},{\"@type\":\"ListItem\",\"position\":3,\"name\":\"Beatus of Liebana codex of Ferdinand I and Sancha, 1047 (Moleiro)\"}]},{\"@type\":\"WebSite\",\"@id\":\"https:\\\/\\\/www.comprarmejor.es\\\/en\\\/#website\",\"url\":\"https:\\\/\\\/www.comprarmejor.es\\\/en\\\/\",\"name\":\"ComprarMejor\",\"description\":\"ComprarMejor\",\"publisher\":{\"@id\":\"https:\\\/\\\/www.comprarmejor.es\\\/en\\\/#organization\"},\"potentialAction\":[{\"@type\":\"SearchAction\",\"target\":{\"@type\":\"EntryPoint\",\"urlTemplate\":\"https:\\\/\\\/www.comprarmejor.es\\\/en\\\/?s={search_term_string}\"},\"query-input\":{\"@type\":\"PropertyValueSpecification\",\"valueRequired\":true,\"valueName\":\"search_term_string\"}}],\"inLanguage\":\"en-US\"},{\"@type\":\"Organization\",\"@id\":\"https:\\\/\\\/www.comprarmejor.es\\\/en\\\/#organization\",\"name\":\"COMPRAR MEJOR\",\"url\":\"https:\\\/\\\/www.comprarmejor.es\\\/en\\\/\",\"logo\":{\"@type\":\"ImageObject\",\"inLanguage\":\"en-US\",\"@id\":\"https:\\\/\\\/www.comprarmejor.es\\\/en\\\/#\\\/schema\\\/logo\\\/image\\\/\",\"url\":\"https:\\\/\\\/www.comprarmejor.es\\\/wp-content\\\/uploads\\\/2025\\\/09\\\/comprarmejortrinidad.jpg\",\"contentUrl\":\"https:\\\/\\\/www.comprarmejor.es\\\/wp-content\\\/uploads\\\/2025\\\/09\\\/comprarmejortrinidad.jpg\",\"width\":1022,\"height\":1380,\"caption\":\"COMPRAR MEJOR\"},\"image\":{\"@id\":\"https:\\\/\\\/www.comprarmejor.es\\\/en\\\/#\\\/schema\\\/logo\\\/image\\\/\"},\"sameAs\":[\"https:\\\/\\\/www.instagram.com\\\/amigosdelcodice\"]}]}<\/script>\n<!-- \/ Yoast SEO plugin. -->","yoast_head_json":{"title":"Beatus of Liebana codex of Ferdinand I and Sancha, 1047 (Moleiro","description":"Beatus of Liebana codex of Ferdinand I and Sancha in 1994 facsimile edition of the Moleiro publisher. It is also known as Beato Facundo.","robots":{"index":"index","follow":"follow","max-snippet":"max-snippet:-1","max-image-preview":"max-image-preview:large","max-video-preview":"max-video-preview:-1"},"canonical":"https:\/\/www.comprarmejor.es\/en\/product\/11-beatus-of-liebana-codex-of-ferdinand-and-sancha-1047-moleiro\/","og_locale":"en_US","og_type":"article","og_title":"Beatus of Liebana codex of Ferdinand I and Sancha, 1047 (Moleiro","og_description":"Beatus of Liebana codex of Ferdinand I and Sancha in 1994 facsimile edition of the Moleiro publisher. It is also known as Beato Facundo.","og_url":"https:\/\/www.comprarmejor.es\/en\/product\/11-beatus-of-liebana-codex-of-ferdinand-and-sancha-1047-moleiro\/","og_site_name":"ComprarMejor","article_modified_time":"2026-04-30T10:52:25+00:00","og_image":[{"width":600,"height":436,"url":"https:\/\/www.comprarmejor.es\/wp-content\/uploads\/2015\/12\/BFSM-3.jpg","type":"image\/jpeg"}],"twitter_card":"summary_large_image","twitter_misc":{"Est. reading time":"4 minutes"},"schema":{"@context":"https:\/\/schema.org","@graph":[{"@type":"WebPage","@id":"https:\/\/www.comprarmejor.es\/en\/product\/11-beatus-of-liebana-codex-of-ferdinand-and-sancha-1047-moleiro\/","url":"https:\/\/www.comprarmejor.es\/en\/product\/11-beatus-of-liebana-codex-of-ferdinand-and-sancha-1047-moleiro\/","name":"Beatus of Liebana codex of Ferdinand I and Sancha, 1047 (Moleiro","isPartOf":{"@id":"https:\/\/www.comprarmejor.es\/en\/#website"},"primaryImageOfPage":{"@id":"https:\/\/www.comprarmejor.es\/en\/product\/11-beatus-of-liebana-codex-of-ferdinand-and-sancha-1047-moleiro\/#primaryimage"},"image":{"@id":"https:\/\/www.comprarmejor.es\/en\/product\/11-beatus-of-liebana-codex-of-ferdinand-and-sancha-1047-moleiro\/#primaryimage"},"thumbnailUrl":"https:\/\/www.comprarmejor.es\/wp-content\/uploads\/2015\/12\/BFSM-3.jpg","datePublished":"2015-12-07T16:25:31+00:00","dateModified":"2026-04-30T10:52:25+00:00","description":"Beatus of Liebana codex of Ferdinand I and Sancha in 1994 facsimile edition of the Moleiro publisher. It is also known as Beato Facundo.","breadcrumb":{"@id":"https:\/\/www.comprarmejor.es\/en\/product\/11-beatus-of-liebana-codex-of-ferdinand-and-sancha-1047-moleiro\/#breadcrumb"},"inLanguage":"en-US","potentialAction":[{"@type":"ReadAction","target":["https:\/\/www.comprarmejor.es\/en\/product\/11-beatus-of-liebana-codex-of-ferdinand-and-sancha-1047-moleiro\/"]}]},{"@type":"ImageObject","inLanguage":"en-US","@id":"https:\/\/www.comprarmejor.es\/en\/product\/11-beatus-of-liebana-codex-of-ferdinand-and-sancha-1047-moleiro\/#primaryimage","url":"https:\/\/www.comprarmejor.es\/wp-content\/uploads\/2015\/12\/BFSM-3.jpg","contentUrl":"https:\/\/www.comprarmejor.es\/wp-content\/uploads\/2015\/12\/BFSM-3.jpg","width":600,"height":436},{"@type":"BreadcrumbList","@id":"https:\/\/www.comprarmejor.es\/en\/product\/11-beatus-of-liebana-codex-of-ferdinand-and-sancha-1047-moleiro\/#breadcrumb","itemListElement":[{"@type":"ListItem","position":1,"name":"Portada","item":"https:\/\/www.comprarmejor.es\/en\/"},{"@type":"ListItem","position":2,"name":"Shop","item":"https:\/\/www.comprarmejor.es\/en\/shop\/"},{"@type":"ListItem","position":3,"name":"Beatus of Liebana codex of Ferdinand I and Sancha, 1047 (Moleiro)"}]},{"@type":"WebSite","@id":"https:\/\/www.comprarmejor.es\/en\/#website","url":"https:\/\/www.comprarmejor.es\/en\/","name":"ComprarMejor","description":"ComprarMejor","publisher":{"@id":"https:\/\/www.comprarmejor.es\/en\/#organization"},"potentialAction":[{"@type":"SearchAction","target":{"@type":"EntryPoint","urlTemplate":"https:\/\/www.comprarmejor.es\/en\/?s={search_term_string}"},"query-input":{"@type":"PropertyValueSpecification","valueRequired":true,"valueName":"search_term_string"}}],"inLanguage":"en-US"},{"@type":"Organization","@id":"https:\/\/www.comprarmejor.es\/en\/#organization","name":"COMPRAR MEJOR","url":"https:\/\/www.comprarmejor.es\/en\/","logo":{"@type":"ImageObject","inLanguage":"en-US","@id":"https:\/\/www.comprarmejor.es\/en\/#\/schema\/logo\/image\/","url":"https:\/\/www.comprarmejor.es\/wp-content\/uploads\/2025\/09\/comprarmejortrinidad.jpg","contentUrl":"https:\/\/www.comprarmejor.es\/wp-content\/uploads\/2025\/09\/comprarmejortrinidad.jpg","width":1022,"height":1380,"caption":"COMPRAR MEJOR"},"image":{"@id":"https:\/\/www.comprarmejor.es\/en\/#\/schema\/logo\/image\/"},"sameAs":["https:\/\/www.instagram.com\/amigosdelcodice"]}]}},"_links":{"self":[{"href":"https:\/\/www.comprarmejor.es\/en\/wp-json\/wp\/v2\/product\/49801","targetHints":{"allow":["GET"]}}],"collection":[{"href":"https:\/\/www.comprarmejor.es\/en\/wp-json\/wp\/v2\/product"}],"about":[{"href":"https:\/\/www.comprarmejor.es\/en\/wp-json\/wp\/v2\/types\/product"}],"wp:featuredmedia":[{"embeddable":true,"href":"https:\/\/www.comprarmejor.es\/en\/wp-json\/wp\/v2\/media\/58729"}],"wp:attachment":[{"href":"https:\/\/www.comprarmejor.es\/en\/wp-json\/wp\/v2\/media?parent=49801"}],"wp:term":[{"taxonomy":"product_brand","embeddable":true,"href":"https:\/\/www.comprarmejor.es\/en\/wp-json\/wp\/v2\/product_brand?post=49801"},{"taxonomy":"product_cat","embeddable":true,"href":"https:\/\/www.comprarmejor.es\/en\/wp-json\/wp\/v2\/product_cat?post=49801"},{"taxonomy":"product_tag","embeddable":true,"href":"https:\/\/www.comprarmejor.es\/en\/wp-json\/wp\/v2\/product_tag?post=49801"}],"curies":[{"name":"wp","href":"https:\/\/api.w.org\/{rel}","templated":true}]}}