{"id":49837,"date":"2015-12-07T18:34:50","date_gmt":"2015-12-07T17:34:50","guid":{"rendered":"https:\/\/www.comprarmejor.es\/producto\/beatus-of-liebana-codex-of-saint-sever-s-xi-edilan\/"},"modified":"2026-03-28T16:09:12","modified_gmt":"2026-03-28T15:09:12","slug":"drawings-and-prints-by-alenza-in-the-municipal-museum-of-madrid","status":"publish","type":"product","link":"https:\/\/www.comprarmejor.es\/en\/product\/drawings-and-prints-by-alenza-in-the-municipal-museum-of-madrid\/","title":{"rendered":"Drawings and Prints by Alenza in the Municipal Museum of Madrid"},"content":{"rendered":"<p style=\"text-align: justify;\">A beautiful edition published by the Madrid City Council in 1993, featuring the Drawings and Prints by Alenza in the Municipal Museum of Madrid.<\/p>\n<p style=\"text-align: justify;\">Leonardo Alenza y Nieto (1807-1845) was a prominent Spanish Romantic painter of the 19th century. This beautiful book presents a collection of 10 drawings from the series \u201cScenes in the Street\u201d and 18 engravings under the title \u201cCaprichos\u201d (Whims) by Isidoro Rosell y Torres (1845-1879), based on Alenza&#8217;s drawings, of whom he was a great admirer.<\/p>\n<p style=\"text-align: justify;\">The book is bound in a green silk hardcover with Romantic-style gold foil stamping. Format 22.5 x 32 cm, with 100 unpaginated pages printed on thick, cream-colored laid paper.<\/p>\n<p style=\"text-align: justify;\">Copy in perfect, new, unused condition.<\/p>\n<p style=\"text-align: justify;\">Shipping costs vary depending on the order and destination. <span title=\"Cons\u00faltenos cualquier duda, as\u00ed como por cualquier otro Beato o facs\u00edmile que est\u00e9 buscando.\"><a class=\"btn btn-default\" href=\"https:\/\/www.comprarmejor.es\/en\/contact\/\">Ask us<\/a><\/span><span class=\"HwtZe\" lang=\"en\"><span class=\"jCAhz ChMk0b\"><span class=\"ryNqvb\"> with any questions, quoting the item reference.<\/span><\/span><\/span><\/p>\n","protected":false},"excerpt":{"rendered":"<p style=\"text-align: justify;\"><span id=\"result_box\" lang=\"en\" xml:lang=\"en\">A beautiful edition published by the Madrid City Council in 1993, featuring the Drawings and Prints by Alenza in the Municipal Museum of Madrid.<br \/>\n<\/span><\/p>\n","protected":false},"featured_media":106893,"template":"","meta":[],"product_brand":[],"product_cat":[2210,2270,2266],"product_tag":[5791,5822,5130,4324],"class_list":{"0":"post-49837","1":"product","2":"type-product","3":"status-publish","4":"has-post-thumbnail","6":"product_cat-bibliophilia","7":"product_cat-drawings","8":"product_cat-engravings","9":"product_tag-arte-en","10":"product_tag-bibliofilia-en","11":"product_tag-engravings-en","12":"product_tag-madrid-en","13":"product_shipping_class-from-2-to-5-kg","14":"description-off","16":"first","17":"instock","18":"sale","19":"taxable","20":"shipping-taxable","21":"purchasable","22":"product-type-simple"},"yoast_head":"<!-- This site is optimized with the Yoast SEO plugin v27.3 - https:\/\/yoast.com\/product\/yoast-seo-wordpress\/ -->\n<title>Drawings and Prints by Alenza in the Municipal Museum of Madrid<\/title>\n<meta name=\"description\" content=\"A beautiful edition published by the Madrid City Council in 1993, featuring the Drawings and Prints by Alenza in the Municipal Museum of Madrid.\" \/>\n<meta name=\"robots\" content=\"index, follow, max-snippet:-1, max-image-preview:large, max-video-preview:-1\" \/>\n<link rel=\"canonical\" href=\"https:\/\/www.comprarmejor.es\/en\/product\/drawings-and-prints-by-alenza-in-the-municipal-museum-of-madrid\/\" \/>\n<meta property=\"og:locale\" content=\"en_US\" \/>\n<meta property=\"og:type\" content=\"article\" \/>\n<meta property=\"og:title\" content=\"Drawings and Prints by Alenza in the Municipal Museum of Madrid\" \/>\n<meta property=\"og:description\" content=\"A beautiful edition published by the Madrid City Council in 1993, featuring the Drawings and Prints by Alenza in the Municipal Museum of Madrid.\" \/>\n<meta property=\"og:url\" content=\"https:\/\/www.comprarmejor.es\/en\/product\/drawings-and-prints-by-alenza-in-the-municipal-museum-of-madrid\/\" \/>\n<meta property=\"og:site_name\" content=\"ComprarMejor\" \/>\n<meta property=\"article:modified_time\" content=\"2026-03-28T15:09:12+00:00\" \/>\n<meta property=\"og:image\" content=\"https:\/\/www.comprarmejor.es\/wp-content\/uploads\/2015\/12\/DyEdeA01.jpg\" \/>\n\t<meta property=\"og:image:width\" content=\"756\" \/>\n\t<meta property=\"og:image:height\" content=\"756\" \/>\n\t<meta property=\"og:image:type\" content=\"image\/jpeg\" \/>\n<meta name=\"twitter:card\" content=\"summary_large_image\" \/>\n<meta name=\"twitter:label1\" content=\"Est. reading time\" \/>\n\t<meta name=\"twitter:data1\" content=\"1 minute\" \/>\n<script type=\"application\/ld+json\" class=\"yoast-schema-graph\">{\"@context\":\"https:\\\/\\\/schema.org\",\"@graph\":[{\"@type\":\"WebPage\",\"@id\":\"https:\\\/\\\/www.comprarmejor.es\\\/en\\\/product\\\/drawings-and-prints-by-alenza-in-the-municipal-museum-of-madrid\\\/\",\"url\":\"https:\\\/\\\/www.comprarmejor.es\\\/en\\\/product\\\/drawings-and-prints-by-alenza-in-the-municipal-museum-of-madrid\\\/\",\"name\":\"Drawings and Prints by Alenza in the Municipal Museum of Madrid\",\"isPartOf\":{\"@id\":\"https:\\\/\\\/www.comprarmejor.es\\\/en\\\/#website\"},\"primaryImageOfPage\":{\"@id\":\"https:\\\/\\\/www.comprarmejor.es\\\/en\\\/product\\\/drawings-and-prints-by-alenza-in-the-municipal-museum-of-madrid\\\/#primaryimage\"},\"image\":{\"@id\":\"https:\\\/\\\/www.comprarmejor.es\\\/en\\\/product\\\/drawings-and-prints-by-alenza-in-the-municipal-museum-of-madrid\\\/#primaryimage\"},\"thumbnailUrl\":\"https:\\\/\\\/www.comprarmejor.es\\\/wp-content\\\/uploads\\\/2015\\\/12\\\/DyEdeA01.jpg\",\"datePublished\":\"2015-12-07T17:34:50+00:00\",\"dateModified\":\"2026-03-28T15:09:12+00:00\",\"description\":\"A beautiful edition published by the Madrid City Council in 1993, featuring the Drawings and Prints by Alenza in the Municipal Museum of Madrid.\",\"breadcrumb\":{\"@id\":\"https:\\\/\\\/www.comprarmejor.es\\\/en\\\/product\\\/drawings-and-prints-by-alenza-in-the-municipal-museum-of-madrid\\\/#breadcrumb\"},\"inLanguage\":\"en-US\",\"potentialAction\":[{\"@type\":\"ReadAction\",\"target\":[\"https:\\\/\\\/www.comprarmejor.es\\\/en\\\/product\\\/drawings-and-prints-by-alenza-in-the-municipal-museum-of-madrid\\\/\"]}]},{\"@type\":\"ImageObject\",\"inLanguage\":\"en-US\",\"@id\":\"https:\\\/\\\/www.comprarmejor.es\\\/en\\\/product\\\/drawings-and-prints-by-alenza-in-the-municipal-museum-of-madrid\\\/#primaryimage\",\"url\":\"https:\\\/\\\/www.comprarmejor.es\\\/wp-content\\\/uploads\\\/2015\\\/12\\\/DyEdeA01.jpg\",\"contentUrl\":\"https:\\\/\\\/www.comprarmejor.es\\\/wp-content\\\/uploads\\\/2015\\\/12\\\/DyEdeA01.jpg\",\"width\":756,\"height\":756},{\"@type\":\"BreadcrumbList\",\"@id\":\"https:\\\/\\\/www.comprarmejor.es\\\/en\\\/product\\\/drawings-and-prints-by-alenza-in-the-municipal-museum-of-madrid\\\/#breadcrumb\",\"itemListElement\":[{\"@type\":\"ListItem\",\"position\":1,\"name\":\"Portada\",\"item\":\"https:\\\/\\\/www.comprarmejor.es\\\/en\\\/\"},{\"@type\":\"ListItem\",\"position\":2,\"name\":\"Shop\",\"item\":\"https:\\\/\\\/www.comprarmejor.es\\\/en\\\/shop\\\/\"},{\"@type\":\"ListItem\",\"position\":3,\"name\":\"Drawings and Prints by Alenza in the Municipal Museum of Madrid\"}]},{\"@type\":\"WebSite\",\"@id\":\"https:\\\/\\\/www.comprarmejor.es\\\/en\\\/#website\",\"url\":\"https:\\\/\\\/www.comprarmejor.es\\\/en\\\/\",\"name\":\"ComprarMejor\",\"description\":\"ComprarMejor\",\"publisher\":{\"@id\":\"https:\\\/\\\/www.comprarmejor.es\\\/en\\\/#organization\"},\"potentialAction\":[{\"@type\":\"SearchAction\",\"target\":{\"@type\":\"EntryPoint\",\"urlTemplate\":\"https:\\\/\\\/www.comprarmejor.es\\\/en\\\/?s={search_term_string}\"},\"query-input\":{\"@type\":\"PropertyValueSpecification\",\"valueRequired\":true,\"valueName\":\"search_term_string\"}}],\"inLanguage\":\"en-US\"},{\"@type\":\"Organization\",\"@id\":\"https:\\\/\\\/www.comprarmejor.es\\\/en\\\/#organization\",\"name\":\"COMPRAR MEJOR\",\"url\":\"https:\\\/\\\/www.comprarmejor.es\\\/en\\\/\",\"logo\":{\"@type\":\"ImageObject\",\"inLanguage\":\"en-US\",\"@id\":\"https:\\\/\\\/www.comprarmejor.es\\\/en\\\/#\\\/schema\\\/logo\\\/image\\\/\",\"url\":\"https:\\\/\\\/www.comprarmejor.es\\\/wp-content\\\/uploads\\\/2025\\\/09\\\/comprarmejortrinidad.jpg\",\"contentUrl\":\"https:\\\/\\\/www.comprarmejor.es\\\/wp-content\\\/uploads\\\/2025\\\/09\\\/comprarmejortrinidad.jpg\",\"width\":1022,\"height\":1380,\"caption\":\"COMPRAR MEJOR\"},\"image\":{\"@id\":\"https:\\\/\\\/www.comprarmejor.es\\\/en\\\/#\\\/schema\\\/logo\\\/image\\\/\"},\"sameAs\":[\"https:\\\/\\\/www.instagram.com\\\/amigosdelcodice\"]}]}<\/script>\n<!-- \/ Yoast SEO plugin. -->","yoast_head_json":{"title":"Drawings and Prints by Alenza in the Municipal Museum of Madrid","description":"A beautiful edition published by the Madrid City Council in 1993, featuring the Drawings and Prints by Alenza in the Municipal Museum of Madrid.","robots":{"index":"index","follow":"follow","max-snippet":"max-snippet:-1","max-image-preview":"max-image-preview:large","max-video-preview":"max-video-preview:-1"},"canonical":"https:\/\/www.comprarmejor.es\/en\/product\/drawings-and-prints-by-alenza-in-the-municipal-museum-of-madrid\/","og_locale":"en_US","og_type":"article","og_title":"Drawings and Prints by Alenza in the Municipal Museum of Madrid","og_description":"A beautiful edition published by the Madrid City Council in 1993, featuring the Drawings and Prints by Alenza in the Municipal Museum of Madrid.","og_url":"https:\/\/www.comprarmejor.es\/en\/product\/drawings-and-prints-by-alenza-in-the-municipal-museum-of-madrid\/","og_site_name":"ComprarMejor","article_modified_time":"2026-03-28T15:09:12+00:00","og_image":[{"width":756,"height":756,"url":"https:\/\/www.comprarmejor.es\/wp-content\/uploads\/2015\/12\/DyEdeA01.jpg","type":"image\/jpeg"}],"twitter_card":"summary_large_image","twitter_misc":{"Est. reading time":"1 minute"},"schema":{"@context":"https:\/\/schema.org","@graph":[{"@type":"WebPage","@id":"https:\/\/www.comprarmejor.es\/en\/product\/drawings-and-prints-by-alenza-in-the-municipal-museum-of-madrid\/","url":"https:\/\/www.comprarmejor.es\/en\/product\/drawings-and-prints-by-alenza-in-the-municipal-museum-of-madrid\/","name":"Drawings and Prints by Alenza in the Municipal Museum of Madrid","isPartOf":{"@id":"https:\/\/www.comprarmejor.es\/en\/#website"},"primaryImageOfPage":{"@id":"https:\/\/www.comprarmejor.es\/en\/product\/drawings-and-prints-by-alenza-in-the-municipal-museum-of-madrid\/#primaryimage"},"image":{"@id":"https:\/\/www.comprarmejor.es\/en\/product\/drawings-and-prints-by-alenza-in-the-municipal-museum-of-madrid\/#primaryimage"},"thumbnailUrl":"https:\/\/www.comprarmejor.es\/wp-content\/uploads\/2015\/12\/DyEdeA01.jpg","datePublished":"2015-12-07T17:34:50+00:00","dateModified":"2026-03-28T15:09:12+00:00","description":"A beautiful edition published by the Madrid City Council in 1993, featuring the Drawings and Prints by Alenza in the Municipal Museum of Madrid.","breadcrumb":{"@id":"https:\/\/www.comprarmejor.es\/en\/product\/drawings-and-prints-by-alenza-in-the-municipal-museum-of-madrid\/#breadcrumb"},"inLanguage":"en-US","potentialAction":[{"@type":"ReadAction","target":["https:\/\/www.comprarmejor.es\/en\/product\/drawings-and-prints-by-alenza-in-the-municipal-museum-of-madrid\/"]}]},{"@type":"ImageObject","inLanguage":"en-US","@id":"https:\/\/www.comprarmejor.es\/en\/product\/drawings-and-prints-by-alenza-in-the-municipal-museum-of-madrid\/#primaryimage","url":"https:\/\/www.comprarmejor.es\/wp-content\/uploads\/2015\/12\/DyEdeA01.jpg","contentUrl":"https:\/\/www.comprarmejor.es\/wp-content\/uploads\/2015\/12\/DyEdeA01.jpg","width":756,"height":756},{"@type":"BreadcrumbList","@id":"https:\/\/www.comprarmejor.es\/en\/product\/drawings-and-prints-by-alenza-in-the-municipal-museum-of-madrid\/#breadcrumb","itemListElement":[{"@type":"ListItem","position":1,"name":"Portada","item":"https:\/\/www.comprarmejor.es\/en\/"},{"@type":"ListItem","position":2,"name":"Shop","item":"https:\/\/www.comprarmejor.es\/en\/shop\/"},{"@type":"ListItem","position":3,"name":"Drawings and Prints by Alenza in the Municipal Museum of Madrid"}]},{"@type":"WebSite","@id":"https:\/\/www.comprarmejor.es\/en\/#website","url":"https:\/\/www.comprarmejor.es\/en\/","name":"ComprarMejor","description":"ComprarMejor","publisher":{"@id":"https:\/\/www.comprarmejor.es\/en\/#organization"},"potentialAction":[{"@type":"SearchAction","target":{"@type":"EntryPoint","urlTemplate":"https:\/\/www.comprarmejor.es\/en\/?s={search_term_string}"},"query-input":{"@type":"PropertyValueSpecification","valueRequired":true,"valueName":"search_term_string"}}],"inLanguage":"en-US"},{"@type":"Organization","@id":"https:\/\/www.comprarmejor.es\/en\/#organization","name":"COMPRAR MEJOR","url":"https:\/\/www.comprarmejor.es\/en\/","logo":{"@type":"ImageObject","inLanguage":"en-US","@id":"https:\/\/www.comprarmejor.es\/en\/#\/schema\/logo\/image\/","url":"https:\/\/www.comprarmejor.es\/wp-content\/uploads\/2025\/09\/comprarmejortrinidad.jpg","contentUrl":"https:\/\/www.comprarmejor.es\/wp-content\/uploads\/2025\/09\/comprarmejortrinidad.jpg","width":1022,"height":1380,"caption":"COMPRAR MEJOR"},"image":{"@id":"https:\/\/www.comprarmejor.es\/en\/#\/schema\/logo\/image\/"},"sameAs":["https:\/\/www.instagram.com\/amigosdelcodice"]}]}},"_links":{"self":[{"href":"https:\/\/www.comprarmejor.es\/en\/wp-json\/wp\/v2\/product\/49837","targetHints":{"allow":["GET"]}}],"collection":[{"href":"https:\/\/www.comprarmejor.es\/en\/wp-json\/wp\/v2\/product"}],"about":[{"href":"https:\/\/www.comprarmejor.es\/en\/wp-json\/wp\/v2\/types\/product"}],"wp:featuredmedia":[{"embeddable":true,"href":"https:\/\/www.comprarmejor.es\/en\/wp-json\/wp\/v2\/media\/106893"}],"wp:attachment":[{"href":"https:\/\/www.comprarmejor.es\/en\/wp-json\/wp\/v2\/media?parent=49837"}],"wp:term":[{"taxonomy":"product_brand","embeddable":true,"href":"https:\/\/www.comprarmejor.es\/en\/wp-json\/wp\/v2\/product_brand?post=49837"},{"taxonomy":"product_cat","embeddable":true,"href":"https:\/\/www.comprarmejor.es\/en\/wp-json\/wp\/v2\/product_cat?post=49837"},{"taxonomy":"product_tag","embeddable":true,"href":"https:\/\/www.comprarmejor.es\/en\/wp-json\/wp\/v2\/product_tag?post=49837"}],"curies":[{"name":"wp","href":"https:\/\/api.w.org\/{rel}","templated":true}]}}