{"id":49851,"date":"2015-12-09T12:20:31","date_gmt":"2015-12-09T11:20:31","guid":{"rendered":"https:\/\/www.comprarmejor.es\/producto\/1525-castiglioni-planisphere\/"},"modified":"2023-12-06T12:35:55","modified_gmt":"2023-12-06T11:35:55","slug":"1917-herbarium-flowers-from-the-holy-land-mini-book","status":"publish","type":"product","link":"https:\/\/www.comprarmejor.es\/en\/product\/1917-herbarium-flowers-from-the-holy-land-mini-book\/","title":{"rendered":"1917 Herbarium Flowers from the Holy Land, mini book"},"content":{"rendered":"<p style=\"text-align: justify;\">Beautiful herbarium with real flowers and plants from the Holy Land in mini book format made around 1917, texts in English and French: Flowers from the Holy Land. Fleurs de Terre Sainte. In Remembrance of the British Army conquerors of the Holy Land 9th December 1917.<\/p>\n<p style=\"text-align: justify;\">Flowers of the Holy Land. In memory of the conquerors of the Holy Land of the British Army on December 9, 1917.<\/p>\n<p style=\"text-align: justify;\">The herbarium consists of 11 beautiful plates with artistic compositions of flowers and plants from the Holy Land (Israel, Palestine, Judea). These are real dried plants, they are not illustrations.<\/p>\n<p style=\"text-align: justify;\">Each herbarium plate is paired with a chromolithograph (plus one) of a place in the Holy Land: Jerusalem, Gethsemane, Mount of Olives, Valley of Jehoshaphat, Mosque of Omar, Rachel&#8217;s Tomb, Bethlehem, Bethany, Jericho, the Jordan River , Nazareth and Lake Tiberias.<\/p>\n<p style=\"text-align: justify;\">The herbarium is dedicated to the &#8220;Conquerors of the Holy Land of the British Army, December 9, 1917.&#8221; This dedication refers to the conquest of Jerusalem by British troops within the framework of the First World War, against the troops of the Ottoman Empire.<\/p>\n<p style=\"text-align: justify;\">Bound with thick olive wood covers, landscape format 16.5 x 10.8 cm. 24 pages, including 12 illustrations and 11 compositions of real, dried flowers and plants from the Holy Land.<\/p>\n<p style=\"text-align: justify;\">There is no record of the actual year in which this herbarium was made, nor of who made it, nor if it is a unique and exclusive specimen, although it may seem that way. The common or scientific names of each plant are not described either, only the generic title of \u201cFlowers of the Holy Land\u201d is indicated in French and English in each composition. It appears to be a complete work and is in good condition despite being more than 100 years old. Some plant blades show slight losses and their viewing and handling must be done with great care.<\/p>\n<p style=\"text-align: justify;\">Beautiful herbarium, curious and excellent specimen ideal for giving as a gift.<\/p>\n<p style=\"text-align: justify;\">Shipping costs according to order and destination<span title=\"Gastos de env\u00edo por cuenta del comprador, seg\u00fan pedido y destino.\">.\u00a0<\/span><span title=\"Cons\u00faltenos cualquier duda, as\u00ed como por cualquier otro facs\u00edmile que est\u00e9 buscando.\"><a class=\"btn btn-default\" href=\"https:\/\/www.comprarmejor.es\/en\/contact\">Ask us<\/a> <span class=\"HwtZe\" lang=\"en\"><span class=\"jCAhz ChMk0b\"><span class=\"ryNqvb\">any questions, indicating the article reference.<\/span><\/span><\/span><br \/>\n<\/span><\/p>\n","protected":false},"excerpt":{"rendered":"<p style=\"text-align: justify;\"><span id=\"result_box\" lang=\"en\" xml:lang=\"en\">Herbarium with real flowers and plants from the Holy Land in mini book format made around 1917, texts in English and French: Flowers from the Holy Land.<br \/>\n<\/span><\/p>\n","protected":false},"featured_media":91476,"template":"","meta":[],"product_brand":[],"product_cat":[2210,2238,2202],"product_tag":[],"class_list":{"0":"post-49851","1":"product","2":"type-product","3":"status-publish","4":"has-post-thumbnail","6":"product_cat-bibliophilia","7":"product_cat-exclusive-copies","8":"product_cat-old-books","9":"product_shipping_class-from-0-to-1-kg","10":"description-off","12":"first","13":"instock","14":"taxable","15":"shipping-taxable","16":"purchasable","17":"product-type-simple"},"yoast_head":"<!-- This site is optimized with the Yoast SEO plugin v27.3 - https:\/\/yoast.com\/product\/yoast-seo-wordpress\/ -->\n<title>1917 Herbarium Flowers from the Holy Land, mini book<\/title>\n<meta name=\"description\" content=\"Herbarium with real flowers and plants from the Holy Land in mini book format made around 1917, texts in English and French: Flowers from the Holy Land\" \/>\n<meta name=\"robots\" content=\"index, follow, max-snippet:-1, max-image-preview:large, max-video-preview:-1\" \/>\n<link rel=\"canonical\" href=\"https:\/\/www.comprarmejor.es\/en\/product\/1917-herbarium-flowers-from-the-holy-land-mini-book\/\" \/>\n<meta property=\"og:locale\" content=\"en_US\" \/>\n<meta property=\"og:type\" content=\"article\" \/>\n<meta property=\"og:title\" content=\"1917 Herbarium Flowers from the Holy Land, mini book\" \/>\n<meta property=\"og:description\" content=\"Herbarium with real flowers and plants from the Holy Land in mini book format made around 1917, texts in English and French: Flowers from the Holy Land\" \/>\n<meta property=\"og:url\" content=\"https:\/\/www.comprarmejor.es\/en\/product\/1917-herbarium-flowers-from-the-holy-land-mini-book\/\" \/>\n<meta property=\"og:site_name\" content=\"ComprarMejor\" \/>\n<meta property=\"article:modified_time\" content=\"2023-12-06T11:35:55+00:00\" \/>\n<meta property=\"og:image\" content=\"https:\/\/www.comprarmejor.es\/wp-content\/uploads\/2015\/12\/01.jpg\" \/>\n\t<meta property=\"og:image:width\" content=\"547\" \/>\n\t<meta property=\"og:image:height\" content=\"753\" \/>\n\t<meta property=\"og:image:type\" content=\"image\/jpeg\" \/>\n<meta name=\"twitter:card\" content=\"summary_large_image\" \/>\n<meta name=\"twitter:label1\" content=\"Est. reading time\" \/>\n\t<meta name=\"twitter:data1\" content=\"2 minutes\" \/>\n<script type=\"application\/ld+json\" class=\"yoast-schema-graph\">{\"@context\":\"https:\\\/\\\/schema.org\",\"@graph\":[{\"@type\":\"WebPage\",\"@id\":\"https:\\\/\\\/www.comprarmejor.es\\\/en\\\/product\\\/1917-herbarium-flowers-from-the-holy-land-mini-book\\\/\",\"url\":\"https:\\\/\\\/www.comprarmejor.es\\\/en\\\/product\\\/1917-herbarium-flowers-from-the-holy-land-mini-book\\\/\",\"name\":\"1917 Herbarium Flowers from the Holy Land, mini book\",\"isPartOf\":{\"@id\":\"https:\\\/\\\/www.comprarmejor.es\\\/en\\\/#website\"},\"primaryImageOfPage\":{\"@id\":\"https:\\\/\\\/www.comprarmejor.es\\\/en\\\/product\\\/1917-herbarium-flowers-from-the-holy-land-mini-book\\\/#primaryimage\"},\"image\":{\"@id\":\"https:\\\/\\\/www.comprarmejor.es\\\/en\\\/product\\\/1917-herbarium-flowers-from-the-holy-land-mini-book\\\/#primaryimage\"},\"thumbnailUrl\":\"https:\\\/\\\/www.comprarmejor.es\\\/wp-content\\\/uploads\\\/2015\\\/12\\\/01.jpg\",\"datePublished\":\"2015-12-09T11:20:31+00:00\",\"dateModified\":\"2023-12-06T11:35:55+00:00\",\"description\":\"Herbarium with real flowers and plants from the Holy Land in mini book format made around 1917, texts in English and French: Flowers from the Holy Land\",\"breadcrumb\":{\"@id\":\"https:\\\/\\\/www.comprarmejor.es\\\/en\\\/product\\\/1917-herbarium-flowers-from-the-holy-land-mini-book\\\/#breadcrumb\"},\"inLanguage\":\"en-US\",\"potentialAction\":[{\"@type\":\"ReadAction\",\"target\":[\"https:\\\/\\\/www.comprarmejor.es\\\/en\\\/product\\\/1917-herbarium-flowers-from-the-holy-land-mini-book\\\/\"]}]},{\"@type\":\"ImageObject\",\"inLanguage\":\"en-US\",\"@id\":\"https:\\\/\\\/www.comprarmejor.es\\\/en\\\/product\\\/1917-herbarium-flowers-from-the-holy-land-mini-book\\\/#primaryimage\",\"url\":\"https:\\\/\\\/www.comprarmejor.es\\\/wp-content\\\/uploads\\\/2015\\\/12\\\/01.jpg\",\"contentUrl\":\"https:\\\/\\\/www.comprarmejor.es\\\/wp-content\\\/uploads\\\/2015\\\/12\\\/01.jpg\",\"width\":547,\"height\":753},{\"@type\":\"BreadcrumbList\",\"@id\":\"https:\\\/\\\/www.comprarmejor.es\\\/en\\\/product\\\/1917-herbarium-flowers-from-the-holy-land-mini-book\\\/#breadcrumb\",\"itemListElement\":[{\"@type\":\"ListItem\",\"position\":1,\"name\":\"Portada\",\"item\":\"https:\\\/\\\/www.comprarmejor.es\\\/en\\\/\"},{\"@type\":\"ListItem\",\"position\":2,\"name\":\"Shop\",\"item\":\"https:\\\/\\\/www.comprarmejor.es\\\/en\\\/shop\\\/\"},{\"@type\":\"ListItem\",\"position\":3,\"name\":\"1917 Herbarium Flowers from the Holy Land, mini book\"}]},{\"@type\":\"WebSite\",\"@id\":\"https:\\\/\\\/www.comprarmejor.es\\\/en\\\/#website\",\"url\":\"https:\\\/\\\/www.comprarmejor.es\\\/en\\\/\",\"name\":\"ComprarMejor\",\"description\":\"ComprarMejor\",\"publisher\":{\"@id\":\"https:\\\/\\\/www.comprarmejor.es\\\/en\\\/#organization\"},\"potentialAction\":[{\"@type\":\"SearchAction\",\"target\":{\"@type\":\"EntryPoint\",\"urlTemplate\":\"https:\\\/\\\/www.comprarmejor.es\\\/en\\\/?s={search_term_string}\"},\"query-input\":{\"@type\":\"PropertyValueSpecification\",\"valueRequired\":true,\"valueName\":\"search_term_string\"}}],\"inLanguage\":\"en-US\"},{\"@type\":\"Organization\",\"@id\":\"https:\\\/\\\/www.comprarmejor.es\\\/en\\\/#organization\",\"name\":\"COMPRAR MEJOR\",\"url\":\"https:\\\/\\\/www.comprarmejor.es\\\/en\\\/\",\"logo\":{\"@type\":\"ImageObject\",\"inLanguage\":\"en-US\",\"@id\":\"https:\\\/\\\/www.comprarmejor.es\\\/en\\\/#\\\/schema\\\/logo\\\/image\\\/\",\"url\":\"https:\\\/\\\/www.comprarmejor.es\\\/wp-content\\\/uploads\\\/2025\\\/09\\\/comprarmejortrinidad.jpg\",\"contentUrl\":\"https:\\\/\\\/www.comprarmejor.es\\\/wp-content\\\/uploads\\\/2025\\\/09\\\/comprarmejortrinidad.jpg\",\"width\":1022,\"height\":1380,\"caption\":\"COMPRAR MEJOR\"},\"image\":{\"@id\":\"https:\\\/\\\/www.comprarmejor.es\\\/en\\\/#\\\/schema\\\/logo\\\/image\\\/\"},\"sameAs\":[\"https:\\\/\\\/www.instagram.com\\\/amigosdelcodice\"]}]}<\/script>\n<!-- \/ Yoast SEO plugin. -->","yoast_head_json":{"title":"1917 Herbarium Flowers from the Holy Land, mini book","description":"Herbarium with real flowers and plants from the Holy Land in mini book format made around 1917, texts in English and French: Flowers from the Holy Land","robots":{"index":"index","follow":"follow","max-snippet":"max-snippet:-1","max-image-preview":"max-image-preview:large","max-video-preview":"max-video-preview:-1"},"canonical":"https:\/\/www.comprarmejor.es\/en\/product\/1917-herbarium-flowers-from-the-holy-land-mini-book\/","og_locale":"en_US","og_type":"article","og_title":"1917 Herbarium Flowers from the Holy Land, mini book","og_description":"Herbarium with real flowers and plants from the Holy Land in mini book format made around 1917, texts in English and French: Flowers from the Holy Land","og_url":"https:\/\/www.comprarmejor.es\/en\/product\/1917-herbarium-flowers-from-the-holy-land-mini-book\/","og_site_name":"ComprarMejor","article_modified_time":"2023-12-06T11:35:55+00:00","og_image":[{"width":547,"height":753,"url":"https:\/\/www.comprarmejor.es\/wp-content\/uploads\/2015\/12\/01.jpg","type":"image\/jpeg"}],"twitter_card":"summary_large_image","twitter_misc":{"Est. reading time":"2 minutes"},"schema":{"@context":"https:\/\/schema.org","@graph":[{"@type":"WebPage","@id":"https:\/\/www.comprarmejor.es\/en\/product\/1917-herbarium-flowers-from-the-holy-land-mini-book\/","url":"https:\/\/www.comprarmejor.es\/en\/product\/1917-herbarium-flowers-from-the-holy-land-mini-book\/","name":"1917 Herbarium Flowers from the Holy Land, mini book","isPartOf":{"@id":"https:\/\/www.comprarmejor.es\/en\/#website"},"primaryImageOfPage":{"@id":"https:\/\/www.comprarmejor.es\/en\/product\/1917-herbarium-flowers-from-the-holy-land-mini-book\/#primaryimage"},"image":{"@id":"https:\/\/www.comprarmejor.es\/en\/product\/1917-herbarium-flowers-from-the-holy-land-mini-book\/#primaryimage"},"thumbnailUrl":"https:\/\/www.comprarmejor.es\/wp-content\/uploads\/2015\/12\/01.jpg","datePublished":"2015-12-09T11:20:31+00:00","dateModified":"2023-12-06T11:35:55+00:00","description":"Herbarium with real flowers and plants from the Holy Land in mini book format made around 1917, texts in English and French: Flowers from the Holy Land","breadcrumb":{"@id":"https:\/\/www.comprarmejor.es\/en\/product\/1917-herbarium-flowers-from-the-holy-land-mini-book\/#breadcrumb"},"inLanguage":"en-US","potentialAction":[{"@type":"ReadAction","target":["https:\/\/www.comprarmejor.es\/en\/product\/1917-herbarium-flowers-from-the-holy-land-mini-book\/"]}]},{"@type":"ImageObject","inLanguage":"en-US","@id":"https:\/\/www.comprarmejor.es\/en\/product\/1917-herbarium-flowers-from-the-holy-land-mini-book\/#primaryimage","url":"https:\/\/www.comprarmejor.es\/wp-content\/uploads\/2015\/12\/01.jpg","contentUrl":"https:\/\/www.comprarmejor.es\/wp-content\/uploads\/2015\/12\/01.jpg","width":547,"height":753},{"@type":"BreadcrumbList","@id":"https:\/\/www.comprarmejor.es\/en\/product\/1917-herbarium-flowers-from-the-holy-land-mini-book\/#breadcrumb","itemListElement":[{"@type":"ListItem","position":1,"name":"Portada","item":"https:\/\/www.comprarmejor.es\/en\/"},{"@type":"ListItem","position":2,"name":"Shop","item":"https:\/\/www.comprarmejor.es\/en\/shop\/"},{"@type":"ListItem","position":3,"name":"1917 Herbarium Flowers from the Holy Land, mini book"}]},{"@type":"WebSite","@id":"https:\/\/www.comprarmejor.es\/en\/#website","url":"https:\/\/www.comprarmejor.es\/en\/","name":"ComprarMejor","description":"ComprarMejor","publisher":{"@id":"https:\/\/www.comprarmejor.es\/en\/#organization"},"potentialAction":[{"@type":"SearchAction","target":{"@type":"EntryPoint","urlTemplate":"https:\/\/www.comprarmejor.es\/en\/?s={search_term_string}"},"query-input":{"@type":"PropertyValueSpecification","valueRequired":true,"valueName":"search_term_string"}}],"inLanguage":"en-US"},{"@type":"Organization","@id":"https:\/\/www.comprarmejor.es\/en\/#organization","name":"COMPRAR MEJOR","url":"https:\/\/www.comprarmejor.es\/en\/","logo":{"@type":"ImageObject","inLanguage":"en-US","@id":"https:\/\/www.comprarmejor.es\/en\/#\/schema\/logo\/image\/","url":"https:\/\/www.comprarmejor.es\/wp-content\/uploads\/2025\/09\/comprarmejortrinidad.jpg","contentUrl":"https:\/\/www.comprarmejor.es\/wp-content\/uploads\/2025\/09\/comprarmejortrinidad.jpg","width":1022,"height":1380,"caption":"COMPRAR MEJOR"},"image":{"@id":"https:\/\/www.comprarmejor.es\/en\/#\/schema\/logo\/image\/"},"sameAs":["https:\/\/www.instagram.com\/amigosdelcodice"]}]}},"_links":{"self":[{"href":"https:\/\/www.comprarmejor.es\/en\/wp-json\/wp\/v2\/product\/49851","targetHints":{"allow":["GET"]}}],"collection":[{"href":"https:\/\/www.comprarmejor.es\/en\/wp-json\/wp\/v2\/product"}],"about":[{"href":"https:\/\/www.comprarmejor.es\/en\/wp-json\/wp\/v2\/types\/product"}],"wp:featuredmedia":[{"embeddable":true,"href":"https:\/\/www.comprarmejor.es\/en\/wp-json\/wp\/v2\/media\/91476"}],"wp:attachment":[{"href":"https:\/\/www.comprarmejor.es\/en\/wp-json\/wp\/v2\/media?parent=49851"}],"wp:term":[{"taxonomy":"product_brand","embeddable":true,"href":"https:\/\/www.comprarmejor.es\/en\/wp-json\/wp\/v2\/product_brand?post=49851"},{"taxonomy":"product_cat","embeddable":true,"href":"https:\/\/www.comprarmejor.es\/en\/wp-json\/wp\/v2\/product_cat?post=49851"},{"taxonomy":"product_tag","embeddable":true,"href":"https:\/\/www.comprarmejor.es\/en\/wp-json\/wp\/v2\/product_tag?post=49851"}],"curies":[{"name":"wp","href":"https:\/\/api.w.org\/{rel}","templated":true}]}}