{"id":49895,"date":"2015-12-09T13:46:51","date_gmt":"2015-12-09T12:46:51","guid":{"rendered":"https:\/\/www.comprarmejor.es\/producto\/1830-map-of-the-kingdom-of-algiers-a-m-perrot\/"},"modified":"2019-08-29T15:46:58","modified_gmt":"2019-08-29T13:46:58","slug":"1830-map-of-the-kingdom-of-algiers-a-m-perrot","status":"publish","type":"product","link":"https:\/\/www.comprarmejor.es\/en\/product\/1830-map-of-the-kingdom-of-algiers-a-m-perrot\/","title":{"rendered":"1830 Map of the kingdom of Algiers, A. M. Perrot"},"content":{"rendered":"<p style=\"text-align:justify;\"><span id=\"result_box\" lang=\"en\" xml:lang=\"en\"><span title=\"Mapa del reino de Argel, costa africana, 1830. Grabado cartogr\u00e1fico realizado por el ge\u00f3grafo franc\u00e9s AM Perrot en 1830 del reino de Argel y su costa africana.\">Map of the kingdom of Algiers, African coast, cartographic 1830. Recorded by French geographer AM Perrot in 1830 the kingdom of Algiers and its African coast. <\/span><span title=\"Idioma espa\u00f1ol.\">Spanish Language. <\/span><span title=\"Original de 1830.\">Original 1830.<\/p>\n<p><\/span><span title=\"Medidas del papel: 30,5 x 21,5 cm.\">Paper Size: 30.5 x 21.5 cm. <\/span><span title=\"Plancha: 22,2 x 17 cm.\">Iron: 22.2 x 17 cm. <\/span><span title=\"Papel fino con huellas del paso del tiempo y manchas de \u00f3xido en el papel, sin arrugas pero con marcas de dobleces.\">Thin paper with traces of aging and stains on paper, but without wrinkles folds brands. <\/span><span title=\"Tambi\u00e9n presenta en el margen derecho un corte en el papel, que no afecta al grabado, y una peque\u00f1a raja que se introduce en el grabado 17 mm.\">Also present on the right side a cut on paper, it does not affect the recorded, and a small slit that is introduced into the engraving 17 mm. <\/span><span title=\"A pesar de todo presenta buena planta y lectura de todos sus detalles cartogr\u00e1ficos.\">Yet plant has good reading and all its cartographic details.<\/p>\n<p><\/span><span title=\"Aristide Michel Perrot (1793-1879) fue un ge\u00f3grafo, matem\u00e1tico y cart\u00f3grafo franc\u00e9s que realiz\u00f3 numerosas obras sobre temas y lugares ingleses y franceses, entre ellos la Campa\u00f1a de \u00c1frica.\">Aristide Michel Perrot (1793-1879) was a geographer, French mathematician and cartographer who produced numerous works on subjects English and French and locations including the African Campaign. <\/span><span title=\"Sus obras en espa\u00f1ol son muy poco conocidas.\">Works in Spanish are very poorly known.<\/p>\n<p><\/span><span title=\"Gastos de env\u00edo por cuenta del comprador, seg\u00fan pedido y destino.\">Shipping by the buyer, upon request and destination.\u00a0<\/span><span title=\"Cons\u00faltenos cualquier duda, as\u00ed como por el art\u00edculo que est\u00e9 buscando.\"><a class=\"btn btn-default\" href=\"http:\/\/comprarmejor.es\/en\/contact\">Consult<\/a> any doubt, and by the article you are looking for.<\/span><\/span><\/p>\n","protected":false},"excerpt":{"rendered":"<p style=\"text-align:justify;\"><span id=\"result_box\" lang=\"en\" xml:lang=\"en\"><span title=\"Mapa del reino de Argel, costa africana, 1830. Grabado cartogr\u00e1fico realizado por el ge\u00f3grafo franc\u00e9s AM Perrot en 1830 del reino de Argel y su costa africana.\">Map of the kingdom of Algiers, African coast, cartographic 1830. Recorded by French geographer AM Perrot in 1830 the kingdom of Algiers and its African coast. <\/span><span title=\"Idioma espa\u00f1ol.\">Spanish Language. <\/span><span title=\"Original de 1830.\">Original 1830.<\/span><\/span><\/p>\n","protected":false},"featured_media":49885,"template":"","meta":[],"product_brand":[],"product_cat":[2216],"product_tag":[5294],"class_list":{"0":"post-49895","1":"product","2":"type-product","3":"status-publish","4":"has-post-thumbnail","6":"product_cat-old-maps","7":"product_tag-africa-en","8":"product_shipping_class-from-0-to-1-kg","9":"description-off","11":"first","12":"instock","13":"sale","14":"taxable","15":"shipping-taxable","16":"purchasable","17":"product-type-simple"},"yoast_head":"<!-- This site is optimized with the Yoast SEO plugin v27.3 - https:\/\/yoast.com\/product\/yoast-seo-wordpress\/ -->\n<title>Map of the kingdom of Algiers, 1830, A. M. Perrot<\/title>\n<meta name=\"description\" content=\"Map of the kingdom of Algiers, African coast, cartographic 1830. Recorded by French geographer AM Perrot in 1830 the kingdom of Algiers and its African coast.\" \/>\n<meta name=\"robots\" content=\"index, follow, max-snippet:-1, max-image-preview:large, max-video-preview:-1\" \/>\n<link rel=\"canonical\" href=\"https:\/\/www.comprarmejor.es\/en\/product\/1830-map-of-the-kingdom-of-algiers-a-m-perrot\/\" \/>\n<meta property=\"og:locale\" content=\"en_US\" \/>\n<meta property=\"og:type\" content=\"article\" \/>\n<meta property=\"og:title\" content=\"Map of the kingdom of Algiers, 1830, A. M. Perrot\" \/>\n<meta property=\"og:description\" content=\"Map of the kingdom of Algiers, African coast, cartographic 1830. Recorded by French geographer AM Perrot in 1830 the kingdom of Algiers and its African coast.\" \/>\n<meta property=\"og:url\" content=\"https:\/\/www.comprarmejor.es\/en\/product\/1830-map-of-the-kingdom-of-algiers-a-m-perrot\/\" \/>\n<meta property=\"og:site_name\" content=\"ComprarMejor\" \/>\n<meta property=\"article:modified_time\" content=\"2019-08-29T13:46:58+00:00\" \/>\n<meta property=\"og:image\" content=\"https:\/\/www.comprarmejor.es\/wp-content\/uploads\/2015\/12\/p_1_7_0_8_1708-1830-Mapa-del-reino-de-Argel-A.-M.-Perrot.jpg\" \/>\n\t<meta property=\"og:image:width\" content=\"600\" \/>\n\t<meta property=\"og:image:height\" content=\"454\" \/>\n\t<meta property=\"og:image:type\" content=\"image\/jpeg\" \/>\n<meta name=\"twitter:card\" content=\"summary_large_image\" \/>\n<meta name=\"twitter:label1\" content=\"Est. reading time\" \/>\n\t<meta name=\"twitter:data1\" content=\"1 minute\" \/>\n<script type=\"application\/ld+json\" class=\"yoast-schema-graph\">{\"@context\":\"https:\\\/\\\/schema.org\",\"@graph\":[{\"@type\":\"WebPage\",\"@id\":\"https:\\\/\\\/www.comprarmejor.es\\\/en\\\/product\\\/1830-map-of-the-kingdom-of-algiers-a-m-perrot\\\/\",\"url\":\"https:\\\/\\\/www.comprarmejor.es\\\/en\\\/product\\\/1830-map-of-the-kingdom-of-algiers-a-m-perrot\\\/\",\"name\":\"Map of the kingdom of Algiers, 1830, A. M. Perrot\",\"isPartOf\":{\"@id\":\"https:\\\/\\\/www.comprarmejor.es\\\/en\\\/#website\"},\"primaryImageOfPage\":{\"@id\":\"https:\\\/\\\/www.comprarmejor.es\\\/en\\\/product\\\/1830-map-of-the-kingdom-of-algiers-a-m-perrot\\\/#primaryimage\"},\"image\":{\"@id\":\"https:\\\/\\\/www.comprarmejor.es\\\/en\\\/product\\\/1830-map-of-the-kingdom-of-algiers-a-m-perrot\\\/#primaryimage\"},\"thumbnailUrl\":\"https:\\\/\\\/www.comprarmejor.es\\\/wp-content\\\/uploads\\\/2015\\\/12\\\/p_1_7_0_8_1708-1830-Mapa-del-reino-de-Argel-A.-M.-Perrot.jpg\",\"datePublished\":\"2015-12-09T12:46:51+00:00\",\"dateModified\":\"2019-08-29T13:46:58+00:00\",\"description\":\"Map of the kingdom of Algiers, African coast, cartographic 1830. Recorded by French geographer AM Perrot in 1830 the kingdom of Algiers and its African coast.\",\"breadcrumb\":{\"@id\":\"https:\\\/\\\/www.comprarmejor.es\\\/en\\\/product\\\/1830-map-of-the-kingdom-of-algiers-a-m-perrot\\\/#breadcrumb\"},\"inLanguage\":\"en-US\",\"potentialAction\":[{\"@type\":\"ReadAction\",\"target\":[\"https:\\\/\\\/www.comprarmejor.es\\\/en\\\/product\\\/1830-map-of-the-kingdom-of-algiers-a-m-perrot\\\/\"]}]},{\"@type\":\"ImageObject\",\"inLanguage\":\"en-US\",\"@id\":\"https:\\\/\\\/www.comprarmejor.es\\\/en\\\/product\\\/1830-map-of-the-kingdom-of-algiers-a-m-perrot\\\/#primaryimage\",\"url\":\"https:\\\/\\\/www.comprarmejor.es\\\/wp-content\\\/uploads\\\/2015\\\/12\\\/p_1_7_0_8_1708-1830-Mapa-del-reino-de-Argel-A.-M.-Perrot.jpg\",\"contentUrl\":\"https:\\\/\\\/www.comprarmejor.es\\\/wp-content\\\/uploads\\\/2015\\\/12\\\/p_1_7_0_8_1708-1830-Mapa-del-reino-de-Argel-A.-M.-Perrot.jpg\",\"width\":600,\"height\":454},{\"@type\":\"BreadcrumbList\",\"@id\":\"https:\\\/\\\/www.comprarmejor.es\\\/en\\\/product\\\/1830-map-of-the-kingdom-of-algiers-a-m-perrot\\\/#breadcrumb\",\"itemListElement\":[{\"@type\":\"ListItem\",\"position\":1,\"name\":\"Portada\",\"item\":\"https:\\\/\\\/www.comprarmejor.es\\\/en\\\/\"},{\"@type\":\"ListItem\",\"position\":2,\"name\":\"Shop\",\"item\":\"https:\\\/\\\/www.comprarmejor.es\\\/en\\\/shop\\\/\"},{\"@type\":\"ListItem\",\"position\":3,\"name\":\"1830 Map of the kingdom of Algiers, A. M. Perrot\"}]},{\"@type\":\"WebSite\",\"@id\":\"https:\\\/\\\/www.comprarmejor.es\\\/en\\\/#website\",\"url\":\"https:\\\/\\\/www.comprarmejor.es\\\/en\\\/\",\"name\":\"ComprarMejor\",\"description\":\"ComprarMejor\",\"publisher\":{\"@id\":\"https:\\\/\\\/www.comprarmejor.es\\\/en\\\/#organization\"},\"potentialAction\":[{\"@type\":\"SearchAction\",\"target\":{\"@type\":\"EntryPoint\",\"urlTemplate\":\"https:\\\/\\\/www.comprarmejor.es\\\/en\\\/?s={search_term_string}\"},\"query-input\":{\"@type\":\"PropertyValueSpecification\",\"valueRequired\":true,\"valueName\":\"search_term_string\"}}],\"inLanguage\":\"en-US\"},{\"@type\":\"Organization\",\"@id\":\"https:\\\/\\\/www.comprarmejor.es\\\/en\\\/#organization\",\"name\":\"COMPRAR MEJOR\",\"url\":\"https:\\\/\\\/www.comprarmejor.es\\\/en\\\/\",\"logo\":{\"@type\":\"ImageObject\",\"inLanguage\":\"en-US\",\"@id\":\"https:\\\/\\\/www.comprarmejor.es\\\/en\\\/#\\\/schema\\\/logo\\\/image\\\/\",\"url\":\"https:\\\/\\\/www.comprarmejor.es\\\/wp-content\\\/uploads\\\/2025\\\/09\\\/comprarmejortrinidad.jpg\",\"contentUrl\":\"https:\\\/\\\/www.comprarmejor.es\\\/wp-content\\\/uploads\\\/2025\\\/09\\\/comprarmejortrinidad.jpg\",\"width\":1022,\"height\":1380,\"caption\":\"COMPRAR MEJOR\"},\"image\":{\"@id\":\"https:\\\/\\\/www.comprarmejor.es\\\/en\\\/#\\\/schema\\\/logo\\\/image\\\/\"},\"sameAs\":[\"https:\\\/\\\/www.instagram.com\\\/amigosdelcodice\"]}]}<\/script>\n<!-- \/ Yoast SEO plugin. -->","yoast_head_json":{"title":"Map of the kingdom of Algiers, 1830, A. M. Perrot","description":"Map of the kingdom of Algiers, African coast, cartographic 1830. Recorded by French geographer AM Perrot in 1830 the kingdom of Algiers and its African coast.","robots":{"index":"index","follow":"follow","max-snippet":"max-snippet:-1","max-image-preview":"max-image-preview:large","max-video-preview":"max-video-preview:-1"},"canonical":"https:\/\/www.comprarmejor.es\/en\/product\/1830-map-of-the-kingdom-of-algiers-a-m-perrot\/","og_locale":"en_US","og_type":"article","og_title":"Map of the kingdom of Algiers, 1830, A. M. Perrot","og_description":"Map of the kingdom of Algiers, African coast, cartographic 1830. Recorded by French geographer AM Perrot in 1830 the kingdom of Algiers and its African coast.","og_url":"https:\/\/www.comprarmejor.es\/en\/product\/1830-map-of-the-kingdom-of-algiers-a-m-perrot\/","og_site_name":"ComprarMejor","article_modified_time":"2019-08-29T13:46:58+00:00","og_image":[{"width":600,"height":454,"url":"https:\/\/www.comprarmejor.es\/wp-content\/uploads\/2015\/12\/p_1_7_0_8_1708-1830-Mapa-del-reino-de-Argel-A.-M.-Perrot.jpg","type":"image\/jpeg"}],"twitter_card":"summary_large_image","twitter_misc":{"Est. reading time":"1 minute"},"schema":{"@context":"https:\/\/schema.org","@graph":[{"@type":"WebPage","@id":"https:\/\/www.comprarmejor.es\/en\/product\/1830-map-of-the-kingdom-of-algiers-a-m-perrot\/","url":"https:\/\/www.comprarmejor.es\/en\/product\/1830-map-of-the-kingdom-of-algiers-a-m-perrot\/","name":"Map of the kingdom of Algiers, 1830, A. M. Perrot","isPartOf":{"@id":"https:\/\/www.comprarmejor.es\/en\/#website"},"primaryImageOfPage":{"@id":"https:\/\/www.comprarmejor.es\/en\/product\/1830-map-of-the-kingdom-of-algiers-a-m-perrot\/#primaryimage"},"image":{"@id":"https:\/\/www.comprarmejor.es\/en\/product\/1830-map-of-the-kingdom-of-algiers-a-m-perrot\/#primaryimage"},"thumbnailUrl":"https:\/\/www.comprarmejor.es\/wp-content\/uploads\/2015\/12\/p_1_7_0_8_1708-1830-Mapa-del-reino-de-Argel-A.-M.-Perrot.jpg","datePublished":"2015-12-09T12:46:51+00:00","dateModified":"2019-08-29T13:46:58+00:00","description":"Map of the kingdom of Algiers, African coast, cartographic 1830. Recorded by French geographer AM Perrot in 1830 the kingdom of Algiers and its African coast.","breadcrumb":{"@id":"https:\/\/www.comprarmejor.es\/en\/product\/1830-map-of-the-kingdom-of-algiers-a-m-perrot\/#breadcrumb"},"inLanguage":"en-US","potentialAction":[{"@type":"ReadAction","target":["https:\/\/www.comprarmejor.es\/en\/product\/1830-map-of-the-kingdom-of-algiers-a-m-perrot\/"]}]},{"@type":"ImageObject","inLanguage":"en-US","@id":"https:\/\/www.comprarmejor.es\/en\/product\/1830-map-of-the-kingdom-of-algiers-a-m-perrot\/#primaryimage","url":"https:\/\/www.comprarmejor.es\/wp-content\/uploads\/2015\/12\/p_1_7_0_8_1708-1830-Mapa-del-reino-de-Argel-A.-M.-Perrot.jpg","contentUrl":"https:\/\/www.comprarmejor.es\/wp-content\/uploads\/2015\/12\/p_1_7_0_8_1708-1830-Mapa-del-reino-de-Argel-A.-M.-Perrot.jpg","width":600,"height":454},{"@type":"BreadcrumbList","@id":"https:\/\/www.comprarmejor.es\/en\/product\/1830-map-of-the-kingdom-of-algiers-a-m-perrot\/#breadcrumb","itemListElement":[{"@type":"ListItem","position":1,"name":"Portada","item":"https:\/\/www.comprarmejor.es\/en\/"},{"@type":"ListItem","position":2,"name":"Shop","item":"https:\/\/www.comprarmejor.es\/en\/shop\/"},{"@type":"ListItem","position":3,"name":"1830 Map of the kingdom of Algiers, A. M. Perrot"}]},{"@type":"WebSite","@id":"https:\/\/www.comprarmejor.es\/en\/#website","url":"https:\/\/www.comprarmejor.es\/en\/","name":"ComprarMejor","description":"ComprarMejor","publisher":{"@id":"https:\/\/www.comprarmejor.es\/en\/#organization"},"potentialAction":[{"@type":"SearchAction","target":{"@type":"EntryPoint","urlTemplate":"https:\/\/www.comprarmejor.es\/en\/?s={search_term_string}"},"query-input":{"@type":"PropertyValueSpecification","valueRequired":true,"valueName":"search_term_string"}}],"inLanguage":"en-US"},{"@type":"Organization","@id":"https:\/\/www.comprarmejor.es\/en\/#organization","name":"COMPRAR MEJOR","url":"https:\/\/www.comprarmejor.es\/en\/","logo":{"@type":"ImageObject","inLanguage":"en-US","@id":"https:\/\/www.comprarmejor.es\/en\/#\/schema\/logo\/image\/","url":"https:\/\/www.comprarmejor.es\/wp-content\/uploads\/2025\/09\/comprarmejortrinidad.jpg","contentUrl":"https:\/\/www.comprarmejor.es\/wp-content\/uploads\/2025\/09\/comprarmejortrinidad.jpg","width":1022,"height":1380,"caption":"COMPRAR MEJOR"},"image":{"@id":"https:\/\/www.comprarmejor.es\/en\/#\/schema\/logo\/image\/"},"sameAs":["https:\/\/www.instagram.com\/amigosdelcodice"]}]}},"_links":{"self":[{"href":"https:\/\/www.comprarmejor.es\/en\/wp-json\/wp\/v2\/product\/49895","targetHints":{"allow":["GET"]}}],"collection":[{"href":"https:\/\/www.comprarmejor.es\/en\/wp-json\/wp\/v2\/product"}],"about":[{"href":"https:\/\/www.comprarmejor.es\/en\/wp-json\/wp\/v2\/types\/product"}],"wp:featuredmedia":[{"embeddable":true,"href":"https:\/\/www.comprarmejor.es\/en\/wp-json\/wp\/v2\/media\/49885"}],"wp:attachment":[{"href":"https:\/\/www.comprarmejor.es\/en\/wp-json\/wp\/v2\/media?parent=49895"}],"wp:term":[{"taxonomy":"product_brand","embeddable":true,"href":"https:\/\/www.comprarmejor.es\/en\/wp-json\/wp\/v2\/product_brand?post=49895"},{"taxonomy":"product_cat","embeddable":true,"href":"https:\/\/www.comprarmejor.es\/en\/wp-json\/wp\/v2\/product_cat?post=49895"},{"taxonomy":"product_tag","embeddable":true,"href":"https:\/\/www.comprarmejor.es\/en\/wp-json\/wp\/v2\/product_tag?post=49895"}],"curies":[{"name":"wp","href":"https:\/\/api.w.org\/{rel}","templated":true}]}}