{"id":49933,"date":"2015-12-11T18:02:46","date_gmt":"2020-08-30T16:13:09","guid":{"rendered":"https:\/\/www.comprarmejor.es\/?post_type=product&#038;p=49933"},"modified":"2022-08-05T12:47:45","modified_gmt":"2022-08-05T10:47:45","slug":"gone-with-the-wind-vhs-case-with-2-original-tapes-ed-1996","status":"publish","type":"product","link":"https:\/\/www.comprarmejor.es\/en\/product\/gone-with-the-wind-vhs-case-with-2-original-tapes-ed-1996\/","title":{"rendered":"Gone With the Wind. VHS. Case with 2 original tapes. Ed. 1996"},"content":{"rendered":"<p style=\"text-align: justify;\">Gone with the Wind, 1939 Metro Goldwyn Mayer film production. 1996 VHS edition on 2 tapes. Original article, new, unused.<\/p>\n<p style=\"text-align: justify;\">Presented in a special case for this edition as a &#8220;Special Limited Edition&#8221;, format 20.5 x 23.5 cm. It contains a tape with the film in Spanish in digital master (222 min.) and another tape with &#8220;This is how a legend was made&#8221; (124 min.).<\/p>\n<p style=\"text-align: justify;\">Since the VHS format is no longer current, it is more of a specialist collector&#8217;s item. We guarantee that the item is in perfect condition, but if after 7 days from receipt you do not tell us otherwise, we will not accept any type of claim.<\/p>\n<p style=\"text-align: justify;\">Gone with the Wind is the Classic of the classics, is a 1939 American epic, historical and romantic film, adaptation of the 1936 novel of the same name by Margaret Mitchell, produced by David O. Selznick and directed by Victor Fleming.<\/p>\n<p style=\"text-align: justify;\"><span class=\"VIiyi\" lang=\"en\"><span class=\"JLqJ4b ChMk0b\" data-language-for-alternatives=\"en\" data-language-to-translate-into=\"es\" data-phrase-index=\"0\" data-number-of-phrases=\"1\"><span class=\"Q4iAWc\">If you are a collector and might be interested, ask us for a list of all the tapes we have available (all in Spanish, original and in perfect condition, from 1981 to 2000).<\/span><\/span><\/span><\/p>\n<p style=\"text-align: justify;\"><span title=\"Gastos de env\u00edo por cuenta del comprador, seg\u00fan pedido y destino.\"><span class=\"VIiyi\" lang=\"en\"><span class=\"JLqJ4b\" data-language-for-alternatives=\"en\" data-language-to-translate-into=\"es\" data-phrase-index=\"0\" data-number-of-phrases=\"1\"><span class=\"Q4iAWc\">Shipping costs paid by the buyer, according to order and destination<\/span>.<\/span><\/span> <\/span><span title=\"Cons\u00faltenos cualquier duda, as\u00ed como por el art\u00edculo que est\u00e9 buscando.\"><a class=\"btn btn-default\" href=\"https:\/\/www.comprarmejor.es\/en\/contact\">Consult us<\/a> <span class=\"VIiyi\" lang=\"en\"><span class=\"JLqJ4b\" data-language-for-alternatives=\"en\" data-language-to-translate-into=\"es\" data-phrase-index=\"0\" data-number-of-phrases=\"1\"><span class=\"Q4iAWc\">any questions you may have, indicating the article reference.<\/span><\/span><\/span><br \/>\n<\/span><\/p>\n","protected":false},"excerpt":{"rendered":"<p style=\"text-align: justify;\"><span id=\"result_box\" lang=\"en\" xml:lang=\"en\"><span title=\"Edici\u00f3n de Planeta EDP.\"><span class=\"tlid-translation translation\" lang=\"en\"><span class=\"\" title=\"\"><span class=\"VIiyi\" lang=\"en\"><span class=\"JLqJ4b\" data-language-for-alternatives=\"en\" data-language-to-translate-into=\"es\" data-phrase-index=\"0\" data-number-of-phrases=\"1\"><span class=\"Q4iAWc\">Gone with the Wind, 1939 Metro Goldwyn Mayer film production. 1996 VHS edition on 2 tapes. Original article, new, unused.<\/span><\/span><\/span><\/span><\/span><\/span><\/span><\/p>\n","protected":false},"featured_media":75416,"template":"","meta":[],"product_brand":[],"product_cat":[2262,2196],"product_tag":[],"class_list":{"0":"post-49933","1":"product","2":"type-product","3":"status-publish","4":"has-post-thumbnail","6":"product_cat-cd-dvd-brd","7":"product_cat-collectables-en","8":"product_shipping_class-from-2-to-5-kg","9":"description-off","11":"first","12":"instock","13":"sale","14":"taxable","15":"shipping-taxable","16":"purchasable","17":"product-type-simple"},"yoast_head":"<!-- This site is optimized with the Yoast SEO plugin v27.3 - https:\/\/yoast.com\/product\/yoast-seo-wordpress\/ -->\n<title>Gone With the Wind. VHS. Case with 2 original tapes. Ed. 1996<\/title>\n<meta name=\"description\" content=\"Gone with the Wind, 1939 Metro Goldwyn Mayer film production. 1996 VHS edition on 2 tapes. Original article, new, unused.\" \/>\n<meta name=\"robots\" content=\"index, follow, max-snippet:-1, max-image-preview:large, max-video-preview:-1\" \/>\n<link rel=\"canonical\" href=\"https:\/\/www.comprarmejor.es\/en\/product\/gone-with-the-wind-vhs-case-with-2-original-tapes-ed-1996\/\" \/>\n<meta property=\"og:locale\" content=\"en_US\" \/>\n<meta property=\"og:type\" content=\"article\" \/>\n<meta property=\"og:title\" content=\"Gone With the Wind. VHS. Case with 2 original tapes. Ed. 1996\" \/>\n<meta property=\"og:description\" content=\"Gone with the Wind, 1939 Metro Goldwyn Mayer film production. 1996 VHS edition on 2 tapes. Original article, new, unused.\" \/>\n<meta property=\"og:url\" content=\"https:\/\/www.comprarmejor.es\/en\/product\/gone-with-the-wind-vhs-case-with-2-original-tapes-ed-1996\/\" \/>\n<meta property=\"og:site_name\" content=\"ComprarMejor\" \/>\n<meta property=\"article:modified_time\" content=\"2022-08-05T10:47:45+00:00\" \/>\n<meta property=\"og:image\" content=\"https:\/\/www.comprarmejor.es\/wp-content\/uploads\/2015\/12\/DSC03735.jpg\" \/>\n\t<meta property=\"og:image:width\" content=\"600\" \/>\n\t<meta property=\"og:image:height\" content=\"524\" \/>\n\t<meta property=\"og:image:type\" content=\"image\/jpeg\" \/>\n<meta name=\"twitter:card\" content=\"summary_large_image\" \/>\n<meta name=\"twitter:label1\" content=\"Est. reading time\" \/>\n\t<meta name=\"twitter:data1\" content=\"1 minute\" \/>\n<script type=\"application\/ld+json\" class=\"yoast-schema-graph\">{\"@context\":\"https:\\\/\\\/schema.org\",\"@graph\":[{\"@type\":\"WebPage\",\"@id\":\"https:\\\/\\\/www.comprarmejor.es\\\/en\\\/product\\\/gone-with-the-wind-vhs-case-with-2-original-tapes-ed-1996\\\/\",\"url\":\"https:\\\/\\\/www.comprarmejor.es\\\/en\\\/product\\\/gone-with-the-wind-vhs-case-with-2-original-tapes-ed-1996\\\/\",\"name\":\"Gone With the Wind. VHS. Case with 2 original tapes. Ed. 1996\",\"isPartOf\":{\"@id\":\"https:\\\/\\\/www.comprarmejor.es\\\/en\\\/#website\"},\"primaryImageOfPage\":{\"@id\":\"https:\\\/\\\/www.comprarmejor.es\\\/en\\\/product\\\/gone-with-the-wind-vhs-case-with-2-original-tapes-ed-1996\\\/#primaryimage\"},\"image\":{\"@id\":\"https:\\\/\\\/www.comprarmejor.es\\\/en\\\/product\\\/gone-with-the-wind-vhs-case-with-2-original-tapes-ed-1996\\\/#primaryimage\"},\"thumbnailUrl\":\"https:\\\/\\\/www.comprarmejor.es\\\/wp-content\\\/uploads\\\/2015\\\/12\\\/DSC03735.jpg\",\"datePublished\":\"2020-08-30T16:13:09+00:00\",\"dateModified\":\"2022-08-05T10:47:45+00:00\",\"description\":\"Gone with the Wind, 1939 Metro Goldwyn Mayer film production. 1996 VHS edition on 2 tapes. Original article, new, unused.\",\"breadcrumb\":{\"@id\":\"https:\\\/\\\/www.comprarmejor.es\\\/en\\\/product\\\/gone-with-the-wind-vhs-case-with-2-original-tapes-ed-1996\\\/#breadcrumb\"},\"inLanguage\":\"en-US\",\"potentialAction\":[{\"@type\":\"ReadAction\",\"target\":[\"https:\\\/\\\/www.comprarmejor.es\\\/en\\\/product\\\/gone-with-the-wind-vhs-case-with-2-original-tapes-ed-1996\\\/\"]}]},{\"@type\":\"ImageObject\",\"inLanguage\":\"en-US\",\"@id\":\"https:\\\/\\\/www.comprarmejor.es\\\/en\\\/product\\\/gone-with-the-wind-vhs-case-with-2-original-tapes-ed-1996\\\/#primaryimage\",\"url\":\"https:\\\/\\\/www.comprarmejor.es\\\/wp-content\\\/uploads\\\/2015\\\/12\\\/DSC03735.jpg\",\"contentUrl\":\"https:\\\/\\\/www.comprarmejor.es\\\/wp-content\\\/uploads\\\/2015\\\/12\\\/DSC03735.jpg\",\"width\":600,\"height\":524},{\"@type\":\"BreadcrumbList\",\"@id\":\"https:\\\/\\\/www.comprarmejor.es\\\/en\\\/product\\\/gone-with-the-wind-vhs-case-with-2-original-tapes-ed-1996\\\/#breadcrumb\",\"itemListElement\":[{\"@type\":\"ListItem\",\"position\":1,\"name\":\"Portada\",\"item\":\"https:\\\/\\\/www.comprarmejor.es\\\/en\\\/\"},{\"@type\":\"ListItem\",\"position\":2,\"name\":\"Shop\",\"item\":\"https:\\\/\\\/www.comprarmejor.es\\\/en\\\/shop\\\/\"},{\"@type\":\"ListItem\",\"position\":3,\"name\":\"Gone With the Wind. VHS. Case with 2 original tapes. Ed. 1996\"}]},{\"@type\":\"WebSite\",\"@id\":\"https:\\\/\\\/www.comprarmejor.es\\\/en\\\/#website\",\"url\":\"https:\\\/\\\/www.comprarmejor.es\\\/en\\\/\",\"name\":\"ComprarMejor\",\"description\":\"ComprarMejor\",\"publisher\":{\"@id\":\"https:\\\/\\\/www.comprarmejor.es\\\/en\\\/#organization\"},\"potentialAction\":[{\"@type\":\"SearchAction\",\"target\":{\"@type\":\"EntryPoint\",\"urlTemplate\":\"https:\\\/\\\/www.comprarmejor.es\\\/en\\\/?s={search_term_string}\"},\"query-input\":{\"@type\":\"PropertyValueSpecification\",\"valueRequired\":true,\"valueName\":\"search_term_string\"}}],\"inLanguage\":\"en-US\"},{\"@type\":\"Organization\",\"@id\":\"https:\\\/\\\/www.comprarmejor.es\\\/en\\\/#organization\",\"name\":\"COMPRAR MEJOR\",\"url\":\"https:\\\/\\\/www.comprarmejor.es\\\/en\\\/\",\"logo\":{\"@type\":\"ImageObject\",\"inLanguage\":\"en-US\",\"@id\":\"https:\\\/\\\/www.comprarmejor.es\\\/en\\\/#\\\/schema\\\/logo\\\/image\\\/\",\"url\":\"https:\\\/\\\/www.comprarmejor.es\\\/wp-content\\\/uploads\\\/2025\\\/09\\\/comprarmejortrinidad.jpg\",\"contentUrl\":\"https:\\\/\\\/www.comprarmejor.es\\\/wp-content\\\/uploads\\\/2025\\\/09\\\/comprarmejortrinidad.jpg\",\"width\":1022,\"height\":1380,\"caption\":\"COMPRAR MEJOR\"},\"image\":{\"@id\":\"https:\\\/\\\/www.comprarmejor.es\\\/en\\\/#\\\/schema\\\/logo\\\/image\\\/\"},\"sameAs\":[\"https:\\\/\\\/www.instagram.com\\\/amigosdelcodice\"]}]}<\/script>\n<!-- \/ Yoast SEO plugin. -->","yoast_head_json":{"title":"Gone With the Wind. VHS. Case with 2 original tapes. Ed. 1996","description":"Gone with the Wind, 1939 Metro Goldwyn Mayer film production. 1996 VHS edition on 2 tapes. Original article, new, unused.","robots":{"index":"index","follow":"follow","max-snippet":"max-snippet:-1","max-image-preview":"max-image-preview:large","max-video-preview":"max-video-preview:-1"},"canonical":"https:\/\/www.comprarmejor.es\/en\/product\/gone-with-the-wind-vhs-case-with-2-original-tapes-ed-1996\/","og_locale":"en_US","og_type":"article","og_title":"Gone With the Wind. VHS. Case with 2 original tapes. Ed. 1996","og_description":"Gone with the Wind, 1939 Metro Goldwyn Mayer film production. 1996 VHS edition on 2 tapes. Original article, new, unused.","og_url":"https:\/\/www.comprarmejor.es\/en\/product\/gone-with-the-wind-vhs-case-with-2-original-tapes-ed-1996\/","og_site_name":"ComprarMejor","article_modified_time":"2022-08-05T10:47:45+00:00","og_image":[{"width":600,"height":524,"url":"https:\/\/www.comprarmejor.es\/wp-content\/uploads\/2015\/12\/DSC03735.jpg","type":"image\/jpeg"}],"twitter_card":"summary_large_image","twitter_misc":{"Est. reading time":"1 minute"},"schema":{"@context":"https:\/\/schema.org","@graph":[{"@type":"WebPage","@id":"https:\/\/www.comprarmejor.es\/en\/product\/gone-with-the-wind-vhs-case-with-2-original-tapes-ed-1996\/","url":"https:\/\/www.comprarmejor.es\/en\/product\/gone-with-the-wind-vhs-case-with-2-original-tapes-ed-1996\/","name":"Gone With the Wind. VHS. Case with 2 original tapes. Ed. 1996","isPartOf":{"@id":"https:\/\/www.comprarmejor.es\/en\/#website"},"primaryImageOfPage":{"@id":"https:\/\/www.comprarmejor.es\/en\/product\/gone-with-the-wind-vhs-case-with-2-original-tapes-ed-1996\/#primaryimage"},"image":{"@id":"https:\/\/www.comprarmejor.es\/en\/product\/gone-with-the-wind-vhs-case-with-2-original-tapes-ed-1996\/#primaryimage"},"thumbnailUrl":"https:\/\/www.comprarmejor.es\/wp-content\/uploads\/2015\/12\/DSC03735.jpg","datePublished":"2020-08-30T16:13:09+00:00","dateModified":"2022-08-05T10:47:45+00:00","description":"Gone with the Wind, 1939 Metro Goldwyn Mayer film production. 1996 VHS edition on 2 tapes. Original article, new, unused.","breadcrumb":{"@id":"https:\/\/www.comprarmejor.es\/en\/product\/gone-with-the-wind-vhs-case-with-2-original-tapes-ed-1996\/#breadcrumb"},"inLanguage":"en-US","potentialAction":[{"@type":"ReadAction","target":["https:\/\/www.comprarmejor.es\/en\/product\/gone-with-the-wind-vhs-case-with-2-original-tapes-ed-1996\/"]}]},{"@type":"ImageObject","inLanguage":"en-US","@id":"https:\/\/www.comprarmejor.es\/en\/product\/gone-with-the-wind-vhs-case-with-2-original-tapes-ed-1996\/#primaryimage","url":"https:\/\/www.comprarmejor.es\/wp-content\/uploads\/2015\/12\/DSC03735.jpg","contentUrl":"https:\/\/www.comprarmejor.es\/wp-content\/uploads\/2015\/12\/DSC03735.jpg","width":600,"height":524},{"@type":"BreadcrumbList","@id":"https:\/\/www.comprarmejor.es\/en\/product\/gone-with-the-wind-vhs-case-with-2-original-tapes-ed-1996\/#breadcrumb","itemListElement":[{"@type":"ListItem","position":1,"name":"Portada","item":"https:\/\/www.comprarmejor.es\/en\/"},{"@type":"ListItem","position":2,"name":"Shop","item":"https:\/\/www.comprarmejor.es\/en\/shop\/"},{"@type":"ListItem","position":3,"name":"Gone With the Wind. VHS. Case with 2 original tapes. Ed. 1996"}]},{"@type":"WebSite","@id":"https:\/\/www.comprarmejor.es\/en\/#website","url":"https:\/\/www.comprarmejor.es\/en\/","name":"ComprarMejor","description":"ComprarMejor","publisher":{"@id":"https:\/\/www.comprarmejor.es\/en\/#organization"},"potentialAction":[{"@type":"SearchAction","target":{"@type":"EntryPoint","urlTemplate":"https:\/\/www.comprarmejor.es\/en\/?s={search_term_string}"},"query-input":{"@type":"PropertyValueSpecification","valueRequired":true,"valueName":"search_term_string"}}],"inLanguage":"en-US"},{"@type":"Organization","@id":"https:\/\/www.comprarmejor.es\/en\/#organization","name":"COMPRAR MEJOR","url":"https:\/\/www.comprarmejor.es\/en\/","logo":{"@type":"ImageObject","inLanguage":"en-US","@id":"https:\/\/www.comprarmejor.es\/en\/#\/schema\/logo\/image\/","url":"https:\/\/www.comprarmejor.es\/wp-content\/uploads\/2025\/09\/comprarmejortrinidad.jpg","contentUrl":"https:\/\/www.comprarmejor.es\/wp-content\/uploads\/2025\/09\/comprarmejortrinidad.jpg","width":1022,"height":1380,"caption":"COMPRAR MEJOR"},"image":{"@id":"https:\/\/www.comprarmejor.es\/en\/#\/schema\/logo\/image\/"},"sameAs":["https:\/\/www.instagram.com\/amigosdelcodice"]}]}},"_links":{"self":[{"href":"https:\/\/www.comprarmejor.es\/en\/wp-json\/wp\/v2\/product\/49933","targetHints":{"allow":["GET"]}}],"collection":[{"href":"https:\/\/www.comprarmejor.es\/en\/wp-json\/wp\/v2\/product"}],"about":[{"href":"https:\/\/www.comprarmejor.es\/en\/wp-json\/wp\/v2\/types\/product"}],"wp:featuredmedia":[{"embeddable":true,"href":"https:\/\/www.comprarmejor.es\/en\/wp-json\/wp\/v2\/media\/75416"}],"wp:attachment":[{"href":"https:\/\/www.comprarmejor.es\/en\/wp-json\/wp\/v2\/media?parent=49933"}],"wp:term":[{"taxonomy":"product_brand","embeddable":true,"href":"https:\/\/www.comprarmejor.es\/en\/wp-json\/wp\/v2\/product_brand?post=49933"},{"taxonomy":"product_cat","embeddable":true,"href":"https:\/\/www.comprarmejor.es\/en\/wp-json\/wp\/v2\/product_cat?post=49933"},{"taxonomy":"product_tag","embeddable":true,"href":"https:\/\/www.comprarmejor.es\/en\/wp-json\/wp\/v2\/product_tag?post=49933"}],"curies":[{"name":"wp","href":"https:\/\/api.w.org\/{rel}","templated":true}]}}