{"id":49951,"date":"2015-12-11T23:12:06","date_gmt":"2015-12-11T22:12:06","guid":{"rendered":"https:\/\/www.comprarmejor.es\/producto\/vicente-arnas-hippocratic-oath-original-recorded\/"},"modified":"2023-03-04T16:51:49","modified_gmt":"2023-03-04T15:51:49","slug":"keychain-with-cult-witch-figure","status":"publish","type":"product","link":"https:\/\/www.comprarmejor.es\/en\/product\/keychain-with-cult-witch-figure\/","title":{"rendered":"Keychain with cult witch figure"},"content":{"rendered":"<p style=\"text-align: justify;\">Beautiful keychain with a figure of a cultured witch, new, unused. Figure made of special hand-painted resin. Engraving NW95.<\/p>\n<p style=\"text-align: justify;\">Beautiful details: books, pencils, backpack, toad, spider, clothing&#8230; See the photos.<\/p>\n<p style=\"text-align: justify;\">Figure 6 cm high and 2.7 cm wide.<\/p>\n<p style=\"text-align: justify;\">Shipping costs paid by the buyer, according to order and destination<span title=\"Gastos de env\u00edo por cuenta del comprador, seg\u00fan pedido y destino.\">.\u00a0<\/span><span title=\"Cons\u00faltenos cualquier duda, as\u00ed como por el art\u00edculo que est\u00e9 buscando.\"><a class=\"btn btn-default\" href=\"https:\/\/www.comprarmejor.es\/en\/contact\">Consult<\/a> <span class=\"HwtZe\" lang=\"en\"><span class=\"jCAhz ChMk0b\"><span class=\"ryNqvb\">any questions you have, indicating the article reference.<\/span><\/span><\/span><br \/>\n<\/span><\/p>\n","protected":false},"excerpt":{"rendered":"<p style=\"text-align: justify;\"><span id=\"result_box\" lang=\"en\" xml:lang=\"en\"><span class=\"HwtZe\" lang=\"en\"><span class=\"jCAhz ChMk0b\"><span class=\"ryNqvb\">Beautiful keychain with a figure of a cultured witch, new, unused.<\/span><\/span> <span class=\"jCAhz ChMk0b\"><span class=\"ryNqvb\">Figure made of special hand-painted resin.<\/span><\/span> <span class=\"jCAhz ChMk0b\"><span class=\"ryNqvb\">Engraving NW95.<\/span><\/span><\/span><span title=\"Ha sido durante milenios el ideal \u00e9tico en Medicina.\"><br \/>\n<\/span><\/span><\/p>\n","protected":false},"featured_media":86709,"template":"","meta":[],"product_brand":[],"product_cat":[2196],"product_tag":[],"class_list":{"0":"post-49951","1":"product","2":"type-product","3":"status-publish","4":"has-post-thumbnail","6":"product_cat-collectables-en","7":"product_shipping_class-from-0-to-1-kg","8":"description-off","10":"first","11":"instock","12":"taxable","13":"shipping-taxable","14":"purchasable","15":"product-type-simple"},"yoast_head":"<!-- This site is optimized with the Yoast SEO plugin v27.3 - https:\/\/yoast.com\/product\/yoast-seo-wordpress\/ -->\n<title>Keychain with cult witch figure<\/title>\n<meta name=\"description\" content=\"Beautiful keychain with a figure of a cultured witch, new, unused. Figure made of special hand-painted resin. Engraving NW95.\" \/>\n<meta name=\"robots\" content=\"index, follow, max-snippet:-1, max-image-preview:large, max-video-preview:-1\" \/>\n<link rel=\"canonical\" href=\"https:\/\/www.comprarmejor.es\/en\/product\/keychain-with-cult-witch-figure\/\" \/>\n<meta property=\"og:locale\" content=\"en_US\" \/>\n<meta property=\"og:type\" content=\"article\" \/>\n<meta property=\"og:title\" content=\"Keychain with cult witch figure\" \/>\n<meta property=\"og:description\" content=\"Beautiful keychain with a figure of a cultured witch, new, unused. Figure made of special hand-painted resin. Engraving NW95.\" \/>\n<meta property=\"og:url\" content=\"https:\/\/www.comprarmejor.es\/en\/product\/keychain-with-cult-witch-figure\/\" \/>\n<meta property=\"og:site_name\" content=\"ComprarMejor\" \/>\n<meta property=\"article:modified_time\" content=\"2023-03-04T15:51:49+00:00\" \/>\n<meta property=\"og:image\" content=\"https:\/\/www.comprarmejor.es\/wp-content\/uploads\/2015\/12\/LlB-1.jpg\" \/>\n\t<meta property=\"og:image:width\" content=\"503\" \/>\n\t<meta property=\"og:image:height\" content=\"738\" \/>\n\t<meta property=\"og:image:type\" content=\"image\/jpeg\" \/>\n<meta name=\"twitter:card\" content=\"summary_large_image\" \/>\n<meta name=\"twitter:label1\" content=\"Est. reading time\" \/>\n\t<meta name=\"twitter:data1\" content=\"1 minute\" \/>\n<script type=\"application\/ld+json\" class=\"yoast-schema-graph\">{\"@context\":\"https:\\\/\\\/schema.org\",\"@graph\":[{\"@type\":\"WebPage\",\"@id\":\"https:\\\/\\\/www.comprarmejor.es\\\/en\\\/product\\\/keychain-with-cult-witch-figure\\\/\",\"url\":\"https:\\\/\\\/www.comprarmejor.es\\\/en\\\/product\\\/keychain-with-cult-witch-figure\\\/\",\"name\":\"Keychain with cult witch figure\",\"isPartOf\":{\"@id\":\"https:\\\/\\\/www.comprarmejor.es\\\/en\\\/#website\"},\"primaryImageOfPage\":{\"@id\":\"https:\\\/\\\/www.comprarmejor.es\\\/en\\\/product\\\/keychain-with-cult-witch-figure\\\/#primaryimage\"},\"image\":{\"@id\":\"https:\\\/\\\/www.comprarmejor.es\\\/en\\\/product\\\/keychain-with-cult-witch-figure\\\/#primaryimage\"},\"thumbnailUrl\":\"https:\\\/\\\/www.comprarmejor.es\\\/wp-content\\\/uploads\\\/2015\\\/12\\\/LlB-1.jpg\",\"datePublished\":\"2015-12-11T22:12:06+00:00\",\"dateModified\":\"2023-03-04T15:51:49+00:00\",\"description\":\"Beautiful keychain with a figure of a cultured witch, new, unused. Figure made of special hand-painted resin. Engraving NW95.\",\"breadcrumb\":{\"@id\":\"https:\\\/\\\/www.comprarmejor.es\\\/en\\\/product\\\/keychain-with-cult-witch-figure\\\/#breadcrumb\"},\"inLanguage\":\"en-US\",\"potentialAction\":[{\"@type\":\"ReadAction\",\"target\":[\"https:\\\/\\\/www.comprarmejor.es\\\/en\\\/product\\\/keychain-with-cult-witch-figure\\\/\"]}]},{\"@type\":\"ImageObject\",\"inLanguage\":\"en-US\",\"@id\":\"https:\\\/\\\/www.comprarmejor.es\\\/en\\\/product\\\/keychain-with-cult-witch-figure\\\/#primaryimage\",\"url\":\"https:\\\/\\\/www.comprarmejor.es\\\/wp-content\\\/uploads\\\/2015\\\/12\\\/LlB-1.jpg\",\"contentUrl\":\"https:\\\/\\\/www.comprarmejor.es\\\/wp-content\\\/uploads\\\/2015\\\/12\\\/LlB-1.jpg\",\"width\":503,\"height\":738},{\"@type\":\"BreadcrumbList\",\"@id\":\"https:\\\/\\\/www.comprarmejor.es\\\/en\\\/product\\\/keychain-with-cult-witch-figure\\\/#breadcrumb\",\"itemListElement\":[{\"@type\":\"ListItem\",\"position\":1,\"name\":\"Portada\",\"item\":\"https:\\\/\\\/www.comprarmejor.es\\\/en\\\/\"},{\"@type\":\"ListItem\",\"position\":2,\"name\":\"Shop\",\"item\":\"https:\\\/\\\/www.comprarmejor.es\\\/en\\\/shop\\\/\"},{\"@type\":\"ListItem\",\"position\":3,\"name\":\"Keychain with cult witch figure\"}]},{\"@type\":\"WebSite\",\"@id\":\"https:\\\/\\\/www.comprarmejor.es\\\/en\\\/#website\",\"url\":\"https:\\\/\\\/www.comprarmejor.es\\\/en\\\/\",\"name\":\"ComprarMejor\",\"description\":\"ComprarMejor\",\"publisher\":{\"@id\":\"https:\\\/\\\/www.comprarmejor.es\\\/en\\\/#organization\"},\"potentialAction\":[{\"@type\":\"SearchAction\",\"target\":{\"@type\":\"EntryPoint\",\"urlTemplate\":\"https:\\\/\\\/www.comprarmejor.es\\\/en\\\/?s={search_term_string}\"},\"query-input\":{\"@type\":\"PropertyValueSpecification\",\"valueRequired\":true,\"valueName\":\"search_term_string\"}}],\"inLanguage\":\"en-US\"},{\"@type\":\"Organization\",\"@id\":\"https:\\\/\\\/www.comprarmejor.es\\\/en\\\/#organization\",\"name\":\"COMPRAR MEJOR\",\"url\":\"https:\\\/\\\/www.comprarmejor.es\\\/en\\\/\",\"logo\":{\"@type\":\"ImageObject\",\"inLanguage\":\"en-US\",\"@id\":\"https:\\\/\\\/www.comprarmejor.es\\\/en\\\/#\\\/schema\\\/logo\\\/image\\\/\",\"url\":\"https:\\\/\\\/www.comprarmejor.es\\\/wp-content\\\/uploads\\\/2025\\\/09\\\/comprarmejortrinidad.jpg\",\"contentUrl\":\"https:\\\/\\\/www.comprarmejor.es\\\/wp-content\\\/uploads\\\/2025\\\/09\\\/comprarmejortrinidad.jpg\",\"width\":1022,\"height\":1380,\"caption\":\"COMPRAR MEJOR\"},\"image\":{\"@id\":\"https:\\\/\\\/www.comprarmejor.es\\\/en\\\/#\\\/schema\\\/logo\\\/image\\\/\"},\"sameAs\":[\"https:\\\/\\\/www.instagram.com\\\/amigosdelcodice\"]}]}<\/script>\n<!-- \/ Yoast SEO plugin. -->","yoast_head_json":{"title":"Keychain with cult witch figure","description":"Beautiful keychain with a figure of a cultured witch, new, unused. Figure made of special hand-painted resin. Engraving NW95.","robots":{"index":"index","follow":"follow","max-snippet":"max-snippet:-1","max-image-preview":"max-image-preview:large","max-video-preview":"max-video-preview:-1"},"canonical":"https:\/\/www.comprarmejor.es\/en\/product\/keychain-with-cult-witch-figure\/","og_locale":"en_US","og_type":"article","og_title":"Keychain with cult witch figure","og_description":"Beautiful keychain with a figure of a cultured witch, new, unused. Figure made of special hand-painted resin. Engraving NW95.","og_url":"https:\/\/www.comprarmejor.es\/en\/product\/keychain-with-cult-witch-figure\/","og_site_name":"ComprarMejor","article_modified_time":"2023-03-04T15:51:49+00:00","og_image":[{"width":503,"height":738,"url":"https:\/\/www.comprarmejor.es\/wp-content\/uploads\/2015\/12\/LlB-1.jpg","type":"image\/jpeg"}],"twitter_card":"summary_large_image","twitter_misc":{"Est. reading time":"1 minute"},"schema":{"@context":"https:\/\/schema.org","@graph":[{"@type":"WebPage","@id":"https:\/\/www.comprarmejor.es\/en\/product\/keychain-with-cult-witch-figure\/","url":"https:\/\/www.comprarmejor.es\/en\/product\/keychain-with-cult-witch-figure\/","name":"Keychain with cult witch figure","isPartOf":{"@id":"https:\/\/www.comprarmejor.es\/en\/#website"},"primaryImageOfPage":{"@id":"https:\/\/www.comprarmejor.es\/en\/product\/keychain-with-cult-witch-figure\/#primaryimage"},"image":{"@id":"https:\/\/www.comprarmejor.es\/en\/product\/keychain-with-cult-witch-figure\/#primaryimage"},"thumbnailUrl":"https:\/\/www.comprarmejor.es\/wp-content\/uploads\/2015\/12\/LlB-1.jpg","datePublished":"2015-12-11T22:12:06+00:00","dateModified":"2023-03-04T15:51:49+00:00","description":"Beautiful keychain with a figure of a cultured witch, new, unused. Figure made of special hand-painted resin. Engraving NW95.","breadcrumb":{"@id":"https:\/\/www.comprarmejor.es\/en\/product\/keychain-with-cult-witch-figure\/#breadcrumb"},"inLanguage":"en-US","potentialAction":[{"@type":"ReadAction","target":["https:\/\/www.comprarmejor.es\/en\/product\/keychain-with-cult-witch-figure\/"]}]},{"@type":"ImageObject","inLanguage":"en-US","@id":"https:\/\/www.comprarmejor.es\/en\/product\/keychain-with-cult-witch-figure\/#primaryimage","url":"https:\/\/www.comprarmejor.es\/wp-content\/uploads\/2015\/12\/LlB-1.jpg","contentUrl":"https:\/\/www.comprarmejor.es\/wp-content\/uploads\/2015\/12\/LlB-1.jpg","width":503,"height":738},{"@type":"BreadcrumbList","@id":"https:\/\/www.comprarmejor.es\/en\/product\/keychain-with-cult-witch-figure\/#breadcrumb","itemListElement":[{"@type":"ListItem","position":1,"name":"Portada","item":"https:\/\/www.comprarmejor.es\/en\/"},{"@type":"ListItem","position":2,"name":"Shop","item":"https:\/\/www.comprarmejor.es\/en\/shop\/"},{"@type":"ListItem","position":3,"name":"Keychain with cult witch figure"}]},{"@type":"WebSite","@id":"https:\/\/www.comprarmejor.es\/en\/#website","url":"https:\/\/www.comprarmejor.es\/en\/","name":"ComprarMejor","description":"ComprarMejor","publisher":{"@id":"https:\/\/www.comprarmejor.es\/en\/#organization"},"potentialAction":[{"@type":"SearchAction","target":{"@type":"EntryPoint","urlTemplate":"https:\/\/www.comprarmejor.es\/en\/?s={search_term_string}"},"query-input":{"@type":"PropertyValueSpecification","valueRequired":true,"valueName":"search_term_string"}}],"inLanguage":"en-US"},{"@type":"Organization","@id":"https:\/\/www.comprarmejor.es\/en\/#organization","name":"COMPRAR MEJOR","url":"https:\/\/www.comprarmejor.es\/en\/","logo":{"@type":"ImageObject","inLanguage":"en-US","@id":"https:\/\/www.comprarmejor.es\/en\/#\/schema\/logo\/image\/","url":"https:\/\/www.comprarmejor.es\/wp-content\/uploads\/2025\/09\/comprarmejortrinidad.jpg","contentUrl":"https:\/\/www.comprarmejor.es\/wp-content\/uploads\/2025\/09\/comprarmejortrinidad.jpg","width":1022,"height":1380,"caption":"COMPRAR MEJOR"},"image":{"@id":"https:\/\/www.comprarmejor.es\/en\/#\/schema\/logo\/image\/"},"sameAs":["https:\/\/www.instagram.com\/amigosdelcodice"]}]}},"_links":{"self":[{"href":"https:\/\/www.comprarmejor.es\/en\/wp-json\/wp\/v2\/product\/49951","targetHints":{"allow":["GET"]}}],"collection":[{"href":"https:\/\/www.comprarmejor.es\/en\/wp-json\/wp\/v2\/product"}],"about":[{"href":"https:\/\/www.comprarmejor.es\/en\/wp-json\/wp\/v2\/types\/product"}],"wp:featuredmedia":[{"embeddable":true,"href":"https:\/\/www.comprarmejor.es\/en\/wp-json\/wp\/v2\/media\/86709"}],"wp:attachment":[{"href":"https:\/\/www.comprarmejor.es\/en\/wp-json\/wp\/v2\/media?parent=49951"}],"wp:term":[{"taxonomy":"product_brand","embeddable":true,"href":"https:\/\/www.comprarmejor.es\/en\/wp-json\/wp\/v2\/product_brand?post=49951"},{"taxonomy":"product_cat","embeddable":true,"href":"https:\/\/www.comprarmejor.es\/en\/wp-json\/wp\/v2\/product_cat?post=49951"},{"taxonomy":"product_tag","embeddable":true,"href":"https:\/\/www.comprarmejor.es\/en\/wp-json\/wp\/v2\/product_tag?post=49951"}],"curies":[{"name":"wp","href":"https:\/\/api.w.org\/{rel}","templated":true}]}}