{"id":49965,"date":"2015-12-13T23:20:30","date_gmt":"2015-12-13T22:20:30","guid":{"rendered":"https:\/\/www.comprarmejor.es\/producto\/redoute-selection-the-book-of-flowers-unique\/"},"modified":"2021-06-02T19:13:57","modified_gmt":"2021-06-02T17:13:57","slug":"the-illustrated-beatos-in-medieval-spain-john-w-williams","status":"publish","type":"product","link":"https:\/\/www.comprarmejor.es\/en\/product\/the-illustrated-beatos-in-medieval-spain-john-w-williams\/","title":{"rendered":"The Illustrated Beatos in Medieval Spain, John W. Williams"},"content":{"rendered":"<p style=\"text-align: justify;\">Spanish edition by Fernando Regueras Grande, produced in 2020 by the Centro de Estudios Benaventanos &#8220;Ledo del Pozo&#8221;, of the posthumous edition by John W. Williams (1928-2015) of Amsterdam University Press 2017: Visions of the End in Medieval Spain: Catalog of Illustrated Beatus Commentaries on the Apocalypse and Study of the Geneva Beatus.<\/p>\n<p style=\"text-align: justify;\"><strong>The Illustrated Beatos in Medieval Spain, study and catalog<\/strong>, is a book in homage to our culture by the great Hispanist <strong>John W. Williams<\/strong>, a great specialist in the Spanish medieval manuscripts Beatos de Li\u00e9bana, in many of which he wrote and participated in the books Complementary studies to the facsimile editions that have been made of all of them.<\/p>\n<p style=\"text-align: justify;\">An essential book for every Blessed collector and for anyone who wants to enter the great series of manuscripts that for 4 centuries marked a large part of Spanish and European culture.<\/p>\n<p style=\"text-align: justify;\">Bound in illustrated hardcover, format 21.7 x 26.8 cm. 260 pages with lots of illustrations.<\/p>\n<p style=\"text-align: justify;\">New copy, brand new.<\/p>\n<p style=\"text-align: justify;\">This book is given to anyone who buys us a facsimile of any Beatus of Li\u00e9bana.<\/p>\n<p style=\"text-align: justify;\"><span title=\"Gastos de env\u00edo por cuenta del comprador, seg\u00fan pedido y destino.\">Shipping by the buyer, upon request and destination.\u00a0<\/span><span title=\"Cons\u00faltenos cualquier duda, as\u00ed como por cualquier otro facs\u00edmile que est\u00e9 buscando.\"><a class=\"btn btn-default\" href=\"https:\/\/www.comprarmejor.es\/en\/contact\">Ask us<\/a> <span class=\"tlid-translation translation\">without obligation (indicating the reference of the article) any doubt.<\/span><br \/>\n<\/span><\/p>\n","protected":false},"excerpt":{"rendered":"<p style=\"text-align: justify;\"><span id=\"result_box\" lang=\"en\" xml:lang=\"en\"><span title=\"Este manuscrito perteneci\u00f3 al papa bibli\u00f3filo Alejandro VII (Sig. Urb. lat. 174).\"><span lang=\"en\" xml:lang=\"en\"><span title=\"Gran tama\u00f1o.\"><span lang=\"en\" xml:lang=\"en\"><span class=\"tlid-translation translation\">The Illustrated Beatos in Medieval Spain, study and catalog, is a book in homage to our culture by the great Hispanist John W. Williams,<br \/>\n<\/span><\/span><\/span><\/span><\/span><\/span><\/p>\n","protected":false},"featured_media":68260,"template":"","meta":[],"product_brand":[],"product_cat":[2256,2246],"product_tag":[5135,5136,4806],"class_list":{"0":"post-49965","1":"product","2":"type-product","3":"status-publish","4":"has-post-thumbnail","6":"product_cat-books-in-general","7":"product_cat-study-books","8":"product_tag-beato-en","9":"product_tag-liebana-en","10":"product_tag-williams-en","11":"product_shipping_class-from-0-to-1-kg","12":"description-off","14":"first","15":"instock","16":"taxable","17":"shipping-taxable","18":"purchasable","19":"product-type-simple"},"yoast_head":"<!-- This site is optimized with the Yoast SEO plugin v27.3 - https:\/\/yoast.com\/product\/yoast-seo-wordpress\/ -->\n<title>The Illustrated Beatos in Medieval Spain, John W. Williams<\/title>\n<meta name=\"description\" content=\"The Illustrated Beatos in Medieval Spain, study and catalog, is a book in homage to our culture by the great Hispanist John W. Williams,\" \/>\n<meta name=\"robots\" content=\"index, follow, max-snippet:-1, max-image-preview:large, max-video-preview:-1\" \/>\n<link rel=\"canonical\" href=\"https:\/\/www.comprarmejor.es\/en\/product\/the-illustrated-beatos-in-medieval-spain-john-w-williams\/\" \/>\n<meta property=\"og:locale\" content=\"en_US\" \/>\n<meta property=\"og:type\" content=\"article\" \/>\n<meta property=\"og:title\" content=\"The Illustrated Beatos in Medieval Spain, John W. Williams\" \/>\n<meta property=\"og:description\" content=\"The Illustrated Beatos in Medieval Spain, study and catalog, is a book in homage to our culture by the great Hispanist John W. Williams,\" \/>\n<meta property=\"og:url\" content=\"https:\/\/www.comprarmejor.es\/en\/product\/the-illustrated-beatos-in-medieval-spain-john-w-williams\/\" \/>\n<meta property=\"og:site_name\" content=\"ComprarMejor\" \/>\n<meta property=\"article:modified_time\" content=\"2021-06-02T17:13:57+00:00\" \/>\n<meta property=\"og:image\" content=\"https:\/\/www.comprarmejor.es\/wp-content\/uploads\/2015\/12\/LBI-1.jpg\" \/>\n\t<meta property=\"og:image:width\" content=\"568\" \/>\n\t<meta property=\"og:image:height\" content=\"599\" \/>\n\t<meta property=\"og:image:type\" content=\"image\/jpeg\" \/>\n<meta name=\"twitter:card\" content=\"summary_large_image\" \/>\n<meta name=\"twitter:label1\" content=\"Est. reading time\" \/>\n\t<meta name=\"twitter:data1\" content=\"1 minute\" \/>\n<script type=\"application\/ld+json\" class=\"yoast-schema-graph\">{\"@context\":\"https:\\\/\\\/schema.org\",\"@graph\":[{\"@type\":\"WebPage\",\"@id\":\"https:\\\/\\\/www.comprarmejor.es\\\/en\\\/product\\\/the-illustrated-beatos-in-medieval-spain-john-w-williams\\\/\",\"url\":\"https:\\\/\\\/www.comprarmejor.es\\\/en\\\/product\\\/the-illustrated-beatos-in-medieval-spain-john-w-williams\\\/\",\"name\":\"The Illustrated Beatos in Medieval Spain, John W. Williams\",\"isPartOf\":{\"@id\":\"https:\\\/\\\/www.comprarmejor.es\\\/en\\\/#website\"},\"primaryImageOfPage\":{\"@id\":\"https:\\\/\\\/www.comprarmejor.es\\\/en\\\/product\\\/the-illustrated-beatos-in-medieval-spain-john-w-williams\\\/#primaryimage\"},\"image\":{\"@id\":\"https:\\\/\\\/www.comprarmejor.es\\\/en\\\/product\\\/the-illustrated-beatos-in-medieval-spain-john-w-williams\\\/#primaryimage\"},\"thumbnailUrl\":\"https:\\\/\\\/www.comprarmejor.es\\\/wp-content\\\/uploads\\\/2015\\\/12\\\/LBI-1.jpg\",\"datePublished\":\"2015-12-13T22:20:30+00:00\",\"dateModified\":\"2021-06-02T17:13:57+00:00\",\"description\":\"The Illustrated Beatos in Medieval Spain, study and catalog, is a book in homage to our culture by the great Hispanist John W. Williams,\",\"breadcrumb\":{\"@id\":\"https:\\\/\\\/www.comprarmejor.es\\\/en\\\/product\\\/the-illustrated-beatos-in-medieval-spain-john-w-williams\\\/#breadcrumb\"},\"inLanguage\":\"en-US\",\"potentialAction\":[{\"@type\":\"ReadAction\",\"target\":[\"https:\\\/\\\/www.comprarmejor.es\\\/en\\\/product\\\/the-illustrated-beatos-in-medieval-spain-john-w-williams\\\/\"]}]},{\"@type\":\"ImageObject\",\"inLanguage\":\"en-US\",\"@id\":\"https:\\\/\\\/www.comprarmejor.es\\\/en\\\/product\\\/the-illustrated-beatos-in-medieval-spain-john-w-williams\\\/#primaryimage\",\"url\":\"https:\\\/\\\/www.comprarmejor.es\\\/wp-content\\\/uploads\\\/2015\\\/12\\\/LBI-1.jpg\",\"contentUrl\":\"https:\\\/\\\/www.comprarmejor.es\\\/wp-content\\\/uploads\\\/2015\\\/12\\\/LBI-1.jpg\",\"width\":568,\"height\":599},{\"@type\":\"BreadcrumbList\",\"@id\":\"https:\\\/\\\/www.comprarmejor.es\\\/en\\\/product\\\/the-illustrated-beatos-in-medieval-spain-john-w-williams\\\/#breadcrumb\",\"itemListElement\":[{\"@type\":\"ListItem\",\"position\":1,\"name\":\"Portada\",\"item\":\"https:\\\/\\\/www.comprarmejor.es\\\/en\\\/\"},{\"@type\":\"ListItem\",\"position\":2,\"name\":\"Shop\",\"item\":\"https:\\\/\\\/www.comprarmejor.es\\\/en\\\/shop\\\/\"},{\"@type\":\"ListItem\",\"position\":3,\"name\":\"The Illustrated Beatos in Medieval Spain, John W. Williams\"}]},{\"@type\":\"WebSite\",\"@id\":\"https:\\\/\\\/www.comprarmejor.es\\\/en\\\/#website\",\"url\":\"https:\\\/\\\/www.comprarmejor.es\\\/en\\\/\",\"name\":\"ComprarMejor\",\"description\":\"ComprarMejor\",\"publisher\":{\"@id\":\"https:\\\/\\\/www.comprarmejor.es\\\/en\\\/#organization\"},\"potentialAction\":[{\"@type\":\"SearchAction\",\"target\":{\"@type\":\"EntryPoint\",\"urlTemplate\":\"https:\\\/\\\/www.comprarmejor.es\\\/en\\\/?s={search_term_string}\"},\"query-input\":{\"@type\":\"PropertyValueSpecification\",\"valueRequired\":true,\"valueName\":\"search_term_string\"}}],\"inLanguage\":\"en-US\"},{\"@type\":\"Organization\",\"@id\":\"https:\\\/\\\/www.comprarmejor.es\\\/en\\\/#organization\",\"name\":\"COMPRAR MEJOR\",\"url\":\"https:\\\/\\\/www.comprarmejor.es\\\/en\\\/\",\"logo\":{\"@type\":\"ImageObject\",\"inLanguage\":\"en-US\",\"@id\":\"https:\\\/\\\/www.comprarmejor.es\\\/en\\\/#\\\/schema\\\/logo\\\/image\\\/\",\"url\":\"https:\\\/\\\/www.comprarmejor.es\\\/wp-content\\\/uploads\\\/2025\\\/09\\\/comprarmejortrinidad.jpg\",\"contentUrl\":\"https:\\\/\\\/www.comprarmejor.es\\\/wp-content\\\/uploads\\\/2025\\\/09\\\/comprarmejortrinidad.jpg\",\"width\":1022,\"height\":1380,\"caption\":\"COMPRAR MEJOR\"},\"image\":{\"@id\":\"https:\\\/\\\/www.comprarmejor.es\\\/en\\\/#\\\/schema\\\/logo\\\/image\\\/\"},\"sameAs\":[\"https:\\\/\\\/www.instagram.com\\\/amigosdelcodice\"]}]}<\/script>\n<!-- \/ Yoast SEO plugin. -->","yoast_head_json":{"title":"The Illustrated Beatos in Medieval Spain, John W. Williams","description":"The Illustrated Beatos in Medieval Spain, study and catalog, is a book in homage to our culture by the great Hispanist John W. Williams,","robots":{"index":"index","follow":"follow","max-snippet":"max-snippet:-1","max-image-preview":"max-image-preview:large","max-video-preview":"max-video-preview:-1"},"canonical":"https:\/\/www.comprarmejor.es\/en\/product\/the-illustrated-beatos-in-medieval-spain-john-w-williams\/","og_locale":"en_US","og_type":"article","og_title":"The Illustrated Beatos in Medieval Spain, John W. Williams","og_description":"The Illustrated Beatos in Medieval Spain, study and catalog, is a book in homage to our culture by the great Hispanist John W. Williams,","og_url":"https:\/\/www.comprarmejor.es\/en\/product\/the-illustrated-beatos-in-medieval-spain-john-w-williams\/","og_site_name":"ComprarMejor","article_modified_time":"2021-06-02T17:13:57+00:00","og_image":[{"width":568,"height":599,"url":"https:\/\/www.comprarmejor.es\/wp-content\/uploads\/2015\/12\/LBI-1.jpg","type":"image\/jpeg"}],"twitter_card":"summary_large_image","twitter_misc":{"Est. reading time":"1 minute"},"schema":{"@context":"https:\/\/schema.org","@graph":[{"@type":"WebPage","@id":"https:\/\/www.comprarmejor.es\/en\/product\/the-illustrated-beatos-in-medieval-spain-john-w-williams\/","url":"https:\/\/www.comprarmejor.es\/en\/product\/the-illustrated-beatos-in-medieval-spain-john-w-williams\/","name":"The Illustrated Beatos in Medieval Spain, John W. Williams","isPartOf":{"@id":"https:\/\/www.comprarmejor.es\/en\/#website"},"primaryImageOfPage":{"@id":"https:\/\/www.comprarmejor.es\/en\/product\/the-illustrated-beatos-in-medieval-spain-john-w-williams\/#primaryimage"},"image":{"@id":"https:\/\/www.comprarmejor.es\/en\/product\/the-illustrated-beatos-in-medieval-spain-john-w-williams\/#primaryimage"},"thumbnailUrl":"https:\/\/www.comprarmejor.es\/wp-content\/uploads\/2015\/12\/LBI-1.jpg","datePublished":"2015-12-13T22:20:30+00:00","dateModified":"2021-06-02T17:13:57+00:00","description":"The Illustrated Beatos in Medieval Spain, study and catalog, is a book in homage to our culture by the great Hispanist John W. Williams,","breadcrumb":{"@id":"https:\/\/www.comprarmejor.es\/en\/product\/the-illustrated-beatos-in-medieval-spain-john-w-williams\/#breadcrumb"},"inLanguage":"en-US","potentialAction":[{"@type":"ReadAction","target":["https:\/\/www.comprarmejor.es\/en\/product\/the-illustrated-beatos-in-medieval-spain-john-w-williams\/"]}]},{"@type":"ImageObject","inLanguage":"en-US","@id":"https:\/\/www.comprarmejor.es\/en\/product\/the-illustrated-beatos-in-medieval-spain-john-w-williams\/#primaryimage","url":"https:\/\/www.comprarmejor.es\/wp-content\/uploads\/2015\/12\/LBI-1.jpg","contentUrl":"https:\/\/www.comprarmejor.es\/wp-content\/uploads\/2015\/12\/LBI-1.jpg","width":568,"height":599},{"@type":"BreadcrumbList","@id":"https:\/\/www.comprarmejor.es\/en\/product\/the-illustrated-beatos-in-medieval-spain-john-w-williams\/#breadcrumb","itemListElement":[{"@type":"ListItem","position":1,"name":"Portada","item":"https:\/\/www.comprarmejor.es\/en\/"},{"@type":"ListItem","position":2,"name":"Shop","item":"https:\/\/www.comprarmejor.es\/en\/shop\/"},{"@type":"ListItem","position":3,"name":"The Illustrated Beatos in Medieval Spain, John W. Williams"}]},{"@type":"WebSite","@id":"https:\/\/www.comprarmejor.es\/en\/#website","url":"https:\/\/www.comprarmejor.es\/en\/","name":"ComprarMejor","description":"ComprarMejor","publisher":{"@id":"https:\/\/www.comprarmejor.es\/en\/#organization"},"potentialAction":[{"@type":"SearchAction","target":{"@type":"EntryPoint","urlTemplate":"https:\/\/www.comprarmejor.es\/en\/?s={search_term_string}"},"query-input":{"@type":"PropertyValueSpecification","valueRequired":true,"valueName":"search_term_string"}}],"inLanguage":"en-US"},{"@type":"Organization","@id":"https:\/\/www.comprarmejor.es\/en\/#organization","name":"COMPRAR MEJOR","url":"https:\/\/www.comprarmejor.es\/en\/","logo":{"@type":"ImageObject","inLanguage":"en-US","@id":"https:\/\/www.comprarmejor.es\/en\/#\/schema\/logo\/image\/","url":"https:\/\/www.comprarmejor.es\/wp-content\/uploads\/2025\/09\/comprarmejortrinidad.jpg","contentUrl":"https:\/\/www.comprarmejor.es\/wp-content\/uploads\/2025\/09\/comprarmejortrinidad.jpg","width":1022,"height":1380,"caption":"COMPRAR MEJOR"},"image":{"@id":"https:\/\/www.comprarmejor.es\/en\/#\/schema\/logo\/image\/"},"sameAs":["https:\/\/www.instagram.com\/amigosdelcodice"]}]}},"_links":{"self":[{"href":"https:\/\/www.comprarmejor.es\/en\/wp-json\/wp\/v2\/product\/49965","targetHints":{"allow":["GET"]}}],"collection":[{"href":"https:\/\/www.comprarmejor.es\/en\/wp-json\/wp\/v2\/product"}],"about":[{"href":"https:\/\/www.comprarmejor.es\/en\/wp-json\/wp\/v2\/types\/product"}],"wp:featuredmedia":[{"embeddable":true,"href":"https:\/\/www.comprarmejor.es\/en\/wp-json\/wp\/v2\/media\/68260"}],"wp:attachment":[{"href":"https:\/\/www.comprarmejor.es\/en\/wp-json\/wp\/v2\/media?parent=49965"}],"wp:term":[{"taxonomy":"product_brand","embeddable":true,"href":"https:\/\/www.comprarmejor.es\/en\/wp-json\/wp\/v2\/product_brand?post=49965"},{"taxonomy":"product_cat","embeddable":true,"href":"https:\/\/www.comprarmejor.es\/en\/wp-json\/wp\/v2\/product_cat?post=49965"},{"taxonomy":"product_tag","embeddable":true,"href":"https:\/\/www.comprarmejor.es\/en\/wp-json\/wp\/v2\/product_tag?post=49965"}],"curies":[{"name":"wp","href":"https:\/\/api.w.org\/{rel}","templated":true}]}}