{"id":49981,"date":"2015-12-13T23:45:35","date_gmt":"2015-12-13T22:45:35","guid":{"rendered":"https:\/\/www.comprarmejor.es\/producto\/the-geographia-of-ptolomeo-or-ptolomeo-vaticano-s-xv\/"},"modified":"2026-05-05T11:17:11","modified_gmt":"2026-05-05T09:17:11","slug":"the-geographia-of-ptolomeo-or-ptolomeo-vaticano-s-xv","status":"publish","type":"product","link":"https:\/\/www.comprarmejor.es\/en\/product\/the-geographia-of-ptolomeo-or-ptolomeo-vaticano-s-xv\/","title":{"rendered":"The Geographia of Ptolomeo, or Ptolomeo Vaticano, s. XV (5*)"},"content":{"rendered":"<p>ARTICLE FOR INFORMATIONAL PURPOSES ONLY<\/p>\n<p style=\"text-align: justify;\"><span id=\"result_box\" lang=\"en\" xml:lang=\"en\"><span title=\"Acompa\u00f1ado de libro estudio de 172 p\u00e1ginas, a cargo de De Louis Duval-Arnould, Scriptor honorario de la Biblioteca Vaticana.\"><span lang=\"en\" xml:lang=\"en\"><span title=\"1r-133v: Ptolemaeus, Claudius, sec.\">1r-133v: Ptolemaeus, Claudius, sec. <\/span><span title=\"II Cosmographia [libri I-VIII].\">II Cosmographia [libri I-VIII]. <\/span><span title=\"Interpretatio Latina Iacobi Angeli sec.\">Interpretation Latina Iacobi Angeli sec. <\/span><span title=\"XV\">XV<\/span><\/span><\/span><\/span><\/p>\n<p style=\"text-align: justify;\"><span title=\"La Biblioteca Apost\u00f3lica Vaticana cuenta entre sus tesoros bibliogr\u00e1ficos con una de estas obras, no en el originario texto griego sino en la traducci\u00f3n latina de Jacobo Angeli da Scarpezia.\">The Vatican Apostolic Library counts among its bibliographic treasures with one of these works, not in the original Greek text but in the Latin translation of Jacobo Angeli da Scarpezia. <\/span><span title=\"Este manuscrito perteneci\u00f3 al papa bibli\u00f3filo Alejandro VII (Sig. Urb. lat. 274).\">This manuscript belonged to the bibliophile Pope Alexander VII (Sig. Urb. Lat. 274). <\/span><span title=\"\u00a1Un 5 estrellas en toda Gran Biblioteca!\">A 5 stars in all Great Library!<\/span><\/p>\n<p style=\"text-align: justify;\"><span title=\"Durante la \u00e9poca medieval y el Renacimiento se difundi\u00f3 bajo el nombre de \u201cPtolomeo\u201d una serie de obras de geograf\u00eda del mundo conocido, imprescindibles para viajes y transacciones comerciales, que toman su nombre del famoso ge\u00f3grafo egipcio Claudio Ptolomeo, que vivi\u00f3 en Alejandr\u00eda en el\">During the medieval period and the Renaissance, a series of works of geography of the known world, essential for travel and commercial transactions, took its name from the famous Egyptian geographer Claudius Ptolemy, who lived in Alexandria at the time of the Ptolemy. <\/span><span title=\"siglo II.\">2nd century.<\/span><\/p>\n<p style=\"text-align: justify;\"><span title=\"El ejemplar original puede catalogarse de obra maestra no s\u00f3lo por la calidad del texto y rigor en el dibujo de los mapas, sino por el material empleado: pergamino de primera calidad te\u00f1ido de diversos colores, abundancia de pan de oro para t\u00edtulos y marcos, tinta\">The original copy can be classified as a masterpiece not only for the quality of the text and rigor in the drawing of the maps, but for the material used: first quality parchment dyed in different colors, abundance of gold leaf for titles and frames, ink <\/span><span title=\"de oro para p\u00e1rrafos iniciales y t\u00edtulos, representaci\u00f3n de los vientos con cabezas humanas, etc.\">of gold for initial paragraphs and titles, representation of the winds with human heads, etc.<\/span><\/p>\n<p style=\"text-align: justify;\"><span title=\"Est\u00e1 formado por 133 folios de pergamino de 30 x 44,5 cm, y fue escrito en letra human\u00edstica redonda en la ciudad de Florencia en el siglo XV.\">It is formed by 133 folios of parchment of 30 x 44.5 cm, and was written in round humanistic handwriting in the city of Florence in the 15th century. <\/span><span title=\"Aparte del texto explicativo, se incluyen 30 mapas: un planisferio del Viejo Mundo, 13 mapas de Europa (a los que se a\u00f1adieron tres nuevos m\u00e1s precisos y desarrollados de como los hizo Ptolomeo: Espa\u00f1a moderna, Europa del Norte, Italia moderna), 4\">Apart from the explanatory text, 30 maps are included: a planisphere of the Old World, 13 maps of Europe (to which were added three more precise and developed maps as Ptolemy did: modern Spain, Northern Europe, modern Italy), 4 <\/span><span title=\"de \u00c1frica y 12 de Asia, advirti\u00e9ndose que un mapa suele estar desarrollado en varios folios.\">from Africa and 12 from Asia, warning that a map is usually developed on several pages.<\/span><\/p>\n<p style=\"text-align: justify;\"><span title=\"Ya en el siglo XVI se le a\u00f1adi\u00f3 al c\u00f3dice un segundo planisferio que comprend\u00eda las tierras reci\u00e9n descubiertas del continente americano.\">Already in the sixteenth century a second planisphere was added to the codex that included the newly discovered lands of the American continent.<\/span><\/p>\n<p style=\"text-align: justify;\"><span title=\"Entre las ilustraciones del manuscrito hay que destacar la miniatura que se hace del ge\u00f3grafo Ptolomeo en el interior de una capital del folio 2, donde aparece con un libro y un comp\u00e1s en la mano.\">Among the illustrations of the manuscript we must highlight the miniature that is made of the geographer Ptolemy inside a capital of Folio 2, where he appears with a book and a compass in his hand.<\/span><\/p>\n<p style=\"text-align: justify;\"><span title=\"Edici\u00f3n facs\u00edmile del a\u00f1o 2005, limitada a 900 ejemplares venales, numerada y certificada por la Biblioteca y por el Editor, realizada por una de las mejores editoriales espa\u00f1olas en este tipo de obras.\">Facsimile edition of the year 2005, limited to 900 venal copies, numbered and certified by the Library and by the Editor, made by one of the best Spanish publishers in this type of work. <\/span><span title=\"Facs\u00edmile encuadernado artesanalmente en piel de cabra roja sobre tabla, estampada en oro por ambos lados, formato 32 x 46 cm.\">Hand-bound facsimile in red goatskin on board, stamped in gold on both sides, format 32 x 46 cm. <\/span><span title=\"268 p\u00e1ginas.\">268 pages. <\/span><span title=\"Textos con iniciales y p\u00e1rrafos en tinta de oro, iluminaciones con pan de oro y tinta de oro.\">Texts with initials and paragraphs in gold ink, illuminations with gold leaf and gold ink. <\/span><span title=\"Mapas en cartivana para observarlos sin dobleces.\">Maps in cartivana to observe them without folds. <\/span><span title=\"Cinta gu\u00eda de seda dorada.\">Gold silk guide ribbon.<\/span><\/p>\n<p style=\"text-align: justify;\"><span title=\"Acompa\u00f1ado de libro estudio de 172 p\u00e1ginas, a cargo de De Louis Duval-Arnould, Scriptor honorario de la Biblioteca Vaticana.\">Accompanied by a 172-page study book, by De Louis Duval-Arnould, honorary Scriptor of the Vatican Library. <\/span><span title=\"Encuadernado de tapa dura acolchada, ilustrada y dorada, formato 23,5 x 32 cm.\">Hardcover binding, illustrated and gilded, format 23.5 x 32 cm<\/span>.<\/p>\n<p style=\"text-align: justify;\"><span title=\"Gastos de env\u00edo por cuenta del comprador, seg\u00fan pedido y destino.\">Retail Price: 5.548 \u20ac. <\/span><span title=\"Cons\u00faltenos cualquier duda, as\u00ed como por cualquier otro facs\u00edmile que est\u00e9 buscando.\"><a class=\"btn btn-default\" href=\"https:\/\/www.comprarmejor.es\/en\/contact\/\">Ask us<\/a> <span lang=\"en\" xml:lang=\"en\"><span title=\"Cons\u00faltenos sin compromiso (indicando la referencia del art\u00edculo) cualquier duda.\">without obligation (indicating the reference of the article) any doubt.<\/span><\/span><br \/>\n<\/span><\/p>\n","protected":false},"excerpt":{"rendered":"<p><span id=\"result_box\" lang=\"en\" xml:lang=\"en\"><span title=\"La Biblioteca Apost\u00f3lica Vaticana cuenta entre sus tesoros bibliogr\u00e1ficos con una de estas obras, no en el originario texto griego sino en la traducci\u00f3n latina de Jacobo Angeli da Scarpezia.\">The Vatican Apostolic Library counts among its bibliographic treasures with one of these works, not in the original Greek text but in the Latin translation of Jacobo Angeli da Scarpezia. <\/span><span title=\"Este manuscrito perteneci\u00f3 al papa bibli\u00f3filo Alejandro VII (Sig. Urb. lat. 274).\">This manuscript belonged to the bibliophile Pope Alexander VII (Sig. Urb. Lat. 274).<\/span><span title=\"\u00a1Un 5 estrellas en toda Gran Biblioteca!\"><br \/>\n<\/span><\/span><\/p>\n","protected":false},"featured_media":49967,"template":"","meta":[],"product_brand":[],"product_cat":[2234],"product_tag":[4145,3999],"class_list":{"0":"post-49981","1":"product","2":"type-product","3":"status-publish","4":"has-post-thumbnail","6":"product_cat-antique-maps","7":"product_tag-ptolomeo-en","8":"product_tag-testimonio-en","9":"description-off","11":"first","12":"instock","13":"taxable","14":"shipping-taxable","15":"purchasable","16":"product-type-simple"},"yoast_head":"<!-- This site is optimized with the Yoast SEO plugin v27.3 - https:\/\/yoast.com\/product\/yoast-seo-wordpress\/ -->\n<title>The Geographia of Ptolomeo, or Ptolomeo Vaticano, s. XV *****<\/title>\n<meta name=\"description\" content=\"During the Middle Ages and the Renaissance spread under the name of Ptolemy a series of works on geography of the known world, essential for travel...\" \/>\n<meta name=\"robots\" content=\"index, follow, max-snippet:-1, max-image-preview:large, max-video-preview:-1\" \/>\n<link rel=\"canonical\" href=\"https:\/\/www.comprarmejor.es\/en\/product\/the-geographia-of-ptolomeo-or-ptolomeo-vaticano-s-xv\/\" \/>\n<meta property=\"og:locale\" content=\"en_US\" \/>\n<meta property=\"og:type\" content=\"article\" \/>\n<meta property=\"og:title\" content=\"The Geographia of Ptolomeo, or Ptolomeo Vaticano, s. XV *****\" \/>\n<meta property=\"og:description\" content=\"During the Middle Ages and the Renaissance spread under the name of Ptolemy a series of works on geography of the known world, essential for travel...\" \/>\n<meta property=\"og:url\" content=\"https:\/\/www.comprarmejor.es\/en\/product\/the-geographia-of-ptolomeo-or-ptolomeo-vaticano-s-xv\/\" \/>\n<meta property=\"og:site_name\" content=\"ComprarMejor\" \/>\n<meta property=\"article:modified_time\" content=\"2026-05-05T09:17:11+00:00\" \/>\n<meta property=\"og:image\" content=\"https:\/\/www.comprarmejor.es\/wp-content\/uploads\/2015\/12\/p_7_6_6_8_7668-La-Geographia-de-Ptolomeo-o-Ptolomeo-Vaticano-s.-XV.jpg\" \/>\n\t<meta property=\"og:image:width\" content=\"599\" \/>\n\t<meta property=\"og:image:height\" content=\"449\" \/>\n\t<meta property=\"og:image:type\" content=\"image\/jpeg\" \/>\n<meta name=\"twitter:card\" content=\"summary_large_image\" \/>\n<meta name=\"twitter:label1\" content=\"Est. reading time\" \/>\n\t<meta name=\"twitter:data1\" content=\"3 minutes\" \/>\n<script type=\"application\/ld+json\" class=\"yoast-schema-graph\">{\"@context\":\"https:\\\/\\\/schema.org\",\"@graph\":[{\"@type\":\"WebPage\",\"@id\":\"https:\\\/\\\/www.comprarmejor.es\\\/en\\\/product\\\/the-geographia-of-ptolomeo-or-ptolomeo-vaticano-s-xv\\\/\",\"url\":\"https:\\\/\\\/www.comprarmejor.es\\\/en\\\/product\\\/the-geographia-of-ptolomeo-or-ptolomeo-vaticano-s-xv\\\/\",\"name\":\"The Geographia of Ptolomeo, or Ptolomeo Vaticano, s. XV *****\",\"isPartOf\":{\"@id\":\"https:\\\/\\\/www.comprarmejor.es\\\/en\\\/#website\"},\"primaryImageOfPage\":{\"@id\":\"https:\\\/\\\/www.comprarmejor.es\\\/en\\\/product\\\/the-geographia-of-ptolomeo-or-ptolomeo-vaticano-s-xv\\\/#primaryimage\"},\"image\":{\"@id\":\"https:\\\/\\\/www.comprarmejor.es\\\/en\\\/product\\\/the-geographia-of-ptolomeo-or-ptolomeo-vaticano-s-xv\\\/#primaryimage\"},\"thumbnailUrl\":\"https:\\\/\\\/www.comprarmejor.es\\\/wp-content\\\/uploads\\\/2015\\\/12\\\/p_7_6_6_8_7668-La-Geographia-de-Ptolomeo-o-Ptolomeo-Vaticano-s.-XV.jpg\",\"datePublished\":\"2015-12-13T22:45:35+00:00\",\"dateModified\":\"2026-05-05T09:17:11+00:00\",\"description\":\"During the Middle Ages and the Renaissance spread under the name of Ptolemy a series of works on geography of the known world, essential for travel...\",\"breadcrumb\":{\"@id\":\"https:\\\/\\\/www.comprarmejor.es\\\/en\\\/product\\\/the-geographia-of-ptolomeo-or-ptolomeo-vaticano-s-xv\\\/#breadcrumb\"},\"inLanguage\":\"en-US\",\"potentialAction\":[{\"@type\":\"ReadAction\",\"target\":[\"https:\\\/\\\/www.comprarmejor.es\\\/en\\\/product\\\/the-geographia-of-ptolomeo-or-ptolomeo-vaticano-s-xv\\\/\"]}]},{\"@type\":\"ImageObject\",\"inLanguage\":\"en-US\",\"@id\":\"https:\\\/\\\/www.comprarmejor.es\\\/en\\\/product\\\/the-geographia-of-ptolomeo-or-ptolomeo-vaticano-s-xv\\\/#primaryimage\",\"url\":\"https:\\\/\\\/www.comprarmejor.es\\\/wp-content\\\/uploads\\\/2015\\\/12\\\/p_7_6_6_8_7668-La-Geographia-de-Ptolomeo-o-Ptolomeo-Vaticano-s.-XV.jpg\",\"contentUrl\":\"https:\\\/\\\/www.comprarmejor.es\\\/wp-content\\\/uploads\\\/2015\\\/12\\\/p_7_6_6_8_7668-La-Geographia-de-Ptolomeo-o-Ptolomeo-Vaticano-s.-XV.jpg\",\"width\":599,\"height\":449},{\"@type\":\"BreadcrumbList\",\"@id\":\"https:\\\/\\\/www.comprarmejor.es\\\/en\\\/product\\\/the-geographia-of-ptolomeo-or-ptolomeo-vaticano-s-xv\\\/#breadcrumb\",\"itemListElement\":[{\"@type\":\"ListItem\",\"position\":1,\"name\":\"Portada\",\"item\":\"https:\\\/\\\/www.comprarmejor.es\\\/en\\\/\"},{\"@type\":\"ListItem\",\"position\":2,\"name\":\"Shop\",\"item\":\"https:\\\/\\\/www.comprarmejor.es\\\/en\\\/shop\\\/\"},{\"@type\":\"ListItem\",\"position\":3,\"name\":\"The Geographia of Ptolomeo, or Ptolomeo Vaticano, s. XV (5*)\"}]},{\"@type\":\"WebSite\",\"@id\":\"https:\\\/\\\/www.comprarmejor.es\\\/en\\\/#website\",\"url\":\"https:\\\/\\\/www.comprarmejor.es\\\/en\\\/\",\"name\":\"ComprarMejor\",\"description\":\"ComprarMejor\",\"publisher\":{\"@id\":\"https:\\\/\\\/www.comprarmejor.es\\\/en\\\/#organization\"},\"potentialAction\":[{\"@type\":\"SearchAction\",\"target\":{\"@type\":\"EntryPoint\",\"urlTemplate\":\"https:\\\/\\\/www.comprarmejor.es\\\/en\\\/?s={search_term_string}\"},\"query-input\":{\"@type\":\"PropertyValueSpecification\",\"valueRequired\":true,\"valueName\":\"search_term_string\"}}],\"inLanguage\":\"en-US\"},{\"@type\":\"Organization\",\"@id\":\"https:\\\/\\\/www.comprarmejor.es\\\/en\\\/#organization\",\"name\":\"COMPRAR MEJOR\",\"url\":\"https:\\\/\\\/www.comprarmejor.es\\\/en\\\/\",\"logo\":{\"@type\":\"ImageObject\",\"inLanguage\":\"en-US\",\"@id\":\"https:\\\/\\\/www.comprarmejor.es\\\/en\\\/#\\\/schema\\\/logo\\\/image\\\/\",\"url\":\"https:\\\/\\\/www.comprarmejor.es\\\/wp-content\\\/uploads\\\/2025\\\/09\\\/comprarmejortrinidad.jpg\",\"contentUrl\":\"https:\\\/\\\/www.comprarmejor.es\\\/wp-content\\\/uploads\\\/2025\\\/09\\\/comprarmejortrinidad.jpg\",\"width\":1022,\"height\":1380,\"caption\":\"COMPRAR MEJOR\"},\"image\":{\"@id\":\"https:\\\/\\\/www.comprarmejor.es\\\/en\\\/#\\\/schema\\\/logo\\\/image\\\/\"},\"sameAs\":[\"https:\\\/\\\/www.instagram.com\\\/amigosdelcodice\"]}]}<\/script>\n<!-- \/ Yoast SEO plugin. -->","yoast_head_json":{"title":"The Geographia of Ptolomeo, or Ptolomeo Vaticano, s. XV *****","description":"During the Middle Ages and the Renaissance spread under the name of Ptolemy a series of works on geography of the known world, essential for travel...","robots":{"index":"index","follow":"follow","max-snippet":"max-snippet:-1","max-image-preview":"max-image-preview:large","max-video-preview":"max-video-preview:-1"},"canonical":"https:\/\/www.comprarmejor.es\/en\/product\/the-geographia-of-ptolomeo-or-ptolomeo-vaticano-s-xv\/","og_locale":"en_US","og_type":"article","og_title":"The Geographia of Ptolomeo, or Ptolomeo Vaticano, s. XV *****","og_description":"During the Middle Ages and the Renaissance spread under the name of Ptolemy a series of works on geography of the known world, essential for travel...","og_url":"https:\/\/www.comprarmejor.es\/en\/product\/the-geographia-of-ptolomeo-or-ptolomeo-vaticano-s-xv\/","og_site_name":"ComprarMejor","article_modified_time":"2026-05-05T09:17:11+00:00","og_image":[{"width":599,"height":449,"url":"https:\/\/www.comprarmejor.es\/wp-content\/uploads\/2015\/12\/p_7_6_6_8_7668-La-Geographia-de-Ptolomeo-o-Ptolomeo-Vaticano-s.-XV.jpg","type":"image\/jpeg"}],"twitter_card":"summary_large_image","twitter_misc":{"Est. reading time":"3 minutes"},"schema":{"@context":"https:\/\/schema.org","@graph":[{"@type":"WebPage","@id":"https:\/\/www.comprarmejor.es\/en\/product\/the-geographia-of-ptolomeo-or-ptolomeo-vaticano-s-xv\/","url":"https:\/\/www.comprarmejor.es\/en\/product\/the-geographia-of-ptolomeo-or-ptolomeo-vaticano-s-xv\/","name":"The Geographia of Ptolomeo, or Ptolomeo Vaticano, s. XV *****","isPartOf":{"@id":"https:\/\/www.comprarmejor.es\/en\/#website"},"primaryImageOfPage":{"@id":"https:\/\/www.comprarmejor.es\/en\/product\/the-geographia-of-ptolomeo-or-ptolomeo-vaticano-s-xv\/#primaryimage"},"image":{"@id":"https:\/\/www.comprarmejor.es\/en\/product\/the-geographia-of-ptolomeo-or-ptolomeo-vaticano-s-xv\/#primaryimage"},"thumbnailUrl":"https:\/\/www.comprarmejor.es\/wp-content\/uploads\/2015\/12\/p_7_6_6_8_7668-La-Geographia-de-Ptolomeo-o-Ptolomeo-Vaticano-s.-XV.jpg","datePublished":"2015-12-13T22:45:35+00:00","dateModified":"2026-05-05T09:17:11+00:00","description":"During the Middle Ages and the Renaissance spread under the name of Ptolemy a series of works on geography of the known world, essential for travel...","breadcrumb":{"@id":"https:\/\/www.comprarmejor.es\/en\/product\/the-geographia-of-ptolomeo-or-ptolomeo-vaticano-s-xv\/#breadcrumb"},"inLanguage":"en-US","potentialAction":[{"@type":"ReadAction","target":["https:\/\/www.comprarmejor.es\/en\/product\/the-geographia-of-ptolomeo-or-ptolomeo-vaticano-s-xv\/"]}]},{"@type":"ImageObject","inLanguage":"en-US","@id":"https:\/\/www.comprarmejor.es\/en\/product\/the-geographia-of-ptolomeo-or-ptolomeo-vaticano-s-xv\/#primaryimage","url":"https:\/\/www.comprarmejor.es\/wp-content\/uploads\/2015\/12\/p_7_6_6_8_7668-La-Geographia-de-Ptolomeo-o-Ptolomeo-Vaticano-s.-XV.jpg","contentUrl":"https:\/\/www.comprarmejor.es\/wp-content\/uploads\/2015\/12\/p_7_6_6_8_7668-La-Geographia-de-Ptolomeo-o-Ptolomeo-Vaticano-s.-XV.jpg","width":599,"height":449},{"@type":"BreadcrumbList","@id":"https:\/\/www.comprarmejor.es\/en\/product\/the-geographia-of-ptolomeo-or-ptolomeo-vaticano-s-xv\/#breadcrumb","itemListElement":[{"@type":"ListItem","position":1,"name":"Portada","item":"https:\/\/www.comprarmejor.es\/en\/"},{"@type":"ListItem","position":2,"name":"Shop","item":"https:\/\/www.comprarmejor.es\/en\/shop\/"},{"@type":"ListItem","position":3,"name":"The Geographia of Ptolomeo, or Ptolomeo Vaticano, s. XV (5*)"}]},{"@type":"WebSite","@id":"https:\/\/www.comprarmejor.es\/en\/#website","url":"https:\/\/www.comprarmejor.es\/en\/","name":"ComprarMejor","description":"ComprarMejor","publisher":{"@id":"https:\/\/www.comprarmejor.es\/en\/#organization"},"potentialAction":[{"@type":"SearchAction","target":{"@type":"EntryPoint","urlTemplate":"https:\/\/www.comprarmejor.es\/en\/?s={search_term_string}"},"query-input":{"@type":"PropertyValueSpecification","valueRequired":true,"valueName":"search_term_string"}}],"inLanguage":"en-US"},{"@type":"Organization","@id":"https:\/\/www.comprarmejor.es\/en\/#organization","name":"COMPRAR MEJOR","url":"https:\/\/www.comprarmejor.es\/en\/","logo":{"@type":"ImageObject","inLanguage":"en-US","@id":"https:\/\/www.comprarmejor.es\/en\/#\/schema\/logo\/image\/","url":"https:\/\/www.comprarmejor.es\/wp-content\/uploads\/2025\/09\/comprarmejortrinidad.jpg","contentUrl":"https:\/\/www.comprarmejor.es\/wp-content\/uploads\/2025\/09\/comprarmejortrinidad.jpg","width":1022,"height":1380,"caption":"COMPRAR MEJOR"},"image":{"@id":"https:\/\/www.comprarmejor.es\/en\/#\/schema\/logo\/image\/"},"sameAs":["https:\/\/www.instagram.com\/amigosdelcodice"]}]}},"_links":{"self":[{"href":"https:\/\/www.comprarmejor.es\/en\/wp-json\/wp\/v2\/product\/49981","targetHints":{"allow":["GET"]}}],"collection":[{"href":"https:\/\/www.comprarmejor.es\/en\/wp-json\/wp\/v2\/product"}],"about":[{"href":"https:\/\/www.comprarmejor.es\/en\/wp-json\/wp\/v2\/types\/product"}],"wp:featuredmedia":[{"embeddable":true,"href":"https:\/\/www.comprarmejor.es\/en\/wp-json\/wp\/v2\/media\/49967"}],"wp:attachment":[{"href":"https:\/\/www.comprarmejor.es\/en\/wp-json\/wp\/v2\/media?parent=49981"}],"wp:term":[{"taxonomy":"product_brand","embeddable":true,"href":"https:\/\/www.comprarmejor.es\/en\/wp-json\/wp\/v2\/product_brand?post=49981"},{"taxonomy":"product_cat","embeddable":true,"href":"https:\/\/www.comprarmejor.es\/en\/wp-json\/wp\/v2\/product_cat?post=49981"},{"taxonomy":"product_tag","embeddable":true,"href":"https:\/\/www.comprarmejor.es\/en\/wp-json\/wp\/v2\/product_tag?post=49981"}],"curies":[{"name":"wp","href":"https:\/\/api.w.org\/{rel}","templated":true}]}}