{"id":50003,"date":"2015-12-15T16:53:58","date_gmt":"2015-12-15T15:53:58","guid":{"rendered":"https:\/\/www.comprarmejor.es\/producto\/codex-aureus-escurialensis-leaves-s-xi\/"},"modified":"2019-08-30T09:15:18","modified_gmt":"2019-08-30T07:15:18","slug":"codex-aureus-escurialensis-leaves-s-xi","status":"publish","type":"product","link":"https:\/\/www.comprarmejor.es\/en\/product\/codex-aureus-escurialensis-leaves-s-xi\/","title":{"rendered":"Codex Aureus Escurialensis leaves, s. XI"},"content":{"rendered":"<p style=\"text-align:justify;\"><span id=\"result_box\" lang=\"en\" xml:lang=\"en\"><span title=\"Conjunto de 4 hojas facs\u00edmiles para enmarcar del C\u00f3dice \u00c1ureo (Codex Aureus Escurialensis), preparadas para decorar ese rinc\u00f3n especial de su hogar o su oficina con una imagen de una obra manuscrita entre los a\u00f1os 1033 y 1043.\">Set of 4 facsimiles leaves to frame the Codex Aureus (Codex Aureus Escurialensis), ready to decorate that special corner of your home or office with a picture of a handwritten work between 1033 and 1043.<\/p>\n<p><\/span><span title=\"En la antig\u00fcedad, cuando los c\u00f3dices eran ejemplares manuscritos \u00fanicos, exist\u00eda una mala actitud de algunos desaprensivos que consist\u00eda en arrancar hojas o recortar ilustraciones para luego decorar sus hogares.\">In ancient times, when manuscripts codices were unique specimens, there was a bad attitude of some unscrupulous who was to detach the leaves or cut out pictures and then decorate their homes. <\/span><span title=\"Gracias a las nuevas t\u00e9cnicas de edici\u00f3n e impresi\u00f3n, con las que se reproducen con todo lujo de detalles las obras originales, hoy d\u00eda se tiene la oportunidad de poder disfrutar en nuestro hogar y sin ning\u00fan tipo de remordimientos, de un peque\u00f1o trozo de estas obras\">Thanks to the new techniques of editing and printing, with those reproduced in great detail the original works, now you have the opportunity to enjoy our home without any regrets, in a small piece of these works <\/span><span title=\"manuscritas e hist\u00f3ricas como si de una parte del original se tratara.\">manuscripts and historical as if part of the original were.<\/p>\n<p><\/span><span title=\"Este conjunto de 4 hojas se incluyen en una carpeta tipo caja de gran tama\u00f1o (39,5 x 56 x 2 cm.) en la que se incluye un dosier informativo del c\u00f3dice original y de la obra facs\u00edmile en particular.\">This set of 4 sheets are included in a large box type folder (39.5 x 56 x 2 cm.) In which an information dossier of the original manuscript and facsimile particular work is included. <\/span><span title=\"El precio indicado corresponde a la carpeta completa.\">The indicated price is for the whole folder.<\/p>\n<p><\/span><span title=\"Las hojas facs\u00edmiles del c\u00f3dice, de gran tama\u00f1o, editadas y fabricadas artesanalmente por ambas caras, con medidas de 32,8 x 50 cms., est\u00e1n adheridas por una peque\u00f1a parte en una cartulina verjurada de 37,5 x 54 cms., listas para\">The facsimile of the codex leaves, large, edited and handcrafted by both sides, with measures 32.8 x 50 cms., Are attached by a small part in a verjurada cardboard 37.5 x 54 cm., Ready to <\/span><span title=\"ser enmarcadas y decorar ese lugar especial de su hogar o su oficina.\">be framed and decorate that special place in your home or office.<\/p>\n<p><\/span><span title=\"El C\u00f3dice \u00c1ureo:\">The Codex Aureus:<br \/><\/span><span title=\"El Codex Aureus es una majestuosa obra de arte en s\u00ed mismo, un manuscrito realizado, seg\u00fan las \u00faltimas investigaciones hist\u00f3ricas, entre los a\u00f1os 1033 y 1043 por encargo del Emperador Enrique III.\">The Codex Aureus is a majestic work of art in itself, a manuscript made according to the latest historical research, between 1033 and 1043 by order of Emperor Henry III. <\/span><span title=\"Un c\u00f3dice que a trav\u00e9s de los a\u00f1os pas\u00f3 por varias manos reales hasta el rey Felipe II quien lo incorpor\u00f3 a su Biblioteca Real de El Escorial, donde se conserva actualmente.\">A codex that through the years passed through several hands until real King Philip II who incorporated his Royal Library at El Escorial, where it currently remains.<\/p>\n<p><\/span><span title=\"El C\u00f3dice \u00c1ureo no es solamente el m\u00e1s bello ejemplar de la magn\u00edfica Biblioteca del Monasterio de El Escorial, sino tambi\u00e9n uno de los c\u00f3dices m\u00e1s singulares de la miniatura de la \u00e9poca carolingia, elaborado probablemente en el Monasterio de Echternach, monasterio benedictino del que fueron protectores\">The Codex Aureus is not only the most beautiful example of the magnificent Library of the Monastery of El Escorial, but also one of the most unique miniature codices of the Carolingian period, probably made in the Echternach Monastery, a Benedictine monastery that were protective <\/span><span title=\"los propios emperadores alemanes.\">German emperors themselves. <\/span><span title=\"Como su propio nombre sugiere, el C\u00f3dice \u00c1ureo presenta un extraordinario despliegue de oro, tanto en la caligraf\u00eda de sus textos, como en la riqu\u00edsima iconograf\u00eda, constituy\u00e9ndose en uno de los m\u00e1s espectaculares e impresionantes c\u00f3dices de la historia.\">As its name suggests, the Codex Aureus has an extraordinary display of gold, both the calligraphy of her texts, as in the rich iconography, becoming one of the most spectacular and impressive history codices.<\/p>\n<p><\/span><span title=\"Gastos de env\u00edo por cuenta del comprador, seg\u00fan pedido y destino.\">Shipping by the buyer, upon request and destination. <\/span><span title=\"Cons\u00faltenos cualquier duda, as\u00ed como por el facs\u00edmile que est\u00e9 buscando.\"><a class=\"btn btn-default\" href=\"http:\/\/comprarmejor.es\/en\/contact\">Ask us<\/a> any questions and by facsimile you are seeking.<\/span><\/span><\/p>\n","protected":false},"excerpt":{"rendered":"<p style=\"text-align:justify;\"><span id=\"result_box\" lang=\"en\" xml:lang=\"en\"><span title=\"Conjunto de 4 hojas facs\u00edmiles para enmarcar del C\u00f3dice \u00c1ureo (Codex Aureus Escurialensis), preparadas para decorar ese rinc\u00f3n especial de su hogar o su oficina con una imagen de una obra manuscrita entre los a\u00f1os 1033 y 1043.\">Set of 4 facsimiles leaves to frame the Codex Aureus (Codex Aureus Escurialensis), ready to decorate that special corner of your home or office with a picture of a handwritten work between 1033 and 1043.<\/span><\/span><\/p>\n","protected":false},"featured_media":49995,"template":"","meta":[],"product_brand":[],"product_cat":[2252],"product_tag":[3984,3999],"class_list":{"0":"post-50003","1":"product","2":"type-product","3":"status-publish","4":"has-post-thumbnail","6":"product_cat-facsimile-sheets","7":"product_tag-escorial-en-2","8":"product_tag-testimonio-en","9":"product_shipping_class-from-2-to-5-kg","10":"description-off","12":"first","13":"instock","14":"taxable","15":"shipping-taxable","16":"purchasable","17":"product-type-simple"},"yoast_head":"<!-- This site is optimized with the Yoast SEO plugin v27.3 - https:\/\/yoast.com\/product\/yoast-seo-wordpress\/ -->\n<title>Codex Aureus Escurialensis leaves, s. XI<\/title>\n<meta name=\"description\" content=\"Set of 4 facsimiles leaves to frame the Codex Aureus (Codex Aureus Escurialensis), ready to decorate that special corner of your home or office with...\" \/>\n<meta name=\"robots\" content=\"index, follow, max-snippet:-1, max-image-preview:large, max-video-preview:-1\" \/>\n<link rel=\"canonical\" href=\"https:\/\/www.comprarmejor.es\/en\/product\/codex-aureus-escurialensis-leaves-s-xi\/\" \/>\n<meta property=\"og:locale\" content=\"en_US\" \/>\n<meta property=\"og:type\" content=\"article\" \/>\n<meta property=\"og:title\" content=\"Codex Aureus Escurialensis leaves, s. XI\" \/>\n<meta property=\"og:description\" content=\"Set of 4 facsimiles leaves to frame the Codex Aureus (Codex Aureus Escurialensis), ready to decorate that special corner of your home or office with...\" \/>\n<meta property=\"og:url\" content=\"https:\/\/www.comprarmejor.es\/en\/product\/codex-aureus-escurialensis-leaves-s-xi\/\" \/>\n<meta property=\"og:site_name\" content=\"ComprarMejor\" \/>\n<meta property=\"article:modified_time\" content=\"2019-08-30T07:15:18+00:00\" \/>\n<meta property=\"og:image\" content=\"https:\/\/www.comprarmejor.es\/wp-content\/uploads\/2015\/12\/p_1_7_4_7_1747-Hojas-del-Codex-Aureus-Escurialensis-s.-XI.jpg\" \/>\n\t<meta property=\"og:image:width\" content=\"473\" \/>\n\t<meta property=\"og:image:height\" content=\"600\" \/>\n\t<meta property=\"og:image:type\" content=\"image\/jpeg\" \/>\n<meta name=\"twitter:card\" content=\"summary_large_image\" \/>\n<meta name=\"twitter:label1\" content=\"Est. reading time\" \/>\n\t<meta name=\"twitter:data1\" content=\"2 minutes\" \/>\n<script type=\"application\/ld+json\" class=\"yoast-schema-graph\">{\"@context\":\"https:\\\/\\\/schema.org\",\"@graph\":[{\"@type\":\"WebPage\",\"@id\":\"https:\\\/\\\/www.comprarmejor.es\\\/en\\\/product\\\/codex-aureus-escurialensis-leaves-s-xi\\\/\",\"url\":\"https:\\\/\\\/www.comprarmejor.es\\\/en\\\/product\\\/codex-aureus-escurialensis-leaves-s-xi\\\/\",\"name\":\"Codex Aureus Escurialensis leaves, s. XI\",\"isPartOf\":{\"@id\":\"https:\\\/\\\/www.comprarmejor.es\\\/en\\\/#website\"},\"primaryImageOfPage\":{\"@id\":\"https:\\\/\\\/www.comprarmejor.es\\\/en\\\/product\\\/codex-aureus-escurialensis-leaves-s-xi\\\/#primaryimage\"},\"image\":{\"@id\":\"https:\\\/\\\/www.comprarmejor.es\\\/en\\\/product\\\/codex-aureus-escurialensis-leaves-s-xi\\\/#primaryimage\"},\"thumbnailUrl\":\"https:\\\/\\\/www.comprarmejor.es\\\/wp-content\\\/uploads\\\/2015\\\/12\\\/p_1_7_4_7_1747-Hojas-del-Codex-Aureus-Escurialensis-s.-XI.jpg\",\"datePublished\":\"2015-12-15T15:53:58+00:00\",\"dateModified\":\"2019-08-30T07:15:18+00:00\",\"description\":\"Set of 4 facsimiles leaves to frame the Codex Aureus (Codex Aureus Escurialensis), ready to decorate that special corner of your home or office with...\",\"breadcrumb\":{\"@id\":\"https:\\\/\\\/www.comprarmejor.es\\\/en\\\/product\\\/codex-aureus-escurialensis-leaves-s-xi\\\/#breadcrumb\"},\"inLanguage\":\"en-US\",\"potentialAction\":[{\"@type\":\"ReadAction\",\"target\":[\"https:\\\/\\\/www.comprarmejor.es\\\/en\\\/product\\\/codex-aureus-escurialensis-leaves-s-xi\\\/\"]}]},{\"@type\":\"ImageObject\",\"inLanguage\":\"en-US\",\"@id\":\"https:\\\/\\\/www.comprarmejor.es\\\/en\\\/product\\\/codex-aureus-escurialensis-leaves-s-xi\\\/#primaryimage\",\"url\":\"https:\\\/\\\/www.comprarmejor.es\\\/wp-content\\\/uploads\\\/2015\\\/12\\\/p_1_7_4_7_1747-Hojas-del-Codex-Aureus-Escurialensis-s.-XI.jpg\",\"contentUrl\":\"https:\\\/\\\/www.comprarmejor.es\\\/wp-content\\\/uploads\\\/2015\\\/12\\\/p_1_7_4_7_1747-Hojas-del-Codex-Aureus-Escurialensis-s.-XI.jpg\",\"width\":473,\"height\":600},{\"@type\":\"BreadcrumbList\",\"@id\":\"https:\\\/\\\/www.comprarmejor.es\\\/en\\\/product\\\/codex-aureus-escurialensis-leaves-s-xi\\\/#breadcrumb\",\"itemListElement\":[{\"@type\":\"ListItem\",\"position\":1,\"name\":\"Portada\",\"item\":\"https:\\\/\\\/www.comprarmejor.es\\\/en\\\/\"},{\"@type\":\"ListItem\",\"position\":2,\"name\":\"Shop\",\"item\":\"https:\\\/\\\/www.comprarmejor.es\\\/en\\\/shop\\\/\"},{\"@type\":\"ListItem\",\"position\":3,\"name\":\"Codex Aureus Escurialensis leaves, s. XI\"}]},{\"@type\":\"WebSite\",\"@id\":\"https:\\\/\\\/www.comprarmejor.es\\\/en\\\/#website\",\"url\":\"https:\\\/\\\/www.comprarmejor.es\\\/en\\\/\",\"name\":\"ComprarMejor\",\"description\":\"ComprarMejor\",\"publisher\":{\"@id\":\"https:\\\/\\\/www.comprarmejor.es\\\/en\\\/#organization\"},\"potentialAction\":[{\"@type\":\"SearchAction\",\"target\":{\"@type\":\"EntryPoint\",\"urlTemplate\":\"https:\\\/\\\/www.comprarmejor.es\\\/en\\\/?s={search_term_string}\"},\"query-input\":{\"@type\":\"PropertyValueSpecification\",\"valueRequired\":true,\"valueName\":\"search_term_string\"}}],\"inLanguage\":\"en-US\"},{\"@type\":\"Organization\",\"@id\":\"https:\\\/\\\/www.comprarmejor.es\\\/en\\\/#organization\",\"name\":\"COMPRAR MEJOR\",\"url\":\"https:\\\/\\\/www.comprarmejor.es\\\/en\\\/\",\"logo\":{\"@type\":\"ImageObject\",\"inLanguage\":\"en-US\",\"@id\":\"https:\\\/\\\/www.comprarmejor.es\\\/en\\\/#\\\/schema\\\/logo\\\/image\\\/\",\"url\":\"https:\\\/\\\/www.comprarmejor.es\\\/wp-content\\\/uploads\\\/2025\\\/09\\\/comprarmejortrinidad.jpg\",\"contentUrl\":\"https:\\\/\\\/www.comprarmejor.es\\\/wp-content\\\/uploads\\\/2025\\\/09\\\/comprarmejortrinidad.jpg\",\"width\":1022,\"height\":1380,\"caption\":\"COMPRAR MEJOR\"},\"image\":{\"@id\":\"https:\\\/\\\/www.comprarmejor.es\\\/en\\\/#\\\/schema\\\/logo\\\/image\\\/\"},\"sameAs\":[\"https:\\\/\\\/www.instagram.com\\\/amigosdelcodice\"]}]}<\/script>\n<!-- \/ Yoast SEO plugin. -->","yoast_head_json":{"title":"Codex Aureus Escurialensis leaves, s. XI","description":"Set of 4 facsimiles leaves to frame the Codex Aureus (Codex Aureus Escurialensis), ready to decorate that special corner of your home or office with...","robots":{"index":"index","follow":"follow","max-snippet":"max-snippet:-1","max-image-preview":"max-image-preview:large","max-video-preview":"max-video-preview:-1"},"canonical":"https:\/\/www.comprarmejor.es\/en\/product\/codex-aureus-escurialensis-leaves-s-xi\/","og_locale":"en_US","og_type":"article","og_title":"Codex Aureus Escurialensis leaves, s. XI","og_description":"Set of 4 facsimiles leaves to frame the Codex Aureus (Codex Aureus Escurialensis), ready to decorate that special corner of your home or office with...","og_url":"https:\/\/www.comprarmejor.es\/en\/product\/codex-aureus-escurialensis-leaves-s-xi\/","og_site_name":"ComprarMejor","article_modified_time":"2019-08-30T07:15:18+00:00","og_image":[{"width":473,"height":600,"url":"https:\/\/www.comprarmejor.es\/wp-content\/uploads\/2015\/12\/p_1_7_4_7_1747-Hojas-del-Codex-Aureus-Escurialensis-s.-XI.jpg","type":"image\/jpeg"}],"twitter_card":"summary_large_image","twitter_misc":{"Est. reading time":"2 minutes"},"schema":{"@context":"https:\/\/schema.org","@graph":[{"@type":"WebPage","@id":"https:\/\/www.comprarmejor.es\/en\/product\/codex-aureus-escurialensis-leaves-s-xi\/","url":"https:\/\/www.comprarmejor.es\/en\/product\/codex-aureus-escurialensis-leaves-s-xi\/","name":"Codex Aureus Escurialensis leaves, s. XI","isPartOf":{"@id":"https:\/\/www.comprarmejor.es\/en\/#website"},"primaryImageOfPage":{"@id":"https:\/\/www.comprarmejor.es\/en\/product\/codex-aureus-escurialensis-leaves-s-xi\/#primaryimage"},"image":{"@id":"https:\/\/www.comprarmejor.es\/en\/product\/codex-aureus-escurialensis-leaves-s-xi\/#primaryimage"},"thumbnailUrl":"https:\/\/www.comprarmejor.es\/wp-content\/uploads\/2015\/12\/p_1_7_4_7_1747-Hojas-del-Codex-Aureus-Escurialensis-s.-XI.jpg","datePublished":"2015-12-15T15:53:58+00:00","dateModified":"2019-08-30T07:15:18+00:00","description":"Set of 4 facsimiles leaves to frame the Codex Aureus (Codex Aureus Escurialensis), ready to decorate that special corner of your home or office with...","breadcrumb":{"@id":"https:\/\/www.comprarmejor.es\/en\/product\/codex-aureus-escurialensis-leaves-s-xi\/#breadcrumb"},"inLanguage":"en-US","potentialAction":[{"@type":"ReadAction","target":["https:\/\/www.comprarmejor.es\/en\/product\/codex-aureus-escurialensis-leaves-s-xi\/"]}]},{"@type":"ImageObject","inLanguage":"en-US","@id":"https:\/\/www.comprarmejor.es\/en\/product\/codex-aureus-escurialensis-leaves-s-xi\/#primaryimage","url":"https:\/\/www.comprarmejor.es\/wp-content\/uploads\/2015\/12\/p_1_7_4_7_1747-Hojas-del-Codex-Aureus-Escurialensis-s.-XI.jpg","contentUrl":"https:\/\/www.comprarmejor.es\/wp-content\/uploads\/2015\/12\/p_1_7_4_7_1747-Hojas-del-Codex-Aureus-Escurialensis-s.-XI.jpg","width":473,"height":600},{"@type":"BreadcrumbList","@id":"https:\/\/www.comprarmejor.es\/en\/product\/codex-aureus-escurialensis-leaves-s-xi\/#breadcrumb","itemListElement":[{"@type":"ListItem","position":1,"name":"Portada","item":"https:\/\/www.comprarmejor.es\/en\/"},{"@type":"ListItem","position":2,"name":"Shop","item":"https:\/\/www.comprarmejor.es\/en\/shop\/"},{"@type":"ListItem","position":3,"name":"Codex Aureus Escurialensis leaves, s. XI"}]},{"@type":"WebSite","@id":"https:\/\/www.comprarmejor.es\/en\/#website","url":"https:\/\/www.comprarmejor.es\/en\/","name":"ComprarMejor","description":"ComprarMejor","publisher":{"@id":"https:\/\/www.comprarmejor.es\/en\/#organization"},"potentialAction":[{"@type":"SearchAction","target":{"@type":"EntryPoint","urlTemplate":"https:\/\/www.comprarmejor.es\/en\/?s={search_term_string}"},"query-input":{"@type":"PropertyValueSpecification","valueRequired":true,"valueName":"search_term_string"}}],"inLanguage":"en-US"},{"@type":"Organization","@id":"https:\/\/www.comprarmejor.es\/en\/#organization","name":"COMPRAR MEJOR","url":"https:\/\/www.comprarmejor.es\/en\/","logo":{"@type":"ImageObject","inLanguage":"en-US","@id":"https:\/\/www.comprarmejor.es\/en\/#\/schema\/logo\/image\/","url":"https:\/\/www.comprarmejor.es\/wp-content\/uploads\/2025\/09\/comprarmejortrinidad.jpg","contentUrl":"https:\/\/www.comprarmejor.es\/wp-content\/uploads\/2025\/09\/comprarmejortrinidad.jpg","width":1022,"height":1380,"caption":"COMPRAR MEJOR"},"image":{"@id":"https:\/\/www.comprarmejor.es\/en\/#\/schema\/logo\/image\/"},"sameAs":["https:\/\/www.instagram.com\/amigosdelcodice"]}]}},"_links":{"self":[{"href":"https:\/\/www.comprarmejor.es\/en\/wp-json\/wp\/v2\/product\/50003","targetHints":{"allow":["GET"]}}],"collection":[{"href":"https:\/\/www.comprarmejor.es\/en\/wp-json\/wp\/v2\/product"}],"about":[{"href":"https:\/\/www.comprarmejor.es\/en\/wp-json\/wp\/v2\/types\/product"}],"wp:featuredmedia":[{"embeddable":true,"href":"https:\/\/www.comprarmejor.es\/en\/wp-json\/wp\/v2\/media\/49995"}],"wp:attachment":[{"href":"https:\/\/www.comprarmejor.es\/en\/wp-json\/wp\/v2\/media?parent=50003"}],"wp:term":[{"taxonomy":"product_brand","embeddable":true,"href":"https:\/\/www.comprarmejor.es\/en\/wp-json\/wp\/v2\/product_brand?post=50003"},{"taxonomy":"product_cat","embeddable":true,"href":"https:\/\/www.comprarmejor.es\/en\/wp-json\/wp\/v2\/product_cat?post=50003"},{"taxonomy":"product_tag","embeddable":true,"href":"https:\/\/www.comprarmejor.es\/en\/wp-json\/wp\/v2\/product_tag?post=50003"}],"curies":[{"name":"wp","href":"https:\/\/api.w.org\/{rel}","templated":true}]}}