{"id":50029,"date":"2015-12-15T17:32:54","date_gmt":"2015-12-15T16:32:54","guid":{"rendered":"https:\/\/www.comprarmejor.es\/producto\/from-puteoli-balneis-leaves-s-xv\/"},"modified":"2019-08-29T15:59:22","modified_gmt":"2019-08-29T13:59:22","slug":"from-puteoli-balneis-leaves-s-xv","status":"publish","type":"product","link":"https:\/\/www.comprarmejor.es\/en\/product\/from-puteoli-balneis-leaves-s-xv\/","title":{"rendered":"From Puteoli Balneis leaves, s. XV"},"content":{"rendered":"<p style=\"text-align:justify;\"><span id=\"result_box\" lang=\"en\" xml:lang=\"en\"><span title=\"Conjunto de 2 hojas facs\u00edmiles para enmarcar del C\u00f3dice De Balneis Puteoli, preparadas para decorar ese rinc\u00f3n especial de su hogar u oficina con una imagen de una obra manuscrita de m\u00e1s de 5 siglos.\">2 whole leaves to frame facsimile codex Balneis Puteoli, ready to decorate that special corner of your home or office with an image of a manuscript work of more than 5 centuries.<\/p>\n<p><\/span><span title=\"En la antig\u00fcedad, cuando los c\u00f3dices eran ejemplares manuscritos \u00fanicos, exist\u00eda una mala actitud de algunos desaprensivos que consist\u00eda en arrancar hojas o recortar ilustraciones para luego decorar sus hogares.\">In ancient times, when manuscripts codices were unique specimens, there was a bad attitude of some unscrupulous who was to detach the leaves or cut out pictures and then decorate their homes. <\/span><span title=\"Gracias a las nuevas t\u00e9cnicas de edici\u00f3n e impresi\u00f3n, con las que se reproducen con todo lujo de detalles las obras originales, hoy d\u00eda se tiene la oportunidad de poder disfrutar en nuestro hogar y sin ning\u00fan tipo de remordimientos, de un peque\u00f1o trozo de estas obras\">Thanks to the new techniques of editing and printing, with those reproduced in great detail the original works, now you have the opportunity to enjoy our home without any regrets, in a small piece of these works <\/span><span title=\"manuscritas e hist\u00f3ricas como si de una parte del original se tratara.\">manuscripts and historical as if part of the original were.<\/p>\n<p><\/span><span title=\"Este conjunto de 2 hojas complementan una carpeta informativa del c\u00f3dice original y de la obra facs\u00edmile en particular.\">This set of 2 sheets complement an information folder and the original codex facsimile particular work. <\/span><span title=\"El precio indicado corresponde a la carpeta completa.\">The indicated price is for the whole folder.<\/p>\n<p><\/span><span title=\"Las p\u00e1ginas del c\u00f3dice, editadas y fabricadas artesanalmente, con medidas de 21,5 x 30 cms., est\u00e1n adheridas por una peque\u00f1a parte en una cartulina cosida de 29,5 x 42 cms., listas para ser enmarcadas y decorar ese lugar especial de\">The pages of the manuscript, edited and handcrafted, with measures 21.5 x 30 cms., Are attached by a small part sewn on cardboard 29.5 x 42 cm., Ready to be framed and decorate that special place <\/span><span title=\"su hogar o su oficina.\">your home or your office.<\/p>\n<p><\/span><span title=\"El C\u00f3dice De Balneis Puteoli:\">The Codex Balneis Puteoli:<br \/><\/span><span title=\"Pietro da Eboli escribi\u00f3 este poema en hex\u00e1metros sobre los beneficios m\u00e9dicos de las diferentes aguas termales a principios del siglo XIII y se lo dedic\u00f3 al Emperador Federico II.\">Pietro da Eboli wrote this poem in hexameters on the medical benefits of the various hot springs in the early thirteenth century and dedicated to the Emperor Frederick II. <\/span><span title=\"Los ba\u00f1os hab\u00edan sido famosos por sus poderes curativos desde la antig\u00fcedad.\">The bathrooms were famous for their curative powers since ancient times. <\/span><span title=\"Las miniaturas est\u00e1n pintadas en las p\u00e1ginas impares y contienen representaciones v\u00edvidas de grupos de hombres y mujeres desnudos utilizando los ba\u00f1os con diversas figuras en los paisajes.\">The miniatures are painted on odd pages and contain vivid representations of groups of naked men and women using the baths with various figures in landscapes.<br \/><\/span><span title=\"El c\u00f3dice fue elaborado sobre el a\u00f1o 1470 por Virgilio Ursuleo, hermano de Pietro Ursuleo, quien parecer ser que fue el copiante del Munich Valturio.\">The codex was written about 1470 by Virgilio Ursuleo, Ursuleo brother Pietro, who seem to have been the copyist of Munich Valturio.<br \/><\/span><span title=\"Procedencia: Armas de Alfonso de Arag\u00f3n, Duque de Calabria, que ascendi\u00f3 al trono como Rey de Alfonso II de N\u00e1poles;\">Hometown: Weapons of Alfonso of Aragon, Duke of Calabria, who ascended the throne as King Alfonso II of Naples; <\/span><span title=\"legado a San Miguel de los Reyes, Valencia, por Fernando de Arag\u00f3n, Pr\u00edncipe de Taranto, 1550.\">bequest to San Miguel de los Reyes, Valencia, Fernando de Aragon, Prince of Taranto, 1550.<\/p>\n<p><\/span><span title=\"Gastos de env\u00edo por cuenta del comprador, seg\u00fan pedido y destino.\">Shipping by the buyer, upon request and destination.\u00a0<\/span><span title=\"Cons\u00faltenos cualquier duda, as\u00ed como por el facs\u00edmile que est\u00e9 buscando.\"><a class=\"btn btn-default\" href=\"http:\/\/comprarmejor.es\/en\/contact\">Ask us<\/a> any questions and by facsimile you are seeking.<\/span><\/span><\/p>\n","protected":false},"excerpt":{"rendered":"<p style=\"text-align:justify;\"><span id=\"result_box\" lang=\"en\" xml:lang=\"en\"><span title=\"Conjunto de 2 hojas facs\u00edmiles para enmarcar del C\u00f3dice De Balneis Puteoli, preparadas para decorar ese rinc\u00f3n especial de su hogar u oficina con una imagen de una obra manuscrita de m\u00e1s de 5 siglos.\">2 whole leaves to frame facsimile codex Balneis Puteoli, ready to decorate that special corner of your home or office with an image of a manuscript work of more than 5 centuries.<\/span><\/span><\/p>\n","protected":false},"featured_media":50025,"template":"","meta":[],"product_brand":[],"product_cat":[2252],"product_tag":[4065,4066,3985],"class_list":{"0":"post-50029","1":"product","2":"type-product","3":"status-publish","4":"has-post-thumbnail","6":"product_cat-facsimile-sheets","7":"product_tag-balneis-en","8":"product_tag-eboli-en","9":"product_tag-scriptorium-en","10":"product_shipping_class-from-2-to-5-kg","11":"description-off","13":"first","14":"instock","15":"taxable","16":"shipping-taxable","17":"purchasable","18":"product-type-simple"},"yoast_head":"<!-- This site is optimized with the Yoast SEO plugin v27.3 - https:\/\/yoast.com\/product\/yoast-seo-wordpress\/ -->\n<title>From Puteoli Balneis leaves, s. XV<\/title>\n<meta name=\"description\" content=\"2 whole leaves to frame facsimile codex Balneis Puteoli, ready to decorate that special corner of your home or office with an image of a manuscript work...\" \/>\n<meta name=\"robots\" content=\"index, follow, max-snippet:-1, max-image-preview:large, max-video-preview:-1\" \/>\n<link rel=\"canonical\" href=\"https:\/\/www.comprarmejor.es\/en\/product\/from-puteoli-balneis-leaves-s-xv\/\" \/>\n<meta property=\"og:locale\" content=\"en_US\" \/>\n<meta property=\"og:type\" content=\"article\" \/>\n<meta property=\"og:title\" content=\"From Puteoli Balneis leaves, s. XV\" \/>\n<meta property=\"og:description\" content=\"2 whole leaves to frame facsimile codex Balneis Puteoli, ready to decorate that special corner of your home or office with an image of a manuscript work...\" \/>\n<meta property=\"og:url\" content=\"https:\/\/www.comprarmejor.es\/en\/product\/from-puteoli-balneis-leaves-s-xv\/\" \/>\n<meta property=\"og:site_name\" content=\"ComprarMejor\" \/>\n<meta property=\"article:modified_time\" content=\"2019-08-29T13:59:22+00:00\" \/>\n<meta property=\"og:image\" content=\"https:\/\/www.comprarmejor.es\/wp-content\/uploads\/2015\/12\/p_1_7_5_9_1759-Hojas-del-De-Balneis-Puteoli-s.-XV.jpg\" \/>\n\t<meta property=\"og:image:width\" content=\"481\" \/>\n\t<meta property=\"og:image:height\" content=\"600\" \/>\n\t<meta property=\"og:image:type\" content=\"image\/jpeg\" \/>\n<meta name=\"twitter:card\" content=\"summary_large_image\" \/>\n<meta name=\"twitter:label1\" content=\"Est. reading time\" \/>\n\t<meta name=\"twitter:data1\" content=\"2 minutes\" \/>\n<script type=\"application\/ld+json\" class=\"yoast-schema-graph\">{\"@context\":\"https:\\\/\\\/schema.org\",\"@graph\":[{\"@type\":\"WebPage\",\"@id\":\"https:\\\/\\\/www.comprarmejor.es\\\/en\\\/product\\\/from-puteoli-balneis-leaves-s-xv\\\/\",\"url\":\"https:\\\/\\\/www.comprarmejor.es\\\/en\\\/product\\\/from-puteoli-balneis-leaves-s-xv\\\/\",\"name\":\"From Puteoli Balneis leaves, s. XV\",\"isPartOf\":{\"@id\":\"https:\\\/\\\/www.comprarmejor.es\\\/en\\\/#website\"},\"primaryImageOfPage\":{\"@id\":\"https:\\\/\\\/www.comprarmejor.es\\\/en\\\/product\\\/from-puteoli-balneis-leaves-s-xv\\\/#primaryimage\"},\"image\":{\"@id\":\"https:\\\/\\\/www.comprarmejor.es\\\/en\\\/product\\\/from-puteoli-balneis-leaves-s-xv\\\/#primaryimage\"},\"thumbnailUrl\":\"https:\\\/\\\/www.comprarmejor.es\\\/wp-content\\\/uploads\\\/2015\\\/12\\\/p_1_7_5_9_1759-Hojas-del-De-Balneis-Puteoli-s.-XV.jpg\",\"datePublished\":\"2015-12-15T16:32:54+00:00\",\"dateModified\":\"2019-08-29T13:59:22+00:00\",\"description\":\"2 whole leaves to frame facsimile codex Balneis Puteoli, ready to decorate that special corner of your home or office with an image of a manuscript work...\",\"breadcrumb\":{\"@id\":\"https:\\\/\\\/www.comprarmejor.es\\\/en\\\/product\\\/from-puteoli-balneis-leaves-s-xv\\\/#breadcrumb\"},\"inLanguage\":\"en-US\",\"potentialAction\":[{\"@type\":\"ReadAction\",\"target\":[\"https:\\\/\\\/www.comprarmejor.es\\\/en\\\/product\\\/from-puteoli-balneis-leaves-s-xv\\\/\"]}]},{\"@type\":\"ImageObject\",\"inLanguage\":\"en-US\",\"@id\":\"https:\\\/\\\/www.comprarmejor.es\\\/en\\\/product\\\/from-puteoli-balneis-leaves-s-xv\\\/#primaryimage\",\"url\":\"https:\\\/\\\/www.comprarmejor.es\\\/wp-content\\\/uploads\\\/2015\\\/12\\\/p_1_7_5_9_1759-Hojas-del-De-Balneis-Puteoli-s.-XV.jpg\",\"contentUrl\":\"https:\\\/\\\/www.comprarmejor.es\\\/wp-content\\\/uploads\\\/2015\\\/12\\\/p_1_7_5_9_1759-Hojas-del-De-Balneis-Puteoli-s.-XV.jpg\",\"width\":481,\"height\":600},{\"@type\":\"BreadcrumbList\",\"@id\":\"https:\\\/\\\/www.comprarmejor.es\\\/en\\\/product\\\/from-puteoli-balneis-leaves-s-xv\\\/#breadcrumb\",\"itemListElement\":[{\"@type\":\"ListItem\",\"position\":1,\"name\":\"Portada\",\"item\":\"https:\\\/\\\/www.comprarmejor.es\\\/en\\\/\"},{\"@type\":\"ListItem\",\"position\":2,\"name\":\"Shop\",\"item\":\"https:\\\/\\\/www.comprarmejor.es\\\/en\\\/shop\\\/\"},{\"@type\":\"ListItem\",\"position\":3,\"name\":\"From Puteoli Balneis leaves, s. XV\"}]},{\"@type\":\"WebSite\",\"@id\":\"https:\\\/\\\/www.comprarmejor.es\\\/en\\\/#website\",\"url\":\"https:\\\/\\\/www.comprarmejor.es\\\/en\\\/\",\"name\":\"ComprarMejor\",\"description\":\"ComprarMejor\",\"publisher\":{\"@id\":\"https:\\\/\\\/www.comprarmejor.es\\\/en\\\/#organization\"},\"potentialAction\":[{\"@type\":\"SearchAction\",\"target\":{\"@type\":\"EntryPoint\",\"urlTemplate\":\"https:\\\/\\\/www.comprarmejor.es\\\/en\\\/?s={search_term_string}\"},\"query-input\":{\"@type\":\"PropertyValueSpecification\",\"valueRequired\":true,\"valueName\":\"search_term_string\"}}],\"inLanguage\":\"en-US\"},{\"@type\":\"Organization\",\"@id\":\"https:\\\/\\\/www.comprarmejor.es\\\/en\\\/#organization\",\"name\":\"COMPRAR MEJOR\",\"url\":\"https:\\\/\\\/www.comprarmejor.es\\\/en\\\/\",\"logo\":{\"@type\":\"ImageObject\",\"inLanguage\":\"en-US\",\"@id\":\"https:\\\/\\\/www.comprarmejor.es\\\/en\\\/#\\\/schema\\\/logo\\\/image\\\/\",\"url\":\"https:\\\/\\\/www.comprarmejor.es\\\/wp-content\\\/uploads\\\/2025\\\/09\\\/comprarmejortrinidad.jpg\",\"contentUrl\":\"https:\\\/\\\/www.comprarmejor.es\\\/wp-content\\\/uploads\\\/2025\\\/09\\\/comprarmejortrinidad.jpg\",\"width\":1022,\"height\":1380,\"caption\":\"COMPRAR MEJOR\"},\"image\":{\"@id\":\"https:\\\/\\\/www.comprarmejor.es\\\/en\\\/#\\\/schema\\\/logo\\\/image\\\/\"},\"sameAs\":[\"https:\\\/\\\/www.instagram.com\\\/amigosdelcodice\"]}]}<\/script>\n<!-- \/ Yoast SEO plugin. -->","yoast_head_json":{"title":"From Puteoli Balneis leaves, s. XV","description":"2 whole leaves to frame facsimile codex Balneis Puteoli, ready to decorate that special corner of your home or office with an image of a manuscript work...","robots":{"index":"index","follow":"follow","max-snippet":"max-snippet:-1","max-image-preview":"max-image-preview:large","max-video-preview":"max-video-preview:-1"},"canonical":"https:\/\/www.comprarmejor.es\/en\/product\/from-puteoli-balneis-leaves-s-xv\/","og_locale":"en_US","og_type":"article","og_title":"From Puteoli Balneis leaves, s. XV","og_description":"2 whole leaves to frame facsimile codex Balneis Puteoli, ready to decorate that special corner of your home or office with an image of a manuscript work...","og_url":"https:\/\/www.comprarmejor.es\/en\/product\/from-puteoli-balneis-leaves-s-xv\/","og_site_name":"ComprarMejor","article_modified_time":"2019-08-29T13:59:22+00:00","og_image":[{"width":481,"height":600,"url":"https:\/\/www.comprarmejor.es\/wp-content\/uploads\/2015\/12\/p_1_7_5_9_1759-Hojas-del-De-Balneis-Puteoli-s.-XV.jpg","type":"image\/jpeg"}],"twitter_card":"summary_large_image","twitter_misc":{"Est. reading time":"2 minutes"},"schema":{"@context":"https:\/\/schema.org","@graph":[{"@type":"WebPage","@id":"https:\/\/www.comprarmejor.es\/en\/product\/from-puteoli-balneis-leaves-s-xv\/","url":"https:\/\/www.comprarmejor.es\/en\/product\/from-puteoli-balneis-leaves-s-xv\/","name":"From Puteoli Balneis leaves, s. XV","isPartOf":{"@id":"https:\/\/www.comprarmejor.es\/en\/#website"},"primaryImageOfPage":{"@id":"https:\/\/www.comprarmejor.es\/en\/product\/from-puteoli-balneis-leaves-s-xv\/#primaryimage"},"image":{"@id":"https:\/\/www.comprarmejor.es\/en\/product\/from-puteoli-balneis-leaves-s-xv\/#primaryimage"},"thumbnailUrl":"https:\/\/www.comprarmejor.es\/wp-content\/uploads\/2015\/12\/p_1_7_5_9_1759-Hojas-del-De-Balneis-Puteoli-s.-XV.jpg","datePublished":"2015-12-15T16:32:54+00:00","dateModified":"2019-08-29T13:59:22+00:00","description":"2 whole leaves to frame facsimile codex Balneis Puteoli, ready to decorate that special corner of your home or office with an image of a manuscript work...","breadcrumb":{"@id":"https:\/\/www.comprarmejor.es\/en\/product\/from-puteoli-balneis-leaves-s-xv\/#breadcrumb"},"inLanguage":"en-US","potentialAction":[{"@type":"ReadAction","target":["https:\/\/www.comprarmejor.es\/en\/product\/from-puteoli-balneis-leaves-s-xv\/"]}]},{"@type":"ImageObject","inLanguage":"en-US","@id":"https:\/\/www.comprarmejor.es\/en\/product\/from-puteoli-balneis-leaves-s-xv\/#primaryimage","url":"https:\/\/www.comprarmejor.es\/wp-content\/uploads\/2015\/12\/p_1_7_5_9_1759-Hojas-del-De-Balneis-Puteoli-s.-XV.jpg","contentUrl":"https:\/\/www.comprarmejor.es\/wp-content\/uploads\/2015\/12\/p_1_7_5_9_1759-Hojas-del-De-Balneis-Puteoli-s.-XV.jpg","width":481,"height":600},{"@type":"BreadcrumbList","@id":"https:\/\/www.comprarmejor.es\/en\/product\/from-puteoli-balneis-leaves-s-xv\/#breadcrumb","itemListElement":[{"@type":"ListItem","position":1,"name":"Portada","item":"https:\/\/www.comprarmejor.es\/en\/"},{"@type":"ListItem","position":2,"name":"Shop","item":"https:\/\/www.comprarmejor.es\/en\/shop\/"},{"@type":"ListItem","position":3,"name":"From Puteoli Balneis leaves, s. XV"}]},{"@type":"WebSite","@id":"https:\/\/www.comprarmejor.es\/en\/#website","url":"https:\/\/www.comprarmejor.es\/en\/","name":"ComprarMejor","description":"ComprarMejor","publisher":{"@id":"https:\/\/www.comprarmejor.es\/en\/#organization"},"potentialAction":[{"@type":"SearchAction","target":{"@type":"EntryPoint","urlTemplate":"https:\/\/www.comprarmejor.es\/en\/?s={search_term_string}"},"query-input":{"@type":"PropertyValueSpecification","valueRequired":true,"valueName":"search_term_string"}}],"inLanguage":"en-US"},{"@type":"Organization","@id":"https:\/\/www.comprarmejor.es\/en\/#organization","name":"COMPRAR MEJOR","url":"https:\/\/www.comprarmejor.es\/en\/","logo":{"@type":"ImageObject","inLanguage":"en-US","@id":"https:\/\/www.comprarmejor.es\/en\/#\/schema\/logo\/image\/","url":"https:\/\/www.comprarmejor.es\/wp-content\/uploads\/2025\/09\/comprarmejortrinidad.jpg","contentUrl":"https:\/\/www.comprarmejor.es\/wp-content\/uploads\/2025\/09\/comprarmejortrinidad.jpg","width":1022,"height":1380,"caption":"COMPRAR MEJOR"},"image":{"@id":"https:\/\/www.comprarmejor.es\/en\/#\/schema\/logo\/image\/"},"sameAs":["https:\/\/www.instagram.com\/amigosdelcodice"]}]}},"_links":{"self":[{"href":"https:\/\/www.comprarmejor.es\/en\/wp-json\/wp\/v2\/product\/50029","targetHints":{"allow":["GET"]}}],"collection":[{"href":"https:\/\/www.comprarmejor.es\/en\/wp-json\/wp\/v2\/product"}],"about":[{"href":"https:\/\/www.comprarmejor.es\/en\/wp-json\/wp\/v2\/types\/product"}],"wp:featuredmedia":[{"embeddable":true,"href":"https:\/\/www.comprarmejor.es\/en\/wp-json\/wp\/v2\/media\/50025"}],"wp:attachment":[{"href":"https:\/\/www.comprarmejor.es\/en\/wp-json\/wp\/v2\/media?parent=50029"}],"wp:term":[{"taxonomy":"product_brand","embeddable":true,"href":"https:\/\/www.comprarmejor.es\/en\/wp-json\/wp\/v2\/product_brand?post=50029"},{"taxonomy":"product_cat","embeddable":true,"href":"https:\/\/www.comprarmejor.es\/en\/wp-json\/wp\/v2\/product_cat?post=50029"},{"taxonomy":"product_tag","embeddable":true,"href":"https:\/\/www.comprarmejor.es\/en\/wp-json\/wp\/v2\/product_tag?post=50029"}],"curies":[{"name":"wp","href":"https:\/\/api.w.org\/{rel}","templated":true}]}}