{"id":50061,"date":"2015-12-15T17:59:58","date_gmt":"2015-12-15T16:59:58","guid":{"rendered":"https:\/\/www.comprarmejor.es\/producto\/medal-collection-of-autonomous-spain-pure-silver\/"},"modified":"2025-06-04T12:30:09","modified_gmt":"2025-06-04T10:30:09","slug":"study-book-of-the-facsimile-atlas-of-oliva-or-juan-riczo","status":"publish","type":"product","link":"https:\/\/www.comprarmejor.es\/en\/product\/study-book-of-the-facsimile-atlas-of-oliva-or-juan-riczo\/","title":{"rendered":"Study Book of the Facsimile &#8220;Atlas of Oliva or Juan Riczo&#8221;, in French"},"content":{"rendered":"<p style=\"text-align: justify;\">L&#8217;Atlas d&#8217;Oliva. This article is part of the study book that accompanies the facsimile edition of the &#8220;Atlas of Oliva or Juan Riczo&#8221; in French. Only the study book is available; the complete work can also be purchased here.<\/p>\n<p style=\"text-align: justify;\">Study by Mar\u00eda Luisa Mart\u00edn-Meras, with introduction by Francisco Morales Padr\u00f3n. Texts in French by Andr\u00e9 Labertit. Published by Testimonio in 1987 in its &#8220;Tabula Americae&#8221; collection.<\/p>\n<p style=\"text-align: justify;\">Softbound with dust jacket with flaps, 17 x 23.5 cm, 104 pages.<\/p>\n<p style=\"text-align: justify;\">Copy in perfect condition, unused.<\/p>\n<p style=\"text-align: justify;\">Shipping costs vary by order and destination. <span title=\"Cons\u00faltenos cualquier duda, as\u00ed como por el art\u00edculo que est\u00e9 buscando.\"><a class=\"btn btn-default\" href=\"https:\/\/www.comprarmejor.es\/en\/contact\/\">Consult<\/a> <span class=\"HwtZe\" lang=\"en\"><span class=\"jCAhz ChMk0b\"><span class=\"ryNqvb\">any questions, please include the item reference.<\/span><\/span><\/span><br \/>\n<\/span><\/p>\n","protected":false},"excerpt":{"rendered":"<p style=\"text-align: justify;\"><span id=\"result_box\" lang=\"en\" xml:lang=\"en\"><span class=\"HwtZe\" lang=\"en\"><span class=\"jCAhz ChMk0b\"><span class=\"ryNqvb\">This article is part of the study book that accompanies the facsimile edition of the &#8220;Atlas of Oliva or Juan Riczo.&#8221;<\/span><\/span> <span class=\"jCAhz ChMk0b\"><span class=\"ryNqvb\">Only the study book is offered; the complete work can also be purchased here.<\/span><\/span><\/span><br \/>\n<\/span><\/p>\n","protected":false},"featured_media":102715,"template":"","meta":[],"product_brand":[],"product_cat":[2246],"product_tag":[3976,4231,3999],"class_list":{"0":"post-50061","1":"product","2":"type-product","3":"status-publish","4":"has-post-thumbnail","6":"product_cat-study-books","7":"product_tag-atlas-en","8":"product_tag-oliva-en","9":"product_tag-testimonio-en","10":"product_shipping_class-from-2-to-5-kg","11":"description-off","13":"first","14":"instock","15":"taxable","16":"shipping-taxable","17":"purchasable","18":"product-type-simple"},"yoast_head":"<!-- This site is optimized with the Yoast SEO plugin v27.3 - https:\/\/yoast.com\/product\/yoast-seo-wordpress\/ -->\n<title>Study Book of the Facsimile &quot;Atlas of Oliva or Juan Riczo&quot;<\/title>\n<meta name=\"description\" content=\"This article is part of the study book that accompanies the facsimile edition of the &quot;Atlas of Oliva or Juan Riczo.&quot; Only the study book is offered,\" \/>\n<meta name=\"robots\" content=\"index, follow, max-snippet:-1, max-image-preview:large, max-video-preview:-1\" \/>\n<link rel=\"canonical\" href=\"https:\/\/www.comprarmejor.es\/en\/product\/study-book-of-the-facsimile-atlas-of-oliva-or-juan-riczo\/\" \/>\n<meta property=\"og:locale\" content=\"en_US\" \/>\n<meta property=\"og:type\" content=\"article\" \/>\n<meta property=\"og:title\" content=\"Study Book of the Facsimile &quot;Atlas of Oliva or Juan Riczo&quot;\" \/>\n<meta property=\"og:description\" content=\"This article is part of the study book that accompanies the facsimile edition of the &quot;Atlas of Oliva or Juan Riczo.&quot; Only the study book is offered,\" \/>\n<meta property=\"og:url\" content=\"https:\/\/www.comprarmejor.es\/en\/product\/study-book-of-the-facsimile-atlas-of-oliva-or-juan-riczo\/\" \/>\n<meta property=\"og:site_name\" content=\"ComprarMejor\" \/>\n<meta property=\"article:modified_time\" content=\"2025-06-04T10:30:09+00:00\" \/>\n<meta property=\"og:image\" content=\"https:\/\/www.comprarmejor.es\/wp-content\/uploads\/2015\/12\/Oliva10.jpg\" \/>\n\t<meta property=\"og:image:width\" content=\"563\" \/>\n\t<meta property=\"og:image:height\" content=\"750\" \/>\n\t<meta property=\"og:image:type\" content=\"image\/jpeg\" \/>\n<meta name=\"twitter:card\" content=\"summary_large_image\" \/>\n<meta name=\"twitter:label1\" content=\"Est. reading time\" \/>\n\t<meta name=\"twitter:data1\" content=\"1 minute\" \/>\n<script type=\"application\/ld+json\" class=\"yoast-schema-graph\">{\"@context\":\"https:\\\/\\\/schema.org\",\"@graph\":[{\"@type\":\"WebPage\",\"@id\":\"https:\\\/\\\/www.comprarmejor.es\\\/en\\\/product\\\/study-book-of-the-facsimile-atlas-of-oliva-or-juan-riczo\\\/\",\"url\":\"https:\\\/\\\/www.comprarmejor.es\\\/en\\\/product\\\/study-book-of-the-facsimile-atlas-of-oliva-or-juan-riczo\\\/\",\"name\":\"Study Book of the Facsimile \\\"Atlas of Oliva or Juan Riczo\\\"\",\"isPartOf\":{\"@id\":\"https:\\\/\\\/www.comprarmejor.es\\\/en\\\/#website\"},\"primaryImageOfPage\":{\"@id\":\"https:\\\/\\\/www.comprarmejor.es\\\/en\\\/product\\\/study-book-of-the-facsimile-atlas-of-oliva-or-juan-riczo\\\/#primaryimage\"},\"image\":{\"@id\":\"https:\\\/\\\/www.comprarmejor.es\\\/en\\\/product\\\/study-book-of-the-facsimile-atlas-of-oliva-or-juan-riczo\\\/#primaryimage\"},\"thumbnailUrl\":\"https:\\\/\\\/www.comprarmejor.es\\\/wp-content\\\/uploads\\\/2015\\\/12\\\/Oliva10.jpg\",\"datePublished\":\"2015-12-15T16:59:58+00:00\",\"dateModified\":\"2025-06-04T10:30:09+00:00\",\"description\":\"This article is part of the study book that accompanies the facsimile edition of the \\\"Atlas of Oliva or Juan Riczo.\\\" Only the study book is offered,\",\"breadcrumb\":{\"@id\":\"https:\\\/\\\/www.comprarmejor.es\\\/en\\\/product\\\/study-book-of-the-facsimile-atlas-of-oliva-or-juan-riczo\\\/#breadcrumb\"},\"inLanguage\":\"en-US\",\"potentialAction\":[{\"@type\":\"ReadAction\",\"target\":[\"https:\\\/\\\/www.comprarmejor.es\\\/en\\\/product\\\/study-book-of-the-facsimile-atlas-of-oliva-or-juan-riczo\\\/\"]}]},{\"@type\":\"ImageObject\",\"inLanguage\":\"en-US\",\"@id\":\"https:\\\/\\\/www.comprarmejor.es\\\/en\\\/product\\\/study-book-of-the-facsimile-atlas-of-oliva-or-juan-riczo\\\/#primaryimage\",\"url\":\"https:\\\/\\\/www.comprarmejor.es\\\/wp-content\\\/uploads\\\/2015\\\/12\\\/Oliva10.jpg\",\"contentUrl\":\"https:\\\/\\\/www.comprarmejor.es\\\/wp-content\\\/uploads\\\/2015\\\/12\\\/Oliva10.jpg\",\"width\":563,\"height\":750},{\"@type\":\"BreadcrumbList\",\"@id\":\"https:\\\/\\\/www.comprarmejor.es\\\/en\\\/product\\\/study-book-of-the-facsimile-atlas-of-oliva-or-juan-riczo\\\/#breadcrumb\",\"itemListElement\":[{\"@type\":\"ListItem\",\"position\":1,\"name\":\"Portada\",\"item\":\"https:\\\/\\\/www.comprarmejor.es\\\/en\\\/\"},{\"@type\":\"ListItem\",\"position\":2,\"name\":\"Shop\",\"item\":\"https:\\\/\\\/www.comprarmejor.es\\\/en\\\/shop\\\/\"},{\"@type\":\"ListItem\",\"position\":3,\"name\":\"Study Book of the Facsimile \u00abAtlas of Oliva or Juan Riczo\u00bb, in French\"}]},{\"@type\":\"WebSite\",\"@id\":\"https:\\\/\\\/www.comprarmejor.es\\\/en\\\/#website\",\"url\":\"https:\\\/\\\/www.comprarmejor.es\\\/en\\\/\",\"name\":\"ComprarMejor\",\"description\":\"ComprarMejor\",\"publisher\":{\"@id\":\"https:\\\/\\\/www.comprarmejor.es\\\/en\\\/#organization\"},\"potentialAction\":[{\"@type\":\"SearchAction\",\"target\":{\"@type\":\"EntryPoint\",\"urlTemplate\":\"https:\\\/\\\/www.comprarmejor.es\\\/en\\\/?s={search_term_string}\"},\"query-input\":{\"@type\":\"PropertyValueSpecification\",\"valueRequired\":true,\"valueName\":\"search_term_string\"}}],\"inLanguage\":\"en-US\"},{\"@type\":\"Organization\",\"@id\":\"https:\\\/\\\/www.comprarmejor.es\\\/en\\\/#organization\",\"name\":\"COMPRAR MEJOR\",\"url\":\"https:\\\/\\\/www.comprarmejor.es\\\/en\\\/\",\"logo\":{\"@type\":\"ImageObject\",\"inLanguage\":\"en-US\",\"@id\":\"https:\\\/\\\/www.comprarmejor.es\\\/en\\\/#\\\/schema\\\/logo\\\/image\\\/\",\"url\":\"https:\\\/\\\/www.comprarmejor.es\\\/wp-content\\\/uploads\\\/2025\\\/09\\\/comprarmejortrinidad.jpg\",\"contentUrl\":\"https:\\\/\\\/www.comprarmejor.es\\\/wp-content\\\/uploads\\\/2025\\\/09\\\/comprarmejortrinidad.jpg\",\"width\":1022,\"height\":1380,\"caption\":\"COMPRAR MEJOR\"},\"image\":{\"@id\":\"https:\\\/\\\/www.comprarmejor.es\\\/en\\\/#\\\/schema\\\/logo\\\/image\\\/\"},\"sameAs\":[\"https:\\\/\\\/www.instagram.com\\\/amigosdelcodice\"]}]}<\/script>\n<!-- \/ Yoast SEO plugin. -->","yoast_head_json":{"title":"Study Book of the Facsimile \"Atlas of Oliva or Juan Riczo\"","description":"This article is part of the study book that accompanies the facsimile edition of the \"Atlas of Oliva or Juan Riczo.\" Only the study book is offered,","robots":{"index":"index","follow":"follow","max-snippet":"max-snippet:-1","max-image-preview":"max-image-preview:large","max-video-preview":"max-video-preview:-1"},"canonical":"https:\/\/www.comprarmejor.es\/en\/product\/study-book-of-the-facsimile-atlas-of-oliva-or-juan-riczo\/","og_locale":"en_US","og_type":"article","og_title":"Study Book of the Facsimile \"Atlas of Oliva or Juan Riczo\"","og_description":"This article is part of the study book that accompanies the facsimile edition of the \"Atlas of Oliva or Juan Riczo.\" Only the study book is offered,","og_url":"https:\/\/www.comprarmejor.es\/en\/product\/study-book-of-the-facsimile-atlas-of-oliva-or-juan-riczo\/","og_site_name":"ComprarMejor","article_modified_time":"2025-06-04T10:30:09+00:00","og_image":[{"width":563,"height":750,"url":"https:\/\/www.comprarmejor.es\/wp-content\/uploads\/2015\/12\/Oliva10.jpg","type":"image\/jpeg"}],"twitter_card":"summary_large_image","twitter_misc":{"Est. reading time":"1 minute"},"schema":{"@context":"https:\/\/schema.org","@graph":[{"@type":"WebPage","@id":"https:\/\/www.comprarmejor.es\/en\/product\/study-book-of-the-facsimile-atlas-of-oliva-or-juan-riczo\/","url":"https:\/\/www.comprarmejor.es\/en\/product\/study-book-of-the-facsimile-atlas-of-oliva-or-juan-riczo\/","name":"Study Book of the Facsimile \"Atlas of Oliva or Juan Riczo\"","isPartOf":{"@id":"https:\/\/www.comprarmejor.es\/en\/#website"},"primaryImageOfPage":{"@id":"https:\/\/www.comprarmejor.es\/en\/product\/study-book-of-the-facsimile-atlas-of-oliva-or-juan-riczo\/#primaryimage"},"image":{"@id":"https:\/\/www.comprarmejor.es\/en\/product\/study-book-of-the-facsimile-atlas-of-oliva-or-juan-riczo\/#primaryimage"},"thumbnailUrl":"https:\/\/www.comprarmejor.es\/wp-content\/uploads\/2015\/12\/Oliva10.jpg","datePublished":"2015-12-15T16:59:58+00:00","dateModified":"2025-06-04T10:30:09+00:00","description":"This article is part of the study book that accompanies the facsimile edition of the \"Atlas of Oliva or Juan Riczo.\" Only the study book is offered,","breadcrumb":{"@id":"https:\/\/www.comprarmejor.es\/en\/product\/study-book-of-the-facsimile-atlas-of-oliva-or-juan-riczo\/#breadcrumb"},"inLanguage":"en-US","potentialAction":[{"@type":"ReadAction","target":["https:\/\/www.comprarmejor.es\/en\/product\/study-book-of-the-facsimile-atlas-of-oliva-or-juan-riczo\/"]}]},{"@type":"ImageObject","inLanguage":"en-US","@id":"https:\/\/www.comprarmejor.es\/en\/product\/study-book-of-the-facsimile-atlas-of-oliva-or-juan-riczo\/#primaryimage","url":"https:\/\/www.comprarmejor.es\/wp-content\/uploads\/2015\/12\/Oliva10.jpg","contentUrl":"https:\/\/www.comprarmejor.es\/wp-content\/uploads\/2015\/12\/Oliva10.jpg","width":563,"height":750},{"@type":"BreadcrumbList","@id":"https:\/\/www.comprarmejor.es\/en\/product\/study-book-of-the-facsimile-atlas-of-oliva-or-juan-riczo\/#breadcrumb","itemListElement":[{"@type":"ListItem","position":1,"name":"Portada","item":"https:\/\/www.comprarmejor.es\/en\/"},{"@type":"ListItem","position":2,"name":"Shop","item":"https:\/\/www.comprarmejor.es\/en\/shop\/"},{"@type":"ListItem","position":3,"name":"Study Book of the Facsimile \u00abAtlas of Oliva or Juan Riczo\u00bb, in French"}]},{"@type":"WebSite","@id":"https:\/\/www.comprarmejor.es\/en\/#website","url":"https:\/\/www.comprarmejor.es\/en\/","name":"ComprarMejor","description":"ComprarMejor","publisher":{"@id":"https:\/\/www.comprarmejor.es\/en\/#organization"},"potentialAction":[{"@type":"SearchAction","target":{"@type":"EntryPoint","urlTemplate":"https:\/\/www.comprarmejor.es\/en\/?s={search_term_string}"},"query-input":{"@type":"PropertyValueSpecification","valueRequired":true,"valueName":"search_term_string"}}],"inLanguage":"en-US"},{"@type":"Organization","@id":"https:\/\/www.comprarmejor.es\/en\/#organization","name":"COMPRAR MEJOR","url":"https:\/\/www.comprarmejor.es\/en\/","logo":{"@type":"ImageObject","inLanguage":"en-US","@id":"https:\/\/www.comprarmejor.es\/en\/#\/schema\/logo\/image\/","url":"https:\/\/www.comprarmejor.es\/wp-content\/uploads\/2025\/09\/comprarmejortrinidad.jpg","contentUrl":"https:\/\/www.comprarmejor.es\/wp-content\/uploads\/2025\/09\/comprarmejortrinidad.jpg","width":1022,"height":1380,"caption":"COMPRAR MEJOR"},"image":{"@id":"https:\/\/www.comprarmejor.es\/en\/#\/schema\/logo\/image\/"},"sameAs":["https:\/\/www.instagram.com\/amigosdelcodice"]}]}},"_links":{"self":[{"href":"https:\/\/www.comprarmejor.es\/en\/wp-json\/wp\/v2\/product\/50061","targetHints":{"allow":["GET"]}}],"collection":[{"href":"https:\/\/www.comprarmejor.es\/en\/wp-json\/wp\/v2\/product"}],"about":[{"href":"https:\/\/www.comprarmejor.es\/en\/wp-json\/wp\/v2\/types\/product"}],"wp:featuredmedia":[{"embeddable":true,"href":"https:\/\/www.comprarmejor.es\/en\/wp-json\/wp\/v2\/media\/102715"}],"wp:attachment":[{"href":"https:\/\/www.comprarmejor.es\/en\/wp-json\/wp\/v2\/media?parent=50061"}],"wp:term":[{"taxonomy":"product_brand","embeddable":true,"href":"https:\/\/www.comprarmejor.es\/en\/wp-json\/wp\/v2\/product_brand?post=50061"},{"taxonomy":"product_cat","embeddable":true,"href":"https:\/\/www.comprarmejor.es\/en\/wp-json\/wp\/v2\/product_cat?post=50061"},{"taxonomy":"product_tag","embeddable":true,"href":"https:\/\/www.comprarmejor.es\/en\/wp-json\/wp\/v2\/product_tag?post=50061"}],"curies":[{"name":"wp","href":"https:\/\/api.w.org\/{rel}","templated":true}]}}