{"id":50113,"date":"2015-12-17T11:42:19","date_gmt":"2015-12-17T10:42:19","guid":{"rendered":"https:\/\/www.comprarmejor.es\/producto\/armorial-book-of-the-brotherhood-of-the-knights-of-santiago-xiv-xvii-centuries\/"},"modified":"2023-07-14T10:28:50","modified_gmt":"2023-07-14T08:28:50","slug":"armorial-book-of-the-brotherhood-of-the-knights-of-santiago-xiv-xvii-centuries","status":"publish","type":"product","link":"https:\/\/www.comprarmejor.es\/en\/product\/armorial-book-of-the-brotherhood-of-the-knights-of-santiago-xiv-xvii-centuries\/","title":{"rendered":"Armorial Book of the Brotherhood of the Knights of Santiago, XIV-XVII centuries"},"content":{"rendered":"<p style=\"text-align: justify;\"><span id=\"result_box\" lang=\"en\" xml:lang=\"en\"><span title=\"Extraordinaria r\u00e9plica del armorial ecuestre m\u00e1s antiguo de Europa.\">Extraordinary replica of the oldest equestrian armorial Europe. <\/span><span title=\"Siglos XIV-XVII.\">XIV-XVII centuries.<\/span><\/span><\/p>\n<p style=\"text-align: justify;\"><span title=\"M\u00e1s de 300 caballeros a la jineta con sus escudos, arneses, armaduras, nombres y t\u00edtulos nobiliarios.\"><span class=\"HwtZe\" lang=\"en\"><span class=\"jCAhz ChMk0b\"><span class=\"ryNqvb\">More than 300 horsemen with their shields, harnesses, armor, names and noble titles, which also makes it ideal for heraldry scholars in general<\/span><\/span><\/span>.<\/span><\/p>\n<p style=\"text-align: justify;\"><span title=\"90 miniaturas a p\u00e1gina entera, muchas de ellas con oros y platas.\">90 full-page miniatures, many with golds and silvers.<\/span><\/p>\n<p style=\"text-align: justify;\"><span title=\"Tama\u00f1o de p\u00e1gina 27 x 37 cm.\">Page size 27 x 37 cm.<\/span><\/p>\n<p style=\"text-align: justify;\"><span title=\"Premio Nacional del Ministerio de Cultura 2001 a los libros Mejor Editados en el a\u00f1o 2000. Modalidad: Libros Facs\u00edmiles.\">The Ministry of Culture 2001 National Award for Best Edited books in 2000. Type: Books Facsimiles.<\/span><\/p>\n<p style=\"text-align: justify;\">Facsimile bound in dry embossed leather with two metal clasps, format 29.5 x 38.7 cm. Presented in a leather and fabric-lined case, format 30.5 x 39.5 x 4.5 cm.<\/p>\n<p style=\"text-align: justify;\">Hardcover study book with illustrated dust jacket, format 27 x 37.5 cm. 352 pages. Presented in a cover covered in cloth and illustrated paper, format 26.7 x 38 x 4.5 cm.<\/p>\n<p style=\"text-align: justify;\"><span title=\"Tirada limitada a 898 ejemplares numerados con acta notarial.\">Limited edition to 898 numbered copies affidavit.<\/span><\/p>\n<p style=\"text-align: justify;\"><span title=\"El Libro de los Caballeros de la Cofrad\u00eda de Santiago es una pieza rara en el sentido m\u00e1s positivo del t\u00e9rmino, de excepcional valor y belleza, que re\u00fane, en un at\u00edpico volumen, una Regla de Cofrad\u00eda y un Armorial.\">The Book of the Knights of the Brotherhood of Santiago is a rare piece in the most positive of the term, exceptional value and beauty, which brings together, in an atypical volume, a Rule of Brotherhood and Armorial sense. <\/span><span title=\"Constituye, adem\u00e1s, un documento hist\u00f3rico y sociol\u00f3gico clave para comprender determinados aspectos del \u00faltimo tramo de la Edad Media y del primero de la Edad Moderna entre los que cabalga, y nunca mejor dicho, dej\u00e1ndonos a lo largo de casi cuatro siglos un trascendental testimonio del\">Also it provides a key to understanding certain aspects of the final stretch of the Middle Ages and the first of the modern age that rides between historical and sociological document, and never better, leaving over nearly four centuries a major testimony <\/span><span title=\"quehacer cotidiano, vestimenta, armas, habilidades y costumbres de los caballeros castellanos de entonces.\">daily work, clothing, weapons, skills and habits of the Castilian knights then.<\/span><\/p>\n<p style=\"text-align: justify;\"><span title=\"En Espa\u00f1a, la Edad Media acumul\u00f3 rasgos propios.\">In Spain, the Middle Ages accumulated traits. <\/span><span title=\"Mientras el resto del continente segu\u00eda sumido en el esp\u00edritu y el ideal de las cruzadas, en la pen\u00ednsula librar\u00edamos nuestra peculiar cruzada: la Reconquista.\">While the rest of the continent was still deep in the spirit and ideal of the Crusades in the peninsula we are rid our peculiar cross: the Reconquista. <\/span><span title=\"En ella, tanto del lado musulm\u00e1n como del lado cristiano, hubo una fuerza decisiva, un protagonista de excepci\u00f3n: la caballer\u00eda.\">In it, both the Muslim side and the Christian side, there was a decisive force, a protagonist of exception: the cavalry. <\/span><span title=\"Hoy d\u00eda nos sigue fascinando aquella larga y victoriosa epopeya frente al Islam y aquel mundo heroico del caballero cristiano capaz de supeditar el reclamo materialista y el beneficio r\u00e1pido a los grandes ideales religiosos y fantas\u00edas sociales.\">Today we still fascinates the long, epic victorious against Islam and the Christian world that heroic knight able to subject the materialist claim and quick profit to the great religious ideals and social fantasies. <\/span><span title=\"Hija de ese tiempo y de esa \u00e9poca es la Cofrad\u00eda de los Caballeros de Santiago de Burgos, en cuyo seno se ir\u00e1, lenta y paulatinamente, llevando a cabo la realizaci\u00f3n de una de las joyas de la codicolog\u00eda mundial: el Libro de la Regla de\">Daughter of that time and that time is the Brotherhood of the Knights of Santiago de Burgos, within which it will go slowly and gradually, holding the realization of one of the jewels of the world codicology: the Book of Rule <\/span><span title=\"esta Cofrad\u00eda.\">this Brotherhood.<\/span><\/p>\n<p style=\"text-align: justify;\"><span title=\"Realmente podemos afirmar que si la historia de esta cofrad\u00eda es apasionante, tanto o m\u00e1s lo son los avatares del propio libro.\">We can truly say that if the history of this brotherhood is exciting, even more so are the avatars of the book itself. <\/span><span title=\"Sus or\u00edgenes se remontan al momento de la fundaci\u00f3n, 1338, en que como cualquier otra asociaci\u00f3n de este tipo la cofrad\u00eda se dotaba de unos estatutos, de una regla, a cuya fiel observancia cada nuevo miembro deb\u00eda someterse.\">Its origins date back to the time of the founding, 1338, that like any other association of such a brotherhood endowed with a status of a rule, the strict observance of each new member must submit. <\/span><span title=\"Esta regla se fijaba en un sencillo cuadernillo de pergamino que, entre sus escasas hojas, sol\u00eda contener, a lo sumo, la miniatura de una imagen sagrada para solemnizar m\u00e1s el contenido.\">This rule was set in a simple booklet parchment among his few leaves, used to contain, at most, the thumbnail of a sacred image to solemnize over the content.<\/span><\/p>\n<p style=\"text-align: justify;\"><span title=\"Pero en el caso de este maravilloso c\u00f3dice que ofrecemos, alguien tuvo la feliz idea de que los caballeros se hicieran representar montados en esos caballos encobertados, armados con esas lanzas cortas, los c\u00e9lebres bohordos o bofordos que m\u00e1s adelante dejar\u00edan paso a las espadas, con\">But in the case of this wonderful codex that offer, someone had the bright idea that the gentlemen be represented in those encobertados mounted horses, armed with those short spears, famous bofordos scapes or later leave that way to swords, <\/span><span title=\"sus escudos, y que tanto los escudos como las coberturas de los caballos deber\u00edan recoger las armas, la her\u00e1ldica de cada uno.\">shields, and both shields as hedges horses should collect arms, heraldry of each. <\/span><span title=\"Esta ocurrente idea, aparentemente sin trascendencia, ir\u00e1 transformando nuestro inicial cuadernillo en un libro excepcional, en pieza verdaderamente \u00fanica, logrando reunir, como ya apunt\u00e1bamos, una Regla de Cofrad\u00eda y un Armorial, y convirti\u00e9ndole, a pesar de los notables armoriales que desde finales\">This clever idea seemingly inconsequential, will transform our initial booklet in an exceptional book, truly unique piece, making the collection, as we noted, a Rule of Brotherhood and Armorial, and making him, in spite of the notable since late armorials <\/span><span title=\"del siglo XIV van apareciendo en Inglaterra, Francia y Borgo\u00f1a, en el c\u00f3dice m\u00e1s antiguo y rico de todos los armoriales conservados.\">the fourteenth century are appearing in England, France and Burgundy, in the oldest and richest of all armorials preserved codex.<\/span><\/p>\n<p style=\"text-align: justify;\"><span title=\"Como armorial su importancia es a\u00fan mayor si cabe.\">As armorial its importance is even greater if possible. <\/span><span title=\"Una de las peculiaridades m\u00e1s notables de nuestro c\u00f3dice es que a diferencia de pr\u00e1cticamente todos los dem\u00e1s c\u00f3dices miniados conocidos, en este concurre la circunstancia tan singular de haberse realizado, al igual que las catedrales, nada menos que a lo largo de casi cuatro siglos:\">One of the most notable features of our codex is that unlike virtually all other known illuminated manuscripts, concurs in this singular fact been carried out, like cathedrals, not least over nearly four centuries: <\/span><span title=\"desde 1338 hasta finales del siglo XVII, es decir, desde el reinado de Alfonso XI hasta el de Felipe IV.\">from 1338 until the late seventeenth century, ie since the reign of Alfonso XI to Philip IV. <\/span><span title=\"Esto le convierte en un testigo de excepci\u00f3n de la caballer\u00eda y de la sociedad de aquellos siglos.\">This makes him an exceptional witness to the cavalry and the society of those centuries.<\/span><\/p>\n<p style=\"text-align: justify;\"><span title=\"Gastos de env\u00edo por cuenta del comprador, seg\u00fan pedido y destino.\"><span class=\"HwtZe\" lang=\"en\"><span class=\"jCAhz ChMk0b\"><span class=\"ryNqvb\">Free shipping for this item<\/span><\/span><\/span>. <\/span><span title=\"Cons\u00faltenos cualquier duda, as\u00ed como por cualquier otro facs\u00edmile que est\u00e9 buscando.\"><a class=\"btn btn-default\" href=\"https:\/\/www.comprarmejor.es\/en\/contact\">Ask us<\/a> <span class=\"HwtZe\" lang=\"en\"><span class=\"jCAhz ChMk0b\"><span class=\"ryNqvb\">any questions, indicating the article reference.<\/span><\/span><\/span><br \/>\n<\/span><\/p>\n","protected":false},"excerpt":{"rendered":"<p style=\"text-align: justify;\"><span id=\"result_box\" lang=\"en\" xml:lang=\"en\"><span title=\"Extraordinaria r\u00e9plica del armorial ecuestre m\u00e1s antiguo de Europa.\">Extraordinary replica of the oldest equestrian armorial Europe. <\/span><span title=\"Siglos XIV-XVII.\">XIV-XVII centuries. <\/span><span title=\"M\u00e1s de 300 caballeros a la jineta con sus escudos, arneses, armaduras, nombres y t\u00edtulos nobiliarios.\">Over 300 Knights jineta with their shields, harnesses, armor, names and titles.<\/span><\/span><\/p>\n","protected":false},"featured_media":88887,"template":"","meta":[],"product_brand":[],"product_cat":[2250],"product_tag":[4368,4306,4206,5119],"class_list":{"0":"post-50113","1":"product","2":"type-product","3":"status-publish","4":"has-post-thumbnail","6":"product_cat-other-facsimiles","7":"product_tag-armorial-en","8":"product_tag-burgos-en","9":"product_tag-santiago-en","10":"product_tag-siloe-en","11":"description-off","13":"first","14":"instock","15":"sale","16":"taxable","17":"shipping-taxable","18":"purchasable","19":"product-type-simple"},"yoast_head":"<!-- This site is optimized with the Yoast SEO plugin v27.3 - https:\/\/yoast.com\/product\/yoast-seo-wordpress\/ -->\n<title>Book of the Brotherhood of the Knights of Santiago, XIV-XVII centur<\/title>\n<meta name=\"description\" content=\"Extraordinary replica of the oldest equestrian armorial Europe. Over 300 Knights jineta with their shields, harnesses, armor, names and titles.\" \/>\n<meta name=\"robots\" content=\"index, follow, max-snippet:-1, max-image-preview:large, max-video-preview:-1\" \/>\n<link rel=\"canonical\" href=\"https:\/\/www.comprarmejor.es\/en\/product\/armorial-book-of-the-brotherhood-of-the-knights-of-santiago-xiv-xvii-centuries\/\" \/>\n<meta property=\"og:locale\" content=\"en_US\" \/>\n<meta property=\"og:type\" content=\"article\" \/>\n<meta property=\"og:title\" content=\"Book of the Brotherhood of the Knights of Santiago, XIV-XVII centur\" \/>\n<meta property=\"og:description\" content=\"Extraordinary replica of the oldest equestrian armorial Europe. Over 300 Knights jineta with their shields, harnesses, armor, names and titles.\" \/>\n<meta property=\"og:url\" content=\"https:\/\/www.comprarmejor.es\/en\/product\/armorial-book-of-the-brotherhood-of-the-knights-of-santiago-xiv-xvii-centuries\/\" \/>\n<meta property=\"og:site_name\" content=\"ComprarMejor\" \/>\n<meta property=\"article:modified_time\" content=\"2023-07-14T08:28:50+00:00\" \/>\n<meta property=\"og:image\" content=\"https:\/\/www.comprarmejor.es\/wp-content\/uploads\/2015\/12\/DSC05686.jpg\" \/>\n\t<meta property=\"og:image:width\" content=\"768\" \/>\n\t<meta property=\"og:image:height\" content=\"576\" \/>\n\t<meta property=\"og:image:type\" content=\"image\/jpeg\" \/>\n<meta name=\"twitter:card\" content=\"summary_large_image\" \/>\n<meta name=\"twitter:label1\" content=\"Est. reading time\" \/>\n\t<meta name=\"twitter:data1\" content=\"3 minutes\" \/>\n<script type=\"application\/ld+json\" class=\"yoast-schema-graph\">{\"@context\":\"https:\\\/\\\/schema.org\",\"@graph\":[{\"@type\":\"WebPage\",\"@id\":\"https:\\\/\\\/www.comprarmejor.es\\\/en\\\/product\\\/armorial-book-of-the-brotherhood-of-the-knights-of-santiago-xiv-xvii-centuries\\\/\",\"url\":\"https:\\\/\\\/www.comprarmejor.es\\\/en\\\/product\\\/armorial-book-of-the-brotherhood-of-the-knights-of-santiago-xiv-xvii-centuries\\\/\",\"name\":\"Book of the Brotherhood of the Knights of Santiago, XIV-XVII centur\",\"isPartOf\":{\"@id\":\"https:\\\/\\\/www.comprarmejor.es\\\/en\\\/#website\"},\"primaryImageOfPage\":{\"@id\":\"https:\\\/\\\/www.comprarmejor.es\\\/en\\\/product\\\/armorial-book-of-the-brotherhood-of-the-knights-of-santiago-xiv-xvii-centuries\\\/#primaryimage\"},\"image\":{\"@id\":\"https:\\\/\\\/www.comprarmejor.es\\\/en\\\/product\\\/armorial-book-of-the-brotherhood-of-the-knights-of-santiago-xiv-xvii-centuries\\\/#primaryimage\"},\"thumbnailUrl\":\"https:\\\/\\\/www.comprarmejor.es\\\/wp-content\\\/uploads\\\/2015\\\/12\\\/DSC05686.jpg\",\"datePublished\":\"2015-12-17T10:42:19+00:00\",\"dateModified\":\"2023-07-14T08:28:50+00:00\",\"description\":\"Extraordinary replica of the oldest equestrian armorial Europe. Over 300 Knights jineta with their shields, harnesses, armor, names and titles.\",\"breadcrumb\":{\"@id\":\"https:\\\/\\\/www.comprarmejor.es\\\/en\\\/product\\\/armorial-book-of-the-brotherhood-of-the-knights-of-santiago-xiv-xvii-centuries\\\/#breadcrumb\"},\"inLanguage\":\"en-US\",\"potentialAction\":[{\"@type\":\"ReadAction\",\"target\":[\"https:\\\/\\\/www.comprarmejor.es\\\/en\\\/product\\\/armorial-book-of-the-brotherhood-of-the-knights-of-santiago-xiv-xvii-centuries\\\/\"]}]},{\"@type\":\"ImageObject\",\"inLanguage\":\"en-US\",\"@id\":\"https:\\\/\\\/www.comprarmejor.es\\\/en\\\/product\\\/armorial-book-of-the-brotherhood-of-the-knights-of-santiago-xiv-xvii-centuries\\\/#primaryimage\",\"url\":\"https:\\\/\\\/www.comprarmejor.es\\\/wp-content\\\/uploads\\\/2015\\\/12\\\/DSC05686.jpg\",\"contentUrl\":\"https:\\\/\\\/www.comprarmejor.es\\\/wp-content\\\/uploads\\\/2015\\\/12\\\/DSC05686.jpg\",\"width\":768,\"height\":576},{\"@type\":\"BreadcrumbList\",\"@id\":\"https:\\\/\\\/www.comprarmejor.es\\\/en\\\/product\\\/armorial-book-of-the-brotherhood-of-the-knights-of-santiago-xiv-xvii-centuries\\\/#breadcrumb\",\"itemListElement\":[{\"@type\":\"ListItem\",\"position\":1,\"name\":\"Portada\",\"item\":\"https:\\\/\\\/www.comprarmejor.es\\\/en\\\/\"},{\"@type\":\"ListItem\",\"position\":2,\"name\":\"Shop\",\"item\":\"https:\\\/\\\/www.comprarmejor.es\\\/en\\\/shop\\\/\"},{\"@type\":\"ListItem\",\"position\":3,\"name\":\"Armorial Book of the Brotherhood of the Knights of Santiago, XIV-XVII centuries\"}]},{\"@type\":\"WebSite\",\"@id\":\"https:\\\/\\\/www.comprarmejor.es\\\/en\\\/#website\",\"url\":\"https:\\\/\\\/www.comprarmejor.es\\\/en\\\/\",\"name\":\"ComprarMejor\",\"description\":\"ComprarMejor\",\"publisher\":{\"@id\":\"https:\\\/\\\/www.comprarmejor.es\\\/en\\\/#organization\"},\"potentialAction\":[{\"@type\":\"SearchAction\",\"target\":{\"@type\":\"EntryPoint\",\"urlTemplate\":\"https:\\\/\\\/www.comprarmejor.es\\\/en\\\/?s={search_term_string}\"},\"query-input\":{\"@type\":\"PropertyValueSpecification\",\"valueRequired\":true,\"valueName\":\"search_term_string\"}}],\"inLanguage\":\"en-US\"},{\"@type\":\"Organization\",\"@id\":\"https:\\\/\\\/www.comprarmejor.es\\\/en\\\/#organization\",\"name\":\"COMPRAR MEJOR\",\"url\":\"https:\\\/\\\/www.comprarmejor.es\\\/en\\\/\",\"logo\":{\"@type\":\"ImageObject\",\"inLanguage\":\"en-US\",\"@id\":\"https:\\\/\\\/www.comprarmejor.es\\\/en\\\/#\\\/schema\\\/logo\\\/image\\\/\",\"url\":\"https:\\\/\\\/www.comprarmejor.es\\\/wp-content\\\/uploads\\\/2025\\\/09\\\/comprarmejortrinidad.jpg\",\"contentUrl\":\"https:\\\/\\\/www.comprarmejor.es\\\/wp-content\\\/uploads\\\/2025\\\/09\\\/comprarmejortrinidad.jpg\",\"width\":1022,\"height\":1380,\"caption\":\"COMPRAR MEJOR\"},\"image\":{\"@id\":\"https:\\\/\\\/www.comprarmejor.es\\\/en\\\/#\\\/schema\\\/logo\\\/image\\\/\"},\"sameAs\":[\"https:\\\/\\\/www.instagram.com\\\/amigosdelcodice\"]}]}<\/script>\n<!-- \/ Yoast SEO plugin. -->","yoast_head_json":{"title":"Book of the Brotherhood of the Knights of Santiago, XIV-XVII centur","description":"Extraordinary replica of the oldest equestrian armorial Europe. Over 300 Knights jineta with their shields, harnesses, armor, names and titles.","robots":{"index":"index","follow":"follow","max-snippet":"max-snippet:-1","max-image-preview":"max-image-preview:large","max-video-preview":"max-video-preview:-1"},"canonical":"https:\/\/www.comprarmejor.es\/en\/product\/armorial-book-of-the-brotherhood-of-the-knights-of-santiago-xiv-xvii-centuries\/","og_locale":"en_US","og_type":"article","og_title":"Book of the Brotherhood of the Knights of Santiago, XIV-XVII centur","og_description":"Extraordinary replica of the oldest equestrian armorial Europe. Over 300 Knights jineta with their shields, harnesses, armor, names and titles.","og_url":"https:\/\/www.comprarmejor.es\/en\/product\/armorial-book-of-the-brotherhood-of-the-knights-of-santiago-xiv-xvii-centuries\/","og_site_name":"ComprarMejor","article_modified_time":"2023-07-14T08:28:50+00:00","og_image":[{"width":768,"height":576,"url":"https:\/\/www.comprarmejor.es\/wp-content\/uploads\/2015\/12\/DSC05686.jpg","type":"image\/jpeg"}],"twitter_card":"summary_large_image","twitter_misc":{"Est. reading time":"3 minutes"},"schema":{"@context":"https:\/\/schema.org","@graph":[{"@type":"WebPage","@id":"https:\/\/www.comprarmejor.es\/en\/product\/armorial-book-of-the-brotherhood-of-the-knights-of-santiago-xiv-xvii-centuries\/","url":"https:\/\/www.comprarmejor.es\/en\/product\/armorial-book-of-the-brotherhood-of-the-knights-of-santiago-xiv-xvii-centuries\/","name":"Book of the Brotherhood of the Knights of Santiago, XIV-XVII centur","isPartOf":{"@id":"https:\/\/www.comprarmejor.es\/en\/#website"},"primaryImageOfPage":{"@id":"https:\/\/www.comprarmejor.es\/en\/product\/armorial-book-of-the-brotherhood-of-the-knights-of-santiago-xiv-xvii-centuries\/#primaryimage"},"image":{"@id":"https:\/\/www.comprarmejor.es\/en\/product\/armorial-book-of-the-brotherhood-of-the-knights-of-santiago-xiv-xvii-centuries\/#primaryimage"},"thumbnailUrl":"https:\/\/www.comprarmejor.es\/wp-content\/uploads\/2015\/12\/DSC05686.jpg","datePublished":"2015-12-17T10:42:19+00:00","dateModified":"2023-07-14T08:28:50+00:00","description":"Extraordinary replica of the oldest equestrian armorial Europe. Over 300 Knights jineta with their shields, harnesses, armor, names and titles.","breadcrumb":{"@id":"https:\/\/www.comprarmejor.es\/en\/product\/armorial-book-of-the-brotherhood-of-the-knights-of-santiago-xiv-xvii-centuries\/#breadcrumb"},"inLanguage":"en-US","potentialAction":[{"@type":"ReadAction","target":["https:\/\/www.comprarmejor.es\/en\/product\/armorial-book-of-the-brotherhood-of-the-knights-of-santiago-xiv-xvii-centuries\/"]}]},{"@type":"ImageObject","inLanguage":"en-US","@id":"https:\/\/www.comprarmejor.es\/en\/product\/armorial-book-of-the-brotherhood-of-the-knights-of-santiago-xiv-xvii-centuries\/#primaryimage","url":"https:\/\/www.comprarmejor.es\/wp-content\/uploads\/2015\/12\/DSC05686.jpg","contentUrl":"https:\/\/www.comprarmejor.es\/wp-content\/uploads\/2015\/12\/DSC05686.jpg","width":768,"height":576},{"@type":"BreadcrumbList","@id":"https:\/\/www.comprarmejor.es\/en\/product\/armorial-book-of-the-brotherhood-of-the-knights-of-santiago-xiv-xvii-centuries\/#breadcrumb","itemListElement":[{"@type":"ListItem","position":1,"name":"Portada","item":"https:\/\/www.comprarmejor.es\/en\/"},{"@type":"ListItem","position":2,"name":"Shop","item":"https:\/\/www.comprarmejor.es\/en\/shop\/"},{"@type":"ListItem","position":3,"name":"Armorial Book of the Brotherhood of the Knights of Santiago, XIV-XVII centuries"}]},{"@type":"WebSite","@id":"https:\/\/www.comprarmejor.es\/en\/#website","url":"https:\/\/www.comprarmejor.es\/en\/","name":"ComprarMejor","description":"ComprarMejor","publisher":{"@id":"https:\/\/www.comprarmejor.es\/en\/#organization"},"potentialAction":[{"@type":"SearchAction","target":{"@type":"EntryPoint","urlTemplate":"https:\/\/www.comprarmejor.es\/en\/?s={search_term_string}"},"query-input":{"@type":"PropertyValueSpecification","valueRequired":true,"valueName":"search_term_string"}}],"inLanguage":"en-US"},{"@type":"Organization","@id":"https:\/\/www.comprarmejor.es\/en\/#organization","name":"COMPRAR MEJOR","url":"https:\/\/www.comprarmejor.es\/en\/","logo":{"@type":"ImageObject","inLanguage":"en-US","@id":"https:\/\/www.comprarmejor.es\/en\/#\/schema\/logo\/image\/","url":"https:\/\/www.comprarmejor.es\/wp-content\/uploads\/2025\/09\/comprarmejortrinidad.jpg","contentUrl":"https:\/\/www.comprarmejor.es\/wp-content\/uploads\/2025\/09\/comprarmejortrinidad.jpg","width":1022,"height":1380,"caption":"COMPRAR MEJOR"},"image":{"@id":"https:\/\/www.comprarmejor.es\/en\/#\/schema\/logo\/image\/"},"sameAs":["https:\/\/www.instagram.com\/amigosdelcodice"]}]}},"_links":{"self":[{"href":"https:\/\/www.comprarmejor.es\/en\/wp-json\/wp\/v2\/product\/50113","targetHints":{"allow":["GET"]}}],"collection":[{"href":"https:\/\/www.comprarmejor.es\/en\/wp-json\/wp\/v2\/product"}],"about":[{"href":"https:\/\/www.comprarmejor.es\/en\/wp-json\/wp\/v2\/types\/product"}],"wp:featuredmedia":[{"embeddable":true,"href":"https:\/\/www.comprarmejor.es\/en\/wp-json\/wp\/v2\/media\/88887"}],"wp:attachment":[{"href":"https:\/\/www.comprarmejor.es\/en\/wp-json\/wp\/v2\/media?parent=50113"}],"wp:term":[{"taxonomy":"product_brand","embeddable":true,"href":"https:\/\/www.comprarmejor.es\/en\/wp-json\/wp\/v2\/product_brand?post=50113"},{"taxonomy":"product_cat","embeddable":true,"href":"https:\/\/www.comprarmejor.es\/en\/wp-json\/wp\/v2\/product_cat?post=50113"},{"taxonomy":"product_tag","embeddable":true,"href":"https:\/\/www.comprarmejor.es\/en\/wp-json\/wp\/v2\/product_tag?post=50113"}],"curies":[{"name":"wp","href":"https:\/\/api.w.org\/{rel}","templated":true}]}}