{"id":50157,"date":"2015-12-17T18:00:08","date_gmt":"2015-12-17T17:00:08","guid":{"rendered":"https:\/\/www.comprarmejor.es\/producto\/menologion-basil-ii-985\/"},"modified":"2025-01-31T23:23:49","modified_gmt":"2025-01-31T22:23:49","slug":"menologion-basil-ii-985","status":"publish","type":"product","link":"https:\/\/www.comprarmejor.es\/en\/product\/menologion-basil-ii-985\/","title":{"rendered":"Menologion Basil II, 985 (5*)"},"content":{"rendered":"<p style=\"text-align: justify;\"><span id=\"result_box\" lang=\"en\" xml:lang=\"en\"><span title=\"El original del Menologio de Basilio II se conserva en la Biblioteca Apost\u00f3lica Vaticana.\">The original of Menologion Basil II is kept in the Vatican Library. <\/span><span title=\"Data de finales del s.\">Dating from the late s. <\/span><span title=\"X (985).\">X (985). <\/span><span title=\"S\u00f3lo se conserva uno de los dos vol\u00famenes que originariamente compon\u00edan la obra, correspondiente al primer semestre del a\u00f1o lit\u00fargico bizantino (septiembre a febrero).\">Only one of the two volumes originally composed the work for the first half of the Byzantine liturgical year (September to February) is preserved. <\/span><span title=\"Presenta 430 miniaturas distribuidas a lo largo de 223 folios de 28,5 x 36,5 cm.\">Thumbnail 430 has distributed along 223 sheets of 28.5 x 36.5 cm. <\/span><span title=\"Un despliegue en pan de oro y arte cl\u00e1sico bizantino impresionante de una enorme belleza.\">A display in gold and impressive classic Byzantine art of great beauty. <\/span><span title=\"\u00a1Un 5 estrellas en toda gran Biblioteca!\">A 5 star in every great library!<\/span><\/span><\/p>\n<p style=\"text-align: justify;\"><span title=\"El Martirologio o Menologio de Basilio II, es considerado como la m\u00e1s se\u00f1era obra de arte de los manuscritos griegos con miniaturas que han llegado hasta nosotros, y constituye un punto de referencia obligado para el estudio de la miniatura bizantina durante los siglos X y XI.\">The martyrology or Menologion Basil II, is regarded as the flagship masterpiece of Greek manuscripts with miniatures that have reached us and is an obligatory point of reference for the study of Byzantine miniature in the tenth and eleventh centuries. <\/span><span title=\"En la actualidad forma parte de la colecci\u00f3n de manuscritos griegos de la Biblioteca Apost\u00f3lica Vaticana, donde porta la signatura Vat. Gr. 1613.\">Today is part of the collection of Greek manuscripts of the Vatican Library, where the document holder Vat. Gr. 1613.<\/span><\/p>\n<p style=\"text-align: justify;\"><span title=\"Confeccionado por orden del emperador Basilio II (976-1025), representa la cumbre de la experiencia y de la s\u00edntesis de las tendencias del arte a\u00falico de Constantinopla en torno al a\u00f1o 1000. De los dos vol\u00famenes que originariamente compon\u00edan la obra, s\u00f3lo nos ha\">Made by Emperor Basil II (976-1025), represents the pinnacle of experience and synthesis of trends in court art of Constantinople around the year 1000. Of the two volumes originally composed the work, we only have <\/span><span title=\"llegado el primero, el que corresponde al primer semestre del a\u00f1o lit\u00fargico bizantino, que empieza en el mes de septiembre y llega hasta febrero.\">arrived first, which corresponds to the first half of the Byzantine liturgical year, which starts in September and goes until February.<\/span><\/p>\n<p style=\"text-align: justify;\"><span title=\"Contiene el manuscrito una redacci\u00f3n muy abreviada, preparada expresamente para \u00e9l, del libro lit\u00fargico de la iglesia griega conocido como Synarion, en el que se recogen noticias breves sobre el santo o sobre la festividad del d\u00eda para ser le\u00eddas al amanecer en el oficio mon\u00e1stico de\">It contains the manuscript a very abbreviated writing, expressly prepared for him, the liturgical book of the Greek church known as Synarion, in which brief news about the saint or the feast day are collected to be read at dawn in the monastic office of <\/span><span title=\"maitines.\">matins.<\/span><\/p>\n<p style=\"text-align: justify;\"><span title=\"En este extraordinario c\u00f3dice de lujo preparado para el \u00faltimo emperador de la dinast\u00eda macedonia, todos los textos breves dedicados a cada santo, que ocupan siempre diecis\u00e9is l\u00edneas, van acompa\u00f1ados en cada p\u00e1gina por una miniatura ilustrativa de la festividad.\">In this extraordinary luxury manuscript prepared for the last emperor of the Macedonian dynasty, all short texts devoted to each saint who always occupy sixteen lines on each page accompanied by an illustrative miniature holiday. <\/span><span title=\"El total de las miniaturas conservadas alcanza el n\u00famero de 430.\">The total preserved miniatures reaches the number of 430.<\/span><\/p>\n<p style=\"text-align: justify;\"><span title=\"Con la extraordinaria y lujosa edici\u00f3n facs\u00edmile se nos despliega ante nuestros ojos una larga serie de im\u00e1genes sacras, sobre todo retratos de santos-m\u00e1rtires, confesores, v\u00edrgenes, obispos, anacoretas, etc., hier\u00e1ticamente representados, por lo general, con elegantes fondos arquitect\u00f3nicos\">With the extraordinary and luxurious facsimile edition we unfolds before our eyes a long series of sacred images, especially portraits of saints-martyrs, confessors, virgins, bishops, hermits, etc., hieratically represented, usually with elegant architectural backgrounds <\/span><span title=\"o paisaj\u00edsticos o captados en un momento especialmente importante de su vida.\">or landscape or captured at a particularly important moment in his life. <\/span><span title=\"A las numerosas escenas de martirio, con mucho el tema preferido, se a\u00f1aden representaciones de pasajes de la Historia Sagrada o de diversas leyendas hagiogr\u00e1ficas, con escenas de milagros y apariciones o de descubrimientos y traslados de reliquias.\">The numerous scenes of martyrdom, by far the favorite topic, representations of passages of Sacred History or different hagiographic legends, with scenes of miracles and apparitions or discoveries and transfers of relics were added. <\/span><span title=\"Uno de los motivos que confieren a este manuscrito tan extraordinario valor es que -caso \u00fanico en la historia de la miniatura bizantina- junto a cada una de las ilustraciones del c\u00f3dice encontramos la indicaci\u00f3n del artista que la ha pintado.\">One reason to give this manuscript is extraordinary value that only occurrence in the history of miniature bizantina- next to each artwork codex found the indication of the artist who has painted. <\/span><span title=\"Con ello se rompe el tradicional anonimato de los miniadores griegos y nos permite estudiar las caracter\u00edsticas individuales y las orientaciones estil\u00edsticas de cada uno de los ocho artistas que participan en la empresa: Jorge, Miguel el Joven, Miguel el Blachernita, Sime\u00f3n, Sime\u00f3n el Blachernita\">This traditional Greek miniadores anonymity breaks and allows us to study the individual characteristics and stylistic orientations of each of the eight artists participating in the company: George, Michael Young, Michael the Blachernita, Simeon, Simeon Blachernita <\/span><span title=\", Mena y N\u00e9stor, capitaneados todos ellos por Pantale\u00f3n, sin duda el m\u00e1s famoso ilustrador de aquella \u00e9poca, de cuya vida y actividad tenemos tambi\u00e9n informaci\u00f3n gracias a otras fuentes coet\u00e1neas.\">Mena and Nestor, led all of them Pantaleon, arguably the most famous illustrator of the time, whose life and work have also information through other contemporary sources.<\/span><\/p>\n<p style=\"text-align: justify;\"><span title=\"Facs\u00edmile del c\u00f3dice realizado como es tradici\u00f3n en la editorial que lo confecciona, con la m\u00e1s pulcritud y fidelidad al original.\">Facsimile of the codex made as is the tradition in the editorial that manufactures it, with the neatness and fidelity to the original. <\/span><span title=\"Formato 31,5 x 37,5 cm.\">31.5 x 37.5 cm format. <\/span><span title=\"Encuadernaci\u00f3n en roja sobre tabla con marcos y broches de plata maciza de ley envejecida.\">Bound in red on wood frames and solid silver brooches aged law. <\/span><span title=\"Cinta gu\u00eda dorada.\">Golden ribbon guide. <\/span><span title=\"Peso 6,6 kgs.\">6.6 kg weight. <\/span><span title=\"Edici\u00f3n limitada a 775 ejemplares venales numerados.\">Limited edition of 775 numbered copies venal.<\/span><\/p>\n<p style=\"text-align: justify;\"><span title=\"Se acompa\u00f1a de libro estudio formato 24 x 32 cm.\">It is accompanied by book study format 24 x 32 cm. <\/span><span title=\"Peso 2,6 kgs.\">Weight 2.6 kgs.<\/span><\/p>\n<p style=\"text-align: justify;\"><span title=\"Puede ver un v\u00eddeo de esta gran obra pulsando aqu\u00ed mismo.en el siguiente enlace (copie y pegue en su navegador): http:\/\/youtu.be\/1OETORCvsxA\">You can see a video of this great work by <a href=\"http:\/\/youtu.be\/1OETORCvsxA\" target=\"_blank\" rel=\"noopener noreferrer\">clicking right here<\/a>.<\/span><\/p>\n<p style=\"text-align: justify;\"><span lang=\"en\" xml:lang=\"en\"><span title=\"Gastos de env\u00edo por cuenta del comprador, seg\u00fan pedido y destino.\"><span class=\"HwtZe\" lang=\"en\"><span class=\"jCAhz ChMk0b\"><span class=\"ryNqvb\">Free shipping for this item<\/span><\/span><\/span>. <\/span><span title=\"Cons\u00faltenos cualquier duda, as\u00ed como por cualquier otro facs\u00edmile que est\u00e9 buscando.\"><a class=\"btn btn-default\" href=\"https:\/\/www.comprarmejor.es\/en\/contact\">Ask us<\/a> a<span class=\"HwtZe\" lang=\"en\"><span class=\"jCAhz ChMk0b\"><span class=\"ryNqvb\">ny questions, indicating the item reference.<\/span><\/span><\/span><br \/>\n<\/span><\/span><\/p>\n","protected":false},"excerpt":{"rendered":"<p style=\"text-align: justify;\"><span id=\"result_box\" lang=\"en\" xml:lang=\"en\"><span title=\"Un despliegue en pan de oro y arte cl\u00e1sico bizantino impresionante de una enorme belleza.\"><span lang=\"en\" xml:lang=\"en\">This facsimile is part of the <strong>Spectacular Library<\/strong>.<br \/>\nThe original of the Menology of Basil II is preserved in the Vatican Apostolic Library. It dates from the end of the s. X (985). Only one of the two volumes that originally composed the work is conserved,<\/span><\/span><span title=\"\u00a1Un 5 estrellas en toda gran Biblioteca!\"><br \/>\n<\/span><\/span><\/p>\n","protected":false},"featured_media":50139,"template":"","meta":[],"product_brand":[],"product_cat":[2250,2200],"product_tag":[5812,3999],"class_list":{"0":"post-50157","1":"product","2":"type-product","3":"status-publish","4":"has-post-thumbnail","6":"product_cat-other-facsimiles","7":"product_cat-spectacular-library","8":"product_tag-basilio-en","9":"product_tag-testimonio-en","10":"description-off","12":"first","13":"instock","14":"taxable","15":"shipping-taxable","16":"purchasable","17":"product-type-simple"},"yoast_head":"<!-- This site is optimized with the Yoast SEO plugin v27.3 - https:\/\/yoast.com\/product\/yoast-seo-wordpress\/ -->\n<title>Menologion Basil II, 985 (5*)<\/title>\n<meta name=\"description\" content=\"The martyrology or Menologion Basil II, is regarded as the flagship masterpiece of Greek manuscripts with miniatures that have reached us and is an...\" \/>\n<meta name=\"robots\" content=\"index, follow, max-snippet:-1, max-image-preview:large, max-video-preview:-1\" \/>\n<link rel=\"canonical\" href=\"https:\/\/www.comprarmejor.es\/en\/product\/menologion-basil-ii-985\/\" \/>\n<meta property=\"og:locale\" content=\"en_US\" \/>\n<meta property=\"og:type\" content=\"article\" \/>\n<meta property=\"og:title\" content=\"Menologion Basil II, 985 (5*)\" \/>\n<meta property=\"og:description\" content=\"The martyrology or Menologion Basil II, is regarded as the flagship masterpiece of Greek manuscripts with miniatures that have reached us and is an...\" \/>\n<meta property=\"og:url\" content=\"https:\/\/www.comprarmejor.es\/en\/product\/menologion-basil-ii-985\/\" \/>\n<meta property=\"og:site_name\" content=\"ComprarMejor\" \/>\n<meta property=\"article:modified_time\" content=\"2025-01-31T22:23:49+00:00\" \/>\n<meta property=\"og:image\" content=\"https:\/\/www.comprarmejor.es\/wp-content\/uploads\/2015\/12\/p_1_8_3_9_1839-Menologio-de-Basilio-II-ano-985.jpg\" \/>\n\t<meta property=\"og:image:width\" content=\"600\" \/>\n\t<meta property=\"og:image:height\" content=\"228\" \/>\n\t<meta property=\"og:image:type\" content=\"image\/jpeg\" \/>\n<meta name=\"twitter:card\" content=\"summary_large_image\" \/>\n<meta name=\"twitter:label1\" content=\"Est. reading time\" \/>\n\t<meta name=\"twitter:data1\" content=\"3 minutes\" \/>\n<script type=\"application\/ld+json\" class=\"yoast-schema-graph\">{\"@context\":\"https:\\\/\\\/schema.org\",\"@graph\":[{\"@type\":\"WebPage\",\"@id\":\"https:\\\/\\\/www.comprarmejor.es\\\/en\\\/product\\\/menologion-basil-ii-985\\\/\",\"url\":\"https:\\\/\\\/www.comprarmejor.es\\\/en\\\/product\\\/menologion-basil-ii-985\\\/\",\"name\":\"Menologion Basil II, 985 (5*)\",\"isPartOf\":{\"@id\":\"https:\\\/\\\/www.comprarmejor.es\\\/en\\\/#website\"},\"primaryImageOfPage\":{\"@id\":\"https:\\\/\\\/www.comprarmejor.es\\\/en\\\/product\\\/menologion-basil-ii-985\\\/#primaryimage\"},\"image\":{\"@id\":\"https:\\\/\\\/www.comprarmejor.es\\\/en\\\/product\\\/menologion-basil-ii-985\\\/#primaryimage\"},\"thumbnailUrl\":\"https:\\\/\\\/www.comprarmejor.es\\\/wp-content\\\/uploads\\\/2015\\\/12\\\/p_1_8_3_9_1839-Menologio-de-Basilio-II-ano-985.jpg\",\"datePublished\":\"2015-12-17T17:00:08+00:00\",\"dateModified\":\"2025-01-31T22:23:49+00:00\",\"description\":\"The martyrology or Menologion Basil II, is regarded as the flagship masterpiece of Greek manuscripts with miniatures that have reached us and is an...\",\"breadcrumb\":{\"@id\":\"https:\\\/\\\/www.comprarmejor.es\\\/en\\\/product\\\/menologion-basil-ii-985\\\/#breadcrumb\"},\"inLanguage\":\"en-US\",\"potentialAction\":[{\"@type\":\"ReadAction\",\"target\":[\"https:\\\/\\\/www.comprarmejor.es\\\/en\\\/product\\\/menologion-basil-ii-985\\\/\"]}]},{\"@type\":\"ImageObject\",\"inLanguage\":\"en-US\",\"@id\":\"https:\\\/\\\/www.comprarmejor.es\\\/en\\\/product\\\/menologion-basil-ii-985\\\/#primaryimage\",\"url\":\"https:\\\/\\\/www.comprarmejor.es\\\/wp-content\\\/uploads\\\/2015\\\/12\\\/p_1_8_3_9_1839-Menologio-de-Basilio-II-ano-985.jpg\",\"contentUrl\":\"https:\\\/\\\/www.comprarmejor.es\\\/wp-content\\\/uploads\\\/2015\\\/12\\\/p_1_8_3_9_1839-Menologio-de-Basilio-II-ano-985.jpg\",\"width\":600,\"height\":228},{\"@type\":\"BreadcrumbList\",\"@id\":\"https:\\\/\\\/www.comprarmejor.es\\\/en\\\/product\\\/menologion-basil-ii-985\\\/#breadcrumb\",\"itemListElement\":[{\"@type\":\"ListItem\",\"position\":1,\"name\":\"Portada\",\"item\":\"https:\\\/\\\/www.comprarmejor.es\\\/en\\\/\"},{\"@type\":\"ListItem\",\"position\":2,\"name\":\"Shop\",\"item\":\"https:\\\/\\\/www.comprarmejor.es\\\/en\\\/shop\\\/\"},{\"@type\":\"ListItem\",\"position\":3,\"name\":\"Menologion Basil II, 985 (5*)\"}]},{\"@type\":\"WebSite\",\"@id\":\"https:\\\/\\\/www.comprarmejor.es\\\/en\\\/#website\",\"url\":\"https:\\\/\\\/www.comprarmejor.es\\\/en\\\/\",\"name\":\"ComprarMejor\",\"description\":\"ComprarMejor\",\"publisher\":{\"@id\":\"https:\\\/\\\/www.comprarmejor.es\\\/en\\\/#organization\"},\"potentialAction\":[{\"@type\":\"SearchAction\",\"target\":{\"@type\":\"EntryPoint\",\"urlTemplate\":\"https:\\\/\\\/www.comprarmejor.es\\\/en\\\/?s={search_term_string}\"},\"query-input\":{\"@type\":\"PropertyValueSpecification\",\"valueRequired\":true,\"valueName\":\"search_term_string\"}}],\"inLanguage\":\"en-US\"},{\"@type\":\"Organization\",\"@id\":\"https:\\\/\\\/www.comprarmejor.es\\\/en\\\/#organization\",\"name\":\"COMPRAR MEJOR\",\"url\":\"https:\\\/\\\/www.comprarmejor.es\\\/en\\\/\",\"logo\":{\"@type\":\"ImageObject\",\"inLanguage\":\"en-US\",\"@id\":\"https:\\\/\\\/www.comprarmejor.es\\\/en\\\/#\\\/schema\\\/logo\\\/image\\\/\",\"url\":\"https:\\\/\\\/www.comprarmejor.es\\\/wp-content\\\/uploads\\\/2025\\\/09\\\/comprarmejortrinidad.jpg\",\"contentUrl\":\"https:\\\/\\\/www.comprarmejor.es\\\/wp-content\\\/uploads\\\/2025\\\/09\\\/comprarmejortrinidad.jpg\",\"width\":1022,\"height\":1380,\"caption\":\"COMPRAR MEJOR\"},\"image\":{\"@id\":\"https:\\\/\\\/www.comprarmejor.es\\\/en\\\/#\\\/schema\\\/logo\\\/image\\\/\"},\"sameAs\":[\"https:\\\/\\\/www.instagram.com\\\/amigosdelcodice\"]}]}<\/script>\n<!-- \/ Yoast SEO plugin. -->","yoast_head_json":{"title":"Menologion Basil II, 985 (5*)","description":"The martyrology or Menologion Basil II, is regarded as the flagship masterpiece of Greek manuscripts with miniatures that have reached us and is an...","robots":{"index":"index","follow":"follow","max-snippet":"max-snippet:-1","max-image-preview":"max-image-preview:large","max-video-preview":"max-video-preview:-1"},"canonical":"https:\/\/www.comprarmejor.es\/en\/product\/menologion-basil-ii-985\/","og_locale":"en_US","og_type":"article","og_title":"Menologion Basil II, 985 (5*)","og_description":"The martyrology or Menologion Basil II, is regarded as the flagship masterpiece of Greek manuscripts with miniatures that have reached us and is an...","og_url":"https:\/\/www.comprarmejor.es\/en\/product\/menologion-basil-ii-985\/","og_site_name":"ComprarMejor","article_modified_time":"2025-01-31T22:23:49+00:00","og_image":[{"width":600,"height":228,"url":"https:\/\/www.comprarmejor.es\/wp-content\/uploads\/2015\/12\/p_1_8_3_9_1839-Menologio-de-Basilio-II-ano-985.jpg","type":"image\/jpeg"}],"twitter_card":"summary_large_image","twitter_misc":{"Est. reading time":"3 minutes"},"schema":{"@context":"https:\/\/schema.org","@graph":[{"@type":"WebPage","@id":"https:\/\/www.comprarmejor.es\/en\/product\/menologion-basil-ii-985\/","url":"https:\/\/www.comprarmejor.es\/en\/product\/menologion-basil-ii-985\/","name":"Menologion Basil II, 985 (5*)","isPartOf":{"@id":"https:\/\/www.comprarmejor.es\/en\/#website"},"primaryImageOfPage":{"@id":"https:\/\/www.comprarmejor.es\/en\/product\/menologion-basil-ii-985\/#primaryimage"},"image":{"@id":"https:\/\/www.comprarmejor.es\/en\/product\/menologion-basil-ii-985\/#primaryimage"},"thumbnailUrl":"https:\/\/www.comprarmejor.es\/wp-content\/uploads\/2015\/12\/p_1_8_3_9_1839-Menologio-de-Basilio-II-ano-985.jpg","datePublished":"2015-12-17T17:00:08+00:00","dateModified":"2025-01-31T22:23:49+00:00","description":"The martyrology or Menologion Basil II, is regarded as the flagship masterpiece of Greek manuscripts with miniatures that have reached us and is an...","breadcrumb":{"@id":"https:\/\/www.comprarmejor.es\/en\/product\/menologion-basil-ii-985\/#breadcrumb"},"inLanguage":"en-US","potentialAction":[{"@type":"ReadAction","target":["https:\/\/www.comprarmejor.es\/en\/product\/menologion-basil-ii-985\/"]}]},{"@type":"ImageObject","inLanguage":"en-US","@id":"https:\/\/www.comprarmejor.es\/en\/product\/menologion-basil-ii-985\/#primaryimage","url":"https:\/\/www.comprarmejor.es\/wp-content\/uploads\/2015\/12\/p_1_8_3_9_1839-Menologio-de-Basilio-II-ano-985.jpg","contentUrl":"https:\/\/www.comprarmejor.es\/wp-content\/uploads\/2015\/12\/p_1_8_3_9_1839-Menologio-de-Basilio-II-ano-985.jpg","width":600,"height":228},{"@type":"BreadcrumbList","@id":"https:\/\/www.comprarmejor.es\/en\/product\/menologion-basil-ii-985\/#breadcrumb","itemListElement":[{"@type":"ListItem","position":1,"name":"Portada","item":"https:\/\/www.comprarmejor.es\/en\/"},{"@type":"ListItem","position":2,"name":"Shop","item":"https:\/\/www.comprarmejor.es\/en\/shop\/"},{"@type":"ListItem","position":3,"name":"Menologion Basil II, 985 (5*)"}]},{"@type":"WebSite","@id":"https:\/\/www.comprarmejor.es\/en\/#website","url":"https:\/\/www.comprarmejor.es\/en\/","name":"ComprarMejor","description":"ComprarMejor","publisher":{"@id":"https:\/\/www.comprarmejor.es\/en\/#organization"},"potentialAction":[{"@type":"SearchAction","target":{"@type":"EntryPoint","urlTemplate":"https:\/\/www.comprarmejor.es\/en\/?s={search_term_string}"},"query-input":{"@type":"PropertyValueSpecification","valueRequired":true,"valueName":"search_term_string"}}],"inLanguage":"en-US"},{"@type":"Organization","@id":"https:\/\/www.comprarmejor.es\/en\/#organization","name":"COMPRAR MEJOR","url":"https:\/\/www.comprarmejor.es\/en\/","logo":{"@type":"ImageObject","inLanguage":"en-US","@id":"https:\/\/www.comprarmejor.es\/en\/#\/schema\/logo\/image\/","url":"https:\/\/www.comprarmejor.es\/wp-content\/uploads\/2025\/09\/comprarmejortrinidad.jpg","contentUrl":"https:\/\/www.comprarmejor.es\/wp-content\/uploads\/2025\/09\/comprarmejortrinidad.jpg","width":1022,"height":1380,"caption":"COMPRAR MEJOR"},"image":{"@id":"https:\/\/www.comprarmejor.es\/en\/#\/schema\/logo\/image\/"},"sameAs":["https:\/\/www.instagram.com\/amigosdelcodice"]}]}},"_links":{"self":[{"href":"https:\/\/www.comprarmejor.es\/en\/wp-json\/wp\/v2\/product\/50157","targetHints":{"allow":["GET"]}}],"collection":[{"href":"https:\/\/www.comprarmejor.es\/en\/wp-json\/wp\/v2\/product"}],"about":[{"href":"https:\/\/www.comprarmejor.es\/en\/wp-json\/wp\/v2\/types\/product"}],"wp:featuredmedia":[{"embeddable":true,"href":"https:\/\/www.comprarmejor.es\/en\/wp-json\/wp\/v2\/media\/50139"}],"wp:attachment":[{"href":"https:\/\/www.comprarmejor.es\/en\/wp-json\/wp\/v2\/media?parent=50157"}],"wp:term":[{"taxonomy":"product_brand","embeddable":true,"href":"https:\/\/www.comprarmejor.es\/en\/wp-json\/wp\/v2\/product_brand?post=50157"},{"taxonomy":"product_cat","embeddable":true,"href":"https:\/\/www.comprarmejor.es\/en\/wp-json\/wp\/v2\/product_cat?post=50157"},{"taxonomy":"product_tag","embeddable":true,"href":"https:\/\/www.comprarmejor.es\/en\/wp-json\/wp\/v2\/product_tag?post=50157"}],"curies":[{"name":"wp","href":"https:\/\/api.w.org\/{rel}","templated":true}]}}