{"id":50167,"date":"2015-12-17T18:19:55","date_gmt":"2015-12-17T17:19:55","guid":{"rendered":"https:\/\/www.comprarmejor.es\/producto\/the-book-of-treasures-c-1264-li-livres-dou-tresor\/"},"modified":"2020-09-11T18:19:23","modified_gmt":"2020-09-11T16:19:23","slug":"19-the-book-of-treasures-c-1264","status":"publish","type":"product","link":"https:\/\/www.comprarmejor.es\/en\/product\/19-the-book-of-treasures-c-1264\/","title":{"rendered":"The Book of Treasures, c. 1264 (Li livres dou Tresor)"},"content":{"rendered":"<p style=\"text-align: justify;\"><span class=\"tlid-translation translation\" lang=\"en\">Facsimile edition of the year 2000 from the Moleiro publishing house of the original manuscript that is kept in the National Library of Russia, Saint Petersburg.<\/span><\/p>\n<p style=\"text-align: justify;\">Li livres dou tresor is an encyclopedic work by Brunetto Latini (circa 1230-1294), Florentine politician, poet, historian and philosopher, teacher and friend of Dante. Written in France and in French during the author&#8217;s exile (1260-1267). It consists of three parts: the first begins with Biblical history, the history of Troy, Rome, and the Middle Ages, followed by a natural history where extensive information on astronomy and geography is collected. It also deals in detail with some species of animals and birds. The second part deals with ethics: it gathers thoughts of moralists, classical and modern, and studies the vices and virtues proper to men. The third and last part is the most original of this work, dealing with issues related to politics and the art of governing, which, according to the author, is the most important and the noblest of all sciences (time has not given the reason, quite the opposite).<\/p>\n<p style=\"text-align: justify;\">Facsimile bound in brown leather with mosaic motifs and dry carved. Format 25.5 x 34.5 cm. 298 pages with 115 thumbnails.<br \/>\nPresented in a closed leather book case, format 29 x 38 x 6.5 cm.<br \/>\nAccompanied by a monographic study book and very illustrated in color. Format 23 x 32 cm. 500 pages, hardcover with dust jacket. Texts of the bilingual study Spanish and English; Translation of the original text of the codex in Spanish.<\/p>\n<p style=\"text-align: justify;\">Complete copy and in perfect condition.<\/p>\n<p style=\"text-align: justify;\"><span title=\"Gastos de env\u00edo por cuenta del comprador, seg\u00fan pedido y destino.\">Shipping<\/span> by the buyer, upon request and destination. <span title=\"Cons\u00faltenos cualquier duda, as\u00ed como por cualquier otro facs\u00edmile que est\u00e9 buscando.\"><a class=\"btn btn-default\" href=\"https:\/\/www.comprarmejor.es\/en\/contact\">Ask us<\/a> any questions and any other fax you are looking for.<\/span><\/p>\n","protected":false},"excerpt":{"rendered":"<p style=\"text-align: justify;\"><span id=\"result_box\" lang=\"en\" xml:lang=\"en\"><span title=\"Escrito en Francia y en franc\u00e9s, durante el exilio del autor (1260-1267).\"><span class=\"tlid-translation translation\" lang=\"en\">Facsimile edition of the year 2000 from the Moleiro publishing house of the original manuscript that is kept in the National Library of Russia, Saint Petersburg.<\/span><\/span><\/span><\/p>\n","protected":false},"featured_media":50159,"template":"","meta":[],"product_brand":[],"product_cat":[2250,2220],"product_tag":[4778,4017],"class_list":{"0":"post-50167","1":"product","2":"type-product","3":"status-publish","4":"has-post-thumbnail","6":"product_cat-other-facsimiles","7":"product_cat-special-offers","8":"product_tag-latini-en-2","9":"product_tag-moleiro-en","10":"product_shipping_class-from-2-to-5-kg","11":"description-off","13":"first","14":"instock","15":"sale","16":"taxable","17":"shipping-taxable","18":"purchasable","19":"product-type-simple"},"yoast_head":"<!-- This site is optimized with the Yoast SEO plugin v27.3 - https:\/\/yoast.com\/product\/yoast-seo-wordpress\/ -->\n<title>The Book of Treasures, c. 1264 (Li livres dou Tresor)<\/title>\n<meta name=\"description\" content=\"Original preserved in the National Library of Russia, St. Petersburg. Li livres dou Tresor: encyclopedic work of Brunetto Latini\" \/>\n<meta name=\"robots\" content=\"index, follow, max-snippet:-1, max-image-preview:large, max-video-preview:-1\" \/>\n<link rel=\"canonical\" href=\"https:\/\/www.comprarmejor.es\/en\/product\/19-the-book-of-treasures-c-1264\/\" \/>\n<meta property=\"og:locale\" content=\"en_US\" \/>\n<meta property=\"og:type\" content=\"article\" \/>\n<meta property=\"og:title\" content=\"The Book of Treasures, c. 1264 (Li livres dou Tresor)\" \/>\n<meta property=\"og:description\" content=\"Original preserved in the National Library of Russia, St. Petersburg. Li livres dou Tresor: encyclopedic work of Brunetto Latini\" \/>\n<meta property=\"og:url\" content=\"https:\/\/www.comprarmejor.es\/en\/product\/19-the-book-of-treasures-c-1264\/\" \/>\n<meta property=\"og:site_name\" content=\"ComprarMejor\" \/>\n<meta property=\"article:modified_time\" content=\"2020-09-11T16:19:23+00:00\" \/>\n<meta property=\"og:image\" content=\"https:\/\/www.comprarmejor.es\/wp-content\/uploads\/2015\/12\/p_6_7_3_1_6731-El-Libro-del-Tesoro-c.-1264-Li-livres-dou-Tresor.jpg\" \/>\n\t<meta property=\"og:image:width\" content=\"599\" \/>\n\t<meta property=\"og:image:height\" content=\"370\" \/>\n\t<meta property=\"og:image:type\" content=\"image\/jpeg\" \/>\n<meta name=\"twitter:card\" content=\"summary_large_image\" \/>\n<meta name=\"twitter:label1\" content=\"Est. reading time\" \/>\n\t<meta name=\"twitter:data1\" content=\"1 minute\" \/>\n<script type=\"application\/ld+json\" class=\"yoast-schema-graph\">{\"@context\":\"https:\\\/\\\/schema.org\",\"@graph\":[{\"@type\":\"WebPage\",\"@id\":\"https:\\\/\\\/www.comprarmejor.es\\\/en\\\/product\\\/19-the-book-of-treasures-c-1264\\\/\",\"url\":\"https:\\\/\\\/www.comprarmejor.es\\\/en\\\/product\\\/19-the-book-of-treasures-c-1264\\\/\",\"name\":\"The Book of Treasures, c. 1264 (Li livres dou Tresor)\",\"isPartOf\":{\"@id\":\"https:\\\/\\\/www.comprarmejor.es\\\/en\\\/#website\"},\"primaryImageOfPage\":{\"@id\":\"https:\\\/\\\/www.comprarmejor.es\\\/en\\\/product\\\/19-the-book-of-treasures-c-1264\\\/#primaryimage\"},\"image\":{\"@id\":\"https:\\\/\\\/www.comprarmejor.es\\\/en\\\/product\\\/19-the-book-of-treasures-c-1264\\\/#primaryimage\"},\"thumbnailUrl\":\"https:\\\/\\\/www.comprarmejor.es\\\/wp-content\\\/uploads\\\/2015\\\/12\\\/p_6_7_3_1_6731-El-Libro-del-Tesoro-c.-1264-Li-livres-dou-Tresor.jpg\",\"datePublished\":\"2015-12-17T17:19:55+00:00\",\"dateModified\":\"2020-09-11T16:19:23+00:00\",\"description\":\"Original preserved in the National Library of Russia, St. Petersburg. Li livres dou Tresor: encyclopedic work of Brunetto Latini\",\"breadcrumb\":{\"@id\":\"https:\\\/\\\/www.comprarmejor.es\\\/en\\\/product\\\/19-the-book-of-treasures-c-1264\\\/#breadcrumb\"},\"inLanguage\":\"en-US\",\"potentialAction\":[{\"@type\":\"ReadAction\",\"target\":[\"https:\\\/\\\/www.comprarmejor.es\\\/en\\\/product\\\/19-the-book-of-treasures-c-1264\\\/\"]}]},{\"@type\":\"ImageObject\",\"inLanguage\":\"en-US\",\"@id\":\"https:\\\/\\\/www.comprarmejor.es\\\/en\\\/product\\\/19-the-book-of-treasures-c-1264\\\/#primaryimage\",\"url\":\"https:\\\/\\\/www.comprarmejor.es\\\/wp-content\\\/uploads\\\/2015\\\/12\\\/p_6_7_3_1_6731-El-Libro-del-Tesoro-c.-1264-Li-livres-dou-Tresor.jpg\",\"contentUrl\":\"https:\\\/\\\/www.comprarmejor.es\\\/wp-content\\\/uploads\\\/2015\\\/12\\\/p_6_7_3_1_6731-El-Libro-del-Tesoro-c.-1264-Li-livres-dou-Tresor.jpg\",\"width\":599,\"height\":370},{\"@type\":\"BreadcrumbList\",\"@id\":\"https:\\\/\\\/www.comprarmejor.es\\\/en\\\/product\\\/19-the-book-of-treasures-c-1264\\\/#breadcrumb\",\"itemListElement\":[{\"@type\":\"ListItem\",\"position\":1,\"name\":\"Portada\",\"item\":\"https:\\\/\\\/www.comprarmejor.es\\\/en\\\/\"},{\"@type\":\"ListItem\",\"position\":2,\"name\":\"Shop\",\"item\":\"https:\\\/\\\/www.comprarmejor.es\\\/en\\\/shop\\\/\"},{\"@type\":\"ListItem\",\"position\":3,\"name\":\"The Book of Treasures, c. 1264 (Li livres dou Tresor)\"}]},{\"@type\":\"WebSite\",\"@id\":\"https:\\\/\\\/www.comprarmejor.es\\\/en\\\/#website\",\"url\":\"https:\\\/\\\/www.comprarmejor.es\\\/en\\\/\",\"name\":\"ComprarMejor\",\"description\":\"ComprarMejor\",\"publisher\":{\"@id\":\"https:\\\/\\\/www.comprarmejor.es\\\/en\\\/#organization\"},\"potentialAction\":[{\"@type\":\"SearchAction\",\"target\":{\"@type\":\"EntryPoint\",\"urlTemplate\":\"https:\\\/\\\/www.comprarmejor.es\\\/en\\\/?s={search_term_string}\"},\"query-input\":{\"@type\":\"PropertyValueSpecification\",\"valueRequired\":true,\"valueName\":\"search_term_string\"}}],\"inLanguage\":\"en-US\"},{\"@type\":\"Organization\",\"@id\":\"https:\\\/\\\/www.comprarmejor.es\\\/en\\\/#organization\",\"name\":\"COMPRAR MEJOR\",\"url\":\"https:\\\/\\\/www.comprarmejor.es\\\/en\\\/\",\"logo\":{\"@type\":\"ImageObject\",\"inLanguage\":\"en-US\",\"@id\":\"https:\\\/\\\/www.comprarmejor.es\\\/en\\\/#\\\/schema\\\/logo\\\/image\\\/\",\"url\":\"https:\\\/\\\/www.comprarmejor.es\\\/wp-content\\\/uploads\\\/2025\\\/09\\\/comprarmejortrinidad.jpg\",\"contentUrl\":\"https:\\\/\\\/www.comprarmejor.es\\\/wp-content\\\/uploads\\\/2025\\\/09\\\/comprarmejortrinidad.jpg\",\"width\":1022,\"height\":1380,\"caption\":\"COMPRAR MEJOR\"},\"image\":{\"@id\":\"https:\\\/\\\/www.comprarmejor.es\\\/en\\\/#\\\/schema\\\/logo\\\/image\\\/\"},\"sameAs\":[\"https:\\\/\\\/www.instagram.com\\\/amigosdelcodice\"]}]}<\/script>\n<!-- \/ Yoast SEO plugin. -->","yoast_head_json":{"title":"The Book of Treasures, c. 1264 (Li livres dou Tresor)","description":"Original preserved in the National Library of Russia, St. Petersburg. Li livres dou Tresor: encyclopedic work of Brunetto Latini","robots":{"index":"index","follow":"follow","max-snippet":"max-snippet:-1","max-image-preview":"max-image-preview:large","max-video-preview":"max-video-preview:-1"},"canonical":"https:\/\/www.comprarmejor.es\/en\/product\/19-the-book-of-treasures-c-1264\/","og_locale":"en_US","og_type":"article","og_title":"The Book of Treasures, c. 1264 (Li livres dou Tresor)","og_description":"Original preserved in the National Library of Russia, St. Petersburg. Li livres dou Tresor: encyclopedic work of Brunetto Latini","og_url":"https:\/\/www.comprarmejor.es\/en\/product\/19-the-book-of-treasures-c-1264\/","og_site_name":"ComprarMejor","article_modified_time":"2020-09-11T16:19:23+00:00","og_image":[{"width":599,"height":370,"url":"https:\/\/www.comprarmejor.es\/wp-content\/uploads\/2015\/12\/p_6_7_3_1_6731-El-Libro-del-Tesoro-c.-1264-Li-livres-dou-Tresor.jpg","type":"image\/jpeg"}],"twitter_card":"summary_large_image","twitter_misc":{"Est. reading time":"1 minute"},"schema":{"@context":"https:\/\/schema.org","@graph":[{"@type":"WebPage","@id":"https:\/\/www.comprarmejor.es\/en\/product\/19-the-book-of-treasures-c-1264\/","url":"https:\/\/www.comprarmejor.es\/en\/product\/19-the-book-of-treasures-c-1264\/","name":"The Book of Treasures, c. 1264 (Li livres dou Tresor)","isPartOf":{"@id":"https:\/\/www.comprarmejor.es\/en\/#website"},"primaryImageOfPage":{"@id":"https:\/\/www.comprarmejor.es\/en\/product\/19-the-book-of-treasures-c-1264\/#primaryimage"},"image":{"@id":"https:\/\/www.comprarmejor.es\/en\/product\/19-the-book-of-treasures-c-1264\/#primaryimage"},"thumbnailUrl":"https:\/\/www.comprarmejor.es\/wp-content\/uploads\/2015\/12\/p_6_7_3_1_6731-El-Libro-del-Tesoro-c.-1264-Li-livres-dou-Tresor.jpg","datePublished":"2015-12-17T17:19:55+00:00","dateModified":"2020-09-11T16:19:23+00:00","description":"Original preserved in the National Library of Russia, St. Petersburg. Li livres dou Tresor: encyclopedic work of Brunetto Latini","breadcrumb":{"@id":"https:\/\/www.comprarmejor.es\/en\/product\/19-the-book-of-treasures-c-1264\/#breadcrumb"},"inLanguage":"en-US","potentialAction":[{"@type":"ReadAction","target":["https:\/\/www.comprarmejor.es\/en\/product\/19-the-book-of-treasures-c-1264\/"]}]},{"@type":"ImageObject","inLanguage":"en-US","@id":"https:\/\/www.comprarmejor.es\/en\/product\/19-the-book-of-treasures-c-1264\/#primaryimage","url":"https:\/\/www.comprarmejor.es\/wp-content\/uploads\/2015\/12\/p_6_7_3_1_6731-El-Libro-del-Tesoro-c.-1264-Li-livres-dou-Tresor.jpg","contentUrl":"https:\/\/www.comprarmejor.es\/wp-content\/uploads\/2015\/12\/p_6_7_3_1_6731-El-Libro-del-Tesoro-c.-1264-Li-livres-dou-Tresor.jpg","width":599,"height":370},{"@type":"BreadcrumbList","@id":"https:\/\/www.comprarmejor.es\/en\/product\/19-the-book-of-treasures-c-1264\/#breadcrumb","itemListElement":[{"@type":"ListItem","position":1,"name":"Portada","item":"https:\/\/www.comprarmejor.es\/en\/"},{"@type":"ListItem","position":2,"name":"Shop","item":"https:\/\/www.comprarmejor.es\/en\/shop\/"},{"@type":"ListItem","position":3,"name":"The Book of Treasures, c. 1264 (Li livres dou Tresor)"}]},{"@type":"WebSite","@id":"https:\/\/www.comprarmejor.es\/en\/#website","url":"https:\/\/www.comprarmejor.es\/en\/","name":"ComprarMejor","description":"ComprarMejor","publisher":{"@id":"https:\/\/www.comprarmejor.es\/en\/#organization"},"potentialAction":[{"@type":"SearchAction","target":{"@type":"EntryPoint","urlTemplate":"https:\/\/www.comprarmejor.es\/en\/?s={search_term_string}"},"query-input":{"@type":"PropertyValueSpecification","valueRequired":true,"valueName":"search_term_string"}}],"inLanguage":"en-US"},{"@type":"Organization","@id":"https:\/\/www.comprarmejor.es\/en\/#organization","name":"COMPRAR MEJOR","url":"https:\/\/www.comprarmejor.es\/en\/","logo":{"@type":"ImageObject","inLanguage":"en-US","@id":"https:\/\/www.comprarmejor.es\/en\/#\/schema\/logo\/image\/","url":"https:\/\/www.comprarmejor.es\/wp-content\/uploads\/2025\/09\/comprarmejortrinidad.jpg","contentUrl":"https:\/\/www.comprarmejor.es\/wp-content\/uploads\/2025\/09\/comprarmejortrinidad.jpg","width":1022,"height":1380,"caption":"COMPRAR MEJOR"},"image":{"@id":"https:\/\/www.comprarmejor.es\/en\/#\/schema\/logo\/image\/"},"sameAs":["https:\/\/www.instagram.com\/amigosdelcodice"]}]}},"_links":{"self":[{"href":"https:\/\/www.comprarmejor.es\/en\/wp-json\/wp\/v2\/product\/50167","targetHints":{"allow":["GET"]}}],"collection":[{"href":"https:\/\/www.comprarmejor.es\/en\/wp-json\/wp\/v2\/product"}],"about":[{"href":"https:\/\/www.comprarmejor.es\/en\/wp-json\/wp\/v2\/types\/product"}],"wp:featuredmedia":[{"embeddable":true,"href":"https:\/\/www.comprarmejor.es\/en\/wp-json\/wp\/v2\/media\/50159"}],"wp:attachment":[{"href":"https:\/\/www.comprarmejor.es\/en\/wp-json\/wp\/v2\/media?parent=50167"}],"wp:term":[{"taxonomy":"product_brand","embeddable":true,"href":"https:\/\/www.comprarmejor.es\/en\/wp-json\/wp\/v2\/product_brand?post=50167"},{"taxonomy":"product_cat","embeddable":true,"href":"https:\/\/www.comprarmejor.es\/en\/wp-json\/wp\/v2\/product_cat?post=50167"},{"taxonomy":"product_tag","embeddable":true,"href":"https:\/\/www.comprarmejor.es\/en\/wp-json\/wp\/v2\/product_tag?post=50167"}],"curies":[{"name":"wp","href":"https:\/\/api.w.org\/{rel}","templated":true}]}}