{"id":50181,"date":"2015-12-17T18:48:31","date_gmt":"2015-12-17T17:48:31","guid":{"rendered":"https:\/\/www.comprarmejor.es\/producto\/book-of-the-wonders-of-the-world-secrets-of-natural-history-s-xv\/"},"modified":"2023-04-19T12:05:26","modified_gmt":"2023-04-19T10:05:26","slug":"book-of-the-wonders-of-the-world-secrets-of-natural-history-s-xv","status":"publish","type":"product","link":"https:\/\/www.comprarmejor.es\/en\/product\/book-of-the-wonders-of-the-world-secrets-of-natural-history-s-xv\/","title":{"rendered":"Book of the Wonders of the World: Secrets of Natural History, s. XV"},"content":{"rendered":"<p style=\"text-align: justify;\"><span id=\"result_box\" lang=\"en\" xml:lang=\"en\"><span title=\"Uno de los m\u00e1s bellos y extra\u00f1os libros que se pueden encontrar.\">One of the most beautiful and rare books that can be found. <\/span><span title=\"Todo un deleite para aficionados y bibli\u00f3filos.\">A delight for fans and bibliophiles. <\/span><span title=\"Original elaborado en Cognac, Francia, en el siglo XV.\">Original made in Cognac, France, in the fifteenth century.<\/span><\/span><\/p>\n<p style=\"text-align: justify;\"><span title=\"Impresionante manuscrito en pergamino conservado en la Biblioteca Nacional de Francia.\">Impressive parchment manuscript preserved in the National Library of France. <\/span><span title=\"Signatura: Fran\u00e7ais 22971.\">Symbol: 22971 Fran\u00e7ais.<\/span><\/p>\n<p style=\"text-align: justify;\"><span title=\"200 p\u00e1ginas de 21 x 31 cm, con 56 fant\u00e1sticas miniaturas que recrean escenas mitol\u00f3gicas, paisajes ex\u00f3ticos y admirables figuras bot\u00e1nicas.\">200 pages 21 x 31 cm, with 56 fantastic miniatures that recreate mythological scenes, landscapes and exotic botanical admirable figures. <\/span><span title=\"Tambi\u00e9n las m\u00e1s bellas escenas cortesanas y de sociedad alternan con extra\u00f1as y delirantes composiciones fabulosas.\">Also the most beautiful courtesans and society scenes alternate with strange and crazy fabulous compositions.<\/span><\/p>\n<p style=\"text-align: justify;\"><span title=\"Encargado por Carlos de Angulema, padre del rey de Francia Francisco I, e ilustrado por uno de los grandes maestros de la miniatura medieval: Robinet Testard.\">Commissioned by Carlos de Angouleme, father of King Francis I of France, and illustrated by one of the great masters of medieval miniature: Robinet Testard.<\/span><\/p>\n<p style=\"text-align: justify;\">Extraordinary facsimile edition published at the end of 2010, limited to 898 copies, numbered and notarized. Handmade binding in blue velvet with golden fittings, format 22.5 x 33.3 cm. Presented in a beautiful carved wooden case, format 39 x 30 x 8 cm.<\/p>\n<p style=\"text-align: justify;\">Accompanied by the corresponding complementary study book, carried out with the usual quality of the Silo\u00e9 publishing house, which includes the transcription and translation into Spanish of the original text. Bound in hard cover with illustrated dust jacket, format 25 x 31 cm. Edited in Spanish version and in English version. If you do not tell us otherwise, we serve the study in Spanish.<\/p>\n<p style=\"text-align: justify;\">Copy complete and in perfect condition, new, brand new.<\/p>\n<p style=\"text-align: justify;\">Free shipping for this item<span title=\"Gastos de env\u00edo por cuenta del comprador, seg\u00fan pedido y destino.\">. <\/span><span title=\"Cons\u00faltenos cualquier duda, as\u00ed como por cualquier otro facs\u00edmile que est\u00e9 buscando.\"><a class=\"btn btn-default\" href=\"https:\/\/www.comprarmejor.es\/en\/contact\">Ask us<\/a> <span class=\"HwtZe\" lang=\"en\"><span class=\"jCAhz ChMk0b\"><span class=\"ryNqvb\">any questions, indicating the article reference.<\/span><\/span><\/span><br \/>\n<\/span><\/p>\n","protected":false},"excerpt":{"rendered":"<p style=\"text-align: justify;\"><span id=\"result_box\" lang=\"en\" xml:lang=\"en\"><span title=\"Uno de los m\u00e1s bellos y extra\u00f1os libros que se pueden encontrar.\">One of the most beautiful and rare books that can be found. <\/span><span title=\"Todo un deleite para aficionados y bibli\u00f3filos.\">A delight for fans and bibliophiles. <\/span><span title=\"Original elaborado en Cognac, Francia, en el siglo XV.\">Original made in Cognac, France, in the fifteenth century.<\/span><\/span><\/p>\n","protected":false},"featured_media":87562,"template":"","meta":[],"product_brand":[],"product_cat":[2250],"product_tag":[3975,5119,4776],"class_list":{"0":"post-50181","1":"product","2":"type-product","3":"status-publish","4":"has-post-thumbnail","6":"product_cat-other-facsimiles","7":"product_tag-bnf-en","8":"product_tag-siloe-en","9":"product_tag-testard-en","10":"description-off","12":"first","13":"instock","14":"taxable","15":"shipping-taxable","16":"purchasable","17":"product-type-simple"},"yoast_head":"<!-- This site is optimized with the Yoast SEO plugin v27.3 - https:\/\/yoast.com\/product\/yoast-seo-wordpress\/ -->\n<title>Book of the Wonders of the World: Secrets of Natural History, s. XV<\/title>\n<meta name=\"description\" content=\"One of the most beautiful and rare books that can be found. A delight for fans and bibliophiles. Original made in Cognac, France, in the fifteenth century.\" \/>\n<meta name=\"robots\" content=\"index, follow, max-snippet:-1, max-image-preview:large, max-video-preview:-1\" \/>\n<link rel=\"canonical\" href=\"https:\/\/www.comprarmejor.es\/en\/product\/book-of-the-wonders-of-the-world-secrets-of-natural-history-s-xv\/\" \/>\n<meta property=\"og:locale\" content=\"en_US\" \/>\n<meta property=\"og:type\" content=\"article\" \/>\n<meta property=\"og:title\" content=\"Book of the Wonders of the World: Secrets of Natural History, s. XV\" \/>\n<meta property=\"og:description\" content=\"One of the most beautiful and rare books that can be found. A delight for fans and bibliophiles. Original made in Cognac, France, in the fifteenth century.\" \/>\n<meta property=\"og:url\" content=\"https:\/\/www.comprarmejor.es\/en\/product\/book-of-the-wonders-of-the-world-secrets-of-natural-history-s-xv\/\" \/>\n<meta property=\"og:site_name\" content=\"ComprarMejor\" \/>\n<meta property=\"article:modified_time\" content=\"2023-04-19T10:05:26+00:00\" \/>\n<meta property=\"og:image\" content=\"https:\/\/www.comprarmejor.es\/wp-content\/uploads\/2015\/12\/DSC05406.jpg\" \/>\n\t<meta property=\"og:image:width\" content=\"718\" \/>\n\t<meta property=\"og:image:height\" content=\"576\" \/>\n\t<meta property=\"og:image:type\" content=\"image\/jpeg\" \/>\n<meta name=\"twitter:card\" content=\"summary_large_image\" \/>\n<meta name=\"twitter:label1\" content=\"Est. reading time\" \/>\n\t<meta name=\"twitter:data1\" content=\"2 minutes\" \/>\n<script type=\"application\/ld+json\" class=\"yoast-schema-graph\">{\"@context\":\"https:\\\/\\\/schema.org\",\"@graph\":[{\"@type\":\"WebPage\",\"@id\":\"https:\\\/\\\/www.comprarmejor.es\\\/en\\\/product\\\/book-of-the-wonders-of-the-world-secrets-of-natural-history-s-xv\\\/\",\"url\":\"https:\\\/\\\/www.comprarmejor.es\\\/en\\\/product\\\/book-of-the-wonders-of-the-world-secrets-of-natural-history-s-xv\\\/\",\"name\":\"Book of the Wonders of the World: Secrets of Natural History, s. XV\",\"isPartOf\":{\"@id\":\"https:\\\/\\\/www.comprarmejor.es\\\/en\\\/#website\"},\"primaryImageOfPage\":{\"@id\":\"https:\\\/\\\/www.comprarmejor.es\\\/en\\\/product\\\/book-of-the-wonders-of-the-world-secrets-of-natural-history-s-xv\\\/#primaryimage\"},\"image\":{\"@id\":\"https:\\\/\\\/www.comprarmejor.es\\\/en\\\/product\\\/book-of-the-wonders-of-the-world-secrets-of-natural-history-s-xv\\\/#primaryimage\"},\"thumbnailUrl\":\"https:\\\/\\\/www.comprarmejor.es\\\/wp-content\\\/uploads\\\/2015\\\/12\\\/DSC05406.jpg\",\"datePublished\":\"2015-12-17T17:48:31+00:00\",\"dateModified\":\"2023-04-19T10:05:26+00:00\",\"description\":\"One of the most beautiful and rare books that can be found. A delight for fans and bibliophiles. Original made in Cognac, France, in the fifteenth century.\",\"breadcrumb\":{\"@id\":\"https:\\\/\\\/www.comprarmejor.es\\\/en\\\/product\\\/book-of-the-wonders-of-the-world-secrets-of-natural-history-s-xv\\\/#breadcrumb\"},\"inLanguage\":\"en-US\",\"potentialAction\":[{\"@type\":\"ReadAction\",\"target\":[\"https:\\\/\\\/www.comprarmejor.es\\\/en\\\/product\\\/book-of-the-wonders-of-the-world-secrets-of-natural-history-s-xv\\\/\"]}]},{\"@type\":\"ImageObject\",\"inLanguage\":\"en-US\",\"@id\":\"https:\\\/\\\/www.comprarmejor.es\\\/en\\\/product\\\/book-of-the-wonders-of-the-world-secrets-of-natural-history-s-xv\\\/#primaryimage\",\"url\":\"https:\\\/\\\/www.comprarmejor.es\\\/wp-content\\\/uploads\\\/2015\\\/12\\\/DSC05406.jpg\",\"contentUrl\":\"https:\\\/\\\/www.comprarmejor.es\\\/wp-content\\\/uploads\\\/2015\\\/12\\\/DSC05406.jpg\",\"width\":718,\"height\":576},{\"@type\":\"BreadcrumbList\",\"@id\":\"https:\\\/\\\/www.comprarmejor.es\\\/en\\\/product\\\/book-of-the-wonders-of-the-world-secrets-of-natural-history-s-xv\\\/#breadcrumb\",\"itemListElement\":[{\"@type\":\"ListItem\",\"position\":1,\"name\":\"Portada\",\"item\":\"https:\\\/\\\/www.comprarmejor.es\\\/en\\\/\"},{\"@type\":\"ListItem\",\"position\":2,\"name\":\"Shop\",\"item\":\"https:\\\/\\\/www.comprarmejor.es\\\/en\\\/shop\\\/\"},{\"@type\":\"ListItem\",\"position\":3,\"name\":\"Book of the Wonders of the World: Secrets of Natural History, s. XV\"}]},{\"@type\":\"WebSite\",\"@id\":\"https:\\\/\\\/www.comprarmejor.es\\\/en\\\/#website\",\"url\":\"https:\\\/\\\/www.comprarmejor.es\\\/en\\\/\",\"name\":\"ComprarMejor\",\"description\":\"ComprarMejor\",\"publisher\":{\"@id\":\"https:\\\/\\\/www.comprarmejor.es\\\/en\\\/#organization\"},\"potentialAction\":[{\"@type\":\"SearchAction\",\"target\":{\"@type\":\"EntryPoint\",\"urlTemplate\":\"https:\\\/\\\/www.comprarmejor.es\\\/en\\\/?s={search_term_string}\"},\"query-input\":{\"@type\":\"PropertyValueSpecification\",\"valueRequired\":true,\"valueName\":\"search_term_string\"}}],\"inLanguage\":\"en-US\"},{\"@type\":\"Organization\",\"@id\":\"https:\\\/\\\/www.comprarmejor.es\\\/en\\\/#organization\",\"name\":\"COMPRAR MEJOR\",\"url\":\"https:\\\/\\\/www.comprarmejor.es\\\/en\\\/\",\"logo\":{\"@type\":\"ImageObject\",\"inLanguage\":\"en-US\",\"@id\":\"https:\\\/\\\/www.comprarmejor.es\\\/en\\\/#\\\/schema\\\/logo\\\/image\\\/\",\"url\":\"https:\\\/\\\/www.comprarmejor.es\\\/wp-content\\\/uploads\\\/2025\\\/09\\\/comprarmejortrinidad.jpg\",\"contentUrl\":\"https:\\\/\\\/www.comprarmejor.es\\\/wp-content\\\/uploads\\\/2025\\\/09\\\/comprarmejortrinidad.jpg\",\"width\":1022,\"height\":1380,\"caption\":\"COMPRAR MEJOR\"},\"image\":{\"@id\":\"https:\\\/\\\/www.comprarmejor.es\\\/en\\\/#\\\/schema\\\/logo\\\/image\\\/\"},\"sameAs\":[\"https:\\\/\\\/www.instagram.com\\\/amigosdelcodice\"]}]}<\/script>\n<!-- \/ Yoast SEO plugin. -->","yoast_head_json":{"title":"Book of the Wonders of the World: Secrets of Natural History, s. XV","description":"One of the most beautiful and rare books that can be found. A delight for fans and bibliophiles. Original made in Cognac, France, in the fifteenth century.","robots":{"index":"index","follow":"follow","max-snippet":"max-snippet:-1","max-image-preview":"max-image-preview:large","max-video-preview":"max-video-preview:-1"},"canonical":"https:\/\/www.comprarmejor.es\/en\/product\/book-of-the-wonders-of-the-world-secrets-of-natural-history-s-xv\/","og_locale":"en_US","og_type":"article","og_title":"Book of the Wonders of the World: Secrets of Natural History, s. XV","og_description":"One of the most beautiful and rare books that can be found. A delight for fans and bibliophiles. Original made in Cognac, France, in the fifteenth century.","og_url":"https:\/\/www.comprarmejor.es\/en\/product\/book-of-the-wonders-of-the-world-secrets-of-natural-history-s-xv\/","og_site_name":"ComprarMejor","article_modified_time":"2023-04-19T10:05:26+00:00","og_image":[{"width":718,"height":576,"url":"https:\/\/www.comprarmejor.es\/wp-content\/uploads\/2015\/12\/DSC05406.jpg","type":"image\/jpeg"}],"twitter_card":"summary_large_image","twitter_misc":{"Est. reading time":"2 minutes"},"schema":{"@context":"https:\/\/schema.org","@graph":[{"@type":"WebPage","@id":"https:\/\/www.comprarmejor.es\/en\/product\/book-of-the-wonders-of-the-world-secrets-of-natural-history-s-xv\/","url":"https:\/\/www.comprarmejor.es\/en\/product\/book-of-the-wonders-of-the-world-secrets-of-natural-history-s-xv\/","name":"Book of the Wonders of the World: Secrets of Natural History, s. XV","isPartOf":{"@id":"https:\/\/www.comprarmejor.es\/en\/#website"},"primaryImageOfPage":{"@id":"https:\/\/www.comprarmejor.es\/en\/product\/book-of-the-wonders-of-the-world-secrets-of-natural-history-s-xv\/#primaryimage"},"image":{"@id":"https:\/\/www.comprarmejor.es\/en\/product\/book-of-the-wonders-of-the-world-secrets-of-natural-history-s-xv\/#primaryimage"},"thumbnailUrl":"https:\/\/www.comprarmejor.es\/wp-content\/uploads\/2015\/12\/DSC05406.jpg","datePublished":"2015-12-17T17:48:31+00:00","dateModified":"2023-04-19T10:05:26+00:00","description":"One of the most beautiful and rare books that can be found. A delight for fans and bibliophiles. Original made in Cognac, France, in the fifteenth century.","breadcrumb":{"@id":"https:\/\/www.comprarmejor.es\/en\/product\/book-of-the-wonders-of-the-world-secrets-of-natural-history-s-xv\/#breadcrumb"},"inLanguage":"en-US","potentialAction":[{"@type":"ReadAction","target":["https:\/\/www.comprarmejor.es\/en\/product\/book-of-the-wonders-of-the-world-secrets-of-natural-history-s-xv\/"]}]},{"@type":"ImageObject","inLanguage":"en-US","@id":"https:\/\/www.comprarmejor.es\/en\/product\/book-of-the-wonders-of-the-world-secrets-of-natural-history-s-xv\/#primaryimage","url":"https:\/\/www.comprarmejor.es\/wp-content\/uploads\/2015\/12\/DSC05406.jpg","contentUrl":"https:\/\/www.comprarmejor.es\/wp-content\/uploads\/2015\/12\/DSC05406.jpg","width":718,"height":576},{"@type":"BreadcrumbList","@id":"https:\/\/www.comprarmejor.es\/en\/product\/book-of-the-wonders-of-the-world-secrets-of-natural-history-s-xv\/#breadcrumb","itemListElement":[{"@type":"ListItem","position":1,"name":"Portada","item":"https:\/\/www.comprarmejor.es\/en\/"},{"@type":"ListItem","position":2,"name":"Shop","item":"https:\/\/www.comprarmejor.es\/en\/shop\/"},{"@type":"ListItem","position":3,"name":"Book of the Wonders of the World: Secrets of Natural History, s. XV"}]},{"@type":"WebSite","@id":"https:\/\/www.comprarmejor.es\/en\/#website","url":"https:\/\/www.comprarmejor.es\/en\/","name":"ComprarMejor","description":"ComprarMejor","publisher":{"@id":"https:\/\/www.comprarmejor.es\/en\/#organization"},"potentialAction":[{"@type":"SearchAction","target":{"@type":"EntryPoint","urlTemplate":"https:\/\/www.comprarmejor.es\/en\/?s={search_term_string}"},"query-input":{"@type":"PropertyValueSpecification","valueRequired":true,"valueName":"search_term_string"}}],"inLanguage":"en-US"},{"@type":"Organization","@id":"https:\/\/www.comprarmejor.es\/en\/#organization","name":"COMPRAR MEJOR","url":"https:\/\/www.comprarmejor.es\/en\/","logo":{"@type":"ImageObject","inLanguage":"en-US","@id":"https:\/\/www.comprarmejor.es\/en\/#\/schema\/logo\/image\/","url":"https:\/\/www.comprarmejor.es\/wp-content\/uploads\/2025\/09\/comprarmejortrinidad.jpg","contentUrl":"https:\/\/www.comprarmejor.es\/wp-content\/uploads\/2025\/09\/comprarmejortrinidad.jpg","width":1022,"height":1380,"caption":"COMPRAR MEJOR"},"image":{"@id":"https:\/\/www.comprarmejor.es\/en\/#\/schema\/logo\/image\/"},"sameAs":["https:\/\/www.instagram.com\/amigosdelcodice"]}]}},"_links":{"self":[{"href":"https:\/\/www.comprarmejor.es\/en\/wp-json\/wp\/v2\/product\/50181","targetHints":{"allow":["GET"]}}],"collection":[{"href":"https:\/\/www.comprarmejor.es\/en\/wp-json\/wp\/v2\/product"}],"about":[{"href":"https:\/\/www.comprarmejor.es\/en\/wp-json\/wp\/v2\/types\/product"}],"wp:featuredmedia":[{"embeddable":true,"href":"https:\/\/www.comprarmejor.es\/en\/wp-json\/wp\/v2\/media\/87562"}],"wp:attachment":[{"href":"https:\/\/www.comprarmejor.es\/en\/wp-json\/wp\/v2\/media?parent=50181"}],"wp:term":[{"taxonomy":"product_brand","embeddable":true,"href":"https:\/\/www.comprarmejor.es\/en\/wp-json\/wp\/v2\/product_brand?post=50181"},{"taxonomy":"product_cat","embeddable":true,"href":"https:\/\/www.comprarmejor.es\/en\/wp-json\/wp\/v2\/product_cat?post=50181"},{"taxonomy":"product_tag","embeddable":true,"href":"https:\/\/www.comprarmejor.es\/en\/wp-json\/wp\/v2\/product_tag?post=50181"}],"curies":[{"name":"wp","href":"https:\/\/api.w.org\/{rel}","templated":true}]}}