{"id":50189,"date":"2015-12-17T23:38:14","date_gmt":"2015-12-17T22:38:14","guid":{"rendered":"https:\/\/www.comprarmejor.es\/producto\/liber-testamentorum-s-xii-cathedral-oviedo\/"},"modified":"2020-05-07T17:04:33","modified_gmt":"2020-05-07T15:04:33","slug":"liber-testamentorum-s-xii-cathedral-oviedo","status":"publish","type":"product","link":"https:\/\/www.comprarmejor.es\/en\/product\/liber-testamentorum-s-xii-cathedral-oviedo\/","title":{"rendered":"Liber Testamentorum, s. XII (Cathedral Oviedo)"},"content":{"rendered":"<p style=\"text-align: justify;\"><span id=\"result_box\" lang=\"en\" xml:lang=\"en\"><span title=\"El Liber Testamentorum (Libro de los Testamentos de la Catedral de Oviedo) est\u00e1 considerado por muchos cr\u00edticos y estudiosos de la Baja Edad Media espa\u00f1ola como el c\u00f3dice m\u00e1s bello del siglo XII.\">Testamentorum Liber (Book of Testaments of the Cathedral of Oviedo) is considered by many critics and scholars of the Middle Ages Spanish as the most beautiful codex of the twelfth century. <\/span><span title=\"Este manuscrito ofrece el gran inter\u00e9s hist\u00f3rico de ayudarnos a comprender mejor el nacimiento de Espa\u00f1a, por la informaci\u00f3n documental y social que nos ofrece sus interesantes p\u00e1ginas.\">This manuscript offers great historical interest to help us better understand the birth of Spain, by the documentary and social information that gives us the interesting pages.<\/span><\/span><\/p>\n<p style=\"text-align: justify;\"><span title=\"Se desconoce qui\u00e9n fue el miniaturista que lo elabor\u00f3.\">Who was the miniaturist who developed is unknown. <\/span><span title=\"A trav\u00e9s del legado de sus bien elaboradas p\u00e1ginas, s\u00f3lo se puede afirmar que tuvo que ser un gran artista.\">Through the legacy of his well-crafted pages, you can only say that I had to be a great artist. <\/span><span title=\"Por sus documentos, se data este c\u00f3dice entre los a\u00f1os 1109 y 1112.\">For documents, this codex is dated between 1109 and 1112.<\/span><\/p>\n<p style=\"text-align: justify;\"><span title=\"Edici\u00f3n facs\u00edmile del a\u00f1o 1994, limitada, numerada y autentificada notarialmente.\">1994 facsimile edition, limited, numbered and authenticated by a notary. <\/span><span title=\"Formato 24 x 36,5 cm con 226 p\u00e1ginas, que incluyen 17 bellas miniaturas, iniciales iluminadas y decoraciones en los m\u00e1rgenes.\">24 x 36.5 cm format with 226 pages, including 17 beautiful miniatures, illuminated initials and decorations in the margins. <\/span><span title=\"Encuadernado en piel marr\u00f3n estampada en seco y presentado en estuche en piel.\">Bound in brown leather embossed in dry and presented in leather case.<\/span><\/p>\n<p style=\"text-align: justify;\"><span title=\"Complementa la obra un gran libro estudio de 828 p\u00e1ginas a cargo de prestigiosos cient\u00edficos.\">It complements the work of a great book of 828 pages study by renowned scientists. <\/span><span title=\"Tal como se afirma en su interior: &quot;Desde muchos puntos de vista el Libro de los Testamentos es una obra extremadamente atractiva. En la historia de la miniatura ocupa un puesto central: nunca hasta entonces un cartulario, en ning\u00fan lugar de Europa, se hab\u00eda\">As stated therein: &#8220;From many viewpoints the Book of Testaments is an extremely attractive work in the history of miniature occupies a central place. Never before one notary public, anywhere in Europe, it had <\/span><span title=\"ilustrado de esta manera. [...] El Libro de los Testamentos comenz\u00f3 siendo una obra \u00fanica y nunca dej\u00f3 de ser el m\u00e1s extraordinario de los cartularios europeos rom\u00e1nicos.&quot;\">illustrated this way. [&#8230;] The Book of Testaments began as a single work and never ceased to be the most extraordinary of the Romanesque European charters. &#8220;<\/span><\/p>\n<p style=\"text-align: justify;\"><span title=\"Gastos de env\u00edo por cuenta del comprador, seg\u00fan pedido y destino.\">Shipping by the buyer, upon request and destination.\u00a0<\/span><span title=\"Cons\u00faltenos cualquier duda, as\u00ed como por cualquier otro facs\u00edmile que est\u00e9 buscando.\"><a class=\"btn btn-default\" href=\"http:\/\/comprarmejor.es\/en\/contact\">Ask us<\/a> any questions and any other fax you are looking for.<\/span><\/p>\n","protected":false},"excerpt":{"rendered":"<p style=\"text-align: justify;\"><span id=\"result_box\" lang=\"en\" xml:lang=\"en\"><span title=\"El Liber Testamentorum (Libro de los Testamentos de la Catedral de Oviedo) est\u00e1 considerado por muchos cr\u00edticos y estudiosos de la Baja Edad Media espa\u00f1ola como el c\u00f3dice m\u00e1s bello del siglo XII.\">Testamentorum Liber (Book of Testaments of the Cathedral of Oviedo) is considered by many critics and scholars of the Middle Ages Spanish as the most beautiful codex of the twelfth century. <\/span><\/span><\/p>\n","protected":false},"featured_media":50183,"template":"","meta":[],"product_brand":[],"product_cat":[2250],"product_tag":[4017,4774],"class_list":{"0":"post-50189","1":"product","2":"type-product","3":"status-publish","4":"has-post-thumbnail","6":"product_cat-other-facsimiles","7":"product_tag-moleiro-en","8":"product_tag-oviedo-en","9":"product_shipping_class-from-2-to-5-kg","10":"description-off","12":"first","13":"instock","14":"sale","15":"taxable","16":"shipping-taxable","17":"purchasable","18":"product-type-simple"},"yoast_head":"<!-- This site is optimized with the Yoast SEO plugin v27.3 - https:\/\/yoast.com\/product\/yoast-seo-wordpress\/ -->\n<title>Liber Testamentorum, s. XII (Cathedral Oviedo)<\/title>\n<meta name=\"description\" content=\"Testamentorum Liber (Book of Testaments of the Cathedral of Oviedo) is considered by many critics and scholars of the Middle Ages Spanish as the most ...\" \/>\n<meta name=\"robots\" content=\"index, follow, max-snippet:-1, max-image-preview:large, max-video-preview:-1\" \/>\n<link rel=\"canonical\" href=\"https:\/\/www.comprarmejor.es\/en\/product\/liber-testamentorum-s-xii-cathedral-oviedo\/\" \/>\n<meta property=\"og:locale\" content=\"en_US\" \/>\n<meta property=\"og:type\" content=\"article\" \/>\n<meta property=\"og:title\" content=\"Liber Testamentorum, s. XII (Cathedral Oviedo)\" \/>\n<meta property=\"og:description\" content=\"Testamentorum Liber (Book of Testaments of the Cathedral of Oviedo) is considered by many critics and scholars of the Middle Ages Spanish as the most ...\" \/>\n<meta property=\"og:url\" content=\"https:\/\/www.comprarmejor.es\/en\/product\/liber-testamentorum-s-xii-cathedral-oviedo\/\" \/>\n<meta property=\"og:site_name\" content=\"ComprarMejor\" \/>\n<meta property=\"article:modified_time\" content=\"2020-05-07T15:04:33+00:00\" \/>\n<meta property=\"og:image\" content=\"https:\/\/www.comprarmejor.es\/wp-content\/uploads\/2015\/12\/p_1_8_5_6_1856-Liber-Testamentorum-s.-XII-Catedral-de-Oviedo.jpg\" \/>\n\t<meta property=\"og:image:width\" content=\"338\" \/>\n\t<meta property=\"og:image:height\" content=\"600\" \/>\n\t<meta property=\"og:image:type\" content=\"image\/jpeg\" \/>\n<meta name=\"twitter:card\" content=\"summary_large_image\" \/>\n<meta name=\"twitter:label1\" content=\"Est. reading time\" \/>\n\t<meta name=\"twitter:data1\" content=\"1 minute\" \/>\n<script type=\"application\/ld+json\" class=\"yoast-schema-graph\">{\"@context\":\"https:\\\/\\\/schema.org\",\"@graph\":[{\"@type\":\"WebPage\",\"@id\":\"https:\\\/\\\/www.comprarmejor.es\\\/en\\\/product\\\/liber-testamentorum-s-xii-cathedral-oviedo\\\/\",\"url\":\"https:\\\/\\\/www.comprarmejor.es\\\/en\\\/product\\\/liber-testamentorum-s-xii-cathedral-oviedo\\\/\",\"name\":\"Liber Testamentorum, s. XII (Cathedral Oviedo)\",\"isPartOf\":{\"@id\":\"https:\\\/\\\/www.comprarmejor.es\\\/en\\\/#website\"},\"primaryImageOfPage\":{\"@id\":\"https:\\\/\\\/www.comprarmejor.es\\\/en\\\/product\\\/liber-testamentorum-s-xii-cathedral-oviedo\\\/#primaryimage\"},\"image\":{\"@id\":\"https:\\\/\\\/www.comprarmejor.es\\\/en\\\/product\\\/liber-testamentorum-s-xii-cathedral-oviedo\\\/#primaryimage\"},\"thumbnailUrl\":\"https:\\\/\\\/www.comprarmejor.es\\\/wp-content\\\/uploads\\\/2015\\\/12\\\/p_1_8_5_6_1856-Liber-Testamentorum-s.-XII-Catedral-de-Oviedo.jpg\",\"datePublished\":\"2015-12-17T22:38:14+00:00\",\"dateModified\":\"2020-05-07T15:04:33+00:00\",\"description\":\"Testamentorum Liber (Book of Testaments of the Cathedral of Oviedo) is considered by many critics and scholars of the Middle Ages Spanish as the most ...\",\"breadcrumb\":{\"@id\":\"https:\\\/\\\/www.comprarmejor.es\\\/en\\\/product\\\/liber-testamentorum-s-xii-cathedral-oviedo\\\/#breadcrumb\"},\"inLanguage\":\"en-US\",\"potentialAction\":[{\"@type\":\"ReadAction\",\"target\":[\"https:\\\/\\\/www.comprarmejor.es\\\/en\\\/product\\\/liber-testamentorum-s-xii-cathedral-oviedo\\\/\"]}]},{\"@type\":\"ImageObject\",\"inLanguage\":\"en-US\",\"@id\":\"https:\\\/\\\/www.comprarmejor.es\\\/en\\\/product\\\/liber-testamentorum-s-xii-cathedral-oviedo\\\/#primaryimage\",\"url\":\"https:\\\/\\\/www.comprarmejor.es\\\/wp-content\\\/uploads\\\/2015\\\/12\\\/p_1_8_5_6_1856-Liber-Testamentorum-s.-XII-Catedral-de-Oviedo.jpg\",\"contentUrl\":\"https:\\\/\\\/www.comprarmejor.es\\\/wp-content\\\/uploads\\\/2015\\\/12\\\/p_1_8_5_6_1856-Liber-Testamentorum-s.-XII-Catedral-de-Oviedo.jpg\",\"width\":338,\"height\":600},{\"@type\":\"BreadcrumbList\",\"@id\":\"https:\\\/\\\/www.comprarmejor.es\\\/en\\\/product\\\/liber-testamentorum-s-xii-cathedral-oviedo\\\/#breadcrumb\",\"itemListElement\":[{\"@type\":\"ListItem\",\"position\":1,\"name\":\"Portada\",\"item\":\"https:\\\/\\\/www.comprarmejor.es\\\/en\\\/\"},{\"@type\":\"ListItem\",\"position\":2,\"name\":\"Shop\",\"item\":\"https:\\\/\\\/www.comprarmejor.es\\\/en\\\/shop\\\/\"},{\"@type\":\"ListItem\",\"position\":3,\"name\":\"Liber Testamentorum, s. XII (Cathedral Oviedo)\"}]},{\"@type\":\"WebSite\",\"@id\":\"https:\\\/\\\/www.comprarmejor.es\\\/en\\\/#website\",\"url\":\"https:\\\/\\\/www.comprarmejor.es\\\/en\\\/\",\"name\":\"ComprarMejor\",\"description\":\"ComprarMejor\",\"publisher\":{\"@id\":\"https:\\\/\\\/www.comprarmejor.es\\\/en\\\/#organization\"},\"potentialAction\":[{\"@type\":\"SearchAction\",\"target\":{\"@type\":\"EntryPoint\",\"urlTemplate\":\"https:\\\/\\\/www.comprarmejor.es\\\/en\\\/?s={search_term_string}\"},\"query-input\":{\"@type\":\"PropertyValueSpecification\",\"valueRequired\":true,\"valueName\":\"search_term_string\"}}],\"inLanguage\":\"en-US\"},{\"@type\":\"Organization\",\"@id\":\"https:\\\/\\\/www.comprarmejor.es\\\/en\\\/#organization\",\"name\":\"COMPRAR MEJOR\",\"url\":\"https:\\\/\\\/www.comprarmejor.es\\\/en\\\/\",\"logo\":{\"@type\":\"ImageObject\",\"inLanguage\":\"en-US\",\"@id\":\"https:\\\/\\\/www.comprarmejor.es\\\/en\\\/#\\\/schema\\\/logo\\\/image\\\/\",\"url\":\"https:\\\/\\\/www.comprarmejor.es\\\/wp-content\\\/uploads\\\/2025\\\/09\\\/comprarmejortrinidad.jpg\",\"contentUrl\":\"https:\\\/\\\/www.comprarmejor.es\\\/wp-content\\\/uploads\\\/2025\\\/09\\\/comprarmejortrinidad.jpg\",\"width\":1022,\"height\":1380,\"caption\":\"COMPRAR MEJOR\"},\"image\":{\"@id\":\"https:\\\/\\\/www.comprarmejor.es\\\/en\\\/#\\\/schema\\\/logo\\\/image\\\/\"},\"sameAs\":[\"https:\\\/\\\/www.instagram.com\\\/amigosdelcodice\"]}]}<\/script>\n<!-- \/ Yoast SEO plugin. -->","yoast_head_json":{"title":"Liber Testamentorum, s. XII (Cathedral Oviedo)","description":"Testamentorum Liber (Book of Testaments of the Cathedral of Oviedo) is considered by many critics and scholars of the Middle Ages Spanish as the most ...","robots":{"index":"index","follow":"follow","max-snippet":"max-snippet:-1","max-image-preview":"max-image-preview:large","max-video-preview":"max-video-preview:-1"},"canonical":"https:\/\/www.comprarmejor.es\/en\/product\/liber-testamentorum-s-xii-cathedral-oviedo\/","og_locale":"en_US","og_type":"article","og_title":"Liber Testamentorum, s. XII (Cathedral Oviedo)","og_description":"Testamentorum Liber (Book of Testaments of the Cathedral of Oviedo) is considered by many critics and scholars of the Middle Ages Spanish as the most ...","og_url":"https:\/\/www.comprarmejor.es\/en\/product\/liber-testamentorum-s-xii-cathedral-oviedo\/","og_site_name":"ComprarMejor","article_modified_time":"2020-05-07T15:04:33+00:00","og_image":[{"width":338,"height":600,"url":"https:\/\/www.comprarmejor.es\/wp-content\/uploads\/2015\/12\/p_1_8_5_6_1856-Liber-Testamentorum-s.-XII-Catedral-de-Oviedo.jpg","type":"image\/jpeg"}],"twitter_card":"summary_large_image","twitter_misc":{"Est. reading time":"1 minute"},"schema":{"@context":"https:\/\/schema.org","@graph":[{"@type":"WebPage","@id":"https:\/\/www.comprarmejor.es\/en\/product\/liber-testamentorum-s-xii-cathedral-oviedo\/","url":"https:\/\/www.comprarmejor.es\/en\/product\/liber-testamentorum-s-xii-cathedral-oviedo\/","name":"Liber Testamentorum, s. XII (Cathedral Oviedo)","isPartOf":{"@id":"https:\/\/www.comprarmejor.es\/en\/#website"},"primaryImageOfPage":{"@id":"https:\/\/www.comprarmejor.es\/en\/product\/liber-testamentorum-s-xii-cathedral-oviedo\/#primaryimage"},"image":{"@id":"https:\/\/www.comprarmejor.es\/en\/product\/liber-testamentorum-s-xii-cathedral-oviedo\/#primaryimage"},"thumbnailUrl":"https:\/\/www.comprarmejor.es\/wp-content\/uploads\/2015\/12\/p_1_8_5_6_1856-Liber-Testamentorum-s.-XII-Catedral-de-Oviedo.jpg","datePublished":"2015-12-17T22:38:14+00:00","dateModified":"2020-05-07T15:04:33+00:00","description":"Testamentorum Liber (Book of Testaments of the Cathedral of Oviedo) is considered by many critics and scholars of the Middle Ages Spanish as the most ...","breadcrumb":{"@id":"https:\/\/www.comprarmejor.es\/en\/product\/liber-testamentorum-s-xii-cathedral-oviedo\/#breadcrumb"},"inLanguage":"en-US","potentialAction":[{"@type":"ReadAction","target":["https:\/\/www.comprarmejor.es\/en\/product\/liber-testamentorum-s-xii-cathedral-oviedo\/"]}]},{"@type":"ImageObject","inLanguage":"en-US","@id":"https:\/\/www.comprarmejor.es\/en\/product\/liber-testamentorum-s-xii-cathedral-oviedo\/#primaryimage","url":"https:\/\/www.comprarmejor.es\/wp-content\/uploads\/2015\/12\/p_1_8_5_6_1856-Liber-Testamentorum-s.-XII-Catedral-de-Oviedo.jpg","contentUrl":"https:\/\/www.comprarmejor.es\/wp-content\/uploads\/2015\/12\/p_1_8_5_6_1856-Liber-Testamentorum-s.-XII-Catedral-de-Oviedo.jpg","width":338,"height":600},{"@type":"BreadcrumbList","@id":"https:\/\/www.comprarmejor.es\/en\/product\/liber-testamentorum-s-xii-cathedral-oviedo\/#breadcrumb","itemListElement":[{"@type":"ListItem","position":1,"name":"Portada","item":"https:\/\/www.comprarmejor.es\/en\/"},{"@type":"ListItem","position":2,"name":"Shop","item":"https:\/\/www.comprarmejor.es\/en\/shop\/"},{"@type":"ListItem","position":3,"name":"Liber Testamentorum, s. XII (Cathedral Oviedo)"}]},{"@type":"WebSite","@id":"https:\/\/www.comprarmejor.es\/en\/#website","url":"https:\/\/www.comprarmejor.es\/en\/","name":"ComprarMejor","description":"ComprarMejor","publisher":{"@id":"https:\/\/www.comprarmejor.es\/en\/#organization"},"potentialAction":[{"@type":"SearchAction","target":{"@type":"EntryPoint","urlTemplate":"https:\/\/www.comprarmejor.es\/en\/?s={search_term_string}"},"query-input":{"@type":"PropertyValueSpecification","valueRequired":true,"valueName":"search_term_string"}}],"inLanguage":"en-US"},{"@type":"Organization","@id":"https:\/\/www.comprarmejor.es\/en\/#organization","name":"COMPRAR MEJOR","url":"https:\/\/www.comprarmejor.es\/en\/","logo":{"@type":"ImageObject","inLanguage":"en-US","@id":"https:\/\/www.comprarmejor.es\/en\/#\/schema\/logo\/image\/","url":"https:\/\/www.comprarmejor.es\/wp-content\/uploads\/2025\/09\/comprarmejortrinidad.jpg","contentUrl":"https:\/\/www.comprarmejor.es\/wp-content\/uploads\/2025\/09\/comprarmejortrinidad.jpg","width":1022,"height":1380,"caption":"COMPRAR MEJOR"},"image":{"@id":"https:\/\/www.comprarmejor.es\/en\/#\/schema\/logo\/image\/"},"sameAs":["https:\/\/www.instagram.com\/amigosdelcodice"]}]}},"_links":{"self":[{"href":"https:\/\/www.comprarmejor.es\/en\/wp-json\/wp\/v2\/product\/50189","targetHints":{"allow":["GET"]}}],"collection":[{"href":"https:\/\/www.comprarmejor.es\/en\/wp-json\/wp\/v2\/product"}],"about":[{"href":"https:\/\/www.comprarmejor.es\/en\/wp-json\/wp\/v2\/types\/product"}],"wp:featuredmedia":[{"embeddable":true,"href":"https:\/\/www.comprarmejor.es\/en\/wp-json\/wp\/v2\/media\/50183"}],"wp:attachment":[{"href":"https:\/\/www.comprarmejor.es\/en\/wp-json\/wp\/v2\/media?parent=50189"}],"wp:term":[{"taxonomy":"product_brand","embeddable":true,"href":"https:\/\/www.comprarmejor.es\/en\/wp-json\/wp\/v2\/product_brand?post=50189"},{"taxonomy":"product_cat","embeddable":true,"href":"https:\/\/www.comprarmejor.es\/en\/wp-json\/wp\/v2\/product_cat?post=50189"},{"taxonomy":"product_tag","embeddable":true,"href":"https:\/\/www.comprarmejor.es\/en\/wp-json\/wp\/v2\/product_tag?post=50189"}],"curies":[{"name":"wp","href":"https:\/\/api.w.org\/{rel}","templated":true}]}}