{"id":50205,"date":"2015-12-18T00:10:27","date_gmt":"2015-12-17T23:10:27","guid":{"rendered":"https:\/\/www.comprarmejor.es\/producto\/books-chess-dice-and-tables-alfonso-x-the-wise-s-xiii-parchment\/"},"modified":"2024-02-15T17:23:40","modified_gmt":"2024-02-15T16:23:40","slug":"books-chess-dice-and-tables-alfonso-x-the-wise-s-xiii-parchment","status":"publish","type":"product","link":"https:\/\/www.comprarmejor.es\/en\/product\/books-chess-dice-and-tables-alfonso-x-the-wise-s-xiii-parchment\/","title":{"rendered":"Books chess, dice and tables Alfonso X the Wise, s. XIII (parchment) (5*+)"},"content":{"rendered":"<p style=\"text-align: justify;\"><span class=\"tlid-translation translation\" lang=\"en\"><span class=\"HwtZe\" lang=\"en\"><span class=\"jCAhz ChMk0b\"><span class=\"ryNqvb\">Original copy of the only facsimile edition<\/span><\/span><\/span> The only facsimile edition on natural parchment (not parchment paper) of the Chess Books, Dice and Tables of Alfonso X el Sabio, whose original is kept in the Library of the Royal Monastery of San Lorenzo de El Escorial, in Madrid (signature Ms. TI 6). A 5 plus star in every great Library!<\/span><\/p>\n<p style=\"text-align: justify;\">Paradigm of the cultural work of Alfonso X, the 150 miniatures of the Book of Chess Games, Dice and Tables, constitute one of the most important testimonies of the monarch&#8217;s court painting with which they link, both in their iconographic and stylistic characters , as with the courtly context and in the hermetic culture that they reveal.<\/p>\n<p style=\"text-align: justify;\">Edition made in 2010 on natural parchment. Unique and exclusive edition of 390 copies, numbered and notarized, also verifying by notary, that natural parchment has been used solely and exclusively in the manufacturing process.<br \/>\nHand-bound facsimile in dry-cut leather, with large ribs in the medieval style, format 30 x 41.5 cm. 200 pages.<\/p>\n<p style=\"text-align: justify;\">Presented this beautiful original copy in a beautiful case, format 32.5 x 43.5 x 9.5 cm. Accompanied by an extraordinary Spanish-English bilingual complementary study book, 25 x 33 cm format, 988 pages.<\/p>\n<p style=\"text-align: justify;\">If you are fond of chess or board games, this codex represents the roots of a game that is not only a board game, but also an art, a science and, above all, a mental sport. A game that is believed to have originated from chaturanga, played in India since the 6th century. A unique opportunity if you are also a demanding bibliophile.<\/p>\n<p style=\"text-align: justify;\">Out of print edition, <span class=\"HwtZe\" lang=\"en\"><span class=\"jCAhz ChMk0b\"><span class=\"ryNqvb\">first work made on natural parchment by the Scriptorium publishing house<\/span><\/span><\/span> and with which he continued his exclusive editorial work in discarding the paper as a support for his works using lambskin.<\/p>\n<p style=\"text-align: justify;\">The natural parchment edition (not parchment paper, nor parchment paper, but 100% natural parchment of lamb in the traditional way, without chemical treatments), is extremely complex and unique, and makes each of its copies an original copy of the manuscript from the 13th century. The use of parchment, a natural organic element, as well as manual processes in each specimen, including flat and raised gold, according to the illuminations and as found in the original codex, make each specimen unique. for themselves. Exclusive facsimiles handcrafted on natural parchment, recovering the beauty and authenticity of ancient illuminated manuscripts. An excellence for the best libraries, collectors and bibliophiles, a joy for the senses that will last for centuries<span title=\"Una excelencia para las mejores bibliotecas, coleccionistas y bibli\u00f3filos.\"><span lang=\"en\" xml:lang=\"en\">.<\/span><\/span><\/p>\n<p style=\"text-align: justify;\"><span class=\"HwtZe\" lang=\"en\"><span class=\"jCAhz ChMk0b\"><span class=\"ryNqvb\">Complete copy and in perfect condition, new, unused (it is not a second-hand copy).<\/span><\/span><\/span><\/p>\n<p style=\"text-align: justify;\"><span title=\"Gastos de env\u00edo por cuenta del comprador, seg\u00fan pedido y destino.\"><span class=\"HwtZe\" lang=\"en\"><span class=\"jCAhz ChMk0b\"><span class=\"ryNqvb\">Free shipping for this item<\/span><\/span><\/span>. <\/span><span title=\"Cons\u00faltenos cualquier duda, as\u00ed como por cualquier otro facs\u00edmile que est\u00e9 buscando.\"><a class=\"btn btn-default\" href=\"https:\/\/www.comprarmejor.es\/en\/contact\">Ask us<\/a> <span lang=\"en\" xml:lang=\"en\"><span title=\"Cons\u00faltenos sin compromiso (indicando la referencia del art\u00edculo) cualquier duda.\">without obligation (indicating the reference of the article) any <\/span><\/span><span lang=\"en\" xml:lang=\"en\"><span title=\"sin compromiso (indicando la referencia del art\u00edculo) cualquier duda.\">doubt.<\/span><\/span><\/span><\/p>\n","protected":false},"excerpt":{"rendered":"<p style=\"text-align: justify;\"><span id=\"result_box\" lang=\"en\" xml:lang=\"en\"><span title=\"6 ).\"><span lang=\"en\" xml:lang=\"en\"><span class=\"VIiyi\" lang=\"en\"><span class=\"JLqJ4b ChMk0b\" data-language-for-alternatives=\"en\" data-language-to-translate-into=\"es\" data-phrase-index=\"0\" data-number-of-phrases=\"1\"><span class=\"Q4iAWc\">The only original edition in natural parchment of the Books of Chess, Dice and Tables of Alfonso X el Sabio, whose original is preserved in the Library of the Royal Monastery of San Lorenzo de El Escorial<\/span><\/span><\/span><\/span><\/span><\/span><\/p>\n","protected":false},"featured_media":59988,"template":"","meta":[],"product_brand":[],"product_cat":[5118,2208,2250,2212],"product_tag":[3986,5317,3984,3985],"class_list":{"0":"post-50205","1":"product","2":"type-product","3":"status-publish","4":"has-post-thumbnail","6":"product_cat-bindings","7":"product_cat-grand-luxury-library","8":"product_cat-other-facsimiles","9":"product_cat-parchment","10":"product_tag-alfonso-en","11":"product_tag-ajedrez-en","12":"product_tag-escorial-en-2","13":"product_tag-scriptorium-en","14":"description-off","16":"first","17":"instock","18":"taxable","19":"shipping-taxable","20":"purchasable","21":"product-type-simple"},"yoast_head":"<!-- This site is optimized with the Yoast SEO plugin v27.3 - https:\/\/yoast.com\/product\/yoast-seo-wordpress\/ -->\n<title>Books chess, dice and tables Alfonso X the Wise, s. XIII parchment<\/title>\n<meta name=\"description\" content=\"Facsimile edition only natural parchment (not pergaminata paper) of chess books, dice and tables of Alfonso X the Wise, whose original is\" \/>\n<meta name=\"robots\" content=\"index, follow, max-snippet:-1, max-image-preview:large, max-video-preview:-1\" \/>\n<link rel=\"canonical\" href=\"https:\/\/www.comprarmejor.es\/en\/product\/books-chess-dice-and-tables-alfonso-x-the-wise-s-xiii-parchment\/\" \/>\n<meta property=\"og:locale\" content=\"en_US\" \/>\n<meta property=\"og:type\" content=\"article\" \/>\n<meta property=\"og:title\" content=\"Books chess, dice and tables Alfonso X the Wise, s. XIII parchment\" \/>\n<meta property=\"og:description\" content=\"Facsimile edition only natural parchment (not pergaminata paper) of chess books, dice and tables of Alfonso X the Wise, whose original is\" \/>\n<meta property=\"og:url\" content=\"https:\/\/www.comprarmejor.es\/en\/product\/books-chess-dice-and-tables-alfonso-x-the-wise-s-xiii-parchment\/\" \/>\n<meta property=\"og:site_name\" content=\"ComprarMejor\" \/>\n<meta property=\"article:modified_time\" content=\"2024-02-15T16:23:40+00:00\" \/>\n<meta property=\"og:image\" content=\"https:\/\/www.comprarmejor.es\/wp-content\/uploads\/2015\/12\/LADTPe-1.jpg\" \/>\n\t<meta property=\"og:image:width\" content=\"580\" \/>\n\t<meta property=\"og:image:height\" content=\"599\" \/>\n\t<meta property=\"og:image:type\" content=\"image\/jpeg\" \/>\n<meta name=\"twitter:card\" content=\"summary_large_image\" \/>\n<meta name=\"twitter:label1\" content=\"Est. reading time\" \/>\n\t<meta name=\"twitter:data1\" content=\"3 minutes\" \/>\n<script type=\"application\/ld+json\" class=\"yoast-schema-graph\">{\"@context\":\"https:\\\/\\\/schema.org\",\"@graph\":[{\"@type\":\"WebPage\",\"@id\":\"https:\\\/\\\/www.comprarmejor.es\\\/en\\\/product\\\/books-chess-dice-and-tables-alfonso-x-the-wise-s-xiii-parchment\\\/\",\"url\":\"https:\\\/\\\/www.comprarmejor.es\\\/en\\\/product\\\/books-chess-dice-and-tables-alfonso-x-the-wise-s-xiii-parchment\\\/\",\"name\":\"Books chess, dice and tables Alfonso X the Wise, s. XIII parchment\",\"isPartOf\":{\"@id\":\"https:\\\/\\\/www.comprarmejor.es\\\/en\\\/#website\"},\"primaryImageOfPage\":{\"@id\":\"https:\\\/\\\/www.comprarmejor.es\\\/en\\\/product\\\/books-chess-dice-and-tables-alfonso-x-the-wise-s-xiii-parchment\\\/#primaryimage\"},\"image\":{\"@id\":\"https:\\\/\\\/www.comprarmejor.es\\\/en\\\/product\\\/books-chess-dice-and-tables-alfonso-x-the-wise-s-xiii-parchment\\\/#primaryimage\"},\"thumbnailUrl\":\"https:\\\/\\\/www.comprarmejor.es\\\/wp-content\\\/uploads\\\/2015\\\/12\\\/LADTPe-1.jpg\",\"datePublished\":\"2015-12-17T23:10:27+00:00\",\"dateModified\":\"2024-02-15T16:23:40+00:00\",\"description\":\"Facsimile edition only natural parchment (not pergaminata paper) of chess books, dice and tables of Alfonso X the Wise, whose original is\",\"breadcrumb\":{\"@id\":\"https:\\\/\\\/www.comprarmejor.es\\\/en\\\/product\\\/books-chess-dice-and-tables-alfonso-x-the-wise-s-xiii-parchment\\\/#breadcrumb\"},\"inLanguage\":\"en-US\",\"potentialAction\":[{\"@type\":\"ReadAction\",\"target\":[\"https:\\\/\\\/www.comprarmejor.es\\\/en\\\/product\\\/books-chess-dice-and-tables-alfonso-x-the-wise-s-xiii-parchment\\\/\"]}]},{\"@type\":\"ImageObject\",\"inLanguage\":\"en-US\",\"@id\":\"https:\\\/\\\/www.comprarmejor.es\\\/en\\\/product\\\/books-chess-dice-and-tables-alfonso-x-the-wise-s-xiii-parchment\\\/#primaryimage\",\"url\":\"https:\\\/\\\/www.comprarmejor.es\\\/wp-content\\\/uploads\\\/2015\\\/12\\\/LADTPe-1.jpg\",\"contentUrl\":\"https:\\\/\\\/www.comprarmejor.es\\\/wp-content\\\/uploads\\\/2015\\\/12\\\/LADTPe-1.jpg\",\"width\":580,\"height\":599},{\"@type\":\"BreadcrumbList\",\"@id\":\"https:\\\/\\\/www.comprarmejor.es\\\/en\\\/product\\\/books-chess-dice-and-tables-alfonso-x-the-wise-s-xiii-parchment\\\/#breadcrumb\",\"itemListElement\":[{\"@type\":\"ListItem\",\"position\":1,\"name\":\"Portada\",\"item\":\"https:\\\/\\\/www.comprarmejor.es\\\/en\\\/\"},{\"@type\":\"ListItem\",\"position\":2,\"name\":\"Shop\",\"item\":\"https:\\\/\\\/www.comprarmejor.es\\\/en\\\/shop\\\/\"},{\"@type\":\"ListItem\",\"position\":3,\"name\":\"Books chess, dice and tables Alfonso X the Wise, s. XIII (parchment) (5*+)\"}]},{\"@type\":\"WebSite\",\"@id\":\"https:\\\/\\\/www.comprarmejor.es\\\/en\\\/#website\",\"url\":\"https:\\\/\\\/www.comprarmejor.es\\\/en\\\/\",\"name\":\"ComprarMejor\",\"description\":\"ComprarMejor\",\"publisher\":{\"@id\":\"https:\\\/\\\/www.comprarmejor.es\\\/en\\\/#organization\"},\"potentialAction\":[{\"@type\":\"SearchAction\",\"target\":{\"@type\":\"EntryPoint\",\"urlTemplate\":\"https:\\\/\\\/www.comprarmejor.es\\\/en\\\/?s={search_term_string}\"},\"query-input\":{\"@type\":\"PropertyValueSpecification\",\"valueRequired\":true,\"valueName\":\"search_term_string\"}}],\"inLanguage\":\"en-US\"},{\"@type\":\"Organization\",\"@id\":\"https:\\\/\\\/www.comprarmejor.es\\\/en\\\/#organization\",\"name\":\"COMPRAR MEJOR\",\"url\":\"https:\\\/\\\/www.comprarmejor.es\\\/en\\\/\",\"logo\":{\"@type\":\"ImageObject\",\"inLanguage\":\"en-US\",\"@id\":\"https:\\\/\\\/www.comprarmejor.es\\\/en\\\/#\\\/schema\\\/logo\\\/image\\\/\",\"url\":\"https:\\\/\\\/www.comprarmejor.es\\\/wp-content\\\/uploads\\\/2025\\\/09\\\/comprarmejortrinidad.jpg\",\"contentUrl\":\"https:\\\/\\\/www.comprarmejor.es\\\/wp-content\\\/uploads\\\/2025\\\/09\\\/comprarmejortrinidad.jpg\",\"width\":1022,\"height\":1380,\"caption\":\"COMPRAR MEJOR\"},\"image\":{\"@id\":\"https:\\\/\\\/www.comprarmejor.es\\\/en\\\/#\\\/schema\\\/logo\\\/image\\\/\"},\"sameAs\":[\"https:\\\/\\\/www.instagram.com\\\/amigosdelcodice\"]}]}<\/script>\n<!-- \/ Yoast SEO plugin. -->","yoast_head_json":{"title":"Books chess, dice and tables Alfonso X the Wise, s. XIII parchment","description":"Facsimile edition only natural parchment (not pergaminata paper) of chess books, dice and tables of Alfonso X the Wise, whose original is","robots":{"index":"index","follow":"follow","max-snippet":"max-snippet:-1","max-image-preview":"max-image-preview:large","max-video-preview":"max-video-preview:-1"},"canonical":"https:\/\/www.comprarmejor.es\/en\/product\/books-chess-dice-and-tables-alfonso-x-the-wise-s-xiii-parchment\/","og_locale":"en_US","og_type":"article","og_title":"Books chess, dice and tables Alfonso X the Wise, s. XIII parchment","og_description":"Facsimile edition only natural parchment (not pergaminata paper) of chess books, dice and tables of Alfonso X the Wise, whose original is","og_url":"https:\/\/www.comprarmejor.es\/en\/product\/books-chess-dice-and-tables-alfonso-x-the-wise-s-xiii-parchment\/","og_site_name":"ComprarMejor","article_modified_time":"2024-02-15T16:23:40+00:00","og_image":[{"width":580,"height":599,"url":"https:\/\/www.comprarmejor.es\/wp-content\/uploads\/2015\/12\/LADTPe-1.jpg","type":"image\/jpeg"}],"twitter_card":"summary_large_image","twitter_misc":{"Est. reading time":"3 minutes"},"schema":{"@context":"https:\/\/schema.org","@graph":[{"@type":"WebPage","@id":"https:\/\/www.comprarmejor.es\/en\/product\/books-chess-dice-and-tables-alfonso-x-the-wise-s-xiii-parchment\/","url":"https:\/\/www.comprarmejor.es\/en\/product\/books-chess-dice-and-tables-alfonso-x-the-wise-s-xiii-parchment\/","name":"Books chess, dice and tables Alfonso X the Wise, s. XIII parchment","isPartOf":{"@id":"https:\/\/www.comprarmejor.es\/en\/#website"},"primaryImageOfPage":{"@id":"https:\/\/www.comprarmejor.es\/en\/product\/books-chess-dice-and-tables-alfonso-x-the-wise-s-xiii-parchment\/#primaryimage"},"image":{"@id":"https:\/\/www.comprarmejor.es\/en\/product\/books-chess-dice-and-tables-alfonso-x-the-wise-s-xiii-parchment\/#primaryimage"},"thumbnailUrl":"https:\/\/www.comprarmejor.es\/wp-content\/uploads\/2015\/12\/LADTPe-1.jpg","datePublished":"2015-12-17T23:10:27+00:00","dateModified":"2024-02-15T16:23:40+00:00","description":"Facsimile edition only natural parchment (not pergaminata paper) of chess books, dice and tables of Alfonso X the Wise, whose original is","breadcrumb":{"@id":"https:\/\/www.comprarmejor.es\/en\/product\/books-chess-dice-and-tables-alfonso-x-the-wise-s-xiii-parchment\/#breadcrumb"},"inLanguage":"en-US","potentialAction":[{"@type":"ReadAction","target":["https:\/\/www.comprarmejor.es\/en\/product\/books-chess-dice-and-tables-alfonso-x-the-wise-s-xiii-parchment\/"]}]},{"@type":"ImageObject","inLanguage":"en-US","@id":"https:\/\/www.comprarmejor.es\/en\/product\/books-chess-dice-and-tables-alfonso-x-the-wise-s-xiii-parchment\/#primaryimage","url":"https:\/\/www.comprarmejor.es\/wp-content\/uploads\/2015\/12\/LADTPe-1.jpg","contentUrl":"https:\/\/www.comprarmejor.es\/wp-content\/uploads\/2015\/12\/LADTPe-1.jpg","width":580,"height":599},{"@type":"BreadcrumbList","@id":"https:\/\/www.comprarmejor.es\/en\/product\/books-chess-dice-and-tables-alfonso-x-the-wise-s-xiii-parchment\/#breadcrumb","itemListElement":[{"@type":"ListItem","position":1,"name":"Portada","item":"https:\/\/www.comprarmejor.es\/en\/"},{"@type":"ListItem","position":2,"name":"Shop","item":"https:\/\/www.comprarmejor.es\/en\/shop\/"},{"@type":"ListItem","position":3,"name":"Books chess, dice and tables Alfonso X the Wise, s. XIII (parchment) (5*+)"}]},{"@type":"WebSite","@id":"https:\/\/www.comprarmejor.es\/en\/#website","url":"https:\/\/www.comprarmejor.es\/en\/","name":"ComprarMejor","description":"ComprarMejor","publisher":{"@id":"https:\/\/www.comprarmejor.es\/en\/#organization"},"potentialAction":[{"@type":"SearchAction","target":{"@type":"EntryPoint","urlTemplate":"https:\/\/www.comprarmejor.es\/en\/?s={search_term_string}"},"query-input":{"@type":"PropertyValueSpecification","valueRequired":true,"valueName":"search_term_string"}}],"inLanguage":"en-US"},{"@type":"Organization","@id":"https:\/\/www.comprarmejor.es\/en\/#organization","name":"COMPRAR MEJOR","url":"https:\/\/www.comprarmejor.es\/en\/","logo":{"@type":"ImageObject","inLanguage":"en-US","@id":"https:\/\/www.comprarmejor.es\/en\/#\/schema\/logo\/image\/","url":"https:\/\/www.comprarmejor.es\/wp-content\/uploads\/2025\/09\/comprarmejortrinidad.jpg","contentUrl":"https:\/\/www.comprarmejor.es\/wp-content\/uploads\/2025\/09\/comprarmejortrinidad.jpg","width":1022,"height":1380,"caption":"COMPRAR MEJOR"},"image":{"@id":"https:\/\/www.comprarmejor.es\/en\/#\/schema\/logo\/image\/"},"sameAs":["https:\/\/www.instagram.com\/amigosdelcodice"]}]}},"_links":{"self":[{"href":"https:\/\/www.comprarmejor.es\/en\/wp-json\/wp\/v2\/product\/50205","targetHints":{"allow":["GET"]}}],"collection":[{"href":"https:\/\/www.comprarmejor.es\/en\/wp-json\/wp\/v2\/product"}],"about":[{"href":"https:\/\/www.comprarmejor.es\/en\/wp-json\/wp\/v2\/types\/product"}],"wp:featuredmedia":[{"embeddable":true,"href":"https:\/\/www.comprarmejor.es\/en\/wp-json\/wp\/v2\/media\/59988"}],"wp:attachment":[{"href":"https:\/\/www.comprarmejor.es\/en\/wp-json\/wp\/v2\/media?parent=50205"}],"wp:term":[{"taxonomy":"product_brand","embeddable":true,"href":"https:\/\/www.comprarmejor.es\/en\/wp-json\/wp\/v2\/product_brand?post=50205"},{"taxonomy":"product_cat","embeddable":true,"href":"https:\/\/www.comprarmejor.es\/en\/wp-json\/wp\/v2\/product_cat?post=50205"},{"taxonomy":"product_tag","embeddable":true,"href":"https:\/\/www.comprarmejor.es\/en\/wp-json\/wp\/v2\/product_tag?post=50205"}],"curies":[{"name":"wp","href":"https:\/\/api.w.org\/{rel}","templated":true}]}}