{"id":50221,"date":"2015-12-18T00:31:35","date_gmt":"2015-12-17T23:31:35","guid":{"rendered":"https:\/\/www.comprarmejor.es\/producto\/books-chess-dice-and-tables-alfonso-x-the-wise-s-xiii\/"},"modified":"2025-10-25T08:49:44","modified_gmt":"2025-10-25T06:49:44","slug":"books-chess-dice-and-tables-alfonso-x-the-wise-s-xiii","status":"publish","type":"product","link":"https:\/\/www.comprarmejor.es\/en\/product\/books-chess-dice-and-tables-alfonso-x-the-wise-s-xiii\/","title":{"rendered":"Books chess, dice and tables Alfonso X the Wise, s. XIII"},"content":{"rendered":"<p style=\"text-align: justify;\">Facsimile edition of manuscript T.I.6 from the El Escorial Library (Books on Chess, Dice, and Tables by Alfonso X the Wise), consisting of two volumes: the first, a faithful full-color reproduction (including gold foil) of the 13th-century Alfonsine codex, consisting of 100 folios measuring 29 x 42 cm, bound in leather stamped with the Escurialense grid symbol and illustrated with 150 miniatures; and the second, of the same format and 400 pages, contains studies on the historical-critical, artistic, and chess aspects of the manuscript, written by Luis V\u00e1zquez de Parga, Ana Dom\u00ednguez, and Ricardo Calvo, respectively, plus an annotated transcription of the text by Mechthild Crombach.<\/p>\n<p style=\"text-align: justify;\">Limited 1987 edition, numbered and authenticated by National Heritage. Out of print for many years.<\/p>\n<p style=\"text-align: justify;\">Both books are presented in a slipcase measuring 31 x 43 x 9.5 cm. The complete set (facsimile, study book, and slipcase) weighs 7.8 kg. All in perfect condition, like new, unused books.<\/p>\n<p style=\"text-align: justify;\">If you are a chess or board game enthusiast, this codex represents the roots of a game that is not only a board game, but also an art, a science, and, above all, a mental sport. A game believed to have originated from chaturanga, practiced in India since the 6th century. A unique opportunity if you are also a discerning bibliophile.<\/p>\n<p style=\"text-align: justify;\">Shipping costs depend on order and destination<span title=\"Gastos de env\u00edo por cuenta del comprador, seg\u00fan pedido y destino.\">.\u00a0<\/span><span title=\"Cons\u00faltenos cualquier duda, as\u00ed como por cualquier otro facs\u00edmile que est\u00e9 buscando.\"><a class=\"btn btn-default\" href=\"https:\/\/www.comprarmejor.es\/en\/contact\/\">Ask us<\/a> any questions, indicating the item reference.<br \/>\n<\/span><\/p>\n","protected":false},"excerpt":{"rendered":"<p style=\"text-align: justify;\"><span id=\"result_box\" lang=\"en\" xml:lang=\"en\"><span title=\"6 ).\"><span lang=\"en\" xml:lang=\"en\"><span title=\"Edici\u00f3n facs\u00edmile del manuscrito TI6 de la Biblioteca de El Escorial (Libros Juegos de Axedrez, dados y tablas, de Alfonso X el Sabio), compuesta por dos vol\u00famenes: el primero, con la fiel reproducci\u00f3n a todo color (oro incluido) del c\u00f3dice\">TI6 facsimile edition of the manuscript of the Library of El Escorial (Books Games Axedrez, craps tables of Alfonso X the Wise),<br \/>\n<\/span><\/span><\/span><\/span><\/p>\n","protected":false},"featured_media":50207,"template":"","meta":[],"product_brand":[],"product_cat":[2250,2220],"product_tag":[5762,5317,3984],"class_list":{"0":"post-50221","1":"product","2":"type-product","3":"status-publish","4":"has-post-thumbnail","6":"product_cat-other-facsimiles","7":"product_cat-special-offers","8":"product_tag-alfonso-x-el-sabio-en","9":"product_tag-ajedrez-en","10":"product_tag-escorial-en-2","11":"product_shipping_class-from-0-to-1-kg","12":"description-off","14":"first","15":"instock","16":"sale","17":"taxable","18":"shipping-taxable","19":"purchasable","20":"product-type-simple"},"yoast_head":"<!-- This site is optimized with the Yoast SEO plugin v27.3 - https:\/\/yoast.com\/product\/yoast-seo-wordpress\/ -->\n<title>Books chess, dice and tables Alfonso X the Wise, s. XIII<\/title>\n<meta name=\"description\" content=\"1987 limited edition, numbered and authenticated twice: notarial and National Heritage. Exhausted many years.\" \/>\n<meta name=\"robots\" content=\"index, follow, max-snippet:-1, max-image-preview:large, max-video-preview:-1\" \/>\n<link rel=\"canonical\" href=\"https:\/\/www.comprarmejor.es\/en\/product\/books-chess-dice-and-tables-alfonso-x-the-wise-s-xiii\/\" \/>\n<meta property=\"og:locale\" content=\"en_US\" \/>\n<meta property=\"og:type\" content=\"article\" \/>\n<meta property=\"og:title\" content=\"Books chess, dice and tables Alfonso X the Wise, s. XIII\" \/>\n<meta property=\"og:description\" content=\"1987 limited edition, numbered and authenticated twice: notarial and National Heritage. Exhausted many years.\" \/>\n<meta property=\"og:url\" content=\"https:\/\/www.comprarmejor.es\/en\/product\/books-chess-dice-and-tables-alfonso-x-the-wise-s-xiii\/\" \/>\n<meta property=\"og:site_name\" content=\"ComprarMejor\" \/>\n<meta property=\"article:modified_time\" content=\"2025-10-25T06:49:44+00:00\" \/>\n<meta property=\"og:image\" content=\"https:\/\/www.comprarmejor.es\/wp-content\/uploads\/2015\/12\/p_1_8_6_5_1865-Libros-de-Ajedrez-Dados-y-Tablas-de-Alfonso-X-el-Sabio-s.-XIII-pergamino.jpg\" \/>\n\t<meta property=\"og:image:width\" content=\"600\" \/>\n\t<meta property=\"og:image:height\" content=\"450\" \/>\n\t<meta property=\"og:image:type\" content=\"image\/jpeg\" \/>\n<meta name=\"twitter:card\" content=\"summary_large_image\" \/>\n<meta name=\"twitter:label1\" content=\"Est. reading time\" \/>\n\t<meta name=\"twitter:data1\" content=\"2 minutes\" \/>\n<script type=\"application\/ld+json\" class=\"yoast-schema-graph\">{\"@context\":\"https:\\\/\\\/schema.org\",\"@graph\":[{\"@type\":\"WebPage\",\"@id\":\"https:\\\/\\\/www.comprarmejor.es\\\/en\\\/product\\\/books-chess-dice-and-tables-alfonso-x-the-wise-s-xiii\\\/\",\"url\":\"https:\\\/\\\/www.comprarmejor.es\\\/en\\\/product\\\/books-chess-dice-and-tables-alfonso-x-the-wise-s-xiii\\\/\",\"name\":\"Books chess, dice and tables Alfonso X the Wise, s. XIII\",\"isPartOf\":{\"@id\":\"https:\\\/\\\/www.comprarmejor.es\\\/en\\\/#website\"},\"primaryImageOfPage\":{\"@id\":\"https:\\\/\\\/www.comprarmejor.es\\\/en\\\/product\\\/books-chess-dice-and-tables-alfonso-x-the-wise-s-xiii\\\/#primaryimage\"},\"image\":{\"@id\":\"https:\\\/\\\/www.comprarmejor.es\\\/en\\\/product\\\/books-chess-dice-and-tables-alfonso-x-the-wise-s-xiii\\\/#primaryimage\"},\"thumbnailUrl\":\"https:\\\/\\\/www.comprarmejor.es\\\/wp-content\\\/uploads\\\/2015\\\/12\\\/p_1_8_6_5_1865-Libros-de-Ajedrez-Dados-y-Tablas-de-Alfonso-X-el-Sabio-s.-XIII-pergamino.jpg\",\"datePublished\":\"2015-12-17T23:31:35+00:00\",\"dateModified\":\"2025-10-25T06:49:44+00:00\",\"description\":\"1987 limited edition, numbered and authenticated twice: notarial and National Heritage. Exhausted many years.\",\"breadcrumb\":{\"@id\":\"https:\\\/\\\/www.comprarmejor.es\\\/en\\\/product\\\/books-chess-dice-and-tables-alfonso-x-the-wise-s-xiii\\\/#breadcrumb\"},\"inLanguage\":\"en-US\",\"potentialAction\":[{\"@type\":\"ReadAction\",\"target\":[\"https:\\\/\\\/www.comprarmejor.es\\\/en\\\/product\\\/books-chess-dice-and-tables-alfonso-x-the-wise-s-xiii\\\/\"]}]},{\"@type\":\"ImageObject\",\"inLanguage\":\"en-US\",\"@id\":\"https:\\\/\\\/www.comprarmejor.es\\\/en\\\/product\\\/books-chess-dice-and-tables-alfonso-x-the-wise-s-xiii\\\/#primaryimage\",\"url\":\"https:\\\/\\\/www.comprarmejor.es\\\/wp-content\\\/uploads\\\/2015\\\/12\\\/p_1_8_6_5_1865-Libros-de-Ajedrez-Dados-y-Tablas-de-Alfonso-X-el-Sabio-s.-XIII-pergamino.jpg\",\"contentUrl\":\"https:\\\/\\\/www.comprarmejor.es\\\/wp-content\\\/uploads\\\/2015\\\/12\\\/p_1_8_6_5_1865-Libros-de-Ajedrez-Dados-y-Tablas-de-Alfonso-X-el-Sabio-s.-XIII-pergamino.jpg\",\"width\":600,\"height\":450},{\"@type\":\"BreadcrumbList\",\"@id\":\"https:\\\/\\\/www.comprarmejor.es\\\/en\\\/product\\\/books-chess-dice-and-tables-alfonso-x-the-wise-s-xiii\\\/#breadcrumb\",\"itemListElement\":[{\"@type\":\"ListItem\",\"position\":1,\"name\":\"Portada\",\"item\":\"https:\\\/\\\/www.comprarmejor.es\\\/en\\\/\"},{\"@type\":\"ListItem\",\"position\":2,\"name\":\"Shop\",\"item\":\"https:\\\/\\\/www.comprarmejor.es\\\/en\\\/shop\\\/\"},{\"@type\":\"ListItem\",\"position\":3,\"name\":\"Books chess, dice and tables Alfonso X the Wise, s. XIII\"}]},{\"@type\":\"WebSite\",\"@id\":\"https:\\\/\\\/www.comprarmejor.es\\\/en\\\/#website\",\"url\":\"https:\\\/\\\/www.comprarmejor.es\\\/en\\\/\",\"name\":\"ComprarMejor\",\"description\":\"ComprarMejor\",\"publisher\":{\"@id\":\"https:\\\/\\\/www.comprarmejor.es\\\/en\\\/#organization\"},\"potentialAction\":[{\"@type\":\"SearchAction\",\"target\":{\"@type\":\"EntryPoint\",\"urlTemplate\":\"https:\\\/\\\/www.comprarmejor.es\\\/en\\\/?s={search_term_string}\"},\"query-input\":{\"@type\":\"PropertyValueSpecification\",\"valueRequired\":true,\"valueName\":\"search_term_string\"}}],\"inLanguage\":\"en-US\"},{\"@type\":\"Organization\",\"@id\":\"https:\\\/\\\/www.comprarmejor.es\\\/en\\\/#organization\",\"name\":\"COMPRAR MEJOR\",\"url\":\"https:\\\/\\\/www.comprarmejor.es\\\/en\\\/\",\"logo\":{\"@type\":\"ImageObject\",\"inLanguage\":\"en-US\",\"@id\":\"https:\\\/\\\/www.comprarmejor.es\\\/en\\\/#\\\/schema\\\/logo\\\/image\\\/\",\"url\":\"https:\\\/\\\/www.comprarmejor.es\\\/wp-content\\\/uploads\\\/2025\\\/09\\\/comprarmejortrinidad.jpg\",\"contentUrl\":\"https:\\\/\\\/www.comprarmejor.es\\\/wp-content\\\/uploads\\\/2025\\\/09\\\/comprarmejortrinidad.jpg\",\"width\":1022,\"height\":1380,\"caption\":\"COMPRAR MEJOR\"},\"image\":{\"@id\":\"https:\\\/\\\/www.comprarmejor.es\\\/en\\\/#\\\/schema\\\/logo\\\/image\\\/\"},\"sameAs\":[\"https:\\\/\\\/www.instagram.com\\\/amigosdelcodice\"]}]}<\/script>\n<!-- \/ Yoast SEO plugin. -->","yoast_head_json":{"title":"Books chess, dice and tables Alfonso X the Wise, s. XIII","description":"1987 limited edition, numbered and authenticated twice: notarial and National Heritage. Exhausted many years.","robots":{"index":"index","follow":"follow","max-snippet":"max-snippet:-1","max-image-preview":"max-image-preview:large","max-video-preview":"max-video-preview:-1"},"canonical":"https:\/\/www.comprarmejor.es\/en\/product\/books-chess-dice-and-tables-alfonso-x-the-wise-s-xiii\/","og_locale":"en_US","og_type":"article","og_title":"Books chess, dice and tables Alfonso X the Wise, s. XIII","og_description":"1987 limited edition, numbered and authenticated twice: notarial and National Heritage. Exhausted many years.","og_url":"https:\/\/www.comprarmejor.es\/en\/product\/books-chess-dice-and-tables-alfonso-x-the-wise-s-xiii\/","og_site_name":"ComprarMejor","article_modified_time":"2025-10-25T06:49:44+00:00","og_image":[{"width":600,"height":450,"url":"https:\/\/www.comprarmejor.es\/wp-content\/uploads\/2015\/12\/p_1_8_6_5_1865-Libros-de-Ajedrez-Dados-y-Tablas-de-Alfonso-X-el-Sabio-s.-XIII-pergamino.jpg","type":"image\/jpeg"}],"twitter_card":"summary_large_image","twitter_misc":{"Est. reading time":"2 minutes"},"schema":{"@context":"https:\/\/schema.org","@graph":[{"@type":"WebPage","@id":"https:\/\/www.comprarmejor.es\/en\/product\/books-chess-dice-and-tables-alfonso-x-the-wise-s-xiii\/","url":"https:\/\/www.comprarmejor.es\/en\/product\/books-chess-dice-and-tables-alfonso-x-the-wise-s-xiii\/","name":"Books chess, dice and tables Alfonso X the Wise, s. XIII","isPartOf":{"@id":"https:\/\/www.comprarmejor.es\/en\/#website"},"primaryImageOfPage":{"@id":"https:\/\/www.comprarmejor.es\/en\/product\/books-chess-dice-and-tables-alfonso-x-the-wise-s-xiii\/#primaryimage"},"image":{"@id":"https:\/\/www.comprarmejor.es\/en\/product\/books-chess-dice-and-tables-alfonso-x-the-wise-s-xiii\/#primaryimage"},"thumbnailUrl":"https:\/\/www.comprarmejor.es\/wp-content\/uploads\/2015\/12\/p_1_8_6_5_1865-Libros-de-Ajedrez-Dados-y-Tablas-de-Alfonso-X-el-Sabio-s.-XIII-pergamino.jpg","datePublished":"2015-12-17T23:31:35+00:00","dateModified":"2025-10-25T06:49:44+00:00","description":"1987 limited edition, numbered and authenticated twice: notarial and National Heritage. Exhausted many years.","breadcrumb":{"@id":"https:\/\/www.comprarmejor.es\/en\/product\/books-chess-dice-and-tables-alfonso-x-the-wise-s-xiii\/#breadcrumb"},"inLanguage":"en-US","potentialAction":[{"@type":"ReadAction","target":["https:\/\/www.comprarmejor.es\/en\/product\/books-chess-dice-and-tables-alfonso-x-the-wise-s-xiii\/"]}]},{"@type":"ImageObject","inLanguage":"en-US","@id":"https:\/\/www.comprarmejor.es\/en\/product\/books-chess-dice-and-tables-alfonso-x-the-wise-s-xiii\/#primaryimage","url":"https:\/\/www.comprarmejor.es\/wp-content\/uploads\/2015\/12\/p_1_8_6_5_1865-Libros-de-Ajedrez-Dados-y-Tablas-de-Alfonso-X-el-Sabio-s.-XIII-pergamino.jpg","contentUrl":"https:\/\/www.comprarmejor.es\/wp-content\/uploads\/2015\/12\/p_1_8_6_5_1865-Libros-de-Ajedrez-Dados-y-Tablas-de-Alfonso-X-el-Sabio-s.-XIII-pergamino.jpg","width":600,"height":450},{"@type":"BreadcrumbList","@id":"https:\/\/www.comprarmejor.es\/en\/product\/books-chess-dice-and-tables-alfonso-x-the-wise-s-xiii\/#breadcrumb","itemListElement":[{"@type":"ListItem","position":1,"name":"Portada","item":"https:\/\/www.comprarmejor.es\/en\/"},{"@type":"ListItem","position":2,"name":"Shop","item":"https:\/\/www.comprarmejor.es\/en\/shop\/"},{"@type":"ListItem","position":3,"name":"Books chess, dice and tables Alfonso X the Wise, s. XIII"}]},{"@type":"WebSite","@id":"https:\/\/www.comprarmejor.es\/en\/#website","url":"https:\/\/www.comprarmejor.es\/en\/","name":"ComprarMejor","description":"ComprarMejor","publisher":{"@id":"https:\/\/www.comprarmejor.es\/en\/#organization"},"potentialAction":[{"@type":"SearchAction","target":{"@type":"EntryPoint","urlTemplate":"https:\/\/www.comprarmejor.es\/en\/?s={search_term_string}"},"query-input":{"@type":"PropertyValueSpecification","valueRequired":true,"valueName":"search_term_string"}}],"inLanguage":"en-US"},{"@type":"Organization","@id":"https:\/\/www.comprarmejor.es\/en\/#organization","name":"COMPRAR MEJOR","url":"https:\/\/www.comprarmejor.es\/en\/","logo":{"@type":"ImageObject","inLanguage":"en-US","@id":"https:\/\/www.comprarmejor.es\/en\/#\/schema\/logo\/image\/","url":"https:\/\/www.comprarmejor.es\/wp-content\/uploads\/2025\/09\/comprarmejortrinidad.jpg","contentUrl":"https:\/\/www.comprarmejor.es\/wp-content\/uploads\/2025\/09\/comprarmejortrinidad.jpg","width":1022,"height":1380,"caption":"COMPRAR MEJOR"},"image":{"@id":"https:\/\/www.comprarmejor.es\/en\/#\/schema\/logo\/image\/"},"sameAs":["https:\/\/www.instagram.com\/amigosdelcodice"]}]}},"_links":{"self":[{"href":"https:\/\/www.comprarmejor.es\/en\/wp-json\/wp\/v2\/product\/50221","targetHints":{"allow":["GET"]}}],"collection":[{"href":"https:\/\/www.comprarmejor.es\/en\/wp-json\/wp\/v2\/product"}],"about":[{"href":"https:\/\/www.comprarmejor.es\/en\/wp-json\/wp\/v2\/types\/product"}],"wp:featuredmedia":[{"embeddable":true,"href":"https:\/\/www.comprarmejor.es\/en\/wp-json\/wp\/v2\/media\/50207"}],"wp:attachment":[{"href":"https:\/\/www.comprarmejor.es\/en\/wp-json\/wp\/v2\/media?parent=50221"}],"wp:term":[{"taxonomy":"product_brand","embeddable":true,"href":"https:\/\/www.comprarmejor.es\/en\/wp-json\/wp\/v2\/product_brand?post=50221"},{"taxonomy":"product_cat","embeddable":true,"href":"https:\/\/www.comprarmejor.es\/en\/wp-json\/wp\/v2\/product_cat?post=50221"},{"taxonomy":"product_tag","embeddable":true,"href":"https:\/\/www.comprarmejor.es\/en\/wp-json\/wp\/v2\/product_tag?post=50221"}],"curies":[{"name":"wp","href":"https:\/\/api.w.org\/{rel}","templated":true}]}}