{"id":50243,"date":"2015-12-18T12:23:17","date_gmt":"2015-12-18T11:23:17","guid":{"rendered":"https:\/\/www.comprarmejor.es\/producto\/genealogy-of-the-kings-of-spain-anacephaleosis-c-1530-issue-1\/"},"modified":"2019-08-29T16:01:54","modified_gmt":"2019-08-29T14:01:54","slug":"genealogy-of-the-kings-of-spain-anacephaleosis-c-1530-issue-1","status":"publish","type":"product","link":"https:\/\/www.comprarmejor.es\/en\/product\/genealogy-of-the-kings-of-spain-anacephaleosis-c-1530-issue-1\/","title":{"rendered":"Genealogy of the Kings of Spain (Anacephaleosis), c. 1530 (Issue 1) *****"},"content":{"rendered":"<p style=\"text-align:justify;\"><span id=\"result_box\" lang=\"en\" xml:lang=\"en\"><span title=\"La Genealog\u00eda de los Reyes de Espa\u00f1a (Anacephaleosis), de Alfonso de Cartagena, describe la secuencia hist\u00f3rica de los linajes de los reyes de Espa\u00f1a acompa\u00f1\u00e1ndolos con hechos importantes de su biograf\u00eda.\">The Genealogy of the Kings of Spain (Anacephaleosis) of Alfonso de Cartagena, described the historical sequence of the families of the kings of Spain accompanying them with important facts of his biography.<\/p>\n<p><\/span><span title=\"El c\u00f3dice del siglo XVI es uno de los m\u00e1s bellamente iluminados manuscritos de la Biblioteca Nacional de Espa\u00f1a.\">The sixteenth-century codex is one of the most beautifully illuminated manuscripts from the National Library of Spain. <\/span><span title=\"Representa una de las piezas m\u00e1s bellas de la miniatura espa\u00f1ola del siglo XVI, tanto por la calidad de la escritura como por la riqueza y abundancia de las ilustraciones, constituyendo una de las m\u00e1s antiguas series iconogr\u00e1ficas de los Reyes de Espa\u00f1a.\">It represents one of the most beautiful pieces of miniature Spanish sixteenth century, both for the quality of writing and the richness and abundance of illustrations, making it one of the oldest iconographic series of the Kings of Spain. <\/span><span title=\"Fue realizado para Isabel de Portugal, reina de Espa\u00f1a y emperatriz de Alemania, sobre la obra de Alfonso de Cartagena.\">It was made for Elizabeth of Portugal, Queen of Spain and Empress of Germany, on the work of Alfonso de Cartagena.<\/p>\n<p><\/span><span title=\"Volumen facs\u00edmile del manuscrito original existente en la Biblioteca Nacional.\">Facsimile volume of existing original manuscript in the National Library.<br \/><\/span><span title=\"Tama\u00f1o 26 x 35 cm., conteniendo 110 p\u00e1ginas de las cuales 88 contienen miniaturas, orlas y retratos, as\u00ed como iniciales miniadas en diversos coloridos y oro.\">Size 26 x 35 cm., Containing 110 pages of which contain 88 miniatures, borders and portraits as well as initial miniadas in various colorful and gold.<br \/><\/span><span title=\"Encuadernaci\u00f3n: piel sobre tabla, con inscripci\u00f3n del t\u00edtulo en el lomo, 4 x 2 herrajes dorados decorativos en las tapas, 2 cierres dorados y escudo imperial de Carlos V en la portada.\">Binding: leather on wood, inscribed the title on the spine, 4 x 2 golden decorative ironwork on the covers, 2 golden locks and imperial shield of Charles V on the cover.<\/p>\n<p><\/span><span title=\"La edici\u00f3n se compone \u00fanicamente de 600 ejemplares numerados con autentificaci\u00f3n notarial.\">The edition consists of 600 numbered copies only with notarial authentication. <\/span><span title=\"El ejemplar que aqu\u00ed se vende corresponde al exclusivo n\u00famero 1, el m\u00e1s importante de la edici\u00f3n, dado el alto valor adicional numerol\u00f3gico.\">The issue here is for the exclusive sale number 1, the most important issue, given the high numerological additional value.<br \/><\/span><span title=\"Como obsequio se incluye un ejemplar del n\u00famero 4 de la revista Kylix de Literatura y Arte, donde aparece un art\u00edculo sobre este c\u00f3dice.\">As a complimentary copy of the journal No. 4 Kylix of Literature and Art, where an item appears this codex is included.<\/p>\n<p><\/span><span title=\"El libro estudio complementario est\u00e1 encuadernado en lomo piel, a juego con el c\u00f3dice, y tela.\">The book is bound up study on skin back to match the codex, and fabric. <\/span><span title=\"Mismo tama\u00f1o.\">Same size. <\/span><span title=\"El pr\u00f3logo de esta magna obra lo realiza SAR Do\u00f1a Mar\u00eda de las Mercedes, Condesa de Barcelona, firmado en julio de 1995. Contiene un exhaustivo estudio del autor y de la descripci\u00f3n de la obra, un estudio historiogr\u00e1fico y doctrinal, el \u00e1rbol geneal\u00f3gico de la\">The prologue of this great work is done by HRH Do\u00f1a Mar\u00eda de las Mercedes, Countess of Barcelona, \u200b\u200bsigned in July 1995. It contains a comprehensive study of the author and description of the work, a historiographical and doctrinal study, the pedigree of the <\/span><span title=\"monarqu\u00eda hisp\u00e1nica, y la transcripci\u00f3n del texto latino y su traducci\u00f3n al espa\u00f1ol.\">Spanish monarchy, and transcription of the Latin text and its translation into Spanish. <\/span><span title=\"Por \u00faltimo, incluye la genealog\u00eda Real Espa\u00f1ola hasta nuestros d\u00edas y su vinculaci\u00f3n con las monarqu\u00edas europeas.\">Finally, it includes the Spanish royal genealogy until today and its relationship with the European monarchies. <\/span><span title=\"Un gran libro estudio que ayuda a entender ya conocer mejor a la Monarqu\u00eda del Imperio y Reino de Espa\u00f1a.\">A great book study that helps us understand and learn more about the monarchy of the Empire and the Kingdom of Spain.<\/p>\n<p><\/span><span title=\"La editorial entregaba esta extraordinaria obra en una caja estuche de madera forrada en fina tela roja, de muy mala calidad y apta para su entrega y poco m\u00e1s.\">The publisher gave this extraordinary work in a wooden case lined box in fine red cloth, of very poor quality and suitable for delivery and little else. <\/span><span title=\"Esa caja no se le entrega con este ejemplar exclusivo n\u00famero 1. Hemos realizado una espectacular caja estuche formato libro, especial y exclusivamente para este ejemplar, realizada \u00edntegramente a mano y en piel a juego con la del c\u00f3dice, con dorados en oro de ley y\">That box will not be delivered with this unique issue number 1. We have performed a spectacular case box format book, and exclusively for this special issue, made entirely by hand in leather to match the codex, with gilding gold and sterling <\/span><span title=\"lomo con nervios.\">back with nerves. <\/span><span title=\"En su interior se encuentran tanto el facs\u00edmile del c\u00f3dice como el libro estudio.\">Inside they are both facsimile of the codex and the book study. <\/span><span title=\"Ambos quedar\u00e1n totalmente protegidos para siempre en su biblioteca.\">Both will be fully protected forever in your library. <\/span><span title=\"Formato de este maravilloso estuche protector: 31,5 x 40,5 x 11 cm.\">Format this wonderful protective case: 31.5 x 40.5 x 11 cm.<\/p>\n<p><\/span><span title=\"Cons\u00faltenos cualquier duda, as\u00ed como por cualquier otro facs\u00edmile que est\u00e9 buscando.\"><a class=\"btn btn-default\" href=\"http:\/\/comprarmejor.es\/en\/contact\">Ask us<\/a>\u00a0any questions and any other fax you are looking for.<\/span><\/span><\/p>\n","protected":false},"excerpt":{"rendered":"<p style=\"text-align:justify;\"><span id=\"result_box\" lang=\"en\" xml:lang=\"en\"><span title=\"La Genealog\u00eda de los Reyes de Espa\u00f1a (Anacephaleosis), de Alfonso de Cartagena, describe la secuencia hist\u00f3rica de los linajes de los reyes de Espa\u00f1a acompa\u00f1\u00e1ndolos con hechos importantes de su biograf\u00eda.\"><span lang=\"en\" xml:lang=\"en\">This facsimile is part of the <strong>Spectacular Library<\/strong>.<br \/>The Genealogy of the Kings of Spain (Anacephaleosis), by Alfonso de Cartagena, describes the historical sequence of the lineages of the kings of Spain accompanying them with important facts of his biography.<\/span><\/span><\/span><\/p>\n","protected":false},"featured_media":50223,"template":"","meta":[],"product_brand":[],"product_cat":[2238,2250,2200],"product_tag":[4104,3985],"class_list":{"0":"post-50243","1":"product","2":"type-product","3":"status-publish","4":"has-post-thumbnail","6":"product_cat-exclusive-copies","7":"product_cat-other-facsimiles","8":"product_cat-spectacular-library","9":"product_tag-bne-en","10":"product_tag-scriptorium-en","11":"product_shipping_class-from-2-to-5-kg","12":"description-off","14":"first","15":"instock","16":"sale","17":"taxable","18":"shipping-taxable","19":"purchasable","20":"product-type-simple"},"yoast_head":"<!-- This site is optimized with the Yoast SEO plugin v27.3 - https:\/\/yoast.com\/product\/yoast-seo-wordpress\/ -->\n<title>Genealogy of the Kings of Spain (Anacephaleosis), c. 1530 (Issue 1)<\/title>\n<meta name=\"description\" content=\"The Genealogy of the Kings of Spain (Anacephaleosis) of Alfonso de Cartagena, described the historical sequence of the families of the kings of Spain ...\" \/>\n<meta name=\"robots\" content=\"index, follow, max-snippet:-1, max-image-preview:large, max-video-preview:-1\" \/>\n<link rel=\"canonical\" href=\"https:\/\/www.comprarmejor.es\/en\/product\/genealogy-of-the-kings-of-spain-anacephaleosis-c-1530-issue-1\/\" \/>\n<meta property=\"og:locale\" content=\"en_US\" \/>\n<meta property=\"og:type\" content=\"article\" \/>\n<meta property=\"og:title\" content=\"Genealogy of the Kings of Spain (Anacephaleosis), c. 1530 (Issue 1)\" \/>\n<meta property=\"og:description\" content=\"The Genealogy of the Kings of Spain (Anacephaleosis) of Alfonso de Cartagena, described the historical sequence of the families of the kings of Spain ...\" \/>\n<meta property=\"og:url\" content=\"https:\/\/www.comprarmejor.es\/en\/product\/genealogy-of-the-kings-of-spain-anacephaleosis-c-1530-issue-1\/\" \/>\n<meta property=\"og:site_name\" content=\"ComprarMejor\" \/>\n<meta property=\"article:modified_time\" content=\"2019-08-29T14:01:54+00:00\" \/>\n<meta property=\"og:image\" content=\"https:\/\/www.comprarmejor.es\/wp-content\/uploads\/2015\/12\/p_1_8_8_0_1880-Genealogia-de-los-Reyes-de-Espana-Anacephaleosis-c.-1530-Numero-1.jpg\" \/>\n\t<meta property=\"og:image:width\" content=\"600\" \/>\n\t<meta property=\"og:image:height\" content=\"425\" \/>\n\t<meta property=\"og:image:type\" content=\"image\/jpeg\" \/>\n<meta name=\"twitter:card\" content=\"summary_large_image\" \/>\n<meta name=\"twitter:label1\" content=\"Est. reading time\" \/>\n\t<meta name=\"twitter:data1\" content=\"2 minutes\" \/>\n<script type=\"application\/ld+json\" class=\"yoast-schema-graph\">{\"@context\":\"https:\\\/\\\/schema.org\",\"@graph\":[{\"@type\":\"WebPage\",\"@id\":\"https:\\\/\\\/www.comprarmejor.es\\\/en\\\/product\\\/genealogy-of-the-kings-of-spain-anacephaleosis-c-1530-issue-1\\\/\",\"url\":\"https:\\\/\\\/www.comprarmejor.es\\\/en\\\/product\\\/genealogy-of-the-kings-of-spain-anacephaleosis-c-1530-issue-1\\\/\",\"name\":\"Genealogy of the Kings of Spain (Anacephaleosis), c. 1530 (Issue 1)\",\"isPartOf\":{\"@id\":\"https:\\\/\\\/www.comprarmejor.es\\\/en\\\/#website\"},\"primaryImageOfPage\":{\"@id\":\"https:\\\/\\\/www.comprarmejor.es\\\/en\\\/product\\\/genealogy-of-the-kings-of-spain-anacephaleosis-c-1530-issue-1\\\/#primaryimage\"},\"image\":{\"@id\":\"https:\\\/\\\/www.comprarmejor.es\\\/en\\\/product\\\/genealogy-of-the-kings-of-spain-anacephaleosis-c-1530-issue-1\\\/#primaryimage\"},\"thumbnailUrl\":\"https:\\\/\\\/www.comprarmejor.es\\\/wp-content\\\/uploads\\\/2015\\\/12\\\/p_1_8_8_0_1880-Genealogia-de-los-Reyes-de-Espana-Anacephaleosis-c.-1530-Numero-1.jpg\",\"datePublished\":\"2015-12-18T11:23:17+00:00\",\"dateModified\":\"2019-08-29T14:01:54+00:00\",\"description\":\"The Genealogy of the Kings of Spain (Anacephaleosis) of Alfonso de Cartagena, described the historical sequence of the families of the kings of Spain ...\",\"breadcrumb\":{\"@id\":\"https:\\\/\\\/www.comprarmejor.es\\\/en\\\/product\\\/genealogy-of-the-kings-of-spain-anacephaleosis-c-1530-issue-1\\\/#breadcrumb\"},\"inLanguage\":\"en-US\",\"potentialAction\":[{\"@type\":\"ReadAction\",\"target\":[\"https:\\\/\\\/www.comprarmejor.es\\\/en\\\/product\\\/genealogy-of-the-kings-of-spain-anacephaleosis-c-1530-issue-1\\\/\"]}]},{\"@type\":\"ImageObject\",\"inLanguage\":\"en-US\",\"@id\":\"https:\\\/\\\/www.comprarmejor.es\\\/en\\\/product\\\/genealogy-of-the-kings-of-spain-anacephaleosis-c-1530-issue-1\\\/#primaryimage\",\"url\":\"https:\\\/\\\/www.comprarmejor.es\\\/wp-content\\\/uploads\\\/2015\\\/12\\\/p_1_8_8_0_1880-Genealogia-de-los-Reyes-de-Espana-Anacephaleosis-c.-1530-Numero-1.jpg\",\"contentUrl\":\"https:\\\/\\\/www.comprarmejor.es\\\/wp-content\\\/uploads\\\/2015\\\/12\\\/p_1_8_8_0_1880-Genealogia-de-los-Reyes-de-Espana-Anacephaleosis-c.-1530-Numero-1.jpg\",\"width\":600,\"height\":425},{\"@type\":\"BreadcrumbList\",\"@id\":\"https:\\\/\\\/www.comprarmejor.es\\\/en\\\/product\\\/genealogy-of-the-kings-of-spain-anacephaleosis-c-1530-issue-1\\\/#breadcrumb\",\"itemListElement\":[{\"@type\":\"ListItem\",\"position\":1,\"name\":\"Portada\",\"item\":\"https:\\\/\\\/www.comprarmejor.es\\\/en\\\/\"},{\"@type\":\"ListItem\",\"position\":2,\"name\":\"Shop\",\"item\":\"https:\\\/\\\/www.comprarmejor.es\\\/en\\\/shop\\\/\"},{\"@type\":\"ListItem\",\"position\":3,\"name\":\"Genealogy of the Kings of Spain (Anacephaleosis), c. 1530 (Issue 1) *****\"}]},{\"@type\":\"WebSite\",\"@id\":\"https:\\\/\\\/www.comprarmejor.es\\\/en\\\/#website\",\"url\":\"https:\\\/\\\/www.comprarmejor.es\\\/en\\\/\",\"name\":\"ComprarMejor\",\"description\":\"ComprarMejor\",\"publisher\":{\"@id\":\"https:\\\/\\\/www.comprarmejor.es\\\/en\\\/#organization\"},\"potentialAction\":[{\"@type\":\"SearchAction\",\"target\":{\"@type\":\"EntryPoint\",\"urlTemplate\":\"https:\\\/\\\/www.comprarmejor.es\\\/en\\\/?s={search_term_string}\"},\"query-input\":{\"@type\":\"PropertyValueSpecification\",\"valueRequired\":true,\"valueName\":\"search_term_string\"}}],\"inLanguage\":\"en-US\"},{\"@type\":\"Organization\",\"@id\":\"https:\\\/\\\/www.comprarmejor.es\\\/en\\\/#organization\",\"name\":\"COMPRAR MEJOR\",\"url\":\"https:\\\/\\\/www.comprarmejor.es\\\/en\\\/\",\"logo\":{\"@type\":\"ImageObject\",\"inLanguage\":\"en-US\",\"@id\":\"https:\\\/\\\/www.comprarmejor.es\\\/en\\\/#\\\/schema\\\/logo\\\/image\\\/\",\"url\":\"https:\\\/\\\/www.comprarmejor.es\\\/wp-content\\\/uploads\\\/2025\\\/09\\\/comprarmejortrinidad.jpg\",\"contentUrl\":\"https:\\\/\\\/www.comprarmejor.es\\\/wp-content\\\/uploads\\\/2025\\\/09\\\/comprarmejortrinidad.jpg\",\"width\":1022,\"height\":1380,\"caption\":\"COMPRAR MEJOR\"},\"image\":{\"@id\":\"https:\\\/\\\/www.comprarmejor.es\\\/en\\\/#\\\/schema\\\/logo\\\/image\\\/\"},\"sameAs\":[\"https:\\\/\\\/www.instagram.com\\\/amigosdelcodice\"]}]}<\/script>\n<!-- \/ Yoast SEO plugin. -->","yoast_head_json":{"title":"Genealogy of the Kings of Spain (Anacephaleosis), c. 1530 (Issue 1)","description":"The Genealogy of the Kings of Spain (Anacephaleosis) of Alfonso de Cartagena, described the historical sequence of the families of the kings of Spain ...","robots":{"index":"index","follow":"follow","max-snippet":"max-snippet:-1","max-image-preview":"max-image-preview:large","max-video-preview":"max-video-preview:-1"},"canonical":"https:\/\/www.comprarmejor.es\/en\/product\/genealogy-of-the-kings-of-spain-anacephaleosis-c-1530-issue-1\/","og_locale":"en_US","og_type":"article","og_title":"Genealogy of the Kings of Spain (Anacephaleosis), c. 1530 (Issue 1)","og_description":"The Genealogy of the Kings of Spain (Anacephaleosis) of Alfonso de Cartagena, described the historical sequence of the families of the kings of Spain ...","og_url":"https:\/\/www.comprarmejor.es\/en\/product\/genealogy-of-the-kings-of-spain-anacephaleosis-c-1530-issue-1\/","og_site_name":"ComprarMejor","article_modified_time":"2019-08-29T14:01:54+00:00","og_image":[{"width":600,"height":425,"url":"https:\/\/www.comprarmejor.es\/wp-content\/uploads\/2015\/12\/p_1_8_8_0_1880-Genealogia-de-los-Reyes-de-Espana-Anacephaleosis-c.-1530-Numero-1.jpg","type":"image\/jpeg"}],"twitter_card":"summary_large_image","twitter_misc":{"Est. reading time":"2 minutes"},"schema":{"@context":"https:\/\/schema.org","@graph":[{"@type":"WebPage","@id":"https:\/\/www.comprarmejor.es\/en\/product\/genealogy-of-the-kings-of-spain-anacephaleosis-c-1530-issue-1\/","url":"https:\/\/www.comprarmejor.es\/en\/product\/genealogy-of-the-kings-of-spain-anacephaleosis-c-1530-issue-1\/","name":"Genealogy of the Kings of Spain (Anacephaleosis), c. 1530 (Issue 1)","isPartOf":{"@id":"https:\/\/www.comprarmejor.es\/en\/#website"},"primaryImageOfPage":{"@id":"https:\/\/www.comprarmejor.es\/en\/product\/genealogy-of-the-kings-of-spain-anacephaleosis-c-1530-issue-1\/#primaryimage"},"image":{"@id":"https:\/\/www.comprarmejor.es\/en\/product\/genealogy-of-the-kings-of-spain-anacephaleosis-c-1530-issue-1\/#primaryimage"},"thumbnailUrl":"https:\/\/www.comprarmejor.es\/wp-content\/uploads\/2015\/12\/p_1_8_8_0_1880-Genealogia-de-los-Reyes-de-Espana-Anacephaleosis-c.-1530-Numero-1.jpg","datePublished":"2015-12-18T11:23:17+00:00","dateModified":"2019-08-29T14:01:54+00:00","description":"The Genealogy of the Kings of Spain (Anacephaleosis) of Alfonso de Cartagena, described the historical sequence of the families of the kings of Spain ...","breadcrumb":{"@id":"https:\/\/www.comprarmejor.es\/en\/product\/genealogy-of-the-kings-of-spain-anacephaleosis-c-1530-issue-1\/#breadcrumb"},"inLanguage":"en-US","potentialAction":[{"@type":"ReadAction","target":["https:\/\/www.comprarmejor.es\/en\/product\/genealogy-of-the-kings-of-spain-anacephaleosis-c-1530-issue-1\/"]}]},{"@type":"ImageObject","inLanguage":"en-US","@id":"https:\/\/www.comprarmejor.es\/en\/product\/genealogy-of-the-kings-of-spain-anacephaleosis-c-1530-issue-1\/#primaryimage","url":"https:\/\/www.comprarmejor.es\/wp-content\/uploads\/2015\/12\/p_1_8_8_0_1880-Genealogia-de-los-Reyes-de-Espana-Anacephaleosis-c.-1530-Numero-1.jpg","contentUrl":"https:\/\/www.comprarmejor.es\/wp-content\/uploads\/2015\/12\/p_1_8_8_0_1880-Genealogia-de-los-Reyes-de-Espana-Anacephaleosis-c.-1530-Numero-1.jpg","width":600,"height":425},{"@type":"BreadcrumbList","@id":"https:\/\/www.comprarmejor.es\/en\/product\/genealogy-of-the-kings-of-spain-anacephaleosis-c-1530-issue-1\/#breadcrumb","itemListElement":[{"@type":"ListItem","position":1,"name":"Portada","item":"https:\/\/www.comprarmejor.es\/en\/"},{"@type":"ListItem","position":2,"name":"Shop","item":"https:\/\/www.comprarmejor.es\/en\/shop\/"},{"@type":"ListItem","position":3,"name":"Genealogy of the Kings of Spain (Anacephaleosis), c. 1530 (Issue 1) *****"}]},{"@type":"WebSite","@id":"https:\/\/www.comprarmejor.es\/en\/#website","url":"https:\/\/www.comprarmejor.es\/en\/","name":"ComprarMejor","description":"ComprarMejor","publisher":{"@id":"https:\/\/www.comprarmejor.es\/en\/#organization"},"potentialAction":[{"@type":"SearchAction","target":{"@type":"EntryPoint","urlTemplate":"https:\/\/www.comprarmejor.es\/en\/?s={search_term_string}"},"query-input":{"@type":"PropertyValueSpecification","valueRequired":true,"valueName":"search_term_string"}}],"inLanguage":"en-US"},{"@type":"Organization","@id":"https:\/\/www.comprarmejor.es\/en\/#organization","name":"COMPRAR MEJOR","url":"https:\/\/www.comprarmejor.es\/en\/","logo":{"@type":"ImageObject","inLanguage":"en-US","@id":"https:\/\/www.comprarmejor.es\/en\/#\/schema\/logo\/image\/","url":"https:\/\/www.comprarmejor.es\/wp-content\/uploads\/2025\/09\/comprarmejortrinidad.jpg","contentUrl":"https:\/\/www.comprarmejor.es\/wp-content\/uploads\/2025\/09\/comprarmejortrinidad.jpg","width":1022,"height":1380,"caption":"COMPRAR MEJOR"},"image":{"@id":"https:\/\/www.comprarmejor.es\/en\/#\/schema\/logo\/image\/"},"sameAs":["https:\/\/www.instagram.com\/amigosdelcodice"]}]}},"_links":{"self":[{"href":"https:\/\/www.comprarmejor.es\/en\/wp-json\/wp\/v2\/product\/50243","targetHints":{"allow":["GET"]}}],"collection":[{"href":"https:\/\/www.comprarmejor.es\/en\/wp-json\/wp\/v2\/product"}],"about":[{"href":"https:\/\/www.comprarmejor.es\/en\/wp-json\/wp\/v2\/types\/product"}],"wp:featuredmedia":[{"embeddable":true,"href":"https:\/\/www.comprarmejor.es\/en\/wp-json\/wp\/v2\/media\/50223"}],"wp:attachment":[{"href":"https:\/\/www.comprarmejor.es\/en\/wp-json\/wp\/v2\/media?parent=50243"}],"wp:term":[{"taxonomy":"product_brand","embeddable":true,"href":"https:\/\/www.comprarmejor.es\/en\/wp-json\/wp\/v2\/product_brand?post=50243"},{"taxonomy":"product_cat","embeddable":true,"href":"https:\/\/www.comprarmejor.es\/en\/wp-json\/wp\/v2\/product_cat?post=50243"},{"taxonomy":"product_tag","embeddable":true,"href":"https:\/\/www.comprarmejor.es\/en\/wp-json\/wp\/v2\/product_tag?post=50243"}],"curies":[{"name":"wp","href":"https:\/\/api.w.org\/{rel}","templated":true}]}}