{"id":50279,"date":"2015-12-18T13:31:13","date_gmt":"2015-12-18T12:31:13","guid":{"rendered":"https:\/\/www.comprarmejor.es\/producto\/handmade-wooden-case\/"},"modified":"2023-07-30T11:03:17","modified_gmt":"2023-07-30T09:03:17","slug":"goya-s-book-of-caprices-1799-1999","status":"publish","type":"product","link":"https:\/\/www.comprarmejor.es\/en\/product\/goya-s-book-of-caprices-1799-1999\/","title":{"rendered":"Goya&#8217;s Book of Caprices (1799-1999)"},"content":{"rendered":"<p style=\"text-align: justify;\"><strong>The book of Caprices<\/strong>, <strong>Francisco de Goya<\/strong>. Two centuries of interpretations (1799-1999). Catalog of the drawings, state tests, copper sheets and stamps of the first edition. Authors: Javier Blas, Jos\u00e9 Manuel Matilla Rodr\u00edguez and Jos\u00e9 Miguel Medrano. Edited by the Museo Nacional del Prado in 1999 with the collaboration of Calcograf\u00eda Nacional (Real Academia de Bellas Artes de San Fernando). <span class=\"HwtZe\" lang=\"en\"><span class=\"jCAhz ChMk0b\"><span class=\"ryNqvb\">Texts in Spanish<\/span><\/span><\/span>.<\/p>\n<p style=\"text-align: justify;\">This book brings together the most exhaustive repertoire of images of the &#8220;Caprichos&#8221; published so far. The drawings, matrices and stamps that make up the creative process of each of the 80 works are reproduced in facsimile, from the album designs to the stamps of the first edition, including the &#8220;Dreams&#8221; and other preparatory drawings, state tests and copper sheets. In addition, the list of images is completed by 4 stamps conceptually related to the series of which the edition was never made, and 2 &#8220;Dreams&#8221; whose stamp is not preserved although they present the unequivocal sign of having been transferred to a metallic matrix.<\/p>\n<p style=\"text-align: justify;\">The Diario de Madrid of February 6, 1799 announced the release of the collection of prints that would give the greatest name to Goya and contemporary Spanish engraving. About 300 copies were made of the first edition. Four years later, Goya gives King Carlos IV the 240 remaining copies, along with the original plates, in exchange for a pension for his son Javier. Only this first edition was made under the watchful eye of the painter. In these stamping works, plate 45 suffered a scratch on the face of the central witch. Few collections are preserved without this line, among them that of the University of Zaragoza. Only three copies of the first edition are preserved with the period handwritten comments.<\/p>\n<p style=\"text-align: justify;\">Bound in Dutch hardcover on fabric and patterned paper. Landscape format 40 x 35 cm. 416 pages on heavyweight paper. Weight of almost 6 kg.<\/p>\n<p style=\"text-align: justify;\">Exemplary in perfect condition. An essential book to understand, understand and study this great artistic work by Goya.<\/p>\n<p style=\"text-align: justify;\"><span class=\"hps\"><span class=\"VIiyi\" lang=\"en\"><span class=\"JLqJ4b\" data-language-for-alternatives=\"en\" data-language-to-translate-into=\"es\" data-phrase-index=\"0\" data-number-of-phrases=\"1\"><span class=\"HwtZe\" lang=\"en\"><span class=\"jCAhz ChMk0b\"><span class=\"ryNqvb\">Shipping costs according to order and destination<\/span><\/span><\/span><\/span><\/span>.<\/span>\u00a0<a class=\"btn btn-default\" href=\"https:\/\/www.comprarmejor.es\/en\/contact\">Ask us<\/a> <span class=\"VIiyi\" lang=\"en\"><span class=\"JLqJ4b\" data-language-for-alternatives=\"en\" data-language-to-translate-into=\"es\" data-phrase-index=\"0\" data-number-of-phrases=\"1\">without obligation (indicating the reference of the article) any questions.<\/span><\/span><\/p>\n","protected":false},"excerpt":{"rendered":"<p style=\"text-align: justify;\"><span id=\"result_box\" lang=\"en\" xml:lang=\"en\"><span class=\"hps\"><span class=\"tlid-translation translation\" lang=\"en\"><span class=\"VIiyi\" lang=\"en\"><span class=\"JLqJ4b\" data-language-for-alternatives=\"en\" data-language-to-translate-into=\"es\" data-phrase-index=\"0\" data-number-of-phrases=\"1\">The book of Caprices, Francisco de Goya. Two centuries of interpretations (1799-1999). Catalog of the drawings, state tests, copper sheets and stamps of the first edition.<\/span><\/span><\/span><\/span><\/span><\/p>\n","protected":false},"featured_media":71472,"template":"","meta":[],"product_brand":[],"product_cat":[2266,2246],"product_tag":[4618,5130,4108],"class_list":{"0":"post-50279","1":"product","2":"type-product","3":"status-publish","4":"has-post-thumbnail","6":"product_cat-engravings","7":"product_cat-study-books","8":"product_tag-caprichos-en","9":"product_tag-engravings-en","10":"product_tag-goya-en-2","11":"product_shipping_class-from-6-to-10-kg","12":"description-off","14":"first","15":"instock","16":"taxable","17":"shipping-taxable","18":"purchasable","19":"product-type-simple"},"yoast_head":"<!-- This site is optimized with the Yoast SEO plugin v27.3 - https:\/\/yoast.com\/product\/yoast-seo-wordpress\/ -->\n<title>Goya&#039;s Book of Caprices (1799-1999)<\/title>\n<meta name=\"description\" content=\"The book of Caprices, Francisco de Goya. Two centuries of interpretations (1799-1999). Catalog of the drawings, state tests, copper sheets...\" \/>\n<meta name=\"robots\" content=\"index, follow, max-snippet:-1, max-image-preview:large, max-video-preview:-1\" \/>\n<link rel=\"canonical\" href=\"https:\/\/www.comprarmejor.es\/en\/product\/goya-s-book-of-caprices-1799-1999\/\" \/>\n<meta property=\"og:locale\" content=\"en_US\" \/>\n<meta property=\"og:type\" content=\"article\" \/>\n<meta property=\"og:title\" content=\"Goya&#039;s Book of Caprices (1799-1999)\" \/>\n<meta property=\"og:description\" content=\"The book of Caprices, Francisco de Goya. Two centuries of interpretations (1799-1999). Catalog of the drawings, state tests, copper sheets...\" \/>\n<meta property=\"og:url\" content=\"https:\/\/www.comprarmejor.es\/en\/product\/goya-s-book-of-caprices-1799-1999\/\" \/>\n<meta property=\"og:site_name\" content=\"ComprarMejor\" \/>\n<meta property=\"article:modified_time\" content=\"2023-07-30T09:03:17+00:00\" \/>\n<meta property=\"og:image\" content=\"https:\/\/www.comprarmejor.es\/wp-content\/uploads\/2015\/12\/DSC06363.jpg\" \/>\n\t<meta property=\"og:image:width\" content=\"600\" \/>\n\t<meta property=\"og:image:height\" content=\"461\" \/>\n\t<meta property=\"og:image:type\" content=\"image\/jpeg\" \/>\n<meta name=\"twitter:card\" content=\"summary_large_image\" \/>\n<meta name=\"twitter:label1\" content=\"Est. reading time\" \/>\n\t<meta name=\"twitter:data1\" content=\"2 minutes\" \/>\n<script type=\"application\/ld+json\" class=\"yoast-schema-graph\">{\"@context\":\"https:\\\/\\\/schema.org\",\"@graph\":[{\"@type\":\"WebPage\",\"@id\":\"https:\\\/\\\/www.comprarmejor.es\\\/en\\\/product\\\/goya-s-book-of-caprices-1799-1999\\\/\",\"url\":\"https:\\\/\\\/www.comprarmejor.es\\\/en\\\/product\\\/goya-s-book-of-caprices-1799-1999\\\/\",\"name\":\"Goya's Book of Caprices (1799-1999)\",\"isPartOf\":{\"@id\":\"https:\\\/\\\/www.comprarmejor.es\\\/en\\\/#website\"},\"primaryImageOfPage\":{\"@id\":\"https:\\\/\\\/www.comprarmejor.es\\\/en\\\/product\\\/goya-s-book-of-caprices-1799-1999\\\/#primaryimage\"},\"image\":{\"@id\":\"https:\\\/\\\/www.comprarmejor.es\\\/en\\\/product\\\/goya-s-book-of-caprices-1799-1999\\\/#primaryimage\"},\"thumbnailUrl\":\"https:\\\/\\\/www.comprarmejor.es\\\/wp-content\\\/uploads\\\/2015\\\/12\\\/DSC06363.jpg\",\"datePublished\":\"2015-12-18T12:31:13+00:00\",\"dateModified\":\"2023-07-30T09:03:17+00:00\",\"description\":\"The book of Caprices, Francisco de Goya. Two centuries of interpretations (1799-1999). Catalog of the drawings, state tests, copper sheets...\",\"breadcrumb\":{\"@id\":\"https:\\\/\\\/www.comprarmejor.es\\\/en\\\/product\\\/goya-s-book-of-caprices-1799-1999\\\/#breadcrumb\"},\"inLanguage\":\"en-US\",\"potentialAction\":[{\"@type\":\"ReadAction\",\"target\":[\"https:\\\/\\\/www.comprarmejor.es\\\/en\\\/product\\\/goya-s-book-of-caprices-1799-1999\\\/\"]}]},{\"@type\":\"ImageObject\",\"inLanguage\":\"en-US\",\"@id\":\"https:\\\/\\\/www.comprarmejor.es\\\/en\\\/product\\\/goya-s-book-of-caprices-1799-1999\\\/#primaryimage\",\"url\":\"https:\\\/\\\/www.comprarmejor.es\\\/wp-content\\\/uploads\\\/2015\\\/12\\\/DSC06363.jpg\",\"contentUrl\":\"https:\\\/\\\/www.comprarmejor.es\\\/wp-content\\\/uploads\\\/2015\\\/12\\\/DSC06363.jpg\",\"width\":600,\"height\":461},{\"@type\":\"BreadcrumbList\",\"@id\":\"https:\\\/\\\/www.comprarmejor.es\\\/en\\\/product\\\/goya-s-book-of-caprices-1799-1999\\\/#breadcrumb\",\"itemListElement\":[{\"@type\":\"ListItem\",\"position\":1,\"name\":\"Portada\",\"item\":\"https:\\\/\\\/www.comprarmejor.es\\\/en\\\/\"},{\"@type\":\"ListItem\",\"position\":2,\"name\":\"Shop\",\"item\":\"https:\\\/\\\/www.comprarmejor.es\\\/en\\\/shop\\\/\"},{\"@type\":\"ListItem\",\"position\":3,\"name\":\"Goya&#8217;s Book of Caprices (1799-1999)\"}]},{\"@type\":\"WebSite\",\"@id\":\"https:\\\/\\\/www.comprarmejor.es\\\/en\\\/#website\",\"url\":\"https:\\\/\\\/www.comprarmejor.es\\\/en\\\/\",\"name\":\"ComprarMejor\",\"description\":\"ComprarMejor\",\"publisher\":{\"@id\":\"https:\\\/\\\/www.comprarmejor.es\\\/en\\\/#organization\"},\"potentialAction\":[{\"@type\":\"SearchAction\",\"target\":{\"@type\":\"EntryPoint\",\"urlTemplate\":\"https:\\\/\\\/www.comprarmejor.es\\\/en\\\/?s={search_term_string}\"},\"query-input\":{\"@type\":\"PropertyValueSpecification\",\"valueRequired\":true,\"valueName\":\"search_term_string\"}}],\"inLanguage\":\"en-US\"},{\"@type\":\"Organization\",\"@id\":\"https:\\\/\\\/www.comprarmejor.es\\\/en\\\/#organization\",\"name\":\"COMPRAR MEJOR\",\"url\":\"https:\\\/\\\/www.comprarmejor.es\\\/en\\\/\",\"logo\":{\"@type\":\"ImageObject\",\"inLanguage\":\"en-US\",\"@id\":\"https:\\\/\\\/www.comprarmejor.es\\\/en\\\/#\\\/schema\\\/logo\\\/image\\\/\",\"url\":\"https:\\\/\\\/www.comprarmejor.es\\\/wp-content\\\/uploads\\\/2025\\\/09\\\/comprarmejortrinidad.jpg\",\"contentUrl\":\"https:\\\/\\\/www.comprarmejor.es\\\/wp-content\\\/uploads\\\/2025\\\/09\\\/comprarmejortrinidad.jpg\",\"width\":1022,\"height\":1380,\"caption\":\"COMPRAR MEJOR\"},\"image\":{\"@id\":\"https:\\\/\\\/www.comprarmejor.es\\\/en\\\/#\\\/schema\\\/logo\\\/image\\\/\"},\"sameAs\":[\"https:\\\/\\\/www.instagram.com\\\/amigosdelcodice\"]}]}<\/script>\n<!-- \/ Yoast SEO plugin. -->","yoast_head_json":{"title":"Goya's Book of Caprices (1799-1999)","description":"The book of Caprices, Francisco de Goya. Two centuries of interpretations (1799-1999). Catalog of the drawings, state tests, copper sheets...","robots":{"index":"index","follow":"follow","max-snippet":"max-snippet:-1","max-image-preview":"max-image-preview:large","max-video-preview":"max-video-preview:-1"},"canonical":"https:\/\/www.comprarmejor.es\/en\/product\/goya-s-book-of-caprices-1799-1999\/","og_locale":"en_US","og_type":"article","og_title":"Goya's Book of Caprices (1799-1999)","og_description":"The book of Caprices, Francisco de Goya. Two centuries of interpretations (1799-1999). Catalog of the drawings, state tests, copper sheets...","og_url":"https:\/\/www.comprarmejor.es\/en\/product\/goya-s-book-of-caprices-1799-1999\/","og_site_name":"ComprarMejor","article_modified_time":"2023-07-30T09:03:17+00:00","og_image":[{"width":600,"height":461,"url":"https:\/\/www.comprarmejor.es\/wp-content\/uploads\/2015\/12\/DSC06363.jpg","type":"image\/jpeg"}],"twitter_card":"summary_large_image","twitter_misc":{"Est. reading time":"2 minutes"},"schema":{"@context":"https:\/\/schema.org","@graph":[{"@type":"WebPage","@id":"https:\/\/www.comprarmejor.es\/en\/product\/goya-s-book-of-caprices-1799-1999\/","url":"https:\/\/www.comprarmejor.es\/en\/product\/goya-s-book-of-caprices-1799-1999\/","name":"Goya's Book of Caprices (1799-1999)","isPartOf":{"@id":"https:\/\/www.comprarmejor.es\/en\/#website"},"primaryImageOfPage":{"@id":"https:\/\/www.comprarmejor.es\/en\/product\/goya-s-book-of-caprices-1799-1999\/#primaryimage"},"image":{"@id":"https:\/\/www.comprarmejor.es\/en\/product\/goya-s-book-of-caprices-1799-1999\/#primaryimage"},"thumbnailUrl":"https:\/\/www.comprarmejor.es\/wp-content\/uploads\/2015\/12\/DSC06363.jpg","datePublished":"2015-12-18T12:31:13+00:00","dateModified":"2023-07-30T09:03:17+00:00","description":"The book of Caprices, Francisco de Goya. Two centuries of interpretations (1799-1999). Catalog of the drawings, state tests, copper sheets...","breadcrumb":{"@id":"https:\/\/www.comprarmejor.es\/en\/product\/goya-s-book-of-caprices-1799-1999\/#breadcrumb"},"inLanguage":"en-US","potentialAction":[{"@type":"ReadAction","target":["https:\/\/www.comprarmejor.es\/en\/product\/goya-s-book-of-caprices-1799-1999\/"]}]},{"@type":"ImageObject","inLanguage":"en-US","@id":"https:\/\/www.comprarmejor.es\/en\/product\/goya-s-book-of-caprices-1799-1999\/#primaryimage","url":"https:\/\/www.comprarmejor.es\/wp-content\/uploads\/2015\/12\/DSC06363.jpg","contentUrl":"https:\/\/www.comprarmejor.es\/wp-content\/uploads\/2015\/12\/DSC06363.jpg","width":600,"height":461},{"@type":"BreadcrumbList","@id":"https:\/\/www.comprarmejor.es\/en\/product\/goya-s-book-of-caprices-1799-1999\/#breadcrumb","itemListElement":[{"@type":"ListItem","position":1,"name":"Portada","item":"https:\/\/www.comprarmejor.es\/en\/"},{"@type":"ListItem","position":2,"name":"Shop","item":"https:\/\/www.comprarmejor.es\/en\/shop\/"},{"@type":"ListItem","position":3,"name":"Goya&#8217;s Book of Caprices (1799-1999)"}]},{"@type":"WebSite","@id":"https:\/\/www.comprarmejor.es\/en\/#website","url":"https:\/\/www.comprarmejor.es\/en\/","name":"ComprarMejor","description":"ComprarMejor","publisher":{"@id":"https:\/\/www.comprarmejor.es\/en\/#organization"},"potentialAction":[{"@type":"SearchAction","target":{"@type":"EntryPoint","urlTemplate":"https:\/\/www.comprarmejor.es\/en\/?s={search_term_string}"},"query-input":{"@type":"PropertyValueSpecification","valueRequired":true,"valueName":"search_term_string"}}],"inLanguage":"en-US"},{"@type":"Organization","@id":"https:\/\/www.comprarmejor.es\/en\/#organization","name":"COMPRAR MEJOR","url":"https:\/\/www.comprarmejor.es\/en\/","logo":{"@type":"ImageObject","inLanguage":"en-US","@id":"https:\/\/www.comprarmejor.es\/en\/#\/schema\/logo\/image\/","url":"https:\/\/www.comprarmejor.es\/wp-content\/uploads\/2025\/09\/comprarmejortrinidad.jpg","contentUrl":"https:\/\/www.comprarmejor.es\/wp-content\/uploads\/2025\/09\/comprarmejortrinidad.jpg","width":1022,"height":1380,"caption":"COMPRAR MEJOR"},"image":{"@id":"https:\/\/www.comprarmejor.es\/en\/#\/schema\/logo\/image\/"},"sameAs":["https:\/\/www.instagram.com\/amigosdelcodice"]}]}},"_links":{"self":[{"href":"https:\/\/www.comprarmejor.es\/en\/wp-json\/wp\/v2\/product\/50279","targetHints":{"allow":["GET"]}}],"collection":[{"href":"https:\/\/www.comprarmejor.es\/en\/wp-json\/wp\/v2\/product"}],"about":[{"href":"https:\/\/www.comprarmejor.es\/en\/wp-json\/wp\/v2\/types\/product"}],"wp:featuredmedia":[{"embeddable":true,"href":"https:\/\/www.comprarmejor.es\/en\/wp-json\/wp\/v2\/media\/71472"}],"wp:attachment":[{"href":"https:\/\/www.comprarmejor.es\/en\/wp-json\/wp\/v2\/media?parent=50279"}],"wp:term":[{"taxonomy":"product_brand","embeddable":true,"href":"https:\/\/www.comprarmejor.es\/en\/wp-json\/wp\/v2\/product_brand?post=50279"},{"taxonomy":"product_cat","embeddable":true,"href":"https:\/\/www.comprarmejor.es\/en\/wp-json\/wp\/v2\/product_cat?post=50279"},{"taxonomy":"product_tag","embeddable":true,"href":"https:\/\/www.comprarmejor.es\/en\/wp-json\/wp\/v2\/product_tag?post=50279"}],"curies":[{"name":"wp","href":"https:\/\/api.w.org\/{rel}","templated":true}]}}