{"id":50337,"date":"2015-12-19T09:53:11","date_gmt":"2015-12-19T08:53:11","guid":{"rendered":"https:\/\/www.comprarmejor.es\/producto\/sphaerae-coelestis-et-planetarum-descriptio-de-sphaera-sphere-c-1470\/"},"modified":"2025-02-13T15:50:19","modified_gmt":"2025-02-13T14:50:19","slug":"the-mummy-novel-theophilus-gautier-c-1900-artistic-binding","status":"publish","type":"product","link":"https:\/\/www.comprarmejor.es\/en\/product\/the-mummy-novel-theophilus-gautier-c-1900-artistic-binding\/","title":{"rendered":"1900 The mummy novel. Theophilus Gautier. c.1900, artistic binding"},"content":{"rendered":"<p style=\"text-align: justify;\">\u201cThe novel of the mummy\u201d, by Te\u00f3filo Gautier (1811-1872), a copy of the Calleja edition ca.1900, presented in a spectacular artistic binding, completely handmade. Unique and exclusive specimen.<\/p>\n<p style=\"text-align: justify;\">Handmade binding in asymmetrical cracked half leather. Silver gilded spine. Covered in papyrus overlapped by the skin. Front cover in authentic Egyptian painted papyrus, somewhat delicate. The rest of national papyrus.<br \/>\nBook format 12.5 x 18 cm. 260 pages with fairly tanned paper, although in good condition despite being more than 120 years old (plus, we are telling the story of a mummy, something will be impregnated).<br \/>\nConservation and exhibition box in two-color papyrus and a bronze medallion inlaid with a figure of a pharaoh. Format 13.3 x 18.5 x 6.5 cm.<\/p>\n<p style=\"text-align: justify;\">Copy of the collection that the editor called \u201cLiterary works by famous authors, Calleja Library.\u201d<\/p>\n<p style=\"text-align: justify;\">Beautiful unique copy with this exclusive presentation, ideal for giving as a gift.<\/p>\n<p style=\"text-align: justify;\">Shipping costs according to order and destination<span title=\"Gastos de env\u00edo por cuenta del comprador seg\u00fan pedido y destino.\">.\u00a0<\/span><span title=\"Cons\u00faltenos cualquier duda, as\u00ed como por cualquier otro facs\u00edmile que est\u00e9 buscando.\"><a class=\"btn btn-default\" href=\"https:\/\/www.comprarmejor.es\/en\/contact\">Ask us<\/a> <span class=\"HwtZe\" lang=\"en\"><span class=\"jCAhz ChMk0b\"><span class=\"ryNqvb\">any questions, indicating the article reference.<\/span><\/span><\/span><br \/>\n<\/span><\/p>\n","protected":false},"excerpt":{"rendered":"<p style=\"text-align: justify;\"><span id=\"result_box\" lang=\"en\" xml:lang=\"en\"><span class=\"HwtZe\" lang=\"en\"><span class=\"jCAhz ChMk0b\"><span class=\"ryNqvb\">\u201cThe novel of the mummy\u201d, by Te\u00f3filo Gautier (1811-1872), a copy of the Calleja edition c.1900, presented in a spectacular artistic binding,<\/span><\/span><\/span><br \/>\n<\/span><\/p>\n","protected":false},"featured_media":91757,"template":"","meta":[],"product_brand":[],"product_cat":[2210,5118,2230,2238,2202],"product_tag":[5791,5792,5822,4582],"class_list":{"0":"post-50337","1":"product","2":"type-product","3":"status-publish","4":"has-post-thumbnail","6":"product_cat-bibliophilia","7":"product_cat-bindings","8":"product_cat-egyptomania","9":"product_cat-exclusive-copies","10":"product_cat-old-books","11":"product_tag-arte-en","12":"product_tag-artesanal-en","13":"product_tag-bibliofilia-en","14":"product_tag-gautier-en-2","15":"product_shipping_class-from-2-to-5-kg","16":"description-off","18":"first","19":"instock","20":"taxable","21":"shipping-taxable","22":"purchasable","23":"product-type-simple"},"yoast_head":"<!-- This site is optimized with the Yoast SEO plugin v27.3 - https:\/\/yoast.com\/product\/yoast-seo-wordpress\/ -->\n<title>The mummy novel. Theophilus Gautier. c.1900, artistic binding<\/title>\n<meta name=\"description\" content=\"\u201cThe novel of the mummy\u201d, by Te\u00f3filo Gautier (1811-1872), a copy of the Calleja edition c.1900, presented in a spectacular artistic binding,\" \/>\n<meta name=\"robots\" content=\"index, follow, max-snippet:-1, max-image-preview:large, max-video-preview:-1\" \/>\n<link rel=\"canonical\" href=\"https:\/\/www.comprarmejor.es\/en\/product\/the-mummy-novel-theophilus-gautier-c-1900-artistic-binding\/\" \/>\n<meta property=\"og:locale\" content=\"en_US\" \/>\n<meta property=\"og:type\" content=\"article\" \/>\n<meta property=\"og:title\" content=\"The mummy novel. Theophilus Gautier. c.1900, artistic binding\" \/>\n<meta property=\"og:description\" content=\"\u201cThe novel of the mummy\u201d, by Te\u00f3filo Gautier (1811-1872), a copy of the Calleja edition c.1900, presented in a spectacular artistic binding,\" \/>\n<meta property=\"og:url\" content=\"https:\/\/www.comprarmejor.es\/en\/product\/the-mummy-novel-theophilus-gautier-c-1900-artistic-binding\/\" \/>\n<meta property=\"og:site_name\" content=\"ComprarMejor\" \/>\n<meta property=\"article:modified_time\" content=\"2025-02-13T14:50:19+00:00\" \/>\n<meta property=\"og:image\" content=\"https:\/\/www.comprarmejor.es\/wp-content\/uploads\/2015\/12\/09-1.jpg\" \/>\n\t<meta property=\"og:image:width\" content=\"603\" \/>\n\t<meta property=\"og:image:height\" content=\"405\" \/>\n\t<meta property=\"og:image:type\" content=\"image\/jpeg\" \/>\n<meta name=\"twitter:card\" content=\"summary_large_image\" \/>\n<meta name=\"twitter:label1\" content=\"Est. reading time\" \/>\n\t<meta name=\"twitter:data1\" content=\"1 minute\" \/>\n<script type=\"application\/ld+json\" class=\"yoast-schema-graph\">{\"@context\":\"https:\\\/\\\/schema.org\",\"@graph\":[{\"@type\":\"WebPage\",\"@id\":\"https:\\\/\\\/www.comprarmejor.es\\\/en\\\/product\\\/the-mummy-novel-theophilus-gautier-c-1900-artistic-binding\\\/\",\"url\":\"https:\\\/\\\/www.comprarmejor.es\\\/en\\\/product\\\/the-mummy-novel-theophilus-gautier-c-1900-artistic-binding\\\/\",\"name\":\"The mummy novel. Theophilus Gautier. c.1900, artistic binding\",\"isPartOf\":{\"@id\":\"https:\\\/\\\/www.comprarmejor.es\\\/en\\\/#website\"},\"primaryImageOfPage\":{\"@id\":\"https:\\\/\\\/www.comprarmejor.es\\\/en\\\/product\\\/the-mummy-novel-theophilus-gautier-c-1900-artistic-binding\\\/#primaryimage\"},\"image\":{\"@id\":\"https:\\\/\\\/www.comprarmejor.es\\\/en\\\/product\\\/the-mummy-novel-theophilus-gautier-c-1900-artistic-binding\\\/#primaryimage\"},\"thumbnailUrl\":\"https:\\\/\\\/www.comprarmejor.es\\\/wp-content\\\/uploads\\\/2015\\\/12\\\/09-1.jpg\",\"datePublished\":\"2015-12-19T08:53:11+00:00\",\"dateModified\":\"2025-02-13T14:50:19+00:00\",\"description\":\"\u201cThe novel of the mummy\u201d, by Te\u00f3filo Gautier (1811-1872), a copy of the Calleja edition c.1900, presented in a spectacular artistic binding,\",\"breadcrumb\":{\"@id\":\"https:\\\/\\\/www.comprarmejor.es\\\/en\\\/product\\\/the-mummy-novel-theophilus-gautier-c-1900-artistic-binding\\\/#breadcrumb\"},\"inLanguage\":\"en-US\",\"potentialAction\":[{\"@type\":\"ReadAction\",\"target\":[\"https:\\\/\\\/www.comprarmejor.es\\\/en\\\/product\\\/the-mummy-novel-theophilus-gautier-c-1900-artistic-binding\\\/\"]}]},{\"@type\":\"ImageObject\",\"inLanguage\":\"en-US\",\"@id\":\"https:\\\/\\\/www.comprarmejor.es\\\/en\\\/product\\\/the-mummy-novel-theophilus-gautier-c-1900-artistic-binding\\\/#primaryimage\",\"url\":\"https:\\\/\\\/www.comprarmejor.es\\\/wp-content\\\/uploads\\\/2015\\\/12\\\/09-1.jpg\",\"contentUrl\":\"https:\\\/\\\/www.comprarmejor.es\\\/wp-content\\\/uploads\\\/2015\\\/12\\\/09-1.jpg\",\"width\":603,\"height\":405},{\"@type\":\"BreadcrumbList\",\"@id\":\"https:\\\/\\\/www.comprarmejor.es\\\/en\\\/product\\\/the-mummy-novel-theophilus-gautier-c-1900-artistic-binding\\\/#breadcrumb\",\"itemListElement\":[{\"@type\":\"ListItem\",\"position\":1,\"name\":\"Portada\",\"item\":\"https:\\\/\\\/www.comprarmejor.es\\\/en\\\/\"},{\"@type\":\"ListItem\",\"position\":2,\"name\":\"Shop\",\"item\":\"https:\\\/\\\/www.comprarmejor.es\\\/en\\\/shop\\\/\"},{\"@type\":\"ListItem\",\"position\":3,\"name\":\"1900 The mummy novel. Theophilus Gautier. c.1900, artistic binding\"}]},{\"@type\":\"WebSite\",\"@id\":\"https:\\\/\\\/www.comprarmejor.es\\\/en\\\/#website\",\"url\":\"https:\\\/\\\/www.comprarmejor.es\\\/en\\\/\",\"name\":\"ComprarMejor\",\"description\":\"ComprarMejor\",\"publisher\":{\"@id\":\"https:\\\/\\\/www.comprarmejor.es\\\/en\\\/#organization\"},\"potentialAction\":[{\"@type\":\"SearchAction\",\"target\":{\"@type\":\"EntryPoint\",\"urlTemplate\":\"https:\\\/\\\/www.comprarmejor.es\\\/en\\\/?s={search_term_string}\"},\"query-input\":{\"@type\":\"PropertyValueSpecification\",\"valueRequired\":true,\"valueName\":\"search_term_string\"}}],\"inLanguage\":\"en-US\"},{\"@type\":\"Organization\",\"@id\":\"https:\\\/\\\/www.comprarmejor.es\\\/en\\\/#organization\",\"name\":\"COMPRAR MEJOR\",\"url\":\"https:\\\/\\\/www.comprarmejor.es\\\/en\\\/\",\"logo\":{\"@type\":\"ImageObject\",\"inLanguage\":\"en-US\",\"@id\":\"https:\\\/\\\/www.comprarmejor.es\\\/en\\\/#\\\/schema\\\/logo\\\/image\\\/\",\"url\":\"https:\\\/\\\/www.comprarmejor.es\\\/wp-content\\\/uploads\\\/2025\\\/09\\\/comprarmejortrinidad.jpg\",\"contentUrl\":\"https:\\\/\\\/www.comprarmejor.es\\\/wp-content\\\/uploads\\\/2025\\\/09\\\/comprarmejortrinidad.jpg\",\"width\":1022,\"height\":1380,\"caption\":\"COMPRAR MEJOR\"},\"image\":{\"@id\":\"https:\\\/\\\/www.comprarmejor.es\\\/en\\\/#\\\/schema\\\/logo\\\/image\\\/\"},\"sameAs\":[\"https:\\\/\\\/www.instagram.com\\\/amigosdelcodice\"]}]}<\/script>\n<!-- \/ Yoast SEO plugin. -->","yoast_head_json":{"title":"The mummy novel. Theophilus Gautier. c.1900, artistic binding","description":"\u201cThe novel of the mummy\u201d, by Te\u00f3filo Gautier (1811-1872), a copy of the Calleja edition c.1900, presented in a spectacular artistic binding,","robots":{"index":"index","follow":"follow","max-snippet":"max-snippet:-1","max-image-preview":"max-image-preview:large","max-video-preview":"max-video-preview:-1"},"canonical":"https:\/\/www.comprarmejor.es\/en\/product\/the-mummy-novel-theophilus-gautier-c-1900-artistic-binding\/","og_locale":"en_US","og_type":"article","og_title":"The mummy novel. Theophilus Gautier. c.1900, artistic binding","og_description":"\u201cThe novel of the mummy\u201d, by Te\u00f3filo Gautier (1811-1872), a copy of the Calleja edition c.1900, presented in a spectacular artistic binding,","og_url":"https:\/\/www.comprarmejor.es\/en\/product\/the-mummy-novel-theophilus-gautier-c-1900-artistic-binding\/","og_site_name":"ComprarMejor","article_modified_time":"2025-02-13T14:50:19+00:00","og_image":[{"width":603,"height":405,"url":"https:\/\/www.comprarmejor.es\/wp-content\/uploads\/2015\/12\/09-1.jpg","type":"image\/jpeg"}],"twitter_card":"summary_large_image","twitter_misc":{"Est. reading time":"1 minute"},"schema":{"@context":"https:\/\/schema.org","@graph":[{"@type":"WebPage","@id":"https:\/\/www.comprarmejor.es\/en\/product\/the-mummy-novel-theophilus-gautier-c-1900-artistic-binding\/","url":"https:\/\/www.comprarmejor.es\/en\/product\/the-mummy-novel-theophilus-gautier-c-1900-artistic-binding\/","name":"The mummy novel. Theophilus Gautier. c.1900, artistic binding","isPartOf":{"@id":"https:\/\/www.comprarmejor.es\/en\/#website"},"primaryImageOfPage":{"@id":"https:\/\/www.comprarmejor.es\/en\/product\/the-mummy-novel-theophilus-gautier-c-1900-artistic-binding\/#primaryimage"},"image":{"@id":"https:\/\/www.comprarmejor.es\/en\/product\/the-mummy-novel-theophilus-gautier-c-1900-artistic-binding\/#primaryimage"},"thumbnailUrl":"https:\/\/www.comprarmejor.es\/wp-content\/uploads\/2015\/12\/09-1.jpg","datePublished":"2015-12-19T08:53:11+00:00","dateModified":"2025-02-13T14:50:19+00:00","description":"\u201cThe novel of the mummy\u201d, by Te\u00f3filo Gautier (1811-1872), a copy of the Calleja edition c.1900, presented in a spectacular artistic binding,","breadcrumb":{"@id":"https:\/\/www.comprarmejor.es\/en\/product\/the-mummy-novel-theophilus-gautier-c-1900-artistic-binding\/#breadcrumb"},"inLanguage":"en-US","potentialAction":[{"@type":"ReadAction","target":["https:\/\/www.comprarmejor.es\/en\/product\/the-mummy-novel-theophilus-gautier-c-1900-artistic-binding\/"]}]},{"@type":"ImageObject","inLanguage":"en-US","@id":"https:\/\/www.comprarmejor.es\/en\/product\/the-mummy-novel-theophilus-gautier-c-1900-artistic-binding\/#primaryimage","url":"https:\/\/www.comprarmejor.es\/wp-content\/uploads\/2015\/12\/09-1.jpg","contentUrl":"https:\/\/www.comprarmejor.es\/wp-content\/uploads\/2015\/12\/09-1.jpg","width":603,"height":405},{"@type":"BreadcrumbList","@id":"https:\/\/www.comprarmejor.es\/en\/product\/the-mummy-novel-theophilus-gautier-c-1900-artistic-binding\/#breadcrumb","itemListElement":[{"@type":"ListItem","position":1,"name":"Portada","item":"https:\/\/www.comprarmejor.es\/en\/"},{"@type":"ListItem","position":2,"name":"Shop","item":"https:\/\/www.comprarmejor.es\/en\/shop\/"},{"@type":"ListItem","position":3,"name":"1900 The mummy novel. Theophilus Gautier. c.1900, artistic binding"}]},{"@type":"WebSite","@id":"https:\/\/www.comprarmejor.es\/en\/#website","url":"https:\/\/www.comprarmejor.es\/en\/","name":"ComprarMejor","description":"ComprarMejor","publisher":{"@id":"https:\/\/www.comprarmejor.es\/en\/#organization"},"potentialAction":[{"@type":"SearchAction","target":{"@type":"EntryPoint","urlTemplate":"https:\/\/www.comprarmejor.es\/en\/?s={search_term_string}"},"query-input":{"@type":"PropertyValueSpecification","valueRequired":true,"valueName":"search_term_string"}}],"inLanguage":"en-US"},{"@type":"Organization","@id":"https:\/\/www.comprarmejor.es\/en\/#organization","name":"COMPRAR MEJOR","url":"https:\/\/www.comprarmejor.es\/en\/","logo":{"@type":"ImageObject","inLanguage":"en-US","@id":"https:\/\/www.comprarmejor.es\/en\/#\/schema\/logo\/image\/","url":"https:\/\/www.comprarmejor.es\/wp-content\/uploads\/2025\/09\/comprarmejortrinidad.jpg","contentUrl":"https:\/\/www.comprarmejor.es\/wp-content\/uploads\/2025\/09\/comprarmejortrinidad.jpg","width":1022,"height":1380,"caption":"COMPRAR MEJOR"},"image":{"@id":"https:\/\/www.comprarmejor.es\/en\/#\/schema\/logo\/image\/"},"sameAs":["https:\/\/www.instagram.com\/amigosdelcodice"]}]}},"_links":{"self":[{"href":"https:\/\/www.comprarmejor.es\/en\/wp-json\/wp\/v2\/product\/50337","targetHints":{"allow":["GET"]}}],"collection":[{"href":"https:\/\/www.comprarmejor.es\/en\/wp-json\/wp\/v2\/product"}],"about":[{"href":"https:\/\/www.comprarmejor.es\/en\/wp-json\/wp\/v2\/types\/product"}],"wp:featuredmedia":[{"embeddable":true,"href":"https:\/\/www.comprarmejor.es\/en\/wp-json\/wp\/v2\/media\/91757"}],"wp:attachment":[{"href":"https:\/\/www.comprarmejor.es\/en\/wp-json\/wp\/v2\/media?parent=50337"}],"wp:term":[{"taxonomy":"product_brand","embeddable":true,"href":"https:\/\/www.comprarmejor.es\/en\/wp-json\/wp\/v2\/product_brand?post=50337"},{"taxonomy":"product_cat","embeddable":true,"href":"https:\/\/www.comprarmejor.es\/en\/wp-json\/wp\/v2\/product_cat?post=50337"},{"taxonomy":"product_tag","embeddable":true,"href":"https:\/\/www.comprarmejor.es\/en\/wp-json\/wp\/v2\/product_tag?post=50337"}],"curies":[{"name":"wp","href":"https:\/\/api.w.org\/{rel}","templated":true}]}}