{"id":50357,"date":"2015-12-19T10:41:37","date_gmt":"2015-12-19T09:41:37","guid":{"rendered":"https:\/\/www.comprarmejor.es\/producto\/usuard-martyrology-c-1400\/"},"modified":"2020-09-11T18:14:11","modified_gmt":"2020-09-11T16:14:11","slug":"31-usuard-martyrology-c-1400","status":"publish","type":"product","link":"https:\/\/www.comprarmejor.es\/en\/product\/31-usuard-martyrology-c-1400\/","title":{"rendered":"Usuard martyrology, c. 1400"},"content":{"rendered":"<p style=\"text-align: justify;\"><span class=\"tlid-translation translation\" lang=\"en\"><span class=\"\" title=\"\">Spectacular manuscript that by avatars of fate is kept in the Gerona Diocesan Museum.<\/span> <span class=\"\" title=\"\">This Martyrology copies the one that Usuardo finished in the year 860, and to which later some more saints have been added.<\/span> <span class=\"\" title=\"\">From Usuardo we know that between 841 and 847 he was a monk at Saint-Germain-des-Pr\u00e9s, in Paris.<\/span> <span class=\"\" title=\"\">His trip through Spain in 858 was key for him to include Spanish saints in his Martyrology.<\/span><\/span><\/p>\n<p style=\"text-align: justify;\"><span title=\"\">Limited facsimile edition, numbered and notarized, out of print for years.<\/span> <span title=\"\">Original dated c.<\/span> <span title=\"\">1400. Format: 33 x 46.3 cm.<\/span> <span title=\"\">252 pages, 705 miniatures illuminated with gold.<\/span> <span title=\"\">Garnet leather binding engraved in gold.<\/span><\/p>\n<p style=\"text-align: justify;\"><span title=\"\">Presented in a matching case and accompanied by the corresponding complementary study book.<\/span><\/p>\n<p style=\"text-align: justify;\"><span title=\"\">Unanimously considered to be the most magnificent work of the International Gothic.<\/span><\/p>\n<p style=\"text-align: justify;\"><span title=\"\">Complete copy and in perfect condition.<\/span><\/p>\n<p style=\"text-align: justify;\"><span title=\"Gastos de env\u00edo por cuenta del comprador, seg\u00fan pedido y destino.\">Shipping by the buyer, upon request and destination. <\/span><span title=\"Cons\u00faltenos cualquier duda, as\u00ed como por cualquier otro facs\u00edmile que est\u00e9 buscando.\"><a class=\"btn btn-default\" href=\"https:\/\/www.comprarmejor.es\/en\/contact\">Ask us<\/a> any questions and any other fax you are looking for.<\/span><\/p>\n","protected":false},"excerpt":{"rendered":"<p style=\"text-align: justify;\"><span id=\"result_box\" lang=\"en\" xml:lang=\"en\"><\/span><span class=\"tlid-translation translation\" lang=\"en\"><span class=\"\" title=\"\">Spectacular manuscript that by avatars of fate is kept in the Gerona Diocesan Museum.<\/span> <\/span><\/p>\n","protected":false},"featured_media":50339,"template":"","meta":[],"product_brand":[],"product_cat":[2250,2220],"product_tag":[4766,4017],"class_list":{"0":"post-50357","1":"product","2":"type-product","3":"status-publish","4":"has-post-thumbnail","6":"product_cat-other-facsimiles","7":"product_cat-special-offers","8":"product_tag-gerona-en-2","9":"product_tag-moleiro-en","10":"product_shipping_class-from-2-to-5-kg","11":"description-off","13":"first","14":"instock","15":"sale","16":"taxable","17":"shipping-taxable","18":"purchasable","19":"product-type-simple"},"yoast_head":"<!-- This site is optimized with the Yoast SEO plugin v27.3 - https:\/\/yoast.com\/product\/yoast-seo-wordpress\/ -->\n<title>Usuard martyrology, c. 1400, facsimile of Moleiro publisher<\/title>\n<meta name=\"description\" content=\"This Martyrology copies the one that Usuardo finished in the year 860, and to which later some more saints have been added. From Usuardo we\" \/>\n<meta name=\"robots\" content=\"index, follow, max-snippet:-1, max-image-preview:large, max-video-preview:-1\" \/>\n<link rel=\"canonical\" href=\"https:\/\/www.comprarmejor.es\/en\/product\/31-usuard-martyrology-c-1400\/\" \/>\n<meta property=\"og:locale\" content=\"en_US\" \/>\n<meta property=\"og:type\" content=\"article\" \/>\n<meta property=\"og:title\" content=\"Usuard martyrology, c. 1400, facsimile of Moleiro publisher\" \/>\n<meta property=\"og:description\" content=\"This Martyrology copies the one that Usuardo finished in the year 860, and to which later some more saints have been added. From Usuardo we\" \/>\n<meta property=\"og:url\" content=\"https:\/\/www.comprarmejor.es\/en\/product\/31-usuard-martyrology-c-1400\/\" \/>\n<meta property=\"og:site_name\" content=\"ComprarMejor\" \/>\n<meta property=\"article:modified_time\" content=\"2020-09-11T16:14:11+00:00\" \/>\n<meta property=\"og:image\" content=\"https:\/\/www.comprarmejor.es\/wp-content\/uploads\/2015\/12\/p_1_9_3_3_1933-Martirologio-de-Usuardo-c.-1400.jpg\" \/>\n\t<meta property=\"og:image:width\" content=\"600\" \/>\n\t<meta property=\"og:image:height\" content=\"434\" \/>\n\t<meta property=\"og:image:type\" content=\"image\/jpeg\" \/>\n<meta name=\"twitter:card\" content=\"summary_large_image\" \/>\n<meta name=\"twitter:label1\" content=\"Est. reading time\" \/>\n\t<meta name=\"twitter:data1\" content=\"1 minute\" \/>\n<script type=\"application\/ld+json\" class=\"yoast-schema-graph\">{\"@context\":\"https:\\\/\\\/schema.org\",\"@graph\":[{\"@type\":\"WebPage\",\"@id\":\"https:\\\/\\\/www.comprarmejor.es\\\/en\\\/product\\\/31-usuard-martyrology-c-1400\\\/\",\"url\":\"https:\\\/\\\/www.comprarmejor.es\\\/en\\\/product\\\/31-usuard-martyrology-c-1400\\\/\",\"name\":\"Usuard martyrology, c. 1400, facsimile of Moleiro publisher\",\"isPartOf\":{\"@id\":\"https:\\\/\\\/www.comprarmejor.es\\\/en\\\/#website\"},\"primaryImageOfPage\":{\"@id\":\"https:\\\/\\\/www.comprarmejor.es\\\/en\\\/product\\\/31-usuard-martyrology-c-1400\\\/#primaryimage\"},\"image\":{\"@id\":\"https:\\\/\\\/www.comprarmejor.es\\\/en\\\/product\\\/31-usuard-martyrology-c-1400\\\/#primaryimage\"},\"thumbnailUrl\":\"https:\\\/\\\/www.comprarmejor.es\\\/wp-content\\\/uploads\\\/2015\\\/12\\\/p_1_9_3_3_1933-Martirologio-de-Usuardo-c.-1400.jpg\",\"datePublished\":\"2015-12-19T09:41:37+00:00\",\"dateModified\":\"2020-09-11T16:14:11+00:00\",\"description\":\"This Martyrology copies the one that Usuardo finished in the year 860, and to which later some more saints have been added. From Usuardo we\",\"breadcrumb\":{\"@id\":\"https:\\\/\\\/www.comprarmejor.es\\\/en\\\/product\\\/31-usuard-martyrology-c-1400\\\/#breadcrumb\"},\"inLanguage\":\"en-US\",\"potentialAction\":[{\"@type\":\"ReadAction\",\"target\":[\"https:\\\/\\\/www.comprarmejor.es\\\/en\\\/product\\\/31-usuard-martyrology-c-1400\\\/\"]}]},{\"@type\":\"ImageObject\",\"inLanguage\":\"en-US\",\"@id\":\"https:\\\/\\\/www.comprarmejor.es\\\/en\\\/product\\\/31-usuard-martyrology-c-1400\\\/#primaryimage\",\"url\":\"https:\\\/\\\/www.comprarmejor.es\\\/wp-content\\\/uploads\\\/2015\\\/12\\\/p_1_9_3_3_1933-Martirologio-de-Usuardo-c.-1400.jpg\",\"contentUrl\":\"https:\\\/\\\/www.comprarmejor.es\\\/wp-content\\\/uploads\\\/2015\\\/12\\\/p_1_9_3_3_1933-Martirologio-de-Usuardo-c.-1400.jpg\",\"width\":600,\"height\":434},{\"@type\":\"BreadcrumbList\",\"@id\":\"https:\\\/\\\/www.comprarmejor.es\\\/en\\\/product\\\/31-usuard-martyrology-c-1400\\\/#breadcrumb\",\"itemListElement\":[{\"@type\":\"ListItem\",\"position\":1,\"name\":\"Portada\",\"item\":\"https:\\\/\\\/www.comprarmejor.es\\\/en\\\/\"},{\"@type\":\"ListItem\",\"position\":2,\"name\":\"Shop\",\"item\":\"https:\\\/\\\/www.comprarmejor.es\\\/en\\\/shop\\\/\"},{\"@type\":\"ListItem\",\"position\":3,\"name\":\"Usuard martyrology, c. 1400\"}]},{\"@type\":\"WebSite\",\"@id\":\"https:\\\/\\\/www.comprarmejor.es\\\/en\\\/#website\",\"url\":\"https:\\\/\\\/www.comprarmejor.es\\\/en\\\/\",\"name\":\"ComprarMejor\",\"description\":\"ComprarMejor\",\"publisher\":{\"@id\":\"https:\\\/\\\/www.comprarmejor.es\\\/en\\\/#organization\"},\"potentialAction\":[{\"@type\":\"SearchAction\",\"target\":{\"@type\":\"EntryPoint\",\"urlTemplate\":\"https:\\\/\\\/www.comprarmejor.es\\\/en\\\/?s={search_term_string}\"},\"query-input\":{\"@type\":\"PropertyValueSpecification\",\"valueRequired\":true,\"valueName\":\"search_term_string\"}}],\"inLanguage\":\"en-US\"},{\"@type\":\"Organization\",\"@id\":\"https:\\\/\\\/www.comprarmejor.es\\\/en\\\/#organization\",\"name\":\"COMPRAR MEJOR\",\"url\":\"https:\\\/\\\/www.comprarmejor.es\\\/en\\\/\",\"logo\":{\"@type\":\"ImageObject\",\"inLanguage\":\"en-US\",\"@id\":\"https:\\\/\\\/www.comprarmejor.es\\\/en\\\/#\\\/schema\\\/logo\\\/image\\\/\",\"url\":\"https:\\\/\\\/www.comprarmejor.es\\\/wp-content\\\/uploads\\\/2025\\\/09\\\/comprarmejortrinidad.jpg\",\"contentUrl\":\"https:\\\/\\\/www.comprarmejor.es\\\/wp-content\\\/uploads\\\/2025\\\/09\\\/comprarmejortrinidad.jpg\",\"width\":1022,\"height\":1380,\"caption\":\"COMPRAR MEJOR\"},\"image\":{\"@id\":\"https:\\\/\\\/www.comprarmejor.es\\\/en\\\/#\\\/schema\\\/logo\\\/image\\\/\"},\"sameAs\":[\"https:\\\/\\\/www.instagram.com\\\/amigosdelcodice\"]}]}<\/script>\n<!-- \/ Yoast SEO plugin. -->","yoast_head_json":{"title":"Usuard martyrology, c. 1400, facsimile of Moleiro publisher","description":"This Martyrology copies the one that Usuardo finished in the year 860, and to which later some more saints have been added. From Usuardo we","robots":{"index":"index","follow":"follow","max-snippet":"max-snippet:-1","max-image-preview":"max-image-preview:large","max-video-preview":"max-video-preview:-1"},"canonical":"https:\/\/www.comprarmejor.es\/en\/product\/31-usuard-martyrology-c-1400\/","og_locale":"en_US","og_type":"article","og_title":"Usuard martyrology, c. 1400, facsimile of Moleiro publisher","og_description":"This Martyrology copies the one that Usuardo finished in the year 860, and to which later some more saints have been added. From Usuardo we","og_url":"https:\/\/www.comprarmejor.es\/en\/product\/31-usuard-martyrology-c-1400\/","og_site_name":"ComprarMejor","article_modified_time":"2020-09-11T16:14:11+00:00","og_image":[{"width":600,"height":434,"url":"https:\/\/www.comprarmejor.es\/wp-content\/uploads\/2015\/12\/p_1_9_3_3_1933-Martirologio-de-Usuardo-c.-1400.jpg","type":"image\/jpeg"}],"twitter_card":"summary_large_image","twitter_misc":{"Est. reading time":"1 minute"},"schema":{"@context":"https:\/\/schema.org","@graph":[{"@type":"WebPage","@id":"https:\/\/www.comprarmejor.es\/en\/product\/31-usuard-martyrology-c-1400\/","url":"https:\/\/www.comprarmejor.es\/en\/product\/31-usuard-martyrology-c-1400\/","name":"Usuard martyrology, c. 1400, facsimile of Moleiro publisher","isPartOf":{"@id":"https:\/\/www.comprarmejor.es\/en\/#website"},"primaryImageOfPage":{"@id":"https:\/\/www.comprarmejor.es\/en\/product\/31-usuard-martyrology-c-1400\/#primaryimage"},"image":{"@id":"https:\/\/www.comprarmejor.es\/en\/product\/31-usuard-martyrology-c-1400\/#primaryimage"},"thumbnailUrl":"https:\/\/www.comprarmejor.es\/wp-content\/uploads\/2015\/12\/p_1_9_3_3_1933-Martirologio-de-Usuardo-c.-1400.jpg","datePublished":"2015-12-19T09:41:37+00:00","dateModified":"2020-09-11T16:14:11+00:00","description":"This Martyrology copies the one that Usuardo finished in the year 860, and to which later some more saints have been added. From Usuardo we","breadcrumb":{"@id":"https:\/\/www.comprarmejor.es\/en\/product\/31-usuard-martyrology-c-1400\/#breadcrumb"},"inLanguage":"en-US","potentialAction":[{"@type":"ReadAction","target":["https:\/\/www.comprarmejor.es\/en\/product\/31-usuard-martyrology-c-1400\/"]}]},{"@type":"ImageObject","inLanguage":"en-US","@id":"https:\/\/www.comprarmejor.es\/en\/product\/31-usuard-martyrology-c-1400\/#primaryimage","url":"https:\/\/www.comprarmejor.es\/wp-content\/uploads\/2015\/12\/p_1_9_3_3_1933-Martirologio-de-Usuardo-c.-1400.jpg","contentUrl":"https:\/\/www.comprarmejor.es\/wp-content\/uploads\/2015\/12\/p_1_9_3_3_1933-Martirologio-de-Usuardo-c.-1400.jpg","width":600,"height":434},{"@type":"BreadcrumbList","@id":"https:\/\/www.comprarmejor.es\/en\/product\/31-usuard-martyrology-c-1400\/#breadcrumb","itemListElement":[{"@type":"ListItem","position":1,"name":"Portada","item":"https:\/\/www.comprarmejor.es\/en\/"},{"@type":"ListItem","position":2,"name":"Shop","item":"https:\/\/www.comprarmejor.es\/en\/shop\/"},{"@type":"ListItem","position":3,"name":"Usuard martyrology, c. 1400"}]},{"@type":"WebSite","@id":"https:\/\/www.comprarmejor.es\/en\/#website","url":"https:\/\/www.comprarmejor.es\/en\/","name":"ComprarMejor","description":"ComprarMejor","publisher":{"@id":"https:\/\/www.comprarmejor.es\/en\/#organization"},"potentialAction":[{"@type":"SearchAction","target":{"@type":"EntryPoint","urlTemplate":"https:\/\/www.comprarmejor.es\/en\/?s={search_term_string}"},"query-input":{"@type":"PropertyValueSpecification","valueRequired":true,"valueName":"search_term_string"}}],"inLanguage":"en-US"},{"@type":"Organization","@id":"https:\/\/www.comprarmejor.es\/en\/#organization","name":"COMPRAR MEJOR","url":"https:\/\/www.comprarmejor.es\/en\/","logo":{"@type":"ImageObject","inLanguage":"en-US","@id":"https:\/\/www.comprarmejor.es\/en\/#\/schema\/logo\/image\/","url":"https:\/\/www.comprarmejor.es\/wp-content\/uploads\/2025\/09\/comprarmejortrinidad.jpg","contentUrl":"https:\/\/www.comprarmejor.es\/wp-content\/uploads\/2025\/09\/comprarmejortrinidad.jpg","width":1022,"height":1380,"caption":"COMPRAR MEJOR"},"image":{"@id":"https:\/\/www.comprarmejor.es\/en\/#\/schema\/logo\/image\/"},"sameAs":["https:\/\/www.instagram.com\/amigosdelcodice"]}]}},"_links":{"self":[{"href":"https:\/\/www.comprarmejor.es\/en\/wp-json\/wp\/v2\/product\/50357","targetHints":{"allow":["GET"]}}],"collection":[{"href":"https:\/\/www.comprarmejor.es\/en\/wp-json\/wp\/v2\/product"}],"about":[{"href":"https:\/\/www.comprarmejor.es\/en\/wp-json\/wp\/v2\/types\/product"}],"wp:featuredmedia":[{"embeddable":true,"href":"https:\/\/www.comprarmejor.es\/en\/wp-json\/wp\/v2\/media\/50339"}],"wp:attachment":[{"href":"https:\/\/www.comprarmejor.es\/en\/wp-json\/wp\/v2\/media?parent=50357"}],"wp:term":[{"taxonomy":"product_brand","embeddable":true,"href":"https:\/\/www.comprarmejor.es\/en\/wp-json\/wp\/v2\/product_brand?post=50357"},{"taxonomy":"product_cat","embeddable":true,"href":"https:\/\/www.comprarmejor.es\/en\/wp-json\/wp\/v2\/product_cat?post=50357"},{"taxonomy":"product_tag","embeddable":true,"href":"https:\/\/www.comprarmejor.es\/en\/wp-json\/wp\/v2\/product_tag?post=50357"}],"curies":[{"name":"wp","href":"https:\/\/api.w.org\/{rel}","templated":true}]}}